{"id":11461,"date":"2025-04-22T01:22:56","date_gmt":"2025-04-22T01:22:56","guid":{"rendered":"https:\/\/www.colorflyprinting.com\/?post_type=product&#038;p=11461"},"modified":"2025-06-28T04:19:19","modified_gmt":"2025-06-28T04:19:19","slug":"school-customizable-notebooks-hardcover-journal","status":"publish","type":"product","link":"https:\/\/www.colorflyprinting.com\/fr\/produit\/cahiers-scolaires-personnalisables-journal-a-couverture-rigide\/","title":{"rendered":"Cahiers scolaires personnalisables, journal \u00e0 couverture rigide"},"content":{"rendered":"<div class=\"text\">\n<div class=\"table-responsive\">\n<table border=\"1\">\n<tbody>\n<tr>\n<td>\n<p>\n\t\t\t\t\t\tNom du produit\n\t\t\t\t\t<\/p>\n<\/td>\n<td>\n<p>\n\t\t\t\t\t\tCarnet de notes \u00e0 couverture rigide avec lignes arabes&nbsp;\n\t\t\t\t\t<\/p>\n<\/td>\n<\/tr>\n<tr>\n<td>\n<p>\n\t\t\t\t\t\tFeuille ( page )\n\t\t\t\t\t<\/p>\n<\/td>\n<td>\n<p>\n\t\t\t\t\t\t100 feuilles \/ 80 feuilles etc.\n\t\t\t\t\t<\/p>\n<\/td>\n<\/tr>\n<tr>\n<td>\n<p>\n\t\t\t\t\t\tTaille\n\t\t\t\t\t<\/p>\n<\/td>\n<td>\n<p>\n\t\t\t\t\t\t17x24cm\n\t\t\t\t\t<\/p>\n<\/td>\n<\/tr>\n<tr>\n<td>\n<p>\n\t\t\t\t\t\tCouverture\n\t\t\t\t\t<\/p>\n<\/td>\n<td>\n<p>\n\t\t\t\t\t\tDouble carton + pellicul\u00e9 ; conception sur mesure disponible\n\t\t\t\t\t<\/p>\n<\/td>\n<\/tr>\n<tr>\n<td>\n<p>\n\t\t\t\t\t\tObligatoire\n\t\t\t\t\t<\/p>\n<\/td>\n<td>\n<p>\n\t\t\t\t\t\tReliure parfaite (reliure cousue en sections + reliure coll\u00e9e)\n\t\t\t\t\t<\/p>\n<\/td>\n<\/tr>\n<tr>\n<td>\n<p>\n\t\t\t\t\t\tImpression int\u00e9rieure\n\t\t\t\t\t<\/p>\n<\/td>\n<td>\n<p>\n\t\t\t\t\t\tligne arabe\n\t\t\t\t\t<\/p>\n<\/td>\n<\/tr>\n<tr>\n<td>\n<p>\n\t\t\t\t\t\tPapier int\u00e9rieur GSM&nbsp; &nbsp; &nbsp; &nbsp; &nbsp; &nbsp; &nbsp; &nbsp; &nbsp;\n\t\t\t\t\t<\/p>\n<\/td>\n<td>\n<p>\n\t\t\t\t\t\t68 g\/m\u00b2\n\t\t\t\t\t<\/p>\n<\/td>\n<\/tr>\n<tr>\n<td>\n<p>\n\t\t\t\t\t\tUsage\n\t\t\t\t\t<\/p>\n<\/td>\n<td>\n<p>\n\t\t\t\t\t\t\u00c9cole \/ Bureau \/ etc.\n\t\t\t\t\t<\/p>\n<\/td>\n<\/tr>\n<tr>\n<td>\n<p>\n\t\t\t\t\t\tEmballage\n\t\t\t\t\t<\/p>\n<\/td>\n<td>\n<p>\n\t\t\t\t\t\t4 pi\u00e8ces \/ r\u00e9tractable, 80 pi\u00e8ces \/ ctn\n\t\t\t\t\t<\/p>\n<\/td>\n<\/tr>\n<tr>\n<td>\n<p>\n\t\t\t\t\t\tPrix&nbsp;\n\t\t\t\t\t<\/p>\n<\/td>\n<td>\n<p>\n\t\t\t\t\t\tLe bon prix sera mis \u00e0 jour d\u00e8s r\u00e9ception de votre demande d\u00e9taill\u00e9e&nbsp; &nbsp; &nbsp; &nbsp; &nbsp; &nbsp; &nbsp; &nbsp; &nbsp; &nbsp; &nbsp;\n\t\t\t\t\t<\/p>\n<\/td>\n<\/tr>\n<\/tbody>\n<\/table>\n<\/div>\n<p><span style=\"color:#8ac4b6;\"><strong>Si vous souhaitez commander, merci de nous en informer :<\/strong><\/span> <\/p>\n<p>\n\t<span style=\"color:#8ac4b6;\"><strong>1. Taille : Personnalis\u00e9e<\/strong><\/span>\n<\/p>\n<p>\n\t<span style=\"color:#8ac4b6;\"><strong>2. Mat\u00e9riau de couverture : Il est pr\u00e9f\u00e9rable que vous nous envoyiez une photo pour r\u00e9f\u00e9rence.<\/strong><\/span><br \/>\n<span style=\"color:#8ac4b6;\"><strong> 3. Les pages int\u00e9rieures utilisent notre design ou vous avez votre propre illustration<\/strong><\/span><br \/>\n<span style=\"color:#8ac4b6;\"><strong> 4. Si le texte est votre propre illustration, combien de pages int\u00e9rieures ? Une feuille correspond \u00e0 deux pages.<\/strong><\/span><br \/>\n<span style=\"color:#8ac4b6;\"><strong> 5. \u00c0 l&#039;int\u00e9rieur, tout imprim\u00e9 en noir et blanc ou en couleur<\/strong><\/span><br \/>\n<span style=\"color:#8ac4b6;\"><strong> 6. Reliure : reliure cousue, reliure spirale ou conseils svp<\/strong><\/span><br \/>\n<span style=\"color:#8ac4b6;\"><strong> 7. Quantit\u00e9 : veuillez nous en informer<\/strong><\/span><br \/>\n<span style=\"color:#8ac4b6;\"><strong> Confirmez cela, nous pouvons fournir un devis.<\/strong><\/span><br \/>\n<span style=\"color:#8ac4b6;\"><strong> Thanks and wait to privide you the most professional service \ud83d\ude42<\/strong><\/span>\n<\/p>\n<p>\n\t\n<\/p>\n<p>\n\t<strong><span style=\"color:#8AC4B6;\">FAQ:<\/span><\/strong>\n<\/p>\n<p>\n\t<span style=\"background-color:#8ac4b6;\">1. Nous aimerions conna\u00eetre le temps d&#039;\u00e9chantillonnage, le co\u00fbt de l&#039;\u00e9chantillon et le temps de production&nbsp;<\/span><br \/>\nFaites relire et v\u00e9rifier vos fichiers sans aucun frais\u00a0! Nous sommes tellement confiants dans la qualit\u00e9 de nos impressions que nous offrons une reliure gratuite\u00a0! L&#039;\u00e9chantillon sera envoy\u00e9 sous 3\u00a0jours ouvr\u00e9s. Le d\u00e9lai de production sera de 3 \u00e0 10\u00a0jours ouvr\u00e9s.\n<\/p>\n<p>\n\t<span style=\"background-color:#8ac4b6;\">2. \u00cates-vous un fabricant d&#039;usine ou une entreprise commerciale ? Quelle est votre gamme de produits ? O\u00f9 se situe votre march\u00e9 ?<\/span><br \/>\nNous sommes un fabricant sp\u00e9cialis\u00e9 dans diverses \u00e9tiquettes autocollantes et produits d&#039;emballage de haute qualit\u00e9 et \u00e0 prix comp\u00e9titif avec plus de 7 ans d&#039;exp\u00e9rience nationale ; tels que divers autocollants, coffrets cadeaux, catalogues, \u00e9tiquettes et produits d&#039;emballage ; ils sont principalement c\u00e9l\u00e8bres dans le monde entier, comme les \u00c9tats-Unis, l&#039;Australie, le Canada, l&#039;Europe, le Moyen-Orient, l&#039;Asie du Sud-Est, etc.\n<\/p>\n<p>\n\t<span style=\"background-color:#8ac4b6;\">3. Quelle est votre qualit\u00e9<\/span><br \/>\nIci, vous avez l&#039;assurance d&#039;un r\u00e9sultat impeccable d\u00e8s la premi\u00e8re impression. Nous offrons une qualit\u00e9 d&#039;impression sup\u00e9rieure, garantie 100%. Ne faites aucun compromis sur la qualit\u00e9 et d\u00e9couvrez la diff\u00e9rence Colorfly\u00a0!<\/p>\n<p><span style=\"background-color:#8ac4b6;\">4. Quel est votre service client<\/span><br \/>\nVous avez une question ou besoin d&#039;aide pour passer une commande\u00a0? Nous sommes l\u00e0 pour vous aider\u00a0! Nos sp\u00e9cialistes de l&#039;impression sont \u00e0 votre service du lundi au dimanche, toute la semaine\u00a0!<br \/>\n<span style=\"background-color:#8ac4b6;\"><br \/>\n<\/span>\n<\/p>\n<p>\n\t<span style=\"background-color:#8ac4b6;\">5. Quel est votre prix<\/span><br \/>\nColorfly est fier de vous proposer une impression de qualit\u00e9 sup\u00e9rieure au meilleur prix. Nous esp\u00e9rons que l&#039;impression avec Colorfly sera simple et parfaite.<\/p>\n<p><span style=\"background-color:#8ac4b6;\">6. Pourquoi avez-vous dit que vous aviez de bonnes raisons et que nous devrions vous choisir<\/span><br \/>\nNous sommes convaincus que chaque \u00e9tape de fabrication nous permet de vous fournir un produit parfait. Voici quelques points \u00e0 consid\u00e9rer et une comparaison avec d&#039;autres imprimeurs.\n<\/p>\n<\/p><\/div>","protected":false},"excerpt":{"rendered":"<p>Carnet de notes Caseboud en arabe, vente en gros, \u00e0 bas prix<\/p>\n<ul class=\"ptab-list clearfix\">\n<li>\n<p>Marque:<\/p>\n<p><span>Colorfly<\/span><\/li>\n<li>\n<p>Num\u00e9ro d&#039;article :<\/p>\n<p><span>CY-HN008<\/span><\/li>\n<li>\n<p>Quantit\u00e9 minimale de commande :<\/p>\n<p><span>conteneur de 20 pieds<\/span><\/li>\n<li>\n<p>Taper: <\/p>\n<p> <span>Carnet \u00e0 couverture rigide<\/span><\/li>\n<li>\n<p>Taille: <\/p>\n<p> <span>17x24m<\/span><\/li>\n<li>\n<p>Obligatoire: <\/p>\n<p> <span>Reliure parfaite<\/span><\/li>\n<li>\n<p>Nombre de pages : <\/p>\n<p> <span>100 feuilles\/80 feuilles etc.<\/span><\/li>\n<li>\n<p>Impression int\u00e9rieure : <\/p>\n<p> <span>ligne arabe<\/span><\/li>\n<li>\n<p>Impression de la couverture : <\/p>\n<p> <span>Impression 4 couleurs<\/span><\/li>\n<\/ul>","protected":false},"featured_media":11519,"comment_status":"open","ping_status":"closed","template":"","meta":[],"product_brand":[],"product_cat":[449],"product_tag":[466,468,467],"class_list":{"0":"post-11461","1":"product","2":"type-product","3":"status-publish","4":"has-post-thumbnail","6":"product_cat-hardcover-notebook","7":"product_tag-arabic-line-notebook","8":"product_tag-customizable-notebooks","9":"product_tag-school-hardcover-notebooks","11":"first","12":"instock","13":"shipping-taxable","14":"product-type-simple"},"yoast_head":"<!-- This site is optimized with the Yoast SEO Premium plugin v23.9 (Yoast SEO v25.2) - https:\/\/yoast.com\/wordpress\/plugins\/seo\/ -->\n<title>School Customizable Notebooks Hardcover Journal - colorflyprinting<\/title>\n<meta name=\"robots\" content=\"index, follow, max-snippet:-1, max-image-preview:large, max-video-preview:-1\" \/>\n<link rel=\"canonical\" href=\"https:\/\/www.colorflyprinting.com\/fr\/produit\/cahiers-scolaires-personnalisables-journal-a-couverture-rigide\/\" \/>\n<meta property=\"og:locale\" content=\"fr_FR\" \/>\n<meta property=\"og:type\" content=\"article\" \/>\n<meta property=\"og:title\" content=\"School Customizable Notebooks Hardcover Journal\" \/>\n<meta property=\"og:description\" content=\"Factory Wholesale Caseboud Notebook Arabic Line Notebooks Cheap Price                                                    Brand:Colorfly                                                   Item NO.:CY-HN008                                                                                                                   MOQ:20 foot container                                                                                                                  Type: Hardcover notebook                                 Size: 17x24m                                 Binding: Perfect binding                                 Number of pages: 100sheets\/80sheets etc                                 Inner printing: Arabic line                                 Cover printing: 4 colors printing\" \/>\n<meta property=\"og:url\" content=\"https:\/\/www.colorflyprinting.com\/fr\/produit\/cahiers-scolaires-personnalisables-journal-a-couverture-rigide\/\" \/>\n<meta property=\"og:site_name\" content=\"colorflyprinting\" \/>\n<meta property=\"article:modified_time\" content=\"2025-06-28T04:19:19+00:00\" \/>\n<meta name=\"twitter:card\" content=\"summary_large_image\" \/>\n<meta name=\"twitter:label1\" content=\"Dur\u00e9e de lecture estim\u00e9e\" \/>\n\t<meta name=\"twitter:data1\" content=\"2 minutes\" \/>\n<script type=\"application\/ld+json\" class=\"yoast-schema-graph\">{\"@context\":\"https:\/\/schema.org\",\"@graph\":[{\"@type\":\"WebPage\",\"@id\":\"https:\/\/www.colorflyprinting.com\/product\/school-customizable-notebooks-hardcover-journal\/\",\"url\":\"https:\/\/www.colorflyprinting.com\/product\/school-customizable-notebooks-hardcover-journal\/\",\"name\":\"School Customizable Notebooks Hardcover Journal - colorflyprinting\",\"isPartOf\":{\"@id\":\"https:\/\/www.colorflyprinting.com\/#website\"},\"primaryImageOfPage\":{\"@id\":\"https:\/\/www.colorflyprinting.com\/product\/school-customizable-notebooks-hardcover-journal\/#primaryimage\"},\"image\":{\"@id\":\"https:\/\/www.colorflyprinting.com\/product\/school-customizable-notebooks-hardcover-journal\/#primaryimage\"},\"thumbnailUrl\":\"https:\/\/www.colorflyprinting.com\/wp-content\/uploads\/2025\/04\/ca1406782162cb0aa7034d442d0e82dc_medium-1.jpg\",\"datePublished\":\"2025-04-22T01:22:56+00:00\",\"dateModified\":\"2025-06-28T04:19:19+00:00\",\"breadcrumb\":{\"@id\":\"https:\/\/www.colorflyprinting.com\/product\/school-customizable-notebooks-hardcover-journal\/#breadcrumb\"},\"inLanguage\":\"fr-FR\",\"potentialAction\":[{\"@type\":\"ReadAction\",\"target\":[\"https:\/\/www.colorflyprinting.com\/product\/school-customizable-notebooks-hardcover-journal\/\"]}]},{\"@type\":\"ImageObject\",\"inLanguage\":\"fr-FR\",\"@id\":\"https:\/\/www.colorflyprinting.com\/product\/school-customizable-notebooks-hardcover-journal\/#primaryimage\",\"url\":\"https:\/\/www.colorflyprinting.com\/wp-content\/uploads\/2025\/04\/ca1406782162cb0aa7034d442d0e82dc_medium-1.jpg\",\"contentUrl\":\"https:\/\/www.colorflyprinting.com\/wp-content\/uploads\/2025\/04\/ca1406782162cb0aa7034d442d0e82dc_medium-1.jpg\",\"width\":550,\"height\":550},{\"@type\":\"BreadcrumbList\",\"@id\":\"https:\/\/www.colorflyprinting.com\/product\/school-customizable-notebooks-hardcover-journal\/#breadcrumb\",\"itemListElement\":[{\"@type\":\"ListItem\",\"position\":1,\"name\":\"Home\",\"item\":\"https:\/\/www.colorflyprinting.com\/\"},{\"@type\":\"ListItem\",\"position\":2,\"name\":\"Product\",\"item\":\"https:\/\/www.colorflyprinting.com\/shop\/\"},{\"@type\":\"ListItem\",\"position\":3,\"name\":\"School Customizable Notebooks Hardcover Journal\"}]},{\"@type\":\"WebSite\",\"@id\":\"https:\/\/www.colorflyprinting.com\/#website\",\"url\":\"https:\/\/www.colorflyprinting.com\/\",\"name\":\"Hefei Colorfly Stationery Co.,Ltd.\",\"description\":\"\",\"publisher\":{\"@id\":\"https:\/\/www.colorflyprinting.com\/#organization\"},\"potentialAction\":[{\"@type\":\"SearchAction\",\"target\":{\"@type\":\"EntryPoint\",\"urlTemplate\":\"https:\/\/www.colorflyprinting.com\/?s={search_term_string}\"},\"query-input\":{\"@type\":\"PropertyValueSpecification\",\"valueRequired\":true,\"valueName\":\"search_term_string\"}}],\"inLanguage\":\"fr-FR\"},{\"@type\":\"Organization\",\"@id\":\"https:\/\/www.colorflyprinting.com\/#organization\",\"name\":\"Hefei Colorfly Stationery Co.,Ltd.\",\"url\":\"https:\/\/www.colorflyprinting.com\/\",\"logo\":{\"@type\":\"ImageObject\",\"inLanguage\":\"fr-FR\",\"@id\":\"https:\/\/www.colorflyprinting.com\/#\/schema\/logo\/image\/\",\"url\":\"https:\/\/www.colorflyprinting.com\/wp-content\/uploads\/2025\/04\/d167665f943610681229e2f4307b9df.jpg\",\"contentUrl\":\"https:\/\/www.colorflyprinting.com\/wp-content\/uploads\/2025\/04\/d167665f943610681229e2f4307b9df.jpg\",\"width\":780,\"height\":780,\"caption\":\"Hefei Colorfly Stationery Co.,Ltd.\"},\"image\":{\"@id\":\"https:\/\/www.colorflyprinting.com\/#\/schema\/logo\/image\/\"}}]}<\/script>\n<!-- \/ Yoast SEO Premium plugin. -->","yoast_head_json":{"title":"School Customizable Notebooks Hardcover Journal - colorflyprinting","robots":{"index":"index","follow":"follow","max-snippet":"max-snippet:-1","max-image-preview":"max-image-preview:large","max-video-preview":"max-video-preview:-1"},"canonical":"https:\/\/www.colorflyprinting.com\/fr\/produit\/cahiers-scolaires-personnalisables-journal-a-couverture-rigide\/","og_locale":"fr_FR","og_type":"article","og_title":"School Customizable Notebooks Hardcover Journal","og_description":"Factory Wholesale Caseboud Notebook Arabic Line Notebooks Cheap Price                                                    Brand:Colorfly                                                   Item NO.:CY-HN008                                                                                                                   MOQ:20 foot container                                                                                                                  Type: Hardcover notebook                                 Size: 17x24m                                 Binding: Perfect binding                                 Number of pages: 100sheets\/80sheets etc                                 Inner printing: Arabic line                                 Cover printing: 4 colors printing","og_url":"https:\/\/www.colorflyprinting.com\/fr\/produit\/cahiers-scolaires-personnalisables-journal-a-couverture-rigide\/","og_site_name":"colorflyprinting","article_modified_time":"2025-06-28T04:19:19+00:00","twitter_card":"summary_large_image","twitter_misc":{"Dur\u00e9e de lecture estim\u00e9e":"2 minutes"},"schema":{"@context":"https:\/\/schema.org","@graph":[{"@type":"WebPage","@id":"https:\/\/www.colorflyprinting.com\/product\/school-customizable-notebooks-hardcover-journal\/","url":"https:\/\/www.colorflyprinting.com\/product\/school-customizable-notebooks-hardcover-journal\/","name":"School Customizable Notebooks Hardcover Journal - colorflyprinting","isPartOf":{"@id":"https:\/\/www.colorflyprinting.com\/#website"},"primaryImageOfPage":{"@id":"https:\/\/www.colorflyprinting.com\/product\/school-customizable-notebooks-hardcover-journal\/#primaryimage"},"image":{"@id":"https:\/\/www.colorflyprinting.com\/product\/school-customizable-notebooks-hardcover-journal\/#primaryimage"},"thumbnailUrl":"https:\/\/www.colorflyprinting.com\/wp-content\/uploads\/2025\/04\/ca1406782162cb0aa7034d442d0e82dc_medium-1.jpg","datePublished":"2025-04-22T01:22:56+00:00","dateModified":"2025-06-28T04:19:19+00:00","breadcrumb":{"@id":"https:\/\/www.colorflyprinting.com\/product\/school-customizable-notebooks-hardcover-journal\/#breadcrumb"},"inLanguage":"fr-FR","potentialAction":[{"@type":"ReadAction","target":["https:\/\/www.colorflyprinting.com\/product\/school-customizable-notebooks-hardcover-journal\/"]}]},{"@type":"ImageObject","inLanguage":"fr-FR","@id":"https:\/\/www.colorflyprinting.com\/product\/school-customizable-notebooks-hardcover-journal\/#primaryimage","url":"https:\/\/www.colorflyprinting.com\/wp-content\/uploads\/2025\/04\/ca1406782162cb0aa7034d442d0e82dc_medium-1.jpg","contentUrl":"https:\/\/www.colorflyprinting.com\/wp-content\/uploads\/2025\/04\/ca1406782162cb0aa7034d442d0e82dc_medium-1.jpg","width":550,"height":550},{"@type":"BreadcrumbList","@id":"https:\/\/www.colorflyprinting.com\/product\/school-customizable-notebooks-hardcover-journal\/#breadcrumb","itemListElement":[{"@type":"ListItem","position":1,"name":"Home","item":"https:\/\/www.colorflyprinting.com\/"},{"@type":"ListItem","position":2,"name":"Product","item":"https:\/\/www.colorflyprinting.com\/shop\/"},{"@type":"ListItem","position":3,"name":"School Customizable Notebooks Hardcover Journal"}]},{"@type":"WebSite","@id":"https:\/\/www.colorflyprinting.com\/#website","url":"https:\/\/www.colorflyprinting.com\/","name":"Hefei Colorfly Stationery Co.,Ltd.","description":"","publisher":{"@id":"https:\/\/www.colorflyprinting.com\/#organization"},"potentialAction":[{"@type":"SearchAction","target":{"@type":"EntryPoint","urlTemplate":"https:\/\/www.colorflyprinting.com\/?s={search_term_string}"},"query-input":{"@type":"PropertyValueSpecification","valueRequired":true,"valueName":"search_term_string"}}],"inLanguage":"fr-FR"},{"@type":"Organization","@id":"https:\/\/www.colorflyprinting.com\/#organization","name":"Hefei Colorfly Stationery Co.,Ltd.","url":"https:\/\/www.colorflyprinting.com\/","logo":{"@type":"ImageObject","inLanguage":"fr-FR","@id":"https:\/\/www.colorflyprinting.com\/#\/schema\/logo\/image\/","url":"https:\/\/www.colorflyprinting.com\/wp-content\/uploads\/2025\/04\/d167665f943610681229e2f4307b9df.jpg","contentUrl":"https:\/\/www.colorflyprinting.com\/wp-content\/uploads\/2025\/04\/d167665f943610681229e2f4307b9df.jpg","width":780,"height":780,"caption":"Hefei Colorfly Stationery Co.,Ltd."},"image":{"@id":"https:\/\/www.colorflyprinting.com\/#\/schema\/logo\/image\/"}}]}},"_links":{"self":[{"href":"https:\/\/www.colorflyprinting.com\/fr\/wp-json\/wp\/v2\/product\/11461","targetHints":{"allow":["GET"]}}],"collection":[{"href":"https:\/\/www.colorflyprinting.com\/fr\/wp-json\/wp\/v2\/product"}],"about":[{"href":"https:\/\/www.colorflyprinting.com\/fr\/wp-json\/wp\/v2\/types\/product"}],"replies":[{"embeddable":true,"href":"https:\/\/www.colorflyprinting.com\/fr\/wp-json\/wp\/v2\/comments?post=11461"}],"wp:featuredmedia":[{"embeddable":true,"href":"https:\/\/www.colorflyprinting.com\/fr\/wp-json\/wp\/v2\/media\/11519"}],"wp:attachment":[{"href":"https:\/\/www.colorflyprinting.com\/fr\/wp-json\/wp\/v2\/media?parent=11461"}],"wp:term":[{"taxonomy":"product_brand","embeddable":true,"href":"https:\/\/www.colorflyprinting.com\/fr\/wp-json\/wp\/v2\/product_brand?post=11461"},{"taxonomy":"product_cat","embeddable":true,"href":"https:\/\/www.colorflyprinting.com\/fr\/wp-json\/wp\/v2\/product_cat?post=11461"},{"taxonomy":"product_tag","embeddable":true,"href":"https:\/\/www.colorflyprinting.com\/fr\/wp-json\/wp\/v2\/product_tag?post=11461"}],"curies":[{"name":"wp","href":"https:\/\/api.w.org\/{rel}","templated":true}]}}