{"id":11458,"date":"2025-04-22T01:22:56","date_gmt":"2025-04-22T01:22:56","guid":{"rendered":"https:\/\/www.colorflyprinting.com\/?post_type=product&#038;p=11458"},"modified":"2025-06-29T09:25:53","modified_gmt":"2025-06-29T09:25:53","slug":"single-line-record-notebook","status":"publish","type":"product","link":"https:\/\/www.colorflyprinting.com\/fr\/produit\/carnet-denregistrement-a-une-seule-ligne\/","title":{"rendered":"Carnet d&#039;enregistrement \u00e0 une seule ligne"},"content":{"rendered":"<div class=\"text\">\n<p>\n\tCarnet de notes \u00e0 couverture rigide avec une seule ligne\n<\/p>\n<p>\n\tNom de l&#039;article : Carnet de notes\n<\/p>\n<p>\n\tCouverture : Reli\u00e9\n<\/p>\n<p>\n\tTaille : format A4 ou personnalis\u00e9\n<\/p>\n<p>\n\tReliure : Reliure parfaite (reliure cousue + reliure coll\u00e9e)\n<\/p>\n<p>\n\tPages : 200 pages etc.&nbsp;\n<\/p>\n<p>\n\tImpression papier int\u00e9rieure : une seule ligne\n<\/p>\n<p>\n\t<img decoding=\"async\" src=\"\/js\/htmledit\/kindeditor\/attached\/20200811\/20200811141612_99795.jpg\" alt=\"\">\n<\/p>\n<p>\n\tMOQ : conteneur de 20 pieds, peut traiter des commandes d&#039;articles mixtes\n<\/p>\n<p>\n\tRemarque : toutes les sp\u00e9cifications ci-dessus peuvent \u00eatre personnalis\u00e9es, vous pouvez profiter de notre service personnalis\u00e9 si nous coop\u00e9rons.\n<\/p>\n<p>\n\t\n<\/p>\n<p>\n\t<img decoding=\"async\" src=\"\/js\/htmledit\/kindeditor\/attached\/20200806\/20200806160055_84649.jpg\" alt=\"\">\n<\/p>\n<p>\n\tSalon d&#039;exposition de l&#039;entreprise :\n<\/p>\n<p>\n\t<img decoding=\"async\" src=\"\/js\/htmledit\/kindeditor\/attached\/20200806\/20200806171628_73747.jpg\" alt=\"\">\n<\/p>\n<p>\n\tFAQ\n<\/p>\n<p>\n\t\n<\/p>\n<div>\n\tQ1. \u00cates-vous une usine ou une soci\u00e9t\u00e9 commerciale\u00a0?\n<\/div>\n<div>\n\tNous sommes une usine et nous sommes dans cette industrie depuis 7 ans\n<\/div>\n<div>\n\t\n<\/div>\n<div>\n\tQ2. Pouvez-vous concevoir la couverture pour nous\u00a0?\n<\/div>\n<div>\n\tOui, nous avons un d\u00e9partement de conception professionnel qui poss\u00e8de une tr\u00e8s riche exp\u00e9rience du march\u00e9 \u00e9tranger.\n<\/div>\n<div>\n\tDe nombreuses options de conception de couverture pourraient \u00eatre propos\u00e9es \u00e0 titre de r\u00e9f\u00e9rence au client\n<\/div>\n<p>\n\t\n<\/p>\n<p>\n\tQ3.Qu&#039;en est-il de votre capacit\u00e9 de production ?\n<\/p>\n<p>\n\tSix lignes de production enti\u00e8rement automatis\u00e9es pour r\u00e9duire les co\u00fbts et augmenter la productivit\u00e9. Nous intervenons \u00e9galement sur le march\u00e9 int\u00e9rieur et international.\n<\/p>\n<p>\n\t\n<\/p>\n<div>\n\t<br \/>\nQ4. Quel est votre forfait habituel\u00a0?<br \/>\nUn certain nombre de pi\u00e8ces seront emball\u00e9es dans un sac r\u00e9tractable, puis plac\u00e9es \u00e0 l&#039;int\u00e9rieur de notre carton.<\/p>\n<p>Q5. Comment pouvons-nous v\u00e9rifier la qualit\u00e9 et l&#039;exactitude de la conception avant de passer commande\u00a0?<br \/>\nUn \u00e9chantillon gratuit peut \u00eatre envoy\u00e9 pour contr\u00f4le qualit\u00e9. Les frais d&#039;exp\u00e9dition sont \u00e0 la charge de l&#039;acheteur.<\/p>\n<p>Q6. Comment devons-nous vous payer\u00a0?<br \/>\nNous pouvons accepter T\/T, L\/C ou Western Union.<\/p>\n<p>Q7. Quel est votre port d&#039;exp\u00e9dition en Chine\u00a0?<br \/>\nNous utilisons g\u00e9n\u00e9ralement le port de Wuhu. D&#039;autres ports comme Shanghai, Nanjing, Hefei et Qingdao sont \u00e9galement disponibles selon la demande des clients.\n<\/div>\n<p>\n\t\n<\/p>\n<p>\n\t\n<\/p>\n<p>\n\t\n<\/p>\n<p>\n\t\n<\/p>\n<\/p><\/div>","protected":false},"excerpt":{"rendered":"<p>Fournitures d&#039;usine bon march\u00e9 Carnet de notes A4 \u00e0 couverture rigide, carnet de notes classique avec une seule ligne<\/p>\n<ul class=\"ptab-list clearfix\">\n<li>\n<p>Origine du produit :<\/p>\n<p><span>Chine<\/span><\/li>\n<li>\n<p>Marque:<\/p>\n<p><span>Colorfly<\/span><\/li>\n<li>\n<p>Num\u00e9ro d&#039;article :<\/p>\n<p><span>CY-A401<\/span><\/li>\n<li>\n<p>Port d&#039;exp\u00e9dition :<\/p>\n<p><span>Wuhu, Hefei, Nanjing, Shanghai<\/span><\/li>\n<li>\n<p>Couleur:<\/p>\n<p><span>Enti\u00e8rement en couleur<\/span><\/li>\n<li>\n<p>Quantit\u00e9 minimale de commande :<\/p>\n<p><span>conteneur de 20 pieds<\/span><\/li>\n<li>\n<p>Taper: <\/p>\n<p> <span>Carnet de notes<\/span><\/li>\n<li>\n<p>Taille: <\/p>\n<p> <span>21X29,7cm<\/span><\/li>\n<li>\n<p>Obligatoire: <\/p>\n<p> <span>Reliure parfaite<\/span><\/li>\n<li>\n<p>Nombre de pages : <\/p>\n<p> <span>200 pages etc.<\/span><\/li>\n<li>\n<p>Impression int\u00e9rieure : <\/p>\n<p> <span>Ligne unique<\/span><\/li>\n<li>\n<p>Impression de la couverture : <\/p>\n<p> <span>Couleurs<\/span><\/li>\n<\/ul>","protected":false},"featured_media":11502,"comment_status":"open","ping_status":"closed","template":"","meta":[],"product_brand":[],"product_cat":[449],"product_tag":[461,460,459],"class_list":{"0":"post-11458","1":"product","2":"type-product","3":"status-publish","4":"has-post-thumbnail","6":"product_cat-hardcover-notebook","7":"product_tag-hardcover-book","8":"product_tag-record-notebook","9":"product_tag-school-notebooks-supplies","11":"first","12":"instock","13":"featured","14":"shipping-taxable","15":"product-type-simple"},"yoast_head":"<!-- This site is optimized with the Yoast SEO Premium plugin v23.9 (Yoast SEO v25.2) - https:\/\/yoast.com\/wordpress\/plugins\/seo\/ -->\n<title>Single Line Record Notebook - colorflyprinting<\/title>\n<meta name=\"robots\" content=\"index, follow, max-snippet:-1, max-image-preview:large, max-video-preview:-1\" \/>\n<link rel=\"canonical\" href=\"https:\/\/www.colorflyprinting.com\/fr\/produit\/carnet-denregistrement-a-une-seule-ligne\/\" \/>\n<meta property=\"og:locale\" content=\"fr_FR\" \/>\n<meta property=\"og:type\" content=\"article\" \/>\n<meta property=\"og:title\" content=\"Single Line Record Notebook\" \/>\n<meta property=\"og:description\" content=\"Cheap factory supplies A4 hardcover notebook classic record notebook with single line                                   Product Origin:China                                                    Brand:Colorfly                                                   Item NO.:CY-A401                                                   Shipping Port:wuhu,hefei, nanjing,shanghai                                                   Color:Fully Color                                                                                   MOQ:20 foot container                                                                                                                  Type: Record notebook                                 Size: 21X29.7cm                                 Binding: Perfect binding                                 Number of pages: 200pages etc                                 Inner printing: Single line                                 Cover printing: Full color\" \/>\n<meta property=\"og:url\" content=\"https:\/\/www.colorflyprinting.com\/fr\/produit\/carnet-denregistrement-a-une-seule-ligne\/\" \/>\n<meta property=\"og:site_name\" content=\"colorflyprinting\" \/>\n<meta property=\"article:modified_time\" content=\"2025-06-29T09:25:53+00:00\" \/>\n<meta name=\"twitter:card\" content=\"summary_large_image\" \/>\n<meta name=\"twitter:label1\" content=\"Dur\u00e9e de lecture estim\u00e9e\" \/>\n\t<meta name=\"twitter:data1\" content=\"1 minute\" \/>\n<script type=\"application\/ld+json\" class=\"yoast-schema-graph\">{\"@context\":\"https:\/\/schema.org\",\"@graph\":[{\"@type\":\"WebPage\",\"@id\":\"https:\/\/www.colorflyprinting.com\/product\/single-line-record-notebook\/\",\"url\":\"https:\/\/www.colorflyprinting.com\/product\/single-line-record-notebook\/\",\"name\":\"Single Line Record Notebook - colorflyprinting\",\"isPartOf\":{\"@id\":\"https:\/\/www.colorflyprinting.com\/#website\"},\"primaryImageOfPage\":{\"@id\":\"https:\/\/www.colorflyprinting.com\/product\/single-line-record-notebook\/#primaryimage\"},\"image\":{\"@id\":\"https:\/\/www.colorflyprinting.com\/product\/single-line-record-notebook\/#primaryimage\"},\"thumbnailUrl\":\"https:\/\/www.colorflyprinting.com\/wp-content\/uploads\/2025\/04\/89564331d4c3e410c11ce371c0f80385_medium-1.jpg\",\"datePublished\":\"2025-04-22T01:22:56+00:00\",\"dateModified\":\"2025-06-29T09:25:53+00:00\",\"breadcrumb\":{\"@id\":\"https:\/\/www.colorflyprinting.com\/product\/single-line-record-notebook\/#breadcrumb\"},\"inLanguage\":\"fr-FR\",\"potentialAction\":[{\"@type\":\"ReadAction\",\"target\":[\"https:\/\/www.colorflyprinting.com\/product\/single-line-record-notebook\/\"]}]},{\"@type\":\"ImageObject\",\"inLanguage\":\"fr-FR\",\"@id\":\"https:\/\/www.colorflyprinting.com\/product\/single-line-record-notebook\/#primaryimage\",\"url\":\"https:\/\/www.colorflyprinting.com\/wp-content\/uploads\/2025\/04\/89564331d4c3e410c11ce371c0f80385_medium-1.jpg\",\"contentUrl\":\"https:\/\/www.colorflyprinting.com\/wp-content\/uploads\/2025\/04\/89564331d4c3e410c11ce371c0f80385_medium-1.jpg\",\"width\":550,\"height\":550},{\"@type\":\"BreadcrumbList\",\"@id\":\"https:\/\/www.colorflyprinting.com\/product\/single-line-record-notebook\/#breadcrumb\",\"itemListElement\":[{\"@type\":\"ListItem\",\"position\":1,\"name\":\"Home\",\"item\":\"https:\/\/www.colorflyprinting.com\/\"},{\"@type\":\"ListItem\",\"position\":2,\"name\":\"Product\",\"item\":\"https:\/\/www.colorflyprinting.com\/shop\/\"},{\"@type\":\"ListItem\",\"position\":3,\"name\":\"Single Line Record Notebook\"}]},{\"@type\":\"WebSite\",\"@id\":\"https:\/\/www.colorflyprinting.com\/#website\",\"url\":\"https:\/\/www.colorflyprinting.com\/\",\"name\":\"Hefei Colorfly Stationery Co.,Ltd.\",\"description\":\"\",\"publisher\":{\"@id\":\"https:\/\/www.colorflyprinting.com\/#organization\"},\"potentialAction\":[{\"@type\":\"SearchAction\",\"target\":{\"@type\":\"EntryPoint\",\"urlTemplate\":\"https:\/\/www.colorflyprinting.com\/?s={search_term_string}\"},\"query-input\":{\"@type\":\"PropertyValueSpecification\",\"valueRequired\":true,\"valueName\":\"search_term_string\"}}],\"inLanguage\":\"fr-FR\"},{\"@type\":\"Organization\",\"@id\":\"https:\/\/www.colorflyprinting.com\/#organization\",\"name\":\"Hefei Colorfly Stationery Co.,Ltd.\",\"url\":\"https:\/\/www.colorflyprinting.com\/\",\"logo\":{\"@type\":\"ImageObject\",\"inLanguage\":\"fr-FR\",\"@id\":\"https:\/\/www.colorflyprinting.com\/#\/schema\/logo\/image\/\",\"url\":\"https:\/\/www.colorflyprinting.com\/wp-content\/uploads\/2025\/04\/d167665f943610681229e2f4307b9df.jpg\",\"contentUrl\":\"https:\/\/www.colorflyprinting.com\/wp-content\/uploads\/2025\/04\/d167665f943610681229e2f4307b9df.jpg\",\"width\":780,\"height\":780,\"caption\":\"Hefei Colorfly Stationery Co.,Ltd.\"},\"image\":{\"@id\":\"https:\/\/www.colorflyprinting.com\/#\/schema\/logo\/image\/\"}}]}<\/script>\n<!-- \/ Yoast SEO Premium plugin. -->","yoast_head_json":{"title":"Single Line Record Notebook - colorflyprinting","robots":{"index":"index","follow":"follow","max-snippet":"max-snippet:-1","max-image-preview":"max-image-preview:large","max-video-preview":"max-video-preview:-1"},"canonical":"https:\/\/www.colorflyprinting.com\/fr\/produit\/carnet-denregistrement-a-une-seule-ligne\/","og_locale":"fr_FR","og_type":"article","og_title":"Single Line Record Notebook","og_description":"Cheap factory supplies A4 hardcover notebook classic record notebook with single line                                   Product Origin:China                                                    Brand:Colorfly                                                   Item NO.:CY-A401                                                   Shipping Port:wuhu,hefei, nanjing,shanghai                                                   Color:Fully Color                                                                                   MOQ:20 foot container                                                                                                                  Type: Record notebook                                 Size: 21X29.7cm                                 Binding: Perfect binding                                 Number of pages: 200pages etc                                 Inner printing: Single line                                 Cover printing: Full color","og_url":"https:\/\/www.colorflyprinting.com\/fr\/produit\/carnet-denregistrement-a-une-seule-ligne\/","og_site_name":"colorflyprinting","article_modified_time":"2025-06-29T09:25:53+00:00","twitter_card":"summary_large_image","twitter_misc":{"Dur\u00e9e de lecture estim\u00e9e":"1 minute"},"schema":{"@context":"https:\/\/schema.org","@graph":[{"@type":"WebPage","@id":"https:\/\/www.colorflyprinting.com\/product\/single-line-record-notebook\/","url":"https:\/\/www.colorflyprinting.com\/product\/single-line-record-notebook\/","name":"Single Line Record Notebook - colorflyprinting","isPartOf":{"@id":"https:\/\/www.colorflyprinting.com\/#website"},"primaryImageOfPage":{"@id":"https:\/\/www.colorflyprinting.com\/product\/single-line-record-notebook\/#primaryimage"},"image":{"@id":"https:\/\/www.colorflyprinting.com\/product\/single-line-record-notebook\/#primaryimage"},"thumbnailUrl":"https:\/\/www.colorflyprinting.com\/wp-content\/uploads\/2025\/04\/89564331d4c3e410c11ce371c0f80385_medium-1.jpg","datePublished":"2025-04-22T01:22:56+00:00","dateModified":"2025-06-29T09:25:53+00:00","breadcrumb":{"@id":"https:\/\/www.colorflyprinting.com\/product\/single-line-record-notebook\/#breadcrumb"},"inLanguage":"fr-FR","potentialAction":[{"@type":"ReadAction","target":["https:\/\/www.colorflyprinting.com\/product\/single-line-record-notebook\/"]}]},{"@type":"ImageObject","inLanguage":"fr-FR","@id":"https:\/\/www.colorflyprinting.com\/product\/single-line-record-notebook\/#primaryimage","url":"https:\/\/www.colorflyprinting.com\/wp-content\/uploads\/2025\/04\/89564331d4c3e410c11ce371c0f80385_medium-1.jpg","contentUrl":"https:\/\/www.colorflyprinting.com\/wp-content\/uploads\/2025\/04\/89564331d4c3e410c11ce371c0f80385_medium-1.jpg","width":550,"height":550},{"@type":"BreadcrumbList","@id":"https:\/\/www.colorflyprinting.com\/product\/single-line-record-notebook\/#breadcrumb","itemListElement":[{"@type":"ListItem","position":1,"name":"Home","item":"https:\/\/www.colorflyprinting.com\/"},{"@type":"ListItem","position":2,"name":"Product","item":"https:\/\/www.colorflyprinting.com\/shop\/"},{"@type":"ListItem","position":3,"name":"Single Line Record Notebook"}]},{"@type":"WebSite","@id":"https:\/\/www.colorflyprinting.com\/#website","url":"https:\/\/www.colorflyprinting.com\/","name":"Hefei Colorfly Stationery Co.,Ltd.","description":"","publisher":{"@id":"https:\/\/www.colorflyprinting.com\/#organization"},"potentialAction":[{"@type":"SearchAction","target":{"@type":"EntryPoint","urlTemplate":"https:\/\/www.colorflyprinting.com\/?s={search_term_string}"},"query-input":{"@type":"PropertyValueSpecification","valueRequired":true,"valueName":"search_term_string"}}],"inLanguage":"fr-FR"},{"@type":"Organization","@id":"https:\/\/www.colorflyprinting.com\/#organization","name":"Hefei Colorfly Stationery Co.,Ltd.","url":"https:\/\/www.colorflyprinting.com\/","logo":{"@type":"ImageObject","inLanguage":"fr-FR","@id":"https:\/\/www.colorflyprinting.com\/#\/schema\/logo\/image\/","url":"https:\/\/www.colorflyprinting.com\/wp-content\/uploads\/2025\/04\/d167665f943610681229e2f4307b9df.jpg","contentUrl":"https:\/\/www.colorflyprinting.com\/wp-content\/uploads\/2025\/04\/d167665f943610681229e2f4307b9df.jpg","width":780,"height":780,"caption":"Hefei Colorfly Stationery Co.,Ltd."},"image":{"@id":"https:\/\/www.colorflyprinting.com\/#\/schema\/logo\/image\/"}}]}},"_links":{"self":[{"href":"https:\/\/www.colorflyprinting.com\/fr\/wp-json\/wp\/v2\/product\/11458","targetHints":{"allow":["GET"]}}],"collection":[{"href":"https:\/\/www.colorflyprinting.com\/fr\/wp-json\/wp\/v2\/product"}],"about":[{"href":"https:\/\/www.colorflyprinting.com\/fr\/wp-json\/wp\/v2\/types\/product"}],"replies":[{"embeddable":true,"href":"https:\/\/www.colorflyprinting.com\/fr\/wp-json\/wp\/v2\/comments?post=11458"}],"wp:featuredmedia":[{"embeddable":true,"href":"https:\/\/www.colorflyprinting.com\/fr\/wp-json\/wp\/v2\/media\/11502"}],"wp:attachment":[{"href":"https:\/\/www.colorflyprinting.com\/fr\/wp-json\/wp\/v2\/media?parent=11458"}],"wp:term":[{"taxonomy":"product_brand","embeddable":true,"href":"https:\/\/www.colorflyprinting.com\/fr\/wp-json\/wp\/v2\/product_brand?post=11458"},{"taxonomy":"product_cat","embeddable":true,"href":"https:\/\/www.colorflyprinting.com\/fr\/wp-json\/wp\/v2\/product_cat?post=11458"},{"taxonomy":"product_tag","embeddable":true,"href":"https:\/\/www.colorflyprinting.com\/fr\/wp-json\/wp\/v2\/product_tag?post=11458"}],"curies":[{"name":"wp","href":"https:\/\/api.w.org\/{rel}","templated":true}]}}