{"id":11456,"date":"2025-04-22T01:22:55","date_gmt":"2025-04-22T01:22:55","guid":{"rendered":"https:\/\/www.colorflyprinting.com\/?post_type=product&#038;p=11456"},"modified":"2025-04-22T01:23:14","modified_gmt":"2025-04-22T01:23:14","slug":"cheap-custom-hardcover-long-size-notebooks","status":"publish","type":"product","link":"https:\/\/www.colorflyprinting.com\/fr\/produit\/cahiers-longs-a-couverture-rigide-personnalises-et-bon-marche\/","title":{"rendered":"Carnets de notes longs \u00e0 couverture rigide personnalis\u00e9s et bon march\u00e9"},"content":{"rendered":"<div class=\"text\">\n<p>\n\t<b>Carnets longs \u00e0 couverture rigide de haute qualit\u00e9 en gros<\/b>\n<\/p>\n<p>\n\tNom de l&#039;article : Cahiers \u00e0 couverture rigide\n<\/p>\n<p>\n\tCouverture : Double carton gris + cuir&nbsp;\n<\/p>\n<p>\n\tTaille : 21x32cm\n<\/p>\n<p>\n\tReliure : Reliure parfaite\n<\/p>\n<p>\n\tPages : Pages et feuilles personnalis\u00e9es\n<\/p>\n<p>\n\tImpression papier int\u00e9rieur : Ligne unique ou personnalis\u00e9e&nbsp;\n<\/p>\n<p>\n\tMOQ : conteneur de 20 pieds, articles mixtes disponibles\n<\/p>\n<p>\n\tRemarque : toutes les sp\u00e9cifications ci-dessus peuvent \u00eatre personnalis\u00e9es, vous pouvez profiter de notre service personnalis\u00e9 si nous coop\u00e9rons.\n<\/p>\n<p>\n\t\n<\/p>\n<p>\n\t<img decoding=\"async\" src=\"\/js\/htmledit\/kindeditor\/attached\/20200806\/20200806160055_84649.jpg\" alt=\"\">\n<\/p>\n<p>\n\t<strong>Salon d&#039;exposition de l&#039;entreprise :<\/strong>\n<\/p>\n<p>\n\t<img decoding=\"async\" src=\"\/js\/htmledit\/kindeditor\/attached\/20200806\/20200806171628_73747.jpg\" alt=\"\">\n<\/p>\n<p>\n\t<strong>FAQ<\/strong>\n<\/p>\n<p>\n\t<span style=\"background-color:#8AC4B6;\"><strong>1. \u00c0 propos du prix :<\/strong><\/span>\n<\/p>\n<p>\n\tLe prix est n\u00e9gociable et peut \u00eatre modifi\u00e9 en fonction de la quantit\u00e9 ou du forfait.<br \/>\nLorsque vous faites une demande, veuillez nous indiquer la quantit\u00e9 souhait\u00e9e.\n<\/p>\n<p>\n\t<strong><span style=\"background-color:#8ac4b6;\">2. \u00c0 propos de l&#039;\u00e9chantillon\u00a0:<\/span><\/strong>\n<\/p>\n<p>\n\tPour les produits standard que nous produisons tous les jours, l&#039;\u00e9chantillon est gratuit, mais le fret a\u00e9rien est \u00e0 payer ou vous nous payez les frais de port \u00e0 l&#039;avance, veuillez comprendre que ; faire de nouveaux \u00e9chantillons entra\u00eenera des frais de fabrication d&#039;\u00e9chantillons, discutons-en davantage s&#039;il vous pla\u00eet.\n<\/p>\n<p>\n\t<span style=\"background-color:#8AC4B6;\"><strong>3. \u00c0 propos du MOQ :<\/strong><\/span>\n<\/p>\n<p>\n\tSi le produit que nous avons en stock tout au long du chemin, le MOQ est petit ; sinon, le MOQ est de 5000\/10 000\/20 000 pi\u00e8ces, etc., des articles mixtes peuvent \u00e9galement tenir dans un conteneur de 20 pieds ; cela d\u00e9pend du type de produit et cela peut \u00eatre n\u00e9gociable, nous aimerions r\u00e9soudre votre probl\u00e8me autant que possible.\n<\/p>\n<p>\n\t<span style=\"background-color:#8ac4b6;\"><strong>4. \u00c0 propos du fabricant d&#039;\u00e9quipement d&#039;origine\u00a0:<\/strong><\/span>\n<\/p>\n<p>\n\tNous poss\u00e9dons une usine en Chine, nous aimerions aider \u00e0 concevoir le LOGO et le code-barres du produit, \u00e0 condition que la quantit\u00e9 command\u00e9e corresponde \u00e0 son MOQ.\n<\/p>\n<p>\n\t<strong><span style=\"background-color:#8ac4b6;\">5. \u00c0 propos du package\u00a0:<\/span><\/strong>\n<\/p>\n<p>\n\tLa plupart des produits que nous fabriquons ont un emballage standard en fonction de l&#039;exp\u00e9rience que nous avons acquise sur le march\u00e9, mais nous acceptons toujours les besoins du client et fournissons des suggestions utiles pour r\u00e9f\u00e9rence.\n<\/p>\n<p>\n\tContact : Julia (whatsapp\/wechat : +8615375330941)\n<\/p>\n<p>\n\tPour plus d&#039;informations, veuillez envoyer un e-mail \u00e0 : sale08@colorflyprinting.com\n<\/p>\n<p>\n\t\n<\/p>\n<\/p><\/div>","protected":false},"excerpt":{"rendered":"<p>Fabrication en usine de cahiers \u00e0 couverture rigide 21x33cm avec un design personnalis\u00e9<\/p>\n<ul class=\"ptab-list clearfix\">\n<li>\n<p>Origine du produit :<\/p>\n<p><span>Chine<\/span><\/li>\n<li>\n<p>Marque:<\/p>\n<p><span>Colorfly<\/span><\/li>\n<li>\n<p>Num\u00e9ro d&#039;article :<\/p>\n<p><span>CY-2133HARDNOTE01<\/span><\/li>\n<li>\n<p>Port d&#039;exp\u00e9dition :<\/p>\n<p><span>Wuhu, Hefei, Nanjing, Shanghai<\/span><\/li>\n<li>\n<p>Couleur:<\/p>\n<p><span>Enti\u00e8rement en couleur<\/span><\/li>\n<li>\n<p>Quantit\u00e9 minimale de commande :<\/p>\n<p><span>conteneur de 20 pieds<\/span><\/li>\n<li>\n<p>Taper: <\/p>\n<p> <span>Cahier d&#039;exercices personnalis\u00e9 \u00e0 couverture rigide<\/span><\/li>\n<li>\n<p>Taille: <\/p>\n<p> <span>21x33cm<\/span><\/li>\n<li>\n<p>Obligatoire: <\/p>\n<p> <span>Reliure parfaite<\/span><\/li>\n<li>\n<p>Nombre de pages : <\/p>\n<p> <span>Personnalis\u00e9<\/span><\/li>\n<li>\n<p>Impression int\u00e9rieure : <\/p>\n<p> <span>Ligne unique \/personnalis\u00e9e<\/span><\/li>\n<li>\n<p>Impression de la couverture : <\/p>\n<p> <span>Couleurs<\/span><\/li>\n<\/ul>","protected":false},"featured_media":11500,"comment_status":"open","ping_status":"closed","template":"","meta":[],"product_brand":[],"product_cat":[449],"product_tag":[455,453,454],"class_list":{"0":"post-11456","1":"product","2":"type-product","3":"status-publish","4":"has-post-thumbnail","6":"product_cat-hardcover-notebook","7":"product_tag-long-size-notebook","8":"product_tag-manuscript-notebook","9":"product_tag-wholesale-hardcover-notebooks","11":"first","12":"instock","13":"shipping-taxable","14":"product-type-simple"},"yoast_head":"<!-- This site is optimized with the Yoast SEO Premium plugin v23.9 (Yoast SEO v25.2) - https:\/\/yoast.com\/wordpress\/plugins\/seo\/ -->\n<title>Cheap Custom Hardcover Long Size Notebooks - colorflyprinting<\/title>\n<meta name=\"robots\" content=\"index, follow, max-snippet:-1, max-image-preview:large, max-video-preview:-1\" \/>\n<link rel=\"canonical\" href=\"https:\/\/www.colorflyprinting.com\/fr\/produit\/cahiers-longs-a-couverture-rigide-personnalises-et-bon-marche\/\" \/>\n<meta property=\"og:locale\" content=\"fr_FR\" \/>\n<meta property=\"og:type\" content=\"article\" \/>\n<meta property=\"og:title\" content=\"Cheap Custom Hardcover Long Size Notebooks\" \/>\n<meta property=\"og:description\" content=\"Factory manufacture 21x33cm hardcover notebooks with customized design                                   Product Origin:China                                                    Brand:Colorfly                                                   Item NO.:CY-2133HARDNOTE01                                                   Shipping Port:wuhu,hefei, nanjing,shanghai                                                   Color:Fully Color                                                                                   MOQ:20 foot container                                                                                                                  Type: Custom hardcover exercise book                                 Size: 21x33cm                                 Binding: Perfect binding                                 Number of pages: Customised                                 Inner printing: Single line \/customised                                 Cover printing: Full color\" \/>\n<meta property=\"og:url\" content=\"https:\/\/www.colorflyprinting.com\/fr\/produit\/cahiers-longs-a-couverture-rigide-personnalises-et-bon-marche\/\" \/>\n<meta property=\"og:site_name\" content=\"colorflyprinting\" \/>\n<meta property=\"article:modified_time\" content=\"2025-04-22T01:23:14+00:00\" \/>\n<meta name=\"twitter:card\" content=\"summary_large_image\" \/>\n<meta name=\"twitter:label1\" content=\"Dur\u00e9e de lecture estim\u00e9e\" \/>\n\t<meta name=\"twitter:data1\" content=\"1 minute\" \/>\n<script type=\"application\/ld+json\" class=\"yoast-schema-graph\">{\"@context\":\"https:\/\/schema.org\",\"@graph\":[{\"@type\":\"WebPage\",\"@id\":\"https:\/\/www.colorflyprinting.com\/product\/cheap-custom-hardcover-long-size-notebooks\/\",\"url\":\"https:\/\/www.colorflyprinting.com\/product\/cheap-custom-hardcover-long-size-notebooks\/\",\"name\":\"Cheap Custom Hardcover Long Size Notebooks - colorflyprinting\",\"isPartOf\":{\"@id\":\"https:\/\/www.colorflyprinting.com\/#website\"},\"primaryImageOfPage\":{\"@id\":\"https:\/\/www.colorflyprinting.com\/product\/cheap-custom-hardcover-long-size-notebooks\/#primaryimage\"},\"image\":{\"@id\":\"https:\/\/www.colorflyprinting.com\/product\/cheap-custom-hardcover-long-size-notebooks\/#primaryimage\"},\"thumbnailUrl\":\"https:\/\/www.colorflyprinting.com\/wp-content\/uploads\/2025\/04\/5aeaed7ce86ffcf6029186b9807de5be_medium-1.jpg\",\"datePublished\":\"2025-04-22T01:22:55+00:00\",\"dateModified\":\"2025-04-22T01:23:14+00:00\",\"breadcrumb\":{\"@id\":\"https:\/\/www.colorflyprinting.com\/product\/cheap-custom-hardcover-long-size-notebooks\/#breadcrumb\"},\"inLanguage\":\"fr-FR\",\"potentialAction\":[{\"@type\":\"ReadAction\",\"target\":[\"https:\/\/www.colorflyprinting.com\/product\/cheap-custom-hardcover-long-size-notebooks\/\"]}]},{\"@type\":\"ImageObject\",\"inLanguage\":\"fr-FR\",\"@id\":\"https:\/\/www.colorflyprinting.com\/product\/cheap-custom-hardcover-long-size-notebooks\/#primaryimage\",\"url\":\"https:\/\/www.colorflyprinting.com\/wp-content\/uploads\/2025\/04\/5aeaed7ce86ffcf6029186b9807de5be_medium-1.jpg\",\"contentUrl\":\"https:\/\/www.colorflyprinting.com\/wp-content\/uploads\/2025\/04\/5aeaed7ce86ffcf6029186b9807de5be_medium-1.jpg\",\"width\":550,\"height\":550},{\"@type\":\"BreadcrumbList\",\"@id\":\"https:\/\/www.colorflyprinting.com\/product\/cheap-custom-hardcover-long-size-notebooks\/#breadcrumb\",\"itemListElement\":[{\"@type\":\"ListItem\",\"position\":1,\"name\":\"Home\",\"item\":\"https:\/\/www.colorflyprinting.com\/\"},{\"@type\":\"ListItem\",\"position\":2,\"name\":\"Product\",\"item\":\"https:\/\/www.colorflyprinting.com\/shop\/\"},{\"@type\":\"ListItem\",\"position\":3,\"name\":\"Cheap Custom Hardcover Long Size Notebooks\"}]},{\"@type\":\"WebSite\",\"@id\":\"https:\/\/www.colorflyprinting.com\/#website\",\"url\":\"https:\/\/www.colorflyprinting.com\/\",\"name\":\"Hefei Colorfly Stationery Co.,Ltd.\",\"description\":\"\",\"publisher\":{\"@id\":\"https:\/\/www.colorflyprinting.com\/#organization\"},\"potentialAction\":[{\"@type\":\"SearchAction\",\"target\":{\"@type\":\"EntryPoint\",\"urlTemplate\":\"https:\/\/www.colorflyprinting.com\/?s={search_term_string}\"},\"query-input\":{\"@type\":\"PropertyValueSpecification\",\"valueRequired\":true,\"valueName\":\"search_term_string\"}}],\"inLanguage\":\"fr-FR\"},{\"@type\":\"Organization\",\"@id\":\"https:\/\/www.colorflyprinting.com\/#organization\",\"name\":\"Hefei Colorfly Stationery Co.,Ltd.\",\"url\":\"https:\/\/www.colorflyprinting.com\/\",\"logo\":{\"@type\":\"ImageObject\",\"inLanguage\":\"fr-FR\",\"@id\":\"https:\/\/www.colorflyprinting.com\/#\/schema\/logo\/image\/\",\"url\":\"https:\/\/www.colorflyprinting.com\/wp-content\/uploads\/2025\/04\/d167665f943610681229e2f4307b9df.jpg\",\"contentUrl\":\"https:\/\/www.colorflyprinting.com\/wp-content\/uploads\/2025\/04\/d167665f943610681229e2f4307b9df.jpg\",\"width\":780,\"height\":780,\"caption\":\"Hefei Colorfly Stationery Co.,Ltd.\"},\"image\":{\"@id\":\"https:\/\/www.colorflyprinting.com\/#\/schema\/logo\/image\/\"}}]}<\/script>\n<!-- \/ Yoast SEO Premium plugin. -->","yoast_head_json":{"title":"Cheap Custom Hardcover Long Size Notebooks - colorflyprinting","robots":{"index":"index","follow":"follow","max-snippet":"max-snippet:-1","max-image-preview":"max-image-preview:large","max-video-preview":"max-video-preview:-1"},"canonical":"https:\/\/www.colorflyprinting.com\/fr\/produit\/cahiers-longs-a-couverture-rigide-personnalises-et-bon-marche\/","og_locale":"fr_FR","og_type":"article","og_title":"Cheap Custom Hardcover Long Size Notebooks","og_description":"Factory manufacture 21x33cm hardcover notebooks with customized design                                   Product Origin:China                                                    Brand:Colorfly                                                   Item NO.:CY-2133HARDNOTE01                                                   Shipping Port:wuhu,hefei, nanjing,shanghai                                                   Color:Fully Color                                                                                   MOQ:20 foot container                                                                                                                  Type: Custom hardcover exercise book                                 Size: 21x33cm                                 Binding: Perfect binding                                 Number of pages: Customised                                 Inner printing: Single line \/customised                                 Cover printing: Full color","og_url":"https:\/\/www.colorflyprinting.com\/fr\/produit\/cahiers-longs-a-couverture-rigide-personnalises-et-bon-marche\/","og_site_name":"colorflyprinting","article_modified_time":"2025-04-22T01:23:14+00:00","twitter_card":"summary_large_image","twitter_misc":{"Dur\u00e9e de lecture estim\u00e9e":"1 minute"},"schema":{"@context":"https:\/\/schema.org","@graph":[{"@type":"WebPage","@id":"https:\/\/www.colorflyprinting.com\/product\/cheap-custom-hardcover-long-size-notebooks\/","url":"https:\/\/www.colorflyprinting.com\/product\/cheap-custom-hardcover-long-size-notebooks\/","name":"Cheap Custom Hardcover Long Size Notebooks - colorflyprinting","isPartOf":{"@id":"https:\/\/www.colorflyprinting.com\/#website"},"primaryImageOfPage":{"@id":"https:\/\/www.colorflyprinting.com\/product\/cheap-custom-hardcover-long-size-notebooks\/#primaryimage"},"image":{"@id":"https:\/\/www.colorflyprinting.com\/product\/cheap-custom-hardcover-long-size-notebooks\/#primaryimage"},"thumbnailUrl":"https:\/\/www.colorflyprinting.com\/wp-content\/uploads\/2025\/04\/5aeaed7ce86ffcf6029186b9807de5be_medium-1.jpg","datePublished":"2025-04-22T01:22:55+00:00","dateModified":"2025-04-22T01:23:14+00:00","breadcrumb":{"@id":"https:\/\/www.colorflyprinting.com\/product\/cheap-custom-hardcover-long-size-notebooks\/#breadcrumb"},"inLanguage":"fr-FR","potentialAction":[{"@type":"ReadAction","target":["https:\/\/www.colorflyprinting.com\/product\/cheap-custom-hardcover-long-size-notebooks\/"]}]},{"@type":"ImageObject","inLanguage":"fr-FR","@id":"https:\/\/www.colorflyprinting.com\/product\/cheap-custom-hardcover-long-size-notebooks\/#primaryimage","url":"https:\/\/www.colorflyprinting.com\/wp-content\/uploads\/2025\/04\/5aeaed7ce86ffcf6029186b9807de5be_medium-1.jpg","contentUrl":"https:\/\/www.colorflyprinting.com\/wp-content\/uploads\/2025\/04\/5aeaed7ce86ffcf6029186b9807de5be_medium-1.jpg","width":550,"height":550},{"@type":"BreadcrumbList","@id":"https:\/\/www.colorflyprinting.com\/product\/cheap-custom-hardcover-long-size-notebooks\/#breadcrumb","itemListElement":[{"@type":"ListItem","position":1,"name":"Home","item":"https:\/\/www.colorflyprinting.com\/"},{"@type":"ListItem","position":2,"name":"Product","item":"https:\/\/www.colorflyprinting.com\/shop\/"},{"@type":"ListItem","position":3,"name":"Cheap Custom Hardcover Long Size Notebooks"}]},{"@type":"WebSite","@id":"https:\/\/www.colorflyprinting.com\/#website","url":"https:\/\/www.colorflyprinting.com\/","name":"Hefei Colorfly Stationery Co.,Ltd.","description":"","publisher":{"@id":"https:\/\/www.colorflyprinting.com\/#organization"},"potentialAction":[{"@type":"SearchAction","target":{"@type":"EntryPoint","urlTemplate":"https:\/\/www.colorflyprinting.com\/?s={search_term_string}"},"query-input":{"@type":"PropertyValueSpecification","valueRequired":true,"valueName":"search_term_string"}}],"inLanguage":"fr-FR"},{"@type":"Organization","@id":"https:\/\/www.colorflyprinting.com\/#organization","name":"Hefei Colorfly Stationery Co.,Ltd.","url":"https:\/\/www.colorflyprinting.com\/","logo":{"@type":"ImageObject","inLanguage":"fr-FR","@id":"https:\/\/www.colorflyprinting.com\/#\/schema\/logo\/image\/","url":"https:\/\/www.colorflyprinting.com\/wp-content\/uploads\/2025\/04\/d167665f943610681229e2f4307b9df.jpg","contentUrl":"https:\/\/www.colorflyprinting.com\/wp-content\/uploads\/2025\/04\/d167665f943610681229e2f4307b9df.jpg","width":780,"height":780,"caption":"Hefei Colorfly Stationery Co.,Ltd."},"image":{"@id":"https:\/\/www.colorflyprinting.com\/#\/schema\/logo\/image\/"}}]}},"_links":{"self":[{"href":"https:\/\/www.colorflyprinting.com\/fr\/wp-json\/wp\/v2\/product\/11456","targetHints":{"allow":["GET"]}}],"collection":[{"href":"https:\/\/www.colorflyprinting.com\/fr\/wp-json\/wp\/v2\/product"}],"about":[{"href":"https:\/\/www.colorflyprinting.com\/fr\/wp-json\/wp\/v2\/types\/product"}],"replies":[{"embeddable":true,"href":"https:\/\/www.colorflyprinting.com\/fr\/wp-json\/wp\/v2\/comments?post=11456"}],"wp:featuredmedia":[{"embeddable":true,"href":"https:\/\/www.colorflyprinting.com\/fr\/wp-json\/wp\/v2\/media\/11500"}],"wp:attachment":[{"href":"https:\/\/www.colorflyprinting.com\/fr\/wp-json\/wp\/v2\/media?parent=11456"}],"wp:term":[{"taxonomy":"product_brand","embeddable":true,"href":"https:\/\/www.colorflyprinting.com\/fr\/wp-json\/wp\/v2\/product_brand?post=11456"},{"taxonomy":"product_cat","embeddable":true,"href":"https:\/\/www.colorflyprinting.com\/fr\/wp-json\/wp\/v2\/product_cat?post=11456"},{"taxonomy":"product_tag","embeddable":true,"href":"https:\/\/www.colorflyprinting.com\/fr\/wp-json\/wp\/v2\/product_tag?post=11456"}],"curies":[{"name":"wp","href":"https:\/\/api.w.org\/{rel}","templated":true}]}}