{"id":11421,"date":"2025-04-22T01:22:32","date_gmt":"2025-04-22T01:22:32","guid":{"rendered":"https:\/\/www.colorflyprinting.com\/?post_type=product&#038;p=11421"},"modified":"2025-07-18T12:01:23","modified_gmt":"2025-07-18T12:01:23","slug":"spiral-hardcover-notebook-with-perforated-pages","status":"publish","type":"product","link":"https:\/\/www.colorflyprinting.com\/fr\/produit\/cahier-a-spirales-avec-couverture-rigide-et-pages-perforees\/","title":{"rendered":"Carnet \u00e0 spirales avec couverture rigide et pages perfor\u00e9es"},"content":{"rendered":"<div class=\"text\">\n<p style=\"text-indent:2em;\">\n\t\n\t<\/p>\n<div class=\"table-responsive\">\n<table border=\"1\">\n<tbody>\n<tr>\n<td>\n<p>\n\t\t\t\t\t\tNom du produit\n\t\t\t\t\t<\/p>\n<\/td>\n<td>\n<p>\n\t\t\t\t\t\tCahier \u00e0 spirales avec couverture rigide et pages perfor\u00e9es\n\t\t\t\t\t<\/p>\n<\/td>\n<\/tr>\n<tr>\n<td>\n<p>\n\t\t\t\t\t\tFeuille ( page )\n\t\t\t\t\t<\/p>\n<\/td>\n<td>\n<p>\n\t\t\t\t\t\t80 feuilles = 160 pages (1 feuille = 2 pages)\n\t\t\t\t\t<\/p>\n<\/td>\n<\/tr>\n<tr>\n<td>\n<p>\n\t\t\t\t\t\tTaille\n\t\t\t\t\t<\/p>\n<\/td>\n<td>\n<p>\n\t\t\t\t\t\t10,3 po x 7,9 po (26,3 cm x 20 cm)\n\t\t\t\t\t<\/p>\n<\/td>\n<\/tr>\n<tr>\n<td>\n<p>\n\t\t\t\t\t\tCouverture\n\t\t\t\t\t<\/p>\n<\/td>\n<td>\n<p>\n\t\t\t\t\t\tCarton ; conception sur mesure disponible\n\t\t\t\t\t<\/p>\n<\/td>\n<\/tr>\n<tr>\n<td>\n<p>\n\t\t\t\t\t\tObligatoire\n\t\t\t\t\t<\/p>\n<\/td>\n<td>\n<p>\n\t\t\t\t\t\tReliure double spirale\n\t\t\t\t\t<\/p>\n<\/td>\n<\/tr>\n<tr>\n<td>\n<p>\n\t\t\t\t\t\tImpression int\u00e9rieure\n\t\t\t\t\t<\/p>\n<\/td>\n<td>\n<p>\n\t\t\t\t\t\tColl\u00e8ge gouvern\u00e9\n\t\t\t\t\t<\/p>\n<\/td>\n<\/tr>\n<tr>\n<td>\n<p>\n\t\t\t\t\t\tPapier int\u00e9rieur GSM&nbsp; &nbsp; &nbsp; &nbsp; &nbsp; &nbsp; &nbsp; &nbsp; &nbsp;\n\t\t\t\t\t<\/p>\n<\/td>\n<td>\n<p>\n\t\t\t\t\t\t60 g\/m\u00b2\n\t\t\t\t\t<\/p>\n<\/td>\n<\/tr>\n<tr>\n<td>\n<p>\n\t\t\t\t\t\tUsage\n\t\t\t\t\t<\/p>\n<\/td>\n<td>\n<p>\n\t\t\t\t\t\t\u00c9cole \/ Bureau \/ etc.\n\t\t\t\t\t<\/p>\n<\/td>\n<\/tr>\n<tr>\n<td>\n<p>\n\t\t\t\t\t\tEmballage\n\t\t\t\t\t<\/p>\n<\/td>\n<td>\n<p>\n\t\t\t\t\t\t3 pi\u00e8ces \/ r\u00e9tractable, 60 pi\u00e8ces \/ ctn\n\t\t\t\t\t<\/p>\n<\/td>\n<\/tr>\n<tr>\n<td>\n<p>\n\t\t\t\t\t\tPrix&nbsp;\n\t\t\t\t\t<\/p>\n<\/td>\n<td>\n<p>\n\t\t\t\t\t\tLe bon prix sera mis \u00e0 jour d\u00e8s r\u00e9ception de votre demande d\u00e9taill\u00e9e&nbsp; &nbsp; &nbsp; &nbsp; &nbsp; &nbsp; &nbsp; &nbsp; &nbsp;&nbsp;\n\t\t\t\t\t<\/p>\n<\/td>\n<\/tr>\n<\/tbody>\n<\/table>\n<\/div>\n<p style=\"text-indent:2em;\">\n\tCarnet \u00e0 spirales \u00e0 couverture rigide : couverture cartonn\u00e9e&nbsp;\n<\/p>\n<p style=\"text-indent:2em;\">\n\tD&#039;autres mod\u00e8les sont disponibles si vous en avez besoin&nbsp;\n<\/p>\n<p style=\"text-indent:2em;\">\n\t\n<\/p>\n<p style=\"text-indent:2em;\">\n\t\u00c0 l&#039;int\u00e9rieur :&nbsp;\n<\/p>\n<p style=\"text-indent:2em;\">\n\t1. autocollant\n<\/p>\n<p style=\"text-indent:2em;\">\n\t2. dossier de fichiers\n<\/p>\n<p style=\"text-indent:2em;\">\n\t3. tableau des horaires\n<\/p>\n<p style=\"text-indent:2em;\">\n\t4. cahier r\u00e9gl\u00e9 avec ligne de d\u00e9chirure et 3 trous perfor\u00e9s\n<\/p>\n<p style=\"text-indent:2em;\">\n\t\n<\/p>\n<p style=\"text-indent:2em;\">\n\t<img decoding=\"async\" src=\"\/js\/htmledit\/kindeditor\/attached\/20190626\/20190626135721_38067.jpg\" alt=\"\">\n<\/p>\n<\/p><\/div>","protected":false},"excerpt":{"rendered":"<p>Cahiers \u00e0 spirale perfor\u00e9s pour enseignants avec ligne de d\u00e9chirure<\/p>\n<ul class=\"ptab-list clearfix\">\n<li>\n<p>Num\u00e9ro d&#039;article :<\/p>\n<p><span>CY-SN003<\/span><\/li>\n<li>\n<p>Port d&#039;exp\u00e9dition :<\/p>\n<p><span>Shanghai<\/span><\/li>\n<li>\n<p>Taper: <\/p>\n<p> <span>Cahier \u00e0 spirale<\/span><\/li>\n<li>\n<p>Taille: <\/p>\n<p> <span>10,3 \u00d7 7,9 pouces<\/span><\/li>\n<li>\n<p>Obligatoire: <\/p>\n<p> <span>Reliure Wire-O <\/span><\/li>\n<li>\n<p>Nombre de pages : <\/p>\n<p> <span>160 pages<\/span><\/li>\n<li>\n<p>Impression int\u00e9rieure : <\/p>\n<p> <span>Larges lignes<\/span><\/li>\n<li>\n<p>Impression de la couverture : <\/p>\n<p> <span>Impression en couleur<\/span><\/li>\n<\/ul>","protected":false},"featured_media":11451,"comment_status":"open","ping_status":"closed","template":"","meta":[],"product_brand":[],"product_cat":[392],"product_tag":[425,424,410],"class_list":{"0":"post-11421","1":"product","2":"type-product","3":"status-publish","4":"has-post-thumbnail","6":"product_cat-spiral-notebook","7":"product_tag-bulk-notebooks-for-teachers","8":"product_tag-hardcover-notebook-with-perforated-pages","9":"product_tag-spiral-bound-notebook-hardcover","11":"first","12":"instock","13":"shipping-taxable","14":"product-type-simple"},"yoast_head":"<!-- This site is optimized with the Yoast SEO Premium plugin v23.9 (Yoast SEO v25.2) - https:\/\/yoast.com\/wordpress\/plugins\/seo\/ -->\n<title>Spiral Hardcover Notebook With Perforated Pages - colorflyprinting<\/title>\n<meta name=\"robots\" content=\"index, follow, max-snippet:-1, max-image-preview:large, max-video-preview:-1\" \/>\n<link rel=\"canonical\" href=\"https:\/\/www.colorflyprinting.com\/fr\/produit\/cahier-a-spirales-avec-couverture-rigide-et-pages-perforees\/\" \/>\n<meta property=\"og:locale\" content=\"fr_FR\" \/>\n<meta property=\"og:type\" content=\"article\" \/>\n<meta property=\"og:title\" content=\"Spiral Hardcover Notebook With Perforated Pages\" \/>\n<meta property=\"og:description\" content=\"Spiral bound perforated hole bulk notebooks for teachers with tear line                                                                    Item NO.:CY-SN003                                                   Shipping Port:Shanghai                                                                                                                                                                                  Type: Spiral notebook                                 Size: 10.3x7.9in                                 Binding: Wire-O bound                                  Number of pages: 160 pages                                 Inner printing: Wide ruled                                 Cover printing: Full color printing\" \/>\n<meta property=\"og:url\" content=\"https:\/\/www.colorflyprinting.com\/fr\/produit\/cahier-a-spirales-avec-couverture-rigide-et-pages-perforees\/\" \/>\n<meta property=\"og:site_name\" content=\"colorflyprinting\" \/>\n<meta property=\"article:modified_time\" content=\"2025-07-18T12:01:23+00:00\" \/>\n<meta name=\"twitter:card\" content=\"summary_large_image\" \/>\n<meta name=\"twitter:label1\" content=\"Dur\u00e9e de lecture estim\u00e9e\" \/>\n\t<meta name=\"twitter:data1\" content=\"1 minute\" \/>\n<script type=\"application\/ld+json\" class=\"yoast-schema-graph\">{\"@context\":\"https:\/\/schema.org\",\"@graph\":[{\"@type\":\"WebPage\",\"@id\":\"https:\/\/www.colorflyprinting.com\/product\/spiral-hardcover-notebook-with-perforated-pages\/\",\"url\":\"https:\/\/www.colorflyprinting.com\/product\/spiral-hardcover-notebook-with-perforated-pages\/\",\"name\":\"Spiral Hardcover Notebook With Perforated Pages - colorflyprinting\",\"isPartOf\":{\"@id\":\"https:\/\/www.colorflyprinting.com\/#website\"},\"primaryImageOfPage\":{\"@id\":\"https:\/\/www.colorflyprinting.com\/product\/spiral-hardcover-notebook-with-perforated-pages\/#primaryimage\"},\"image\":{\"@id\":\"https:\/\/www.colorflyprinting.com\/product\/spiral-hardcover-notebook-with-perforated-pages\/#primaryimage\"},\"thumbnailUrl\":\"https:\/\/www.colorflyprinting.com\/wp-content\/uploads\/2025\/04\/c0f6fdca89a7a80cd684882767c01937_medium-1.jpg\",\"datePublished\":\"2025-04-22T01:22:32+00:00\",\"dateModified\":\"2025-07-18T12:01:23+00:00\",\"breadcrumb\":{\"@id\":\"https:\/\/www.colorflyprinting.com\/product\/spiral-hardcover-notebook-with-perforated-pages\/#breadcrumb\"},\"inLanguage\":\"fr-FR\",\"potentialAction\":[{\"@type\":\"ReadAction\",\"target\":[\"https:\/\/www.colorflyprinting.com\/product\/spiral-hardcover-notebook-with-perforated-pages\/\"]}]},{\"@type\":\"ImageObject\",\"inLanguage\":\"fr-FR\",\"@id\":\"https:\/\/www.colorflyprinting.com\/product\/spiral-hardcover-notebook-with-perforated-pages\/#primaryimage\",\"url\":\"https:\/\/www.colorflyprinting.com\/wp-content\/uploads\/2025\/04\/c0f6fdca89a7a80cd684882767c01937_medium-1.jpg\",\"contentUrl\":\"https:\/\/www.colorflyprinting.com\/wp-content\/uploads\/2025\/04\/c0f6fdca89a7a80cd684882767c01937_medium-1.jpg\",\"width\":550,\"height\":550},{\"@type\":\"BreadcrumbList\",\"@id\":\"https:\/\/www.colorflyprinting.com\/product\/spiral-hardcover-notebook-with-perforated-pages\/#breadcrumb\",\"itemListElement\":[{\"@type\":\"ListItem\",\"position\":1,\"name\":\"Home\",\"item\":\"https:\/\/www.colorflyprinting.com\/\"},{\"@type\":\"ListItem\",\"position\":2,\"name\":\"Product\",\"item\":\"https:\/\/www.colorflyprinting.com\/shop\/\"},{\"@type\":\"ListItem\",\"position\":3,\"name\":\"Spiral Hardcover Notebook With Perforated Pages\"}]},{\"@type\":\"WebSite\",\"@id\":\"https:\/\/www.colorflyprinting.com\/#website\",\"url\":\"https:\/\/www.colorflyprinting.com\/\",\"name\":\"Hefei Colorfly Stationery Co.,Ltd.\",\"description\":\"\",\"publisher\":{\"@id\":\"https:\/\/www.colorflyprinting.com\/#organization\"},\"potentialAction\":[{\"@type\":\"SearchAction\",\"target\":{\"@type\":\"EntryPoint\",\"urlTemplate\":\"https:\/\/www.colorflyprinting.com\/?s={search_term_string}\"},\"query-input\":{\"@type\":\"PropertyValueSpecification\",\"valueRequired\":true,\"valueName\":\"search_term_string\"}}],\"inLanguage\":\"fr-FR\"},{\"@type\":\"Organization\",\"@id\":\"https:\/\/www.colorflyprinting.com\/#organization\",\"name\":\"Hefei Colorfly Stationery Co.,Ltd.\",\"url\":\"https:\/\/www.colorflyprinting.com\/\",\"logo\":{\"@type\":\"ImageObject\",\"inLanguage\":\"fr-FR\",\"@id\":\"https:\/\/www.colorflyprinting.com\/#\/schema\/logo\/image\/\",\"url\":\"https:\/\/www.colorflyprinting.com\/wp-content\/uploads\/2025\/04\/d167665f943610681229e2f4307b9df.jpg\",\"contentUrl\":\"https:\/\/www.colorflyprinting.com\/wp-content\/uploads\/2025\/04\/d167665f943610681229e2f4307b9df.jpg\",\"width\":780,\"height\":780,\"caption\":\"Hefei Colorfly Stationery Co.,Ltd.\"},\"image\":{\"@id\":\"https:\/\/www.colorflyprinting.com\/#\/schema\/logo\/image\/\"}}]}<\/script>\n<!-- \/ Yoast SEO Premium plugin. -->","yoast_head_json":{"title":"Spiral Hardcover Notebook With Perforated Pages - colorflyprinting","robots":{"index":"index","follow":"follow","max-snippet":"max-snippet:-1","max-image-preview":"max-image-preview:large","max-video-preview":"max-video-preview:-1"},"canonical":"https:\/\/www.colorflyprinting.com\/fr\/produit\/cahier-a-spirales-avec-couverture-rigide-et-pages-perforees\/","og_locale":"fr_FR","og_type":"article","og_title":"Spiral Hardcover Notebook With Perforated Pages","og_description":"Spiral bound perforated hole bulk notebooks for teachers with tear line                                                                    Item NO.:CY-SN003                                                   Shipping Port:Shanghai                                                                                                                                                                                  Type: Spiral notebook                                 Size: 10.3x7.9in                                 Binding: Wire-O bound                                  Number of pages: 160 pages                                 Inner printing: Wide ruled                                 Cover printing: Full color printing","og_url":"https:\/\/www.colorflyprinting.com\/fr\/produit\/cahier-a-spirales-avec-couverture-rigide-et-pages-perforees\/","og_site_name":"colorflyprinting","article_modified_time":"2025-07-18T12:01:23+00:00","twitter_card":"summary_large_image","twitter_misc":{"Dur\u00e9e de lecture estim\u00e9e":"1 minute"},"schema":{"@context":"https:\/\/schema.org","@graph":[{"@type":"WebPage","@id":"https:\/\/www.colorflyprinting.com\/product\/spiral-hardcover-notebook-with-perforated-pages\/","url":"https:\/\/www.colorflyprinting.com\/product\/spiral-hardcover-notebook-with-perforated-pages\/","name":"Spiral Hardcover Notebook With Perforated Pages - colorflyprinting","isPartOf":{"@id":"https:\/\/www.colorflyprinting.com\/#website"},"primaryImageOfPage":{"@id":"https:\/\/www.colorflyprinting.com\/product\/spiral-hardcover-notebook-with-perforated-pages\/#primaryimage"},"image":{"@id":"https:\/\/www.colorflyprinting.com\/product\/spiral-hardcover-notebook-with-perforated-pages\/#primaryimage"},"thumbnailUrl":"https:\/\/www.colorflyprinting.com\/wp-content\/uploads\/2025\/04\/c0f6fdca89a7a80cd684882767c01937_medium-1.jpg","datePublished":"2025-04-22T01:22:32+00:00","dateModified":"2025-07-18T12:01:23+00:00","breadcrumb":{"@id":"https:\/\/www.colorflyprinting.com\/product\/spiral-hardcover-notebook-with-perforated-pages\/#breadcrumb"},"inLanguage":"fr-FR","potentialAction":[{"@type":"ReadAction","target":["https:\/\/www.colorflyprinting.com\/product\/spiral-hardcover-notebook-with-perforated-pages\/"]}]},{"@type":"ImageObject","inLanguage":"fr-FR","@id":"https:\/\/www.colorflyprinting.com\/product\/spiral-hardcover-notebook-with-perforated-pages\/#primaryimage","url":"https:\/\/www.colorflyprinting.com\/wp-content\/uploads\/2025\/04\/c0f6fdca89a7a80cd684882767c01937_medium-1.jpg","contentUrl":"https:\/\/www.colorflyprinting.com\/wp-content\/uploads\/2025\/04\/c0f6fdca89a7a80cd684882767c01937_medium-1.jpg","width":550,"height":550},{"@type":"BreadcrumbList","@id":"https:\/\/www.colorflyprinting.com\/product\/spiral-hardcover-notebook-with-perforated-pages\/#breadcrumb","itemListElement":[{"@type":"ListItem","position":1,"name":"Home","item":"https:\/\/www.colorflyprinting.com\/"},{"@type":"ListItem","position":2,"name":"Product","item":"https:\/\/www.colorflyprinting.com\/shop\/"},{"@type":"ListItem","position":3,"name":"Spiral Hardcover Notebook With Perforated Pages"}]},{"@type":"WebSite","@id":"https:\/\/www.colorflyprinting.com\/#website","url":"https:\/\/www.colorflyprinting.com\/","name":"Hefei Colorfly Stationery Co.,Ltd.","description":"","publisher":{"@id":"https:\/\/www.colorflyprinting.com\/#organization"},"potentialAction":[{"@type":"SearchAction","target":{"@type":"EntryPoint","urlTemplate":"https:\/\/www.colorflyprinting.com\/?s={search_term_string}"},"query-input":{"@type":"PropertyValueSpecification","valueRequired":true,"valueName":"search_term_string"}}],"inLanguage":"fr-FR"},{"@type":"Organization","@id":"https:\/\/www.colorflyprinting.com\/#organization","name":"Hefei Colorfly Stationery Co.,Ltd.","url":"https:\/\/www.colorflyprinting.com\/","logo":{"@type":"ImageObject","inLanguage":"fr-FR","@id":"https:\/\/www.colorflyprinting.com\/#\/schema\/logo\/image\/","url":"https:\/\/www.colorflyprinting.com\/wp-content\/uploads\/2025\/04\/d167665f943610681229e2f4307b9df.jpg","contentUrl":"https:\/\/www.colorflyprinting.com\/wp-content\/uploads\/2025\/04\/d167665f943610681229e2f4307b9df.jpg","width":780,"height":780,"caption":"Hefei Colorfly Stationery Co.,Ltd."},"image":{"@id":"https:\/\/www.colorflyprinting.com\/#\/schema\/logo\/image\/"}}]}},"_links":{"self":[{"href":"https:\/\/www.colorflyprinting.com\/fr\/wp-json\/wp\/v2\/product\/11421","targetHints":{"allow":["GET"]}}],"collection":[{"href":"https:\/\/www.colorflyprinting.com\/fr\/wp-json\/wp\/v2\/product"}],"about":[{"href":"https:\/\/www.colorflyprinting.com\/fr\/wp-json\/wp\/v2\/types\/product"}],"replies":[{"embeddable":true,"href":"https:\/\/www.colorflyprinting.com\/fr\/wp-json\/wp\/v2\/comments?post=11421"}],"wp:featuredmedia":[{"embeddable":true,"href":"https:\/\/www.colorflyprinting.com\/fr\/wp-json\/wp\/v2\/media\/11451"}],"wp:attachment":[{"href":"https:\/\/www.colorflyprinting.com\/fr\/wp-json\/wp\/v2\/media?parent=11421"}],"wp:term":[{"taxonomy":"product_brand","embeddable":true,"href":"https:\/\/www.colorflyprinting.com\/fr\/wp-json\/wp\/v2\/product_brand?post=11421"},{"taxonomy":"product_cat","embeddable":true,"href":"https:\/\/www.colorflyprinting.com\/fr\/wp-json\/wp\/v2\/product_cat?post=11421"},{"taxonomy":"product_tag","embeddable":true,"href":"https:\/\/www.colorflyprinting.com\/fr\/wp-json\/wp\/v2\/product_tag?post=11421"}],"curies":[{"name":"wp","href":"https:\/\/api.w.org\/{rel}","templated":true}]}}