{"id":11385,"date":"2025-04-22T01:22:09","date_gmt":"2025-04-22T01:22:09","guid":{"rendered":"https:\/\/www.colorflyprinting.com\/?post_type=product&#038;p=11385"},"modified":"2025-05-09T14:02:44","modified_gmt":"2025-05-09T14:02:44","slug":"3-subject-spiral-notebook-yellow","status":"publish","type":"product","link":"https:\/\/www.colorflyprinting.com\/fr\/produit\/cahier-a-spirale-3-matieres-jaune\/","title":{"rendered":"Cahier \u00e0 spirale 3 sujets jaune"},"content":{"rendered":"<div class=\"text\">\n<div style=\"text-indent:2em;\">\n<div class=\"table-responsive\">\n<table border=\"1\">\n<tbody>\n<tr>\n<td>\n<p>\n\t\t\t\t\t\tNom du produit\n\t\t\t\t\t<\/p>\n<\/td>\n<td>\n<p>\n\t\t\t\t\t\t3 cahiers \u00e0 spirales\n\t\t\t\t\t<\/p>\n<\/td>\n<\/tr>\n<tr>\n<td>\n<p>\n\t\t\t\t\t\tFeuille ( page )\n\t\t\t\t\t<\/p>\n<\/td>\n<td>\n<p>\n\t\t\t\t\t\t150 feuilles = 300 pages (1 feuille = 2 pages)\n\t\t\t\t\t<\/p>\n<\/td>\n<\/tr>\n<tr>\n<td>\n<p>\n\t\t\t\t\t\tTaille\n\t\t\t\t\t<\/p>\n<\/td>\n<td>\n<p>\n\t\t\t\t\t\t9,5 pouces x 5,75 pouces ??24,8 cm x 14,6 cm??\n\t\t\t\t\t<\/p>\n<\/td>\n<\/tr>\n<tr>\n<td>\n<p>\n\t\t\t\t\t\tCouverture\n\t\t\t\t\t<\/p>\n<\/td>\n<td>\n<p>\n\t\t\t\t\t\tCarton ; conception sur mesure disponible\n\t\t\t\t\t<\/p>\n<\/td>\n<\/tr>\n<tr>\n<td>\n<p>\n\t\t\t\t\t\tObligatoire\n\t\t\t\t\t<\/p>\n<\/td>\n<td>\n<p>\n\t\t\t\t\t\tReliure spirale\n\t\t\t\t\t<\/p>\n<\/td>\n<\/tr>\n<tr>\n<td>\n<p>\n\t\t\t\t\t\tImpression int\u00e9rieure\n\t\t\t\t\t<\/p>\n<\/td>\n<td>\n<p>\n\t\t\t\t\t\tLignes \u00e9troites\n\t\t\t\t\t<\/p>\n<\/td>\n<\/tr>\n<tr>\n<td>\n<p>\n\t\t\t\t\t\tPapier int\u00e9rieur GSM&nbsp; &nbsp; &nbsp; &nbsp; &nbsp; &nbsp; &nbsp; &nbsp; &nbsp;\n\t\t\t\t\t<\/p>\n<\/td>\n<td>\n<p>\n\t\t\t\t\t\t50-60 g\/m\u00b2\n\t\t\t\t\t<\/p>\n<\/td>\n<\/tr>\n<tr>\n<td>\n<p>\n\t\t\t\t\t\tUsage\n\t\t\t\t\t<\/p>\n<\/td>\n<td>\n<p>\n\t\t\t\t\t\t\u00c9cole \/ Bureau \/ etc.\n\t\t\t\t\t<\/p>\n<\/td>\n<\/tr>\n<tr>\n<td>\n<p>\n\t\t\t\t\t\tEmballage\n\t\t\t\t\t<\/p>\n<\/td>\n<td>\n<p>\n\t\t\t\t\t\t24 pi\u00e8ces\/r\u00e9tractable, 24 pi\u00e8ces\/carton ou sur demande\n\t\t\t\t\t<\/p>\n<\/td>\n<\/tr>\n<tr>\n<td>\n<p>\n\t\t\t\t\t\tPrix&nbsp;\n\t\t\t\t\t<\/p>\n<\/td>\n<td>\n<p>\n\t\t\t\t\t\tLe bon prix sera mis \u00e0 jour d\u00e8s r\u00e9ception de votre demande d\u00e9taill\u00e9e&nbsp; &nbsp; &nbsp; &nbsp; &nbsp; &nbsp; &nbsp; &nbsp; &nbsp;&nbsp;\n\t\t\t\t\t<\/p>\n<\/td>\n<\/tr>\n<\/tbody>\n<\/table>\n<\/div>\n<\/div>\n<p style=\"text-indent:2em;\">\n\t\n<\/p>\n<h3 style=\"text-indent:2em;\">\n<\/h3>\n<h3 style=\"text-indent:2em;\">\n\tCahier \u00e0 spirales de tailles assorties comme suit :<br \/>\n<\/h3>\n<p style=\"text-indent:2em;\">\n\tCahier \u00e0 spirale 3\u00d75\n<\/p>\n<p style=\"text-indent:2em;\">\n\tCahier \u00e0 spirale 4\u00d76\n<\/p>\n<p style=\"text-indent:2em;\">\n\tCahier \u00e0 spirale 5\u00d77\n<\/p>\n<p style=\"text-indent:2em;\">\n\tCahier \u00e0 spirale 5\u00d78\n<\/p>\n<p style=\"text-indent:2em;\">\n\tCahier \u00e0 spirale 9\u00d76\n<\/p>\n<p style=\"text-indent:2em;\">\n\tcahier \u00e0 spirales A7\n<\/p>\n<p style=\"text-indent:2em;\">\n\tcahier \u00e0 spirale a6\n<\/p>\n<p style=\"text-indent:2em;\">\n\t\n<\/p>\n<p style=\"text-indent:2em;\">\n\tCahier d&#039;autres mati\u00e8res :\n<\/p>\n<p style=\"text-indent:2em;\">\n\tcahiers \u00e0 spirale \u00e0 sujet unique ;\n<\/p>\n<p style=\"text-indent:2em;\">\n\tcahiers \u00e0 spirale \u00e0 deux mati\u00e8res ;\n<\/p>\n<p style=\"text-indent:2em;\">\n\tCahier \u00e0 spirale 3 mati\u00e8res avec pochettes ;\n<\/p>\n<p style=\"text-indent:2em;\">\n\tCahier \u00e0 spirale 4 mati\u00e8res ;\n<\/p>\n<p style=\"text-indent:2em;\">\n\tCahier \u00e0 spirale 5 sujets avec pochettes;\n<\/p>\n<p style=\"text-indent:2em;\">\n\tCahier \u00e0 spirale 6 mati\u00e8res ;\n<\/p>\n<p style=\"text-indent:2em;\">\n\tcahier \u00e0 spirale multi-mati\u00e8res\n<\/p>\n<p style=\"text-indent:2em;\">\n\t\n<\/p>\n<p style=\"text-indent:2em;\">\n\tNos avantages ??\n<\/p>\n<p style=\"text-indent:2em;\">\n\tVous pouvez b\u00e9n\u00e9ficier d&#039;un service personnalis\u00e9 ;\n<\/p>\n<p style=\"text-indent:2em;\">\n\tVous pouvez b\u00e9n\u00e9ficier des avantages de la commande ;\n<\/p>\n<p style=\"text-indent:2em;\">\n\tVous pouvez b\u00e9n\u00e9ficier d&#039;une livraison rapide des marchandises ;\n<\/p>\n<p style=\"text-indent:2em;\">\n\tVous en avez pour votre argent, vous m\u00e9ritez une bonne qualit\u00e9.\n<\/p>\n<p style=\"text-indent:2em;\">\n\t\n<\/p>\n<p style=\"text-indent:2em;\">\n\t\n<\/p>\n<p style=\"text-indent:2em;\">\n\t\n<\/p>\n<h3 style=\"text-indent:2em;\">\n\t<br \/>\n<\/h3>\n<p style=\"text-indent:2em;\">\n\t\n<\/p>\n<p style=\"text-indent:2em;\">\n\t\n<\/p>\n<\/p><\/div>","protected":false},"excerpt":{"rendered":"<p>Cahier \u00e0 spirale jaune\/rouge avec intercalaires, lign\u00e9, 24,8 \u00d7 14,6 cm d&#039;\u00e9paisseur<\/p>\n<ul class=\"ptab-list clearfix\">\n<li>\n<p>Marque:<\/p>\n<p><span>Colorfly<\/span><\/li>\n<li>\n<p>Num\u00e9ro d&#039;article :<\/p>\n<p><span>CY-SN015<\/span><\/li>\n<li>\n<p>Port d&#039;exp\u00e9dition :<\/p>\n<p><span>Shanghai<\/span><\/li>\n<li>\n<p>Taper: <\/p>\n<p> <span>Cahier \u00e0 spirale<\/span><\/li>\n<li>\n<p>Taille: <\/p>\n<p> <span>9,5 pouces x 5,75 pouces ??24,8 cm x 14,6 cm??<\/span><\/li>\n<li>\n<p>Obligatoire: <\/p>\n<p> <span>Reliure spirale<\/span><\/li>\n<li>\n<p>Nombre de pages : <\/p>\n<p> <span>150 feuilles<\/span><\/li>\n<li>\n<p>Impression int\u00e9rieure : <\/p>\n<p> <span>Le coll\u00e8ge a statu\u00e9<\/span><\/li>\n<li>\n<p>Impression de la couverture : <\/p>\n<p> <span>Impression en couleur<\/span><\/li>\n<\/ul>","protected":false},"featured_media":11442,"comment_status":"open","ping_status":"closed","template":"","meta":[],"product_brand":[],"product_cat":[392],"product_tag":[399,401,400],"class_list":{"0":"post-11385","1":"product","2":"type-product","3":"status-publish","4":"has-post-thumbnail","6":"product_cat-spiral-notebook","7":"product_tag-3-subject-spiral-notebook-yellow","8":"product_tag-multi-subject-spiral-notebook","9":"product_tag-yellow-3-subject-notebook","11":"first","12":"instock","13":"shipping-taxable","14":"product-type-simple"},"yoast_head":"<!-- This site is optimized with the Yoast SEO Premium plugin v23.9 (Yoast SEO v25.2) - https:\/\/yoast.com\/wordpress\/plugins\/seo\/ -->\n<title>3 Subject Spiral Notebook Yellow - colorflyprinting<\/title>\n<meta name=\"robots\" content=\"index, follow, max-snippet:-1, max-image-preview:large, max-video-preview:-1\" \/>\n<link rel=\"canonical\" href=\"https:\/\/www.colorflyprinting.com\/fr\/produit\/cahier-a-spirale-3-matieres-jaune\/\" \/>\n<meta property=\"og:locale\" content=\"fr_FR\" \/>\n<meta property=\"og:type\" content=\"article\" \/>\n<meta property=\"og:title\" content=\"3 Subject Spiral Notebook Yellow\" \/>\n<meta property=\"og:description\" content=\"Yellow \/ red spiral notebook with subject dividers colleage ruled 24.8x14.6cmthick spiral notebook                                                    Brand:Colorfly                                                   Item NO.:CY-SN015                                                   Shipping Port:Shanghai                                                                                                                                                                                  Type: Spiral notebook                                 Size: 9.5in x 5.75in ??24.8cm x 14.6cm??                                 Binding: Spiral binding                                 Number of pages: 150 sheets                                 Inner printing: Colleage ruled                                 Cover printing: Full color printing\" \/>\n<meta property=\"og:url\" content=\"https:\/\/www.colorflyprinting.com\/fr\/produit\/cahier-a-spirale-3-matieres-jaune\/\" \/>\n<meta property=\"og:site_name\" content=\"colorflyprinting\" \/>\n<meta property=\"article:modified_time\" content=\"2025-05-09T14:02:44+00:00\" \/>\n<meta name=\"twitter:card\" content=\"summary_large_image\" \/>\n<meta name=\"twitter:label1\" content=\"Dur\u00e9e de lecture estim\u00e9e\" \/>\n\t<meta name=\"twitter:data1\" content=\"1 minute\" \/>\n<script type=\"application\/ld+json\" class=\"yoast-schema-graph\">{\"@context\":\"https:\/\/schema.org\",\"@graph\":[{\"@type\":\"WebPage\",\"@id\":\"https:\/\/www.colorflyprinting.com\/product\/3-subject-spiral-notebook-yellow\/\",\"url\":\"https:\/\/www.colorflyprinting.com\/product\/3-subject-spiral-notebook-yellow\/\",\"name\":\"3 Subject Spiral Notebook Yellow - colorflyprinting\",\"isPartOf\":{\"@id\":\"https:\/\/www.colorflyprinting.com\/#website\"},\"primaryImageOfPage\":{\"@id\":\"https:\/\/www.colorflyprinting.com\/product\/3-subject-spiral-notebook-yellow\/#primaryimage\"},\"image\":{\"@id\":\"https:\/\/www.colorflyprinting.com\/product\/3-subject-spiral-notebook-yellow\/#primaryimage\"},\"thumbnailUrl\":\"https:\/\/www.colorflyprinting.com\/wp-content\/uploads\/2025\/04\/acc8170aebe052e68c4af7992b723214_medium-1.jpg\",\"datePublished\":\"2025-04-22T01:22:09+00:00\",\"dateModified\":\"2025-05-09T14:02:44+00:00\",\"breadcrumb\":{\"@id\":\"https:\/\/www.colorflyprinting.com\/product\/3-subject-spiral-notebook-yellow\/#breadcrumb\"},\"inLanguage\":\"fr-FR\",\"potentialAction\":[{\"@type\":\"ReadAction\",\"target\":[\"https:\/\/www.colorflyprinting.com\/product\/3-subject-spiral-notebook-yellow\/\"]}]},{\"@type\":\"ImageObject\",\"inLanguage\":\"fr-FR\",\"@id\":\"https:\/\/www.colorflyprinting.com\/product\/3-subject-spiral-notebook-yellow\/#primaryimage\",\"url\":\"https:\/\/www.colorflyprinting.com\/wp-content\/uploads\/2025\/04\/acc8170aebe052e68c4af7992b723214_medium-1.jpg\",\"contentUrl\":\"https:\/\/www.colorflyprinting.com\/wp-content\/uploads\/2025\/04\/acc8170aebe052e68c4af7992b723214_medium-1.jpg\",\"width\":550,\"height\":550},{\"@type\":\"BreadcrumbList\",\"@id\":\"https:\/\/www.colorflyprinting.com\/product\/3-subject-spiral-notebook-yellow\/#breadcrumb\",\"itemListElement\":[{\"@type\":\"ListItem\",\"position\":1,\"name\":\"Home\",\"item\":\"https:\/\/www.colorflyprinting.com\/\"},{\"@type\":\"ListItem\",\"position\":2,\"name\":\"Product\",\"item\":\"https:\/\/www.colorflyprinting.com\/shop\/\"},{\"@type\":\"ListItem\",\"position\":3,\"name\":\"3 Subject Spiral Notebook Yellow\"}]},{\"@type\":\"WebSite\",\"@id\":\"https:\/\/www.colorflyprinting.com\/#website\",\"url\":\"https:\/\/www.colorflyprinting.com\/\",\"name\":\"Hefei Colorfly Stationery Co.,Ltd.\",\"description\":\"\",\"publisher\":{\"@id\":\"https:\/\/www.colorflyprinting.com\/#organization\"},\"potentialAction\":[{\"@type\":\"SearchAction\",\"target\":{\"@type\":\"EntryPoint\",\"urlTemplate\":\"https:\/\/www.colorflyprinting.com\/?s={search_term_string}\"},\"query-input\":{\"@type\":\"PropertyValueSpecification\",\"valueRequired\":true,\"valueName\":\"search_term_string\"}}],\"inLanguage\":\"fr-FR\"},{\"@type\":\"Organization\",\"@id\":\"https:\/\/www.colorflyprinting.com\/#organization\",\"name\":\"Hefei Colorfly Stationery Co.,Ltd.\",\"url\":\"https:\/\/www.colorflyprinting.com\/\",\"logo\":{\"@type\":\"ImageObject\",\"inLanguage\":\"fr-FR\",\"@id\":\"https:\/\/www.colorflyprinting.com\/#\/schema\/logo\/image\/\",\"url\":\"https:\/\/www.colorflyprinting.com\/wp-content\/uploads\/2025\/04\/d167665f943610681229e2f4307b9df.jpg\",\"contentUrl\":\"https:\/\/www.colorflyprinting.com\/wp-content\/uploads\/2025\/04\/d167665f943610681229e2f4307b9df.jpg\",\"width\":780,\"height\":780,\"caption\":\"Hefei Colorfly Stationery Co.,Ltd.\"},\"image\":{\"@id\":\"https:\/\/www.colorflyprinting.com\/#\/schema\/logo\/image\/\"}}]}<\/script>\n<!-- \/ Yoast SEO Premium plugin. -->","yoast_head_json":{"title":"3 Subject Spiral Notebook Yellow - colorflyprinting","robots":{"index":"index","follow":"follow","max-snippet":"max-snippet:-1","max-image-preview":"max-image-preview:large","max-video-preview":"max-video-preview:-1"},"canonical":"https:\/\/www.colorflyprinting.com\/fr\/produit\/cahier-a-spirale-3-matieres-jaune\/","og_locale":"fr_FR","og_type":"article","og_title":"3 Subject Spiral Notebook Yellow","og_description":"Yellow \/ red spiral notebook with subject dividers colleage ruled 24.8x14.6cmthick spiral notebook                                                    Brand:Colorfly                                                   Item NO.:CY-SN015                                                   Shipping Port:Shanghai                                                                                                                                                                                  Type: Spiral notebook                                 Size: 9.5in x 5.75in ??24.8cm x 14.6cm??                                 Binding: Spiral binding                                 Number of pages: 150 sheets                                 Inner printing: Colleage ruled                                 Cover printing: Full color printing","og_url":"https:\/\/www.colorflyprinting.com\/fr\/produit\/cahier-a-spirale-3-matieres-jaune\/","og_site_name":"colorflyprinting","article_modified_time":"2025-05-09T14:02:44+00:00","twitter_card":"summary_large_image","twitter_misc":{"Dur\u00e9e de lecture estim\u00e9e":"1 minute"},"schema":{"@context":"https:\/\/schema.org","@graph":[{"@type":"WebPage","@id":"https:\/\/www.colorflyprinting.com\/product\/3-subject-spiral-notebook-yellow\/","url":"https:\/\/www.colorflyprinting.com\/product\/3-subject-spiral-notebook-yellow\/","name":"3 Subject Spiral Notebook Yellow - colorflyprinting","isPartOf":{"@id":"https:\/\/www.colorflyprinting.com\/#website"},"primaryImageOfPage":{"@id":"https:\/\/www.colorflyprinting.com\/product\/3-subject-spiral-notebook-yellow\/#primaryimage"},"image":{"@id":"https:\/\/www.colorflyprinting.com\/product\/3-subject-spiral-notebook-yellow\/#primaryimage"},"thumbnailUrl":"https:\/\/www.colorflyprinting.com\/wp-content\/uploads\/2025\/04\/acc8170aebe052e68c4af7992b723214_medium-1.jpg","datePublished":"2025-04-22T01:22:09+00:00","dateModified":"2025-05-09T14:02:44+00:00","breadcrumb":{"@id":"https:\/\/www.colorflyprinting.com\/product\/3-subject-spiral-notebook-yellow\/#breadcrumb"},"inLanguage":"fr-FR","potentialAction":[{"@type":"ReadAction","target":["https:\/\/www.colorflyprinting.com\/product\/3-subject-spiral-notebook-yellow\/"]}]},{"@type":"ImageObject","inLanguage":"fr-FR","@id":"https:\/\/www.colorflyprinting.com\/product\/3-subject-spiral-notebook-yellow\/#primaryimage","url":"https:\/\/www.colorflyprinting.com\/wp-content\/uploads\/2025\/04\/acc8170aebe052e68c4af7992b723214_medium-1.jpg","contentUrl":"https:\/\/www.colorflyprinting.com\/wp-content\/uploads\/2025\/04\/acc8170aebe052e68c4af7992b723214_medium-1.jpg","width":550,"height":550},{"@type":"BreadcrumbList","@id":"https:\/\/www.colorflyprinting.com\/product\/3-subject-spiral-notebook-yellow\/#breadcrumb","itemListElement":[{"@type":"ListItem","position":1,"name":"Home","item":"https:\/\/www.colorflyprinting.com\/"},{"@type":"ListItem","position":2,"name":"Product","item":"https:\/\/www.colorflyprinting.com\/shop\/"},{"@type":"ListItem","position":3,"name":"3 Subject Spiral Notebook Yellow"}]},{"@type":"WebSite","@id":"https:\/\/www.colorflyprinting.com\/#website","url":"https:\/\/www.colorflyprinting.com\/","name":"Hefei Colorfly Stationery Co.,Ltd.","description":"","publisher":{"@id":"https:\/\/www.colorflyprinting.com\/#organization"},"potentialAction":[{"@type":"SearchAction","target":{"@type":"EntryPoint","urlTemplate":"https:\/\/www.colorflyprinting.com\/?s={search_term_string}"},"query-input":{"@type":"PropertyValueSpecification","valueRequired":true,"valueName":"search_term_string"}}],"inLanguage":"fr-FR"},{"@type":"Organization","@id":"https:\/\/www.colorflyprinting.com\/#organization","name":"Hefei Colorfly Stationery Co.,Ltd.","url":"https:\/\/www.colorflyprinting.com\/","logo":{"@type":"ImageObject","inLanguage":"fr-FR","@id":"https:\/\/www.colorflyprinting.com\/#\/schema\/logo\/image\/","url":"https:\/\/www.colorflyprinting.com\/wp-content\/uploads\/2025\/04\/d167665f943610681229e2f4307b9df.jpg","contentUrl":"https:\/\/www.colorflyprinting.com\/wp-content\/uploads\/2025\/04\/d167665f943610681229e2f4307b9df.jpg","width":780,"height":780,"caption":"Hefei Colorfly Stationery Co.,Ltd."},"image":{"@id":"https:\/\/www.colorflyprinting.com\/#\/schema\/logo\/image\/"}}]}},"_links":{"self":[{"href":"https:\/\/www.colorflyprinting.com\/fr\/wp-json\/wp\/v2\/product\/11385","targetHints":{"allow":["GET"]}}],"collection":[{"href":"https:\/\/www.colorflyprinting.com\/fr\/wp-json\/wp\/v2\/product"}],"about":[{"href":"https:\/\/www.colorflyprinting.com\/fr\/wp-json\/wp\/v2\/types\/product"}],"replies":[{"embeddable":true,"href":"https:\/\/www.colorflyprinting.com\/fr\/wp-json\/wp\/v2\/comments?post=11385"}],"wp:featuredmedia":[{"embeddable":true,"href":"https:\/\/www.colorflyprinting.com\/fr\/wp-json\/wp\/v2\/media\/11442"}],"wp:attachment":[{"href":"https:\/\/www.colorflyprinting.com\/fr\/wp-json\/wp\/v2\/media?parent=11385"}],"wp:term":[{"taxonomy":"product_brand","embeddable":true,"href":"https:\/\/www.colorflyprinting.com\/fr\/wp-json\/wp\/v2\/product_brand?post=11385"},{"taxonomy":"product_cat","embeddable":true,"href":"https:\/\/www.colorflyprinting.com\/fr\/wp-json\/wp\/v2\/product_cat?post=11385"},{"taxonomy":"product_tag","embeddable":true,"href":"https:\/\/www.colorflyprinting.com\/fr\/wp-json\/wp\/v2\/product_tag?post=11385"}],"curies":[{"name":"wp","href":"https:\/\/api.w.org\/{rel}","templated":true}]}}