{"id":11378,"date":"2025-04-22T01:22:09","date_gmt":"2025-04-22T01:22:09","guid":{"rendered":"https:\/\/www.colorflyprinting.com\/?post_type=product&#038;p=11378"},"modified":"2025-12-02T06:05:26","modified_gmt":"2025-12-02T06:05:26","slug":"personalized-green-composition-notebooks-9-75x7-5-notebook","status":"publish","type":"product","link":"https:\/\/www.colorflyprinting.com\/fr\/produit\/cahiers-de-composition-verts-personnalises-9-75x7-5\/","title":{"rendered":"Cahiers de composition verts personnalis\u00e9s 9,75 x 7,5"},"content":{"rendered":"<div class=\"text\">\n<div style=\"text-indent:2em;\">\n<div class=\"table-responsive\">\n<table border=\"1\">\n<tbody>\n<tr>\n<td>\n<p>\n\t\t\t\t\t\tNom du produit\n\t\t\t\t\t<\/p>\n<\/td>\n<td>\n<p>\n\t\t\t\t\t\tCahiers de composition verts personnalis\u00e9s 9,75 x 7,5\n\t\t\t\t\t<\/p>\n<\/td>\n<\/tr>\n<tr>\n<td>\n<p>\n\t\t\t\t\t\tFeuille ( page )\n\t\t\t\t\t<\/p>\n<\/td>\n<td>\n<p>\n\t\t\t\t\t\t72 feuilles = 144 pages (1 feuille = 2 pages)\n\t\t\t\t\t<\/p>\n<\/td>\n<\/tr>\n<tr>\n<td>\n<p>\n\t\t\t\t\t\tTaille\n\t\t\t\t\t<\/p>\n<\/td>\n<td>\n<p>\n\t\t\t\t\t\t9,75 \u00d7 7,5 pouces (19 \u00d7 24,7 cm)\n\t\t\t\t\t<\/p>\n<\/td>\n<\/tr>\n<tr>\n<td>\n<p>\n\t\t\t\t\t\tCouverture\n\t\t\t\t\t<\/p>\n<\/td>\n<td>\n<p>\n\t\t\t\t\t\tCarton ivoire 210g ; cr\u00e9ation sur mesure disponible\n\t\t\t\t\t<\/p>\n<\/td>\n<\/tr>\n<tr>\n<td>\n<p>\n\t\t\t\t\t\tObligatoire\n\t\t\t\t\t<\/p>\n<\/td>\n<td>\n<p>\n\t\t\t\t\t\tReliure agraf\u00e9e\n\t\t\t\t\t<\/p>\n<\/td>\n<\/tr>\n<tr>\n<td>\n<p>\n\t\t\t\t\t\tImpression int\u00e9rieure\n\t\t\t\t\t<\/p>\n<\/td>\n<td>\n<p>\n\t\t\t\t\t\tPapier lign\u00e9 fran\u00e7ais Seyes\n\t\t\t\t\t<\/p>\n<\/td>\n<\/tr>\n<tr>\n<td>\n<p>\n\t\t\t\t\t\tPapier int\u00e9rieur GSM&nbsp; &nbsp; &nbsp; &nbsp; &nbsp; &nbsp; &nbsp; &nbsp; &nbsp;\n\t\t\t\t\t<\/p>\n<\/td>\n<td>\n<p>\n\t\t\t\t\t\t50 g\/m\u00b2\n\t\t\t\t\t<\/p>\n<\/td>\n<\/tr>\n<tr>\n<td>\n<p>\n\t\t\t\t\t\tUsage\n\t\t\t\t\t<\/p>\n<\/td>\n<td>\n<p>\n\t\t\t\t\t\t\u00c9cole \/ Bureau \/ etc.\n\t\t\t\t\t<\/p>\n<\/td>\n<\/tr>\n<tr>\n<td>\n<p>\n\t\t\t\t\t\tEmballage\n\t\t\t\t\t<\/p>\n<\/td>\n<td>\n<p>\n\t\t\t\t\t\t5 pi\u00e8ces \/ r\u00e9tractable, 100 pi\u00e8ces \/ ctn\n\t\t\t\t\t<\/p>\n<\/td>\n<\/tr>\n<tr>\n<td>\n<p>\n\t\t\t\t\t\tPrix&nbsp;\n\t\t\t\t\t<\/p>\n<\/td>\n<td>\n<p>\n\t\t\t\t\t\tLe bon prix sera mis \u00e0 jour d\u00e8s r\u00e9ception de votre demande d\u00e9taill\u00e9e&nbsp; &nbsp; &nbsp; &nbsp; &nbsp; &nbsp; &nbsp; &nbsp; &nbsp; &nbsp; &nbsp;\n\t\t\t\t\t<\/p>\n<\/td>\n<\/tr>\n<\/tbody>\n<\/table>\n<\/div>\n<\/div>\n<p style=\"text-indent:2em;\">\n\t\n<\/p>\n<p style=\"text-indent:2em;\">\n\tConception de la couverture du cahier de composition : Couverture g\u00e9om\u00e9trique&nbsp;\n<\/p>\n<p style=\"text-indent:2em;\">\n\tCouleur : Couleur rouge et blanche\n<\/p>\n<p style=\"text-indent:2em;\">\n\tDiff\u00e9rents mod\u00e8les et couleurs disponibles sur demande\n<\/p>\n<p style=\"text-indent:2em;\">\n\t\n<\/p>\n<p style=\"text-indent:2em;\">\n\tReliure : Reliure agraf\u00e9e\n<\/p>\n<div style=\"text-indent:2em;\">\n\t\n<\/div>\n<p style=\"text-indent:2em;\">\n\tLigne fran\u00e7aise en option (ce type de ligne fait r\u00e9f\u00e9rence \u00e0 b), ou sur mesure disponible\n<\/p>\n<p style=\"text-indent:2em;\">\n\t\n<\/p>\n<p>\n\t<img decoding=\"async\" src=\"http:\/\/na288.seodyy.com\/js\/htmledit\/kindeditor\/attached\/20190618\/20190618120008_92820.jpg\" alt=\"\" style=\"height:auto;\">\n<\/p>\n<\/p><\/div>","protected":false},"excerpt":{"rendered":"<p>Cahier de composition blanc et vert style g\u00e9om\u00e9trique \u00e9toile et grille <\/p>\n<ul class=\"ptab-list clearfix\">\n<li>\n<p>Num\u00e9ro d&#039;article :<\/p>\n<p><span>CY-CN005<\/span><\/li>\n<li>\n<p>Taper: <\/p>\n<p> <span>Cahier de composition<\/span><\/li>\n<li>\n<p>Taille: <\/p>\n<p> <span>19 \u00d7 24,7 cm<\/span><\/li>\n<li>\n<p>Obligatoire: <\/p>\n<p> <span>Reliure \u00e0 agrafes<\/span><\/li>\n<li>\n<p>Nombre de pages : <\/p>\n<p> <span>72 feuilles<\/span><\/li>\n<li>\n<p>Impression int\u00e9rieure : <\/p>\n<p> <span>Les Fran\u00e7ais ont gouvern\u00e9<\/span><\/li>\n<li>\n<p>Impression de la couverture : <\/p>\n<p> <span>Couleur rouge et blanche<\/span><\/li>\n<\/ul>","protected":false},"featured_media":11435,"comment_status":"open","ping_status":"closed","template":"","meta":[],"product_brand":[],"product_cat":[449],"product_tag":[380,379,381],"class_list":{"0":"post-11378","1":"product","2":"type-product","3":"status-publish","4":"has-post-thumbnail","6":"product_cat-hardcover-notebook","7":"product_tag-green-composition-book","8":"product_tag-green-composition-notebook","9":"product_tag-personalized-composition-notebooks","11":"first","12":"instock","13":"featured","14":"shipping-taxable","15":"product-type-simple"},"yoast_head":"<!-- This site is optimized with the Yoast SEO Premium plugin v23.9 (Yoast SEO v25.2) - https:\/\/yoast.com\/wordpress\/plugins\/seo\/ -->\n<title>Personalized Green Composition Notebooks 9.75X7.5 Notebook - colorflyprinting<\/title>\n<meta name=\"robots\" content=\"index, follow, max-snippet:-1, max-image-preview:large, max-video-preview:-1\" \/>\n<link rel=\"canonical\" href=\"https:\/\/www.colorflyprinting.com\/fr\/produit\/cahiers-de-composition-verts-personnalises-9-75x7-5\/\" \/>\n<meta property=\"og:locale\" content=\"fr_FR\" \/>\n<meta property=\"og:type\" content=\"article\" \/>\n<meta property=\"og:title\" content=\"Personalized Green Composition Notebooks 9.75X7.5 Notebook\" \/>\n<meta property=\"og:description\" content=\"White and green composition book star and grid geometry style                                                                     Item NO.:CY-CN005                                                                                                                                                                                                  Type: Composition Notebook                                 Size: 19x24.7cm                                 Binding: Statple binding                                 Number of pages: 72 sheets                                 Inner printing: French ruled                                 Cover printing: Red and white color\" \/>\n<meta property=\"og:url\" content=\"https:\/\/www.colorflyprinting.com\/fr\/produit\/cahiers-de-composition-verts-personnalises-9-75x7-5\/\" \/>\n<meta property=\"og:site_name\" content=\"colorflyprinting\" \/>\n<meta property=\"article:modified_time\" content=\"2025-12-02T06:05:26+00:00\" \/>\n<meta property=\"og:image\" content=\"https:\/\/www.colorflyprinting.com\/wp-content\/uploads\/2025\/04\/d3e4d1f2f2ca03cd9e6b5004416a9d8c_medium-1.jpg\" \/>\n\t<meta property=\"og:image:width\" content=\"550\" \/>\n\t<meta property=\"og:image:height\" content=\"550\" \/>\n\t<meta property=\"og:image:type\" content=\"image\/jpeg\" \/>\n<meta name=\"twitter:card\" content=\"summary_large_image\" \/>\n<meta name=\"twitter:label1\" content=\"Dur\u00e9e de lecture estim\u00e9e\" \/>\n\t<meta name=\"twitter:data1\" content=\"1 minute\" \/>\n<script type=\"application\/ld+json\" class=\"yoast-schema-graph\">{\"@context\":\"https:\/\/schema.org\",\"@graph\":[{\"@type\":\"WebPage\",\"@id\":\"https:\/\/www.colorflyprinting.com\/product\/personalized-green-composition-notebooks-9-75x7-5-notebook\/\",\"url\":\"https:\/\/www.colorflyprinting.com\/product\/personalized-green-composition-notebooks-9-75x7-5-notebook\/\",\"name\":\"Personalized Green Composition Notebooks 9.75X7.5 Notebook - colorflyprinting\",\"isPartOf\":{\"@id\":\"https:\/\/www.colorflyprinting.com\/#website\"},\"primaryImageOfPage\":{\"@id\":\"https:\/\/www.colorflyprinting.com\/product\/personalized-green-composition-notebooks-9-75x7-5-notebook\/#primaryimage\"},\"image\":{\"@id\":\"https:\/\/www.colorflyprinting.com\/product\/personalized-green-composition-notebooks-9-75x7-5-notebook\/#primaryimage\"},\"thumbnailUrl\":\"https:\/\/www.colorflyprinting.com\/wp-content\/uploads\/2025\/04\/d3e4d1f2f2ca03cd9e6b5004416a9d8c_medium-1.jpg\",\"datePublished\":\"2025-04-22T01:22:09+00:00\",\"dateModified\":\"2025-12-02T06:05:26+00:00\",\"breadcrumb\":{\"@id\":\"https:\/\/www.colorflyprinting.com\/product\/personalized-green-composition-notebooks-9-75x7-5-notebook\/#breadcrumb\"},\"inLanguage\":\"fr-FR\",\"potentialAction\":[{\"@type\":\"ReadAction\",\"target\":[\"https:\/\/www.colorflyprinting.com\/product\/personalized-green-composition-notebooks-9-75x7-5-notebook\/\"]}]},{\"@type\":\"ImageObject\",\"inLanguage\":\"fr-FR\",\"@id\":\"https:\/\/www.colorflyprinting.com\/product\/personalized-green-composition-notebooks-9-75x7-5-notebook\/#primaryimage\",\"url\":\"https:\/\/www.colorflyprinting.com\/wp-content\/uploads\/2025\/04\/d3e4d1f2f2ca03cd9e6b5004416a9d8c_medium-1.jpg\",\"contentUrl\":\"https:\/\/www.colorflyprinting.com\/wp-content\/uploads\/2025\/04\/d3e4d1f2f2ca03cd9e6b5004416a9d8c_medium-1.jpg\",\"width\":550,\"height\":550},{\"@type\":\"BreadcrumbList\",\"@id\":\"https:\/\/www.colorflyprinting.com\/product\/personalized-green-composition-notebooks-9-75x7-5-notebook\/#breadcrumb\",\"itemListElement\":[{\"@type\":\"ListItem\",\"position\":1,\"name\":\"Home\",\"item\":\"https:\/\/www.colorflyprinting.com\/\"},{\"@type\":\"ListItem\",\"position\":2,\"name\":\"Product\",\"item\":\"https:\/\/www.colorflyprinting.com\/shop\/\"},{\"@type\":\"ListItem\",\"position\":3,\"name\":\"Personalized Green Composition Notebooks 9.75X7.5 Notebook\"}]},{\"@type\":\"WebSite\",\"@id\":\"https:\/\/www.colorflyprinting.com\/#website\",\"url\":\"https:\/\/www.colorflyprinting.com\/\",\"name\":\"Hefei Colorfly Stationery Co.,Ltd.\",\"description\":\"\",\"publisher\":{\"@id\":\"https:\/\/www.colorflyprinting.com\/#organization\"},\"potentialAction\":[{\"@type\":\"SearchAction\",\"target\":{\"@type\":\"EntryPoint\",\"urlTemplate\":\"https:\/\/www.colorflyprinting.com\/?s={search_term_string}\"},\"query-input\":{\"@type\":\"PropertyValueSpecification\",\"valueRequired\":true,\"valueName\":\"search_term_string\"}}],\"inLanguage\":\"fr-FR\"},{\"@type\":\"Organization\",\"@id\":\"https:\/\/www.colorflyprinting.com\/#organization\",\"name\":\"Hefei Colorfly Stationery Co.,Ltd.\",\"url\":\"https:\/\/www.colorflyprinting.com\/\",\"logo\":{\"@type\":\"ImageObject\",\"inLanguage\":\"fr-FR\",\"@id\":\"https:\/\/www.colorflyprinting.com\/#\/schema\/logo\/image\/\",\"url\":\"https:\/\/www.colorflyprinting.com\/wp-content\/uploads\/2025\/04\/d167665f943610681229e2f4307b9df.jpg\",\"contentUrl\":\"https:\/\/www.colorflyprinting.com\/wp-content\/uploads\/2025\/04\/d167665f943610681229e2f4307b9df.jpg\",\"width\":780,\"height\":780,\"caption\":\"Hefei Colorfly Stationery Co.,Ltd.\"},\"image\":{\"@id\":\"https:\/\/www.colorflyprinting.com\/#\/schema\/logo\/image\/\"}}]}<\/script>\n<!-- \/ Yoast SEO Premium plugin. -->","yoast_head_json":{"title":"Personalized Green Composition Notebooks 9.75X7.5 Notebook - colorflyprinting","robots":{"index":"index","follow":"follow","max-snippet":"max-snippet:-1","max-image-preview":"max-image-preview:large","max-video-preview":"max-video-preview:-1"},"canonical":"https:\/\/www.colorflyprinting.com\/fr\/produit\/cahiers-de-composition-verts-personnalises-9-75x7-5\/","og_locale":"fr_FR","og_type":"article","og_title":"Personalized Green Composition Notebooks 9.75X7.5 Notebook","og_description":"White and green composition book star and grid geometry style                                                                     Item NO.:CY-CN005                                                                                                                                                                                                  Type: Composition Notebook                                 Size: 19x24.7cm                                 Binding: Statple binding                                 Number of pages: 72 sheets                                 Inner printing: French ruled                                 Cover printing: Red and white color","og_url":"https:\/\/www.colorflyprinting.com\/fr\/produit\/cahiers-de-composition-verts-personnalises-9-75x7-5\/","og_site_name":"colorflyprinting","article_modified_time":"2025-12-02T06:05:26+00:00","og_image":[{"width":550,"height":550,"url":"https:\/\/www.colorflyprinting.com\/wp-content\/uploads\/2025\/04\/d3e4d1f2f2ca03cd9e6b5004416a9d8c_medium-1.jpg","type":"image\/jpeg"}],"twitter_card":"summary_large_image","twitter_misc":{"Dur\u00e9e de lecture estim\u00e9e":"1 minute"},"schema":{"@context":"https:\/\/schema.org","@graph":[{"@type":"WebPage","@id":"https:\/\/www.colorflyprinting.com\/product\/personalized-green-composition-notebooks-9-75x7-5-notebook\/","url":"https:\/\/www.colorflyprinting.com\/product\/personalized-green-composition-notebooks-9-75x7-5-notebook\/","name":"Personalized Green Composition Notebooks 9.75X7.5 Notebook - colorflyprinting","isPartOf":{"@id":"https:\/\/www.colorflyprinting.com\/#website"},"primaryImageOfPage":{"@id":"https:\/\/www.colorflyprinting.com\/product\/personalized-green-composition-notebooks-9-75x7-5-notebook\/#primaryimage"},"image":{"@id":"https:\/\/www.colorflyprinting.com\/product\/personalized-green-composition-notebooks-9-75x7-5-notebook\/#primaryimage"},"thumbnailUrl":"https:\/\/www.colorflyprinting.com\/wp-content\/uploads\/2025\/04\/d3e4d1f2f2ca03cd9e6b5004416a9d8c_medium-1.jpg","datePublished":"2025-04-22T01:22:09+00:00","dateModified":"2025-12-02T06:05:26+00:00","breadcrumb":{"@id":"https:\/\/www.colorflyprinting.com\/product\/personalized-green-composition-notebooks-9-75x7-5-notebook\/#breadcrumb"},"inLanguage":"fr-FR","potentialAction":[{"@type":"ReadAction","target":["https:\/\/www.colorflyprinting.com\/product\/personalized-green-composition-notebooks-9-75x7-5-notebook\/"]}]},{"@type":"ImageObject","inLanguage":"fr-FR","@id":"https:\/\/www.colorflyprinting.com\/product\/personalized-green-composition-notebooks-9-75x7-5-notebook\/#primaryimage","url":"https:\/\/www.colorflyprinting.com\/wp-content\/uploads\/2025\/04\/d3e4d1f2f2ca03cd9e6b5004416a9d8c_medium-1.jpg","contentUrl":"https:\/\/www.colorflyprinting.com\/wp-content\/uploads\/2025\/04\/d3e4d1f2f2ca03cd9e6b5004416a9d8c_medium-1.jpg","width":550,"height":550},{"@type":"BreadcrumbList","@id":"https:\/\/www.colorflyprinting.com\/product\/personalized-green-composition-notebooks-9-75x7-5-notebook\/#breadcrumb","itemListElement":[{"@type":"ListItem","position":1,"name":"Home","item":"https:\/\/www.colorflyprinting.com\/"},{"@type":"ListItem","position":2,"name":"Product","item":"https:\/\/www.colorflyprinting.com\/shop\/"},{"@type":"ListItem","position":3,"name":"Personalized Green Composition Notebooks 9.75X7.5 Notebook"}]},{"@type":"WebSite","@id":"https:\/\/www.colorflyprinting.com\/#website","url":"https:\/\/www.colorflyprinting.com\/","name":"Hefei Colorfly Stationery Co.,Ltd.","description":"","publisher":{"@id":"https:\/\/www.colorflyprinting.com\/#organization"},"potentialAction":[{"@type":"SearchAction","target":{"@type":"EntryPoint","urlTemplate":"https:\/\/www.colorflyprinting.com\/?s={search_term_string}"},"query-input":{"@type":"PropertyValueSpecification","valueRequired":true,"valueName":"search_term_string"}}],"inLanguage":"fr-FR"},{"@type":"Organization","@id":"https:\/\/www.colorflyprinting.com\/#organization","name":"Hefei Colorfly Stationery Co.,Ltd.","url":"https:\/\/www.colorflyprinting.com\/","logo":{"@type":"ImageObject","inLanguage":"fr-FR","@id":"https:\/\/www.colorflyprinting.com\/#\/schema\/logo\/image\/","url":"https:\/\/www.colorflyprinting.com\/wp-content\/uploads\/2025\/04\/d167665f943610681229e2f4307b9df.jpg","contentUrl":"https:\/\/www.colorflyprinting.com\/wp-content\/uploads\/2025\/04\/d167665f943610681229e2f4307b9df.jpg","width":780,"height":780,"caption":"Hefei Colorfly Stationery Co.,Ltd."},"image":{"@id":"https:\/\/www.colorflyprinting.com\/#\/schema\/logo\/image\/"}}]}},"_links":{"self":[{"href":"https:\/\/www.colorflyprinting.com\/fr\/wp-json\/wp\/v2\/product\/11378","targetHints":{"allow":["GET"]}}],"collection":[{"href":"https:\/\/www.colorflyprinting.com\/fr\/wp-json\/wp\/v2\/product"}],"about":[{"href":"https:\/\/www.colorflyprinting.com\/fr\/wp-json\/wp\/v2\/types\/product"}],"replies":[{"embeddable":true,"href":"https:\/\/www.colorflyprinting.com\/fr\/wp-json\/wp\/v2\/comments?post=11378"}],"wp:featuredmedia":[{"embeddable":true,"href":"https:\/\/www.colorflyprinting.com\/fr\/wp-json\/wp\/v2\/media\/11435"}],"wp:attachment":[{"href":"https:\/\/www.colorflyprinting.com\/fr\/wp-json\/wp\/v2\/media?parent=11378"}],"wp:term":[{"taxonomy":"product_brand","embeddable":true,"href":"https:\/\/www.colorflyprinting.com\/fr\/wp-json\/wp\/v2\/product_brand?post=11378"},{"taxonomy":"product_cat","embeddable":true,"href":"https:\/\/www.colorflyprinting.com\/fr\/wp-json\/wp\/v2\/product_cat?post=11378"},{"taxonomy":"product_tag","embeddable":true,"href":"https:\/\/www.colorflyprinting.com\/fr\/wp-json\/wp\/v2\/product_tag?post=11378"}],"curies":[{"name":"wp","href":"https:\/\/api.w.org\/{rel}","templated":true}]}}