{"id":11372,"date":"2025-04-22T01:22:08","date_gmt":"2025-04-22T01:22:08","guid":{"rendered":"https:\/\/www.colorflyprinting.com\/?post_type=product&#038;p=11372"},"modified":"2025-12-02T06:07:05","modified_gmt":"2025-12-02T06:07:05","slug":"primary-school-wide-ruled-bulk-composition-book","status":"publish","type":"product","link":"https:\/\/www.colorflyprinting.com\/fr\/produit\/cahier-de-composition-en-vrac-ligne-pour-lecole-primaire\/","title":{"rendered":"Cahier de composition en vrac \u00e0 lignes larges pour l&#039;\u00e9cole primaire"},"content":{"rendered":"<div class=\"text\">\n<p>\n\t\n<\/p>\n<p>\n\tCahier de composition lign\u00e9 pour l&#039;\u00e9cole\n<\/p>\n<p>\n\tTaille : 19 \u00d7 24,7 cm\n<\/p>\n<p>\n\t\n<\/p>\n<p>\n\tCouverture:&nbsp;\n<\/p>\n<p>\n\t1. Plus de mod\u00e8les pour votre option, fournissez des mod\u00e8les gratuits sur demande\n<\/p>\n<p>\n\t2. Mat\u00e9riau double panneau + laminage UV\n<\/p>\n<p>\n\t3. Personnalisez votre logo\n<\/p>\n<p>\n\t4. Coin arrondi\n<\/p>\n<p>\n\t5. Int\u00e9rieur de la couverture avant et arri\u00e8re : tableaux de planification et de mesures, etc.\n<\/p>\n<p>\n\t\n<\/p>\n<p>\n\tLes pages de ce cahier de composition :\n<\/p>\n<ul>\n<li>\n\t\t100 feuilles = 200 pages\n\t<\/li>\n<\/ul>\n<p>\n\t\n<\/p>\n<p>\n\tPapier d&#039;impression int\u00e9rieur assorti comme suit :\n<\/p>\n<p>\n\t1. Larges lignes&nbsp;\n<\/p>\n<p>\n\t2. Le coll\u00e8ge a statu\u00e9\n<\/p>\n<p>\n\t\n<\/p>\n<p>\n\tReliure de cahier de composition :\n<\/p>\n<p>\n\tReliure cousue + reliure \u00e0 ruban adh\u00e9sif\n<\/p>\n<p>\n\t\n<\/p>\n<p>\n\tMOQ : le conteneur de 20 pieds comprend 8 mod\u00e8les gratuits\n<\/p>\n<p>\n\t\n<\/p>\n<p>\n\tQuelques photos de salons professionnels ?\n<\/p>\n<p>\n\t<img decoding=\"async\" src=\"\/js\/htmledit\/kindeditor\/attached\/20200529\/20200529134655_14814.jpg\" alt=\"\">\n<\/p>\n<p>\n\t\n<\/p>\n<p>\n\t\n<\/p>\n<\/p><\/div>","protected":false},"excerpt":{"rendered":"<p>Cahier de composition lign\u00e9 de 100 feuilles de haute qualit\u00e9 pour les \u00e9l\u00e8ves<\/p>\n<ul class=\"ptab-list clearfix\">\n<li>\n<p>Origine du produit :<\/p>\n<p><span>Chine<\/span><\/li>\n<li>\n<p>Marque:<\/p>\n<p><span>Colorfly<\/span><\/li>\n<li>\n<p>Num\u00e9ro d&#039;article :<\/p>\n<p><span>CY-19024701<\/span><\/li>\n<li>\n<p>Port d&#039;exp\u00e9dition :<\/p>\n<p><span>Nanjing??Shanghai etc.<\/span><\/li>\n<li>\n<p>Quantit\u00e9 minimale de commande :<\/p>\n<p><span>conteneur de 20 pieds<\/span><\/li>\n<li>\n<p>Taper: <\/p>\n<p> <span>Cahier de composition \u00e0 larges lignes<\/span><\/li>\n<li>\n<p>Taille: <\/p>\n<p> <span>19 \u00d7 24,7 cm<\/span><\/li>\n<li>\n<p>Obligatoire: <\/p>\n<p> <span>Ruban adh\u00e9sif + reliure cousue<\/span><\/li>\n<li>\n<p>Nombre de pages : <\/p>\n<p> <span>100 feuilles<\/span><\/li>\n<li>\n<p>Impression int\u00e9rieure : <\/p>\n<p> <span>Larges lignes\/lignes coll\u00e9giales<\/span><\/li>\n<li>\n<p>Impression de la couverture : <\/p>\n<p> <span>Impression en quatre couleurs + vernis UV<\/span><\/li>\n<\/ul>","protected":false},"featured_media":11410,"comment_status":"open","ping_status":"closed","template":"","meta":[],"product_brand":[],"product_cat":[449],"product_tag":[362,364,363],"class_list":{"0":"post-11372","1":"product","2":"type-product","3":"status-publish","4":"has-post-thumbnail","6":"product_cat-hardcover-notebook","7":"product_tag-bulk-composition-book","8":"product_tag-composition-book","9":"product_tag-composition-notebook","11":"first","12":"instock","13":"featured","14":"shipping-taxable","15":"product-type-simple"},"yoast_head":"<!-- This site is optimized with the Yoast SEO Premium plugin v23.9 (Yoast SEO v25.2) - https:\/\/yoast.com\/wordpress\/plugins\/seo\/ -->\n<title>Primary School Wide Ruled Bulk Composition Book - colorflyprinting<\/title>\n<meta name=\"robots\" content=\"index, follow, max-snippet:-1, max-image-preview:large, max-video-preview:-1\" \/>\n<link rel=\"canonical\" href=\"https:\/\/www.colorflyprinting.com\/fr\/produit\/cahier-de-composition-en-vrac-ligne-pour-lecole-primaire\/\" \/>\n<meta property=\"og:locale\" content=\"fr_FR\" \/>\n<meta property=\"og:type\" content=\"article\" \/>\n<meta property=\"og:title\" content=\"Primary School Wide Ruled Bulk Composition Book\" \/>\n<meta property=\"og:description\" content=\"100sheets wide ruled composition book with high quality for school students                                   Product Origin:China                                                    Brand:Colorfly                                                   Item NO.:CY-19024701                                                   Shipping Port:nanjing??shanghai etc                                                                                                   MOQ:20 foot container                                                                                                                  Type: Wide ruled composition book                                 Size: 19x24.7cm                                 Binding: Tape+sewn binding                                 Number of pages: 100 sheets                                 Inner printing: Wide ruled\/ college ruled                                 Cover printing: Four colors printing + UV vanish\" \/>\n<meta property=\"og:url\" content=\"https:\/\/www.colorflyprinting.com\/fr\/produit\/cahier-de-composition-en-vrac-ligne-pour-lecole-primaire\/\" \/>\n<meta property=\"og:site_name\" content=\"colorflyprinting\" \/>\n<meta property=\"article:modified_time\" content=\"2025-12-02T06:07:05+00:00\" \/>\n<meta property=\"og:image\" content=\"https:\/\/www.colorflyprinting.com\/wp-content\/uploads\/2025\/04\/017b9a241fca4f5dccf3f95266108238_medium-1.jpg\" \/>\n\t<meta property=\"og:image:width\" content=\"550\" \/>\n\t<meta property=\"og:image:height\" content=\"550\" \/>\n\t<meta property=\"og:image:type\" content=\"image\/jpeg\" \/>\n<meta name=\"twitter:card\" content=\"summary_large_image\" \/>\n<script type=\"application\/ld+json\" class=\"yoast-schema-graph\">{\"@context\":\"https:\/\/schema.org\",\"@graph\":[{\"@type\":\"WebPage\",\"@id\":\"https:\/\/www.colorflyprinting.com\/product\/primary-school-wide-ruled-bulk-composition-book\/\",\"url\":\"https:\/\/www.colorflyprinting.com\/product\/primary-school-wide-ruled-bulk-composition-book\/\",\"name\":\"Primary School Wide Ruled Bulk Composition Book - colorflyprinting\",\"isPartOf\":{\"@id\":\"https:\/\/www.colorflyprinting.com\/#website\"},\"primaryImageOfPage\":{\"@id\":\"https:\/\/www.colorflyprinting.com\/product\/primary-school-wide-ruled-bulk-composition-book\/#primaryimage\"},\"image\":{\"@id\":\"https:\/\/www.colorflyprinting.com\/product\/primary-school-wide-ruled-bulk-composition-book\/#primaryimage\"},\"thumbnailUrl\":\"https:\/\/www.colorflyprinting.com\/wp-content\/uploads\/2025\/04\/017b9a241fca4f5dccf3f95266108238_medium-1.jpg\",\"datePublished\":\"2025-04-22T01:22:08+00:00\",\"dateModified\":\"2025-12-02T06:07:05+00:00\",\"breadcrumb\":{\"@id\":\"https:\/\/www.colorflyprinting.com\/product\/primary-school-wide-ruled-bulk-composition-book\/#breadcrumb\"},\"inLanguage\":\"fr-FR\",\"potentialAction\":[{\"@type\":\"ReadAction\",\"target\":[\"https:\/\/www.colorflyprinting.com\/product\/primary-school-wide-ruled-bulk-composition-book\/\"]}]},{\"@type\":\"ImageObject\",\"inLanguage\":\"fr-FR\",\"@id\":\"https:\/\/www.colorflyprinting.com\/product\/primary-school-wide-ruled-bulk-composition-book\/#primaryimage\",\"url\":\"https:\/\/www.colorflyprinting.com\/wp-content\/uploads\/2025\/04\/017b9a241fca4f5dccf3f95266108238_medium-1.jpg\",\"contentUrl\":\"https:\/\/www.colorflyprinting.com\/wp-content\/uploads\/2025\/04\/017b9a241fca4f5dccf3f95266108238_medium-1.jpg\",\"width\":550,\"height\":550},{\"@type\":\"BreadcrumbList\",\"@id\":\"https:\/\/www.colorflyprinting.com\/product\/primary-school-wide-ruled-bulk-composition-book\/#breadcrumb\",\"itemListElement\":[{\"@type\":\"ListItem\",\"position\":1,\"name\":\"Home\",\"item\":\"https:\/\/www.colorflyprinting.com\/\"},{\"@type\":\"ListItem\",\"position\":2,\"name\":\"Product\",\"item\":\"https:\/\/www.colorflyprinting.com\/shop\/\"},{\"@type\":\"ListItem\",\"position\":3,\"name\":\"Primary School Wide Ruled Bulk Composition Book\"}]},{\"@type\":\"WebSite\",\"@id\":\"https:\/\/www.colorflyprinting.com\/#website\",\"url\":\"https:\/\/www.colorflyprinting.com\/\",\"name\":\"Hefei Colorfly Stationery Co.,Ltd.\",\"description\":\"\",\"publisher\":{\"@id\":\"https:\/\/www.colorflyprinting.com\/#organization\"},\"potentialAction\":[{\"@type\":\"SearchAction\",\"target\":{\"@type\":\"EntryPoint\",\"urlTemplate\":\"https:\/\/www.colorflyprinting.com\/?s={search_term_string}\"},\"query-input\":{\"@type\":\"PropertyValueSpecification\",\"valueRequired\":true,\"valueName\":\"search_term_string\"}}],\"inLanguage\":\"fr-FR\"},{\"@type\":\"Organization\",\"@id\":\"https:\/\/www.colorflyprinting.com\/#organization\",\"name\":\"Hefei Colorfly Stationery Co.,Ltd.\",\"url\":\"https:\/\/www.colorflyprinting.com\/\",\"logo\":{\"@type\":\"ImageObject\",\"inLanguage\":\"fr-FR\",\"@id\":\"https:\/\/www.colorflyprinting.com\/#\/schema\/logo\/image\/\",\"url\":\"https:\/\/www.colorflyprinting.com\/wp-content\/uploads\/2025\/04\/d167665f943610681229e2f4307b9df.jpg\",\"contentUrl\":\"https:\/\/www.colorflyprinting.com\/wp-content\/uploads\/2025\/04\/d167665f943610681229e2f4307b9df.jpg\",\"width\":780,\"height\":780,\"caption\":\"Hefei Colorfly Stationery Co.,Ltd.\"},\"image\":{\"@id\":\"https:\/\/www.colorflyprinting.com\/#\/schema\/logo\/image\/\"}}]}<\/script>\n<!-- \/ Yoast SEO Premium plugin. -->","yoast_head_json":{"title":"Primary School Wide Ruled Bulk Composition Book - colorflyprinting","robots":{"index":"index","follow":"follow","max-snippet":"max-snippet:-1","max-image-preview":"max-image-preview:large","max-video-preview":"max-video-preview:-1"},"canonical":"https:\/\/www.colorflyprinting.com\/fr\/produit\/cahier-de-composition-en-vrac-ligne-pour-lecole-primaire\/","og_locale":"fr_FR","og_type":"article","og_title":"Primary School Wide Ruled Bulk Composition Book","og_description":"100sheets wide ruled composition book with high quality for school students                                   Product Origin:China                                                    Brand:Colorfly                                                   Item NO.:CY-19024701                                                   Shipping Port:nanjing??shanghai etc                                                                                                   MOQ:20 foot container                                                                                                                  Type: Wide ruled composition book                                 Size: 19x24.7cm                                 Binding: Tape+sewn binding                                 Number of pages: 100 sheets                                 Inner printing: Wide ruled\/ college ruled                                 Cover printing: Four colors printing + UV vanish","og_url":"https:\/\/www.colorflyprinting.com\/fr\/produit\/cahier-de-composition-en-vrac-ligne-pour-lecole-primaire\/","og_site_name":"colorflyprinting","article_modified_time":"2025-12-02T06:07:05+00:00","og_image":[{"width":550,"height":550,"url":"https:\/\/www.colorflyprinting.com\/wp-content\/uploads\/2025\/04\/017b9a241fca4f5dccf3f95266108238_medium-1.jpg","type":"image\/jpeg"}],"twitter_card":"summary_large_image","schema":{"@context":"https:\/\/schema.org","@graph":[{"@type":"WebPage","@id":"https:\/\/www.colorflyprinting.com\/product\/primary-school-wide-ruled-bulk-composition-book\/","url":"https:\/\/www.colorflyprinting.com\/product\/primary-school-wide-ruled-bulk-composition-book\/","name":"Primary School Wide Ruled Bulk Composition Book - colorflyprinting","isPartOf":{"@id":"https:\/\/www.colorflyprinting.com\/#website"},"primaryImageOfPage":{"@id":"https:\/\/www.colorflyprinting.com\/product\/primary-school-wide-ruled-bulk-composition-book\/#primaryimage"},"image":{"@id":"https:\/\/www.colorflyprinting.com\/product\/primary-school-wide-ruled-bulk-composition-book\/#primaryimage"},"thumbnailUrl":"https:\/\/www.colorflyprinting.com\/wp-content\/uploads\/2025\/04\/017b9a241fca4f5dccf3f95266108238_medium-1.jpg","datePublished":"2025-04-22T01:22:08+00:00","dateModified":"2025-12-02T06:07:05+00:00","breadcrumb":{"@id":"https:\/\/www.colorflyprinting.com\/product\/primary-school-wide-ruled-bulk-composition-book\/#breadcrumb"},"inLanguage":"fr-FR","potentialAction":[{"@type":"ReadAction","target":["https:\/\/www.colorflyprinting.com\/product\/primary-school-wide-ruled-bulk-composition-book\/"]}]},{"@type":"ImageObject","inLanguage":"fr-FR","@id":"https:\/\/www.colorflyprinting.com\/product\/primary-school-wide-ruled-bulk-composition-book\/#primaryimage","url":"https:\/\/www.colorflyprinting.com\/wp-content\/uploads\/2025\/04\/017b9a241fca4f5dccf3f95266108238_medium-1.jpg","contentUrl":"https:\/\/www.colorflyprinting.com\/wp-content\/uploads\/2025\/04\/017b9a241fca4f5dccf3f95266108238_medium-1.jpg","width":550,"height":550},{"@type":"BreadcrumbList","@id":"https:\/\/www.colorflyprinting.com\/product\/primary-school-wide-ruled-bulk-composition-book\/#breadcrumb","itemListElement":[{"@type":"ListItem","position":1,"name":"Home","item":"https:\/\/www.colorflyprinting.com\/"},{"@type":"ListItem","position":2,"name":"Product","item":"https:\/\/www.colorflyprinting.com\/shop\/"},{"@type":"ListItem","position":3,"name":"Primary School Wide Ruled Bulk Composition Book"}]},{"@type":"WebSite","@id":"https:\/\/www.colorflyprinting.com\/#website","url":"https:\/\/www.colorflyprinting.com\/","name":"Hefei Colorfly Stationery Co.,Ltd.","description":"","publisher":{"@id":"https:\/\/www.colorflyprinting.com\/#organization"},"potentialAction":[{"@type":"SearchAction","target":{"@type":"EntryPoint","urlTemplate":"https:\/\/www.colorflyprinting.com\/?s={search_term_string}"},"query-input":{"@type":"PropertyValueSpecification","valueRequired":true,"valueName":"search_term_string"}}],"inLanguage":"fr-FR"},{"@type":"Organization","@id":"https:\/\/www.colorflyprinting.com\/#organization","name":"Hefei Colorfly Stationery Co.,Ltd.","url":"https:\/\/www.colorflyprinting.com\/","logo":{"@type":"ImageObject","inLanguage":"fr-FR","@id":"https:\/\/www.colorflyprinting.com\/#\/schema\/logo\/image\/","url":"https:\/\/www.colorflyprinting.com\/wp-content\/uploads\/2025\/04\/d167665f943610681229e2f4307b9df.jpg","contentUrl":"https:\/\/www.colorflyprinting.com\/wp-content\/uploads\/2025\/04\/d167665f943610681229e2f4307b9df.jpg","width":780,"height":780,"caption":"Hefei Colorfly Stationery Co.,Ltd."},"image":{"@id":"https:\/\/www.colorflyprinting.com\/#\/schema\/logo\/image\/"}}]}},"_links":{"self":[{"href":"https:\/\/www.colorflyprinting.com\/fr\/wp-json\/wp\/v2\/product\/11372","targetHints":{"allow":["GET"]}}],"collection":[{"href":"https:\/\/www.colorflyprinting.com\/fr\/wp-json\/wp\/v2\/product"}],"about":[{"href":"https:\/\/www.colorflyprinting.com\/fr\/wp-json\/wp\/v2\/types\/product"}],"replies":[{"embeddable":true,"href":"https:\/\/www.colorflyprinting.com\/fr\/wp-json\/wp\/v2\/comments?post=11372"}],"wp:featuredmedia":[{"embeddable":true,"href":"https:\/\/www.colorflyprinting.com\/fr\/wp-json\/wp\/v2\/media\/11410"}],"wp:attachment":[{"href":"https:\/\/www.colorflyprinting.com\/fr\/wp-json\/wp\/v2\/media?parent=11372"}],"wp:term":[{"taxonomy":"product_brand","embeddable":true,"href":"https:\/\/www.colorflyprinting.com\/fr\/wp-json\/wp\/v2\/product_brand?post=11372"},{"taxonomy":"product_cat","embeddable":true,"href":"https:\/\/www.colorflyprinting.com\/fr\/wp-json\/wp\/v2\/product_cat?post=11372"},{"taxonomy":"product_tag","embeddable":true,"href":"https:\/\/www.colorflyprinting.com\/fr\/wp-json\/wp\/v2\/product_tag?post=11372"}],"curies":[{"name":"wp","href":"https:\/\/api.w.org\/{rel}","templated":true}]}}