{"id":11336,"date":"2025-04-22T01:21:47","date_gmt":"2025-04-22T01:21:47","guid":{"rendered":"https:\/\/www.colorflyprinting.com\/?post_type=product&#038;p=11336"},"modified":"2025-12-02T06:09:55","modified_gmt":"2025-12-02T06:09:55","slug":"tanzania-3-quier-couter-book","status":"publish","type":"product","link":"https:\/\/www.colorflyprinting.com\/fr\/produit\/tanzanie-3-quier-couter-book\/","title":{"rendered":"Livre Tanzanie 3 Quier Couter"},"content":{"rendered":"<div class=\"text\">\n<p style=\"text-indent:2em;\">\n\t\n<\/p>\n<p style=\"text-indent:2em;\">\n\tNote :\n<\/p>\n<p style=\"text-indent:2em;\">\n\t1 livre de comptoir Quire\n<\/p>\n<p style=\"text-indent:2em;\">\n\t2 Livre de comptoir Quire\n<\/p>\n<p style=\"text-indent:2em;\">\n\t3 Livre de comptoir Quire\n<\/p>\n<p style=\"text-indent:2em;\">\n\t4 Livre de comptoir Quire\n<\/p>\n<p style=\"text-indent:2em;\">\n\tDisponible chez Colorfly, logo, couverture, etc. personnalis\u00e9s selon votre demande.\n<\/p>\n<p style=\"text-indent:2em;\">\n\t\n<\/p>\n<p style=\"text-indent:2em;\">\n<div class=\"table-responsive\">\n<table border=\"1\">\n<tbody>\n<tr>\n<td>\n<p>\n\t\t\t\t\t\tNom du produit\n\t\t\t\t\t<\/p>\n<\/td>\n<td>\n<p>\n\t\t\t\t\t\t3 Quier 288 pages Livre de comptoir \u00e0 couverture rigide<br \/>\n  Pour l&#039;\u00e9cole\n\t\t\t\t\t<\/p>\n<\/td>\n<\/tr>\n<tr>\n<td>\n<p>\n\t\t\t\t\t\tFeuille ( page )\n\t\t\t\t\t<\/p>\n<\/td>\n<td>\n<p>\n\t\t\t\t\t\t144 feuilles = 288 pages (1 feuille = 2 pages)\n\t\t\t\t\t<\/p>\n<\/td>\n<\/tr>\n<tr>\n<td>\n<p>\n\t\t\t\t\t\tTaille\n\t\t\t\t\t<\/p>\n<\/td>\n<td>\n<p>\n\t\t\t\t\t\t20x31cm\n\t\t\t\t\t<\/p>\n<\/td>\n<\/tr>\n<tr>\n<td>\n<p>\n\t\t\t\t\t\tCouverture\n\t\t\t\t\t<\/p>\n<\/td>\n<td>\n<p>\n\t\t\t\t\t\tCarton gris + pelliculage ; sur mesure<br \/>\n  conception disponible\n\t\t\t\t\t<\/p>\n<\/td>\n<\/tr>\n<tr>\n<td>\n<p>\n\t\t\t\t\t\tObligatoire\n\t\t\t\t\t<\/p>\n<\/td>\n<td>\n<p>\n\t\t\t\t\t\tReliure \u00e0 coudre + reliure \u00e0 ruban\n\t\t\t\t\t<\/p>\n<\/td>\n<\/tr>\n<tr>\n<td>\n<p>\n\t\t\t\t\t\tImpression int\u00e9rieure\n\t\t\t\t\t<\/p>\n<\/td>\n<td>\n<p>\n\t\t\t\t\t\tFeinte et marge\n\t\t\t\t\t<\/p>\n<\/td>\n<\/tr>\n<tr>\n<td>\n<p>\n\t\t\t\t\t\tPapier int\u00e9rieur GSM&nbsp; &nbsp; &nbsp; &nbsp; &nbsp; &nbsp;&nbsp;\n\t\t\t\t\t<\/p>\n<\/td>\n<td>\n<p>\n\t\t\t\t\t\t50\/55\/60 g\/m\u00b2\n\t\t\t\t\t<\/p>\n<\/td>\n<\/tr>\n<tr>\n<td>\n<p>\n\t\t\t\t\t\tUsage\n\t\t\t\t\t<\/p>\n<\/td>\n<td>\n<p>\n\t\t\t\t\t\t\u00c9cole \/ Bureau \/ etc.\n\t\t\t\t\t<\/p>\n<\/td>\n<\/tr>\n<tr>\n<td>\n<p>\n\t\t\t\t\t\tEmballage\n\t\t\t\t\t<\/p>\n<\/td>\n<td>\n<p>\n\t\t\t\t\t\t2 pi\u00e8ces \/ r\u00e9tractable, 40 pi\u00e8ces \/ ctn\n\t\t\t\t\t<\/p>\n<\/td>\n<\/tr>\n<tr>\n<td>\n<p>\n\t\t\t\t\t\tPrix\n\t\t\t\t\t<\/p>\n<\/td>\n<td>\n<p>\n\t\t\t\t\t\tLe bon prix sera mis \u00e0 jour d\u00e8s r\u00e9ception<br \/>\n  de votre demande d\u00e9taill\u00e9e&nbsp; &nbsp; &nbsp; &nbsp; &nbsp; &nbsp; &nbsp; &nbsp; &nbsp;&nbsp;\n\t\t\t\t\t<\/p>\n<\/td>\n<\/tr>\n<\/tbody>\n<\/table>\n<\/div>\n<p style=\"text-indent:2em;\">\n\t\n<\/p>\n<\/p><\/div>","protected":false},"excerpt":{"rendered":"<p>Livre de comptoir de prix de 3 cahiers, 144 feuilles, reliure \u00e0 ruban<\/p>\n<ul class=\"ptab-list clearfix\">\n<li>\n<p>Marque:<\/p>\n<p><span>Colorfly<\/span><\/li>\n<li>\n<p>Num\u00e9ro d&#039;article :<\/p>\n<p><span>CY-CB002<\/span><\/li>\n<li>\n<p>Port d&#039;exp\u00e9dition :<\/p>\n<p><span>Shanghai<\/span><\/li>\n<li>\n<p>Quantit\u00e9 minimale de commande :<\/p>\n<p><span>10 000 pi\u00e8ces<\/span><\/li>\n<li>\n<p>Taper: <\/p>\n<p> <span>Livre de comptoir<\/span><\/li>\n<li>\n<p>Taille: <\/p>\n<p> <span>21x31cm<\/span><\/li>\n<li>\n<p>Obligatoire: <\/p>\n<p> <span>Reliure \u00e0 ruban adh\u00e9sif<\/span><\/li>\n<li>\n<p>Nombre de pages : <\/p>\n<p> <span>288 pages<\/span><\/li>\n<li>\n<p>Impression int\u00e9rieure : <\/p>\n<p> <span>Fret et r\u00e8glement<\/span><\/li>\n<li>\n<p>Impression de la couverture : <\/p>\n<p> <span>Impression en quatre couleurs<\/span><\/li>\n<\/ul>","protected":false},"featured_media":11405,"comment_status":"open","ping_status":"closed","template":"","meta":[],"product_brand":[],"product_cat":[449],"product_tag":[348,349,350],"class_list":{"0":"post-11336","1":"product","2":"type-product","3":"status-publish","4":"has-post-thumbnail","6":"product_cat-hardcover-notebook","7":"product_tag-3-quier-couter-book","8":"product_tag-3-quire-book","9":"product_tag-a4-counter-book","11":"first","12":"instock","13":"shipping-taxable","14":"product-type-simple"},"yoast_head":"<!-- This site is optimized with the Yoast SEO Premium plugin v23.9 (Yoast SEO v25.2) - https:\/\/yoast.com\/wordpress\/plugins\/seo\/ -->\n<title>Tanzania 3 Quier Couter Book - colorflyprinting<\/title>\n<meta name=\"robots\" content=\"index, follow, max-snippet:-1, max-image-preview:large, max-video-preview:-1\" \/>\n<link rel=\"canonical\" href=\"https:\/\/www.colorflyprinting.com\/fr\/produit\/tanzanie-3-quier-couter-book\/\" \/>\n<meta property=\"og:locale\" content=\"fr_FR\" \/>\n<meta property=\"og:type\" content=\"article\" \/>\n<meta property=\"og:title\" content=\"Tanzania 3 Quier Couter Book\" \/>\n<meta property=\"og:description\" content=\"3 quire book price counter book 144 sheets tape binding                                                    Brand:Colorfly                                                   Item NO.:CY-CB002                                                   Shipping Port:Shanghai                                                                                                   MOQ:10000 pcs                                                                                                                  Type: Counter book                                 Size: 21x31cm                                 Binding: Tape binding                                 Number of pages: 288 pages                                 Inner printing: Freight&amp;ruled                                 Cover printing: Four colors printing\" \/>\n<meta property=\"og:url\" content=\"https:\/\/www.colorflyprinting.com\/fr\/produit\/tanzanie-3-quier-couter-book\/\" \/>\n<meta property=\"og:site_name\" content=\"colorflyprinting\" \/>\n<meta property=\"article:modified_time\" content=\"2025-12-02T06:09:55+00:00\" \/>\n<meta property=\"og:image\" content=\"https:\/\/www.colorflyprinting.com\/wp-content\/uploads\/2025\/04\/3786277d9b567897f395ebe00083dc74_medium-1.jpg\" \/>\n\t<meta property=\"og:image:width\" content=\"550\" \/>\n\t<meta property=\"og:image:height\" content=\"550\" \/>\n\t<meta property=\"og:image:type\" content=\"image\/jpeg\" \/>\n<meta name=\"twitter:card\" content=\"summary_large_image\" \/>\n<meta name=\"twitter:label1\" content=\"Dur\u00e9e de lecture estim\u00e9e\" \/>\n\t<meta name=\"twitter:data1\" content=\"1 minute\" \/>\n<script type=\"application\/ld+json\" class=\"yoast-schema-graph\">{\"@context\":\"https:\/\/schema.org\",\"@graph\":[{\"@type\":\"WebPage\",\"@id\":\"https:\/\/www.colorflyprinting.com\/product\/tanzania-3-quier-couter-book\/\",\"url\":\"https:\/\/www.colorflyprinting.com\/product\/tanzania-3-quier-couter-book\/\",\"name\":\"Tanzania 3 Quier Couter Book - colorflyprinting\",\"isPartOf\":{\"@id\":\"https:\/\/www.colorflyprinting.com\/#website\"},\"primaryImageOfPage\":{\"@id\":\"https:\/\/www.colorflyprinting.com\/product\/tanzania-3-quier-couter-book\/#primaryimage\"},\"image\":{\"@id\":\"https:\/\/www.colorflyprinting.com\/product\/tanzania-3-quier-couter-book\/#primaryimage\"},\"thumbnailUrl\":\"https:\/\/www.colorflyprinting.com\/wp-content\/uploads\/2025\/04\/3786277d9b567897f395ebe00083dc74_medium-1.jpg\",\"datePublished\":\"2025-04-22T01:21:47+00:00\",\"dateModified\":\"2025-12-02T06:09:55+00:00\",\"breadcrumb\":{\"@id\":\"https:\/\/www.colorflyprinting.com\/product\/tanzania-3-quier-couter-book\/#breadcrumb\"},\"inLanguage\":\"fr-FR\",\"potentialAction\":[{\"@type\":\"ReadAction\",\"target\":[\"https:\/\/www.colorflyprinting.com\/product\/tanzania-3-quier-couter-book\/\"]}]},{\"@type\":\"ImageObject\",\"inLanguage\":\"fr-FR\",\"@id\":\"https:\/\/www.colorflyprinting.com\/product\/tanzania-3-quier-couter-book\/#primaryimage\",\"url\":\"https:\/\/www.colorflyprinting.com\/wp-content\/uploads\/2025\/04\/3786277d9b567897f395ebe00083dc74_medium-1.jpg\",\"contentUrl\":\"https:\/\/www.colorflyprinting.com\/wp-content\/uploads\/2025\/04\/3786277d9b567897f395ebe00083dc74_medium-1.jpg\",\"width\":550,\"height\":550},{\"@type\":\"BreadcrumbList\",\"@id\":\"https:\/\/www.colorflyprinting.com\/product\/tanzania-3-quier-couter-book\/#breadcrumb\",\"itemListElement\":[{\"@type\":\"ListItem\",\"position\":1,\"name\":\"Home\",\"item\":\"https:\/\/www.colorflyprinting.com\/\"},{\"@type\":\"ListItem\",\"position\":2,\"name\":\"Product\",\"item\":\"https:\/\/www.colorflyprinting.com\/shop\/\"},{\"@type\":\"ListItem\",\"position\":3,\"name\":\"Tanzania 3 Quier Couter Book\"}]},{\"@type\":\"WebSite\",\"@id\":\"https:\/\/www.colorflyprinting.com\/#website\",\"url\":\"https:\/\/www.colorflyprinting.com\/\",\"name\":\"Hefei Colorfly Stationery Co.,Ltd.\",\"description\":\"\",\"publisher\":{\"@id\":\"https:\/\/www.colorflyprinting.com\/#organization\"},\"potentialAction\":[{\"@type\":\"SearchAction\",\"target\":{\"@type\":\"EntryPoint\",\"urlTemplate\":\"https:\/\/www.colorflyprinting.com\/?s={search_term_string}\"},\"query-input\":{\"@type\":\"PropertyValueSpecification\",\"valueRequired\":true,\"valueName\":\"search_term_string\"}}],\"inLanguage\":\"fr-FR\"},{\"@type\":\"Organization\",\"@id\":\"https:\/\/www.colorflyprinting.com\/#organization\",\"name\":\"Hefei Colorfly Stationery Co.,Ltd.\",\"url\":\"https:\/\/www.colorflyprinting.com\/\",\"logo\":{\"@type\":\"ImageObject\",\"inLanguage\":\"fr-FR\",\"@id\":\"https:\/\/www.colorflyprinting.com\/#\/schema\/logo\/image\/\",\"url\":\"https:\/\/www.colorflyprinting.com\/wp-content\/uploads\/2025\/04\/d167665f943610681229e2f4307b9df.jpg\",\"contentUrl\":\"https:\/\/www.colorflyprinting.com\/wp-content\/uploads\/2025\/04\/d167665f943610681229e2f4307b9df.jpg\",\"width\":780,\"height\":780,\"caption\":\"Hefei Colorfly Stationery Co.,Ltd.\"},\"image\":{\"@id\":\"https:\/\/www.colorflyprinting.com\/#\/schema\/logo\/image\/\"}}]}<\/script>\n<!-- \/ Yoast SEO Premium plugin. -->","yoast_head_json":{"title":"Tanzania 3 Quier Couter Book - colorflyprinting","robots":{"index":"index","follow":"follow","max-snippet":"max-snippet:-1","max-image-preview":"max-image-preview:large","max-video-preview":"max-video-preview:-1"},"canonical":"https:\/\/www.colorflyprinting.com\/fr\/produit\/tanzanie-3-quier-couter-book\/","og_locale":"fr_FR","og_type":"article","og_title":"Tanzania 3 Quier Couter Book","og_description":"3 quire book price counter book 144 sheets tape binding                                                    Brand:Colorfly                                                   Item NO.:CY-CB002                                                   Shipping Port:Shanghai                                                                                                   MOQ:10000 pcs                                                                                                                  Type: Counter book                                 Size: 21x31cm                                 Binding: Tape binding                                 Number of pages: 288 pages                                 Inner printing: Freight&amp;ruled                                 Cover printing: Four colors printing","og_url":"https:\/\/www.colorflyprinting.com\/fr\/produit\/tanzanie-3-quier-couter-book\/","og_site_name":"colorflyprinting","article_modified_time":"2025-12-02T06:09:55+00:00","og_image":[{"width":550,"height":550,"url":"https:\/\/www.colorflyprinting.com\/wp-content\/uploads\/2025\/04\/3786277d9b567897f395ebe00083dc74_medium-1.jpg","type":"image\/jpeg"}],"twitter_card":"summary_large_image","twitter_misc":{"Dur\u00e9e de lecture estim\u00e9e":"1 minute"},"schema":{"@context":"https:\/\/schema.org","@graph":[{"@type":"WebPage","@id":"https:\/\/www.colorflyprinting.com\/product\/tanzania-3-quier-couter-book\/","url":"https:\/\/www.colorflyprinting.com\/product\/tanzania-3-quier-couter-book\/","name":"Tanzania 3 Quier Couter Book - colorflyprinting","isPartOf":{"@id":"https:\/\/www.colorflyprinting.com\/#website"},"primaryImageOfPage":{"@id":"https:\/\/www.colorflyprinting.com\/product\/tanzania-3-quier-couter-book\/#primaryimage"},"image":{"@id":"https:\/\/www.colorflyprinting.com\/product\/tanzania-3-quier-couter-book\/#primaryimage"},"thumbnailUrl":"https:\/\/www.colorflyprinting.com\/wp-content\/uploads\/2025\/04\/3786277d9b567897f395ebe00083dc74_medium-1.jpg","datePublished":"2025-04-22T01:21:47+00:00","dateModified":"2025-12-02T06:09:55+00:00","breadcrumb":{"@id":"https:\/\/www.colorflyprinting.com\/product\/tanzania-3-quier-couter-book\/#breadcrumb"},"inLanguage":"fr-FR","potentialAction":[{"@type":"ReadAction","target":["https:\/\/www.colorflyprinting.com\/product\/tanzania-3-quier-couter-book\/"]}]},{"@type":"ImageObject","inLanguage":"fr-FR","@id":"https:\/\/www.colorflyprinting.com\/product\/tanzania-3-quier-couter-book\/#primaryimage","url":"https:\/\/www.colorflyprinting.com\/wp-content\/uploads\/2025\/04\/3786277d9b567897f395ebe00083dc74_medium-1.jpg","contentUrl":"https:\/\/www.colorflyprinting.com\/wp-content\/uploads\/2025\/04\/3786277d9b567897f395ebe00083dc74_medium-1.jpg","width":550,"height":550},{"@type":"BreadcrumbList","@id":"https:\/\/www.colorflyprinting.com\/product\/tanzania-3-quier-couter-book\/#breadcrumb","itemListElement":[{"@type":"ListItem","position":1,"name":"Home","item":"https:\/\/www.colorflyprinting.com\/"},{"@type":"ListItem","position":2,"name":"Product","item":"https:\/\/www.colorflyprinting.com\/shop\/"},{"@type":"ListItem","position":3,"name":"Tanzania 3 Quier Couter Book"}]},{"@type":"WebSite","@id":"https:\/\/www.colorflyprinting.com\/#website","url":"https:\/\/www.colorflyprinting.com\/","name":"Hefei Colorfly Stationery Co.,Ltd.","description":"","publisher":{"@id":"https:\/\/www.colorflyprinting.com\/#organization"},"potentialAction":[{"@type":"SearchAction","target":{"@type":"EntryPoint","urlTemplate":"https:\/\/www.colorflyprinting.com\/?s={search_term_string}"},"query-input":{"@type":"PropertyValueSpecification","valueRequired":true,"valueName":"search_term_string"}}],"inLanguage":"fr-FR"},{"@type":"Organization","@id":"https:\/\/www.colorflyprinting.com\/#organization","name":"Hefei Colorfly Stationery Co.,Ltd.","url":"https:\/\/www.colorflyprinting.com\/","logo":{"@type":"ImageObject","inLanguage":"fr-FR","@id":"https:\/\/www.colorflyprinting.com\/#\/schema\/logo\/image\/","url":"https:\/\/www.colorflyprinting.com\/wp-content\/uploads\/2025\/04\/d167665f943610681229e2f4307b9df.jpg","contentUrl":"https:\/\/www.colorflyprinting.com\/wp-content\/uploads\/2025\/04\/d167665f943610681229e2f4307b9df.jpg","width":780,"height":780,"caption":"Hefei Colorfly Stationery Co.,Ltd."},"image":{"@id":"https:\/\/www.colorflyprinting.com\/#\/schema\/logo\/image\/"}}]}},"_links":{"self":[{"href":"https:\/\/www.colorflyprinting.com\/fr\/wp-json\/wp\/v2\/product\/11336","targetHints":{"allow":["GET"]}}],"collection":[{"href":"https:\/\/www.colorflyprinting.com\/fr\/wp-json\/wp\/v2\/product"}],"about":[{"href":"https:\/\/www.colorflyprinting.com\/fr\/wp-json\/wp\/v2\/types\/product"}],"replies":[{"embeddable":true,"href":"https:\/\/www.colorflyprinting.com\/fr\/wp-json\/wp\/v2\/comments?post=11336"}],"wp:featuredmedia":[{"embeddable":true,"href":"https:\/\/www.colorflyprinting.com\/fr\/wp-json\/wp\/v2\/media\/11405"}],"wp:attachment":[{"href":"https:\/\/www.colorflyprinting.com\/fr\/wp-json\/wp\/v2\/media?parent=11336"}],"wp:term":[{"taxonomy":"product_brand","embeddable":true,"href":"https:\/\/www.colorflyprinting.com\/fr\/wp-json\/wp\/v2\/product_brand?post=11336"},{"taxonomy":"product_cat","embeddable":true,"href":"https:\/\/www.colorflyprinting.com\/fr\/wp-json\/wp\/v2\/product_cat?post=11336"},{"taxonomy":"product_tag","embeddable":true,"href":"https:\/\/www.colorflyprinting.com\/fr\/wp-json\/wp\/v2\/product_tag?post=11336"}],"curies":[{"name":"wp","href":"https:\/\/api.w.org\/{rel}","templated":true}]}}