{"id":11330,"date":"2025-04-22T01:21:46","date_gmt":"2025-04-22T01:21:46","guid":{"rendered":"https:\/\/www.colorflyprinting.com\/?post_type=product&#038;p=11330"},"modified":"2025-04-22T01:22:14","modified_gmt":"2025-04-22T01:22:14","slug":"cahiers-de-dessin-16-pages-32pages-for-madagascar-schools","status":"publish","type":"product","link":"https:\/\/www.colorflyprinting.com\/fr\/produit\/cahiers-de-dessin-16-pages-32pages-pour-les-ecoles-de-madagascar\/","title":{"rendered":"Cahiers De Dessin 16 Pages \/ 32pages Pour Les Ecoles De Madagascar"},"content":{"rendered":"<div class=\"text\">\n<p style=\"text-indent:2em;\">\n\tCahiers de dessin 16 pages \/ 32pages pour les \u00e9coles de Madagascar\n<\/p>\n<p style=\"text-indent:2em;\">\n<div class=\"table-responsive\">\n<table border=\"1\">\n<tbody>\n<tr>\n<td>\n\t\t\t\t\tTaille&nbsp; &nbsp; &nbsp; &nbsp;\n\t\t\t\t<\/td>\n<td>\n\t\t\t\t\t17x22cm\n\t\t\t\t<\/td>\n<td>\n\t\t\t\t\tObligatoire&nbsp; &nbsp; &nbsp; &nbsp; &nbsp; &nbsp; &nbsp; &nbsp; &nbsp;&nbsp;\n\t\t\t\t<\/td>\n<td>\n\t\t\t\t\tpiq\u00fbre \u00e0 cheval&nbsp; &nbsp; &nbsp; &nbsp; &nbsp; &nbsp; &nbsp; &nbsp; &nbsp;&nbsp; &nbsp;\n\t\t\t\t<\/td>\n<\/tr>\n<tr>\n<td>\n\t\t\t\t\tCouverture\n\t\t\t\t<\/td>\n<td>\n\t\t\t\t\tPapier d&#039;art 180 g\/m\u00b2&nbsp; &nbsp; &nbsp;&nbsp;\n\t\t\t\t<\/td>\n<td>\n\t\t\t\t\tImpression int\u00e9rieure\n\t\t\t\t<\/td>\n<td>\n\t\t\t\t\tPlaine\n\t\t\t\t<\/td>\n<\/tr>\n<tr>\n<td>\n\t\t\t\t\tPages\n\t\t\t\t<\/td>\n<td>\n\t\t\t\t\t16 pages \/ 32 pages\n\t\t\t\t<\/td>\n<td>\n\t\t\t\t\tEmballage\n\t\t\t\t<\/td>\n<td>\n\t\t\t\t\tr\u00e9tractables et cartons\n\t\t\t\t<\/td>\n<\/tr>\n<\/tbody>\n<\/table>\n<\/div>\n<p style=\"text-indent:2em;\">\n\t<strong><span style=\"color:#8ac4b6;\">Diff\u00e9rentes pages sont disponibles pour le march\u00e9 de Madagascar :<\/span><\/strong>\n<\/p>\n<p style=\"text-indent:2em;\">\n\t<strong><span style=\"color:#8ac4b6;\">Cahier double ligne 32 pages<\/span><\/strong>\n<\/p>\n<p style=\"text-indent:2em;\">\n\t<strong><span style=\"color:#8ac4b6;\">Cahier de dessin CP 16 pages&nbsp;<\/span><\/strong>\n<\/p>\n<p style=\"text-indent:2em;\">\n\t<strong><span style=\"color:#8ac4b6;\">Cahier de dessin CP 32 pages&nbsp;<\/span><\/strong>\n<\/p>\n<p style=\"text-indent:2em;\">\n\t<strong><span style=\"color:#8ac4b6;\">Cahier de lignes 50 pages<\/span><\/strong>\n<\/p>\n<p style=\"text-indent:2em;\">\n\t<strong><span style=\"color:#8ac4b6;\">Cahier CE&amp;CM 96 pages&nbsp;<\/span><\/strong>\n<\/p>\n<p style=\"text-indent:2em;\">\n\t<strong><span style=\"color:#8ac4b6;\">Vous pouvez \u00e9galement b\u00e9n\u00e9ficier d&#039;un service personnalis\u00e9 si vous avez des demandes.&nbsp;<\/span><\/strong>\n<\/p>\n<p style=\"text-indent:2em;\">\n\t\n<\/p>\n<p style=\"text-indent:2em;\">\n\tReliure de cahier : Piq\u00fbre \u00e0 cheval&nbsp;\n<\/p>\n<p>\n\t<img decoding=\"async\" src=\"\/js\/htmledit\/kindeditor\/attached\/20190909\/20190909113934_20246.jpg\" alt=\"\">\n<\/p>\n<p style=\"text-indent:2em;\">\n\tImpression papier int\u00e9rieur : ligne fran\u00e7aise \/ double ligne \/ uni&nbsp;\n<\/p>\n<p style=\"text-indent:2em;\">\n\t\n<\/p>\n<p style=\"text-indent:2em;\">\n\tFAQ\n<\/p>\n<p style=\"text-indent:2em;\">\n\t\n<\/p>\n<p style=\"text-indent:2em;\">\n\tQ1 : \u00cates-vous une usine ou une entreprise commerciale ?\n<\/p>\n<p style=\"text-indent:2em;\">\n\tFabricant 100% sp\u00e9cialis\u00e9 dans l&#039;impression et l&#039;emballage de carnets en bobines depuis plus de 6 ans, nous disposons d&#039;un atelier de 35\u00a0000 m\u00b2. Notre \u00e9quipe est compos\u00e9e de 50 professionnels et de plus de 200 ouvriers qualifi\u00e9s.\n<\/p>\n<p style=\"text-indent:2em;\">\n\t\n<\/p>\n<p style=\"text-indent:2em;\">\n\tQ2 : O\u00f9 \u00eates-vous situ\u00e9 ? Comment puis-je vous y rendre ?\n<\/p>\n<p style=\"text-indent:2em;\">\n\tNous sommes situ\u00e9s \u00e0 Hefei, dans la province d&#039;Anhui, pr\u00e8s de Shanghai et de Yiwu. Nous vous invitons chaleureusement \u00e0 visiter notre entreprise\u00a0!\n<\/p>\n<p style=\"text-indent:2em;\">\n\t\n<\/p>\n<p style=\"text-indent:2em;\">\n\tQ3 : Combien de jours environ pour la production de masse\n<\/p>\n<p style=\"text-indent:2em;\">\n\tLe d\u00e9lai de production en s\u00e9rie en fonction de la quantit\u00e9 de vos commandes, de la finition, etc., est g\u00e9n\u00e9ralement de 10 jours ouvrables.\n<\/p>\n<p style=\"text-indent:2em;\">\n\t\n<\/p>\n<p style=\"text-indent:2em;\">\n\tQ4\u00a0: Pouvons-nous avoir notre logo ou les informations de notre entreprise sur l&#039;emballage\u00a0?\n<\/p>\n<p style=\"text-indent:2em;\">\n\tBien s\u00fbr. Votre logo peut appara\u00eetre sur le cahier d&#039;exercices et l&#039;emballage si vous en avez besoin.\n<\/p>\n<p style=\"text-indent:2em;\">\n\t\n<\/p>\n<p style=\"text-indent:2em;\">\n\t\n<\/p>\n<\/p><\/div>","protected":false},"excerpt":{"rendered":"<p>Colorfly produit un cahier de dessin pour les \u00e9l\u00e8ves du primaire \u00e0 couverture souple<\/p>\n<ul class=\"ptab-list clearfix\">\n<li>\n<p>Marque:<\/p>\n<p><span>Colorfly<\/span><\/li>\n<li>\n<p>Num\u00e9ro d&#039;article :<\/p>\n<p><span>CY-DB05<\/span><\/li>\n<li>\n<p>Port d&#039;exp\u00e9dition :<\/p>\n<p><span>Shanghai<\/span><\/li>\n<li>\n<p>Taper: <\/p>\n<p> <span>Cahier d&#039;exercices<\/span><\/li>\n<li>\n<p>Taille: <\/p>\n<p> <span>17x22cm<\/span><\/li>\n<li>\n<p>Obligatoire: <\/p>\n<p> <span>piq\u00fbre \u00e0 cheval<\/span><\/li>\n<li>\n<p>Nombre de pages : <\/p>\n<p> <span>16\/32 pages<\/span><\/li>\n<li>\n<p>Impression int\u00e9rieure : <\/p>\n<p> <span>Plaine??<\/span><\/li>\n<li>\n<p>Impression de la couverture : <\/p>\n<p> <span>Couleurs<\/span><\/li>\n<\/ul>","protected":false},"featured_media":11391,"comment_status":"open","ping_status":"closed","template":"","meta":[],"product_brand":[],"product_cat":[320],"product_tag":[330,331,332],"class_list":{"0":"post-11330","1":"product","2":"type-product","3":"status-publish","4":"has-post-thumbnail","6":"product_cat-drawing-book","7":"product_tag-cahiers-de-dessin-16-pages","8":"product_tag-cahiers-de-dessin-32pages","9":"product_tag-drawing-book","11":"first","12":"instock","13":"shipping-taxable","14":"product-type-simple"},"yoast_head":"<!-- This site is optimized with the Yoast SEO Premium plugin v23.9 (Yoast SEO v25.2) - https:\/\/yoast.com\/wordpress\/plugins\/seo\/ -->\n<title>Cahiers De Dessin 16 Pages \/ 32pages For Madagascar Schools - colorflyprinting<\/title>\n<meta name=\"robots\" content=\"index, follow, max-snippet:-1, max-image-preview:large, max-video-preview:-1\" \/>\n<link rel=\"canonical\" href=\"https:\/\/www.colorflyprinting.com\/fr\/produit\/cahiers-de-dessin-16-pages-32pages-pour-les-ecoles-de-madagascar\/\" \/>\n<meta property=\"og:locale\" content=\"fr_FR\" \/>\n<meta property=\"og:type\" content=\"article\" \/>\n<meta property=\"og:title\" content=\"Cahiers De Dessin 16 Pages \/ 32pages For Madagascar Schools\" \/>\n<meta property=\"og:description\" content=\"Colorfly producing drawing book for primary school student soft cover                                                    Brand:Colorfly                                                   Item NO.:CY-DB05                                                   Shipping Port:Shanghai                                                                                                                                                                                  Type: Exercise book                                 Size: 17x22cm                                 Binding: Saddle stitch                                 Number of pages: 16\/32 pages                                 Inner printing: Plain??                                 Cover printing: Full color\" \/>\n<meta property=\"og:url\" content=\"https:\/\/www.colorflyprinting.com\/fr\/produit\/cahiers-de-dessin-16-pages-32pages-pour-les-ecoles-de-madagascar\/\" \/>\n<meta property=\"og:site_name\" content=\"colorflyprinting\" \/>\n<meta property=\"article:modified_time\" content=\"2025-04-22T01:22:14+00:00\" \/>\n<meta name=\"twitter:card\" content=\"summary_large_image\" \/>\n<meta name=\"twitter:label1\" content=\"Dur\u00e9e de lecture estim\u00e9e\" \/>\n\t<meta name=\"twitter:data1\" content=\"1 minute\" \/>\n<script type=\"application\/ld+json\" class=\"yoast-schema-graph\">{\"@context\":\"https:\/\/schema.org\",\"@graph\":[{\"@type\":\"WebPage\",\"@id\":\"https:\/\/www.colorflyprinting.com\/product\/cahiers-de-dessin-16-pages-32pages-for-madagascar-schools\/\",\"url\":\"https:\/\/www.colorflyprinting.com\/product\/cahiers-de-dessin-16-pages-32pages-for-madagascar-schools\/\",\"name\":\"Cahiers De Dessin 16 Pages \/ 32pages For Madagascar Schools - colorflyprinting\",\"isPartOf\":{\"@id\":\"https:\/\/www.colorflyprinting.com\/#website\"},\"primaryImageOfPage\":{\"@id\":\"https:\/\/www.colorflyprinting.com\/product\/cahiers-de-dessin-16-pages-32pages-for-madagascar-schools\/#primaryimage\"},\"image\":{\"@id\":\"https:\/\/www.colorflyprinting.com\/product\/cahiers-de-dessin-16-pages-32pages-for-madagascar-schools\/#primaryimage\"},\"thumbnailUrl\":\"https:\/\/www.colorflyprinting.com\/wp-content\/uploads\/2025\/04\/015f90a63a5da32af67136fa08ab04d7_medium-1.jpg\",\"datePublished\":\"2025-04-22T01:21:46+00:00\",\"dateModified\":\"2025-04-22T01:22:14+00:00\",\"breadcrumb\":{\"@id\":\"https:\/\/www.colorflyprinting.com\/product\/cahiers-de-dessin-16-pages-32pages-for-madagascar-schools\/#breadcrumb\"},\"inLanguage\":\"fr-FR\",\"potentialAction\":[{\"@type\":\"ReadAction\",\"target\":[\"https:\/\/www.colorflyprinting.com\/product\/cahiers-de-dessin-16-pages-32pages-for-madagascar-schools\/\"]}]},{\"@type\":\"ImageObject\",\"inLanguage\":\"fr-FR\",\"@id\":\"https:\/\/www.colorflyprinting.com\/product\/cahiers-de-dessin-16-pages-32pages-for-madagascar-schools\/#primaryimage\",\"url\":\"https:\/\/www.colorflyprinting.com\/wp-content\/uploads\/2025\/04\/015f90a63a5da32af67136fa08ab04d7_medium-1.jpg\",\"contentUrl\":\"https:\/\/www.colorflyprinting.com\/wp-content\/uploads\/2025\/04\/015f90a63a5da32af67136fa08ab04d7_medium-1.jpg\",\"width\":550,\"height\":550},{\"@type\":\"BreadcrumbList\",\"@id\":\"https:\/\/www.colorflyprinting.com\/product\/cahiers-de-dessin-16-pages-32pages-for-madagascar-schools\/#breadcrumb\",\"itemListElement\":[{\"@type\":\"ListItem\",\"position\":1,\"name\":\"Home\",\"item\":\"https:\/\/www.colorflyprinting.com\/\"},{\"@type\":\"ListItem\",\"position\":2,\"name\":\"Product\",\"item\":\"https:\/\/www.colorflyprinting.com\/shop\/\"},{\"@type\":\"ListItem\",\"position\":3,\"name\":\"Cahiers De Dessin 16 Pages \/ 32pages For Madagascar Schools\"}]},{\"@type\":\"WebSite\",\"@id\":\"https:\/\/www.colorflyprinting.com\/#website\",\"url\":\"https:\/\/www.colorflyprinting.com\/\",\"name\":\"Hefei Colorfly Stationery Co.,Ltd.\",\"description\":\"\",\"publisher\":{\"@id\":\"https:\/\/www.colorflyprinting.com\/#organization\"},\"potentialAction\":[{\"@type\":\"SearchAction\",\"target\":{\"@type\":\"EntryPoint\",\"urlTemplate\":\"https:\/\/www.colorflyprinting.com\/?s={search_term_string}\"},\"query-input\":{\"@type\":\"PropertyValueSpecification\",\"valueRequired\":true,\"valueName\":\"search_term_string\"}}],\"inLanguage\":\"fr-FR\"},{\"@type\":\"Organization\",\"@id\":\"https:\/\/www.colorflyprinting.com\/#organization\",\"name\":\"Hefei Colorfly Stationery Co.,Ltd.\",\"url\":\"https:\/\/www.colorflyprinting.com\/\",\"logo\":{\"@type\":\"ImageObject\",\"inLanguage\":\"fr-FR\",\"@id\":\"https:\/\/www.colorflyprinting.com\/#\/schema\/logo\/image\/\",\"url\":\"https:\/\/www.colorflyprinting.com\/wp-content\/uploads\/2025\/04\/d167665f943610681229e2f4307b9df.jpg\",\"contentUrl\":\"https:\/\/www.colorflyprinting.com\/wp-content\/uploads\/2025\/04\/d167665f943610681229e2f4307b9df.jpg\",\"width\":780,\"height\":780,\"caption\":\"Hefei Colorfly Stationery Co.,Ltd.\"},\"image\":{\"@id\":\"https:\/\/www.colorflyprinting.com\/#\/schema\/logo\/image\/\"}}]}<\/script>\n<!-- \/ Yoast SEO Premium plugin. -->","yoast_head_json":{"title":"Cahiers De Dessin 16 Pages \/ 32pages For Madagascar Schools - colorflyprinting","robots":{"index":"index","follow":"follow","max-snippet":"max-snippet:-1","max-image-preview":"max-image-preview:large","max-video-preview":"max-video-preview:-1"},"canonical":"https:\/\/www.colorflyprinting.com\/fr\/produit\/cahiers-de-dessin-16-pages-32pages-pour-les-ecoles-de-madagascar\/","og_locale":"fr_FR","og_type":"article","og_title":"Cahiers De Dessin 16 Pages \/ 32pages For Madagascar Schools","og_description":"Colorfly producing drawing book for primary school student soft cover                                                    Brand:Colorfly                                                   Item NO.:CY-DB05                                                   Shipping Port:Shanghai                                                                                                                                                                                  Type: Exercise book                                 Size: 17x22cm                                 Binding: Saddle stitch                                 Number of pages: 16\/32 pages                                 Inner printing: Plain??                                 Cover printing: Full color","og_url":"https:\/\/www.colorflyprinting.com\/fr\/produit\/cahiers-de-dessin-16-pages-32pages-pour-les-ecoles-de-madagascar\/","og_site_name":"colorflyprinting","article_modified_time":"2025-04-22T01:22:14+00:00","twitter_card":"summary_large_image","twitter_misc":{"Dur\u00e9e de lecture estim\u00e9e":"1 minute"},"schema":{"@context":"https:\/\/schema.org","@graph":[{"@type":"WebPage","@id":"https:\/\/www.colorflyprinting.com\/product\/cahiers-de-dessin-16-pages-32pages-for-madagascar-schools\/","url":"https:\/\/www.colorflyprinting.com\/product\/cahiers-de-dessin-16-pages-32pages-for-madagascar-schools\/","name":"Cahiers De Dessin 16 Pages \/ 32pages For Madagascar Schools - colorflyprinting","isPartOf":{"@id":"https:\/\/www.colorflyprinting.com\/#website"},"primaryImageOfPage":{"@id":"https:\/\/www.colorflyprinting.com\/product\/cahiers-de-dessin-16-pages-32pages-for-madagascar-schools\/#primaryimage"},"image":{"@id":"https:\/\/www.colorflyprinting.com\/product\/cahiers-de-dessin-16-pages-32pages-for-madagascar-schools\/#primaryimage"},"thumbnailUrl":"https:\/\/www.colorflyprinting.com\/wp-content\/uploads\/2025\/04\/015f90a63a5da32af67136fa08ab04d7_medium-1.jpg","datePublished":"2025-04-22T01:21:46+00:00","dateModified":"2025-04-22T01:22:14+00:00","breadcrumb":{"@id":"https:\/\/www.colorflyprinting.com\/product\/cahiers-de-dessin-16-pages-32pages-for-madagascar-schools\/#breadcrumb"},"inLanguage":"fr-FR","potentialAction":[{"@type":"ReadAction","target":["https:\/\/www.colorflyprinting.com\/product\/cahiers-de-dessin-16-pages-32pages-for-madagascar-schools\/"]}]},{"@type":"ImageObject","inLanguage":"fr-FR","@id":"https:\/\/www.colorflyprinting.com\/product\/cahiers-de-dessin-16-pages-32pages-for-madagascar-schools\/#primaryimage","url":"https:\/\/www.colorflyprinting.com\/wp-content\/uploads\/2025\/04\/015f90a63a5da32af67136fa08ab04d7_medium-1.jpg","contentUrl":"https:\/\/www.colorflyprinting.com\/wp-content\/uploads\/2025\/04\/015f90a63a5da32af67136fa08ab04d7_medium-1.jpg","width":550,"height":550},{"@type":"BreadcrumbList","@id":"https:\/\/www.colorflyprinting.com\/product\/cahiers-de-dessin-16-pages-32pages-for-madagascar-schools\/#breadcrumb","itemListElement":[{"@type":"ListItem","position":1,"name":"Home","item":"https:\/\/www.colorflyprinting.com\/"},{"@type":"ListItem","position":2,"name":"Product","item":"https:\/\/www.colorflyprinting.com\/shop\/"},{"@type":"ListItem","position":3,"name":"Cahiers De Dessin 16 Pages \/ 32pages For Madagascar Schools"}]},{"@type":"WebSite","@id":"https:\/\/www.colorflyprinting.com\/#website","url":"https:\/\/www.colorflyprinting.com\/","name":"Hefei Colorfly Stationery Co.,Ltd.","description":"","publisher":{"@id":"https:\/\/www.colorflyprinting.com\/#organization"},"potentialAction":[{"@type":"SearchAction","target":{"@type":"EntryPoint","urlTemplate":"https:\/\/www.colorflyprinting.com\/?s={search_term_string}"},"query-input":{"@type":"PropertyValueSpecification","valueRequired":true,"valueName":"search_term_string"}}],"inLanguage":"fr-FR"},{"@type":"Organization","@id":"https:\/\/www.colorflyprinting.com\/#organization","name":"Hefei Colorfly Stationery Co.,Ltd.","url":"https:\/\/www.colorflyprinting.com\/","logo":{"@type":"ImageObject","inLanguage":"fr-FR","@id":"https:\/\/www.colorflyprinting.com\/#\/schema\/logo\/image\/","url":"https:\/\/www.colorflyprinting.com\/wp-content\/uploads\/2025\/04\/d167665f943610681229e2f4307b9df.jpg","contentUrl":"https:\/\/www.colorflyprinting.com\/wp-content\/uploads\/2025\/04\/d167665f943610681229e2f4307b9df.jpg","width":780,"height":780,"caption":"Hefei Colorfly Stationery Co.,Ltd."},"image":{"@id":"https:\/\/www.colorflyprinting.com\/#\/schema\/logo\/image\/"}}]}},"_links":{"self":[{"href":"https:\/\/www.colorflyprinting.com\/fr\/wp-json\/wp\/v2\/product\/11330","targetHints":{"allow":["GET"]}}],"collection":[{"href":"https:\/\/www.colorflyprinting.com\/fr\/wp-json\/wp\/v2\/product"}],"about":[{"href":"https:\/\/www.colorflyprinting.com\/fr\/wp-json\/wp\/v2\/types\/product"}],"replies":[{"embeddable":true,"href":"https:\/\/www.colorflyprinting.com\/fr\/wp-json\/wp\/v2\/comments?post=11330"}],"wp:featuredmedia":[{"embeddable":true,"href":"https:\/\/www.colorflyprinting.com\/fr\/wp-json\/wp\/v2\/media\/11391"}],"wp:attachment":[{"href":"https:\/\/www.colorflyprinting.com\/fr\/wp-json\/wp\/v2\/media?parent=11330"}],"wp:term":[{"taxonomy":"product_brand","embeddable":true,"href":"https:\/\/www.colorflyprinting.com\/fr\/wp-json\/wp\/v2\/product_brand?post=11330"},{"taxonomy":"product_cat","embeddable":true,"href":"https:\/\/www.colorflyprinting.com\/fr\/wp-json\/wp\/v2\/product_cat?post=11330"},{"taxonomy":"product_tag","embeddable":true,"href":"https:\/\/www.colorflyprinting.com\/fr\/wp-json\/wp\/v2\/product_tag?post=11330"}],"curies":[{"name":"wp","href":"https:\/\/api.w.org\/{rel}","templated":true}]}}