{"id":11262,"date":"2025-04-22T01:21:21","date_gmt":"2025-04-22T01:21:21","guid":{"rendered":"https:\/\/www.colorflyprinting.com\/?post_type=product&#038;p=11262"},"modified":"2025-10-27T07:01:11","modified_gmt":"2025-10-27T07:01:11","slug":"pretty-manufacturer-a5-suctom-gift-notebook-business-notebook","status":"publish","type":"product","link":"https:\/\/www.colorflyprinting.com\/fr\/produit\/joli-carnet-de-notes-a5-de-fabricant-suctom-cadeau-carnet-de-notes-daffaires\/","title":{"rendered":"Joli carnet de notes A5 Suctom Gift Notebook Business Notebook"},"content":{"rendered":"<div class=\"text\">\n<p>Description des produits<\/p>\n<p>Item name:\u00a0Gift\u00a0notebook<\/p>\n<p>Couverture : PU<br \/>\nTaille : 17x22cm<\/p>\n<p>Binding: Perfect binding(glue\u00a0 binding)<\/p>\n<p>Pages : 200 pages etc.<\/p>\n<p>Impression papier int\u00e9rieure : une seule ligne<\/p>\n<p>Quantit\u00e9 minimale de commande : 500<\/p>\n<p>Toutes les sp\u00e9cifications ci-dessus peuvent \u00eatre personnalis\u00e9es, vous pouvez profiter de notre service personnalis\u00e9 si nous coop\u00e9rons.<\/p>\n<p>&nbsp;<\/p>\n<p>FAQ<\/p>\n<p>1. \u00c0 propos du prix :<br \/>\nLe prix est n\u00e9gociable. Il peut \u00eatre modifi\u00e9 en fonction de la quantit\u00e9 ou du forfait. Lors de votre demande, veuillez nous indiquer la quantit\u00e9 souhait\u00e9e.<\/p>\n<p>2. \u00c0 propos de l&#039;\u00e9chantillon\u00a0:<br \/>\nPour les produits standard que nous produisons tous les jours, l&#039;\u00e9chantillon est gratuit, mais le fret a\u00e9rien est \u00e0 payer ou vous nous payez les frais de port \u00e0 l&#039;avance, veuillez comprendre que ; faire de nouveaux \u00e9chantillons entra\u00eenera des frais de fabrication d&#039;\u00e9chantillons, discutons-en davantage s&#039;il vous pla\u00eet.<\/p>\n<p>3. \u00c0 propos du MOQ :<br \/>\nSi le produit que nous avons en stock tout au long du chemin, le MOQ est petit ; sinon, le MOQ est de 20 000\/50 000\/100 000 pi\u00e8ces, etc., des articles mixtes peuvent \u00e9galement tenir dans un conteneur de 20 pieds ; cela d\u00e9pend du type de produit et cela peut \u00eatre n\u00e9gociable, nous aimerions r\u00e9soudre votre probl\u00e8me autant que possible.<\/p>\n<p>4. \u00c0 propos du fabricant d&#039;\u00e9quipement d&#039;origine\u00a0:<br \/>\nNous poss\u00e9dons une usine en Chine, nous aimerions aider \u00e0 concevoir le LOGO et le code-barres du produit, \u00e0 condition que la qualit\u00e9 de la commande r\u00e9ponde \u00e0 son MOQ.<\/p>\n<p>5. \u00c0 propos du package\u00a0:<br \/>\nLa plupart des produits que nous fabriquons ont un emballage standard en fonction de l&#039;exp\u00e9rience que nous avons acquise sur le march\u00e9, mais nous acceptons toujours les besoins du client et fournissons des suggestions utiles pour r\u00e9f\u00e9rence.<\/p>\n<\/div>","protected":false},"excerpt":{"rendered":"<ul class=\"ptab-list clearfix\">\n<li>Origine du produit :\n<p>Anhui<\/li>\n<li>Marque:\n<p>Colorfly<\/li>\n<li>Num\u00e9ro d&#039;article :\n<p>G-1224<\/li>\n<li>Port d&#039;exp\u00e9dition :\n<p>Wuhan\/Shanghai\/qiandao\/yiwu<\/li>\n<li>Couleur:\n<p>couleur personnalis\u00e9e<\/li>\n<li>D\u00e9lai de mise en \u0153uvre:\n<p>25-30 jours<\/li>\n<li>Quantit\u00e9 minimale de commande :\n<p>100<\/li>\n<li>Taper:\n<p>Carnet cadeau<\/li>\n<li>Taille:\n<p>A5<\/li>\n<li>Obligatoire:\n<p>reliure coll\u00e9e<\/li>\n<li>Nombre de pages :\n<p>200<\/li>\n<li>Impression int\u00e9rieure :\n<p>coutume<\/li>\n<li>Impression de la couverture :\n<p>4 couleurs<\/li>\n<\/ul>","protected":false},"featured_media":18996,"comment_status":"open","ping_status":"closed","template":"","meta":[],"product_brand":[],"product_cat":[127],"product_tag":[158,266,265],"class_list":{"0":"post-11262","1":"product","2":"type-product","3":"status-publish","4":"has-post-thumbnail","6":"product_cat-leather-notebook","7":"product_tag-business-notebook","8":"product_tag-manufacturer-a5-suctom-gift-notebook","9":"product_tag-pretty-a5-suctom-gift-notebook","11":"first","12":"instock","13":"shipping-taxable","14":"product-type-simple"},"yoast_head":"<!-- This site is optimized with the Yoast SEO Premium plugin v23.9 (Yoast SEO v25.2) - https:\/\/yoast.com\/wordpress\/plugins\/seo\/ -->\n<title>Pretty Manufacturer A5 Suctom Gift Notebook Business Notebook - colorflyprinting<\/title>\n<meta name=\"robots\" content=\"index, follow, max-snippet:-1, max-image-preview:large, max-video-preview:-1\" \/>\n<link rel=\"canonical\" href=\"https:\/\/www.colorflyprinting.com\/fr\/produit\/joli-carnet-de-notes-a5-de-fabricant-suctom-cadeau-carnet-de-notes-daffaires\/\" \/>\n<meta property=\"og:locale\" content=\"fr_FR\" \/>\n<meta property=\"og:type\" content=\"article\" \/>\n<meta property=\"og:title\" content=\"Pretty Manufacturer A5 Suctom Gift Notebook Business Notebook\" \/>\n<meta property=\"og:description\" content=\"Product Origin:  anhui  Brand:  Colorfly  Item NO.:  G-1224  Shipping Port:  wuhan\/ shanghai \/qiandao \/yiwu  Color:  custom color  Lead Time:  25-30days  MOQ:  100  Type:  Gift notebook  Size:  A5  Binding:  glue binding  Number of pages:  200  Inner printing:  custom  Cover printing:  4 color\" \/>\n<meta property=\"og:url\" content=\"https:\/\/www.colorflyprinting.com\/fr\/produit\/joli-carnet-de-notes-a5-de-fabricant-suctom-cadeau-carnet-de-notes-daffaires\/\" \/>\n<meta property=\"og:site_name\" content=\"colorflyprinting\" \/>\n<meta property=\"article:modified_time\" content=\"2025-10-27T07:01:11+00:00\" \/>\n<meta property=\"og:image\" content=\"https:\/\/www.colorflyprinting.com\/wp-content\/uploads\/2025\/04\/853c7fbef964f8257b6e74a2fe45b897_medium-1-300x300_\u526f\u672c.png\" \/>\n\t<meta property=\"og:image:width\" content=\"800\" \/>\n\t<meta property=\"og:image:height\" content=\"800\" \/>\n\t<meta property=\"og:image:type\" content=\"image\/png\" \/>\n<meta name=\"twitter:card\" content=\"summary_large_image\" \/>\n<meta name=\"twitter:label1\" content=\"Dur\u00e9e de lecture estim\u00e9e\" \/>\n\t<meta name=\"twitter:data1\" content=\"1 minute\" \/>\n<script type=\"application\/ld+json\" class=\"yoast-schema-graph\">{\"@context\":\"https:\/\/schema.org\",\"@graph\":[{\"@type\":\"WebPage\",\"@id\":\"https:\/\/www.colorflyprinting.com\/product\/pretty-manufacturer-a5-suctom-gift-notebook-business-notebook\/\",\"url\":\"https:\/\/www.colorflyprinting.com\/product\/pretty-manufacturer-a5-suctom-gift-notebook-business-notebook\/\",\"name\":\"Pretty Manufacturer A5 Suctom Gift Notebook Business Notebook - colorflyprinting\",\"isPartOf\":{\"@id\":\"https:\/\/www.colorflyprinting.com\/#website\"},\"primaryImageOfPage\":{\"@id\":\"https:\/\/www.colorflyprinting.com\/product\/pretty-manufacturer-a5-suctom-gift-notebook-business-notebook\/#primaryimage\"},\"image\":{\"@id\":\"https:\/\/www.colorflyprinting.com\/product\/pretty-manufacturer-a5-suctom-gift-notebook-business-notebook\/#primaryimage\"},\"thumbnailUrl\":\"https:\/\/www.colorflyprinting.com\/wp-content\/uploads\/2025\/04\/853c7fbef964f8257b6e74a2fe45b897_medium-1-300x300_\u526f\u672c.png\",\"datePublished\":\"2025-04-22T01:21:21+00:00\",\"dateModified\":\"2025-10-27T07:01:11+00:00\",\"breadcrumb\":{\"@id\":\"https:\/\/www.colorflyprinting.com\/product\/pretty-manufacturer-a5-suctom-gift-notebook-business-notebook\/#breadcrumb\"},\"inLanguage\":\"fr-FR\",\"potentialAction\":[{\"@type\":\"ReadAction\",\"target\":[\"https:\/\/www.colorflyprinting.com\/product\/pretty-manufacturer-a5-suctom-gift-notebook-business-notebook\/\"]}]},{\"@type\":\"ImageObject\",\"inLanguage\":\"fr-FR\",\"@id\":\"https:\/\/www.colorflyprinting.com\/product\/pretty-manufacturer-a5-suctom-gift-notebook-business-notebook\/#primaryimage\",\"url\":\"https:\/\/www.colorflyprinting.com\/wp-content\/uploads\/2025\/04\/853c7fbef964f8257b6e74a2fe45b897_medium-1-300x300_\u526f\u672c.png\",\"contentUrl\":\"https:\/\/www.colorflyprinting.com\/wp-content\/uploads\/2025\/04\/853c7fbef964f8257b6e74a2fe45b897_medium-1-300x300_\u526f\u672c.png\",\"width\":800,\"height\":800},{\"@type\":\"BreadcrumbList\",\"@id\":\"https:\/\/www.colorflyprinting.com\/product\/pretty-manufacturer-a5-suctom-gift-notebook-business-notebook\/#breadcrumb\",\"itemListElement\":[{\"@type\":\"ListItem\",\"position\":1,\"name\":\"Home\",\"item\":\"https:\/\/www.colorflyprinting.com\/\"},{\"@type\":\"ListItem\",\"position\":2,\"name\":\"Product\",\"item\":\"https:\/\/www.colorflyprinting.com\/shop\/\"},{\"@type\":\"ListItem\",\"position\":3,\"name\":\"Pretty Manufacturer A5 Suctom Gift Notebook Business Notebook\"}]},{\"@type\":\"WebSite\",\"@id\":\"https:\/\/www.colorflyprinting.com\/#website\",\"url\":\"https:\/\/www.colorflyprinting.com\/\",\"name\":\"Hefei Colorfly Stationery Co.,Ltd.\",\"description\":\"\",\"publisher\":{\"@id\":\"https:\/\/www.colorflyprinting.com\/#organization\"},\"potentialAction\":[{\"@type\":\"SearchAction\",\"target\":{\"@type\":\"EntryPoint\",\"urlTemplate\":\"https:\/\/www.colorflyprinting.com\/?s={search_term_string}\"},\"query-input\":{\"@type\":\"PropertyValueSpecification\",\"valueRequired\":true,\"valueName\":\"search_term_string\"}}],\"inLanguage\":\"fr-FR\"},{\"@type\":\"Organization\",\"@id\":\"https:\/\/www.colorflyprinting.com\/#organization\",\"name\":\"Hefei Colorfly Stationery Co.,Ltd.\",\"url\":\"https:\/\/www.colorflyprinting.com\/\",\"logo\":{\"@type\":\"ImageObject\",\"inLanguage\":\"fr-FR\",\"@id\":\"https:\/\/www.colorflyprinting.com\/#\/schema\/logo\/image\/\",\"url\":\"https:\/\/www.colorflyprinting.com\/wp-content\/uploads\/2025\/04\/d167665f943610681229e2f4307b9df.jpg\",\"contentUrl\":\"https:\/\/www.colorflyprinting.com\/wp-content\/uploads\/2025\/04\/d167665f943610681229e2f4307b9df.jpg\",\"width\":780,\"height\":780,\"caption\":\"Hefei Colorfly Stationery Co.,Ltd.\"},\"image\":{\"@id\":\"https:\/\/www.colorflyprinting.com\/#\/schema\/logo\/image\/\"}}]}<\/script>\n<!-- \/ Yoast SEO Premium plugin. -->","yoast_head_json":{"title":"Pretty Manufacturer A5 Suctom Gift Notebook Business Notebook - colorflyprinting","robots":{"index":"index","follow":"follow","max-snippet":"max-snippet:-1","max-image-preview":"max-image-preview:large","max-video-preview":"max-video-preview:-1"},"canonical":"https:\/\/www.colorflyprinting.com\/fr\/produit\/joli-carnet-de-notes-a5-de-fabricant-suctom-cadeau-carnet-de-notes-daffaires\/","og_locale":"fr_FR","og_type":"article","og_title":"Pretty Manufacturer A5 Suctom Gift Notebook Business Notebook","og_description":"Product Origin:  anhui  Brand:  Colorfly  Item NO.:  G-1224  Shipping Port:  wuhan\/ shanghai \/qiandao \/yiwu  Color:  custom color  Lead Time:  25-30days  MOQ:  100  Type:  Gift notebook  Size:  A5  Binding:  glue binding  Number of pages:  200  Inner printing:  custom  Cover printing:  4 color","og_url":"https:\/\/www.colorflyprinting.com\/fr\/produit\/joli-carnet-de-notes-a5-de-fabricant-suctom-cadeau-carnet-de-notes-daffaires\/","og_site_name":"colorflyprinting","article_modified_time":"2025-10-27T07:01:11+00:00","og_image":[{"width":800,"height":800,"url":"https:\/\/www.colorflyprinting.com\/wp-content\/uploads\/2025\/04\/853c7fbef964f8257b6e74a2fe45b897_medium-1-300x300_\u526f\u672c.png","type":"image\/png"}],"twitter_card":"summary_large_image","twitter_misc":{"Dur\u00e9e de lecture estim\u00e9e":"1 minute"},"schema":{"@context":"https:\/\/schema.org","@graph":[{"@type":"WebPage","@id":"https:\/\/www.colorflyprinting.com\/product\/pretty-manufacturer-a5-suctom-gift-notebook-business-notebook\/","url":"https:\/\/www.colorflyprinting.com\/product\/pretty-manufacturer-a5-suctom-gift-notebook-business-notebook\/","name":"Pretty Manufacturer A5 Suctom Gift Notebook Business Notebook - colorflyprinting","isPartOf":{"@id":"https:\/\/www.colorflyprinting.com\/#website"},"primaryImageOfPage":{"@id":"https:\/\/www.colorflyprinting.com\/product\/pretty-manufacturer-a5-suctom-gift-notebook-business-notebook\/#primaryimage"},"image":{"@id":"https:\/\/www.colorflyprinting.com\/product\/pretty-manufacturer-a5-suctom-gift-notebook-business-notebook\/#primaryimage"},"thumbnailUrl":"https:\/\/www.colorflyprinting.com\/wp-content\/uploads\/2025\/04\/853c7fbef964f8257b6e74a2fe45b897_medium-1-300x300_\u526f\u672c.png","datePublished":"2025-04-22T01:21:21+00:00","dateModified":"2025-10-27T07:01:11+00:00","breadcrumb":{"@id":"https:\/\/www.colorflyprinting.com\/product\/pretty-manufacturer-a5-suctom-gift-notebook-business-notebook\/#breadcrumb"},"inLanguage":"fr-FR","potentialAction":[{"@type":"ReadAction","target":["https:\/\/www.colorflyprinting.com\/product\/pretty-manufacturer-a5-suctom-gift-notebook-business-notebook\/"]}]},{"@type":"ImageObject","inLanguage":"fr-FR","@id":"https:\/\/www.colorflyprinting.com\/product\/pretty-manufacturer-a5-suctom-gift-notebook-business-notebook\/#primaryimage","url":"https:\/\/www.colorflyprinting.com\/wp-content\/uploads\/2025\/04\/853c7fbef964f8257b6e74a2fe45b897_medium-1-300x300_\u526f\u672c.png","contentUrl":"https:\/\/www.colorflyprinting.com\/wp-content\/uploads\/2025\/04\/853c7fbef964f8257b6e74a2fe45b897_medium-1-300x300_\u526f\u672c.png","width":800,"height":800},{"@type":"BreadcrumbList","@id":"https:\/\/www.colorflyprinting.com\/product\/pretty-manufacturer-a5-suctom-gift-notebook-business-notebook\/#breadcrumb","itemListElement":[{"@type":"ListItem","position":1,"name":"Home","item":"https:\/\/www.colorflyprinting.com\/"},{"@type":"ListItem","position":2,"name":"Product","item":"https:\/\/www.colorflyprinting.com\/shop\/"},{"@type":"ListItem","position":3,"name":"Pretty Manufacturer A5 Suctom Gift Notebook Business Notebook"}]},{"@type":"WebSite","@id":"https:\/\/www.colorflyprinting.com\/#website","url":"https:\/\/www.colorflyprinting.com\/","name":"Hefei Colorfly Stationery Co.,Ltd.","description":"","publisher":{"@id":"https:\/\/www.colorflyprinting.com\/#organization"},"potentialAction":[{"@type":"SearchAction","target":{"@type":"EntryPoint","urlTemplate":"https:\/\/www.colorflyprinting.com\/?s={search_term_string}"},"query-input":{"@type":"PropertyValueSpecification","valueRequired":true,"valueName":"search_term_string"}}],"inLanguage":"fr-FR"},{"@type":"Organization","@id":"https:\/\/www.colorflyprinting.com\/#organization","name":"Hefei Colorfly Stationery Co.,Ltd.","url":"https:\/\/www.colorflyprinting.com\/","logo":{"@type":"ImageObject","inLanguage":"fr-FR","@id":"https:\/\/www.colorflyprinting.com\/#\/schema\/logo\/image\/","url":"https:\/\/www.colorflyprinting.com\/wp-content\/uploads\/2025\/04\/d167665f943610681229e2f4307b9df.jpg","contentUrl":"https:\/\/www.colorflyprinting.com\/wp-content\/uploads\/2025\/04\/d167665f943610681229e2f4307b9df.jpg","width":780,"height":780,"caption":"Hefei Colorfly Stationery Co.,Ltd."},"image":{"@id":"https:\/\/www.colorflyprinting.com\/#\/schema\/logo\/image\/"}}]}},"_links":{"self":[{"href":"https:\/\/www.colorflyprinting.com\/fr\/wp-json\/wp\/v2\/product\/11262","targetHints":{"allow":["GET"]}}],"collection":[{"href":"https:\/\/www.colorflyprinting.com\/fr\/wp-json\/wp\/v2\/product"}],"about":[{"href":"https:\/\/www.colorflyprinting.com\/fr\/wp-json\/wp\/v2\/types\/product"}],"replies":[{"embeddable":true,"href":"https:\/\/www.colorflyprinting.com\/fr\/wp-json\/wp\/v2\/comments?post=11262"}],"wp:featuredmedia":[{"embeddable":true,"href":"https:\/\/www.colorflyprinting.com\/fr\/wp-json\/wp\/v2\/media\/18996"}],"wp:attachment":[{"href":"https:\/\/www.colorflyprinting.com\/fr\/wp-json\/wp\/v2\/media?parent=11262"}],"wp:term":[{"taxonomy":"product_brand","embeddable":true,"href":"https:\/\/www.colorflyprinting.com\/fr\/wp-json\/wp\/v2\/product_brand?post=11262"},{"taxonomy":"product_cat","embeddable":true,"href":"https:\/\/www.colorflyprinting.com\/fr\/wp-json\/wp\/v2\/product_cat?post=11262"},{"taxonomy":"product_tag","embeddable":true,"href":"https:\/\/www.colorflyprinting.com\/fr\/wp-json\/wp\/v2\/product_tag?post=11262"}],"curies":[{"name":"wp","href":"https:\/\/api.w.org\/{rel}","templated":true}]}}