{"id":11217,"date":"2025-04-22T01:20:59","date_gmt":"2025-04-22T01:20:59","guid":{"rendered":"https:\/\/www.colorflyprinting.com\/?post_type=product&#038;p=11217"},"modified":"2025-11-07T09:30:28","modified_gmt":"2025-11-07T09:30:28","slug":"wholesale-a5-softcover-pu-leather-journal-notebooks","status":"publish","type":"product","link":"https:\/\/www.colorflyprinting.com\/fr\/produit\/carnets-de-notes-a5-en-cuir-pu-a-couverture-souple-en-gros\/","title":{"rendered":"Carnets de notes A5 en cuir PU \u00e0 couverture souple, vente en gros"},"content":{"rendered":"<div class=\"text\">\n<p>Description des produits<\/p>\n<p>Nom de l&#039;article : Carnet en PU<\/p>\n<p>Couverture : PU<br \/>\nTaille : 17x22cm<\/p>\n<p>Reliure : Reliure parfaite (reliure cousue)<\/p>\n<p>Pages : 200 pages etc.<br \/>\nImpression papier int\u00e9rieure : une seule ligne<\/p>\n<p>Quantit\u00e9 minimale de commande : 500<\/p>\n<p>Toutes les sp\u00e9cifications ci-dessus peuvent \u00eatre personnalis\u00e9es, vous pouvez profiter de notre service personnalis\u00e9 si nous coop\u00e9rons.<\/p>\n<p>&nbsp;<\/p>\n<p>FAQ<\/p>\n<p>1. \u00c0 propos du prix :<br \/>\nLe prix est n\u00e9gociable. Il peut \u00eatre modifi\u00e9 en fonction de la quantit\u00e9 ou du forfait. Lors de votre demande, veuillez nous indiquer la quantit\u00e9 souhait\u00e9e.<\/p>\n<p>2. \u00c0 propos de l&#039;\u00e9chantillon\u00a0:<br \/>\nPour les produits standard que nous produisons tous les jours, l&#039;\u00e9chantillon est gratuit, mais le fret a\u00e9rien est \u00e0 payer ou vous nous payez les frais de port \u00e0 l&#039;avance, veuillez comprendre que ; faire de nouveaux \u00e9chantillons entra\u00eenera des frais de fabrication d&#039;\u00e9chantillons, discutons-en davantage s&#039;il vous pla\u00eet.<\/p>\n<p>3. \u00c0 propos du MOQ :<br \/>\nSi le produit que nous avons en stock tout au long du chemin, le MOQ est petit ; sinon, le MOQ est de 20 000\/50 000\/100 000 pi\u00e8ces, etc., des articles mixtes peuvent \u00e9galement tenir dans un conteneur de 20 pieds ; cela d\u00e9pend du type de produit et cela peut \u00eatre n\u00e9gociable, nous aimerions r\u00e9soudre votre probl\u00e8me autant que possible.<\/p>\n<p>4. \u00c0 propos du fabricant d&#039;\u00e9quipement d&#039;origine\u00a0:<br \/>\nNous poss\u00e9dons une usine en Chine, nous aimerions aider \u00e0 concevoir le LOGO et le code-barres du produit, \u00e0 condition que la qualit\u00e9 de la commande r\u00e9ponde \u00e0 son MOQ.<\/p>\n<p>5. \u00c0 propos du package\u00a0:<br \/>\nLa plupart des produits que nous fabriquons ont un emballage standard en fonction de l&#039;exp\u00e9rience que nous avons acquise sur le march\u00e9, mais nous acceptons toujours les besoins du client et fournissons des suggestions utiles pour r\u00e9f\u00e9rence.<\/p>\n<\/div>","protected":false},"excerpt":{"rendered":"<ul class=\"ptab-list clearfix\">\n<li>Product Origin:anhui<\/li>\n<li>Brand:Colorfly<\/li>\n<li>Item NO.:S-1222<\/li>\n<li>Shipping Port:wuhan\/ shanghai \/qiandao \/yiwu<\/li>\n<li>Color:custom color<\/li>\n<li>Lead Time:25-30days<\/li>\n<li>MOQ:500<\/li>\n<li>Type:business notebook<\/li>\n<li>Taille : A5<\/li>\n<li>Binding:sew binding<\/li>\n<li>Number of pages:200<\/li>\n<li>Inner printing:custom<\/li>\n<li>Cover printing:custom color<\/li>\n<\/ul>","protected":false},"featured_media":19113,"comment_status":"open","ping_status":"closed","template":"","meta":[],"product_brand":[],"product_cat":[127],"product_tag":[257,255,256],"class_list":{"0":"post-11217","1":"product","2":"type-product","3":"status-publish","4":"has-post-thumbnail","6":"product_cat-leather-notebook","7":"product_tag-a5-notebook","8":"product_tag-a5-softcover-pu-leather-journal-notebooks","9":"product_tag-pu-notebook","11":"first","12":"instock","13":"shipping-taxable","14":"product-type-simple"},"yoast_head":"<!-- This site is optimized with the Yoast SEO Premium plugin v23.9 (Yoast SEO v25.2) - https:\/\/yoast.com\/wordpress\/plugins\/seo\/ -->\n<title>Wholesale A5 Softcover PU Leather Journal Notebooks - colorflyprinting<\/title>\n<meta name=\"robots\" content=\"index, follow, max-snippet:-1, max-image-preview:large, max-video-preview:-1\" \/>\n<link rel=\"canonical\" href=\"https:\/\/www.colorflyprinting.com\/fr\/produit\/carnets-de-notes-a5-en-cuir-pu-a-couverture-souple-en-gros\/\" \/>\n<meta property=\"og:locale\" content=\"fr_FR\" \/>\n<meta property=\"og:type\" content=\"article\" \/>\n<meta property=\"og:title\" content=\"Wholesale A5 Softcover PU Leather Journal Notebooks\" \/>\n<meta property=\"og:description\" content=\"Product Origin:anhui  Brand:Colorfly  Item NO.:S-1222  Shipping Port:wuhan\/ shanghai \/qiandao \/yiwu  Color:custom color  Lead Time:25-30days  MOQ:500  Type:business notebook  Size:A5  Binding:sew binding  Number of pages:200  Inner printing:custom  Cover printing:custom color\" \/>\n<meta property=\"og:url\" content=\"https:\/\/www.colorflyprinting.com\/fr\/produit\/carnets-de-notes-a5-en-cuir-pu-a-couverture-souple-en-gros\/\" \/>\n<meta property=\"og:site_name\" content=\"colorflyprinting\" \/>\n<meta property=\"article:modified_time\" content=\"2025-11-07T09:30:28+00:00\" \/>\n<meta property=\"og:image\" content=\"https:\/\/www.colorflyprinting.com\/wp-content\/uploads\/2025\/04\/\u5fae\u4fe1\u56fe\u7247_20251107172807_\u526f\u672c.png\" \/>\n\t<meta property=\"og:image:width\" content=\"800\" \/>\n\t<meta property=\"og:image:height\" content=\"800\" \/>\n\t<meta property=\"og:image:type\" content=\"image\/png\" \/>\n<meta name=\"twitter:card\" content=\"summary_large_image\" \/>\n<meta name=\"twitter:label1\" content=\"Dur\u00e9e de lecture estim\u00e9e\" \/>\n\t<meta name=\"twitter:data1\" content=\"1 minute\" \/>\n<script type=\"application\/ld+json\" class=\"yoast-schema-graph\">{\"@context\":\"https:\/\/schema.org\",\"@graph\":[{\"@type\":\"WebPage\",\"@id\":\"https:\/\/www.colorflyprinting.com\/product\/wholesale-a5-softcover-pu-leather-journal-notebooks\/\",\"url\":\"https:\/\/www.colorflyprinting.com\/product\/wholesale-a5-softcover-pu-leather-journal-notebooks\/\",\"name\":\"Wholesale A5 Softcover PU Leather Journal Notebooks - colorflyprinting\",\"isPartOf\":{\"@id\":\"https:\/\/www.colorflyprinting.com\/#website\"},\"primaryImageOfPage\":{\"@id\":\"https:\/\/www.colorflyprinting.com\/product\/wholesale-a5-softcover-pu-leather-journal-notebooks\/#primaryimage\"},\"image\":{\"@id\":\"https:\/\/www.colorflyprinting.com\/product\/wholesale-a5-softcover-pu-leather-journal-notebooks\/#primaryimage\"},\"thumbnailUrl\":\"https:\/\/www.colorflyprinting.com\/wp-content\/uploads\/2025\/04\/\u5fae\u4fe1\u56fe\u7247_20251107172807_\u526f\u672c.png\",\"datePublished\":\"2025-04-22T01:20:59+00:00\",\"dateModified\":\"2025-11-07T09:30:28+00:00\",\"breadcrumb\":{\"@id\":\"https:\/\/www.colorflyprinting.com\/product\/wholesale-a5-softcover-pu-leather-journal-notebooks\/#breadcrumb\"},\"inLanguage\":\"fr-FR\",\"potentialAction\":[{\"@type\":\"ReadAction\",\"target\":[\"https:\/\/www.colorflyprinting.com\/product\/wholesale-a5-softcover-pu-leather-journal-notebooks\/\"]}]},{\"@type\":\"ImageObject\",\"inLanguage\":\"fr-FR\",\"@id\":\"https:\/\/www.colorflyprinting.com\/product\/wholesale-a5-softcover-pu-leather-journal-notebooks\/#primaryimage\",\"url\":\"https:\/\/www.colorflyprinting.com\/wp-content\/uploads\/2025\/04\/\u5fae\u4fe1\u56fe\u7247_20251107172807_\u526f\u672c.png\",\"contentUrl\":\"https:\/\/www.colorflyprinting.com\/wp-content\/uploads\/2025\/04\/\u5fae\u4fe1\u56fe\u7247_20251107172807_\u526f\u672c.png\",\"width\":800,\"height\":800},{\"@type\":\"BreadcrumbList\",\"@id\":\"https:\/\/www.colorflyprinting.com\/product\/wholesale-a5-softcover-pu-leather-journal-notebooks\/#breadcrumb\",\"itemListElement\":[{\"@type\":\"ListItem\",\"position\":1,\"name\":\"Home\",\"item\":\"https:\/\/www.colorflyprinting.com\/\"},{\"@type\":\"ListItem\",\"position\":2,\"name\":\"Product\",\"item\":\"https:\/\/www.colorflyprinting.com\/shop\/\"},{\"@type\":\"ListItem\",\"position\":3,\"name\":\"Wholesale A5 Softcover PU Leather Journal Notebooks\"}]},{\"@type\":\"WebSite\",\"@id\":\"https:\/\/www.colorflyprinting.com\/#website\",\"url\":\"https:\/\/www.colorflyprinting.com\/\",\"name\":\"Hefei Colorfly Stationery Co.,Ltd.\",\"description\":\"\",\"publisher\":{\"@id\":\"https:\/\/www.colorflyprinting.com\/#organization\"},\"potentialAction\":[{\"@type\":\"SearchAction\",\"target\":{\"@type\":\"EntryPoint\",\"urlTemplate\":\"https:\/\/www.colorflyprinting.com\/?s={search_term_string}\"},\"query-input\":{\"@type\":\"PropertyValueSpecification\",\"valueRequired\":true,\"valueName\":\"search_term_string\"}}],\"inLanguage\":\"fr-FR\"},{\"@type\":\"Organization\",\"@id\":\"https:\/\/www.colorflyprinting.com\/#organization\",\"name\":\"Hefei Colorfly Stationery Co.,Ltd.\",\"url\":\"https:\/\/www.colorflyprinting.com\/\",\"logo\":{\"@type\":\"ImageObject\",\"inLanguage\":\"fr-FR\",\"@id\":\"https:\/\/www.colorflyprinting.com\/#\/schema\/logo\/image\/\",\"url\":\"https:\/\/www.colorflyprinting.com\/wp-content\/uploads\/2025\/04\/d167665f943610681229e2f4307b9df.jpg\",\"contentUrl\":\"https:\/\/www.colorflyprinting.com\/wp-content\/uploads\/2025\/04\/d167665f943610681229e2f4307b9df.jpg\",\"width\":780,\"height\":780,\"caption\":\"Hefei Colorfly Stationery Co.,Ltd.\"},\"image\":{\"@id\":\"https:\/\/www.colorflyprinting.com\/#\/schema\/logo\/image\/\"}}]}<\/script>\n<!-- \/ Yoast SEO Premium plugin. -->","yoast_head_json":{"title":"Wholesale A5 Softcover PU Leather Journal Notebooks - colorflyprinting","robots":{"index":"index","follow":"follow","max-snippet":"max-snippet:-1","max-image-preview":"max-image-preview:large","max-video-preview":"max-video-preview:-1"},"canonical":"https:\/\/www.colorflyprinting.com\/fr\/produit\/carnets-de-notes-a5-en-cuir-pu-a-couverture-souple-en-gros\/","og_locale":"fr_FR","og_type":"article","og_title":"Wholesale A5 Softcover PU Leather Journal Notebooks","og_description":"Product Origin:anhui  Brand:Colorfly  Item NO.:S-1222  Shipping Port:wuhan\/ shanghai \/qiandao \/yiwu  Color:custom color  Lead Time:25-30days  MOQ:500  Type:business notebook  Size:A5  Binding:sew binding  Number of pages:200  Inner printing:custom  Cover printing:custom color","og_url":"https:\/\/www.colorflyprinting.com\/fr\/produit\/carnets-de-notes-a5-en-cuir-pu-a-couverture-souple-en-gros\/","og_site_name":"colorflyprinting","article_modified_time":"2025-11-07T09:30:28+00:00","og_image":[{"width":800,"height":800,"url":"https:\/\/www.colorflyprinting.com\/wp-content\/uploads\/2025\/04\/\u5fae\u4fe1\u56fe\u7247_20251107172807_\u526f\u672c.png","type":"image\/png"}],"twitter_card":"summary_large_image","twitter_misc":{"Dur\u00e9e de lecture estim\u00e9e":"1 minute"},"schema":{"@context":"https:\/\/schema.org","@graph":[{"@type":"WebPage","@id":"https:\/\/www.colorflyprinting.com\/product\/wholesale-a5-softcover-pu-leather-journal-notebooks\/","url":"https:\/\/www.colorflyprinting.com\/product\/wholesale-a5-softcover-pu-leather-journal-notebooks\/","name":"Wholesale A5 Softcover PU Leather Journal Notebooks - colorflyprinting","isPartOf":{"@id":"https:\/\/www.colorflyprinting.com\/#website"},"primaryImageOfPage":{"@id":"https:\/\/www.colorflyprinting.com\/product\/wholesale-a5-softcover-pu-leather-journal-notebooks\/#primaryimage"},"image":{"@id":"https:\/\/www.colorflyprinting.com\/product\/wholesale-a5-softcover-pu-leather-journal-notebooks\/#primaryimage"},"thumbnailUrl":"https:\/\/www.colorflyprinting.com\/wp-content\/uploads\/2025\/04\/\u5fae\u4fe1\u56fe\u7247_20251107172807_\u526f\u672c.png","datePublished":"2025-04-22T01:20:59+00:00","dateModified":"2025-11-07T09:30:28+00:00","breadcrumb":{"@id":"https:\/\/www.colorflyprinting.com\/product\/wholesale-a5-softcover-pu-leather-journal-notebooks\/#breadcrumb"},"inLanguage":"fr-FR","potentialAction":[{"@type":"ReadAction","target":["https:\/\/www.colorflyprinting.com\/product\/wholesale-a5-softcover-pu-leather-journal-notebooks\/"]}]},{"@type":"ImageObject","inLanguage":"fr-FR","@id":"https:\/\/www.colorflyprinting.com\/product\/wholesale-a5-softcover-pu-leather-journal-notebooks\/#primaryimage","url":"https:\/\/www.colorflyprinting.com\/wp-content\/uploads\/2025\/04\/\u5fae\u4fe1\u56fe\u7247_20251107172807_\u526f\u672c.png","contentUrl":"https:\/\/www.colorflyprinting.com\/wp-content\/uploads\/2025\/04\/\u5fae\u4fe1\u56fe\u7247_20251107172807_\u526f\u672c.png","width":800,"height":800},{"@type":"BreadcrumbList","@id":"https:\/\/www.colorflyprinting.com\/product\/wholesale-a5-softcover-pu-leather-journal-notebooks\/#breadcrumb","itemListElement":[{"@type":"ListItem","position":1,"name":"Home","item":"https:\/\/www.colorflyprinting.com\/"},{"@type":"ListItem","position":2,"name":"Product","item":"https:\/\/www.colorflyprinting.com\/shop\/"},{"@type":"ListItem","position":3,"name":"Wholesale A5 Softcover PU Leather Journal Notebooks"}]},{"@type":"WebSite","@id":"https:\/\/www.colorflyprinting.com\/#website","url":"https:\/\/www.colorflyprinting.com\/","name":"Hefei Colorfly Stationery Co.,Ltd.","description":"","publisher":{"@id":"https:\/\/www.colorflyprinting.com\/#organization"},"potentialAction":[{"@type":"SearchAction","target":{"@type":"EntryPoint","urlTemplate":"https:\/\/www.colorflyprinting.com\/?s={search_term_string}"},"query-input":{"@type":"PropertyValueSpecification","valueRequired":true,"valueName":"search_term_string"}}],"inLanguage":"fr-FR"},{"@type":"Organization","@id":"https:\/\/www.colorflyprinting.com\/#organization","name":"Hefei Colorfly Stationery Co.,Ltd.","url":"https:\/\/www.colorflyprinting.com\/","logo":{"@type":"ImageObject","inLanguage":"fr-FR","@id":"https:\/\/www.colorflyprinting.com\/#\/schema\/logo\/image\/","url":"https:\/\/www.colorflyprinting.com\/wp-content\/uploads\/2025\/04\/d167665f943610681229e2f4307b9df.jpg","contentUrl":"https:\/\/www.colorflyprinting.com\/wp-content\/uploads\/2025\/04\/d167665f943610681229e2f4307b9df.jpg","width":780,"height":780,"caption":"Hefei Colorfly Stationery Co.,Ltd."},"image":{"@id":"https:\/\/www.colorflyprinting.com\/#\/schema\/logo\/image\/"}}]}},"_links":{"self":[{"href":"https:\/\/www.colorflyprinting.com\/fr\/wp-json\/wp\/v2\/product\/11217","targetHints":{"allow":["GET"]}}],"collection":[{"href":"https:\/\/www.colorflyprinting.com\/fr\/wp-json\/wp\/v2\/product"}],"about":[{"href":"https:\/\/www.colorflyprinting.com\/fr\/wp-json\/wp\/v2\/types\/product"}],"replies":[{"embeddable":true,"href":"https:\/\/www.colorflyprinting.com\/fr\/wp-json\/wp\/v2\/comments?post=11217"}],"wp:featuredmedia":[{"embeddable":true,"href":"https:\/\/www.colorflyprinting.com\/fr\/wp-json\/wp\/v2\/media\/19113"}],"wp:attachment":[{"href":"https:\/\/www.colorflyprinting.com\/fr\/wp-json\/wp\/v2\/media?parent=11217"}],"wp:term":[{"taxonomy":"product_brand","embeddable":true,"href":"https:\/\/www.colorflyprinting.com\/fr\/wp-json\/wp\/v2\/product_brand?post=11217"},{"taxonomy":"product_cat","embeddable":true,"href":"https:\/\/www.colorflyprinting.com\/fr\/wp-json\/wp\/v2\/product_cat?post=11217"},{"taxonomy":"product_tag","embeddable":true,"href":"https:\/\/www.colorflyprinting.com\/fr\/wp-json\/wp\/v2\/product_tag?post=11217"}],"curies":[{"name":"wp","href":"https:\/\/api.w.org\/{rel}","templated":true}]}}