{"id":11093,"date":"2025-04-22T01:20:08","date_gmt":"2025-04-22T01:20:08","guid":{"rendered":"https:\/\/www.colorflyprinting.com\/?post_type=product&#038;p=11093"},"modified":"2025-06-28T04:18:39","modified_gmt":"2025-06-28T04:18:39","slug":"hefei-colorfly-business-notebook-100-sheets-with-pen-gift-box","status":"publish","type":"product","link":"https:\/\/www.colorflyprinting.com\/fr\/produit\/carnet-de-notes-professionnel-hefei-colorfly-100-feuilles-avec-stylo-coffret-cadeau\/","title":{"rendered":"Carnet de notes Hefei Colorfly Business, 100 feuilles, avec stylo, coffret cadeau"},"content":{"rendered":"<div class=\"text\">\n<p>\n\tDescription des produits&nbsp;\n<\/p>\n<p>\n\tNom de l&#039;article : coffret cadeau de carnets\n<\/p>\n<p>\n\t&nbsp;Couverture : PU\n<\/p>\n<p>\n\t&nbsp;Taille : 17x22cm&nbsp;\n<\/p>\n<p>\n\tReliure : Reliure coll\u00e9e&nbsp;\n<\/p>\n<p>\n\tPages : 200 pages etc.&nbsp;\n<\/p>\n<p>\n\tImpression papier int\u00e9rieure : une seule ligne&nbsp;\n<\/p>\n<p>\n\tQuantit\u00e9 minimale de commande : 500&nbsp;\n<\/p>\n<p>\n\tToutes les sp\u00e9cifications ci-dessus peuvent \u00eatre personnalis\u00e9es, vous pouvez profiter de notre service personnalis\u00e9 si nous coop\u00e9rons.&nbsp;\n<\/p>\n<p>\n\t\n<\/p>\n<p>\n\t&nbsp;FAQ&nbsp;\n<\/p>\n<p>\n\t1. \u00c0 propos du prix :<br \/>\nLe prix est n\u00e9gociable. Il peut \u00eatre modifi\u00e9 en fonction de la quantit\u00e9 ou du forfait. Lors de votre demande, veuillez nous indiquer la quantit\u00e9 souhait\u00e9e.&nbsp;\n<\/p>\n<p>\n\t2. \u00c0 propos de l&#039;\u00e9chantillon\u00a0:<br \/>\nPour les produits standard que nous produisons tous les jours, l&#039;\u00e9chantillon est gratuit, mais le fret a\u00e9rien est \u00e0 payer ou vous nous payez les frais de port \u00e0 l&#039;avance, veuillez comprendre que ; faire de nouveaux \u00e9chantillons entra\u00eenera des frais de fabrication d&#039;\u00e9chantillons, discutons-en davantage s&#039;il vous pla\u00eet.&nbsp;\n<\/p>\n<p>\n\t3. \u00c0 propos du MOQ :<br \/>\nSi le produit que nous avons en stock tout au long du chemin, le MOQ est petit ; sinon, le MOQ est de 20 000\/50 000\/100 000 pi\u00e8ces, etc., des articles mixtes peuvent \u00e9galement tenir dans un conteneur de 20 pieds ; cela d\u00e9pend du type de produit et cela peut \u00eatre n\u00e9gociable, nous aimerions r\u00e9soudre votre probl\u00e8me autant que possible.&nbsp;\n<\/p>\n<p>\n\t4. \u00c0 propos du fabricant d&#039;\u00e9quipement d&#039;origine\u00a0:<br \/>\nNous poss\u00e9dons une usine en Chine, nous aimerions aider \u00e0 concevoir le LOGO et le code-barres du produit, \u00e0 condition que la qualit\u00e9 de la commande r\u00e9ponde \u00e0 son MOQ.&nbsp;\n<\/p>\n<p>\n\t5. \u00c0 propos du package\u00a0:<br \/>\nLa plupart des produits que nous fabriquons ont un emballage standard en fonction de l&#039;exp\u00e9rience que nous avons acquise sur le march\u00e9, mais nous acceptons toujours les besoins du client et fournissons des suggestions utiles pour r\u00e9f\u00e9rence.\n<\/p>\n<\/p><\/div>","protected":false},"excerpt":{"rendered":"<ul class=\"ptab-list clearfix\">\n<li>\n<p>Origine du produit :<\/p>\n<p><span>Anhui<\/span><\/li>\n<li>\n<p>Marque:<\/p>\n<p><span>Colorfly<\/span><\/li>\n<li>\n<p>Num\u00e9ro d&#039;article :<\/p>\n<p><span>C-1230<\/span><\/li>\n<li>\n<p>Port d&#039;exp\u00e9dition :<\/p>\n<p><span>Wuhan\/Shanghai\/qiandao\/yiwu<\/span><\/li>\n<li>\n<p>Couleur:<\/p>\n<p><span>couleur personnalis\u00e9e<\/span><\/li>\n<li>\n<p>D\u00e9lai de mise en \u0153uvre:<\/p>\n<p><span>25-30 jours<\/span><\/li>\n<li>\n<p>Quantit\u00e9 minimale de commande :<\/p>\n<p><span>100<\/span><\/li>\n<li>\n<p>Taper: <\/p>\n<p> <span>Cahier d&#039;universit\u00e9<\/span><\/li>\n<li>\n<p>Taille: <\/p>\n<p> <span>A5<\/span><\/li>\n<li>\n<p>Obligatoire: <\/p>\n<p> <span>reliure coll\u00e9e<\/span><\/li>\n<li>\n<p>Nombre de pages : <\/p>\n<p> <span>200<\/span><\/li>\n<li>\n<p>Impression int\u00e9rieure : <\/p>\n<p> <span>coutume<\/span><\/li>\n<li>\n<p>Impression de la couverture : <\/p>\n<p> <span>4 couleurs<\/span><\/li>\n<\/ul>","protected":false},"featured_media":11129,"comment_status":"open","ping_status":"closed","template":"","meta":[],"product_brand":[],"product_cat":[127],"product_tag":[158,157,159],"class_list":{"0":"post-11093","1":"product","2":"type-product","3":"status-publish","4":"has-post-thumbnail","6":"product_cat-leather-notebook","7":"product_tag-business-notebook","8":"product_tag-business-notebook-with-pen-gift-box","9":"product_tag-notebook-100-sheets","11":"first","12":"instock","13":"shipping-taxable","14":"product-type-simple"},"yoast_head":"<!-- This site is optimized with the Yoast SEO Premium plugin v23.9 (Yoast SEO v25.2) - https:\/\/yoast.com\/wordpress\/plugins\/seo\/ -->\n<title>Hefei Colorfly Business Notebook 100 Sheets With Pen Gift Box - colorflyprinting<\/title>\n<meta name=\"robots\" content=\"index, follow, max-snippet:-1, max-image-preview:large, max-video-preview:-1\" \/>\n<link rel=\"canonical\" href=\"https:\/\/www.colorflyprinting.com\/fr\/produit\/carnet-de-notes-professionnel-hefei-colorfly-100-feuilles-avec-stylo-coffret-cadeau\/\" \/>\n<meta property=\"og:locale\" content=\"fr_FR\" \/>\n<meta property=\"og:type\" content=\"article\" \/>\n<meta property=\"og:title\" content=\"Hefei Colorfly Business Notebook 100 Sheets With Pen Gift Box\" \/>\n<meta property=\"og:description\" content=\"Product Origin:anhui                                                    Brand:Colorfly                                                   Item NO.:C-1230                                                   Shipping Port:wuhan\/ shanghai \/qiandao \/yiwu                                                   Color:custom color                                                   Lead Time:25-30days                                                                   MOQ:100                                                                                                                  Type: College notebook                                 Size: A5                                 Binding: glue binding                                 Number of pages: 200                                 Inner printing: custom                                 Cover printing: 4 color\" \/>\n<meta property=\"og:url\" content=\"https:\/\/www.colorflyprinting.com\/fr\/produit\/carnet-de-notes-professionnel-hefei-colorfly-100-feuilles-avec-stylo-coffret-cadeau\/\" \/>\n<meta property=\"og:site_name\" content=\"colorflyprinting\" \/>\n<meta property=\"article:modified_time\" content=\"2025-06-28T04:18:39+00:00\" \/>\n<meta name=\"twitter:card\" content=\"summary_large_image\" \/>\n<meta name=\"twitter:label1\" content=\"Dur\u00e9e de lecture estim\u00e9e\" \/>\n\t<meta name=\"twitter:data1\" content=\"1 minute\" \/>\n<script type=\"application\/ld+json\" class=\"yoast-schema-graph\">{\"@context\":\"https:\/\/schema.org\",\"@graph\":[{\"@type\":\"WebPage\",\"@id\":\"https:\/\/www.colorflyprinting.com\/product\/hefei-colorfly-business-notebook-100-sheets-with-pen-gift-box\/\",\"url\":\"https:\/\/www.colorflyprinting.com\/product\/hefei-colorfly-business-notebook-100-sheets-with-pen-gift-box\/\",\"name\":\"Hefei Colorfly Business Notebook 100 Sheets With Pen Gift Box - colorflyprinting\",\"isPartOf\":{\"@id\":\"https:\/\/www.colorflyprinting.com\/#website\"},\"primaryImageOfPage\":{\"@id\":\"https:\/\/www.colorflyprinting.com\/product\/hefei-colorfly-business-notebook-100-sheets-with-pen-gift-box\/#primaryimage\"},\"image\":{\"@id\":\"https:\/\/www.colorflyprinting.com\/product\/hefei-colorfly-business-notebook-100-sheets-with-pen-gift-box\/#primaryimage\"},\"thumbnailUrl\":\"https:\/\/www.colorflyprinting.com\/wp-content\/uploads\/2025\/04\/e7b3aeabe287db91b2cdc63b0b1717f9_medium-1.jpg\",\"datePublished\":\"2025-04-22T01:20:08+00:00\",\"dateModified\":\"2025-06-28T04:18:39+00:00\",\"breadcrumb\":{\"@id\":\"https:\/\/www.colorflyprinting.com\/product\/hefei-colorfly-business-notebook-100-sheets-with-pen-gift-box\/#breadcrumb\"},\"inLanguage\":\"fr-FR\",\"potentialAction\":[{\"@type\":\"ReadAction\",\"target\":[\"https:\/\/www.colorflyprinting.com\/product\/hefei-colorfly-business-notebook-100-sheets-with-pen-gift-box\/\"]}]},{\"@type\":\"ImageObject\",\"inLanguage\":\"fr-FR\",\"@id\":\"https:\/\/www.colorflyprinting.com\/product\/hefei-colorfly-business-notebook-100-sheets-with-pen-gift-box\/#primaryimage\",\"url\":\"https:\/\/www.colorflyprinting.com\/wp-content\/uploads\/2025\/04\/e7b3aeabe287db91b2cdc63b0b1717f9_medium-1.jpg\",\"contentUrl\":\"https:\/\/www.colorflyprinting.com\/wp-content\/uploads\/2025\/04\/e7b3aeabe287db91b2cdc63b0b1717f9_medium-1.jpg\",\"width\":550,\"height\":550},{\"@type\":\"BreadcrumbList\",\"@id\":\"https:\/\/www.colorflyprinting.com\/product\/hefei-colorfly-business-notebook-100-sheets-with-pen-gift-box\/#breadcrumb\",\"itemListElement\":[{\"@type\":\"ListItem\",\"position\":1,\"name\":\"Home\",\"item\":\"https:\/\/www.colorflyprinting.com\/\"},{\"@type\":\"ListItem\",\"position\":2,\"name\":\"Product\",\"item\":\"https:\/\/www.colorflyprinting.com\/shop\/\"},{\"@type\":\"ListItem\",\"position\":3,\"name\":\"Hefei Colorfly Business Notebook 100 Sheets With Pen Gift Box\"}]},{\"@type\":\"WebSite\",\"@id\":\"https:\/\/www.colorflyprinting.com\/#website\",\"url\":\"https:\/\/www.colorflyprinting.com\/\",\"name\":\"Hefei Colorfly Stationery Co.,Ltd.\",\"description\":\"\",\"publisher\":{\"@id\":\"https:\/\/www.colorflyprinting.com\/#organization\"},\"potentialAction\":[{\"@type\":\"SearchAction\",\"target\":{\"@type\":\"EntryPoint\",\"urlTemplate\":\"https:\/\/www.colorflyprinting.com\/?s={search_term_string}\"},\"query-input\":{\"@type\":\"PropertyValueSpecification\",\"valueRequired\":true,\"valueName\":\"search_term_string\"}}],\"inLanguage\":\"fr-FR\"},{\"@type\":\"Organization\",\"@id\":\"https:\/\/www.colorflyprinting.com\/#organization\",\"name\":\"Hefei Colorfly Stationery Co.,Ltd.\",\"url\":\"https:\/\/www.colorflyprinting.com\/\",\"logo\":{\"@type\":\"ImageObject\",\"inLanguage\":\"fr-FR\",\"@id\":\"https:\/\/www.colorflyprinting.com\/#\/schema\/logo\/image\/\",\"url\":\"https:\/\/www.colorflyprinting.com\/wp-content\/uploads\/2025\/04\/d167665f943610681229e2f4307b9df.jpg\",\"contentUrl\":\"https:\/\/www.colorflyprinting.com\/wp-content\/uploads\/2025\/04\/d167665f943610681229e2f4307b9df.jpg\",\"width\":780,\"height\":780,\"caption\":\"Hefei Colorfly Stationery Co.,Ltd.\"},\"image\":{\"@id\":\"https:\/\/www.colorflyprinting.com\/#\/schema\/logo\/image\/\"}}]}<\/script>\n<!-- \/ Yoast SEO Premium plugin. -->","yoast_head_json":{"title":"Hefei Colorfly Business Notebook 100 Sheets With Pen Gift Box - colorflyprinting","robots":{"index":"index","follow":"follow","max-snippet":"max-snippet:-1","max-image-preview":"max-image-preview:large","max-video-preview":"max-video-preview:-1"},"canonical":"https:\/\/www.colorflyprinting.com\/fr\/produit\/carnet-de-notes-professionnel-hefei-colorfly-100-feuilles-avec-stylo-coffret-cadeau\/","og_locale":"fr_FR","og_type":"article","og_title":"Hefei Colorfly Business Notebook 100 Sheets With Pen Gift Box","og_description":"Product Origin:anhui                                                    Brand:Colorfly                                                   Item NO.:C-1230                                                   Shipping Port:wuhan\/ shanghai \/qiandao \/yiwu                                                   Color:custom color                                                   Lead Time:25-30days                                                                   MOQ:100                                                                                                                  Type: College notebook                                 Size: A5                                 Binding: glue binding                                 Number of pages: 200                                 Inner printing: custom                                 Cover printing: 4 color","og_url":"https:\/\/www.colorflyprinting.com\/fr\/produit\/carnet-de-notes-professionnel-hefei-colorfly-100-feuilles-avec-stylo-coffret-cadeau\/","og_site_name":"colorflyprinting","article_modified_time":"2025-06-28T04:18:39+00:00","twitter_card":"summary_large_image","twitter_misc":{"Dur\u00e9e de lecture estim\u00e9e":"1 minute"},"schema":{"@context":"https:\/\/schema.org","@graph":[{"@type":"WebPage","@id":"https:\/\/www.colorflyprinting.com\/product\/hefei-colorfly-business-notebook-100-sheets-with-pen-gift-box\/","url":"https:\/\/www.colorflyprinting.com\/product\/hefei-colorfly-business-notebook-100-sheets-with-pen-gift-box\/","name":"Hefei Colorfly Business Notebook 100 Sheets With Pen Gift Box - colorflyprinting","isPartOf":{"@id":"https:\/\/www.colorflyprinting.com\/#website"},"primaryImageOfPage":{"@id":"https:\/\/www.colorflyprinting.com\/product\/hefei-colorfly-business-notebook-100-sheets-with-pen-gift-box\/#primaryimage"},"image":{"@id":"https:\/\/www.colorflyprinting.com\/product\/hefei-colorfly-business-notebook-100-sheets-with-pen-gift-box\/#primaryimage"},"thumbnailUrl":"https:\/\/www.colorflyprinting.com\/wp-content\/uploads\/2025\/04\/e7b3aeabe287db91b2cdc63b0b1717f9_medium-1.jpg","datePublished":"2025-04-22T01:20:08+00:00","dateModified":"2025-06-28T04:18:39+00:00","breadcrumb":{"@id":"https:\/\/www.colorflyprinting.com\/product\/hefei-colorfly-business-notebook-100-sheets-with-pen-gift-box\/#breadcrumb"},"inLanguage":"fr-FR","potentialAction":[{"@type":"ReadAction","target":["https:\/\/www.colorflyprinting.com\/product\/hefei-colorfly-business-notebook-100-sheets-with-pen-gift-box\/"]}]},{"@type":"ImageObject","inLanguage":"fr-FR","@id":"https:\/\/www.colorflyprinting.com\/product\/hefei-colorfly-business-notebook-100-sheets-with-pen-gift-box\/#primaryimage","url":"https:\/\/www.colorflyprinting.com\/wp-content\/uploads\/2025\/04\/e7b3aeabe287db91b2cdc63b0b1717f9_medium-1.jpg","contentUrl":"https:\/\/www.colorflyprinting.com\/wp-content\/uploads\/2025\/04\/e7b3aeabe287db91b2cdc63b0b1717f9_medium-1.jpg","width":550,"height":550},{"@type":"BreadcrumbList","@id":"https:\/\/www.colorflyprinting.com\/product\/hefei-colorfly-business-notebook-100-sheets-with-pen-gift-box\/#breadcrumb","itemListElement":[{"@type":"ListItem","position":1,"name":"Home","item":"https:\/\/www.colorflyprinting.com\/"},{"@type":"ListItem","position":2,"name":"Product","item":"https:\/\/www.colorflyprinting.com\/shop\/"},{"@type":"ListItem","position":3,"name":"Hefei Colorfly Business Notebook 100 Sheets With Pen Gift Box"}]},{"@type":"WebSite","@id":"https:\/\/www.colorflyprinting.com\/#website","url":"https:\/\/www.colorflyprinting.com\/","name":"Hefei Colorfly Stationery Co.,Ltd.","description":"","publisher":{"@id":"https:\/\/www.colorflyprinting.com\/#organization"},"potentialAction":[{"@type":"SearchAction","target":{"@type":"EntryPoint","urlTemplate":"https:\/\/www.colorflyprinting.com\/?s={search_term_string}"},"query-input":{"@type":"PropertyValueSpecification","valueRequired":true,"valueName":"search_term_string"}}],"inLanguage":"fr-FR"},{"@type":"Organization","@id":"https:\/\/www.colorflyprinting.com\/#organization","name":"Hefei Colorfly Stationery Co.,Ltd.","url":"https:\/\/www.colorflyprinting.com\/","logo":{"@type":"ImageObject","inLanguage":"fr-FR","@id":"https:\/\/www.colorflyprinting.com\/#\/schema\/logo\/image\/","url":"https:\/\/www.colorflyprinting.com\/wp-content\/uploads\/2025\/04\/d167665f943610681229e2f4307b9df.jpg","contentUrl":"https:\/\/www.colorflyprinting.com\/wp-content\/uploads\/2025\/04\/d167665f943610681229e2f4307b9df.jpg","width":780,"height":780,"caption":"Hefei Colorfly Stationery Co.,Ltd."},"image":{"@id":"https:\/\/www.colorflyprinting.com\/#\/schema\/logo\/image\/"}}]}},"_links":{"self":[{"href":"https:\/\/www.colorflyprinting.com\/fr\/wp-json\/wp\/v2\/product\/11093","targetHints":{"allow":["GET"]}}],"collection":[{"href":"https:\/\/www.colorflyprinting.com\/fr\/wp-json\/wp\/v2\/product"}],"about":[{"href":"https:\/\/www.colorflyprinting.com\/fr\/wp-json\/wp\/v2\/types\/product"}],"replies":[{"embeddable":true,"href":"https:\/\/www.colorflyprinting.com\/fr\/wp-json\/wp\/v2\/comments?post=11093"}],"wp:featuredmedia":[{"embeddable":true,"href":"https:\/\/www.colorflyprinting.com\/fr\/wp-json\/wp\/v2\/media\/11129"}],"wp:attachment":[{"href":"https:\/\/www.colorflyprinting.com\/fr\/wp-json\/wp\/v2\/media?parent=11093"}],"wp:term":[{"taxonomy":"product_brand","embeddable":true,"href":"https:\/\/www.colorflyprinting.com\/fr\/wp-json\/wp\/v2\/product_brand?post=11093"},{"taxonomy":"product_cat","embeddable":true,"href":"https:\/\/www.colorflyprinting.com\/fr\/wp-json\/wp\/v2\/product_cat?post=11093"},{"taxonomy":"product_tag","embeddable":true,"href":"https:\/\/www.colorflyprinting.com\/fr\/wp-json\/wp\/v2\/product_tag?post=11093"}],"curies":[{"name":"wp","href":"https:\/\/api.w.org\/{rel}","templated":true}]}}