{"id":11091,"date":"2025-04-22T01:20:08","date_gmt":"2025-04-22T01:20:08","guid":{"rendered":"https:\/\/www.colorflyprinting.com\/?post_type=product&#038;p=11091"},"modified":"2025-09-02T05:07:22","modified_gmt":"2025-09-02T05:07:22","slug":"thick-leather-notebook-calendar-planner","status":"publish","type":"product","link":"https:\/\/www.colorflyprinting.com\/fr\/produit\/carnet-de-notes-en-cuir-epais-agenda-calendrier-2\/","title":{"rendered":"Carnet de notes en cuir \u00e9pais, calendrier, agenda"},"content":{"rendered":"<div class=\"text\">\n<p>\n\t<span style=\"font-size:18px;\">Article ?? Carnet calendrier personnalis\u00e9 format A5<\/span>\n<\/p>\n<p>\n\t<span style=\"font-size:18px;\">Taille : A5 (145x215mm)<\/span>\n<\/p>\n<p>\n\t<span style=\"font-size:18px;\">Papier int\u00e9rieur : papier offset 70\/80 g\/m\u00b2<\/span>\n<\/p>\n<p>\n\t<span style=\"font-size:18px;\">Couleur : Violet \/ Rouge vin<\/span>\n<\/p>\n<p>\n\t<span style=\"font-size:18px;\">Couverture : Cuir souple, impression grav\u00e9e<\/span>\n<\/p>\n<p>\n\t<span style=\"font-size:18px;\">Reliure : Reliure parfaite, avec ruban 2 couleurs<\/span>\n<\/p>\n<p>\n\t<span style=\"font-size:18px;\">Conception et contenu des blocs<\/span>\n<\/p>\n<p>\n\t<span style=\"font-size:18px;\"><img decoding=\"async\" src=\"\/js\/htmledit\/kindeditor\/attached\/20191028\/20191028140642_21657.jpg\" alt=\"\"><br \/>\n<\/span>\n<\/p>\n<p>\n\t\n<\/p>\n<p>\n\t<strong><span style=\"font-size:18px;\">Tailles<\/span><\/strong>\n<\/p>\n<p>\n\tLes formats les plus courants sont 15 \u00d7 21 cm et 15,5 \u00d7 21 cm. Ils sont parfaits pour planifier votre travail et vos loisirs. Le format moyen permet d&#039;emporter votre agenda en r\u00e9union (il est peu encombrant tout en \u00e9tant tr\u00e8s spacieux). Si vous passez beaucoup de temps au bureau, les grands agendas hebdomadaires de 20 \u00d7 26 cm ou les carnets de 20,5 \u00d7 27 cm seront plus adapt\u00e9s. Les agendas \u00e0 spirales classiques ou \u00e0 couverture de 33 \u00d7 15 cm prendront peu de place sur votre bureau. Les formats 10 \u00d7 16 cm et 10,5 \u00d7 16 cm sont adapt\u00e9s aux r\u00e9unions et aux d\u00e9placements professionnels fr\u00e9quents, car ils se glissent facilement dans un petit sac \u00e0 main. Les carnets de 9 \u00d7 13 cm et 8,5 \u00d7 13 cm se glissent m\u00eame dans votre poche.\n<\/p>\n<p>\n\t\n<\/p>\n<p>\n\t<strong><span style=\"font-size:18px;\">Le contenu d&#039;un bloc standard<\/span><\/strong>\n<\/p>\n<p>\n\tLe bloc standard d&#039;un carnet calendrier peut contenir une carte de votre pays (sur la premi\u00e8re page), une carte de l&#039;Europe (sur la derni\u00e8re page) et de nombreux documents de r\u00e9f\u00e9rence sur les premi\u00e8res pages du bloc, tels que :\n<\/p>\n<ul>\n<li>\n\t\tDonn\u00e9es personnelles;\n\t<\/li>\n<li>\n\t\tCalendrier pour plusieurs ann\u00e9es;\n\t<\/li>\n<li>\n\t\t\u00c9chelles de temp\u00e9rature et de vitesse ;\n\t<\/li>\n<li>\n\t\tchiffres romains;\n\t<\/li>\n<li>\n\t\tInformations diverses sur les pays ;\n\t<\/li>\n<li>\n\t\tTableaux des tailles de chaussures et de v\u00eatements;\n\t<\/li>\n<li>\n\t\tAtlas mondial.\n\t<\/li>\n<\/ul>\n<p>\n\t\n<\/p>\n<p>\n\t\n<\/p>\n<p>\n\t\n<\/p>\n<\/p><\/div>","protected":false},"excerpt":{"rendered":"<p>Agendas et carnets personnalis\u00e9s format A5 avec la langue fran\u00e7aise<\/p>\n<ul class=\"ptab-list clearfix\">\n<li>\n<p>Marque:<\/p>\n<p><span>Colorfly<\/span><\/li>\n<li>\n<p>Num\u00e9ro d&#039;article :<\/p>\n<p><span>CY-LB002<\/span><\/li>\n<li>\n<p>Taper: <\/p>\n<p> <span>Carnet calendrier<\/span><\/li>\n<li>\n<p>Taille: <\/p>\n<p> <span>A5<\/span><\/li>\n<li>\n<p>Obligatoire: <\/p>\n<p> <span>Reliure parfaite<\/span><\/li>\n<li>\n<p>Nombre de pages : <\/p>\n<p> <span>Personnalis\u00e9<\/span><\/li>\n<li>\n<p>Impression int\u00e9rieure : <\/p>\n<p> <span>Calendrier<\/span><\/li>\n<li>\n<p>Impression de la couverture : <\/p>\n<p> <span>Impression 4 couleurs<\/span><\/li>\n<\/ul>","protected":false},"featured_media":11124,"comment_status":"open","ping_status":"closed","template":"","meta":[],"product_brand":[],"product_cat":[127],"product_tag":[155,150,154],"class_list":{"0":"post-11091","1":"product","2":"type-product","3":"status-publish","4":"has-post-thumbnail","6":"product_cat-leather-notebook","7":"product_tag-monthly-planner-and-notebook","8":"product_tag-notebook-calendar-planner","9":"product_tag-notebook-with-calendar-pages","11":"first","12":"instock","13":"shipping-taxable","14":"product-type-simple"},"yoast_head":"<!-- This site is optimized with the Yoast SEO Premium plugin v23.9 (Yoast SEO v25.2) - https:\/\/yoast.com\/wordpress\/plugins\/seo\/ -->\n<title>Thick Leather Notebook Calendar Planner - colorflyprinting<\/title>\n<meta name=\"robots\" content=\"index, follow, max-snippet:-1, max-image-preview:large, max-video-preview:-1\" \/>\n<link rel=\"canonical\" href=\"https:\/\/www.colorflyprinting.com\/fr\/produit\/carnet-de-notes-en-cuir-epais-agenda-calendrier-2\/\" \/>\n<meta property=\"og:locale\" content=\"fr_FR\" \/>\n<meta property=\"og:type\" content=\"article\" \/>\n<meta property=\"og:title\" content=\"Thick Leather Notebook Calendar Planner\" \/>\n<meta property=\"og:description\" content=\"Custom day planners and notebooks A5 size with French language                                                     Brand:Colorfly                                                   Item NO.:CY-LB002                                                                                                                                                                                                  Type: Calendar notebook                                 Size: A5                                 Binding: Perfect binding                                 Number of pages: Customized                                 Inner printing: Calendar                                 Cover printing: 4 colors printing\" \/>\n<meta property=\"og:url\" content=\"https:\/\/www.colorflyprinting.com\/fr\/produit\/carnet-de-notes-en-cuir-epais-agenda-calendrier-2\/\" \/>\n<meta property=\"og:site_name\" content=\"colorflyprinting\" \/>\n<meta property=\"article:modified_time\" content=\"2025-09-02T05:07:22+00:00\" \/>\n<meta name=\"twitter:card\" content=\"summary_large_image\" \/>\n<meta name=\"twitter:label1\" content=\"Dur\u00e9e de lecture estim\u00e9e\" \/>\n\t<meta name=\"twitter:data1\" content=\"1 minute\" \/>\n<script type=\"application\/ld+json\" class=\"yoast-schema-graph\">{\"@context\":\"https:\/\/schema.org\",\"@graph\":[{\"@type\":\"WebPage\",\"@id\":\"https:\/\/www.colorflyprinting.com\/product\/thick-leather-notebook-calendar-planner\/\",\"url\":\"https:\/\/www.colorflyprinting.com\/product\/thick-leather-notebook-calendar-planner\/\",\"name\":\"Thick Leather Notebook Calendar Planner - colorflyprinting\",\"isPartOf\":{\"@id\":\"https:\/\/www.colorflyprinting.com\/#website\"},\"primaryImageOfPage\":{\"@id\":\"https:\/\/www.colorflyprinting.com\/product\/thick-leather-notebook-calendar-planner\/#primaryimage\"},\"image\":{\"@id\":\"https:\/\/www.colorflyprinting.com\/product\/thick-leather-notebook-calendar-planner\/#primaryimage\"},\"thumbnailUrl\":\"https:\/\/www.colorflyprinting.com\/wp-content\/uploads\/2025\/04\/d3f42f81bbd735c32fa08b16e74fb47b_medium-1.jpg\",\"datePublished\":\"2025-04-22T01:20:08+00:00\",\"dateModified\":\"2025-09-02T05:07:22+00:00\",\"breadcrumb\":{\"@id\":\"https:\/\/www.colorflyprinting.com\/product\/thick-leather-notebook-calendar-planner\/#breadcrumb\"},\"inLanguage\":\"fr-FR\",\"potentialAction\":[{\"@type\":\"ReadAction\",\"target\":[\"https:\/\/www.colorflyprinting.com\/product\/thick-leather-notebook-calendar-planner\/\"]}]},{\"@type\":\"ImageObject\",\"inLanguage\":\"fr-FR\",\"@id\":\"https:\/\/www.colorflyprinting.com\/product\/thick-leather-notebook-calendar-planner\/#primaryimage\",\"url\":\"https:\/\/www.colorflyprinting.com\/wp-content\/uploads\/2025\/04\/d3f42f81bbd735c32fa08b16e74fb47b_medium-1.jpg\",\"contentUrl\":\"https:\/\/www.colorflyprinting.com\/wp-content\/uploads\/2025\/04\/d3f42f81bbd735c32fa08b16e74fb47b_medium-1.jpg\",\"width\":550,\"height\":550},{\"@type\":\"BreadcrumbList\",\"@id\":\"https:\/\/www.colorflyprinting.com\/product\/thick-leather-notebook-calendar-planner\/#breadcrumb\",\"itemListElement\":[{\"@type\":\"ListItem\",\"position\":1,\"name\":\"Home\",\"item\":\"https:\/\/www.colorflyprinting.com\/\"},{\"@type\":\"ListItem\",\"position\":2,\"name\":\"Product\",\"item\":\"https:\/\/www.colorflyprinting.com\/shop\/\"},{\"@type\":\"ListItem\",\"position\":3,\"name\":\"Thick Leather Notebook Calendar Planner\"}]},{\"@type\":\"WebSite\",\"@id\":\"https:\/\/www.colorflyprinting.com\/#website\",\"url\":\"https:\/\/www.colorflyprinting.com\/\",\"name\":\"Hefei Colorfly Stationery Co.,Ltd.\",\"description\":\"\",\"publisher\":{\"@id\":\"https:\/\/www.colorflyprinting.com\/#organization\"},\"potentialAction\":[{\"@type\":\"SearchAction\",\"target\":{\"@type\":\"EntryPoint\",\"urlTemplate\":\"https:\/\/www.colorflyprinting.com\/?s={search_term_string}\"},\"query-input\":{\"@type\":\"PropertyValueSpecification\",\"valueRequired\":true,\"valueName\":\"search_term_string\"}}],\"inLanguage\":\"fr-FR\"},{\"@type\":\"Organization\",\"@id\":\"https:\/\/www.colorflyprinting.com\/#organization\",\"name\":\"Hefei Colorfly Stationery Co.,Ltd.\",\"url\":\"https:\/\/www.colorflyprinting.com\/\",\"logo\":{\"@type\":\"ImageObject\",\"inLanguage\":\"fr-FR\",\"@id\":\"https:\/\/www.colorflyprinting.com\/#\/schema\/logo\/image\/\",\"url\":\"https:\/\/www.colorflyprinting.com\/wp-content\/uploads\/2025\/04\/d167665f943610681229e2f4307b9df.jpg\",\"contentUrl\":\"https:\/\/www.colorflyprinting.com\/wp-content\/uploads\/2025\/04\/d167665f943610681229e2f4307b9df.jpg\",\"width\":780,\"height\":780,\"caption\":\"Hefei Colorfly Stationery Co.,Ltd.\"},\"image\":{\"@id\":\"https:\/\/www.colorflyprinting.com\/#\/schema\/logo\/image\/\"}}]}<\/script>\n<!-- \/ Yoast SEO Premium plugin. -->","yoast_head_json":{"title":"Thick Leather Notebook Calendar Planner - colorflyprinting","robots":{"index":"index","follow":"follow","max-snippet":"max-snippet:-1","max-image-preview":"max-image-preview:large","max-video-preview":"max-video-preview:-1"},"canonical":"https:\/\/www.colorflyprinting.com\/fr\/produit\/carnet-de-notes-en-cuir-epais-agenda-calendrier-2\/","og_locale":"fr_FR","og_type":"article","og_title":"Thick Leather Notebook Calendar Planner","og_description":"Custom day planners and notebooks A5 size with French language                                                     Brand:Colorfly                                                   Item NO.:CY-LB002                                                                                                                                                                                                  Type: Calendar notebook                                 Size: A5                                 Binding: Perfect binding                                 Number of pages: Customized                                 Inner printing: Calendar                                 Cover printing: 4 colors printing","og_url":"https:\/\/www.colorflyprinting.com\/fr\/produit\/carnet-de-notes-en-cuir-epais-agenda-calendrier-2\/","og_site_name":"colorflyprinting","article_modified_time":"2025-09-02T05:07:22+00:00","twitter_card":"summary_large_image","twitter_misc":{"Dur\u00e9e de lecture estim\u00e9e":"1 minute"},"schema":{"@context":"https:\/\/schema.org","@graph":[{"@type":"WebPage","@id":"https:\/\/www.colorflyprinting.com\/product\/thick-leather-notebook-calendar-planner\/","url":"https:\/\/www.colorflyprinting.com\/product\/thick-leather-notebook-calendar-planner\/","name":"Thick Leather Notebook Calendar Planner - colorflyprinting","isPartOf":{"@id":"https:\/\/www.colorflyprinting.com\/#website"},"primaryImageOfPage":{"@id":"https:\/\/www.colorflyprinting.com\/product\/thick-leather-notebook-calendar-planner\/#primaryimage"},"image":{"@id":"https:\/\/www.colorflyprinting.com\/product\/thick-leather-notebook-calendar-planner\/#primaryimage"},"thumbnailUrl":"https:\/\/www.colorflyprinting.com\/wp-content\/uploads\/2025\/04\/d3f42f81bbd735c32fa08b16e74fb47b_medium-1.jpg","datePublished":"2025-04-22T01:20:08+00:00","dateModified":"2025-09-02T05:07:22+00:00","breadcrumb":{"@id":"https:\/\/www.colorflyprinting.com\/product\/thick-leather-notebook-calendar-planner\/#breadcrumb"},"inLanguage":"fr-FR","potentialAction":[{"@type":"ReadAction","target":["https:\/\/www.colorflyprinting.com\/product\/thick-leather-notebook-calendar-planner\/"]}]},{"@type":"ImageObject","inLanguage":"fr-FR","@id":"https:\/\/www.colorflyprinting.com\/product\/thick-leather-notebook-calendar-planner\/#primaryimage","url":"https:\/\/www.colorflyprinting.com\/wp-content\/uploads\/2025\/04\/d3f42f81bbd735c32fa08b16e74fb47b_medium-1.jpg","contentUrl":"https:\/\/www.colorflyprinting.com\/wp-content\/uploads\/2025\/04\/d3f42f81bbd735c32fa08b16e74fb47b_medium-1.jpg","width":550,"height":550},{"@type":"BreadcrumbList","@id":"https:\/\/www.colorflyprinting.com\/product\/thick-leather-notebook-calendar-planner\/#breadcrumb","itemListElement":[{"@type":"ListItem","position":1,"name":"Home","item":"https:\/\/www.colorflyprinting.com\/"},{"@type":"ListItem","position":2,"name":"Product","item":"https:\/\/www.colorflyprinting.com\/shop\/"},{"@type":"ListItem","position":3,"name":"Thick Leather Notebook Calendar Planner"}]},{"@type":"WebSite","@id":"https:\/\/www.colorflyprinting.com\/#website","url":"https:\/\/www.colorflyprinting.com\/","name":"Hefei Colorfly Stationery Co.,Ltd.","description":"","publisher":{"@id":"https:\/\/www.colorflyprinting.com\/#organization"},"potentialAction":[{"@type":"SearchAction","target":{"@type":"EntryPoint","urlTemplate":"https:\/\/www.colorflyprinting.com\/?s={search_term_string}"},"query-input":{"@type":"PropertyValueSpecification","valueRequired":true,"valueName":"search_term_string"}}],"inLanguage":"fr-FR"},{"@type":"Organization","@id":"https:\/\/www.colorflyprinting.com\/#organization","name":"Hefei Colorfly Stationery Co.,Ltd.","url":"https:\/\/www.colorflyprinting.com\/","logo":{"@type":"ImageObject","inLanguage":"fr-FR","@id":"https:\/\/www.colorflyprinting.com\/#\/schema\/logo\/image\/","url":"https:\/\/www.colorflyprinting.com\/wp-content\/uploads\/2025\/04\/d167665f943610681229e2f4307b9df.jpg","contentUrl":"https:\/\/www.colorflyprinting.com\/wp-content\/uploads\/2025\/04\/d167665f943610681229e2f4307b9df.jpg","width":780,"height":780,"caption":"Hefei Colorfly Stationery Co.,Ltd."},"image":{"@id":"https:\/\/www.colorflyprinting.com\/#\/schema\/logo\/image\/"}}]}},"_links":{"self":[{"href":"https:\/\/www.colorflyprinting.com\/fr\/wp-json\/wp\/v2\/product\/11091","targetHints":{"allow":["GET"]}}],"collection":[{"href":"https:\/\/www.colorflyprinting.com\/fr\/wp-json\/wp\/v2\/product"}],"about":[{"href":"https:\/\/www.colorflyprinting.com\/fr\/wp-json\/wp\/v2\/types\/product"}],"replies":[{"embeddable":true,"href":"https:\/\/www.colorflyprinting.com\/fr\/wp-json\/wp\/v2\/comments?post=11091"}],"wp:featuredmedia":[{"embeddable":true,"href":"https:\/\/www.colorflyprinting.com\/fr\/wp-json\/wp\/v2\/media\/11124"}],"wp:attachment":[{"href":"https:\/\/www.colorflyprinting.com\/fr\/wp-json\/wp\/v2\/media?parent=11091"}],"wp:term":[{"taxonomy":"product_brand","embeddable":true,"href":"https:\/\/www.colorflyprinting.com\/fr\/wp-json\/wp\/v2\/product_brand?post=11091"},{"taxonomy":"product_cat","embeddable":true,"href":"https:\/\/www.colorflyprinting.com\/fr\/wp-json\/wp\/v2\/product_cat?post=11091"},{"taxonomy":"product_tag","embeddable":true,"href":"https:\/\/www.colorflyprinting.com\/fr\/wp-json\/wp\/v2\/product_tag?post=11091"}],"curies":[{"name":"wp","href":"https:\/\/api.w.org\/{rel}","templated":true}]}}