{"id":9660,"date":"2025-04-17T22:08:46","date_gmt":"2025-04-17T22:08:46","guid":{"rendered":"https:\/\/cy.weboho.com\/?page_id=9660"},"modified":"2025-04-17T22:08:46","modified_gmt":"2025-04-17T22:08:46","slug":"faq","status":"publish","type":"page","link":"https:\/\/www.colorflyprinting.com\/fr\/faq\/","title":{"rendered":"FAQ"},"content":{"rendered":"<p>1. Quel est le prix ?<br \/>\nLe prix est d\u00e9termin\u00e9 par 7 facteurs : Mat\u00e9riau, Taille, Couleur, Finition, Structure, Quantit\u00e9 et Accessoires.<\/p>\n<p>2. Qu&#039;en est-il des \u00e9chantillons ?<br \/>\nD\u00e9lai de livraison des \u00e9chantillons : 2 ou 3 jours ouvrables pour les \u00e9chantillons de maquette blanche ; 5 ou 6 jours ouvrables pour les \u00e9chantillons de couleur (conception personnalis\u00e9e) apr\u00e8s approbation de l&#039;illustration.<\/p>\n<p>Frais d&#039;installation d&#039;\u00e9chantillons\u00a0:<br \/>\n1).C&#039;est gratuit pour tous pour un client r\u00e9gulier<br \/>\n2). Pour les nouveaux clients, 100 \u00e0 200 USD pour les \u00e9chantillons de couleur, ils sont enti\u00e8rement remboursables une fois la commande confirm\u00e9e.<br \/>\n3). C&#039;est gratuit pour les \u00e9chantillons de maquettes blanches.<\/p>\n<p>3. Combien de jours pour l&#039;exp\u00e9dition ?<br \/>\nM\u00e9thodes d&#039;exp\u00e9dition et d\u00e9lai de livraison :<br \/>\nPar Express : 3 \u00e0 5 jours ouvr\u00e9s \u00e0 votre porte (DHL, UPS, TNT, FedEx\u2026)<br \/>\nPar avion : 5 \u00e0 8 jours ouvrables jusqu&#039;\u00e0 votre a\u00e9roport<br \/>\nPar mer : veuillez indiquer votre port de destination, les jours exacts seront confirm\u00e9s par nos transitaires, et le d\u00e9lai suivant est pour votre r\u00e9f\u00e9rence.<br \/>\nEurope et Am\u00e9rique (25 \u00e0 35 jours), Asie (3 \u00e0 7 jours), Australie (16 \u00e0 25 jours)<\/p>\n<p>4. Quelles sont les conditions de paiement ?<br \/>\nWestern Union, TT (virement bancaire), L\/C<\/p>\n<p>5. Quelles sont les options de finition de surface ?<br \/>\nPelliculage mat\/brillant, rev\u00eatement UV, feuille d&#039;argent, marquage \u00e0 chaud, vernis UV s\u00e9lectif, flocage, estampage en creux, gaufrage, texture, rev\u00eatement aqueux, vernissage\u2026<\/p>\n<p>Afin de r\u00e9pondre aux besoins de nos clients et d&#039;optimiser notre efficacit\u00e9, nous souhaitons \u00e9tablir une collaboration durable avec vous. Offrir le meilleur service n&#039;est pas un acte, mais une habitude. Nous sommes l\u00e0 pour vous et nous sommes pr\u00eats \u00e0 personnaliser vos produits selon vos besoins\u00a0: taille, mat\u00e9riau, logo, couleur, finition et quantit\u00e9. Veuillez nous envoyer les sp\u00e9cifications d\u00e9taill\u00e9es par e-mail \u00e0 l&#039;adresse suivante\u00a0:<\/p>","protected":false},"excerpt":{"rendered":"<p>1. Quel est le prix ? Le prix est d\u00e9termin\u00e9 par 7 facteurs : le mat\u00e9riau, la taille, la couleur et la finition.<\/p>","protected":false},"author":1,"featured_media":0,"parent":0,"menu_order":0,"comment_status":"closed","ping_status":"closed","template":"","meta":{"footnotes":""},"class_list":["post-9660","page","type-page","status-publish","hentry"],"yoast_head":"<!-- This site is optimized with the Yoast SEO Premium plugin v23.9 (Yoast SEO v25.2) - https:\/\/yoast.com\/wordpress\/plugins\/seo\/ -->\n<title>FAQ - colorflyprinting<\/title>\n<meta name=\"robots\" content=\"index, follow, max-snippet:-1, max-image-preview:large, max-video-preview:-1\" \/>\n<link rel=\"canonical\" href=\"https:\/\/www.colorflyprinting.com\/fr\/faq\/\" \/>\n<meta property=\"og:locale\" content=\"fr_FR\" \/>\n<meta property=\"og:type\" content=\"article\" \/>\n<meta property=\"og:title\" content=\"FAQ\" \/>\n<meta property=\"og:description\" content=\"1. What is the price ? The price is decided by 7 factors: Material , Size, Color , Finishing ,\" \/>\n<meta property=\"og:url\" content=\"https:\/\/www.colorflyprinting.com\/fr\/faq\/\" \/>\n<meta property=\"og:site_name\" content=\"colorflyprinting\" \/>\n<meta name=\"twitter:card\" content=\"summary_large_image\" \/>\n<meta name=\"twitter:label1\" content=\"Dur\u00e9e de lecture estim\u00e9e\" \/>\n\t<meta name=\"twitter:data1\" content=\"1 minute\" \/>\n<script type=\"application\/ld+json\" class=\"yoast-schema-graph\">{\"@context\":\"https:\/\/schema.org\",\"@graph\":[{\"@type\":\"WebPage\",\"@id\":\"https:\/\/www.colorflyprinting.com\/faq\/\",\"url\":\"https:\/\/www.colorflyprinting.com\/faq\/\",\"name\":\"FAQ - colorflyprinting\",\"isPartOf\":{\"@id\":\"https:\/\/www.colorflyprinting.com\/#website\"},\"datePublished\":\"2025-04-17T22:08:46+00:00\",\"breadcrumb\":{\"@id\":\"https:\/\/www.colorflyprinting.com\/faq\/#breadcrumb\"},\"inLanguage\":\"fr-FR\",\"potentialAction\":[{\"@type\":\"ReadAction\",\"target\":[\"https:\/\/www.colorflyprinting.com\/faq\/\"]}]},{\"@type\":\"BreadcrumbList\",\"@id\":\"https:\/\/www.colorflyprinting.com\/faq\/#breadcrumb\",\"itemListElement\":[{\"@type\":\"ListItem\",\"position\":1,\"name\":\"Home\",\"item\":\"https:\/\/www.colorflyprinting.com\/\"},{\"@type\":\"ListItem\",\"position\":2,\"name\":\"FAQ\"}]},{\"@type\":\"WebSite\",\"@id\":\"https:\/\/www.colorflyprinting.com\/#website\",\"url\":\"https:\/\/www.colorflyprinting.com\/\",\"name\":\"Hefei Colorfly Stationery Co.,Ltd.\",\"description\":\"\",\"publisher\":{\"@id\":\"https:\/\/www.colorflyprinting.com\/#organization\"},\"potentialAction\":[{\"@type\":\"SearchAction\",\"target\":{\"@type\":\"EntryPoint\",\"urlTemplate\":\"https:\/\/www.colorflyprinting.com\/?s={search_term_string}\"},\"query-input\":{\"@type\":\"PropertyValueSpecification\",\"valueRequired\":true,\"valueName\":\"search_term_string\"}}],\"inLanguage\":\"fr-FR\"},{\"@type\":\"Organization\",\"@id\":\"https:\/\/www.colorflyprinting.com\/#organization\",\"name\":\"Hefei Colorfly Stationery Co.,Ltd.\",\"url\":\"https:\/\/www.colorflyprinting.com\/\",\"logo\":{\"@type\":\"ImageObject\",\"inLanguage\":\"fr-FR\",\"@id\":\"https:\/\/www.colorflyprinting.com\/#\/schema\/logo\/image\/\",\"url\":\"https:\/\/www.colorflyprinting.com\/wp-content\/uploads\/2025\/04\/d167665f943610681229e2f4307b9df.jpg\",\"contentUrl\":\"https:\/\/www.colorflyprinting.com\/wp-content\/uploads\/2025\/04\/d167665f943610681229e2f4307b9df.jpg\",\"width\":780,\"height\":780,\"caption\":\"Hefei Colorfly Stationery Co.,Ltd.\"},\"image\":{\"@id\":\"https:\/\/www.colorflyprinting.com\/#\/schema\/logo\/image\/\"}}]}<\/script>\n<!-- \/ Yoast SEO Premium plugin. -->","yoast_head_json":{"title":"FAQ - colorflyprinting","robots":{"index":"index","follow":"follow","max-snippet":"max-snippet:-1","max-image-preview":"max-image-preview:large","max-video-preview":"max-video-preview:-1"},"canonical":"https:\/\/www.colorflyprinting.com\/fr\/faq\/","og_locale":"fr_FR","og_type":"article","og_title":"FAQ","og_description":"1. What is the price ? The price is decided by 7 factors: Material , Size, Color , Finishing ,","og_url":"https:\/\/www.colorflyprinting.com\/fr\/faq\/","og_site_name":"colorflyprinting","twitter_card":"summary_large_image","twitter_misc":{"Dur\u00e9e de lecture estim\u00e9e":"1 minute"},"schema":{"@context":"https:\/\/schema.org","@graph":[{"@type":"WebPage","@id":"https:\/\/www.colorflyprinting.com\/faq\/","url":"https:\/\/www.colorflyprinting.com\/faq\/","name":"FAQ - colorflyprinting","isPartOf":{"@id":"https:\/\/www.colorflyprinting.com\/#website"},"datePublished":"2025-04-17T22:08:46+00:00","breadcrumb":{"@id":"https:\/\/www.colorflyprinting.com\/faq\/#breadcrumb"},"inLanguage":"fr-FR","potentialAction":[{"@type":"ReadAction","target":["https:\/\/www.colorflyprinting.com\/faq\/"]}]},{"@type":"BreadcrumbList","@id":"https:\/\/www.colorflyprinting.com\/faq\/#breadcrumb","itemListElement":[{"@type":"ListItem","position":1,"name":"Home","item":"https:\/\/www.colorflyprinting.com\/"},{"@type":"ListItem","position":2,"name":"FAQ"}]},{"@type":"WebSite","@id":"https:\/\/www.colorflyprinting.com\/#website","url":"https:\/\/www.colorflyprinting.com\/","name":"Hefei Colorfly Stationery Co.,Ltd.","description":"","publisher":{"@id":"https:\/\/www.colorflyprinting.com\/#organization"},"potentialAction":[{"@type":"SearchAction","target":{"@type":"EntryPoint","urlTemplate":"https:\/\/www.colorflyprinting.com\/?s={search_term_string}"},"query-input":{"@type":"PropertyValueSpecification","valueRequired":true,"valueName":"search_term_string"}}],"inLanguage":"fr-FR"},{"@type":"Organization","@id":"https:\/\/www.colorflyprinting.com\/#organization","name":"Hefei Colorfly Stationery Co.,Ltd.","url":"https:\/\/www.colorflyprinting.com\/","logo":{"@type":"ImageObject","inLanguage":"fr-FR","@id":"https:\/\/www.colorflyprinting.com\/#\/schema\/logo\/image\/","url":"https:\/\/www.colorflyprinting.com\/wp-content\/uploads\/2025\/04\/d167665f943610681229e2f4307b9df.jpg","contentUrl":"https:\/\/www.colorflyprinting.com\/wp-content\/uploads\/2025\/04\/d167665f943610681229e2f4307b9df.jpg","width":780,"height":780,"caption":"Hefei Colorfly Stationery Co.,Ltd."},"image":{"@id":"https:\/\/www.colorflyprinting.com\/#\/schema\/logo\/image\/"}}]}},"_links":{"self":[{"href":"https:\/\/www.colorflyprinting.com\/fr\/wp-json\/wp\/v2\/pages\/9660","targetHints":{"allow":["GET"]}}],"collection":[{"href":"https:\/\/www.colorflyprinting.com\/fr\/wp-json\/wp\/v2\/pages"}],"about":[{"href":"https:\/\/www.colorflyprinting.com\/fr\/wp-json\/wp\/v2\/types\/page"}],"author":[{"embeddable":true,"href":"https:\/\/www.colorflyprinting.com\/fr\/wp-json\/wp\/v2\/users\/1"}],"replies":[{"embeddable":true,"href":"https:\/\/www.colorflyprinting.com\/fr\/wp-json\/wp\/v2\/comments?post=9660"}],"version-history":[{"count":0,"href":"https:\/\/www.colorflyprinting.com\/fr\/wp-json\/wp\/v2\/pages\/9660\/revisions"}],"wp:attachment":[{"href":"https:\/\/www.colorflyprinting.com\/fr\/wp-json\/wp\/v2\/media?parent=9660"}],"curies":[{"name":"wp","href":"https:\/\/api.w.org\/{rel}","templated":true}]}}