{"id":3,"date":"2025-02-24T03:14:36","date_gmt":"2025-02-24T03:14:36","guid":{"rendered":"https:\/\/cy.weboho.com\/?page_id=3"},"modified":"2025-04-17T22:07:28","modified_gmt":"2025-04-17T22:07:28","slug":"privacy-policy","status":"publish","type":"page","link":"https:\/\/www.colorflyprinting.com\/fr\/politique-de-confidentialite\/","title":{"rendered":"politique de confidentialit\u00e9"},"content":{"rendered":"<p>Notre politique de s\u00e9curit\u00e9<\/p>\r\n<p>&nbsp;<\/p>\r\n<p>Colorfly Printing, fabricant de livres depuis pr\u00e8s de six ans, est fier de son activit\u00e9 d&#039;imprimeur, car nous contribuons \u00e0 la cr\u00e9ation de nombreux produits. Nous avons \u00e9galement constat\u00e9 que certains nouveaux clients ont des inqui\u00e9tudes diff\u00e9rentes lorsqu&#039;ils impriment pour la premi\u00e8re fois avec nous. Voici notre politique de s\u00e9curit\u00e9\u00a0:<\/p>\r\n<p>&nbsp;<\/p>\r\n<p>\u2022 Colorfly Printing dispose d&#039;un syst\u00e8me de gestion des donn\u00e9es informatiques strict, prot\u00e9geant les informations des clients contre toute utilisation non autoris\u00e9e par des tiers.<\/p>\r\n<p>\u2022 Nous ne transmettrons jamais vos coordonn\u00e9es \u00e0 des tiers sans votre permission.<\/p>\r\n<p>\u2022 Tous les \u00e9chantillons que vous nous avez envoy\u00e9s vous seront retourn\u00e9s si n\u00e9cessaire.<\/p>\r\n<p>\u2022 La quantit\u00e9 finale de livraison sera d&#039;au moins 1% sup\u00e9rieure \u00e0 la commande en cas de dommage pendant l&#039;exp\u00e9dition.<\/p>\r\n<p>\u2022 Nous ne vous bombarderons pas de courriers \u00e9lectroniques et de litt\u00e9rature \u00e9lectronique.<\/p>\r\n<p>\u2022 Tout le papier que nous utilisons est recycl\u00e9.<\/p>\r\n<p>\u2022 L&#039;encre que nous utilisons est de qualit\u00e9 sup\u00e9rieure, fabriqu\u00e9e \u00e0 partir de soja ou de l\u00e9gumes<\/p>\r\n<p>&nbsp;<\/p>\r\n<p>Notre politique est de fournir des services d&#039;impression de livres flexibles et de haute qualit\u00e9 aux clients du monde entier avec une livraison \u00e0 temps et un co\u00fbt d&#039;usine comp\u00e9titif.<\/p>","protected":false},"excerpt":{"rendered":"<p>Our\u00a0Security\u00a0Policy &nbsp; Being a book manufacturer with almost 6 years history, Colorfly Printing is proud of being a printer because<\/p>","protected":false},"author":1,"featured_media":0,"parent":0,"menu_order":0,"comment_status":"closed","ping_status":"open","template":"","meta":{"footnotes":""},"class_list":["post-3","page","type-page","status-publish","hentry"],"yoast_head":"<!-- This site is optimized with the Yoast SEO Premium plugin v23.9 (Yoast SEO v25.2) - https:\/\/yoast.com\/wordpress\/plugins\/seo\/ -->\n<title>Privacy Policy - colorflyprinting<\/title>\n<meta name=\"robots\" content=\"index, follow, max-snippet:-1, max-image-preview:large, max-video-preview:-1\" \/>\n<link rel=\"canonical\" href=\"https:\/\/www.colorflyprinting.com\/fr\/politique-de-confidentialite\/\" \/>\n<meta property=\"og:locale\" content=\"fr_FR\" \/>\n<meta property=\"og:type\" content=\"article\" \/>\n<meta property=\"og:title\" content=\"Privacy Policy\" \/>\n<meta property=\"og:description\" content=\"Our\u00a0Security\u00a0Policy &nbsp; Being a book manufacturer with almost 6 years history, Colorfly Printing is proud of being a printer because\" \/>\n<meta property=\"og:url\" content=\"https:\/\/www.colorflyprinting.com\/fr\/politique-de-confidentialite\/\" \/>\n<meta property=\"og:site_name\" content=\"colorflyprinting\" \/>\n<meta property=\"article:modified_time\" content=\"2025-04-17T22:07:28+00:00\" \/>\n<meta name=\"twitter:card\" content=\"summary_large_image\" \/>\n<meta name=\"twitter:label1\" content=\"Dur\u00e9e de lecture estim\u00e9e\" \/>\n\t<meta name=\"twitter:data1\" content=\"1 minute\" \/>\n<script type=\"application\/ld+json\" class=\"yoast-schema-graph\">{\"@context\":\"https:\/\/schema.org\",\"@graph\":[{\"@type\":\"WebPage\",\"@id\":\"https:\/\/www.colorflyprinting.com\/privacy-policy\/\",\"url\":\"https:\/\/www.colorflyprinting.com\/privacy-policy\/\",\"name\":\"Privacy Policy - colorflyprinting\",\"isPartOf\":{\"@id\":\"https:\/\/www.colorflyprinting.com\/#website\"},\"datePublished\":\"2025-02-24T03:14:36+00:00\",\"dateModified\":\"2025-04-17T22:07:28+00:00\",\"breadcrumb\":{\"@id\":\"https:\/\/www.colorflyprinting.com\/privacy-policy\/#breadcrumb\"},\"inLanguage\":\"fr-FR\",\"potentialAction\":[{\"@type\":\"ReadAction\",\"target\":[\"https:\/\/www.colorflyprinting.com\/privacy-policy\/\"]}]},{\"@type\":\"BreadcrumbList\",\"@id\":\"https:\/\/www.colorflyprinting.com\/privacy-policy\/#breadcrumb\",\"itemListElement\":[{\"@type\":\"ListItem\",\"position\":1,\"name\":\"Home\",\"item\":\"https:\/\/www.colorflyprinting.com\/\"},{\"@type\":\"ListItem\",\"position\":2,\"name\":\"Privacy Policy\"}]},{\"@type\":\"WebSite\",\"@id\":\"https:\/\/www.colorflyprinting.com\/#website\",\"url\":\"https:\/\/www.colorflyprinting.com\/\",\"name\":\"Hefei Colorfly Stationery Co.,Ltd.\",\"description\":\"\",\"publisher\":{\"@id\":\"https:\/\/www.colorflyprinting.com\/#organization\"},\"potentialAction\":[{\"@type\":\"SearchAction\",\"target\":{\"@type\":\"EntryPoint\",\"urlTemplate\":\"https:\/\/www.colorflyprinting.com\/?s={search_term_string}\"},\"query-input\":{\"@type\":\"PropertyValueSpecification\",\"valueRequired\":true,\"valueName\":\"search_term_string\"}}],\"inLanguage\":\"fr-FR\"},{\"@type\":\"Organization\",\"@id\":\"https:\/\/www.colorflyprinting.com\/#organization\",\"name\":\"Hefei Colorfly Stationery Co.,Ltd.\",\"url\":\"https:\/\/www.colorflyprinting.com\/\",\"logo\":{\"@type\":\"ImageObject\",\"inLanguage\":\"fr-FR\",\"@id\":\"https:\/\/www.colorflyprinting.com\/#\/schema\/logo\/image\/\",\"url\":\"https:\/\/www.colorflyprinting.com\/wp-content\/uploads\/2025\/04\/d167665f943610681229e2f4307b9df.jpg\",\"contentUrl\":\"https:\/\/www.colorflyprinting.com\/wp-content\/uploads\/2025\/04\/d167665f943610681229e2f4307b9df.jpg\",\"width\":780,\"height\":780,\"caption\":\"Hefei Colorfly Stationery Co.,Ltd.\"},\"image\":{\"@id\":\"https:\/\/www.colorflyprinting.com\/#\/schema\/logo\/image\/\"}}]}<\/script>\n<!-- \/ Yoast SEO Premium plugin. -->","yoast_head_json":{"title":"Privacy Policy - colorflyprinting","robots":{"index":"index","follow":"follow","max-snippet":"max-snippet:-1","max-image-preview":"max-image-preview:large","max-video-preview":"max-video-preview:-1"},"canonical":"https:\/\/www.colorflyprinting.com\/fr\/politique-de-confidentialite\/","og_locale":"fr_FR","og_type":"article","og_title":"Privacy Policy","og_description":"Our\u00a0Security\u00a0Policy &nbsp; Being a book manufacturer with almost 6 years history, Colorfly Printing is proud of being a printer because","og_url":"https:\/\/www.colorflyprinting.com\/fr\/politique-de-confidentialite\/","og_site_name":"colorflyprinting","article_modified_time":"2025-04-17T22:07:28+00:00","twitter_card":"summary_large_image","twitter_misc":{"Dur\u00e9e de lecture estim\u00e9e":"1 minute"},"schema":{"@context":"https:\/\/schema.org","@graph":[{"@type":"WebPage","@id":"https:\/\/www.colorflyprinting.com\/privacy-policy\/","url":"https:\/\/www.colorflyprinting.com\/privacy-policy\/","name":"Privacy Policy - colorflyprinting","isPartOf":{"@id":"https:\/\/www.colorflyprinting.com\/#website"},"datePublished":"2025-02-24T03:14:36+00:00","dateModified":"2025-04-17T22:07:28+00:00","breadcrumb":{"@id":"https:\/\/www.colorflyprinting.com\/privacy-policy\/#breadcrumb"},"inLanguage":"fr-FR","potentialAction":[{"@type":"ReadAction","target":["https:\/\/www.colorflyprinting.com\/privacy-policy\/"]}]},{"@type":"BreadcrumbList","@id":"https:\/\/www.colorflyprinting.com\/privacy-policy\/#breadcrumb","itemListElement":[{"@type":"ListItem","position":1,"name":"Home","item":"https:\/\/www.colorflyprinting.com\/"},{"@type":"ListItem","position":2,"name":"Privacy Policy"}]},{"@type":"WebSite","@id":"https:\/\/www.colorflyprinting.com\/#website","url":"https:\/\/www.colorflyprinting.com\/","name":"Hefei Colorfly Stationery Co.,Ltd.","description":"","publisher":{"@id":"https:\/\/www.colorflyprinting.com\/#organization"},"potentialAction":[{"@type":"SearchAction","target":{"@type":"EntryPoint","urlTemplate":"https:\/\/www.colorflyprinting.com\/?s={search_term_string}"},"query-input":{"@type":"PropertyValueSpecification","valueRequired":true,"valueName":"search_term_string"}}],"inLanguage":"fr-FR"},{"@type":"Organization","@id":"https:\/\/www.colorflyprinting.com\/#organization","name":"Hefei Colorfly Stationery Co.,Ltd.","url":"https:\/\/www.colorflyprinting.com\/","logo":{"@type":"ImageObject","inLanguage":"fr-FR","@id":"https:\/\/www.colorflyprinting.com\/#\/schema\/logo\/image\/","url":"https:\/\/www.colorflyprinting.com\/wp-content\/uploads\/2025\/04\/d167665f943610681229e2f4307b9df.jpg","contentUrl":"https:\/\/www.colorflyprinting.com\/wp-content\/uploads\/2025\/04\/d167665f943610681229e2f4307b9df.jpg","width":780,"height":780,"caption":"Hefei Colorfly Stationery Co.,Ltd."},"image":{"@id":"https:\/\/www.colorflyprinting.com\/#\/schema\/logo\/image\/"}}]}},"_links":{"self":[{"href":"https:\/\/www.colorflyprinting.com\/fr\/wp-json\/wp\/v2\/pages\/3","targetHints":{"allow":["GET"]}}],"collection":[{"href":"https:\/\/www.colorflyprinting.com\/fr\/wp-json\/wp\/v2\/pages"}],"about":[{"href":"https:\/\/www.colorflyprinting.com\/fr\/wp-json\/wp\/v2\/types\/page"}],"author":[{"embeddable":true,"href":"https:\/\/www.colorflyprinting.com\/fr\/wp-json\/wp\/v2\/users\/1"}],"replies":[{"embeddable":true,"href":"https:\/\/www.colorflyprinting.com\/fr\/wp-json\/wp\/v2\/comments?post=3"}],"version-history":[{"count":0,"href":"https:\/\/www.colorflyprinting.com\/fr\/wp-json\/wp\/v2\/pages\/3\/revisions"}],"wp:attachment":[{"href":"https:\/\/www.colorflyprinting.com\/fr\/wp-json\/wp\/v2\/media?parent=3"}],"curies":[{"name":"wp","href":"https:\/\/api.w.org\/{rel}","templated":true}]}}