{"id":18497,"date":"2025-08-29T07:53:52","date_gmt":"2025-08-29T07:53:52","guid":{"rendered":"https:\/\/www.colorflyprinting.com\/?post_type=product&#038;p=18497"},"modified":"2025-11-28T01:28:26","modified_gmt":"2025-11-28T01:28:26","slug":"custom-south-america-theme-a4-spiral-notebook-60-80-page-hard-cover-notebook-for-campus-school","status":"publish","type":"product","link":"https:\/\/www.colorflyprinting.com\/es\/producto\/custom-south-america-theme-a4-spiral-notebook-60-80-page-hard-cover-notebook-for-campus-school\/","title":{"rendered":"Custom South America Theme A4 Spiral Notebook &#8211; 60\/80 Page Hard Cover Notebook for Campus &#038; School"},"content":{"rendered":"<div class=\"J_module\">\n<h3 id=\"ali-anchor-AliMagic-qbmyuf\" class=\"magic-0\" data-section=\"AliMagic-qbmyuf\" data-section-title=\"Product Description\">Descripci\u00f3n del Producto<\/h3>\n<\/div>\n<div class=\"J_module\">\n<div class=\"ife-detail-decorate-table\">\n<table class=\"has-title is-zebra all magic-1\" style=\"height: 193px;\" width=\"633\">\n<tbody>\n<tr>\n<td colspan=\"1\" rowspan=\"1\">\n<div class=\"magic-2\">\n<div class=\"magic-3\"><b><span class=\"magic-4\" style=\"font-family: Arial;\">Nombre del art\u00edculo<\/span><\/b><\/div>\n<\/div>\n<\/td>\n<td colspan=\"5\" rowspan=\"1\">\n<div class=\"magic-5\">\n<div class=\"magic-6\" data-spm-anchor-id=\"a2700.custom-template.0.i24.4f7b3333b2TV7i\">Cuaderno espiral<\/div>\n<\/div>\n<\/td>\n<\/tr>\n<tr>\n<td colspan=\"1\" rowspan=\"1\">\n<div class=\"magic-2\">\n<div class=\"magic-3\"><b><span class=\"magic-4\" style=\"font-family: Arial;\">Tama\u00f1o<\/span><\/b><\/div>\n<\/div>\n<\/td>\n<td colspan=\"5\" rowspan=\"1\">\n<div class=\"magic-10\">personalizado<\/div>\n<\/td>\n<\/tr>\n<tr>\n<td colspan=\"1\" rowspan=\"1\">\n<div class=\"magic-2\">\n<div class=\"magic-3\"><b><span class=\"magic-4\" style=\"font-family: Arial;\">P\u00e1ginas<\/span><\/b><\/div>\n<\/div>\n<\/td>\n<td colspan=\"5\" rowspan=\"1\">\n<div class=\"magic-10\">\n<div data-spm-anchor-id=\"0.0.0.i13.59844f05Z16MVb\">personalizado<\/div>\n<\/div>\n<\/td>\n<\/tr>\n<tr>\n<td colspan=\"1\" rowspan=\"1\">\n<div class=\"magic-2\">\n<div class=\"magic-3\"><b><span class=\"magic-4\" style=\"font-family: Arial;\">Vinculante<\/span><\/b><\/div>\n<\/div>\n<\/td>\n<td colspan=\"5\" rowspan=\"1\">\n<div class=\"magic-10\">espiral<\/div>\n<\/td>\n<\/tr>\n<tr>\n<td colspan=\"1\" rowspan=\"1\">\n<div class=\"magic-2\">\n<div class=\"magic-3\"><b><span class=\"magic-4\" style=\"font-family: Arial;\">Embalaje<\/span><\/b><\/div>\n<\/div>\n<\/td>\n<td colspan=\"5\" rowspan=\"1\">\n<div class=\"magic-10\" data-spm-anchor-id=\"a2700.details-description.0.i1.af10RHIMRHIMUL\">personalizado<\/div>\n<\/td>\n<\/tr>\n<\/tbody>\n<\/table>\n<\/div>\n<\/div>","protected":false},"excerpt":{"rendered":"<h3>Product Description: Customizable Spiral Notebook with Hard Cover<\/h3>\n<p class=\"ds-markdown-paragraph\">Introducing\u00a0<strong>Colorfly SP-001<\/strong>, a fully customizable spiral notebook designed for businesses, schools, and promotional use. This notebook offers:<\/p>\n<ul>\n<li>\n<p class=\"ds-markdown-paragraph\"><strong>Tailored Size and Pages<\/strong>: Choose your preferred dimensions and number of inner pages.<\/p>\n<\/li>\n<li>\n<p class=\"ds-markdown-paragraph\"><strong>High-Quality Printing<\/strong>: 4C full-color printing on both the cover and inner pages.<\/p>\n<\/li>\n<li>\n<p class=\"ds-markdown-paragraph\"><strong>Durable Design<\/strong>: Features a hard board cover and secure spiral binding.<\/p>\n<\/li>\n<li>\n<p class=\"ds-markdown-paragraph\"><strong>Customization Options<\/strong>: Add your logo, artwork, or design\u2014minor adjustments or full creative freedom.<\/p>\n<\/li>\n<li>\n<p class=\"ds-markdown-paragraph\"><strong>Versatile Use<\/strong>: Ideal for promotions, corporate gifts, university supplies, and office stationery.<\/p>\n<\/li>\n<\/ul>\n<p class=\"ds-markdown-paragraph\">Samples are available for quality assurance. Perfect for branding and personalized projects.<\/p>\n<p class=\"ds-markdown-paragraph\"><strong>Inquire today for custom quotes and samples!<\/strong><\/p>","protected":false},"featured_media":18492,"comment_status":"open","ping_status":"closed","template":"","meta":[],"product_brand":[],"product_cat":[21],"product_tag":[793],"class_list":{"0":"post-18497","1":"product","2":"type-product","3":"status-publish","4":"has-post-thumbnail","6":"product_cat-exercise-book","7":"product_tag-cuaderno-de-espiral","9":"first","10":"instock","11":"shipping-taxable","12":"product-type-simple"},"yoast_head":"<!-- This site is optimized with the Yoast SEO Premium plugin v23.9 (Yoast SEO v25.2) - https:\/\/yoast.com\/wordpress\/plugins\/seo\/ -->\n<title>Cuaderno De Espiral Tapa Dura | Personalizaci\u00f3n Total | Colorfly<\/title>\n<meta name=\"description\" content=\"Cuaderno De Espiral Tapa Dura con dise\u00f1o sudamericano. Personaliza tama\u00f1o, p\u00e1ginas y logo. Ideal para universidad, oficina y promociones.\" \/>\n<meta name=\"robots\" content=\"index, follow, max-snippet:-1, max-image-preview:large, max-video-preview:-1\" \/>\n<link rel=\"canonical\" href=\"https:\/\/www.colorflyprinting.com\/es\/producto\/custom-south-america-theme-a4-spiral-notebook-60-80-page-hard-cover-notebook-for-campus-school\/\" \/>\n<meta property=\"og:locale\" content=\"es_ES\" \/>\n<meta property=\"og:type\" content=\"article\" \/>\n<meta property=\"og:title\" content=\"Custom South America Theme A4 Spiral Notebook - 60\/80 Page Hard Cover Notebook for Campus &amp; School\" \/>\n<meta property=\"og:description\" content=\"Cuaderno De Espiral Tapa Dura con dise\u00f1o sudamericano. Personaliza tama\u00f1o, p\u00e1ginas y logo. Ideal para universidad, oficina y promociones.\" \/>\n<meta property=\"og:url\" content=\"https:\/\/www.colorflyprinting.com\/es\/producto\/custom-south-america-theme-a4-spiral-notebook-60-80-page-hard-cover-notebook-for-campus-school\/\" \/>\n<meta property=\"og:site_name\" content=\"colorflyprinting\" \/>\n<meta property=\"article:modified_time\" content=\"2025-11-28T01:28:26+00:00\" \/>\n<meta property=\"og:image\" content=\"https:\/\/www.colorflyprinting.com\/wp-content\/uploads\/2025\/08\/Hb496edd703e84175933f38ff7d5c3343R-1.png\" \/>\n\t<meta property=\"og:image:width\" content=\"800\" \/>\n\t<meta property=\"og:image:height\" content=\"800\" \/>\n\t<meta property=\"og:image:type\" content=\"image\/png\" \/>\n<meta name=\"twitter:card\" content=\"summary_large_image\" \/>\n<script type=\"application\/ld+json\" class=\"yoast-schema-graph\">{\"@context\":\"https:\/\/schema.org\",\"@graph\":[{\"@type\":\"WebPage\",\"@id\":\"https:\/\/www.colorflyprinting.com\/product\/custom-south-america-theme-a4-spiral-notebook-60-80-page-hard-cover-notebook-for-campus-school\/\",\"url\":\"https:\/\/www.colorflyprinting.com\/product\/custom-south-america-theme-a4-spiral-notebook-60-80-page-hard-cover-notebook-for-campus-school\/\",\"name\":\"Cuaderno De Espiral Tapa Dura | Personalizaci\u00f3n Total | Colorfly\",\"isPartOf\":{\"@id\":\"https:\/\/www.colorflyprinting.com\/#website\"},\"primaryImageOfPage\":{\"@id\":\"https:\/\/www.colorflyprinting.com\/product\/custom-south-america-theme-a4-spiral-notebook-60-80-page-hard-cover-notebook-for-campus-school\/#primaryimage\"},\"image\":{\"@id\":\"https:\/\/www.colorflyprinting.com\/product\/custom-south-america-theme-a4-spiral-notebook-60-80-page-hard-cover-notebook-for-campus-school\/#primaryimage\"},\"thumbnailUrl\":\"https:\/\/www.colorflyprinting.com\/wp-content\/uploads\/2025\/08\/Hb496edd703e84175933f38ff7d5c3343R-1.png\",\"datePublished\":\"2025-08-29T07:53:52+00:00\",\"dateModified\":\"2025-11-28T01:28:26+00:00\",\"description\":\"Cuaderno De Espiral Tapa Dura con dise\u00f1o sudamericano. Personaliza tama\u00f1o, p\u00e1ginas y logo. Ideal para universidad, oficina y promociones.\",\"breadcrumb\":{\"@id\":\"https:\/\/www.colorflyprinting.com\/product\/custom-south-america-theme-a4-spiral-notebook-60-80-page-hard-cover-notebook-for-campus-school\/#breadcrumb\"},\"inLanguage\":\"es-CR\",\"potentialAction\":[{\"@type\":\"ReadAction\",\"target\":[\"https:\/\/www.colorflyprinting.com\/product\/custom-south-america-theme-a4-spiral-notebook-60-80-page-hard-cover-notebook-for-campus-school\/\"]}]},{\"@type\":\"ImageObject\",\"inLanguage\":\"es-CR\",\"@id\":\"https:\/\/www.colorflyprinting.com\/product\/custom-south-america-theme-a4-spiral-notebook-60-80-page-hard-cover-notebook-for-campus-school\/#primaryimage\",\"url\":\"https:\/\/www.colorflyprinting.com\/wp-content\/uploads\/2025\/08\/Hb496edd703e84175933f38ff7d5c3343R-1.png\",\"contentUrl\":\"https:\/\/www.colorflyprinting.com\/wp-content\/uploads\/2025\/08\/Hb496edd703e84175933f38ff7d5c3343R-1.png\",\"width\":800,\"height\":800},{\"@type\":\"BreadcrumbList\",\"@id\":\"https:\/\/www.colorflyprinting.com\/product\/custom-south-america-theme-a4-spiral-notebook-60-80-page-hard-cover-notebook-for-campus-school\/#breadcrumb\",\"itemListElement\":[{\"@type\":\"ListItem\",\"position\":1,\"name\":\"Home\",\"item\":\"https:\/\/www.colorflyprinting.com\/\"},{\"@type\":\"ListItem\",\"position\":2,\"name\":\"Product\",\"item\":\"https:\/\/www.colorflyprinting.com\/shop\/\"},{\"@type\":\"ListItem\",\"position\":3,\"name\":\"Custom South America Theme A4 Spiral Notebook &#8211; 60\/80 Page Hard Cover Notebook for Campus &#038; School\"}]},{\"@type\":\"WebSite\",\"@id\":\"https:\/\/www.colorflyprinting.com\/#website\",\"url\":\"https:\/\/www.colorflyprinting.com\/\",\"name\":\"Hefei Colorfly Stationery Co.,Ltd.\",\"description\":\"\",\"publisher\":{\"@id\":\"https:\/\/www.colorflyprinting.com\/#organization\"},\"potentialAction\":[{\"@type\":\"SearchAction\",\"target\":{\"@type\":\"EntryPoint\",\"urlTemplate\":\"https:\/\/www.colorflyprinting.com\/?s={search_term_string}\"},\"query-input\":{\"@type\":\"PropertyValueSpecification\",\"valueRequired\":true,\"valueName\":\"search_term_string\"}}],\"inLanguage\":\"es-CR\"},{\"@type\":\"Organization\",\"@id\":\"https:\/\/www.colorflyprinting.com\/#organization\",\"name\":\"Hefei Colorfly Stationery Co.,Ltd.\",\"url\":\"https:\/\/www.colorflyprinting.com\/\",\"logo\":{\"@type\":\"ImageObject\",\"inLanguage\":\"es-CR\",\"@id\":\"https:\/\/www.colorflyprinting.com\/#\/schema\/logo\/image\/\",\"url\":\"https:\/\/www.colorflyprinting.com\/wp-content\/uploads\/2025\/04\/d167665f943610681229e2f4307b9df.jpg\",\"contentUrl\":\"https:\/\/www.colorflyprinting.com\/wp-content\/uploads\/2025\/04\/d167665f943610681229e2f4307b9df.jpg\",\"width\":780,\"height\":780,\"caption\":\"Hefei Colorfly Stationery Co.,Ltd.\"},\"image\":{\"@id\":\"https:\/\/www.colorflyprinting.com\/#\/schema\/logo\/image\/\"}}]}<\/script>\n<!-- \/ Yoast SEO Premium plugin. -->","yoast_head_json":{"title":"Cuaderno De Espiral Tapa Dura | Personalizaci\u00f3n Total | Colorfly","description":"Cuaderno De Espiral Tapa Dura con dise\u00f1o sudamericano. Personaliza tama\u00f1o, p\u00e1ginas y logo. Ideal para universidad, oficina y promociones.","robots":{"index":"index","follow":"follow","max-snippet":"max-snippet:-1","max-image-preview":"max-image-preview:large","max-video-preview":"max-video-preview:-1"},"canonical":"https:\/\/www.colorflyprinting.com\/es\/producto\/custom-south-america-theme-a4-spiral-notebook-60-80-page-hard-cover-notebook-for-campus-school\/","og_locale":"es_ES","og_type":"article","og_title":"Custom South America Theme A4 Spiral Notebook - 60\/80 Page Hard Cover Notebook for Campus & School","og_description":"Cuaderno De Espiral Tapa Dura con dise\u00f1o sudamericano. Personaliza tama\u00f1o, p\u00e1ginas y logo. Ideal para universidad, oficina y promociones.","og_url":"https:\/\/www.colorflyprinting.com\/es\/producto\/custom-south-america-theme-a4-spiral-notebook-60-80-page-hard-cover-notebook-for-campus-school\/","og_site_name":"colorflyprinting","article_modified_time":"2025-11-28T01:28:26+00:00","og_image":[{"width":800,"height":800,"url":"https:\/\/www.colorflyprinting.com\/wp-content\/uploads\/2025\/08\/Hb496edd703e84175933f38ff7d5c3343R-1.png","type":"image\/png"}],"twitter_card":"summary_large_image","schema":{"@context":"https:\/\/schema.org","@graph":[{"@type":"WebPage","@id":"https:\/\/www.colorflyprinting.com\/product\/custom-south-america-theme-a4-spiral-notebook-60-80-page-hard-cover-notebook-for-campus-school\/","url":"https:\/\/www.colorflyprinting.com\/product\/custom-south-america-theme-a4-spiral-notebook-60-80-page-hard-cover-notebook-for-campus-school\/","name":"Cuaderno De Espiral Tapa Dura | Personalizaci\u00f3n Total | Colorfly","isPartOf":{"@id":"https:\/\/www.colorflyprinting.com\/#website"},"primaryImageOfPage":{"@id":"https:\/\/www.colorflyprinting.com\/product\/custom-south-america-theme-a4-spiral-notebook-60-80-page-hard-cover-notebook-for-campus-school\/#primaryimage"},"image":{"@id":"https:\/\/www.colorflyprinting.com\/product\/custom-south-america-theme-a4-spiral-notebook-60-80-page-hard-cover-notebook-for-campus-school\/#primaryimage"},"thumbnailUrl":"https:\/\/www.colorflyprinting.com\/wp-content\/uploads\/2025\/08\/Hb496edd703e84175933f38ff7d5c3343R-1.png","datePublished":"2025-08-29T07:53:52+00:00","dateModified":"2025-11-28T01:28:26+00:00","description":"Cuaderno De Espiral Tapa Dura con dise\u00f1o sudamericano. Personaliza tama\u00f1o, p\u00e1ginas y logo. Ideal para universidad, oficina y promociones.","breadcrumb":{"@id":"https:\/\/www.colorflyprinting.com\/product\/custom-south-america-theme-a4-spiral-notebook-60-80-page-hard-cover-notebook-for-campus-school\/#breadcrumb"},"inLanguage":"es-CR","potentialAction":[{"@type":"ReadAction","target":["https:\/\/www.colorflyprinting.com\/product\/custom-south-america-theme-a4-spiral-notebook-60-80-page-hard-cover-notebook-for-campus-school\/"]}]},{"@type":"ImageObject","inLanguage":"es-CR","@id":"https:\/\/www.colorflyprinting.com\/product\/custom-south-america-theme-a4-spiral-notebook-60-80-page-hard-cover-notebook-for-campus-school\/#primaryimage","url":"https:\/\/www.colorflyprinting.com\/wp-content\/uploads\/2025\/08\/Hb496edd703e84175933f38ff7d5c3343R-1.png","contentUrl":"https:\/\/www.colorflyprinting.com\/wp-content\/uploads\/2025\/08\/Hb496edd703e84175933f38ff7d5c3343R-1.png","width":800,"height":800},{"@type":"BreadcrumbList","@id":"https:\/\/www.colorflyprinting.com\/product\/custom-south-america-theme-a4-spiral-notebook-60-80-page-hard-cover-notebook-for-campus-school\/#breadcrumb","itemListElement":[{"@type":"ListItem","position":1,"name":"Home","item":"https:\/\/www.colorflyprinting.com\/"},{"@type":"ListItem","position":2,"name":"Product","item":"https:\/\/www.colorflyprinting.com\/shop\/"},{"@type":"ListItem","position":3,"name":"Custom South America Theme A4 Spiral Notebook &#8211; 60\/80 Page Hard Cover Notebook for Campus &#038; School"}]},{"@type":"WebSite","@id":"https:\/\/www.colorflyprinting.com\/#website","url":"https:\/\/www.colorflyprinting.com\/","name":"Hefei Colorfly Stationery Co.,Ltd.","description":"","publisher":{"@id":"https:\/\/www.colorflyprinting.com\/#organization"},"potentialAction":[{"@type":"SearchAction","target":{"@type":"EntryPoint","urlTemplate":"https:\/\/www.colorflyprinting.com\/?s={search_term_string}"},"query-input":{"@type":"PropertyValueSpecification","valueRequired":true,"valueName":"search_term_string"}}],"inLanguage":"es-CR"},{"@type":"Organization","@id":"https:\/\/www.colorflyprinting.com\/#organization","name":"Hefei Colorfly Stationery Co.,Ltd.","url":"https:\/\/www.colorflyprinting.com\/","logo":{"@type":"ImageObject","inLanguage":"es-CR","@id":"https:\/\/www.colorflyprinting.com\/#\/schema\/logo\/image\/","url":"https:\/\/www.colorflyprinting.com\/wp-content\/uploads\/2025\/04\/d167665f943610681229e2f4307b9df.jpg","contentUrl":"https:\/\/www.colorflyprinting.com\/wp-content\/uploads\/2025\/04\/d167665f943610681229e2f4307b9df.jpg","width":780,"height":780,"caption":"Hefei Colorfly Stationery Co.,Ltd."},"image":{"@id":"https:\/\/www.colorflyprinting.com\/#\/schema\/logo\/image\/"}}]}},"_links":{"self":[{"href":"https:\/\/www.colorflyprinting.com\/es\/wp-json\/wp\/v2\/product\/18497","targetHints":{"allow":["GET"]}}],"collection":[{"href":"https:\/\/www.colorflyprinting.com\/es\/wp-json\/wp\/v2\/product"}],"about":[{"href":"https:\/\/www.colorflyprinting.com\/es\/wp-json\/wp\/v2\/types\/product"}],"replies":[{"embeddable":true,"href":"https:\/\/www.colorflyprinting.com\/es\/wp-json\/wp\/v2\/comments?post=18497"}],"wp:featuredmedia":[{"embeddable":true,"href":"https:\/\/www.colorflyprinting.com\/es\/wp-json\/wp\/v2\/media\/18492"}],"wp:attachment":[{"href":"https:\/\/www.colorflyprinting.com\/es\/wp-json\/wp\/v2\/media?parent=18497"}],"wp:term":[{"taxonomy":"product_brand","embeddable":true,"href":"https:\/\/www.colorflyprinting.com\/es\/wp-json\/wp\/v2\/product_brand?post=18497"},{"taxonomy":"product_cat","embeddable":true,"href":"https:\/\/www.colorflyprinting.com\/es\/wp-json\/wp\/v2\/product_cat?post=18497"},{"taxonomy":"product_tag","embeddable":true,"href":"https:\/\/www.colorflyprinting.com\/es\/wp-json\/wp\/v2\/product_tag?post=18497"}],"curies":[{"name":"wp","href":"https:\/\/api.w.org\/{rel}","templated":true}]}}