{"id":17939,"date":"2025-07-01T08:40:02","date_gmt":"2025-07-01T08:40:02","guid":{"rendered":"https:\/\/www.colorflyprinting.com\/?post_type=product&#038;p=17939"},"modified":"2025-12-02T03:49:42","modified_gmt":"2025-12-02T03:49:42","slug":"bulk-school-notebooks","status":"publish","type":"product","link":"https:\/\/www.colorflyprinting.com\/es\/producto\/bulk-school-notebooks\/","title":{"rendered":"B4\/B5\/A4 Softcover Exercise Books &#8211; Bulk School Notebooks | Africa\/ME Supply"},"content":{"rendered":"<table class=\"has-title all magic-1\">\n<tbody>\n<tr>\n<td colspan=\"1\" rowspan=\"1\">\n<div class=\"magic-2\"><span class=\"magic-3\" style=\"font-family: Arial;\" data-spm-anchor-id=\"a2700.details-description.0.i0.41a7iqo1iqo1kF\">Nombre del producto<\/span><\/div>\n<\/td>\n<td colspan=\"5\" rowspan=\"1\">\n<div class=\"magic-4\">\n<div data-spm-anchor-id=\"0.0.0.i3.59844f05Z16MVb\">Cuaderno de ejercicios con dise\u00f1o personalizado<\/div>\n<\/div>\n<\/td>\n<\/tr>\n<tr>\n<td colspan=\"1\" rowspan=\"1\">\n<div class=\"magic-2\"><span style=\"font-family: Arial;\">P\u00e1ginas<\/span><\/div>\n<\/td>\n<td colspan=\"5\" rowspan=\"1\">\n<div class=\"magic-4\">\n<div data-spm-anchor-id=\"0.0.0.i13.59844f05Z16MVb\">80\/96 p\u00e1ginas o personalizadas<\/div>\n<\/div>\n<\/td>\n<\/tr>\n<tr>\n<td colspan=\"1\" rowspan=\"1\">\n<div class=\"magic-2\"><span class=\"magic-3\" style=\"font-family: Arial;\">Vinculante<\/span><\/div>\n<\/td>\n<td colspan=\"5\" rowspan=\"1\">\n<div class=\"magic-4\">Encuadernaci\u00f3n con grapas<\/div>\n<\/td>\n<\/tr>\n<tr>\n<td colspan=\"1\" rowspan=\"1\">\n<div class=\"magic-2\"><span class=\"magic-3\" style=\"font-family: Arial;\">Cantidad m\u00ednima de pedido<\/span><\/div>\n<\/td>\n<td colspan=\"5\" rowspan=\"1\">\n<div class=\"magic-4\">contenedor de 20 pies<\/div>\n<\/td>\n<\/tr>\n<tr>\n<td colspan=\"1\" rowspan=\"1\">\n<div class=\"magic-2\"><span class=\"magic-10\"><span class=\"magic-3\" style=\"font-family: Arial;\">Material de la cubierta\u00a0<\/span><\/span><\/div>\n<\/td>\n<td colspan=\"5\" rowspan=\"1\">\n<div class=\"magic-11\"><span class=\"magic-12\"><span class=\"magic-13\" data-spm-anchor-id=\"0.0.0.i17.659c4f05hpTzMY\"><span class=\"magic-6 magic-13\" data-spm-anchor-id=\"0.0.0.i10.659c4f05hpTzMY\">Papel de arte (papel brillante)<\/span>\u00a0<\/span><\/span><b class=\"magic-14\" data-spm-anchor-id=\"0.0.0.i2.659c4f05hpTzMY\">\/\u00a0<\/b><span class=\"magic-12\" data-spm-anchor-id=\"0.0.0.i2.659c4f05hpTzMY\">Tablero de marfil<\/span><span class=\"magic-15\">\u00a0\/<span data-spm-anchor-id=\"a2700.siteadmin.0.i5.5fb7ac40eucAmy\">\u00a0<\/span><\/span><span class=\"magic-16\" data-spm-anchor-id=\"0.0.0.i11.659c4f05hpTzMY\"><span class=\"magic-17\" data-spm-anchor-id=\"0.0.0.i5.659c4f05Mw08yR\"><span class=\"magic-18\">P\u00c1GINAS<\/span><\/span><\/span><b class=\"magic-14\" data-spm-anchor-id=\"0.0.0.i12.659c4f05hpTzMY\"><span data-spm-anchor-id=\"a2700.siteadmin.0.i4.5fb7ac40eucAmy\">\u00a0<\/span><\/b><span class=\"magic-15\" data-spm-anchor-id=\"a2700.siteadmin.0.i3.5fb7ac40eucAmy\">\/ Cart\u00f3n gris de 2 mm<\/span><\/div>\n<\/td>\n<\/tr>\n<tr>\n<td colspan=\"1\" rowspan=\"1\">\n<div class=\"magic-2\"><span class=\"magic-10\"><span class=\"magic-3\" style=\"font-family: Arial;\">Dise\u00f1o de portada<\/span><\/span><\/div>\n<\/td>\n<td colspan=\"5\" rowspan=\"1\">\n<div class=\"magic-11\"><span class=\"magic-15\">Acepta tu logotipo y dise\u00f1o con impresi\u00f3n a todo color.<\/span><\/div>\n<\/td>\n<\/tr>\n<tr>\n<td colspan=\"1\" rowspan=\"1\">\n<div class=\"magic-2\"><span class=\"magic-10\"><span class=\"magic-3\" style=\"font-family: Arial;\">Interior impreso<\/span><\/span><\/div>\n<\/td>\n<td colspan=\"5\" rowspan=\"1\">\n<div class=\"magic-11\"><span class=\"magic-16\" data-spm-anchor-id=\"0.0.0.i3.659c4f052ECamY\"><span data-spm-anchor-id=\"a2700.siteadmin.0.i5.1b1eac40c7SirH\"><span class=\"magic-6 magic-17\" data-spm-anchor-id=\"0.0.0.i4.659c4f05Aw8tDS\"><span class=\"magic-17\" data-spm-anchor-id=\"0.0.0.i2.659c4f052ECamY\"><span class=\"magic-18\">L\u00ednea gobernante (simple)<\/span><\/span><\/span>\u00a0<\/span><\/span><span class=\"magic-15\" data-spm-anchor-id=\"a2700.siteadmin.0.i4.1b1eac40c7SirH\">\/\u00a0<\/span><span class=\"magic-6 magic-12\" data-spm-anchor-id=\"0.0.0.i2.659c4f057mTM3v\">L\u00ednea francesa<\/span><span class=\"magic-15\">\u00a0\/\u00a0<\/span><span class=\"magic-12\" data-spm-anchor-id=\"0.0.0.i1.659c4f05Mw08yR\">l\u00ednea \u00e1rabe<\/span><span class=\"magic-15\">\u00a0\/<\/span><span class=\"magic-16\"><span class=\"magic-25\" data-spm-anchor-id=\"a2700.siteadmin.0.i2.1b1eac40c7SirH\"><b>\u00a0<\/b><\/span><span class=\"magic-17\"><span data-spm-anchor-id=\"a2700.siteadmin.0.i9.5fb7ac40eucAmy\">Al cuadrado<\/span><span class=\"magic-26\" data-spm-anchor-id=\"0.0.0.i5.659c4f05Aw8tDS\">\u00a0<\/span><\/span><\/span><span class=\"magic-15\">\/ Doble l\u00ednea\/ 4 l\u00edneas en ingl\u00e9s<\/span><\/div>\n<\/td>\n<\/tr>\n<tr>\n<td colspan=\"1\" rowspan=\"1\">\n<div class=\"magic-2\"><span class=\"magic-10\"><span class=\"magic-3\" style=\"font-family: Arial;\">Uso<\/span><\/span><\/div>\n<\/td>\n<td colspan=\"5\" rowspan=\"1\">\n<div class=\"magic-11\"><span class=\"magic-15\">Escuela \/ Oficina \/ Regalo<\/span><\/div>\n<\/td>\n<\/tr>\n<tr>\n<td colspan=\"1\" rowspan=\"1\">\n<div class=\"magic-2\"><span class=\"magic-10\"><span class=\"magic-3\" style=\"font-family: Arial;\">Embalaje<\/span><\/span><\/div>\n<\/td>\n<td colspan=\"5\" rowspan=\"1\">\n<div class=\"magic-11\"><span class=\"magic-15\" data-spm-anchor-id=\"0.0.0.i15.59844f05Y46zmD\">Bolsa retr\u00e1ctil y caja de cart\u00f3n de exportaci\u00f3n est\u00e1ndar<\/span><\/div>\n<\/td>\n<\/tr>\n<tr>\n<td colspan=\"1\" rowspan=\"1\">\n<div class=\"magic-2\"><span class=\"magic-10\"><span class=\"magic-3\" style=\"font-family: Arial;\">C\u00f3digo HS<\/span><\/span><\/div>\n<\/td>\n<td colspan=\"3\" rowspan=\"1\">\n<div class=\"magic-11\">\n<div class=\"magic-27\" data-spm-anchor-id=\"0.0.0.i74.59844f05QhGJ25\">48202000<\/div>\n<\/div>\n<\/td>\n<\/tr>\n<tr>\n<td colspan=\"1\" rowspan=\"1\">\n<div class=\"magic-2\"><span class=\"magic-10\"><span class=\"magic-3\" style=\"font-family: Arial;\">Tiempo de Sameple<\/span><\/span><\/div>\n<\/td>\n<td colspan=\"5\" rowspan=\"1\">\n<div class=\"magic-11\"><span class=\"magic-15\">La muestra es gratuita y se la enviaremos solo un d\u00eda despu\u00e9s de confirmar las especificaciones.<\/span><\/div>\n<\/td>\n<\/tr>\n<tr>\n<td colspan=\"1\" rowspan=\"1\">\n<div class=\"magic-2\"><span class=\"magic-3\" style=\"font-family: Arial;\">Detalles de la entrega<\/span><\/div>\n<\/td>\n<td colspan=\"5\" rowspan=\"1\">\n<div class=\"magic-11\">Alrededor de 25 d\u00edas despu\u00e9s de recibir su dep\u00f3sito.<\/div>\n<\/td>\n<\/tr>\n<\/tbody>\n<\/table>\n<p><b><span class=\"magic-35\">Caracter\u00edstica<\/span><\/b><\/p>\n<div><span class=\"magic-3\">*Marca: Colorfly<\/span><\/div>\n<div>*Tipo de material: Papel sin madera<\/div>\n<div><span class=\"magic-3\">*Estilo: Impreso<\/span><\/div>\n<div><span class=\"magic-3\">*Dise\u00f1o: Dise\u00f1o personalizado disponible.<\/span><\/div>\n<div><span class=\"magic-25\"><span class=\"magic-3\">*Precio: Depende de la cantidad<\/span><\/span><\/div>\n<div data-spm-anchor-id=\"a2700.details-description.0.i1.41a7iqo1iqo1kF\"><span class=\"magic-25\"><span class=\"magic-3\">*Cuaderno de ejercicios en papel<\/span><\/span><\/div>","protected":false},"excerpt":{"rendered":"<div class=\"paragraph\"><strong class=\"\">Precision and Style Meet in Our Exercise Books<\/strong><\/div>\n<div class=\"paragraph\">Elevate your note-taking game with our high-quality exercise books, designed for accuracy and ease of use. Whether you&#8217;re plotting graphs, solving equations, or jotting down quick notes, our books have you covered.<\/div>\n<div class=\"paragraph\"><strong class=\"\">Product Features:<\/strong><\/div>\n<ul>\n<li>\n<div class=\"paragraph\"><strong class=\"\">Variety of Ruled Paper<\/strong>: Choose from ruled with margin, 5mm square grids, and more for all your writing needs.<\/div>\n<\/li>\n<li>\n<div class=\"paragraph\"><strong>Durable Binding<\/strong>: Sturdy construction ensures your pages stay put, no matter how much you flip through.<\/div>\n<\/li>\n<li>\n<div class=\"paragraph\"><strong>Vibrant Covers<\/strong>: Eye-catching designs keep your notes stylish and organized.<\/div>\n<\/li>\n<\/ul>\n<div class=\"paragraph\"><strong>Perfect for:<\/strong><\/div>\n<ul>\n<li>\n<div class=\"paragraph\">Students tackling math and science homework.<\/div>\n<\/li>\n<li>\n<div class=\"paragraph\">Professionals who need reliable note-taking tools.<\/div>\n<\/li>\n<li>\n<div class=\"paragraph\">Artists and designers sketching out ideas.<\/div>\n<\/li>\n<\/ul>\n<div class=\"paragraph\"><strong class=\"\">Order Now<\/strong>: Experience the blend of functionality and design in our exercise books. Get Yours Today and take your notes to the next level!<\/div>","protected":false},"featured_media":17943,"comment_status":"open","ping_status":"closed","template":"","meta":[],"product_brand":[],"product_cat":[449],"product_tag":[726,158,178,432],"class_list":{"0":"post-17939","1":"product","2":"type-product","3":"status-publish","4":"has-post-thumbnail","6":"product_cat-hardcover-notebook","7":"product_tag-bulk-school-notebooks","8":"product_tag-business-notebook","9":"product_tag-notebook","10":"product_tag-school-exercise-book","12":"first","13":"instock","14":"shipping-taxable","15":"product-type-simple"},"yoast_head":"<!-- This site is optimized with the Yoast SEO Premium plugin v23.9 (Yoast SEO v25.2) - https:\/\/yoast.com\/wordpress\/plugins\/seo\/ -->\n<title>Bulk Exercise Books|A4\/B5\/B4 Softcover School Notebooks<\/title>\n<meta name=\"description\" content=\"Bulk Exercise Books direct from Chinese factory. Wholesale A4\/B5\/B4 softcover school notebooks with custom options. Supply for Africa &amp; Middle East.\" \/>\n<meta name=\"robots\" content=\"index, follow, max-snippet:-1, max-image-preview:large, max-video-preview:-1\" \/>\n<link rel=\"canonical\" href=\"https:\/\/www.colorflyprinting.com\/es\/producto\/bulk-school-notebooks\/\" \/>\n<meta property=\"og:locale\" content=\"es_ES\" \/>\n<meta property=\"og:type\" content=\"article\" \/>\n<meta property=\"og:title\" content=\"B4\/B5\/A4 Softcover Exercise Books - Bulk School Notebooks | Africa\/ME Supply\" \/>\n<meta property=\"og:description\" content=\"Bulk Exercise Books direct from Chinese factory. Wholesale A4\/B5\/B4 softcover school notebooks with custom options. Supply for Africa &amp; Middle East.\" \/>\n<meta property=\"og:url\" content=\"https:\/\/www.colorflyprinting.com\/es\/producto\/bulk-school-notebooks\/\" \/>\n<meta property=\"og:site_name\" content=\"colorflyprinting\" \/>\n<meta property=\"article:modified_time\" content=\"2025-12-02T03:49:42+00:00\" \/>\n<meta name=\"twitter:card\" content=\"summary_large_image\" \/>\n<meta name=\"twitter:label1\" content=\"Est. reading time\" \/>\n\t<meta name=\"twitter:data1\" content=\"1 minuto\" \/>\n<script type=\"application\/ld+json\" class=\"yoast-schema-graph\">{\"@context\":\"https:\/\/schema.org\",\"@graph\":[{\"@type\":\"WebPage\",\"@id\":\"https:\/\/www.colorflyprinting.com\/product\/bulk-school-notebooks\/\",\"url\":\"https:\/\/www.colorflyprinting.com\/product\/bulk-school-notebooks\/\",\"name\":\"Bulk Exercise Books|A4\/B5\/B4 Softcover School Notebooks\",\"isPartOf\":{\"@id\":\"https:\/\/www.colorflyprinting.com\/#website\"},\"primaryImageOfPage\":{\"@id\":\"https:\/\/www.colorflyprinting.com\/product\/bulk-school-notebooks\/#primaryimage\"},\"image\":{\"@id\":\"https:\/\/www.colorflyprinting.com\/product\/bulk-school-notebooks\/#primaryimage\"},\"thumbnailUrl\":\"https:\/\/www.colorflyprinting.com\/wp-content\/uploads\/2025\/07\/H217d8211a2004e57bef4828bd04cd07aE.jpg_720x720q50.avif\",\"datePublished\":\"2025-07-01T08:40:02+00:00\",\"dateModified\":\"2025-12-02T03:49:42+00:00\",\"description\":\"Bulk Exercise Books direct from Chinese factory. Wholesale A4\/B5\/B4 softcover school notebooks with custom options. Supply for Africa & Middle East.\",\"breadcrumb\":{\"@id\":\"https:\/\/www.colorflyprinting.com\/product\/bulk-school-notebooks\/#breadcrumb\"},\"inLanguage\":\"es-CR\",\"potentialAction\":[{\"@type\":\"ReadAction\",\"target\":[\"https:\/\/www.colorflyprinting.com\/product\/bulk-school-notebooks\/\"]}]},{\"@type\":\"ImageObject\",\"inLanguage\":\"es-CR\",\"@id\":\"https:\/\/www.colorflyprinting.com\/product\/bulk-school-notebooks\/#primaryimage\",\"url\":\"https:\/\/www.colorflyprinting.com\/wp-content\/uploads\/2025\/07\/H217d8211a2004e57bef4828bd04cd07aE.jpg_720x720q50.avif\",\"contentUrl\":\"https:\/\/www.colorflyprinting.com\/wp-content\/uploads\/2025\/07\/H217d8211a2004e57bef4828bd04cd07aE.jpg_720x720q50.avif\",\"width\":720,\"height\":720},{\"@type\":\"BreadcrumbList\",\"@id\":\"https:\/\/www.colorflyprinting.com\/product\/bulk-school-notebooks\/#breadcrumb\",\"itemListElement\":[{\"@type\":\"ListItem\",\"position\":1,\"name\":\"Home\",\"item\":\"https:\/\/www.colorflyprinting.com\/\"},{\"@type\":\"ListItem\",\"position\":2,\"name\":\"Product\",\"item\":\"https:\/\/www.colorflyprinting.com\/shop\/\"},{\"@type\":\"ListItem\",\"position\":3,\"name\":\"B4\/B5\/A4 Softcover Exercise Books &#8211; Bulk School Notebooks | Africa\/ME Supply\"}]},{\"@type\":\"WebSite\",\"@id\":\"https:\/\/www.colorflyprinting.com\/#website\",\"url\":\"https:\/\/www.colorflyprinting.com\/\",\"name\":\"Hefei Colorfly Stationery Co.,Ltd.\",\"description\":\"\",\"publisher\":{\"@id\":\"https:\/\/www.colorflyprinting.com\/#organization\"},\"potentialAction\":[{\"@type\":\"SearchAction\",\"target\":{\"@type\":\"EntryPoint\",\"urlTemplate\":\"https:\/\/www.colorflyprinting.com\/?s={search_term_string}\"},\"query-input\":{\"@type\":\"PropertyValueSpecification\",\"valueRequired\":true,\"valueName\":\"search_term_string\"}}],\"inLanguage\":\"es-CR\"},{\"@type\":\"Organization\",\"@id\":\"https:\/\/www.colorflyprinting.com\/#organization\",\"name\":\"Hefei Colorfly Stationery Co.,Ltd.\",\"url\":\"https:\/\/www.colorflyprinting.com\/\",\"logo\":{\"@type\":\"ImageObject\",\"inLanguage\":\"es-CR\",\"@id\":\"https:\/\/www.colorflyprinting.com\/#\/schema\/logo\/image\/\",\"url\":\"https:\/\/www.colorflyprinting.com\/wp-content\/uploads\/2025\/04\/d167665f943610681229e2f4307b9df.jpg\",\"contentUrl\":\"https:\/\/www.colorflyprinting.com\/wp-content\/uploads\/2025\/04\/d167665f943610681229e2f4307b9df.jpg\",\"width\":780,\"height\":780,\"caption\":\"Hefei Colorfly Stationery Co.,Ltd.\"},\"image\":{\"@id\":\"https:\/\/www.colorflyprinting.com\/#\/schema\/logo\/image\/\"}}]}<\/script>\n<!-- \/ Yoast SEO Premium plugin. -->","yoast_head_json":{"title":"Bulk Exercise Books|A4\/B5\/B4 Softcover School Notebooks","description":"Bulk Exercise Books direct from Chinese factory. Wholesale A4\/B5\/B4 softcover school notebooks with custom options. Supply for Africa & Middle East.","robots":{"index":"index","follow":"follow","max-snippet":"max-snippet:-1","max-image-preview":"max-image-preview:large","max-video-preview":"max-video-preview:-1"},"canonical":"https:\/\/www.colorflyprinting.com\/es\/producto\/bulk-school-notebooks\/","og_locale":"es_ES","og_type":"article","og_title":"B4\/B5\/A4 Softcover Exercise Books - Bulk School Notebooks | Africa\/ME Supply","og_description":"Bulk Exercise Books direct from Chinese factory. Wholesale A4\/B5\/B4 softcover school notebooks with custom options. Supply for Africa & Middle East.","og_url":"https:\/\/www.colorflyprinting.com\/es\/producto\/bulk-school-notebooks\/","og_site_name":"colorflyprinting","article_modified_time":"2025-12-02T03:49:42+00:00","twitter_card":"summary_large_image","twitter_misc":{"Est. reading time":"1 minuto"},"schema":{"@context":"https:\/\/schema.org","@graph":[{"@type":"WebPage","@id":"https:\/\/www.colorflyprinting.com\/product\/bulk-school-notebooks\/","url":"https:\/\/www.colorflyprinting.com\/product\/bulk-school-notebooks\/","name":"Bulk Exercise Books|A4\/B5\/B4 Softcover School Notebooks","isPartOf":{"@id":"https:\/\/www.colorflyprinting.com\/#website"},"primaryImageOfPage":{"@id":"https:\/\/www.colorflyprinting.com\/product\/bulk-school-notebooks\/#primaryimage"},"image":{"@id":"https:\/\/www.colorflyprinting.com\/product\/bulk-school-notebooks\/#primaryimage"},"thumbnailUrl":"https:\/\/www.colorflyprinting.com\/wp-content\/uploads\/2025\/07\/H217d8211a2004e57bef4828bd04cd07aE.jpg_720x720q50.avif","datePublished":"2025-07-01T08:40:02+00:00","dateModified":"2025-12-02T03:49:42+00:00","description":"Bulk Exercise Books direct from Chinese factory. Wholesale A4\/B5\/B4 softcover school notebooks with custom options. Supply for Africa & Middle East.","breadcrumb":{"@id":"https:\/\/www.colorflyprinting.com\/product\/bulk-school-notebooks\/#breadcrumb"},"inLanguage":"es-CR","potentialAction":[{"@type":"ReadAction","target":["https:\/\/www.colorflyprinting.com\/product\/bulk-school-notebooks\/"]}]},{"@type":"ImageObject","inLanguage":"es-CR","@id":"https:\/\/www.colorflyprinting.com\/product\/bulk-school-notebooks\/#primaryimage","url":"https:\/\/www.colorflyprinting.com\/wp-content\/uploads\/2025\/07\/H217d8211a2004e57bef4828bd04cd07aE.jpg_720x720q50.avif","contentUrl":"https:\/\/www.colorflyprinting.com\/wp-content\/uploads\/2025\/07\/H217d8211a2004e57bef4828bd04cd07aE.jpg_720x720q50.avif","width":720,"height":720},{"@type":"BreadcrumbList","@id":"https:\/\/www.colorflyprinting.com\/product\/bulk-school-notebooks\/#breadcrumb","itemListElement":[{"@type":"ListItem","position":1,"name":"Home","item":"https:\/\/www.colorflyprinting.com\/"},{"@type":"ListItem","position":2,"name":"Product","item":"https:\/\/www.colorflyprinting.com\/shop\/"},{"@type":"ListItem","position":3,"name":"B4\/B5\/A4 Softcover Exercise Books &#8211; Bulk School Notebooks | Africa\/ME Supply"}]},{"@type":"WebSite","@id":"https:\/\/www.colorflyprinting.com\/#website","url":"https:\/\/www.colorflyprinting.com\/","name":"Hefei Colorfly Stationery Co.,Ltd.","description":"","publisher":{"@id":"https:\/\/www.colorflyprinting.com\/#organization"},"potentialAction":[{"@type":"SearchAction","target":{"@type":"EntryPoint","urlTemplate":"https:\/\/www.colorflyprinting.com\/?s={search_term_string}"},"query-input":{"@type":"PropertyValueSpecification","valueRequired":true,"valueName":"search_term_string"}}],"inLanguage":"es-CR"},{"@type":"Organization","@id":"https:\/\/www.colorflyprinting.com\/#organization","name":"Hefei Colorfly Stationery Co.,Ltd.","url":"https:\/\/www.colorflyprinting.com\/","logo":{"@type":"ImageObject","inLanguage":"es-CR","@id":"https:\/\/www.colorflyprinting.com\/#\/schema\/logo\/image\/","url":"https:\/\/www.colorflyprinting.com\/wp-content\/uploads\/2025\/04\/d167665f943610681229e2f4307b9df.jpg","contentUrl":"https:\/\/www.colorflyprinting.com\/wp-content\/uploads\/2025\/04\/d167665f943610681229e2f4307b9df.jpg","width":780,"height":780,"caption":"Hefei Colorfly Stationery Co.,Ltd."},"image":{"@id":"https:\/\/www.colorflyprinting.com\/#\/schema\/logo\/image\/"}}]}},"_links":{"self":[{"href":"https:\/\/www.colorflyprinting.com\/es\/wp-json\/wp\/v2\/product\/17939","targetHints":{"allow":["GET"]}}],"collection":[{"href":"https:\/\/www.colorflyprinting.com\/es\/wp-json\/wp\/v2\/product"}],"about":[{"href":"https:\/\/www.colorflyprinting.com\/es\/wp-json\/wp\/v2\/types\/product"}],"replies":[{"embeddable":true,"href":"https:\/\/www.colorflyprinting.com\/es\/wp-json\/wp\/v2\/comments?post=17939"}],"wp:featuredmedia":[{"embeddable":true,"href":"https:\/\/www.colorflyprinting.com\/es\/wp-json\/wp\/v2\/media\/17943"}],"wp:attachment":[{"href":"https:\/\/www.colorflyprinting.com\/es\/wp-json\/wp\/v2\/media?parent=17939"}],"wp:term":[{"taxonomy":"product_brand","embeddable":true,"href":"https:\/\/www.colorflyprinting.com\/es\/wp-json\/wp\/v2\/product_brand?post=17939"},{"taxonomy":"product_cat","embeddable":true,"href":"https:\/\/www.colorflyprinting.com\/es\/wp-json\/wp\/v2\/product_cat?post=17939"},{"taxonomy":"product_tag","embeddable":true,"href":"https:\/\/www.colorflyprinting.com\/es\/wp-json\/wp\/v2\/product_tag?post=17939"}],"curies":[{"name":"wp","href":"https:\/\/api.w.org\/{rel}","templated":true}]}}