{"id":17848,"date":"2025-06-27T07:29:51","date_gmt":"2025-06-27T07:29:51","guid":{"rendered":"https:\/\/www.colorflyprinting.com\/?post_type=product&#038;p=17848"},"modified":"2025-12-02T06:12:35","modified_gmt":"2025-12-02T06:12:35","slug":"personalized-study-notebook-custom-covers-templatesk","status":"publish","type":"product","link":"https:\/\/www.colorflyprinting.com\/es\/producto\/personalized-study-notebook-custom-covers-templatesk\/","title":{"rendered":"Personalized Study Notebook: Custom Covers &#038; Templates"},"content":{"rendered":"<div class=\"J_module\">\n<div class=\"ife-detail-decorate-table\">\n<table class=\"has-title is-zebra all magic-5\">\n<tbody>\n<tr>\n<td colspan=\"1\" rowspan=\"1\">\n<div class=\"magic-6\" data-spm-anchor-id=\"a2700.details-description.0.i0.3793Aux2Aux2s5\">Tama\u00f1o<\/div>\n<\/td>\n<td colspan=\"5\" rowspan=\"1\">\n<div class=\"magic-7\">\n<div data-spm-anchor-id=\"0.0.0.i3.59844f05Z16MVb\">165*215 mm (A5, A6, A7, etc. personalizados)<\/div>\n<\/div>\n<\/td>\n<\/tr>\n<tr>\n<td colspan=\"1\" rowspan=\"1\">\n<div class=\"magic-6\">Hojas<\/div>\n<\/td>\n<td colspan=\"5\" rowspan=\"1\">\n<div class=\"magic-7\">\n<div data-spm-anchor-id=\"0.0.0.i13.59844f05Z16MVb\">80 hojas o personalizadas<\/div>\n<\/div>\n<\/td>\n<\/tr>\n<tr>\n<td colspan=\"1\" rowspan=\"1\">\n<div class=\"magic-6\">Vinculante<\/div>\n<\/td>\n<td colspan=\"5\" rowspan=\"1\">\n<div class=\"magic-7\">Encuadernaci\u00f3n con grapas<\/div>\n<\/td>\n<\/tr>\n<tr>\n<td colspan=\"1\" rowspan=\"1\">\n<div class=\"magic-6\">Embalaje<\/div>\n<\/td>\n<td colspan=\"5\" rowspan=\"1\">\n<div class=\"magic-7\">Embalaje regular (bolsa retr\u00e1ctil y caja de cart\u00f3n) o seg\u00fan solicitud del cliente.<\/div>\n<\/td>\n<\/tr>\n<tr>\n<td colspan=\"1\" rowspan=\"1\">\n<div class=\"magic-6\">Cantidad m\u00ednima de pedido<\/div>\n<\/td>\n<td colspan=\"5\" rowspan=\"1\">\n<div class=\"magic-12\">10000 piezas<\/div>\n<\/td>\n<\/tr>\n<\/tbody>\n<\/table>\n<p><b data-spm-anchor-id=\"a2700.details-description.0.i0.19dbBtkuBtkuKF\">NOTA<\/b>:Somos un fabricante profesional de cuadernos y libros de ejercicios.<\/p>\n<div data-spm-anchor-id=\"a2700.details-description.0.i1.19dbBtkuBtkuKF\">Aqu\u00ed tienes una gama completa de port\u00e1tiles para que elijas.<br \/>\n<b>Aceptamos personalizaci\u00f3n de todas las especificaciones anteriores.<\/b><\/div>\n<\/div>\n<\/div>","protected":false},"excerpt":{"rendered":"<h3>Perfect exercise book!<\/h3>\n<p><span class=\"magic-21\" data-spm-anchor-id=\"a2700.details-description.0.i6.3793Aux2Aux2s5\">This book, touched in the hands of the first feeling very smooth, the opening of the first glance was attracted to his paper.When your pen is written on such a paper, it is a visual and tactile pleasure.The price of the product can attract your attentionmore, come and take it!<\/span><\/p>\n<p><img decoding=\"async\" class=\"aligncenter\" src=\"https:\/\/www.colorflyprinting.com\/wp-content\/uploads\/2025\/06\/Hdb5ef9a1c32f4292a81316bc4c5b2166T.jpg_720x720q50-300x300.avif\" \/><\/p>","protected":false},"featured_media":17849,"comment_status":"open","ping_status":"closed","template":"","meta":[],"product_brand":[],"product_cat":[449],"product_tag":[458,178,432],"class_list":{"0":"post-17848","1":"product","2":"type-product","3":"status-publish","4":"has-post-thumbnail","6":"product_cat-hardcover-notebook","7":"product_tag-custom-hardcover-notebook","8":"product_tag-notebook","9":"product_tag-school-exercise-book","11":"first","12":"instock","13":"shipping-taxable","14":"product-type-simple"},"yoast_head":"<!-- This site is optimized with the Yoast SEO Premium plugin v23.9 (Yoast SEO v25.2) - https:\/\/yoast.com\/wordpress\/plugins\/seo\/ -->\n<title>Custom Student Notebooks | Personalized Bulk Supplier<\/title>\n<meta name=\"description\" content=\"Tear-Resistant Custom Student Notebooks | Detachable Templates + Spill-Proof Covers | Teacher-Tested 20% Efficiency | Request Free OEM Samples\" \/>\n<meta name=\"robots\" content=\"index, follow, max-snippet:-1, max-image-preview:large, max-video-preview:-1\" \/>\n<link rel=\"canonical\" href=\"https:\/\/www.colorflyprinting.com\/es\/producto\/personalized-study-notebook-custom-covers-templatesk\/\" \/>\n<meta property=\"og:locale\" content=\"es_ES\" \/>\n<meta property=\"og:type\" content=\"article\" \/>\n<meta property=\"og:title\" content=\"Personalized Study Notebook: Custom Covers &amp; Templates\" \/>\n<meta property=\"og:description\" content=\"Tear-Resistant Custom Student Notebooks | Detachable Templates + Spill-Proof Covers | Teacher-Tested 20% Efficiency | Request Free OEM Samples\" \/>\n<meta property=\"og:url\" content=\"https:\/\/www.colorflyprinting.com\/es\/producto\/personalized-study-notebook-custom-covers-templatesk\/\" \/>\n<meta property=\"og:site_name\" content=\"colorflyprinting\" \/>\n<meta property=\"article:modified_time\" content=\"2025-12-02T06:12:35+00:00\" \/>\n<meta name=\"twitter:card\" content=\"summary_large_image\" \/>\n<script type=\"application\/ld+json\" class=\"yoast-schema-graph\">{\"@context\":\"https:\/\/schema.org\",\"@graph\":[{\"@type\":\"WebPage\",\"@id\":\"https:\/\/www.colorflyprinting.com\/product\/personalized-study-notebook-custom-covers-templatesk\/\",\"url\":\"https:\/\/www.colorflyprinting.com\/product\/personalized-study-notebook-custom-covers-templatesk\/\",\"name\":\"Custom Student Notebooks | Personalized Bulk Supplier\",\"isPartOf\":{\"@id\":\"https:\/\/www.colorflyprinting.com\/#website\"},\"primaryImageOfPage\":{\"@id\":\"https:\/\/www.colorflyprinting.com\/product\/personalized-study-notebook-custom-covers-templatesk\/#primaryimage\"},\"image\":{\"@id\":\"https:\/\/www.colorflyprinting.com\/product\/personalized-study-notebook-custom-covers-templatesk\/#primaryimage\"},\"thumbnailUrl\":\"https:\/\/www.colorflyprinting.com\/wp-content\/uploads\/2025\/06\/Hdb5ef9a1c32f4292a81316bc4c5b2166T.jpg_720x720q50.avif\",\"datePublished\":\"2025-06-27T07:29:51+00:00\",\"dateModified\":\"2025-12-02T06:12:35+00:00\",\"description\":\"Tear-Resistant Custom Student Notebooks | Detachable Templates + Spill-Proof Covers | Teacher-Tested 20% Efficiency | Request Free OEM Samples\",\"breadcrumb\":{\"@id\":\"https:\/\/www.colorflyprinting.com\/product\/personalized-study-notebook-custom-covers-templatesk\/#breadcrumb\"},\"inLanguage\":\"es-CR\",\"potentialAction\":[{\"@type\":\"ReadAction\",\"target\":[\"https:\/\/www.colorflyprinting.com\/product\/personalized-study-notebook-custom-covers-templatesk\/\"]}]},{\"@type\":\"ImageObject\",\"inLanguage\":\"es-CR\",\"@id\":\"https:\/\/www.colorflyprinting.com\/product\/personalized-study-notebook-custom-covers-templatesk\/#primaryimage\",\"url\":\"https:\/\/www.colorflyprinting.com\/wp-content\/uploads\/2025\/06\/Hdb5ef9a1c32f4292a81316bc4c5b2166T.jpg_720x720q50.avif\",\"contentUrl\":\"https:\/\/www.colorflyprinting.com\/wp-content\/uploads\/2025\/06\/Hdb5ef9a1c32f4292a81316bc4c5b2166T.jpg_720x720q50.avif\",\"width\":700,\"height\":700},{\"@type\":\"BreadcrumbList\",\"@id\":\"https:\/\/www.colorflyprinting.com\/product\/personalized-study-notebook-custom-covers-templatesk\/#breadcrumb\",\"itemListElement\":[{\"@type\":\"ListItem\",\"position\":1,\"name\":\"Home\",\"item\":\"https:\/\/www.colorflyprinting.com\/\"},{\"@type\":\"ListItem\",\"position\":2,\"name\":\"Product\",\"item\":\"https:\/\/www.colorflyprinting.com\/shop\/\"},{\"@type\":\"ListItem\",\"position\":3,\"name\":\"Personalized Study Notebook: Custom Covers &#038; Templates\"}]},{\"@type\":\"WebSite\",\"@id\":\"https:\/\/www.colorflyprinting.com\/#website\",\"url\":\"https:\/\/www.colorflyprinting.com\/\",\"name\":\"Hefei Colorfly Stationery Co.,Ltd.\",\"description\":\"\",\"publisher\":{\"@id\":\"https:\/\/www.colorflyprinting.com\/#organization\"},\"potentialAction\":[{\"@type\":\"SearchAction\",\"target\":{\"@type\":\"EntryPoint\",\"urlTemplate\":\"https:\/\/www.colorflyprinting.com\/?s={search_term_string}\"},\"query-input\":{\"@type\":\"PropertyValueSpecification\",\"valueRequired\":true,\"valueName\":\"search_term_string\"}}],\"inLanguage\":\"es-CR\"},{\"@type\":\"Organization\",\"@id\":\"https:\/\/www.colorflyprinting.com\/#organization\",\"name\":\"Hefei Colorfly Stationery Co.,Ltd.\",\"url\":\"https:\/\/www.colorflyprinting.com\/\",\"logo\":{\"@type\":\"ImageObject\",\"inLanguage\":\"es-CR\",\"@id\":\"https:\/\/www.colorflyprinting.com\/#\/schema\/logo\/image\/\",\"url\":\"https:\/\/www.colorflyprinting.com\/wp-content\/uploads\/2025\/04\/d167665f943610681229e2f4307b9df.jpg\",\"contentUrl\":\"https:\/\/www.colorflyprinting.com\/wp-content\/uploads\/2025\/04\/d167665f943610681229e2f4307b9df.jpg\",\"width\":780,\"height\":780,\"caption\":\"Hefei Colorfly Stationery Co.,Ltd.\"},\"image\":{\"@id\":\"https:\/\/www.colorflyprinting.com\/#\/schema\/logo\/image\/\"}}]}<\/script>\n<!-- \/ Yoast SEO Premium plugin. -->","yoast_head_json":{"title":"Custom Student Notebooks | Personalized Bulk Supplier","description":"Tear-Resistant Custom Student Notebooks | Detachable Templates + Spill-Proof Covers | Teacher-Tested 20% Efficiency | Request Free OEM Samples","robots":{"index":"index","follow":"follow","max-snippet":"max-snippet:-1","max-image-preview":"max-image-preview:large","max-video-preview":"max-video-preview:-1"},"canonical":"https:\/\/www.colorflyprinting.com\/es\/producto\/personalized-study-notebook-custom-covers-templatesk\/","og_locale":"es_ES","og_type":"article","og_title":"Personalized Study Notebook: Custom Covers & Templates","og_description":"Tear-Resistant Custom Student Notebooks | Detachable Templates + Spill-Proof Covers | Teacher-Tested 20% Efficiency | Request Free OEM Samples","og_url":"https:\/\/www.colorflyprinting.com\/es\/producto\/personalized-study-notebook-custom-covers-templatesk\/","og_site_name":"colorflyprinting","article_modified_time":"2025-12-02T06:12:35+00:00","twitter_card":"summary_large_image","schema":{"@context":"https:\/\/schema.org","@graph":[{"@type":"WebPage","@id":"https:\/\/www.colorflyprinting.com\/product\/personalized-study-notebook-custom-covers-templatesk\/","url":"https:\/\/www.colorflyprinting.com\/product\/personalized-study-notebook-custom-covers-templatesk\/","name":"Custom Student Notebooks | Personalized Bulk Supplier","isPartOf":{"@id":"https:\/\/www.colorflyprinting.com\/#website"},"primaryImageOfPage":{"@id":"https:\/\/www.colorflyprinting.com\/product\/personalized-study-notebook-custom-covers-templatesk\/#primaryimage"},"image":{"@id":"https:\/\/www.colorflyprinting.com\/product\/personalized-study-notebook-custom-covers-templatesk\/#primaryimage"},"thumbnailUrl":"https:\/\/www.colorflyprinting.com\/wp-content\/uploads\/2025\/06\/Hdb5ef9a1c32f4292a81316bc4c5b2166T.jpg_720x720q50.avif","datePublished":"2025-06-27T07:29:51+00:00","dateModified":"2025-12-02T06:12:35+00:00","description":"Tear-Resistant Custom Student Notebooks | Detachable Templates + Spill-Proof Covers | Teacher-Tested 20% Efficiency | Request Free OEM Samples","breadcrumb":{"@id":"https:\/\/www.colorflyprinting.com\/product\/personalized-study-notebook-custom-covers-templatesk\/#breadcrumb"},"inLanguage":"es-CR","potentialAction":[{"@type":"ReadAction","target":["https:\/\/www.colorflyprinting.com\/product\/personalized-study-notebook-custom-covers-templatesk\/"]}]},{"@type":"ImageObject","inLanguage":"es-CR","@id":"https:\/\/www.colorflyprinting.com\/product\/personalized-study-notebook-custom-covers-templatesk\/#primaryimage","url":"https:\/\/www.colorflyprinting.com\/wp-content\/uploads\/2025\/06\/Hdb5ef9a1c32f4292a81316bc4c5b2166T.jpg_720x720q50.avif","contentUrl":"https:\/\/www.colorflyprinting.com\/wp-content\/uploads\/2025\/06\/Hdb5ef9a1c32f4292a81316bc4c5b2166T.jpg_720x720q50.avif","width":700,"height":700},{"@type":"BreadcrumbList","@id":"https:\/\/www.colorflyprinting.com\/product\/personalized-study-notebook-custom-covers-templatesk\/#breadcrumb","itemListElement":[{"@type":"ListItem","position":1,"name":"Home","item":"https:\/\/www.colorflyprinting.com\/"},{"@type":"ListItem","position":2,"name":"Product","item":"https:\/\/www.colorflyprinting.com\/shop\/"},{"@type":"ListItem","position":3,"name":"Personalized Study Notebook: Custom Covers &#038; Templates"}]},{"@type":"WebSite","@id":"https:\/\/www.colorflyprinting.com\/#website","url":"https:\/\/www.colorflyprinting.com\/","name":"Hefei Colorfly Stationery Co.,Ltd.","description":"","publisher":{"@id":"https:\/\/www.colorflyprinting.com\/#organization"},"potentialAction":[{"@type":"SearchAction","target":{"@type":"EntryPoint","urlTemplate":"https:\/\/www.colorflyprinting.com\/?s={search_term_string}"},"query-input":{"@type":"PropertyValueSpecification","valueRequired":true,"valueName":"search_term_string"}}],"inLanguage":"es-CR"},{"@type":"Organization","@id":"https:\/\/www.colorflyprinting.com\/#organization","name":"Hefei Colorfly Stationery Co.,Ltd.","url":"https:\/\/www.colorflyprinting.com\/","logo":{"@type":"ImageObject","inLanguage":"es-CR","@id":"https:\/\/www.colorflyprinting.com\/#\/schema\/logo\/image\/","url":"https:\/\/www.colorflyprinting.com\/wp-content\/uploads\/2025\/04\/d167665f943610681229e2f4307b9df.jpg","contentUrl":"https:\/\/www.colorflyprinting.com\/wp-content\/uploads\/2025\/04\/d167665f943610681229e2f4307b9df.jpg","width":780,"height":780,"caption":"Hefei Colorfly Stationery Co.,Ltd."},"image":{"@id":"https:\/\/www.colorflyprinting.com\/#\/schema\/logo\/image\/"}}]}},"_links":{"self":[{"href":"https:\/\/www.colorflyprinting.com\/es\/wp-json\/wp\/v2\/product\/17848","targetHints":{"allow":["GET"]}}],"collection":[{"href":"https:\/\/www.colorflyprinting.com\/es\/wp-json\/wp\/v2\/product"}],"about":[{"href":"https:\/\/www.colorflyprinting.com\/es\/wp-json\/wp\/v2\/types\/product"}],"replies":[{"embeddable":true,"href":"https:\/\/www.colorflyprinting.com\/es\/wp-json\/wp\/v2\/comments?post=17848"}],"wp:featuredmedia":[{"embeddable":true,"href":"https:\/\/www.colorflyprinting.com\/es\/wp-json\/wp\/v2\/media\/17849"}],"wp:attachment":[{"href":"https:\/\/www.colorflyprinting.com\/es\/wp-json\/wp\/v2\/media?parent=17848"}],"wp:term":[{"taxonomy":"product_brand","embeddable":true,"href":"https:\/\/www.colorflyprinting.com\/es\/wp-json\/wp\/v2\/product_brand?post=17848"},{"taxonomy":"product_cat","embeddable":true,"href":"https:\/\/www.colorflyprinting.com\/es\/wp-json\/wp\/v2\/product_cat?post=17848"},{"taxonomy":"product_tag","embeddable":true,"href":"https:\/\/www.colorflyprinting.com\/es\/wp-json\/wp\/v2\/product_tag?post=17848"}],"curies":[{"name":"wp","href":"https:\/\/api.w.org\/{rel}","templated":true}]}}