{"id":16489,"date":"2025-05-27T09:38:08","date_gmt":"2025-05-27T09:38:08","guid":{"rendered":"https:\/\/www.colorflyprinting.com\/?post_type=product&#038;p=16489"},"modified":"2025-12-02T05:59:08","modified_gmt":"2025-12-02T05:59:08","slug":"bulk-a5-a6-pu-leather-cover-journal-custom-printing-notebook-hardcover","status":"publish","type":"product","link":"https:\/\/www.colorflyprinting.com\/es\/producto\/cuaderno-de-tapa-dura-con-impresion-personalizada-tamano-a5-a6-con-cubierta-de-cuero-sintetico\/","title":{"rendered":"Cuaderno de tapa dura con impresi\u00f3n personalizada, tama\u00f1o A5 y A6, con cubierta de cuero sint\u00e9tico"},"content":{"rendered":"<table class=\"has-title hight-light-first-column all magic-5\">\n<tbody>\n<tr>\n<td colspan=\"1\" rowspan=\"1\">\n<div class=\"magic-6\" data-spm-anchor-id=\"a2700.details-description.0.i0.3833XrIwXrIwCe\">Nombre del producto<\/div>\n<\/td>\n<td colspan=\"5\" rowspan=\"1\">\n<div class=\"magic-7\">\n<div data-spm-anchor-id=\"0.0.0.i3.59844f05Z16MVb\">Cuadernos de tapa dura de cuero sint\u00e9tico tama\u00f1o A5, con impresi\u00f3n personalizada, planificadores y cuadernos con logotipo personalizado.<\/div>\n<\/div>\n<\/td>\n<\/tr>\n<tr>\n<td colspan=\"1\" rowspan=\"1\">\n<div class=\"magic-6\">P\u00e1ginas<\/div>\n<\/td>\n<td colspan=\"5\" rowspan=\"1\">\n<div class=\"magic-7\">\n<div data-spm-anchor-id=\"0.0.0.i13.59844f05Z16MVb\">\u00a0100 hojas (=200 p\u00e1ginas) \/ personalizado<\/div>\n<\/div>\n<\/td>\n<\/tr>\n<tr>\n<td colspan=\"1\" rowspan=\"1\">\n<div class=\"magic-6\">\u00a0Tama\u00f1o<\/div>\n<\/td>\n<td colspan=\"5\" rowspan=\"1\">\n<div class=\"magic-7\">\u00a0A5 21,5 x 14,7 cm (8,46 x 5,78 pulgadas) o tama\u00f1o personalizado<\/div>\n<\/td>\n<\/tr>\n<tr>\n<td colspan=\"1\" rowspan=\"1\">\n<div class=\"magic-6\">Material de la cubierta<\/div>\n<\/td>\n<td colspan=\"5\" rowspan=\"1\">\n<div class=\"magic-7\">\u00a0 Tapa dura y cuero PU<\/div>\n<\/td>\n<\/tr>\n<tr>\n<td colspan=\"1\" rowspan=\"1\">\n<div class=\"magic-6\">Dise\u00f1o de portada<\/div>\n<\/td>\n<td colspan=\"5\" rowspan=\"1\">\n<div class=\"magic-12\">Acepta tu logotipo y m\u00faltiples colores.<\/div>\n<\/td>\n<\/tr>\n<tr>\n<td colspan=\"1\" rowspan=\"1\">\n<div class=\"magic-6\">Interior impreso<\/div>\n<\/td>\n<td colspan=\"5\" rowspan=\"1\">\n<div class=\"magic-12\"><b data-spm-anchor-id=\"a2700.pc-decorate.0.i11.753d3333ZB03mk\">\u00a0Punteado, rayado, cuadriculado, en blanco y personalizado<\/b><\/div>\n<\/td>\n<\/tr>\n<tr>\n<td colspan=\"1\" rowspan=\"1\">\n<div class=\"magic-6\">Obra de arte:<\/div>\n<\/td>\n<td colspan=\"5\" rowspan=\"1\">\n<div class=\"magic-12\">Aceptable personalizado<b>\u00a0<\/b><\/div>\n<\/td>\n<\/tr>\n<tr>\n<td colspan=\"1\" rowspan=\"1\">\n<div class=\"magic-6\">Uso<\/div>\n<\/td>\n<td colspan=\"5\" rowspan=\"1\">\n<div class=\"magic-12\">Escuela \/ Oficina \/ Regalo<\/div>\n<\/td>\n<\/tr>\n<tr>\n<td colspan=\"1\" rowspan=\"1\">\n<div class=\"magic-6\">Embalaje<\/div>\n<\/td>\n<td colspan=\"5\" rowspan=\"1\">\n<div class=\"magic-12\">\u00a0 1 pieza\/bolsa de polipropileno<\/div>\n<\/td>\n<\/tr>\n<tr>\n<td colspan=\"1\" rowspan=\"1\">\n<div class=\"magic-6\">C\u00f3digo HS<\/div>\n<\/td>\n<td colspan=\"5\" rowspan=\"1\">\n<div class=\"magic-12\">\n<div class=\"magic-17\" data-spm-anchor-id=\"0.0.0.i72.59844f058KU4GW\">Papel ecol\u00f3gico<\/div>\n<\/div>\n<\/td>\n<\/tr>\n<tr>\n<td colspan=\"1\" rowspan=\"1\">\n<div class=\"magic-6\">Tiempo de Sameple<\/div>\n<\/td>\n<td colspan=\"5\" rowspan=\"1\">\n<div class=\"magic-12\">La muestra se le enviar\u00e1 solo un d\u00eda despu\u00e9s de confirmar las especificaciones.<\/div>\n<\/td>\n<\/tr>\n<tr>\n<td colspan=\"1\" rowspan=\"1\">\n<div class=\"magic-6\">Logo<\/div>\n<\/td>\n<td colspan=\"5\" rowspan=\"1\">\n<div class=\"magic-12\">Recubrimiento UV, l\u00e1mina de plata, UV localizado, relieve, recubrimiento, etc.<\/div>\n<\/td>\n<\/tr>\n<tr>\n<td colspan=\"1\" rowspan=\"1\">\n<div class=\"magic-6\">Detalles de la entrega<\/div>\n<\/td>\n<td colspan=\"5\" rowspan=\"1\">\n<div class=\"magic-12\">Alrededor de 15 d\u00edas despu\u00e9s de recibir su dep\u00f3sito.<\/div>\n<\/td>\n<\/tr>\n<\/tbody>\n<\/table>","protected":false},"excerpt":{"rendered":"<p>Esta libreta de anillas vintage con tapa de cuero sint\u00e9tico est\u00e1 dise\u00f1ada para ofrecer durabilidad y elegancia. Disponible en tama\u00f1os A5 y A6, cuenta con hojas sueltas rellenables que permiten actualizar el contenido con flexibilidad. El acabado en cuero sint\u00e9tico le da un aspecto profesional y sofisticado, ideal para reuniones de negocios, agendas, diarios o regalos para clientes. Cada libreta admite la impresi\u00f3n de logotipos personalizados, lo que la convierte en la opci\u00f3n perfecta para papeler\u00eda de marca. Ya seas minorista, comprador corporativo u organizador de eventos, esta libreta de tapa dura ofrece funcionalidad y estilo en grandes vol\u00famenes. Con dise\u00f1os de portada y dise\u00f1o personalizables, se adapta a la imagen de tu marca y a tu uso.<\/p>\n<ul>\n<li><strong>Proveedor:<\/strong> Impresi\u00f3n a color<\/li>\n<li><strong data-start=\"538\" data-end=\"547\">Tama\u00f1o:<\/strong> A5<\/li>\n<li><strong data-start=\"567\" data-end=\"586\">Material de la cubierta:<\/strong> Cuero, tela<\/li>\n<li><strong data-start=\"637\" data-end=\"647\">P\u00e1ginas:<\/strong> 200 p\u00e1ginas (personalizables)<\/li>\n<li><strong data-start=\"689\" data-end=\"705\">Papel interior:<\/strong> Papel sin pasta mec\u00e1nica de 55\u201370 g\/m\u00b2, rayado simple o doble<\/li>\n<li><strong data-start=\"764\" data-end=\"782\">Estilo de encuadernaci\u00f3n:<\/strong> Encuadernaci\u00f3n t\u00e9rmica, costura con hilo, encuadernaci\u00f3n con costura<\/li>\n<li><strong data-start=\"826\" data-end=\"839\">Impresi\u00f3n:<\/strong> Impresi\u00f3n de logotipo personalizado disponible en la portada y p\u00e1ginas interiores.<\/li>\n<li><strong data-start=\"897\" data-end=\"911\">Embalaje:<\/strong> Cajas de exportaci\u00f3n est\u00e1ndar o seg\u00fan solicitud del cliente.<\/li>\n<li><strong data-start=\"965\" data-end=\"983\">Personalizaci\u00f3n:<\/strong> Soporte OEM\/ODM con MOQ flexible<\/li>\n<li><strong data-start=\"1022\" data-end=\"1039\">Aplicaciones:<\/strong> Adecuado para escuelas, universidades, licitaciones gubernamentales y proveedores educativos.<\/li>\n<\/ul>","protected":false},"featured_media":16491,"comment_status":"open","ping_status":"closed","template":"","meta":[],"product_brand":[],"product_cat":[127],"product_tag":[711,709,710],"class_list":{"0":"post-16489","1":"product","2":"type-product","3":"status-publish","4":"has-post-thumbnail","6":"product_cat-leather-notebook","7":"product_tag-bulk-a5-a6-notebooks","8":"product_tag-custom-printing-notebook-hardcover","9":"product_tag-leather-cover-journal","11":"first","12":"instock","13":"shipping-taxable","14":"product-type-simple"},"yoast_head":"<!-- This site is optimized with the Yoast SEO Premium plugin v23.9 (Yoast SEO v25.2) - https:\/\/yoast.com\/wordpress\/plugins\/seo\/ -->\n<title>Bulk Vintage PU Leather Ring Binder Notebooks A5\/A6 Size<\/title>\n<meta name=\"description\" content=\"Order A5\/A6 vintage PU leather ring binder notebooks in bulk. Loose-leaf, customizable with logo printing. Ideal for business, gifting, or office use.\" \/>\n<meta name=\"robots\" content=\"index, follow, max-snippet:-1, max-image-preview:large, max-video-preview:-1\" \/>\n<link rel=\"canonical\" href=\"https:\/\/www.colorflyprinting.com\/es\/producto\/cuaderno-de-tapa-dura-con-impresion-personalizada-tamano-a5-a6-con-cubierta-de-cuero-sintetico\/\" \/>\n<meta property=\"og:locale\" content=\"es_ES\" \/>\n<meta property=\"og:type\" content=\"article\" \/>\n<meta property=\"og:title\" content=\"Bulk A5 A6 Pu Leather Cover Journal Custom Printing Notebook Hardcover\" \/>\n<meta property=\"og:description\" content=\"Order A5\/A6 vintage PU leather ring binder notebooks in bulk. Loose-leaf, customizable with logo printing. Ideal for business, gifting, or office use.\" \/>\n<meta property=\"og:url\" content=\"https:\/\/www.colorflyprinting.com\/es\/producto\/cuaderno-de-tapa-dura-con-impresion-personalizada-tamano-a5-a6-con-cubierta-de-cuero-sintetico\/\" \/>\n<meta property=\"og:site_name\" content=\"colorflyprinting\" \/>\n<meta property=\"article:modified_time\" content=\"2025-12-02T05:59:08+00:00\" \/>\n<meta property=\"og:image\" content=\"https:\/\/www.colorflyprinting.com\/wp-content\/uploads\/2025\/05\/Main-06-17.jpg\" \/>\n\t<meta property=\"og:image:width\" content=\"750\" \/>\n\t<meta property=\"og:image:height\" content=\"750\" \/>\n\t<meta property=\"og:image:type\" content=\"image\/jpeg\" \/>\n<meta name=\"twitter:card\" content=\"summary_large_image\" \/>\n<meta name=\"twitter:label1\" content=\"Est. reading time\" \/>\n\t<meta name=\"twitter:data1\" content=\"1 minuto\" \/>\n<script type=\"application\/ld+json\" class=\"yoast-schema-graph\">{\"@context\":\"https:\/\/schema.org\",\"@graph\":[{\"@type\":\"WebPage\",\"@id\":\"https:\/\/www.colorflyprinting.com\/product\/bulk-a5-a6-pu-leather-cover-journal-custom-printing-notebook-hardcover\/\",\"url\":\"https:\/\/www.colorflyprinting.com\/product\/bulk-a5-a6-pu-leather-cover-journal-custom-printing-notebook-hardcover\/\",\"name\":\"Bulk Vintage PU Leather Ring Binder Notebooks A5\/A6 Size\",\"isPartOf\":{\"@id\":\"https:\/\/www.colorflyprinting.com\/#website\"},\"primaryImageOfPage\":{\"@id\":\"https:\/\/www.colorflyprinting.com\/product\/bulk-a5-a6-pu-leather-cover-journal-custom-printing-notebook-hardcover\/#primaryimage\"},\"image\":{\"@id\":\"https:\/\/www.colorflyprinting.com\/product\/bulk-a5-a6-pu-leather-cover-journal-custom-printing-notebook-hardcover\/#primaryimage\"},\"thumbnailUrl\":\"https:\/\/www.colorflyprinting.com\/wp-content\/uploads\/2025\/05\/Main-06-17.jpg\",\"datePublished\":\"2025-05-27T09:38:08+00:00\",\"dateModified\":\"2025-12-02T05:59:08+00:00\",\"description\":\"Order A5\/A6 vintage PU leather ring binder notebooks in bulk. Loose-leaf, customizable with logo printing. Ideal for business, gifting, or office use.\",\"breadcrumb\":{\"@id\":\"https:\/\/www.colorflyprinting.com\/product\/bulk-a5-a6-pu-leather-cover-journal-custom-printing-notebook-hardcover\/#breadcrumb\"},\"inLanguage\":\"es-CR\",\"potentialAction\":[{\"@type\":\"ReadAction\",\"target\":[\"https:\/\/www.colorflyprinting.com\/product\/bulk-a5-a6-pu-leather-cover-journal-custom-printing-notebook-hardcover\/\"]}]},{\"@type\":\"ImageObject\",\"inLanguage\":\"es-CR\",\"@id\":\"https:\/\/www.colorflyprinting.com\/product\/bulk-a5-a6-pu-leather-cover-journal-custom-printing-notebook-hardcover\/#primaryimage\",\"url\":\"https:\/\/www.colorflyprinting.com\/wp-content\/uploads\/2025\/05\/Main-06-17.jpg\",\"contentUrl\":\"https:\/\/www.colorflyprinting.com\/wp-content\/uploads\/2025\/05\/Main-06-17.jpg\",\"width\":750,\"height\":750},{\"@type\":\"BreadcrumbList\",\"@id\":\"https:\/\/www.colorflyprinting.com\/product\/bulk-a5-a6-pu-leather-cover-journal-custom-printing-notebook-hardcover\/#breadcrumb\",\"itemListElement\":[{\"@type\":\"ListItem\",\"position\":1,\"name\":\"Home\",\"item\":\"https:\/\/www.colorflyprinting.com\/\"},{\"@type\":\"ListItem\",\"position\":2,\"name\":\"Product\",\"item\":\"https:\/\/www.colorflyprinting.com\/shop\/\"},{\"@type\":\"ListItem\",\"position\":3,\"name\":\"Bulk A5 A6 Pu Leather Cover Journal Custom Printing Notebook Hardcover\"}]},{\"@type\":\"WebSite\",\"@id\":\"https:\/\/www.colorflyprinting.com\/#website\",\"url\":\"https:\/\/www.colorflyprinting.com\/\",\"name\":\"Hefei Colorfly Stationery Co.,Ltd.\",\"description\":\"\",\"publisher\":{\"@id\":\"https:\/\/www.colorflyprinting.com\/#organization\"},\"potentialAction\":[{\"@type\":\"SearchAction\",\"target\":{\"@type\":\"EntryPoint\",\"urlTemplate\":\"https:\/\/www.colorflyprinting.com\/?s={search_term_string}\"},\"query-input\":{\"@type\":\"PropertyValueSpecification\",\"valueRequired\":true,\"valueName\":\"search_term_string\"}}],\"inLanguage\":\"es-CR\"},{\"@type\":\"Organization\",\"@id\":\"https:\/\/www.colorflyprinting.com\/#organization\",\"name\":\"Hefei Colorfly Stationery Co.,Ltd.\",\"url\":\"https:\/\/www.colorflyprinting.com\/\",\"logo\":{\"@type\":\"ImageObject\",\"inLanguage\":\"es-CR\",\"@id\":\"https:\/\/www.colorflyprinting.com\/#\/schema\/logo\/image\/\",\"url\":\"https:\/\/www.colorflyprinting.com\/wp-content\/uploads\/2025\/04\/d167665f943610681229e2f4307b9df.jpg\",\"contentUrl\":\"https:\/\/www.colorflyprinting.com\/wp-content\/uploads\/2025\/04\/d167665f943610681229e2f4307b9df.jpg\",\"width\":780,\"height\":780,\"caption\":\"Hefei Colorfly Stationery Co.,Ltd.\"},\"image\":{\"@id\":\"https:\/\/www.colorflyprinting.com\/#\/schema\/logo\/image\/\"}}]}<\/script>\n<!-- \/ Yoast SEO Premium plugin. -->","yoast_head_json":{"title":"Bulk Vintage PU Leather Ring Binder Notebooks A5\/A6 Size","description":"Order A5\/A6 vintage PU leather ring binder notebooks in bulk. Loose-leaf, customizable with logo printing. Ideal for business, gifting, or office use.","robots":{"index":"index","follow":"follow","max-snippet":"max-snippet:-1","max-image-preview":"max-image-preview:large","max-video-preview":"max-video-preview:-1"},"canonical":"https:\/\/www.colorflyprinting.com\/es\/producto\/cuaderno-de-tapa-dura-con-impresion-personalizada-tamano-a5-a6-con-cubierta-de-cuero-sintetico\/","og_locale":"es_ES","og_type":"article","og_title":"Bulk A5 A6 Pu Leather Cover Journal Custom Printing Notebook Hardcover","og_description":"Order A5\/A6 vintage PU leather ring binder notebooks in bulk. Loose-leaf, customizable with logo printing. Ideal for business, gifting, or office use.","og_url":"https:\/\/www.colorflyprinting.com\/es\/producto\/cuaderno-de-tapa-dura-con-impresion-personalizada-tamano-a5-a6-con-cubierta-de-cuero-sintetico\/","og_site_name":"colorflyprinting","article_modified_time":"2025-12-02T05:59:08+00:00","og_image":[{"width":750,"height":750,"url":"https:\/\/www.colorflyprinting.com\/wp-content\/uploads\/2025\/05\/Main-06-17.jpg","type":"image\/jpeg"}],"twitter_card":"summary_large_image","twitter_misc":{"Est. reading time":"1 minuto"},"schema":{"@context":"https:\/\/schema.org","@graph":[{"@type":"WebPage","@id":"https:\/\/www.colorflyprinting.com\/product\/bulk-a5-a6-pu-leather-cover-journal-custom-printing-notebook-hardcover\/","url":"https:\/\/www.colorflyprinting.com\/product\/bulk-a5-a6-pu-leather-cover-journal-custom-printing-notebook-hardcover\/","name":"Bulk Vintage PU Leather Ring Binder Notebooks A5\/A6 Size","isPartOf":{"@id":"https:\/\/www.colorflyprinting.com\/#website"},"primaryImageOfPage":{"@id":"https:\/\/www.colorflyprinting.com\/product\/bulk-a5-a6-pu-leather-cover-journal-custom-printing-notebook-hardcover\/#primaryimage"},"image":{"@id":"https:\/\/www.colorflyprinting.com\/product\/bulk-a5-a6-pu-leather-cover-journal-custom-printing-notebook-hardcover\/#primaryimage"},"thumbnailUrl":"https:\/\/www.colorflyprinting.com\/wp-content\/uploads\/2025\/05\/Main-06-17.jpg","datePublished":"2025-05-27T09:38:08+00:00","dateModified":"2025-12-02T05:59:08+00:00","description":"Order A5\/A6 vintage PU leather ring binder notebooks in bulk. Loose-leaf, customizable with logo printing. Ideal for business, gifting, or office use.","breadcrumb":{"@id":"https:\/\/www.colorflyprinting.com\/product\/bulk-a5-a6-pu-leather-cover-journal-custom-printing-notebook-hardcover\/#breadcrumb"},"inLanguage":"es-CR","potentialAction":[{"@type":"ReadAction","target":["https:\/\/www.colorflyprinting.com\/product\/bulk-a5-a6-pu-leather-cover-journal-custom-printing-notebook-hardcover\/"]}]},{"@type":"ImageObject","inLanguage":"es-CR","@id":"https:\/\/www.colorflyprinting.com\/product\/bulk-a5-a6-pu-leather-cover-journal-custom-printing-notebook-hardcover\/#primaryimage","url":"https:\/\/www.colorflyprinting.com\/wp-content\/uploads\/2025\/05\/Main-06-17.jpg","contentUrl":"https:\/\/www.colorflyprinting.com\/wp-content\/uploads\/2025\/05\/Main-06-17.jpg","width":750,"height":750},{"@type":"BreadcrumbList","@id":"https:\/\/www.colorflyprinting.com\/product\/bulk-a5-a6-pu-leather-cover-journal-custom-printing-notebook-hardcover\/#breadcrumb","itemListElement":[{"@type":"ListItem","position":1,"name":"Home","item":"https:\/\/www.colorflyprinting.com\/"},{"@type":"ListItem","position":2,"name":"Product","item":"https:\/\/www.colorflyprinting.com\/shop\/"},{"@type":"ListItem","position":3,"name":"Bulk A5 A6 Pu Leather Cover Journal Custom Printing Notebook Hardcover"}]},{"@type":"WebSite","@id":"https:\/\/www.colorflyprinting.com\/#website","url":"https:\/\/www.colorflyprinting.com\/","name":"Hefei Colorfly Stationery Co.,Ltd.","description":"","publisher":{"@id":"https:\/\/www.colorflyprinting.com\/#organization"},"potentialAction":[{"@type":"SearchAction","target":{"@type":"EntryPoint","urlTemplate":"https:\/\/www.colorflyprinting.com\/?s={search_term_string}"},"query-input":{"@type":"PropertyValueSpecification","valueRequired":true,"valueName":"search_term_string"}}],"inLanguage":"es-CR"},{"@type":"Organization","@id":"https:\/\/www.colorflyprinting.com\/#organization","name":"Hefei Colorfly Stationery Co.,Ltd.","url":"https:\/\/www.colorflyprinting.com\/","logo":{"@type":"ImageObject","inLanguage":"es-CR","@id":"https:\/\/www.colorflyprinting.com\/#\/schema\/logo\/image\/","url":"https:\/\/www.colorflyprinting.com\/wp-content\/uploads\/2025\/04\/d167665f943610681229e2f4307b9df.jpg","contentUrl":"https:\/\/www.colorflyprinting.com\/wp-content\/uploads\/2025\/04\/d167665f943610681229e2f4307b9df.jpg","width":780,"height":780,"caption":"Hefei Colorfly Stationery Co.,Ltd."},"image":{"@id":"https:\/\/www.colorflyprinting.com\/#\/schema\/logo\/image\/"}}]}},"_links":{"self":[{"href":"https:\/\/www.colorflyprinting.com\/es\/wp-json\/wp\/v2\/product\/16489","targetHints":{"allow":["GET"]}}],"collection":[{"href":"https:\/\/www.colorflyprinting.com\/es\/wp-json\/wp\/v2\/product"}],"about":[{"href":"https:\/\/www.colorflyprinting.com\/es\/wp-json\/wp\/v2\/types\/product"}],"replies":[{"embeddable":true,"href":"https:\/\/www.colorflyprinting.com\/es\/wp-json\/wp\/v2\/comments?post=16489"}],"wp:featuredmedia":[{"embeddable":true,"href":"https:\/\/www.colorflyprinting.com\/es\/wp-json\/wp\/v2\/media\/16491"}],"wp:attachment":[{"href":"https:\/\/www.colorflyprinting.com\/es\/wp-json\/wp\/v2\/media?parent=16489"}],"wp:term":[{"taxonomy":"product_brand","embeddable":true,"href":"https:\/\/www.colorflyprinting.com\/es\/wp-json\/wp\/v2\/product_brand?post=16489"},{"taxonomy":"product_cat","embeddable":true,"href":"https:\/\/www.colorflyprinting.com\/es\/wp-json\/wp\/v2\/product_cat?post=16489"},{"taxonomy":"product_tag","embeddable":true,"href":"https:\/\/www.colorflyprinting.com\/es\/wp-json\/wp\/v2\/product_tag?post=16489"}],"curies":[{"name":"wp","href":"https:\/\/api.w.org\/{rel}","templated":true}]}}