{"id":16458,"date":"2025-05-27T06:12:29","date_gmt":"2025-05-27T06:12:29","guid":{"rendered":"https:\/\/www.colorflyprinting.com\/?post_type=product&#038;p=16458"},"modified":"2025-12-02T06:43:53","modified_gmt":"2025-12-02T06:43:53","slug":"5x5mm-square-ruled-register-notebook-bulk-exercise-books","status":"publish","type":"product","link":"https:\/\/www.colorflyprinting.com\/es\/producto\/cuaderno-de-registro-con-cuadricula-de-5-x-5-mm-cuadernos-de-ejercicios-a-granel\/","title":{"rendered":"Cuaderno de registro con cuadr\u00edcula de 5 x 5 mm | Cuadernos de ejercicios al por mayor"},"content":{"rendered":"<div class=\"ife-detail-decorate-table\">\n<table class=\"has-title is-zebra all magic-9\">\n<tbody>\n<tr>\n<td colspan=\"1\" rowspan=\"1\">\n<div class=\"magic-10\" data-spm-anchor-id=\"a2700.details-description.0.i0.cabeA1UvA1Uvnq\">Tama\u00f1o<\/div>\n<\/td>\n<td colspan=\"5\" rowspan=\"1\">\n<div class=\"magic-11\">\n<div data-spm-anchor-id=\"0.0.0.i3.59844f05Z16MVb\">A4 \/ 20x30cm o tama\u00f1o personalizado<\/div>\n<\/div>\n<\/td>\n<\/tr>\n<tr>\n<td colspan=\"1\" rowspan=\"1\">\n<div class=\"magic-10\">P\u00e1ginas<\/div>\n<\/td>\n<td colspan=\"5\" rowspan=\"1\">\n<div class=\"magic-11\">\n<div data-spm-anchor-id=\"0.0.0.i13.59844f05Z16MVb\">200 p\u00e1ginas\/300 p\u00e1ginas\/400 p\u00e1ginas, etc. o personalizado<\/div>\n<\/div>\n<\/td>\n<\/tr>\n<tr>\n<td colspan=\"1\" rowspan=\"1\">\n<div class=\"magic-10\">Vinculante<\/div>\n<\/td>\n<td colspan=\"5\" rowspan=\"1\">\n<div class=\"magic-11\">Encuadernaci\u00f3n perfecta<\/div>\n<\/td>\n<\/tr>\n<tr>\n<td colspan=\"1\" rowspan=\"1\">\n<div class=\"magic-10\">Embalaje<\/div>\n<\/td>\n<td colspan=\"5\" rowspan=\"1\">\n<div class=\"magic-11\">Bolsa retr\u00e1ctil + cajas de cart\u00f3n<\/div>\n<\/td>\n<\/tr>\n<tr>\n<td colspan=\"1\" rowspan=\"1\">\n<div class=\"magic-10\">Cantidad m\u00ednima de pedido<\/div>\n<\/td>\n<td colspan=\"5\" rowspan=\"1\">\n<div class=\"magic-16\">2000 piezas<\/div>\n<\/td>\n<\/tr>\n<\/tbody>\n<\/table>\n<\/div>\n<div class=\"detail-decorate-json-renderer-container\">\n<div class=\"magic-1\">\n<div class=\"magic-2\">\n<div class=\"magic-3\">\n<div><span class=\"magic-17\">*Marca: Colorfly<\/span><\/div>\n<div data-spm-anchor-id=\"a2700.details-description.0.i1.cabeA1UvA1Uvnq\">*Tipo de material: Cart\u00f3n grueso + papel<\/div>\n<div><span class=\"magic-17\">*Estilo: Escuelas\/oficina<\/span><\/div>\n<div><span class=\"magic-17\">*Dise\u00f1o: Dise\u00f1o personalizado disponible.<\/span><\/div>\n<div><span class=\"magic-18\"><span class=\"magic-17\">*Precio: Depende de la cantidad<\/span><\/span><\/div>\n<div data-spm-anchor-id=\"a2700.details-description.0.i2.cabeA1UvA1Uvnq\"><span class=\"magic-18\"><span class=\"magic-17\">* Mano de obra fina<\/span><\/span><\/div>\n<\/div>\n<div data-spm-anchor-id=\"a2700.details-description.0.i2.cabeA1UvA1Uvnq\"><img loading=\"lazy\" decoding=\"async\" class=\"alignnone size-full wp-image-16465\" src=\"https:\/\/www.colorflyprinting.com\/wp-content\/uploads\/2025\/05\/Detail-16.jpg\" alt=\"\" width=\"800\" height=\"600\" srcset=\"https:\/\/www.colorflyprinting.com\/wp-content\/uploads\/2025\/05\/Detail-16.jpg 800w, https:\/\/www.colorflyprinting.com\/wp-content\/uploads\/2025\/05\/Detail-16-400x300.jpg 400w, https:\/\/www.colorflyprinting.com\/wp-content\/uploads\/2025\/05\/Detail-16-768x576.jpg 768w, https:\/\/www.colorflyprinting.com\/wp-content\/uploads\/2025\/05\/Detail-16-16x12.jpg 16w, https:\/\/www.colorflyprinting.com\/wp-content\/uploads\/2025\/05\/Detail-16-430x323.jpg 430w, https:\/\/www.colorflyprinting.com\/wp-content\/uploads\/2025\/05\/Detail-16-700x525.jpg 700w, https:\/\/www.colorflyprinting.com\/wp-content\/uploads\/2025\/05\/Detail-16-150x113.jpg 150w\" sizes=\"auto, (max-width: 800px) 100vw, 800px\" \/><img loading=\"lazy\" decoding=\"async\" class=\"alignnone size-full wp-image-16466\" src=\"https:\/\/www.colorflyprinting.com\/wp-content\/uploads\/2025\/05\/Detail-15.jpg\" alt=\"\" width=\"800\" height=\"800\" srcset=\"https:\/\/www.colorflyprinting.com\/wp-content\/uploads\/2025\/05\/Detail-15.jpg 800w, https:\/\/www.colorflyprinting.com\/wp-content\/uploads\/2025\/05\/Detail-15-300x300.jpg 300w, https:\/\/www.colorflyprinting.com\/wp-content\/uploads\/2025\/05\/Detail-15-150x150.jpg 150w, https:\/\/www.colorflyprinting.com\/wp-content\/uploads\/2025\/05\/Detail-15-768x768.jpg 768w, https:\/\/www.colorflyprinting.com\/wp-content\/uploads\/2025\/05\/Detail-15-12x12.jpg 12w, https:\/\/www.colorflyprinting.com\/wp-content\/uploads\/2025\/05\/Detail-15-430x430.jpg 430w, https:\/\/www.colorflyprinting.com\/wp-content\/uploads\/2025\/05\/Detail-15-700x700.jpg 700w\" sizes=\"auto, (max-width: 800px) 100vw, 800px\" \/><img loading=\"lazy\" decoding=\"async\" class=\"alignnone size-full wp-image-16467\" src=\"https:\/\/www.colorflyprinting.com\/wp-content\/uploads\/2025\/05\/Detail-22-1.jpg\" alt=\"\" width=\"800\" height=\"599\" srcset=\"https:\/\/www.colorflyprinting.com\/wp-content\/uploads\/2025\/05\/Detail-22-1.jpg 800w, https:\/\/www.colorflyprinting.com\/wp-content\/uploads\/2025\/05\/Detail-22-1-400x300.jpg 400w, https:\/\/www.colorflyprinting.com\/wp-content\/uploads\/2025\/05\/Detail-22-1-768x575.jpg 768w, https:\/\/www.colorflyprinting.com\/wp-content\/uploads\/2025\/05\/Detail-22-1-16x12.jpg 16w, https:\/\/www.colorflyprinting.com\/wp-content\/uploads\/2025\/05\/Detail-22-1-430x322.jpg 430w, https:\/\/www.colorflyprinting.com\/wp-content\/uploads\/2025\/05\/Detail-22-1-700x524.jpg 700w, https:\/\/www.colorflyprinting.com\/wp-content\/uploads\/2025\/05\/Detail-22-1-150x112.jpg 150w\" sizes=\"auto, (max-width: 800px) 100vw, 800px\" \/><\/div>\n<\/div>\n<\/div>\n<\/div>","protected":false},"excerpt":{"rendered":"<p>Este cuaderno de registro con cuadr\u00edcula de 5x5 mm est\u00e1 dise\u00f1ado para escribir, realizar c\u00e1lculos y realizar gr\u00e1ficos con precisi\u00f3n. Disponible en 200 o 400 p\u00e1ginas, es ideal tanto para entornos escolares como de oficina. Su formato de cuadr\u00edcula garantiza claridad en asignaturas como matem\u00e1ticas, ciencias e ingenier\u00eda. Su encuadernaci\u00f3n resistente y sus p\u00e1ginas interiores de primera calidad minimizan el corrimiento de la tinta y mejoran la comodidad al escribir. Ya sea distribuidor de papeler\u00eda, proveedor educativo o empresario que busca grandes ofertas, este cuaderno ofrece una excelente relaci\u00f3n calidad-precio. Disponemos de opciones de personalizaci\u00f3n para el logotipo y la portada para impulsar la visibilidad de su marca. Perfecto para pedidos B2B que buscan calidad, fiabilidad y precios competitivos.<\/p>\n<ul>\n<li><strong>Proveedor:<\/strong> Impresi\u00f3n a color<\/li>\n<li><strong data-start=\"538\" data-end=\"547\">Tama\u00f1o:<\/strong> A4 \/ 20x30cm o tama\u00f1o personalizado<\/li>\n<li><strong data-start=\"567\" data-end=\"586\">Material de la cubierta:<\/strong> Cart\u00f3n, etc.<\/li>\n<li><strong>Logo:<\/strong> Aceptar logotipo personalizado<\/li>\n<li><strong data-start=\"637\" data-end=\"647\">P\u00e1ginas:<\/strong> 200 \/ 300 \/ 400 p\u00e1ginas (personalizables)<\/li>\n<li><strong data-start=\"689\" data-end=\"705\">Papel interior:<\/strong> Papel sin pasta mec\u00e1nica de 55\u201370 g\/m\u00b2, rayado simple o doble<\/li>\n<li><strong data-start=\"764\" data-end=\"782\">Estilo de encuadernaci\u00f3n:<\/strong> Encuadernaci\u00f3n perfecta<\/li>\n<li><strong data-start=\"826\" data-end=\"839\">Impresi\u00f3n:<\/strong> Impresi\u00f3n de logotipo personalizado disponible en la portada y p\u00e1ginas interiores.<\/li>\n<li><strong data-start=\"897\" data-end=\"911\">Embalaje:<\/strong> Cajas de exportaci\u00f3n est\u00e1ndar o seg\u00fan solicitud del cliente.<\/li>\n<li><strong data-start=\"965\" data-end=\"983\">Personalizaci\u00f3n:<\/strong> Soporte OEM\/ODM con MOQ flexible<\/li>\n<li><strong data-start=\"1022\" data-end=\"1039\">Aplicaciones:<\/strong> Adecuado para escuelas, universidades, licitaciones gubernamentales y proveedores educativos.<\/li>\n<\/ul>","protected":false},"featured_media":16463,"comment_status":"open","ping_status":"closed","template":"","meta":[],"product_brand":[],"product_cat":[449],"product_tag":[703,702,701,704],"class_list":{"0":"post-16458","1":"product","2":"type-product","3":"status-publish","4":"has-post-thumbnail","6":"product_cat-hardcover-notebook","7":"product_tag-200pages-400pages-register-note-book","8":"product_tag-5x5mm-square-ruled-exercise-books","9":"product_tag-note-book","10":"product_tag-register-book","12":"first","13":"instock","14":"shipping-taxable","15":"product-type-simple"},"yoast_head":"<!-- This site is optimized with the Yoast SEO Premium plugin v23.9 (Yoast SEO v25.2) - https:\/\/yoast.com\/wordpress\/plugins\/seo\/ -->\n<title>5x5mm Square Ruled Register Notebook | Bulk Exercise Books<\/title>\n<meta name=\"description\" content=\"Shop high-quality 5x5mm square ruled register notebooks with 200 or 400 pages. Ideal for school or office use. Bulk pricing for wholesalers and B2B buyers.\" \/>\n<meta name=\"robots\" content=\"index, follow, max-snippet:-1, max-image-preview:large, max-video-preview:-1\" \/>\n<link rel=\"canonical\" href=\"https:\/\/www.colorflyprinting.com\/es\/producto\/cuaderno-de-registro-con-cuadricula-de-5-x-5-mm-cuadernos-de-ejercicios-a-granel\/\" \/>\n<meta property=\"og:locale\" content=\"es_ES\" \/>\n<meta property=\"og:type\" content=\"article\" \/>\n<meta property=\"og:title\" content=\"5x5mm Square Ruled Register Notebook | Bulk Exercise Books\" \/>\n<meta property=\"og:description\" content=\"Shop high-quality 5x5mm square ruled register notebooks with 200 or 400 pages. Ideal for school or office use. Bulk pricing for wholesalers and B2B buyers.\" \/>\n<meta property=\"og:url\" content=\"https:\/\/www.colorflyprinting.com\/es\/producto\/cuaderno-de-registro-con-cuadricula-de-5-x-5-mm-cuadernos-de-ejercicios-a-granel\/\" \/>\n<meta property=\"og:site_name\" content=\"colorflyprinting\" \/>\n<meta property=\"article:modified_time\" content=\"2025-12-02T06:43:53+00:00\" \/>\n<meta property=\"og:image\" content=\"https:\/\/www.colorflyprinting.com\/wp-content\/uploads\/2025\/05\/Main-06-15.jpg\" \/>\n\t<meta property=\"og:image:width\" content=\"750\" \/>\n\t<meta property=\"og:image:height\" content=\"750\" \/>\n\t<meta property=\"og:image:type\" content=\"image\/jpeg\" \/>\n<meta name=\"twitter:card\" content=\"summary_large_image\" \/>\n<script type=\"application\/ld+json\" class=\"yoast-schema-graph\">{\"@context\":\"https:\/\/schema.org\",\"@graph\":[{\"@type\":\"WebPage\",\"@id\":\"https:\/\/www.colorflyprinting.com\/product\/5x5mm-square-ruled-register-notebook-bulk-exercise-books\/\",\"url\":\"https:\/\/www.colorflyprinting.com\/product\/5x5mm-square-ruled-register-notebook-bulk-exercise-books\/\",\"name\":\"5x5mm Square Ruled Register Notebook | Bulk Exercise Books\",\"isPartOf\":{\"@id\":\"https:\/\/www.colorflyprinting.com\/#website\"},\"primaryImageOfPage\":{\"@id\":\"https:\/\/www.colorflyprinting.com\/product\/5x5mm-square-ruled-register-notebook-bulk-exercise-books\/#primaryimage\"},\"image\":{\"@id\":\"https:\/\/www.colorflyprinting.com\/product\/5x5mm-square-ruled-register-notebook-bulk-exercise-books\/#primaryimage\"},\"thumbnailUrl\":\"https:\/\/www.colorflyprinting.com\/wp-content\/uploads\/2025\/05\/Main-06-15.jpg\",\"datePublished\":\"2025-05-27T06:12:29+00:00\",\"dateModified\":\"2025-12-02T06:43:53+00:00\",\"description\":\"Shop high-quality 5x5mm square ruled register notebooks with 200 or 400 pages. Ideal for school or office use. Bulk pricing for wholesalers and B2B buyers.\",\"breadcrumb\":{\"@id\":\"https:\/\/www.colorflyprinting.com\/product\/5x5mm-square-ruled-register-notebook-bulk-exercise-books\/#breadcrumb\"},\"inLanguage\":\"es-CR\",\"potentialAction\":[{\"@type\":\"ReadAction\",\"target\":[\"https:\/\/www.colorflyprinting.com\/product\/5x5mm-square-ruled-register-notebook-bulk-exercise-books\/\"]}]},{\"@type\":\"ImageObject\",\"inLanguage\":\"es-CR\",\"@id\":\"https:\/\/www.colorflyprinting.com\/product\/5x5mm-square-ruled-register-notebook-bulk-exercise-books\/#primaryimage\",\"url\":\"https:\/\/www.colorflyprinting.com\/wp-content\/uploads\/2025\/05\/Main-06-15.jpg\",\"contentUrl\":\"https:\/\/www.colorflyprinting.com\/wp-content\/uploads\/2025\/05\/Main-06-15.jpg\",\"width\":750,\"height\":750},{\"@type\":\"BreadcrumbList\",\"@id\":\"https:\/\/www.colorflyprinting.com\/product\/5x5mm-square-ruled-register-notebook-bulk-exercise-books\/#breadcrumb\",\"itemListElement\":[{\"@type\":\"ListItem\",\"position\":1,\"name\":\"Home\",\"item\":\"https:\/\/www.colorflyprinting.com\/\"},{\"@type\":\"ListItem\",\"position\":2,\"name\":\"Product\",\"item\":\"https:\/\/www.colorflyprinting.com\/shop\/\"},{\"@type\":\"ListItem\",\"position\":3,\"name\":\"5x5mm Square Ruled Register Notebook | Bulk Exercise Books\"}]},{\"@type\":\"WebSite\",\"@id\":\"https:\/\/www.colorflyprinting.com\/#website\",\"url\":\"https:\/\/www.colorflyprinting.com\/\",\"name\":\"Hefei Colorfly Stationery Co.,Ltd.\",\"description\":\"\",\"publisher\":{\"@id\":\"https:\/\/www.colorflyprinting.com\/#organization\"},\"potentialAction\":[{\"@type\":\"SearchAction\",\"target\":{\"@type\":\"EntryPoint\",\"urlTemplate\":\"https:\/\/www.colorflyprinting.com\/?s={search_term_string}\"},\"query-input\":{\"@type\":\"PropertyValueSpecification\",\"valueRequired\":true,\"valueName\":\"search_term_string\"}}],\"inLanguage\":\"es-CR\"},{\"@type\":\"Organization\",\"@id\":\"https:\/\/www.colorflyprinting.com\/#organization\",\"name\":\"Hefei Colorfly Stationery Co.,Ltd.\",\"url\":\"https:\/\/www.colorflyprinting.com\/\",\"logo\":{\"@type\":\"ImageObject\",\"inLanguage\":\"es-CR\",\"@id\":\"https:\/\/www.colorflyprinting.com\/#\/schema\/logo\/image\/\",\"url\":\"https:\/\/www.colorflyprinting.com\/wp-content\/uploads\/2025\/04\/d167665f943610681229e2f4307b9df.jpg\",\"contentUrl\":\"https:\/\/www.colorflyprinting.com\/wp-content\/uploads\/2025\/04\/d167665f943610681229e2f4307b9df.jpg\",\"width\":780,\"height\":780,\"caption\":\"Hefei Colorfly Stationery Co.,Ltd.\"},\"image\":{\"@id\":\"https:\/\/www.colorflyprinting.com\/#\/schema\/logo\/image\/\"}}]}<\/script>\n<!-- \/ Yoast SEO Premium plugin. -->","yoast_head_json":{"title":"5x5mm Square Ruled Register Notebook | Bulk Exercise Books","description":"Shop high-quality 5x5mm square ruled register notebooks with 200 or 400 pages. Ideal for school or office use. Bulk pricing for wholesalers and B2B buyers.","robots":{"index":"index","follow":"follow","max-snippet":"max-snippet:-1","max-image-preview":"max-image-preview:large","max-video-preview":"max-video-preview:-1"},"canonical":"https:\/\/www.colorflyprinting.com\/es\/producto\/cuaderno-de-registro-con-cuadricula-de-5-x-5-mm-cuadernos-de-ejercicios-a-granel\/","og_locale":"es_ES","og_type":"article","og_title":"5x5mm Square Ruled Register Notebook | Bulk Exercise Books","og_description":"Shop high-quality 5x5mm square ruled register notebooks with 200 or 400 pages. Ideal for school or office use. Bulk pricing for wholesalers and B2B buyers.","og_url":"https:\/\/www.colorflyprinting.com\/es\/producto\/cuaderno-de-registro-con-cuadricula-de-5-x-5-mm-cuadernos-de-ejercicios-a-granel\/","og_site_name":"colorflyprinting","article_modified_time":"2025-12-02T06:43:53+00:00","og_image":[{"width":750,"height":750,"url":"https:\/\/www.colorflyprinting.com\/wp-content\/uploads\/2025\/05\/Main-06-15.jpg","type":"image\/jpeg"}],"twitter_card":"summary_large_image","schema":{"@context":"https:\/\/schema.org","@graph":[{"@type":"WebPage","@id":"https:\/\/www.colorflyprinting.com\/product\/5x5mm-square-ruled-register-notebook-bulk-exercise-books\/","url":"https:\/\/www.colorflyprinting.com\/product\/5x5mm-square-ruled-register-notebook-bulk-exercise-books\/","name":"5x5mm Square Ruled Register Notebook | Bulk Exercise Books","isPartOf":{"@id":"https:\/\/www.colorflyprinting.com\/#website"},"primaryImageOfPage":{"@id":"https:\/\/www.colorflyprinting.com\/product\/5x5mm-square-ruled-register-notebook-bulk-exercise-books\/#primaryimage"},"image":{"@id":"https:\/\/www.colorflyprinting.com\/product\/5x5mm-square-ruled-register-notebook-bulk-exercise-books\/#primaryimage"},"thumbnailUrl":"https:\/\/www.colorflyprinting.com\/wp-content\/uploads\/2025\/05\/Main-06-15.jpg","datePublished":"2025-05-27T06:12:29+00:00","dateModified":"2025-12-02T06:43:53+00:00","description":"Shop high-quality 5x5mm square ruled register notebooks with 200 or 400 pages. Ideal for school or office use. Bulk pricing for wholesalers and B2B buyers.","breadcrumb":{"@id":"https:\/\/www.colorflyprinting.com\/product\/5x5mm-square-ruled-register-notebook-bulk-exercise-books\/#breadcrumb"},"inLanguage":"es-CR","potentialAction":[{"@type":"ReadAction","target":["https:\/\/www.colorflyprinting.com\/product\/5x5mm-square-ruled-register-notebook-bulk-exercise-books\/"]}]},{"@type":"ImageObject","inLanguage":"es-CR","@id":"https:\/\/www.colorflyprinting.com\/product\/5x5mm-square-ruled-register-notebook-bulk-exercise-books\/#primaryimage","url":"https:\/\/www.colorflyprinting.com\/wp-content\/uploads\/2025\/05\/Main-06-15.jpg","contentUrl":"https:\/\/www.colorflyprinting.com\/wp-content\/uploads\/2025\/05\/Main-06-15.jpg","width":750,"height":750},{"@type":"BreadcrumbList","@id":"https:\/\/www.colorflyprinting.com\/product\/5x5mm-square-ruled-register-notebook-bulk-exercise-books\/#breadcrumb","itemListElement":[{"@type":"ListItem","position":1,"name":"Home","item":"https:\/\/www.colorflyprinting.com\/"},{"@type":"ListItem","position":2,"name":"Product","item":"https:\/\/www.colorflyprinting.com\/shop\/"},{"@type":"ListItem","position":3,"name":"5x5mm Square Ruled Register Notebook | Bulk Exercise Books"}]},{"@type":"WebSite","@id":"https:\/\/www.colorflyprinting.com\/#website","url":"https:\/\/www.colorflyprinting.com\/","name":"Hefei Colorfly Stationery Co.,Ltd.","description":"","publisher":{"@id":"https:\/\/www.colorflyprinting.com\/#organization"},"potentialAction":[{"@type":"SearchAction","target":{"@type":"EntryPoint","urlTemplate":"https:\/\/www.colorflyprinting.com\/?s={search_term_string}"},"query-input":{"@type":"PropertyValueSpecification","valueRequired":true,"valueName":"search_term_string"}}],"inLanguage":"es-CR"},{"@type":"Organization","@id":"https:\/\/www.colorflyprinting.com\/#organization","name":"Hefei Colorfly Stationery Co.,Ltd.","url":"https:\/\/www.colorflyprinting.com\/","logo":{"@type":"ImageObject","inLanguage":"es-CR","@id":"https:\/\/www.colorflyprinting.com\/#\/schema\/logo\/image\/","url":"https:\/\/www.colorflyprinting.com\/wp-content\/uploads\/2025\/04\/d167665f943610681229e2f4307b9df.jpg","contentUrl":"https:\/\/www.colorflyprinting.com\/wp-content\/uploads\/2025\/04\/d167665f943610681229e2f4307b9df.jpg","width":780,"height":780,"caption":"Hefei Colorfly Stationery Co.,Ltd."},"image":{"@id":"https:\/\/www.colorflyprinting.com\/#\/schema\/logo\/image\/"}}]}},"_links":{"self":[{"href":"https:\/\/www.colorflyprinting.com\/es\/wp-json\/wp\/v2\/product\/16458","targetHints":{"allow":["GET"]}}],"collection":[{"href":"https:\/\/www.colorflyprinting.com\/es\/wp-json\/wp\/v2\/product"}],"about":[{"href":"https:\/\/www.colorflyprinting.com\/es\/wp-json\/wp\/v2\/types\/product"}],"replies":[{"embeddable":true,"href":"https:\/\/www.colorflyprinting.com\/es\/wp-json\/wp\/v2\/comments?post=16458"}],"wp:featuredmedia":[{"embeddable":true,"href":"https:\/\/www.colorflyprinting.com\/es\/wp-json\/wp\/v2\/media\/16463"}],"wp:attachment":[{"href":"https:\/\/www.colorflyprinting.com\/es\/wp-json\/wp\/v2\/media?parent=16458"}],"wp:term":[{"taxonomy":"product_brand","embeddable":true,"href":"https:\/\/www.colorflyprinting.com\/es\/wp-json\/wp\/v2\/product_brand?post=16458"},{"taxonomy":"product_cat","embeddable":true,"href":"https:\/\/www.colorflyprinting.com\/es\/wp-json\/wp\/v2\/product_cat?post=16458"},{"taxonomy":"product_tag","embeddable":true,"href":"https:\/\/www.colorflyprinting.com\/es\/wp-json\/wp\/v2\/product_tag?post=16458"}],"curies":[{"name":"wp","href":"https:\/\/api.w.org\/{rel}","templated":true}]}}