{"id":15748,"date":"2025-05-22T07:17:57","date_gmt":"2025-05-22T07:17:57","guid":{"rendered":"https:\/\/www.colorflyprinting.com\/?post_type=product&#038;p=15748"},"modified":"2025-12-02T06:08:24","modified_gmt":"2025-12-02T06:08:24","slug":"a4-2-quire-counter-book-wholesale-custom-school-notebook","status":"publish","type":"product","link":"https:\/\/www.colorflyprinting.com\/es\/producto\/libreta-de-notas-a4-de-2-hojas-al-por-mayor-personalizada-para-la-escuela\/","title":{"rendered":"Libreta de mostrador A4 de 2 cuadernillos al por mayor | Cuaderno escolar personalizado"},"content":{"rendered":"<table class=\"has-title all magic-1\">\n<tbody>\n<tr>\n<td colspan=\"1\" rowspan=\"1\">\n<div class=\"magic-2\"><span class=\"magic-3\" style=\"font-family: Arial;\" data-spm-anchor-id=\"a2700.details-description.0.i0.6864tJ9ytJ9ypq\">Nombre del producto<\/span><\/div>\n<\/td>\n<td colspan=\"5\" rowspan=\"1\">\n<div class=\"magic-4\">\n<div data-spm-anchor-id=\"0.0.0.i3.59844f05Z16MVb\">Libro de mostrador con dise\u00f1o personalizado A4\/A5<\/div>\n<\/div>\n<\/td>\n<\/tr>\n<tr>\n<td colspan=\"1\" rowspan=\"1\">\n<div class=\"magic-2\"><span style=\"font-family: Arial;\">Hojas<\/span><\/div>\n<\/td>\n<td colspan=\"5\" rowspan=\"1\">\n<div class=\"magic-4\">\n<div data-spm-anchor-id=\"0.0.0.i13.59844f05Z16MVb\">48\/96\/144\/192 hojas o personalizadas<\/div>\n<\/div>\n<\/td>\n<\/tr>\n<tr>\n<td colspan=\"1\" rowspan=\"1\">\n<div class=\"magic-2\"><span class=\"magic-3\" style=\"font-family: Arial;\">Vinculante<\/span><\/div>\n<\/td>\n<td colspan=\"5\" rowspan=\"1\">\n<div class=\"magic-4\">Encuadernaci\u00f3n con costura\/Encuadernaci\u00f3n con grapas\/Encuadernaci\u00f3n con pegamento<\/div>\n<\/td>\n<\/tr>\n<tr>\n<td colspan=\"1\" rowspan=\"1\">\n<div class=\"magic-2\"><span class=\"magic-3\" style=\"font-family: Arial;\">Cantidad m\u00ednima de pedido<\/span><\/div>\n<\/td>\n<td colspan=\"5\" rowspan=\"1\">\n<div class=\"magic-4\">contenedor de 20 pies<\/div>\n<\/td>\n<\/tr>\n<tr>\n<td colspan=\"1\" rowspan=\"1\">\n<div class=\"magic-2\"><span class=\"magic-10\"><span class=\"magic-3\" style=\"font-family: Arial;\">Material de la cubierta\u00a0<\/span><\/span><\/div>\n<\/td>\n<td colspan=\"5\" rowspan=\"1\">\n<div class=\"magic-11\"><span class=\"magic-12\"><span class=\"magic-13\" data-spm-anchor-id=\"0.0.0.i17.659c4f05hpTzMY\"><span class=\"magic-6 magic-13\" data-spm-anchor-id=\"0.0.0.i10.659c4f05hpTzMY\">Papel de arte (papel brillante)<\/span>\u00a0<\/span><\/span><b class=\"magic-14\" data-spm-anchor-id=\"0.0.0.i2.659c4f05hpTzMY\">\/\u00a0<\/b><span class=\"magic-12\" data-spm-anchor-id=\"0.0.0.i2.659c4f05hpTzMY\">Tablero de marfil<\/span><span class=\"magic-15\">\u00a0\/<span data-spm-anchor-id=\"a2700.siteadmin.0.i5.5fb7ac40eucAmy\">\u00a0<\/span><\/span><span class=\"magic-16\" data-spm-anchor-id=\"0.0.0.i11.659c4f05hpTzMY\"><span class=\"magic-17\" data-spm-anchor-id=\"0.0.0.i5.659c4f05Mw08yR\"><span class=\"magic-18\">P\u00c1GINAS<\/span><\/span><\/span><b class=\"magic-14\" data-spm-anchor-id=\"0.0.0.i12.659c4f05hpTzMY\"><span data-spm-anchor-id=\"a2700.siteadmin.0.i4.5fb7ac40eucAmy\">\u00a0<\/span><\/b><span class=\"magic-15\" data-spm-anchor-id=\"a2700.siteadmin.0.i3.5fb7ac40eucAmy\">\/ Cart\u00f3n gris de 2 mm<\/span><\/div>\n<\/td>\n<\/tr>\n<tr>\n<td colspan=\"1\" rowspan=\"1\">\n<div class=\"magic-2\"><span class=\"magic-10\"><span class=\"magic-3\" style=\"font-family: Arial;\">Dise\u00f1o de portada<\/span><\/span><\/div>\n<\/td>\n<td colspan=\"5\" rowspan=\"1\">\n<div class=\"magic-11\"><span class=\"magic-15\">Acepta tu logotipo y dise\u00f1o con impresi\u00f3n a todo color.<\/span><\/div>\n<\/td>\n<\/tr>\n<tr>\n<td colspan=\"1\" rowspan=\"1\">\n<div class=\"magic-2\"><span class=\"magic-10\"><span class=\"magic-3\" style=\"font-family: Arial;\">Interior impreso<\/span><\/span><\/div>\n<\/td>\n<td colspan=\"5\" rowspan=\"1\">\n<div class=\"magic-11\"><span class=\"magic-16\" data-spm-anchor-id=\"0.0.0.i3.659c4f052ECamY\"><span data-spm-anchor-id=\"a2700.siteadmin.0.i5.1b1eac40c7SirH\"><span class=\"magic-6 magic-17\" data-spm-anchor-id=\"0.0.0.i4.659c4f05Aw8tDS\"><span class=\"magic-17\" data-spm-anchor-id=\"0.0.0.i2.659c4f052ECamY\"><span class=\"magic-18\">L\u00ednea gobernante (simple)<\/span><\/span><\/span>\u00a0<\/span><\/span><span class=\"magic-15\" data-spm-anchor-id=\"a2700.siteadmin.0.i4.1b1eac40c7SirH\">\/\u00a0<\/span><span class=\"magic-6 magic-12\" data-spm-anchor-id=\"0.0.0.i2.659c4f057mTM3v\">L\u00ednea francesa<\/span><span class=\"magic-15\">\u00a0\/\u00a0<\/span><span class=\"magic-12\" data-spm-anchor-id=\"0.0.0.i1.659c4f05Mw08yR\">l\u00ednea \u00e1rabe<\/span><span class=\"magic-15\">\u00a0\/<\/span><span class=\"magic-16\"><span class=\"magic-25\" data-spm-anchor-id=\"a2700.siteadmin.0.i2.1b1eac40c7SirH\"><b>\u00a0<\/b><\/span><span class=\"magic-17\"><span data-spm-anchor-id=\"a2700.siteadmin.0.i9.5fb7ac40eucAmy\">Al cuadrado<\/span><span class=\"magic-26\" data-spm-anchor-id=\"0.0.0.i5.659c4f05Aw8tDS\">\u00a0<\/span><\/span><\/span><span class=\"magic-15\">\/ Doble l\u00ednea\/ 4 l\u00edneas en ingl\u00e9s<\/span><\/div>\n<\/td>\n<\/tr>\n<tr>\n<td colspan=\"1\" rowspan=\"1\">\n<div class=\"magic-2\"><span class=\"magic-10\"><span class=\"magic-3\" style=\"font-family: Arial;\">Uso<\/span><\/span><\/div>\n<\/td>\n<td colspan=\"5\" rowspan=\"1\">\n<div class=\"magic-11\"><span class=\"magic-15\">Escuela \/ Oficina \/ Regalo<\/span><\/div>\n<\/td>\n<\/tr>\n<tr>\n<td colspan=\"1\" rowspan=\"1\">\n<div class=\"magic-2\"><span class=\"magic-10\"><span class=\"magic-3\" style=\"font-family: Arial;\">Embalaje<\/span><\/span><\/div>\n<\/td>\n<td colspan=\"5\" rowspan=\"1\">\n<div class=\"magic-11\"><span class=\"magic-15\" data-spm-anchor-id=\"0.0.0.i15.59844f05Y46zmD\">Bolsa retr\u00e1ctil y caja de cart\u00f3n de exportaci\u00f3n est\u00e1ndar<\/span><\/div>\n<\/td>\n<\/tr>\n<tr>\n<td colspan=\"1\" rowspan=\"1\">\n<div class=\"magic-2\"><span class=\"magic-10\"><span class=\"magic-3\" style=\"font-family: Arial;\">C\u00f3digo HS<\/span><\/span><\/div>\n<\/td>\n<td colspan=\"3\" rowspan=\"1\">\n<div class=\"magic-11\">\n<div class=\"magic-27\" data-spm-anchor-id=\"0.0.0.i74.59844f05QhGJ25\">48202000<\/div>\n<\/div>\n<\/td>\n<\/tr>\n<tr>\n<td colspan=\"1\" rowspan=\"1\">\n<div class=\"magic-2\"><span class=\"magic-10\"><span class=\"magic-3\" style=\"font-family: Arial;\">Tiempo de Sameple<\/span><\/span><\/div>\n<\/td>\n<td colspan=\"5\" rowspan=\"1\">\n<div class=\"magic-11\"><span class=\"magic-15\">La muestra es gratuita y se la enviaremos solo un d\u00eda despu\u00e9s de confirmar las especificaciones.<\/span><\/div>\n<\/td>\n<\/tr>\n<tr>\n<td colspan=\"1\" rowspan=\"1\">\n<div class=\"magic-2\"><span class=\"magic-3\" style=\"font-family: Arial;\">Detalles de la entrega<\/span><\/div>\n<\/td>\n<td colspan=\"5\" rowspan=\"1\">\n<div class=\"magic-11\">Alrededor de 25 d\u00edas despu\u00e9s de recibir su dep\u00f3sito.<\/div>\n<\/td>\n<\/tr>\n<\/tbody>\n<\/table>\n<p>&nbsp;<\/p>\n<p><img loading=\"lazy\" decoding=\"async\" class=\"alignnone size-large wp-image-15739\" src=\"https:\/\/www.colorflyprinting.com\/wp-content\/uploads\/2025\/05\/Detail-22-599x800.jpg\" alt=\"\" width=\"599\" height=\"800\" srcset=\"https:\/\/www.colorflyprinting.com\/wp-content\/uploads\/2025\/05\/Detail-22-599x800.jpg 599w, https:\/\/www.colorflyprinting.com\/wp-content\/uploads\/2025\/05\/Detail-22-225x300.jpg 225w, https:\/\/www.colorflyprinting.com\/wp-content\/uploads\/2025\/05\/Detail-22-768x1025.jpg 768w, https:\/\/www.colorflyprinting.com\/wp-content\/uploads\/2025\/05\/Detail-22-9x12.jpg 9w, https:\/\/www.colorflyprinting.com\/wp-content\/uploads\/2025\/05\/Detail-22-430x574.jpg 430w, https:\/\/www.colorflyprinting.com\/wp-content\/uploads\/2025\/05\/Detail-22-700x935.jpg 700w, https:\/\/www.colorflyprinting.com\/wp-content\/uploads\/2025\/05\/Detail-22-150x200.jpg 150w, https:\/\/www.colorflyprinting.com\/wp-content\/uploads\/2025\/05\/Detail-22.jpg 800w\" sizes=\"auto, (max-width: 599px) 100vw, 599px\" \/><img loading=\"lazy\" decoding=\"async\" class=\"alignnone size-full wp-image-15740\" src=\"https:\/\/www.colorflyprinting.com\/wp-content\/uploads\/2025\/05\/Detail-20.jpg\" alt=\"\" width=\"800\" height=\"599\" srcset=\"https:\/\/www.colorflyprinting.com\/wp-content\/uploads\/2025\/05\/Detail-20.jpg 800w, https:\/\/www.colorflyprinting.com\/wp-content\/uploads\/2025\/05\/Detail-20-400x300.jpg 400w, https:\/\/www.colorflyprinting.com\/wp-content\/uploads\/2025\/05\/Detail-20-768x575.jpg 768w, https:\/\/www.colorflyprinting.com\/wp-content\/uploads\/2025\/05\/Detail-20-16x12.jpg 16w, https:\/\/www.colorflyprinting.com\/wp-content\/uploads\/2025\/05\/Detail-20-430x322.jpg 430w, https:\/\/www.colorflyprinting.com\/wp-content\/uploads\/2025\/05\/Detail-20-700x524.jpg 700w, https:\/\/www.colorflyprinting.com\/wp-content\/uploads\/2025\/05\/Detail-20-150x112.jpg 150w\" sizes=\"auto, (max-width: 800px) 100vw, 800px\" \/><\/p>","protected":false},"excerpt":{"rendered":"<p data-start=\"477\" data-end=\"878\">Este <strong data-start=\"482\" data-end=\"509\">Libro de mostrador A4 de 2 cuadernillos<\/strong> Est\u00e1 dise\u00f1ado para el uso diario en la escuela y la oficina. Con <strong data-start=\"560\" data-end=\"584\">encuadernaci\u00f3n con cinta duradera<\/strong>, <strong data-start=\"586\" data-end=\"602\">cubierta fuerte<\/strong>, y <strong data-start=\"608\" data-end=\"638\">128\u2013144 p\u00e1ginas de alta calidad<\/strong>Ofrece un rendimiento duradero en entornos acad\u00e9micos. Popular en \u00c1frica y Oriente Medio, este libro de contabilidad est\u00e1 dise\u00f1ado para... <strong data-start=\"774\" data-end=\"789\">pedidos al por mayor<\/strong>, convirti\u00e9ndolo en una opci\u00f3n confiable para mayoristas, importadores y distribuidores de \u00fatiles escolares.<\/p>\n<p data-start=\"880\" data-end=\"1132\">Puede <strong data-start=\"888\" data-end=\"935\">Personaliza la portada, el estilo de l\u00ednea y el logotipo.<\/strong>, compatible con embalajes OEM y de marca blanca. Fabricado a precios directos de fabricante, este producto combina <strong data-start=\"1049\" data-end=\"1083\">asequibilidad y practicidad<\/strong>, perfecto para licitaciones o contratos de material escolar.<\/p>\n<p data-start=\"1134\" data-end=\"1199\"><a href=\"https:\/\/www.colorflyprinting.com\/es\/contactanos\/\">Solicita tu <strong data-start=\"1147\" data-end=\"1162\">muestra gratis<\/strong> hoy y obtenga soporte de env\u00edo r\u00e1pido.<\/a><\/p>\n<ul>\n<li><strong>Proveedor:<\/strong> Impresi\u00f3n a color<\/li>\n<li><strong data-start=\"538\" data-end=\"547\">Tama\u00f1o:<\/strong> A4 (210\u00d7297 mm)<\/li>\n<li><strong data-start=\"567\" data-end=\"586\">Material de la cubierta:<\/strong> Tapa dura r\u00edgida con encuadernaci\u00f3n con cinta reforzada.<\/li>\n<li><strong data-start=\"637\" data-end=\"647\">P\u00e1ginas:<\/strong> 48\/96\/144\/192 Hojas (personalizables)<\/li>\n<li><strong data-start=\"689\" data-end=\"705\">Papel interior:<\/strong> Papel sin pasta mec\u00e1nica de 55\u201370 g\/m\u00b2, rayado simple o doble<\/li>\n<li><strong data-start=\"764\" data-end=\"782\">Estilo de encuadernaci\u00f3n:<\/strong> Cinta de lomo resistente para mayor durabilidad<\/li>\n<li><strong data-start=\"826\" data-end=\"839\">Impresi\u00f3n:<\/strong> Impresi\u00f3n de logotipo personalizado disponible en la portada y p\u00e1ginas interiores.<\/li>\n<li><strong data-start=\"897\" data-end=\"911\">Embalaje:<\/strong> Cajas de exportaci\u00f3n est\u00e1ndar o seg\u00fan solicitud del cliente.<\/li>\n<li><strong data-start=\"965\" data-end=\"983\">Personalizaci\u00f3n:<\/strong> Soporte OEM\/ODM con MOQ flexible<\/li>\n<li><strong data-start=\"1022\" data-end=\"1039\">Aplicaciones:<\/strong> Adecuado para escuelas, universidades, licitaciones gubernamentales y proveedores educativos.<\/li>\n<\/ul>","protected":false},"featured_media":18773,"comment_status":"open","ping_status":"closed","template":"","meta":[],"product_brand":[],"product_cat":[449],"product_tag":[691,692],"class_list":{"0":"post-15748","1":"product","2":"type-product","3":"status-publish","4":"has-post-thumbnail","6":"product_cat-hardcover-notebook","7":"product_tag-counter-book-a4","8":"product_tag-hardcover-notebooks-for-school","10":"first","11":"instock","12":"shipping-taxable","13":"product-type-simple"},"yoast_head":"<!-- This site is optimized with the Yoast SEO Premium plugin v23.9 (Yoast SEO v25.2) - https:\/\/yoast.com\/wordpress\/plugins\/seo\/ -->\n<title>A4 2 Quire Counter Book Wholesale | Custom School Notebook<\/title>\n<meta name=\"description\" content=\"Get manufacturer price on custom A4 2 Quire Counter Books. Ideal for schools and wholesale buyers. Strong binding, durable cover, OEM logo &amp; fast delivery.\" \/>\n<meta name=\"robots\" content=\"index, follow, max-snippet:-1, max-image-preview:large, max-video-preview:-1\" \/>\n<link rel=\"canonical\" href=\"https:\/\/www.colorflyprinting.com\/es\/producto\/libreta-de-notas-a4-de-2-hojas-al-por-mayor-personalizada-para-la-escuela\/\" \/>\n<meta property=\"og:locale\" content=\"es_ES\" \/>\n<meta property=\"og:type\" content=\"article\" \/>\n<meta property=\"og:title\" content=\"A4 2 Quire Counter Book Wholesale | Custom School Notebook\" \/>\n<meta property=\"og:description\" content=\"Get manufacturer price on custom A4 2 Quire Counter Books. Ideal for schools and wholesale buyers. Strong binding, durable cover, OEM logo &amp; fast delivery.\" \/>\n<meta property=\"og:url\" content=\"https:\/\/www.colorflyprinting.com\/es\/producto\/libreta-de-notas-a4-de-2-hojas-al-por-mayor-personalizada-para-la-escuela\/\" \/>\n<meta property=\"og:site_name\" content=\"colorflyprinting\" \/>\n<meta property=\"article:modified_time\" content=\"2025-12-02T06:08:24+00:00\" \/>\n<meta property=\"og:image\" content=\"https:\/\/www.colorflyprinting.com\/wp-content\/uploads\/2025\/05\/Main-03-12-1.jpg\" \/>\n\t<meta property=\"og:image:width\" content=\"700\" \/>\n\t<meta property=\"og:image:height\" content=\"700\" \/>\n\t<meta property=\"og:image:type\" content=\"image\/jpeg\" \/>\n<meta name=\"twitter:card\" content=\"summary_large_image\" \/>\n<script type=\"application\/ld+json\" class=\"yoast-schema-graph\">{\"@context\":\"https:\/\/schema.org\",\"@graph\":[{\"@type\":\"WebPage\",\"@id\":\"https:\/\/www.colorflyprinting.com\/product\/a4-2-quire-counter-book-wholesale-custom-school-notebook\/\",\"url\":\"https:\/\/www.colorflyprinting.com\/product\/a4-2-quire-counter-book-wholesale-custom-school-notebook\/\",\"name\":\"A4 2 Quire Counter Book Wholesale | Custom School Notebook\",\"isPartOf\":{\"@id\":\"https:\/\/www.colorflyprinting.com\/#website\"},\"primaryImageOfPage\":{\"@id\":\"https:\/\/www.colorflyprinting.com\/product\/a4-2-quire-counter-book-wholesale-custom-school-notebook\/#primaryimage\"},\"image\":{\"@id\":\"https:\/\/www.colorflyprinting.com\/product\/a4-2-quire-counter-book-wholesale-custom-school-notebook\/#primaryimage\"},\"thumbnailUrl\":\"https:\/\/www.colorflyprinting.com\/wp-content\/uploads\/2025\/05\/Main-03-12-1.jpg\",\"datePublished\":\"2025-05-22T07:17:57+00:00\",\"dateModified\":\"2025-12-02T06:08:24+00:00\",\"description\":\"Get manufacturer price on custom A4 2 Quire Counter Books. Ideal for schools and wholesale buyers. Strong binding, durable cover, OEM logo & fast delivery.\",\"breadcrumb\":{\"@id\":\"https:\/\/www.colorflyprinting.com\/product\/a4-2-quire-counter-book-wholesale-custom-school-notebook\/#breadcrumb\"},\"inLanguage\":\"es-CR\",\"potentialAction\":[{\"@type\":\"ReadAction\",\"target\":[\"https:\/\/www.colorflyprinting.com\/product\/a4-2-quire-counter-book-wholesale-custom-school-notebook\/\"]}]},{\"@type\":\"ImageObject\",\"inLanguage\":\"es-CR\",\"@id\":\"https:\/\/www.colorflyprinting.com\/product\/a4-2-quire-counter-book-wholesale-custom-school-notebook\/#primaryimage\",\"url\":\"https:\/\/www.colorflyprinting.com\/wp-content\/uploads\/2025\/05\/Main-03-12-1.jpg\",\"contentUrl\":\"https:\/\/www.colorflyprinting.com\/wp-content\/uploads\/2025\/05\/Main-03-12-1.jpg\",\"width\":700,\"height\":700},{\"@type\":\"BreadcrumbList\",\"@id\":\"https:\/\/www.colorflyprinting.com\/product\/a4-2-quire-counter-book-wholesale-custom-school-notebook\/#breadcrumb\",\"itemListElement\":[{\"@type\":\"ListItem\",\"position\":1,\"name\":\"Home\",\"item\":\"https:\/\/www.colorflyprinting.com\/\"},{\"@type\":\"ListItem\",\"position\":2,\"name\":\"Product\",\"item\":\"https:\/\/www.colorflyprinting.com\/shop\/\"},{\"@type\":\"ListItem\",\"position\":3,\"name\":\"A4 2 Quire Counter Book Wholesale | Custom School Notebook\"}]},{\"@type\":\"WebSite\",\"@id\":\"https:\/\/www.colorflyprinting.com\/#website\",\"url\":\"https:\/\/www.colorflyprinting.com\/\",\"name\":\"Hefei Colorfly Stationery Co.,Ltd.\",\"description\":\"\",\"publisher\":{\"@id\":\"https:\/\/www.colorflyprinting.com\/#organization\"},\"potentialAction\":[{\"@type\":\"SearchAction\",\"target\":{\"@type\":\"EntryPoint\",\"urlTemplate\":\"https:\/\/www.colorflyprinting.com\/?s={search_term_string}\"},\"query-input\":{\"@type\":\"PropertyValueSpecification\",\"valueRequired\":true,\"valueName\":\"search_term_string\"}}],\"inLanguage\":\"es-CR\"},{\"@type\":\"Organization\",\"@id\":\"https:\/\/www.colorflyprinting.com\/#organization\",\"name\":\"Hefei Colorfly Stationery Co.,Ltd.\",\"url\":\"https:\/\/www.colorflyprinting.com\/\",\"logo\":{\"@type\":\"ImageObject\",\"inLanguage\":\"es-CR\",\"@id\":\"https:\/\/www.colorflyprinting.com\/#\/schema\/logo\/image\/\",\"url\":\"https:\/\/www.colorflyprinting.com\/wp-content\/uploads\/2025\/04\/d167665f943610681229e2f4307b9df.jpg\",\"contentUrl\":\"https:\/\/www.colorflyprinting.com\/wp-content\/uploads\/2025\/04\/d167665f943610681229e2f4307b9df.jpg\",\"width\":780,\"height\":780,\"caption\":\"Hefei Colorfly Stationery Co.,Ltd.\"},\"image\":{\"@id\":\"https:\/\/www.colorflyprinting.com\/#\/schema\/logo\/image\/\"}}]}<\/script>\n<!-- \/ Yoast SEO Premium plugin. -->","yoast_head_json":{"title":"A4 2 Quire Counter Book Wholesale | Custom School Notebook","description":"Get manufacturer price on custom A4 2 Quire Counter Books. Ideal for schools and wholesale buyers. Strong binding, durable cover, OEM logo & fast delivery.","robots":{"index":"index","follow":"follow","max-snippet":"max-snippet:-1","max-image-preview":"max-image-preview:large","max-video-preview":"max-video-preview:-1"},"canonical":"https:\/\/www.colorflyprinting.com\/es\/producto\/libreta-de-notas-a4-de-2-hojas-al-por-mayor-personalizada-para-la-escuela\/","og_locale":"es_ES","og_type":"article","og_title":"A4 2 Quire Counter Book Wholesale | Custom School Notebook","og_description":"Get manufacturer price on custom A4 2 Quire Counter Books. Ideal for schools and wholesale buyers. Strong binding, durable cover, OEM logo & fast delivery.","og_url":"https:\/\/www.colorflyprinting.com\/es\/producto\/libreta-de-notas-a4-de-2-hojas-al-por-mayor-personalizada-para-la-escuela\/","og_site_name":"colorflyprinting","article_modified_time":"2025-12-02T06:08:24+00:00","og_image":[{"width":700,"height":700,"url":"https:\/\/www.colorflyprinting.com\/wp-content\/uploads\/2025\/05\/Main-03-12-1.jpg","type":"image\/jpeg"}],"twitter_card":"summary_large_image","schema":{"@context":"https:\/\/schema.org","@graph":[{"@type":"WebPage","@id":"https:\/\/www.colorflyprinting.com\/product\/a4-2-quire-counter-book-wholesale-custom-school-notebook\/","url":"https:\/\/www.colorflyprinting.com\/product\/a4-2-quire-counter-book-wholesale-custom-school-notebook\/","name":"A4 2 Quire Counter Book Wholesale | Custom School Notebook","isPartOf":{"@id":"https:\/\/www.colorflyprinting.com\/#website"},"primaryImageOfPage":{"@id":"https:\/\/www.colorflyprinting.com\/product\/a4-2-quire-counter-book-wholesale-custom-school-notebook\/#primaryimage"},"image":{"@id":"https:\/\/www.colorflyprinting.com\/product\/a4-2-quire-counter-book-wholesale-custom-school-notebook\/#primaryimage"},"thumbnailUrl":"https:\/\/www.colorflyprinting.com\/wp-content\/uploads\/2025\/05\/Main-03-12-1.jpg","datePublished":"2025-05-22T07:17:57+00:00","dateModified":"2025-12-02T06:08:24+00:00","description":"Get manufacturer price on custom A4 2 Quire Counter Books. Ideal for schools and wholesale buyers. Strong binding, durable cover, OEM logo & fast delivery.","breadcrumb":{"@id":"https:\/\/www.colorflyprinting.com\/product\/a4-2-quire-counter-book-wholesale-custom-school-notebook\/#breadcrumb"},"inLanguage":"es-CR","potentialAction":[{"@type":"ReadAction","target":["https:\/\/www.colorflyprinting.com\/product\/a4-2-quire-counter-book-wholesale-custom-school-notebook\/"]}]},{"@type":"ImageObject","inLanguage":"es-CR","@id":"https:\/\/www.colorflyprinting.com\/product\/a4-2-quire-counter-book-wholesale-custom-school-notebook\/#primaryimage","url":"https:\/\/www.colorflyprinting.com\/wp-content\/uploads\/2025\/05\/Main-03-12-1.jpg","contentUrl":"https:\/\/www.colorflyprinting.com\/wp-content\/uploads\/2025\/05\/Main-03-12-1.jpg","width":700,"height":700},{"@type":"BreadcrumbList","@id":"https:\/\/www.colorflyprinting.com\/product\/a4-2-quire-counter-book-wholesale-custom-school-notebook\/#breadcrumb","itemListElement":[{"@type":"ListItem","position":1,"name":"Home","item":"https:\/\/www.colorflyprinting.com\/"},{"@type":"ListItem","position":2,"name":"Product","item":"https:\/\/www.colorflyprinting.com\/shop\/"},{"@type":"ListItem","position":3,"name":"A4 2 Quire Counter Book Wholesale | Custom School Notebook"}]},{"@type":"WebSite","@id":"https:\/\/www.colorflyprinting.com\/#website","url":"https:\/\/www.colorflyprinting.com\/","name":"Hefei Colorfly Stationery Co.,Ltd.","description":"","publisher":{"@id":"https:\/\/www.colorflyprinting.com\/#organization"},"potentialAction":[{"@type":"SearchAction","target":{"@type":"EntryPoint","urlTemplate":"https:\/\/www.colorflyprinting.com\/?s={search_term_string}"},"query-input":{"@type":"PropertyValueSpecification","valueRequired":true,"valueName":"search_term_string"}}],"inLanguage":"es-CR"},{"@type":"Organization","@id":"https:\/\/www.colorflyprinting.com\/#organization","name":"Hefei Colorfly Stationery Co.,Ltd.","url":"https:\/\/www.colorflyprinting.com\/","logo":{"@type":"ImageObject","inLanguage":"es-CR","@id":"https:\/\/www.colorflyprinting.com\/#\/schema\/logo\/image\/","url":"https:\/\/www.colorflyprinting.com\/wp-content\/uploads\/2025\/04\/d167665f943610681229e2f4307b9df.jpg","contentUrl":"https:\/\/www.colorflyprinting.com\/wp-content\/uploads\/2025\/04\/d167665f943610681229e2f4307b9df.jpg","width":780,"height":780,"caption":"Hefei Colorfly Stationery Co.,Ltd."},"image":{"@id":"https:\/\/www.colorflyprinting.com\/#\/schema\/logo\/image\/"}}]}},"_links":{"self":[{"href":"https:\/\/www.colorflyprinting.com\/es\/wp-json\/wp\/v2\/product\/15748","targetHints":{"allow":["GET"]}}],"collection":[{"href":"https:\/\/www.colorflyprinting.com\/es\/wp-json\/wp\/v2\/product"}],"about":[{"href":"https:\/\/www.colorflyprinting.com\/es\/wp-json\/wp\/v2\/types\/product"}],"replies":[{"embeddable":true,"href":"https:\/\/www.colorflyprinting.com\/es\/wp-json\/wp\/v2\/comments?post=15748"}],"wp:featuredmedia":[{"embeddable":true,"href":"https:\/\/www.colorflyprinting.com\/es\/wp-json\/wp\/v2\/media\/18773"}],"wp:attachment":[{"href":"https:\/\/www.colorflyprinting.com\/es\/wp-json\/wp\/v2\/media?parent=15748"}],"wp:term":[{"taxonomy":"product_brand","embeddable":true,"href":"https:\/\/www.colorflyprinting.com\/es\/wp-json\/wp\/v2\/product_brand?post=15748"},{"taxonomy":"product_cat","embeddable":true,"href":"https:\/\/www.colorflyprinting.com\/es\/wp-json\/wp\/v2\/product_cat?post=15748"},{"taxonomy":"product_tag","embeddable":true,"href":"https:\/\/www.colorflyprinting.com\/es\/wp-json\/wp\/v2\/product_tag?post=15748"}],"curies":[{"name":"wp","href":"https:\/\/api.w.org\/{rel}","templated":true}]}}