{"id":15737,"date":"2025-05-22T07:11:41","date_gmt":"2025-05-22T07:11:41","guid":{"rendered":"https:\/\/www.colorflyprinting.com\/?post_type=product&#038;p=15737"},"modified":"2025-12-02T06:08:35","modified_gmt":"2025-12-02T06:08:35","slug":"tanzania-3-quire-a4-school-notebook-288-pages-wholesale","status":"publish","type":"product","link":"https:\/\/www.colorflyprinting.com\/es\/producto\/cuaderno-escolar-tanzania-de-3-hojas-a4-288-paginas-venta-al-por-mayor\/","title":{"rendered":"Cuaderno escolar Tanzania de 3 hojas A4, 288 p\u00e1ginas, venta al por mayor"},"content":{"rendered":"<table class=\"has-title is-zebra all magic-9\">\n<tbody>\n<tr>\n<td colspan=\"1\" rowspan=\"1\">\n<div class=\"magic-10\" data-spm-anchor-id=\"a2700.details-description.0.i0.8e72YEzvYEzvrz\">Tama\u00f1o<\/div>\n<\/td>\n<td colspan=\"5\" rowspan=\"1\">\n<div class=\"magic-11\">\n<div data-spm-anchor-id=\"0.0.0.i3.59844f05Z16MVb\">A5\/A4 o personalizado para libro de mostrador<\/div>\n<\/div>\n<\/td>\n<\/tr>\n<tr>\n<td colspan=\"1\" rowspan=\"1\">\n<div class=\"magic-10\">P\u00e1ginas<\/div>\n<\/td>\n<td colspan=\"5\" rowspan=\"1\">\n<div class=\"magic-11\">\n<div data-spm-anchor-id=\"0.0.0.i13.59844f05Z16MVb\">1T\/2T\/3T,4T o personalizado<\/div>\n<\/div>\n<\/td>\n<\/tr>\n<tr>\n<td colspan=\"1\" rowspan=\"1\">\n<div class=\"magic-10\">Vinculante<\/div>\n<\/td>\n<td colspan=\"5\" rowspan=\"1\">\n<div class=\"magic-11\">Secci\u00f3n de costura de encuadernaci\u00f3n + encuadernaci\u00f3n con cinta<\/div>\n<\/td>\n<\/tr>\n<tr>\n<td colspan=\"1\" rowspan=\"1\">\n<div class=\"magic-10\">Embalaje<\/div>\n<\/td>\n<td colspan=\"5\" rowspan=\"1\">\n<div class=\"magic-11\">Bolsa retr\u00e1ctil + cart\u00f3n<\/div>\n<\/td>\n<\/tr>\n<tr>\n<td colspan=\"1\" rowspan=\"1\">\n<div class=\"magic-10\">Cantidad m\u00ednima de pedido<\/div>\n<\/td>\n<td colspan=\"5\" rowspan=\"1\">\n<div class=\"magic-16\">10000 piezas<\/div>\n<\/td>\n<\/tr>\n<\/tbody>\n<\/table>\n<p><img loading=\"lazy\" decoding=\"async\" class=\"alignnone size-full wp-image-15740\" src=\"https:\/\/www.colorflyprinting.com\/wp-content\/uploads\/2025\/05\/Detail-20.jpg\" alt=\"\" width=\"800\" height=\"599\" srcset=\"https:\/\/www.colorflyprinting.com\/wp-content\/uploads\/2025\/05\/Detail-20.jpg 800w, https:\/\/www.colorflyprinting.com\/wp-content\/uploads\/2025\/05\/Detail-20-400x300.jpg 400w, https:\/\/www.colorflyprinting.com\/wp-content\/uploads\/2025\/05\/Detail-20-768x575.jpg 768w, https:\/\/www.colorflyprinting.com\/wp-content\/uploads\/2025\/05\/Detail-20-16x12.jpg 16w, https:\/\/www.colorflyprinting.com\/wp-content\/uploads\/2025\/05\/Detail-20-430x322.jpg 430w, https:\/\/www.colorflyprinting.com\/wp-content\/uploads\/2025\/05\/Detail-20-700x524.jpg 700w, https:\/\/www.colorflyprinting.com\/wp-content\/uploads\/2025\/05\/Detail-20-150x112.jpg 150w\" sizes=\"auto, (max-width: 800px) 100vw, 800px\" \/><img loading=\"lazy\" decoding=\"async\" class=\"alignnone size-full wp-image-15738\" src=\"https:\/\/www.colorflyprinting.com\/wp-content\/uploads\/2025\/05\/Detail-21.jpg\" alt=\"\" width=\"800\" height=\"600\" srcset=\"https:\/\/www.colorflyprinting.com\/wp-content\/uploads\/2025\/05\/Detail-21.jpg 800w, https:\/\/www.colorflyprinting.com\/wp-content\/uploads\/2025\/05\/Detail-21-400x300.jpg 400w, https:\/\/www.colorflyprinting.com\/wp-content\/uploads\/2025\/05\/Detail-21-768x576.jpg 768w, https:\/\/www.colorflyprinting.com\/wp-content\/uploads\/2025\/05\/Detail-21-16x12.jpg 16w, https:\/\/www.colorflyprinting.com\/wp-content\/uploads\/2025\/05\/Detail-21-430x323.jpg 430w, https:\/\/www.colorflyprinting.com\/wp-content\/uploads\/2025\/05\/Detail-21-700x525.jpg 700w, https:\/\/www.colorflyprinting.com\/wp-content\/uploads\/2025\/05\/Detail-21-150x113.jpg 150w\" sizes=\"auto, (max-width: 800px) 100vw, 800px\" \/><img loading=\"lazy\" decoding=\"async\" class=\"alignnone size-large wp-image-15739\" src=\"https:\/\/www.colorflyprinting.com\/wp-content\/uploads\/2025\/05\/Detail-22-599x800.jpg\" alt=\"\" width=\"599\" height=\"800\" srcset=\"https:\/\/www.colorflyprinting.com\/wp-content\/uploads\/2025\/05\/Detail-22-599x800.jpg 599w, https:\/\/www.colorflyprinting.com\/wp-content\/uploads\/2025\/05\/Detail-22-225x300.jpg 225w, https:\/\/www.colorflyprinting.com\/wp-content\/uploads\/2025\/05\/Detail-22-768x1025.jpg 768w, https:\/\/www.colorflyprinting.com\/wp-content\/uploads\/2025\/05\/Detail-22-9x12.jpg 9w, https:\/\/www.colorflyprinting.com\/wp-content\/uploads\/2025\/05\/Detail-22-430x574.jpg 430w, https:\/\/www.colorflyprinting.com\/wp-content\/uploads\/2025\/05\/Detail-22-700x935.jpg 700w, https:\/\/www.colorflyprinting.com\/wp-content\/uploads\/2025\/05\/Detail-22-150x200.jpg 150w, https:\/\/www.colorflyprinting.com\/wp-content\/uploads\/2025\/05\/Detail-22.jpg 800w\" sizes=\"auto, (max-width: 599px) 100vw, 599px\" \/><\/p>","protected":false},"excerpt":{"rendered":"<p data-start=\"480\" data-end=\"856\">El cuaderno escolar Tanzania 3 Quire A4 es un cuaderno de ejercicios duradero y de gran capacidad dise\u00f1ado para estudiantes de \u00c1frica y otras regiones en desarrollo. Con <strong data-start=\"632\" data-end=\"645\">288 p\u00e1ginas<\/strong>Ofrece un amplio espacio para escribir, lo que lo hace perfecto para la preparaci\u00f3n de ex\u00e1menes, lecciones diarias y uso a largo plazo. El <strong data-start=\"756\" data-end=\"779\">fuerte encuadernaci\u00f3n con cinta<\/strong> y <strong data-start=\"784\" data-end=\"798\">tapa dura<\/strong> Garantizar la durabilidad, incluso en entornos de aulas dif\u00edciles.<\/p>\n<p data-start=\"858\" data-end=\"1248\">Este libro de contador A4 se usa com\u00fanmente en escuelas de todo el mundo. <strong data-start=\"914\" data-end=\"926\">Tanzania<\/strong> y otros pa\u00edses de \u00c1frica Oriental. Presenta <strong data-start=\"973\" data-end=\"1003\">estilos de regla personalizables<\/strong> (l\u00ednea simple, l\u00ednea doble, cu\u00e1druple) y <strong data-start=\"1042\" data-end=\"1066\">Opciones de marca OEM<\/strong> Para compradores mayoristas. Ya sea que sea proveedor escolar, participante en una licitaci\u00f3n gubernamental o mayorista de papeler\u00eda, este cuaderno es ideal para <strong data-start=\"1207\" data-end=\"1247\">compras al por mayor a precios competitivos<\/strong>.<\/p>\n<p data-start=\"1250\" data-end=\"1342\">Cont\u00e1ctenos hoy para solicitar muestras y consultar precios. Env\u00edos r\u00e1pidos y asistencia de dise\u00f1o disponibles.<\/p>\n<ul>\n<li><strong>Proveedor:<\/strong> Impresi\u00f3n a color<\/li>\n<li><strong data-start=\"538\" data-end=\"547\">Tama\u00f1o:<\/strong> A4 (210\u00d7297 mm)<\/li>\n<li><strong data-start=\"567\" data-end=\"586\">Material de la cubierta:<\/strong> Tapa de cart\u00f3n + papel offset<\/li>\n<li><strong data-start=\"637\" data-end=\"647\">P\u00e1ginas:<\/strong> 192 \/ 288 \/ 360 p\u00e1ginas (personalizables)<\/li>\n<li><strong data-start=\"689\" data-end=\"705\">Papel interior:<\/strong> Papel sin pasta mec\u00e1nica de 55\u201370 g\/m\u00b2, rayado simple o doble<\/li>\n<li><strong data-start=\"764\" data-end=\"782\">Estilo de encuadernaci\u00f3n:<\/strong> Cinta de lomo resistente para mayor durabilidad<\/li>\n<li><strong data-start=\"826\" data-end=\"839\">Impresi\u00f3n:<\/strong> Impresi\u00f3n de logotipo personalizado disponible en la portada y p\u00e1ginas interiores.<\/li>\n<li><strong data-start=\"897\" data-end=\"911\">Embalaje:<\/strong> Cajas de exportaci\u00f3n est\u00e1ndar o seg\u00fan solicitud del cliente.<\/li>\n<li><strong data-start=\"965\" data-end=\"983\">Personalizaci\u00f3n:<\/strong> Soporte OEM\/ODM con MOQ flexible<\/li>\n<li><strong data-start=\"1022\" data-end=\"1039\">Aplicaciones:<\/strong> Adecuado para escuelas, universidades, licitaciones gubernamentales y proveedores educativos.<\/li>\n<\/ul>","protected":false},"featured_media":15743,"comment_status":"open","ping_status":"closed","template":"","meta":[],"product_brand":[],"product_cat":[449],"product_tag":[690,688,689],"class_list":{"0":"post-15737","1":"product","2":"type-product","3":"status-publish","4":"has-post-thumbnail","6":"product_cat-hardcover-notebook","7":"product_tag-3-quire-a4-school-notebook","8":"product_tag-tanzania-3-quire-notebook","9":"product_tag-wholesale-288-pages-notebook","11":"first","12":"instock","13":"shipping-taxable","14":"product-type-simple"},"yoast_head":"<!-- This site is optimized with the Yoast SEO Premium plugin v23.9 (Yoast SEO v25.2) - https:\/\/yoast.com\/wordpress\/plugins\/seo\/ -->\n<title>Tanzania 3 Quire A4 School Notebook 288 Pages Wholesale<\/title>\n<meta name=\"description\" content=\"Buy Tanzania 3 Quire Notebook with 288 pages and strong A4 counter book design. Ideal for school supplies bulk orders. Custom logo &amp; OEM services available.\" \/>\n<meta name=\"robots\" content=\"index, follow, max-snippet:-1, max-image-preview:large, max-video-preview:-1\" \/>\n<link rel=\"canonical\" href=\"https:\/\/www.colorflyprinting.com\/es\/producto\/cuaderno-escolar-tanzania-de-3-hojas-a4-288-paginas-venta-al-por-mayor\/\" \/>\n<meta property=\"og:locale\" content=\"es_ES\" \/>\n<meta property=\"og:type\" content=\"article\" \/>\n<meta property=\"og:title\" content=\"Tanzania 3 Quire A4 School Notebook 288 Pages Wholesale\" \/>\n<meta property=\"og:description\" content=\"Buy Tanzania 3 Quire Notebook with 288 pages and strong A4 counter book design. Ideal for school supplies bulk orders. Custom logo &amp; OEM services available.\" \/>\n<meta property=\"og:url\" content=\"https:\/\/www.colorflyprinting.com\/es\/producto\/cuaderno-escolar-tanzania-de-3-hojas-a4-288-paginas-venta-al-por-mayor\/\" \/>\n<meta property=\"og:site_name\" content=\"colorflyprinting\" \/>\n<meta property=\"article:modified_time\" content=\"2025-12-02T06:08:35+00:00\" \/>\n<meta property=\"og:image\" content=\"https:\/\/www.colorflyprinting.com\/wp-content\/uploads\/2025\/05\/Main-01-11.jpg\" \/>\n\t<meta property=\"og:image:width\" content=\"700\" \/>\n\t<meta property=\"og:image:height\" content=\"700\" \/>\n\t<meta property=\"og:image:type\" content=\"image\/jpeg\" \/>\n<meta name=\"twitter:card\" content=\"summary_large_image\" \/>\n<script type=\"application\/ld+json\" class=\"yoast-schema-graph\">{\"@context\":\"https:\/\/schema.org\",\"@graph\":[{\"@type\":\"WebPage\",\"@id\":\"https:\/\/www.colorflyprinting.com\/product\/tanzania-3-quire-a4-school-notebook-288-pages-wholesale\/\",\"url\":\"https:\/\/www.colorflyprinting.com\/product\/tanzania-3-quire-a4-school-notebook-288-pages-wholesale\/\",\"name\":\"Tanzania 3 Quire A4 School Notebook 288 Pages Wholesale\",\"isPartOf\":{\"@id\":\"https:\/\/www.colorflyprinting.com\/#website\"},\"primaryImageOfPage\":{\"@id\":\"https:\/\/www.colorflyprinting.com\/product\/tanzania-3-quire-a4-school-notebook-288-pages-wholesale\/#primaryimage\"},\"image\":{\"@id\":\"https:\/\/www.colorflyprinting.com\/product\/tanzania-3-quire-a4-school-notebook-288-pages-wholesale\/#primaryimage\"},\"thumbnailUrl\":\"https:\/\/www.colorflyprinting.com\/wp-content\/uploads\/2025\/05\/Main-01-11.jpg\",\"datePublished\":\"2025-05-22T07:11:41+00:00\",\"dateModified\":\"2025-12-02T06:08:35+00:00\",\"description\":\"Buy Tanzania 3 Quire Notebook with 288 pages and strong A4 counter book design. Ideal for school supplies bulk orders. Custom logo & OEM services available.\",\"breadcrumb\":{\"@id\":\"https:\/\/www.colorflyprinting.com\/product\/tanzania-3-quire-a4-school-notebook-288-pages-wholesale\/#breadcrumb\"},\"inLanguage\":\"es-CR\",\"potentialAction\":[{\"@type\":\"ReadAction\",\"target\":[\"https:\/\/www.colorflyprinting.com\/product\/tanzania-3-quire-a4-school-notebook-288-pages-wholesale\/\"]}]},{\"@type\":\"ImageObject\",\"inLanguage\":\"es-CR\",\"@id\":\"https:\/\/www.colorflyprinting.com\/product\/tanzania-3-quire-a4-school-notebook-288-pages-wholesale\/#primaryimage\",\"url\":\"https:\/\/www.colorflyprinting.com\/wp-content\/uploads\/2025\/05\/Main-01-11.jpg\",\"contentUrl\":\"https:\/\/www.colorflyprinting.com\/wp-content\/uploads\/2025\/05\/Main-01-11.jpg\",\"width\":700,\"height\":700},{\"@type\":\"BreadcrumbList\",\"@id\":\"https:\/\/www.colorflyprinting.com\/product\/tanzania-3-quire-a4-school-notebook-288-pages-wholesale\/#breadcrumb\",\"itemListElement\":[{\"@type\":\"ListItem\",\"position\":1,\"name\":\"Home\",\"item\":\"https:\/\/www.colorflyprinting.com\/\"},{\"@type\":\"ListItem\",\"position\":2,\"name\":\"Product\",\"item\":\"https:\/\/www.colorflyprinting.com\/shop\/\"},{\"@type\":\"ListItem\",\"position\":3,\"name\":\"Tanzania 3 Quire A4 School Notebook 288 Pages Wholesale\"}]},{\"@type\":\"WebSite\",\"@id\":\"https:\/\/www.colorflyprinting.com\/#website\",\"url\":\"https:\/\/www.colorflyprinting.com\/\",\"name\":\"Hefei Colorfly Stationery Co.,Ltd.\",\"description\":\"\",\"publisher\":{\"@id\":\"https:\/\/www.colorflyprinting.com\/#organization\"},\"potentialAction\":[{\"@type\":\"SearchAction\",\"target\":{\"@type\":\"EntryPoint\",\"urlTemplate\":\"https:\/\/www.colorflyprinting.com\/?s={search_term_string}\"},\"query-input\":{\"@type\":\"PropertyValueSpecification\",\"valueRequired\":true,\"valueName\":\"search_term_string\"}}],\"inLanguage\":\"es-CR\"},{\"@type\":\"Organization\",\"@id\":\"https:\/\/www.colorflyprinting.com\/#organization\",\"name\":\"Hefei Colorfly Stationery Co.,Ltd.\",\"url\":\"https:\/\/www.colorflyprinting.com\/\",\"logo\":{\"@type\":\"ImageObject\",\"inLanguage\":\"es-CR\",\"@id\":\"https:\/\/www.colorflyprinting.com\/#\/schema\/logo\/image\/\",\"url\":\"https:\/\/www.colorflyprinting.com\/wp-content\/uploads\/2025\/04\/d167665f943610681229e2f4307b9df.jpg\",\"contentUrl\":\"https:\/\/www.colorflyprinting.com\/wp-content\/uploads\/2025\/04\/d167665f943610681229e2f4307b9df.jpg\",\"width\":780,\"height\":780,\"caption\":\"Hefei Colorfly Stationery Co.,Ltd.\"},\"image\":{\"@id\":\"https:\/\/www.colorflyprinting.com\/#\/schema\/logo\/image\/\"}}]}<\/script>\n<!-- \/ Yoast SEO Premium plugin. -->","yoast_head_json":{"title":"Tanzania 3 Quire A4 School Notebook 288 Pages Wholesale","description":"Buy Tanzania 3 Quire Notebook with 288 pages and strong A4 counter book design. Ideal for school supplies bulk orders. Custom logo & OEM services available.","robots":{"index":"index","follow":"follow","max-snippet":"max-snippet:-1","max-image-preview":"max-image-preview:large","max-video-preview":"max-video-preview:-1"},"canonical":"https:\/\/www.colorflyprinting.com\/es\/producto\/cuaderno-escolar-tanzania-de-3-hojas-a4-288-paginas-venta-al-por-mayor\/","og_locale":"es_ES","og_type":"article","og_title":"Tanzania 3 Quire A4 School Notebook 288 Pages Wholesale","og_description":"Buy Tanzania 3 Quire Notebook with 288 pages and strong A4 counter book design. Ideal for school supplies bulk orders. Custom logo & OEM services available.","og_url":"https:\/\/www.colorflyprinting.com\/es\/producto\/cuaderno-escolar-tanzania-de-3-hojas-a4-288-paginas-venta-al-por-mayor\/","og_site_name":"colorflyprinting","article_modified_time":"2025-12-02T06:08:35+00:00","og_image":[{"width":700,"height":700,"url":"https:\/\/www.colorflyprinting.com\/wp-content\/uploads\/2025\/05\/Main-01-11.jpg","type":"image\/jpeg"}],"twitter_card":"summary_large_image","schema":{"@context":"https:\/\/schema.org","@graph":[{"@type":"WebPage","@id":"https:\/\/www.colorflyprinting.com\/product\/tanzania-3-quire-a4-school-notebook-288-pages-wholesale\/","url":"https:\/\/www.colorflyprinting.com\/product\/tanzania-3-quire-a4-school-notebook-288-pages-wholesale\/","name":"Tanzania 3 Quire A4 School Notebook 288 Pages Wholesale","isPartOf":{"@id":"https:\/\/www.colorflyprinting.com\/#website"},"primaryImageOfPage":{"@id":"https:\/\/www.colorflyprinting.com\/product\/tanzania-3-quire-a4-school-notebook-288-pages-wholesale\/#primaryimage"},"image":{"@id":"https:\/\/www.colorflyprinting.com\/product\/tanzania-3-quire-a4-school-notebook-288-pages-wholesale\/#primaryimage"},"thumbnailUrl":"https:\/\/www.colorflyprinting.com\/wp-content\/uploads\/2025\/05\/Main-01-11.jpg","datePublished":"2025-05-22T07:11:41+00:00","dateModified":"2025-12-02T06:08:35+00:00","description":"Buy Tanzania 3 Quire Notebook with 288 pages and strong A4 counter book design. Ideal for school supplies bulk orders. Custom logo & OEM services available.","breadcrumb":{"@id":"https:\/\/www.colorflyprinting.com\/product\/tanzania-3-quire-a4-school-notebook-288-pages-wholesale\/#breadcrumb"},"inLanguage":"es-CR","potentialAction":[{"@type":"ReadAction","target":["https:\/\/www.colorflyprinting.com\/product\/tanzania-3-quire-a4-school-notebook-288-pages-wholesale\/"]}]},{"@type":"ImageObject","inLanguage":"es-CR","@id":"https:\/\/www.colorflyprinting.com\/product\/tanzania-3-quire-a4-school-notebook-288-pages-wholesale\/#primaryimage","url":"https:\/\/www.colorflyprinting.com\/wp-content\/uploads\/2025\/05\/Main-01-11.jpg","contentUrl":"https:\/\/www.colorflyprinting.com\/wp-content\/uploads\/2025\/05\/Main-01-11.jpg","width":700,"height":700},{"@type":"BreadcrumbList","@id":"https:\/\/www.colorflyprinting.com\/product\/tanzania-3-quire-a4-school-notebook-288-pages-wholesale\/#breadcrumb","itemListElement":[{"@type":"ListItem","position":1,"name":"Home","item":"https:\/\/www.colorflyprinting.com\/"},{"@type":"ListItem","position":2,"name":"Product","item":"https:\/\/www.colorflyprinting.com\/shop\/"},{"@type":"ListItem","position":3,"name":"Tanzania 3 Quire A4 School Notebook 288 Pages Wholesale"}]},{"@type":"WebSite","@id":"https:\/\/www.colorflyprinting.com\/#website","url":"https:\/\/www.colorflyprinting.com\/","name":"Hefei Colorfly Stationery Co.,Ltd.","description":"","publisher":{"@id":"https:\/\/www.colorflyprinting.com\/#organization"},"potentialAction":[{"@type":"SearchAction","target":{"@type":"EntryPoint","urlTemplate":"https:\/\/www.colorflyprinting.com\/?s={search_term_string}"},"query-input":{"@type":"PropertyValueSpecification","valueRequired":true,"valueName":"search_term_string"}}],"inLanguage":"es-CR"},{"@type":"Organization","@id":"https:\/\/www.colorflyprinting.com\/#organization","name":"Hefei Colorfly Stationery Co.,Ltd.","url":"https:\/\/www.colorflyprinting.com\/","logo":{"@type":"ImageObject","inLanguage":"es-CR","@id":"https:\/\/www.colorflyprinting.com\/#\/schema\/logo\/image\/","url":"https:\/\/www.colorflyprinting.com\/wp-content\/uploads\/2025\/04\/d167665f943610681229e2f4307b9df.jpg","contentUrl":"https:\/\/www.colorflyprinting.com\/wp-content\/uploads\/2025\/04\/d167665f943610681229e2f4307b9df.jpg","width":780,"height":780,"caption":"Hefei Colorfly Stationery Co.,Ltd."},"image":{"@id":"https:\/\/www.colorflyprinting.com\/#\/schema\/logo\/image\/"}}]}},"_links":{"self":[{"href":"https:\/\/www.colorflyprinting.com\/es\/wp-json\/wp\/v2\/product\/15737","targetHints":{"allow":["GET"]}}],"collection":[{"href":"https:\/\/www.colorflyprinting.com\/es\/wp-json\/wp\/v2\/product"}],"about":[{"href":"https:\/\/www.colorflyprinting.com\/es\/wp-json\/wp\/v2\/types\/product"}],"replies":[{"embeddable":true,"href":"https:\/\/www.colorflyprinting.com\/es\/wp-json\/wp\/v2\/comments?post=15737"}],"wp:featuredmedia":[{"embeddable":true,"href":"https:\/\/www.colorflyprinting.com\/es\/wp-json\/wp\/v2\/media\/15743"}],"wp:attachment":[{"href":"https:\/\/www.colorflyprinting.com\/es\/wp-json\/wp\/v2\/media?parent=15737"}],"wp:term":[{"taxonomy":"product_brand","embeddable":true,"href":"https:\/\/www.colorflyprinting.com\/es\/wp-json\/wp\/v2\/product_brand?post=15737"},{"taxonomy":"product_cat","embeddable":true,"href":"https:\/\/www.colorflyprinting.com\/es\/wp-json\/wp\/v2\/product_cat?post=15737"},{"taxonomy":"product_tag","embeddable":true,"href":"https:\/\/www.colorflyprinting.com\/es\/wp-json\/wp\/v2\/product_tag?post=15737"}],"curies":[{"name":"wp","href":"https:\/\/api.w.org\/{rel}","templated":true}]}}