{"id":15715,"date":"2025-05-22T06:48:22","date_gmt":"2025-05-22T06:48:22","guid":{"rendered":"https:\/\/www.colorflyprinting.com\/?post_type=product&#038;p=15715"},"modified":"2025-12-02T06:09:39","modified_gmt":"2025-12-02T06:09:39","slug":"custom-manuscript-book-2-quire-counter-notebook-a6-a5-a4","status":"publish","type":"product","link":"https:\/\/www.colorflyprinting.com\/es\/producto\/cuaderno-de-notas-personalizado-con-2-hojas-de-papel-a6-a5-y-a4\/","title":{"rendered":"Cuaderno de manuscritos personalizado, 2 cuadernos de notas, tama\u00f1o A6, A5 y A4"},"content":{"rendered":"<div class=\"J_module\">\n<div id=\"ali-anchor-AliMagic-ez380s\" class=\"magic-0\" data-section=\"AliMagic-ez380s\" data-section-title=\"Product Description\" data-spm-anchor-id=\"a2700.details-description.0.i0.98e5wH1VwH1V8U\"><\/div>\n<\/div>\n<div class=\"J_module\">\n<div class=\"ife-detail-decorate-table\">\n<table class=\"all magic-1\">\n<tbody>\n<tr>\n<td>\n<div class=\"magic-2\">Gama de productos<\/div>\n<\/td>\n<td colspan=\"3\">\n<div class=\"magic-3\">Cuaderno, cuaderno de ejercicios, cuaderno de cuero, bloc de recambio, cuaderno de dibujo, cuaderno de asignaturas, libro de texto, revista, cuaderno de composici\u00f3n, libro de contabilidad, etc.<\/div>\n<\/td>\n<\/tr>\n<tr>\n<td>\n<div class=\"magic-2\">Nombre del producto<\/div>\n<\/td>\n<td colspan=\"3\">\n<div class=\"magic-3\">Cuaderno de manuscritos personalizado, 2 cuadernos de notas, tama\u00f1o A6, A5 y A4.<\/div>\n<\/td>\n<\/tr>\n<tr>\n<td>\n<div class=\"magic-2\">Tama\u00f1o del producto<\/div>\n<\/td>\n<td colspan=\"3\">\n<div class=\"magic-5\">A3 \/ A4 \/ A5 \/ A6 \/ B5 o seg\u00fan los requisitos espec\u00edficos del cliente<\/div>\n<\/td>\n<\/tr>\n<tr>\n<td>\n<div class=\"magic-2\">Material de cubierta<\/div>\n<\/td>\n<td colspan=\"3\">\n<div class=\"magic-5\">Papel de arte, papel brillante, tablero de marfil, cart\u00f3n gris, dorso blanco, papel kraft, cubierta de pp, cubierta de pvc, etc.<\/div>\n<\/td>\n<\/tr>\n<tr>\n<td>\n<div class=\"magic-2\">Material de papel interior<\/div>\n<\/td>\n<td colspan=\"3\">\n<div class=\"magic-5\">Papel sin madera, papel virgen, papel offset, papel de escribir, papel reciclado, papel de peri\u00f3dico, papel para manualidades, etc.<\/div>\n<\/td>\n<\/tr>\n<tr>\n<td>\n<div class=\"magic-2\">\u00a0Vinculante<\/div>\n<\/td>\n<td colspan=\"3\">\n<div class=\"magic-3\">Encuadernaci\u00f3n con grapas, encuadernaci\u00f3n con pegamento, encuadernaci\u00f3n cosida, encuadernaci\u00f3n perfecta, encuadernaci\u00f3n con wire-o, encuadernaci\u00f3n con cinta, etc.<\/div>\n<\/td>\n<\/tr>\n<tr>\n<td>\n<div class=\"magic-2\">Paquete<\/div>\n<\/td>\n<td colspan=\"3\">\n<div class=\"magic-3\">Bolsa retr\u00e1ctil \/ cart\u00f3n o seg\u00fan requisitos<\/div>\n<\/td>\n<\/tr>\n<tr>\n<td>\n<div class=\"magic-2\">Entrega<\/div>\n<\/td>\n<td colspan=\"3\">\n<div class=\"magic-3\">Sujeto a cantidad de pedidos<\/div>\n<\/td>\n<\/tr>\n<tr>\n<td>\n<div class=\"magic-2\">Cotizaci\u00f3n<\/div>\n<\/td>\n<td colspan=\"3\">\n<div class=\"magic-3\">Basado en material, tama\u00f1o, cantidad, color de impresi\u00f3n y acabado, etc.<\/div>\n<\/td>\n<\/tr>\n<\/tbody>\n<\/table>\n<\/div>\n<\/div>","protected":false},"excerpt":{"rendered":"<p data-start=\"517\" data-end=\"941\">Buscando un confiable <strong data-start=\"540\" data-end=\"566\">libro manuscrito personalizado<\/strong> \u00bfProveedor para sus necesidades comerciales a granel? El cuaderno de mostrador de 2 cuadernillos, disponible en <strong data-start=\"649\" data-end=\"673\">Tama\u00f1os A6, A5 y A4<\/strong>Es una opci\u00f3n popular entre escuelas, oficinas y papeler\u00edas de \u00c1frica, Oriente Medio y otros lugares. Conocido por su encuadernaci\u00f3n resistente, rayado uniforme y dise\u00f1o limpio, este cuaderno est\u00e1 dise\u00f1ado para facilitar la escritura y el registro de tareas a largo plazo.<\/p>\n<p data-start=\"943\" data-end=\"1256\">Ya sea que est\u00e9 buscando <strong data-start=\"971\" data-end=\"999\">instituciones educativas<\/strong>, <strong data-start=\"1001\" data-end=\"1018\">uso corporativo<\/strong>, o <strong data-start=\"1023\" data-end=\"1050\">distribuci\u00f3n de papeler\u00eda<\/strong>, a <strong data-start=\"1054\" data-end=\"1074\">Cuaderno de 2 hojas<\/strong> Ofrece el equilibrio perfecto entre capacidad y portabilidad. Elija entre diversos materiales de cubierta, n\u00famero de p\u00e1ginas y opciones de personalizaci\u00f3n, como logotipos, colores y dise\u00f1os interiores.<\/p>\n<p data-start=\"1258\" data-end=\"1543\">Como profesional <strong data-start=\"1276\" data-end=\"1301\">fabricante de port\u00e1tiles<\/strong>Ofrecemos soluciones OEM\/ODM flexibles, precios mayoristas competitivos y plazos de entrega r\u00e1pidos. Nuestros cuadernos est\u00e1n impresos con papel premium que resiste el corrimiento de tinta y permite una escritura fluida, lo que los hace ideales tanto para usuarios de bol\u00edgrafo como de l\u00e1piz.<\/p>\n<p data-start=\"1545\" data-end=\"1738\">Si est\u00e1 planeando importar <strong data-start=\"1574\" data-end=\"1591\">libros de mostrador<\/strong> o <strong data-start=\"1595\" data-end=\"1619\">cuadernos manuscritos<\/strong> Si necesita productos al por mayor, cont\u00e1ctenos hoy mismo. Reciba asesoramiento experto, muestras gratuitas y opciones personalizadas adaptadas a las necesidades de su mercado.<\/p>\n<p data-start=\"1545\" data-end=\"1738\">\n<p data-start=\"1545\" data-end=\"1738\"><strong>Proveedor:<\/strong> Impresi\u00f3n a color<br \/>\n<strong>Vinculante:<\/strong>Encuadernaci\u00f3n con cinta, grapas y costura<br \/>\n<strong>Tama\u00f1o:<\/strong> A3 \/ A4 \/ A5 \/ A6 \/ B5 o personalizado<br \/>\n<strong>Tipo:<\/strong>Libro de mostrador de tapa dura<br \/>\n<strong>Material de la cubierta<\/strong>\uff1aDisponible a medida<br \/>\n<strong>Impresi\u00f3n:<\/strong>Impresi\u00f3n offset 4c<br \/>\n<strong>Hojas:<\/strong> 32\/50\/100\/200\/288\/300 hojas<br \/>\n<strong>Embalaje:<\/strong> Embalaje regular (bolsa retr\u00e1ctil y caja de cart\u00f3n) o seg\u00fan solicitud del cliente.<br \/>\n<strong>Logo:<\/strong>Aceptar logotipo personalizado<br \/>\n<strong>Cantidad m\u00ednima de pedido:<\/strong> 5000 piezas<br \/>\n<strong>Fabricante de equipos originales:<\/strong> S\u00ed<\/p>","protected":false},"featured_media":15720,"comment_status":"open","ping_status":"closed","template":"","meta":[],"product_brand":[],"product_cat":[449],"product_tag":[684,350,685,683],"class_list":{"0":"post-15715","1":"product","2":"type-product","3":"status-publish","4":"has-post-thumbnail","6":"product_cat-hardcover-notebook","7":"product_tag-2-quire-counter-notebook","8":"product_tag-a4-counter-book","9":"product_tag-custom-manuscript-book","10":"product_tag-hardcover-counter-book","12":"first","13":"instock","14":"shipping-taxable","15":"product-type-simple"},"yoast_head":"<!-- This site is optimized with the Yoast SEO Premium plugin v23.9 (Yoast SEO v25.2) - https:\/\/yoast.com\/wordpress\/plugins\/seo\/ -->\n<title>Custom Manuscript Book | 2 Quire Counter Notebook A6 A4<\/title>\n<meta name=\"description\" content=\"Buy high-quality Custom Manuscript Books in 2 Quire format. Available in A6, A5, and A4 sizes. Perfect for school, office, or wholesale supply needs.\" \/>\n<meta name=\"robots\" content=\"index, follow, max-snippet:-1, max-image-preview:large, max-video-preview:-1\" \/>\n<link rel=\"canonical\" href=\"https:\/\/www.colorflyprinting.com\/es\/producto\/cuaderno-de-notas-personalizado-con-2-hojas-de-papel-a6-a5-y-a4\/\" \/>\n<meta property=\"og:locale\" content=\"es_ES\" \/>\n<meta property=\"og:type\" content=\"article\" \/>\n<meta property=\"og:title\" content=\"Custom Manuscript Book 2 Quire Counter Notebook A6 A5 A4\" \/>\n<meta property=\"og:description\" content=\"Buy high-quality Custom Manuscript Books in 2 Quire format. Available in A6, A5, and A4 sizes. Perfect for school, office, or wholesale supply needs.\" \/>\n<meta property=\"og:url\" content=\"https:\/\/www.colorflyprinting.com\/es\/producto\/cuaderno-de-notas-personalizado-con-2-hojas-de-papel-a6-a5-y-a4\/\" \/>\n<meta property=\"og:site_name\" content=\"colorflyprinting\" \/>\n<meta property=\"article:modified_time\" content=\"2025-12-02T06:09:39+00:00\" \/>\n<meta property=\"og:image\" content=\"https:\/\/www.colorflyprinting.com\/wp-content\/uploads\/2025\/05\/Main-07-4.jpg\" \/>\n\t<meta property=\"og:image:width\" content=\"700\" \/>\n\t<meta property=\"og:image:height\" content=\"700\" \/>\n\t<meta property=\"og:image:type\" content=\"image\/jpeg\" \/>\n<meta name=\"twitter:card\" content=\"summary_large_image\" \/>\n<meta name=\"twitter:label1\" content=\"Est. reading time\" \/>\n\t<meta name=\"twitter:data1\" content=\"1 minuto\" \/>\n<script type=\"application\/ld+json\" class=\"yoast-schema-graph\">{\"@context\":\"https:\/\/schema.org\",\"@graph\":[{\"@type\":\"WebPage\",\"@id\":\"https:\/\/www.colorflyprinting.com\/product\/custom-manuscript-book-2-quire-counter-notebook-a6-a5-a4\/\",\"url\":\"https:\/\/www.colorflyprinting.com\/product\/custom-manuscript-book-2-quire-counter-notebook-a6-a5-a4\/\",\"name\":\"Custom Manuscript Book | 2 Quire Counter Notebook A6 A4\",\"isPartOf\":{\"@id\":\"https:\/\/www.colorflyprinting.com\/#website\"},\"primaryImageOfPage\":{\"@id\":\"https:\/\/www.colorflyprinting.com\/product\/custom-manuscript-book-2-quire-counter-notebook-a6-a5-a4\/#primaryimage\"},\"image\":{\"@id\":\"https:\/\/www.colorflyprinting.com\/product\/custom-manuscript-book-2-quire-counter-notebook-a6-a5-a4\/#primaryimage\"},\"thumbnailUrl\":\"https:\/\/www.colorflyprinting.com\/wp-content\/uploads\/2025\/05\/Main-07-4.jpg\",\"datePublished\":\"2025-05-22T06:48:22+00:00\",\"dateModified\":\"2025-12-02T06:09:39+00:00\",\"description\":\"Buy high-quality Custom Manuscript Books in 2 Quire format. Available in A6, A5, and A4 sizes. Perfect for school, office, or wholesale supply needs.\",\"breadcrumb\":{\"@id\":\"https:\/\/www.colorflyprinting.com\/product\/custom-manuscript-book-2-quire-counter-notebook-a6-a5-a4\/#breadcrumb\"},\"inLanguage\":\"es-CR\",\"potentialAction\":[{\"@type\":\"ReadAction\",\"target\":[\"https:\/\/www.colorflyprinting.com\/product\/custom-manuscript-book-2-quire-counter-notebook-a6-a5-a4\/\"]}]},{\"@type\":\"ImageObject\",\"inLanguage\":\"es-CR\",\"@id\":\"https:\/\/www.colorflyprinting.com\/product\/custom-manuscript-book-2-quire-counter-notebook-a6-a5-a4\/#primaryimage\",\"url\":\"https:\/\/www.colorflyprinting.com\/wp-content\/uploads\/2025\/05\/Main-07-4.jpg\",\"contentUrl\":\"https:\/\/www.colorflyprinting.com\/wp-content\/uploads\/2025\/05\/Main-07-4.jpg\",\"width\":700,\"height\":700},{\"@type\":\"BreadcrumbList\",\"@id\":\"https:\/\/www.colorflyprinting.com\/product\/custom-manuscript-book-2-quire-counter-notebook-a6-a5-a4\/#breadcrumb\",\"itemListElement\":[{\"@type\":\"ListItem\",\"position\":1,\"name\":\"Home\",\"item\":\"https:\/\/www.colorflyprinting.com\/\"},{\"@type\":\"ListItem\",\"position\":2,\"name\":\"Product\",\"item\":\"https:\/\/www.colorflyprinting.com\/shop\/\"},{\"@type\":\"ListItem\",\"position\":3,\"name\":\"Custom Manuscript Book 2 Quire Counter Notebook A6 A5 A4\"}]},{\"@type\":\"WebSite\",\"@id\":\"https:\/\/www.colorflyprinting.com\/#website\",\"url\":\"https:\/\/www.colorflyprinting.com\/\",\"name\":\"Hefei Colorfly Stationery Co.,Ltd.\",\"description\":\"\",\"publisher\":{\"@id\":\"https:\/\/www.colorflyprinting.com\/#organization\"},\"potentialAction\":[{\"@type\":\"SearchAction\",\"target\":{\"@type\":\"EntryPoint\",\"urlTemplate\":\"https:\/\/www.colorflyprinting.com\/?s={search_term_string}\"},\"query-input\":{\"@type\":\"PropertyValueSpecification\",\"valueRequired\":true,\"valueName\":\"search_term_string\"}}],\"inLanguage\":\"es-CR\"},{\"@type\":\"Organization\",\"@id\":\"https:\/\/www.colorflyprinting.com\/#organization\",\"name\":\"Hefei Colorfly Stationery Co.,Ltd.\",\"url\":\"https:\/\/www.colorflyprinting.com\/\",\"logo\":{\"@type\":\"ImageObject\",\"inLanguage\":\"es-CR\",\"@id\":\"https:\/\/www.colorflyprinting.com\/#\/schema\/logo\/image\/\",\"url\":\"https:\/\/www.colorflyprinting.com\/wp-content\/uploads\/2025\/04\/d167665f943610681229e2f4307b9df.jpg\",\"contentUrl\":\"https:\/\/www.colorflyprinting.com\/wp-content\/uploads\/2025\/04\/d167665f943610681229e2f4307b9df.jpg\",\"width\":780,\"height\":780,\"caption\":\"Hefei Colorfly Stationery Co.,Ltd.\"},\"image\":{\"@id\":\"https:\/\/www.colorflyprinting.com\/#\/schema\/logo\/image\/\"}}]}<\/script>\n<!-- \/ Yoast SEO Premium plugin. -->","yoast_head_json":{"title":"Custom Manuscript Book | 2 Quire Counter Notebook A6 A4","description":"Buy high-quality Custom Manuscript Books in 2 Quire format. Available in A6, A5, and A4 sizes. Perfect for school, office, or wholesale supply needs.","robots":{"index":"index","follow":"follow","max-snippet":"max-snippet:-1","max-image-preview":"max-image-preview:large","max-video-preview":"max-video-preview:-1"},"canonical":"https:\/\/www.colorflyprinting.com\/es\/producto\/cuaderno-de-notas-personalizado-con-2-hojas-de-papel-a6-a5-y-a4\/","og_locale":"es_ES","og_type":"article","og_title":"Custom Manuscript Book 2 Quire Counter Notebook A6 A5 A4","og_description":"Buy high-quality Custom Manuscript Books in 2 Quire format. Available in A6, A5, and A4 sizes. Perfect for school, office, or wholesale supply needs.","og_url":"https:\/\/www.colorflyprinting.com\/es\/producto\/cuaderno-de-notas-personalizado-con-2-hojas-de-papel-a6-a5-y-a4\/","og_site_name":"colorflyprinting","article_modified_time":"2025-12-02T06:09:39+00:00","og_image":[{"width":700,"height":700,"url":"https:\/\/www.colorflyprinting.com\/wp-content\/uploads\/2025\/05\/Main-07-4.jpg","type":"image\/jpeg"}],"twitter_card":"summary_large_image","twitter_misc":{"Est. reading time":"1 minuto"},"schema":{"@context":"https:\/\/schema.org","@graph":[{"@type":"WebPage","@id":"https:\/\/www.colorflyprinting.com\/product\/custom-manuscript-book-2-quire-counter-notebook-a6-a5-a4\/","url":"https:\/\/www.colorflyprinting.com\/product\/custom-manuscript-book-2-quire-counter-notebook-a6-a5-a4\/","name":"Custom Manuscript Book | 2 Quire Counter Notebook A6 A4","isPartOf":{"@id":"https:\/\/www.colorflyprinting.com\/#website"},"primaryImageOfPage":{"@id":"https:\/\/www.colorflyprinting.com\/product\/custom-manuscript-book-2-quire-counter-notebook-a6-a5-a4\/#primaryimage"},"image":{"@id":"https:\/\/www.colorflyprinting.com\/product\/custom-manuscript-book-2-quire-counter-notebook-a6-a5-a4\/#primaryimage"},"thumbnailUrl":"https:\/\/www.colorflyprinting.com\/wp-content\/uploads\/2025\/05\/Main-07-4.jpg","datePublished":"2025-05-22T06:48:22+00:00","dateModified":"2025-12-02T06:09:39+00:00","description":"Buy high-quality Custom Manuscript Books in 2 Quire format. Available in A6, A5, and A4 sizes. Perfect for school, office, or wholesale supply needs.","breadcrumb":{"@id":"https:\/\/www.colorflyprinting.com\/product\/custom-manuscript-book-2-quire-counter-notebook-a6-a5-a4\/#breadcrumb"},"inLanguage":"es-CR","potentialAction":[{"@type":"ReadAction","target":["https:\/\/www.colorflyprinting.com\/product\/custom-manuscript-book-2-quire-counter-notebook-a6-a5-a4\/"]}]},{"@type":"ImageObject","inLanguage":"es-CR","@id":"https:\/\/www.colorflyprinting.com\/product\/custom-manuscript-book-2-quire-counter-notebook-a6-a5-a4\/#primaryimage","url":"https:\/\/www.colorflyprinting.com\/wp-content\/uploads\/2025\/05\/Main-07-4.jpg","contentUrl":"https:\/\/www.colorflyprinting.com\/wp-content\/uploads\/2025\/05\/Main-07-4.jpg","width":700,"height":700},{"@type":"BreadcrumbList","@id":"https:\/\/www.colorflyprinting.com\/product\/custom-manuscript-book-2-quire-counter-notebook-a6-a5-a4\/#breadcrumb","itemListElement":[{"@type":"ListItem","position":1,"name":"Home","item":"https:\/\/www.colorflyprinting.com\/"},{"@type":"ListItem","position":2,"name":"Product","item":"https:\/\/www.colorflyprinting.com\/shop\/"},{"@type":"ListItem","position":3,"name":"Custom Manuscript Book 2 Quire Counter Notebook A6 A5 A4"}]},{"@type":"WebSite","@id":"https:\/\/www.colorflyprinting.com\/#website","url":"https:\/\/www.colorflyprinting.com\/","name":"Hefei Colorfly Stationery Co.,Ltd.","description":"","publisher":{"@id":"https:\/\/www.colorflyprinting.com\/#organization"},"potentialAction":[{"@type":"SearchAction","target":{"@type":"EntryPoint","urlTemplate":"https:\/\/www.colorflyprinting.com\/?s={search_term_string}"},"query-input":{"@type":"PropertyValueSpecification","valueRequired":true,"valueName":"search_term_string"}}],"inLanguage":"es-CR"},{"@type":"Organization","@id":"https:\/\/www.colorflyprinting.com\/#organization","name":"Hefei Colorfly Stationery Co.,Ltd.","url":"https:\/\/www.colorflyprinting.com\/","logo":{"@type":"ImageObject","inLanguage":"es-CR","@id":"https:\/\/www.colorflyprinting.com\/#\/schema\/logo\/image\/","url":"https:\/\/www.colorflyprinting.com\/wp-content\/uploads\/2025\/04\/d167665f943610681229e2f4307b9df.jpg","contentUrl":"https:\/\/www.colorflyprinting.com\/wp-content\/uploads\/2025\/04\/d167665f943610681229e2f4307b9df.jpg","width":780,"height":780,"caption":"Hefei Colorfly Stationery Co.,Ltd."},"image":{"@id":"https:\/\/www.colorflyprinting.com\/#\/schema\/logo\/image\/"}}]}},"_links":{"self":[{"href":"https:\/\/www.colorflyprinting.com\/es\/wp-json\/wp\/v2\/product\/15715","targetHints":{"allow":["GET"]}}],"collection":[{"href":"https:\/\/www.colorflyprinting.com\/es\/wp-json\/wp\/v2\/product"}],"about":[{"href":"https:\/\/www.colorflyprinting.com\/es\/wp-json\/wp\/v2\/types\/product"}],"replies":[{"embeddable":true,"href":"https:\/\/www.colorflyprinting.com\/es\/wp-json\/wp\/v2\/comments?post=15715"}],"wp:featuredmedia":[{"embeddable":true,"href":"https:\/\/www.colorflyprinting.com\/es\/wp-json\/wp\/v2\/media\/15720"}],"wp:attachment":[{"href":"https:\/\/www.colorflyprinting.com\/es\/wp-json\/wp\/v2\/media?parent=15715"}],"wp:term":[{"taxonomy":"product_brand","embeddable":true,"href":"https:\/\/www.colorflyprinting.com\/es\/wp-json\/wp\/v2\/product_brand?post=15715"},{"taxonomy":"product_cat","embeddable":true,"href":"https:\/\/www.colorflyprinting.com\/es\/wp-json\/wp\/v2\/product_cat?post=15715"},{"taxonomy":"product_tag","embeddable":true,"href":"https:\/\/www.colorflyprinting.com\/es\/wp-json\/wp\/v2\/product_tag?post=15715"}],"curies":[{"name":"wp","href":"https:\/\/api.w.org\/{rel}","templated":true}]}}