{"id":14898,"date":"2025-05-14T07:05:33","date_gmt":"2025-05-14T07:05:33","guid":{"rendered":"https:\/\/www.colorflyprinting.com\/?post_type=product&#038;p=14898"},"modified":"2025-12-02T05:59:44","modified_gmt":"2025-12-02T05:59:44","slug":"wholesale-venezuela-composition-books-100-pages-bulk-supply14898","status":"publish","type":"product","link":"https:\/\/www.colorflyprinting.com\/es\/producto\/cuadernos-de-composicion-venezolanos-al-por-mayor-100-paginas-suministro-al-por-mayor-14898\/","title":{"rendered":"Cuadernos de composici\u00f3n venezolanos al por mayor | Suministro al por mayor de 100 p\u00e1ginas"},"content":{"rendered":"<div class=\"J_module\">\n<div class=\"detail-decorate-json-renderer-container\">\n<div class=\"magic-1\">\n<div class=\"magic-2\">\n<div class=\"magic-3\">\n<div class=\"magic-4\">\n<div><b><span class=\"magic-5\"><span data-spm-anchor-id=\"a2700.details-description.0.i0.2cf5sflFsflFpQ\">Cuaderno de composici\u00f3n escolar americano A4 de 100 p\u00e1ginas para estudiantes<\/span><\/span><\/b><\/div>\n<\/div>\n<\/div>\n<\/div>\n<\/div>\n<\/div>\n<\/div>\n<div class=\"J_module\">\n<div class=\"ife-detail-decorate-table\">\n<table class=\"all magic-6\">\n<tbody>\n<tr>\n<td colspan=\"1\" rowspan=\"1\">\n<div class=\"magic-7\">Nombre del art\u00edculo<\/div>\n<\/td>\n<td colspan=\"1\" rowspan=\"1\">\n<div class=\"magic-8\">Cuaderno de composici\u00f3n escolar americano A4 de 100 p\u00e1ginas para estudiantes<\/div>\n<\/td>\n<\/tr>\n<tr>\n<td colspan=\"1\" rowspan=\"1\">\n<div class=\"magic-7\">P\u00e1ginas<\/div>\n<\/td>\n<td colspan=\"1\" rowspan=\"1\">\n<div class=\"magic-8\">100\/200 p\u00e1ginas o personalizadas<\/div>\n<\/td>\n<\/tr>\n<tr>\n<td colspan=\"1\" rowspan=\"1\">\n<div class=\"magic-7\">Vinculante<\/div>\n<\/td>\n<td colspan=\"1\" rowspan=\"1\">\n<div class=\"magic-8\">Encuadernaci\u00f3n con grapas\/Encuadernaci\u00f3n con costura\/Encuadernaci\u00f3n con cinta<\/div>\n<\/td>\n<\/tr>\n<tr>\n<td colspan=\"1\" rowspan=\"1\">\n<div class=\"magic-7\">Cantidad m\u00ednima de pedido<\/div>\n<\/td>\n<td colspan=\"1\" rowspan=\"1\">\n<div class=\"magic-8\">60000 piezas<\/div>\n<\/td>\n<\/tr>\n<tr>\n<td colspan=\"1\" rowspan=\"1\">\n<div class=\"magic-7\">Interior impreso<\/div>\n<\/td>\n<td colspan=\"1\" rowspan=\"1\">\n<div class=\"magic-8\">L\u00ednea recta (simple) \/ L\u00ednea francesa \/ L\u00ednea \u00e1rabe \/ Cuadr\u00edcula \/ L\u00ednea doble \/ Ingl\u00e9s de 4 l\u00edneas<\/div>\n<\/td>\n<\/tr>\n<tr>\n<td colspan=\"1\" rowspan=\"1\">\n<div class=\"magic-7\">Embalaje<\/div>\n<\/td>\n<td colspan=\"1\" rowspan=\"1\">\n<div class=\"magic-8\">Bolsa retr\u00e1ctil y caja de cart\u00f3n de exportaci\u00f3n est\u00e1ndar<\/div>\n<\/td>\n<\/tr>\n<tr>\n<td colspan=\"1\" rowspan=\"1\">\n<div class=\"magic-7\">C\u00f3digo HS<\/div>\n<\/td>\n<td colspan=\"1\" rowspan=\"1\">\n<div class=\"magic-8\">48202000<\/div>\n<\/td>\n<\/tr>\n<\/tbody>\n<\/table>\n<\/div>\n<\/div>","protected":false},"excerpt":{"rendered":"<p><strong>Cuadernos de composici\u00f3n venezolanos de 100 p\u00e1ginas para escuelas. Ideales para estudiantes. Proveedor confiable de China que ofrece marca personalizada y precios competitivos al por mayor.<\/strong><\/p>\n<p><strong>Proveedor:<\/strong> Impresi\u00f3n a color<br \/>\n<strong>Vinculante:<\/strong>Encuadernaci\u00f3n con cinta<br \/>\n<strong>Tama\u00f1o:<\/strong> 19*24,7 cm o personalizado<br \/>\n<strong>Tipo:<\/strong>Cuaderno de composici\u00f3n<br \/>\n<strong>Material de la cubierta<\/strong>\uff1aPapel de arte\/pizarra blanca\/personalizado<br \/>\n<strong>Impresi\u00f3n:<\/strong>Impresi\u00f3n offset 4c<br \/>\n<strong>Hojas:<\/strong> 32\/50\/100\/200\/288\/300 hojas<br \/>\n<strong>Embalaje:<\/strong> Embalaje regular (bolsa retr\u00e1ctil y caja de cart\u00f3n) o seg\u00fan solicitud del cliente.<br \/>\n<strong>Logo:<\/strong>Aceptar logotipo personalizado<br \/>\n<strong>Cantidad m\u00ednima de pedido:<\/strong> 10000 piezas<br \/>\n<strong>Fabricante de equipos originales:<\/strong> S\u00ed<\/p>\n<p>&nbsp;<\/p>\n<h2>Nuestro servicio<\/h2>\n<p>Venta directa del fabricante para mayores de 13 a\u00f1os<br \/>\nSoporte de servicio OEM<br \/>\nSoporte para paquetes personalizados<\/p>","protected":false},"featured_media":14903,"comment_status":"open","ping_status":"closed","template":"","meta":[],"product_brand":[],"product_cat":[449],"product_tag":[680,679,678],"class_list":{"0":"post-14898","1":"product","2":"type-product","3":"status-publish","4":"has-post-thumbnail","6":"product_cat-hardcover-notebook","7":"product_tag-composition-book-for-school","8":"product_tag-school-composition-book-bulk","9":"product_tag-wholesale-composition-books","11":"first","12":"instock","13":"shipping-taxable","14":"product-type-simple"},"yoast_head":"<!-- This site is optimized with the Yoast SEO Premium plugin v23.9 (Yoast SEO v25.2) - https:\/\/yoast.com\/wordpress\/plugins\/seo\/ -->\n<title>Wholesale Venezuela Composition Books | 100 Pages Bulk Supply<\/title>\n<meta name=\"description\" content=\"Bulk 100-page Venezuela composition books for schools. Ideal for student use. Reliable China supplier offering custom branding and competitive wholesale prices.\" \/>\n<meta name=\"robots\" content=\"index, follow, max-snippet:-1, max-image-preview:large, max-video-preview:-1\" \/>\n<link rel=\"canonical\" href=\"https:\/\/www.colorflyprinting.com\/es\/producto\/cuadernos-de-composicion-venezolanos-al-por-mayor-100-paginas-suministro-al-por-mayor-14898\/\" \/>\n<meta property=\"og:locale\" content=\"es_ES\" \/>\n<meta property=\"og:type\" content=\"article\" \/>\n<meta property=\"og:title\" content=\"Wholesale Venezuela Composition Books | 100 Pages Bulk Supply\" \/>\n<meta property=\"og:description\" content=\"Bulk 100-page Venezuela composition books for schools. Ideal for student use. Reliable China supplier offering custom branding and competitive wholesale prices.\" \/>\n<meta property=\"og:url\" content=\"https:\/\/www.colorflyprinting.com\/es\/producto\/cuadernos-de-composicion-venezolanos-al-por-mayor-100-paginas-suministro-al-por-mayor-14898\/\" \/>\n<meta property=\"og:site_name\" content=\"colorflyprinting\" \/>\n<meta property=\"article:modified_time\" content=\"2025-12-02T05:59:44+00:00\" \/>\n<meta property=\"og:image\" content=\"https:\/\/www.colorflyprinting.com\/wp-content\/uploads\/2025\/05\/Main-01-8.jpg\" \/>\n\t<meta property=\"og:image:width\" content=\"1000\" \/>\n\t<meta property=\"og:image:height\" content=\"1000\" \/>\n\t<meta property=\"og:image:type\" content=\"image\/jpeg\" \/>\n<meta name=\"twitter:card\" content=\"summary_large_image\" \/>\n<script type=\"application\/ld+json\" class=\"yoast-schema-graph\">{\"@context\":\"https:\/\/schema.org\",\"@graph\":[{\"@type\":\"WebPage\",\"@id\":\"https:\/\/www.colorflyprinting.com\/product\/wholesale-venezuela-composition-books-100-pages-bulk-supply14898\/\",\"url\":\"https:\/\/www.colorflyprinting.com\/product\/wholesale-venezuela-composition-books-100-pages-bulk-supply14898\/\",\"name\":\"Wholesale Venezuela Composition Books | 100 Pages Bulk Supply\",\"isPartOf\":{\"@id\":\"https:\/\/www.colorflyprinting.com\/#website\"},\"primaryImageOfPage\":{\"@id\":\"https:\/\/www.colorflyprinting.com\/product\/wholesale-venezuela-composition-books-100-pages-bulk-supply14898\/#primaryimage\"},\"image\":{\"@id\":\"https:\/\/www.colorflyprinting.com\/product\/wholesale-venezuela-composition-books-100-pages-bulk-supply14898\/#primaryimage\"},\"thumbnailUrl\":\"https:\/\/www.colorflyprinting.com\/wp-content\/uploads\/2025\/05\/Main-01-8.jpg\",\"datePublished\":\"2025-05-14T07:05:33+00:00\",\"dateModified\":\"2025-12-02T05:59:44+00:00\",\"description\":\"Bulk 100-page Venezuela composition books for schools. Ideal for student use. Reliable China supplier offering custom branding and competitive wholesale prices.\",\"breadcrumb\":{\"@id\":\"https:\/\/www.colorflyprinting.com\/product\/wholesale-venezuela-composition-books-100-pages-bulk-supply14898\/#breadcrumb\"},\"inLanguage\":\"es-CR\",\"potentialAction\":[{\"@type\":\"ReadAction\",\"target\":[\"https:\/\/www.colorflyprinting.com\/product\/wholesale-venezuela-composition-books-100-pages-bulk-supply14898\/\"]}]},{\"@type\":\"ImageObject\",\"inLanguage\":\"es-CR\",\"@id\":\"https:\/\/www.colorflyprinting.com\/product\/wholesale-venezuela-composition-books-100-pages-bulk-supply14898\/#primaryimage\",\"url\":\"https:\/\/www.colorflyprinting.com\/wp-content\/uploads\/2025\/05\/Main-01-8.jpg\",\"contentUrl\":\"https:\/\/www.colorflyprinting.com\/wp-content\/uploads\/2025\/05\/Main-01-8.jpg\",\"width\":1000,\"height\":1000},{\"@type\":\"BreadcrumbList\",\"@id\":\"https:\/\/www.colorflyprinting.com\/product\/wholesale-venezuela-composition-books-100-pages-bulk-supply14898\/#breadcrumb\",\"itemListElement\":[{\"@type\":\"ListItem\",\"position\":1,\"name\":\"Home\",\"item\":\"https:\/\/www.colorflyprinting.com\/\"},{\"@type\":\"ListItem\",\"position\":2,\"name\":\"Product\",\"item\":\"https:\/\/www.colorflyprinting.com\/shop\/\"},{\"@type\":\"ListItem\",\"position\":3,\"name\":\"Wholesale Venezuela Composition Books | 100 Pages Bulk Supply\"}]},{\"@type\":\"WebSite\",\"@id\":\"https:\/\/www.colorflyprinting.com\/#website\",\"url\":\"https:\/\/www.colorflyprinting.com\/\",\"name\":\"Hefei Colorfly Stationery Co.,Ltd.\",\"description\":\"\",\"publisher\":{\"@id\":\"https:\/\/www.colorflyprinting.com\/#organization\"},\"potentialAction\":[{\"@type\":\"SearchAction\",\"target\":{\"@type\":\"EntryPoint\",\"urlTemplate\":\"https:\/\/www.colorflyprinting.com\/?s={search_term_string}\"},\"query-input\":{\"@type\":\"PropertyValueSpecification\",\"valueRequired\":true,\"valueName\":\"search_term_string\"}}],\"inLanguage\":\"es-CR\"},{\"@type\":\"Organization\",\"@id\":\"https:\/\/www.colorflyprinting.com\/#organization\",\"name\":\"Hefei Colorfly Stationery Co.,Ltd.\",\"url\":\"https:\/\/www.colorflyprinting.com\/\",\"logo\":{\"@type\":\"ImageObject\",\"inLanguage\":\"es-CR\",\"@id\":\"https:\/\/www.colorflyprinting.com\/#\/schema\/logo\/image\/\",\"url\":\"https:\/\/www.colorflyprinting.com\/wp-content\/uploads\/2025\/04\/d167665f943610681229e2f4307b9df.jpg\",\"contentUrl\":\"https:\/\/www.colorflyprinting.com\/wp-content\/uploads\/2025\/04\/d167665f943610681229e2f4307b9df.jpg\",\"width\":780,\"height\":780,\"caption\":\"Hefei Colorfly Stationery Co.,Ltd.\"},\"image\":{\"@id\":\"https:\/\/www.colorflyprinting.com\/#\/schema\/logo\/image\/\"}}]}<\/script>\n<!-- \/ Yoast SEO Premium plugin. -->","yoast_head_json":{"title":"Wholesale Venezuela Composition Books | 100 Pages Bulk Supply","description":"Bulk 100-page Venezuela composition books for schools. Ideal for student use. Reliable China supplier offering custom branding and competitive wholesale prices.","robots":{"index":"index","follow":"follow","max-snippet":"max-snippet:-1","max-image-preview":"max-image-preview:large","max-video-preview":"max-video-preview:-1"},"canonical":"https:\/\/www.colorflyprinting.com\/es\/producto\/cuadernos-de-composicion-venezolanos-al-por-mayor-100-paginas-suministro-al-por-mayor-14898\/","og_locale":"es_ES","og_type":"article","og_title":"Wholesale Venezuela Composition Books | 100 Pages Bulk Supply","og_description":"Bulk 100-page Venezuela composition books for schools. Ideal for student use. Reliable China supplier offering custom branding and competitive wholesale prices.","og_url":"https:\/\/www.colorflyprinting.com\/es\/producto\/cuadernos-de-composicion-venezolanos-al-por-mayor-100-paginas-suministro-al-por-mayor-14898\/","og_site_name":"colorflyprinting","article_modified_time":"2025-12-02T05:59:44+00:00","og_image":[{"width":1000,"height":1000,"url":"https:\/\/www.colorflyprinting.com\/wp-content\/uploads\/2025\/05\/Main-01-8.jpg","type":"image\/jpeg"}],"twitter_card":"summary_large_image","schema":{"@context":"https:\/\/schema.org","@graph":[{"@type":"WebPage","@id":"https:\/\/www.colorflyprinting.com\/product\/wholesale-venezuela-composition-books-100-pages-bulk-supply14898\/","url":"https:\/\/www.colorflyprinting.com\/product\/wholesale-venezuela-composition-books-100-pages-bulk-supply14898\/","name":"Wholesale Venezuela Composition Books | 100 Pages Bulk Supply","isPartOf":{"@id":"https:\/\/www.colorflyprinting.com\/#website"},"primaryImageOfPage":{"@id":"https:\/\/www.colorflyprinting.com\/product\/wholesale-venezuela-composition-books-100-pages-bulk-supply14898\/#primaryimage"},"image":{"@id":"https:\/\/www.colorflyprinting.com\/product\/wholesale-venezuela-composition-books-100-pages-bulk-supply14898\/#primaryimage"},"thumbnailUrl":"https:\/\/www.colorflyprinting.com\/wp-content\/uploads\/2025\/05\/Main-01-8.jpg","datePublished":"2025-05-14T07:05:33+00:00","dateModified":"2025-12-02T05:59:44+00:00","description":"Bulk 100-page Venezuela composition books for schools. Ideal for student use. Reliable China supplier offering custom branding and competitive wholesale prices.","breadcrumb":{"@id":"https:\/\/www.colorflyprinting.com\/product\/wholesale-venezuela-composition-books-100-pages-bulk-supply14898\/#breadcrumb"},"inLanguage":"es-CR","potentialAction":[{"@type":"ReadAction","target":["https:\/\/www.colorflyprinting.com\/product\/wholesale-venezuela-composition-books-100-pages-bulk-supply14898\/"]}]},{"@type":"ImageObject","inLanguage":"es-CR","@id":"https:\/\/www.colorflyprinting.com\/product\/wholesale-venezuela-composition-books-100-pages-bulk-supply14898\/#primaryimage","url":"https:\/\/www.colorflyprinting.com\/wp-content\/uploads\/2025\/05\/Main-01-8.jpg","contentUrl":"https:\/\/www.colorflyprinting.com\/wp-content\/uploads\/2025\/05\/Main-01-8.jpg","width":1000,"height":1000},{"@type":"BreadcrumbList","@id":"https:\/\/www.colorflyprinting.com\/product\/wholesale-venezuela-composition-books-100-pages-bulk-supply14898\/#breadcrumb","itemListElement":[{"@type":"ListItem","position":1,"name":"Home","item":"https:\/\/www.colorflyprinting.com\/"},{"@type":"ListItem","position":2,"name":"Product","item":"https:\/\/www.colorflyprinting.com\/shop\/"},{"@type":"ListItem","position":3,"name":"Wholesale Venezuela Composition Books | 100 Pages Bulk Supply"}]},{"@type":"WebSite","@id":"https:\/\/www.colorflyprinting.com\/#website","url":"https:\/\/www.colorflyprinting.com\/","name":"Hefei Colorfly Stationery Co.,Ltd.","description":"","publisher":{"@id":"https:\/\/www.colorflyprinting.com\/#organization"},"potentialAction":[{"@type":"SearchAction","target":{"@type":"EntryPoint","urlTemplate":"https:\/\/www.colorflyprinting.com\/?s={search_term_string}"},"query-input":{"@type":"PropertyValueSpecification","valueRequired":true,"valueName":"search_term_string"}}],"inLanguage":"es-CR"},{"@type":"Organization","@id":"https:\/\/www.colorflyprinting.com\/#organization","name":"Hefei Colorfly Stationery Co.,Ltd.","url":"https:\/\/www.colorflyprinting.com\/","logo":{"@type":"ImageObject","inLanguage":"es-CR","@id":"https:\/\/www.colorflyprinting.com\/#\/schema\/logo\/image\/","url":"https:\/\/www.colorflyprinting.com\/wp-content\/uploads\/2025\/04\/d167665f943610681229e2f4307b9df.jpg","contentUrl":"https:\/\/www.colorflyprinting.com\/wp-content\/uploads\/2025\/04\/d167665f943610681229e2f4307b9df.jpg","width":780,"height":780,"caption":"Hefei Colorfly Stationery Co.,Ltd."},"image":{"@id":"https:\/\/www.colorflyprinting.com\/#\/schema\/logo\/image\/"}}]}},"_links":{"self":[{"href":"https:\/\/www.colorflyprinting.com\/es\/wp-json\/wp\/v2\/product\/14898","targetHints":{"allow":["GET"]}}],"collection":[{"href":"https:\/\/www.colorflyprinting.com\/es\/wp-json\/wp\/v2\/product"}],"about":[{"href":"https:\/\/www.colorflyprinting.com\/es\/wp-json\/wp\/v2\/types\/product"}],"replies":[{"embeddable":true,"href":"https:\/\/www.colorflyprinting.com\/es\/wp-json\/wp\/v2\/comments?post=14898"}],"wp:featuredmedia":[{"embeddable":true,"href":"https:\/\/www.colorflyprinting.com\/es\/wp-json\/wp\/v2\/media\/14903"}],"wp:attachment":[{"href":"https:\/\/www.colorflyprinting.com\/es\/wp-json\/wp\/v2\/media?parent=14898"}],"wp:term":[{"taxonomy":"product_brand","embeddable":true,"href":"https:\/\/www.colorflyprinting.com\/es\/wp-json\/wp\/v2\/product_brand?post=14898"},{"taxonomy":"product_cat","embeddable":true,"href":"https:\/\/www.colorflyprinting.com\/es\/wp-json\/wp\/v2\/product_cat?post=14898"},{"taxonomy":"product_tag","embeddable":true,"href":"https:\/\/www.colorflyprinting.com\/es\/wp-json\/wp\/v2\/product_tag?post=14898"}],"curies":[{"name":"wp","href":"https:\/\/api.w.org\/{rel}","templated":true}]}}