{"id":14875,"date":"2025-05-14T06:23:17","date_gmt":"2025-05-14T06:23:17","guid":{"rendered":"https:\/\/www.colorflyprinting.com\/?post_type=product&#038;p=14875"},"modified":"2025-12-02T06:01:09","modified_gmt":"2025-12-02T06:01:09","slug":"100-pages-vintage-primary-school-composition-notebook-wide-ruled","status":"publish","type":"product","link":"https:\/\/www.colorflyprinting.com\/es\/producto\/cuaderno-de-composicion-vintage-para-escuela-primaria-de-100-paginas-con-renglones-anchos\/","title":{"rendered":"Cuaderno de composici\u00f3n vintage para escuela primaria de 100 p\u00e1ginas con rayas anchas"},"content":{"rendered":"<div class=\"detail-decorate-json-renderer-container\">\n<div class=\"magic-1\">\n<div class=\"magic-2\">\n<div class=\"magic-3\">\n<div class=\"magic-4\"><b><span class=\"magic-5\"><span data-spm-anchor-id=\"a2700.details-description.0.i0.3c2etoJetoJePu\">Cuaderno de composici\u00f3n de alta calidad<\/span><\/span><\/b><\/p>\n<div>* Cuaderno de composici\u00f3n de 19\u00d724,7 cm con esquinas redondeadas<\/div>\n<div>* Cuaderno de composici\u00f3n de rayas anchas<\/div>\n<div><\/div>\n<\/div>\n<\/div>\n<\/div>\n<\/div>\n<\/div>\n<div class=\"ife-detail-decorate-table\">\n<table class=\"has-title is-zebra all magic-6\">\n<tbody>\n<tr>\n<td colspan=\"1\" rowspan=\"1\">\n<div class=\"magic-7\">\u00a0Tama\u00f1o<\/div>\n<\/td>\n<td colspan=\"5\" rowspan=\"1\">\n<div class=\"magic-8\">\n<div data-spm-anchor-id=\"0.0.0.i3.59844f05Z16MVb\">19\u00d724,7 cm o personalizado para cuaderno de ejercicios<\/div>\n<\/div>\n<\/td>\n<\/tr>\n<tr>\n<td colspan=\"1\" rowspan=\"1\">\n<div class=\"magic-7\">P\u00e1ginas<\/div>\n<\/td>\n<td colspan=\"5\" rowspan=\"1\">\n<div class=\"magic-8\">\n<div data-spm-anchor-id=\"0.0.0.i13.59844f05Z16MVb\">100 hojas o personalizadas<\/div>\n<\/div>\n<\/td>\n<\/tr>\n<tr>\n<td colspan=\"1\" rowspan=\"1\">\n<div class=\"magic-7\">Vinculante<\/div>\n<\/td>\n<td colspan=\"5\" rowspan=\"1\">\n<div class=\"magic-8\">Encuadernaci\u00f3n cosida + encuadernaci\u00f3n con cinta<\/div>\n<\/td>\n<\/tr>\n<tr>\n<td colspan=\"1\" rowspan=\"1\">\n<div class=\"magic-7\">Embalaje<\/div>\n<\/td>\n<td colspan=\"5\" rowspan=\"1\">\n<div class=\"magic-8\">6 piezas\/encogimiento, 72 piezas\/caja<\/div>\n<\/td>\n<\/tr>\n<tr>\n<td colspan=\"1\" rowspan=\"1\">\n<div class=\"magic-7\">Cantidad m\u00ednima de pedido<\/div>\n<\/td>\n<td colspan=\"5\" rowspan=\"1\">\n<div class=\"magic-13\">1\u00d720 pies<\/div>\n<\/td>\n<\/tr>\n<tr>\n<td colspan=\"1\" rowspan=\"1\">\n<div class=\"magic-7\">Impresi\u00f3n interior<\/div>\n<\/td>\n<td colspan=\"5\" rowspan=\"1\">\n<div class=\"magic-13\">Raya ancha\/raya universitaria<\/div>\n<\/td>\n<\/tr>\n<\/tbody>\n<\/table>\n<\/div>","protected":false},"excerpt":{"rendered":"<p><strong>Suministro al por mayor de cuadernos de composici\u00f3n vintage de 100 p\u00e1ginas con renglones anchos para primaria. Ideales para compradores B2B que buscan calidad, personalizaci\u00f3n y precios de f\u00e1brica.<\/strong><\/p>\n<p><strong>Proveedor:<\/strong> Impresi\u00f3n a color<br \/>\n<strong>Vinculante:<\/strong>Encuadernaci\u00f3n cosida + encuadernaci\u00f3n con cinta<br \/>\n<strong>Tama\u00f1o:<\/strong> 19 \u00d7 24,7 cm o tama\u00f1o personalizado<br \/>\n<strong>Tipo:<\/strong>Libro de composici\u00f3n primaria<br \/>\n<strong>Material de la cubierta<\/strong>\uff1aTablero de marfil, etc.<br \/>\n<strong>Impresi\u00f3n:<\/strong>Rayas anchas\/rayas universitarias o personalizadas<br \/>\n<strong>Hojas:<\/strong> 50\/100 hojas, etc. o personalizadas<br \/>\n<strong>Embalaje:<\/strong> Bolsa retr\u00e1ctil + cajas de cart\u00f3n o personalizada para cuaderno de composici\u00f3n primaria<br \/>\n<strong>Logo:<\/strong>Aceptar logotipo personalizado<br \/>\n<strong>Cantidad m\u00ednima de pedido:<\/strong> 10000 piezas<br \/>\n<strong>Fabricante de equipos originales:<\/strong> S\u00ed<\/p>\n<p>&nbsp;<\/p>\n<h2>Nuestro servicio<\/h2>\n<p>Venta directa del fabricante para mayores de 13 a\u00f1os<br \/>\nSoporte de servicio OEM<br \/>\nSoporte para paquetes personalizados<\/p>","protected":false},"featured_media":14881,"comment_status":"open","ping_status":"closed","template":"","meta":[],"product_brand":[],"product_cat":[449],"product_tag":[671,669,670],"class_list":{"0":"post-14875","1":"product","2":"type-product","3":"status-publish","4":"has-post-thumbnail","6":"product_cat-hardcover-notebook","7":"product_tag-primary-composition-book","8":"product_tag-primary-school-composition-notebook","9":"product_tag-wide-ruled-notebook","11":"first","12":"instock","13":"shipping-taxable","14":"product-type-simple"},"yoast_head":"<!-- This site is optimized with the Yoast SEO Premium plugin v23.9 (Yoast SEO v25.2) - https:\/\/yoast.com\/wordpress\/plugins\/seo\/ -->\n<title>100 Pages Wide Ruled Composition Notebook for School Bulk<\/title>\n<meta name=\"description\" content=\"Bulk supply of 100 pages vintage wide ruled composition notebooks for primary school. Ideal for B2B buyers seeking quality, customization, and factory pricing.\" \/>\n<meta name=\"robots\" content=\"index, follow, max-snippet:-1, max-image-preview:large, max-video-preview:-1\" \/>\n<link rel=\"canonical\" href=\"https:\/\/www.colorflyprinting.com\/es\/producto\/cuaderno-de-composicion-vintage-para-escuela-primaria-de-100-paginas-con-renglones-anchos\/\" \/>\n<meta property=\"og:locale\" content=\"es_ES\" \/>\n<meta property=\"og:type\" content=\"article\" \/>\n<meta property=\"og:title\" content=\"100 Pages Vintage Primary School Composition Notebook Wide Ruled\" \/>\n<meta property=\"og:description\" content=\"Bulk supply of 100 pages vintage wide ruled composition notebooks for primary school. Ideal for B2B buyers seeking quality, customization, and factory pricing.\" \/>\n<meta property=\"og:url\" content=\"https:\/\/www.colorflyprinting.com\/es\/producto\/cuaderno-de-composicion-vintage-para-escuela-primaria-de-100-paginas-con-renglones-anchos\/\" \/>\n<meta property=\"og:site_name\" content=\"colorflyprinting\" \/>\n<meta property=\"article:modified_time\" content=\"2025-12-02T06:01:09+00:00\" \/>\n<meta property=\"og:image\" content=\"https:\/\/www.colorflyprinting.com\/wp-content\/uploads\/2025\/05\/Main-04-5.jpg\" \/>\n\t<meta property=\"og:image:width\" content=\"750\" \/>\n\t<meta property=\"og:image:height\" content=\"750\" \/>\n\t<meta property=\"og:image:type\" content=\"image\/jpeg\" \/>\n<meta name=\"twitter:card\" content=\"summary_large_image\" \/>\n<script type=\"application\/ld+json\" class=\"yoast-schema-graph\">{\"@context\":\"https:\/\/schema.org\",\"@graph\":[{\"@type\":\"WebPage\",\"@id\":\"https:\/\/www.colorflyprinting.com\/product\/100-pages-vintage-primary-school-composition-notebook-wide-ruled\/\",\"url\":\"https:\/\/www.colorflyprinting.com\/product\/100-pages-vintage-primary-school-composition-notebook-wide-ruled\/\",\"name\":\"100 Pages Wide Ruled Composition Notebook for School Bulk\",\"isPartOf\":{\"@id\":\"https:\/\/www.colorflyprinting.com\/#website\"},\"primaryImageOfPage\":{\"@id\":\"https:\/\/www.colorflyprinting.com\/product\/100-pages-vintage-primary-school-composition-notebook-wide-ruled\/#primaryimage\"},\"image\":{\"@id\":\"https:\/\/www.colorflyprinting.com\/product\/100-pages-vintage-primary-school-composition-notebook-wide-ruled\/#primaryimage\"},\"thumbnailUrl\":\"https:\/\/www.colorflyprinting.com\/wp-content\/uploads\/2025\/05\/Main-04-5.jpg\",\"datePublished\":\"2025-05-14T06:23:17+00:00\",\"dateModified\":\"2025-12-02T06:01:09+00:00\",\"description\":\"Bulk supply of 100 pages vintage wide ruled composition notebooks for primary school. Ideal for B2B buyers seeking quality, customization, and factory pricing.\",\"breadcrumb\":{\"@id\":\"https:\/\/www.colorflyprinting.com\/product\/100-pages-vintage-primary-school-composition-notebook-wide-ruled\/#breadcrumb\"},\"inLanguage\":\"es-CR\",\"potentialAction\":[{\"@type\":\"ReadAction\",\"target\":[\"https:\/\/www.colorflyprinting.com\/product\/100-pages-vintage-primary-school-composition-notebook-wide-ruled\/\"]}]},{\"@type\":\"ImageObject\",\"inLanguage\":\"es-CR\",\"@id\":\"https:\/\/www.colorflyprinting.com\/product\/100-pages-vintage-primary-school-composition-notebook-wide-ruled\/#primaryimage\",\"url\":\"https:\/\/www.colorflyprinting.com\/wp-content\/uploads\/2025\/05\/Main-04-5.jpg\",\"contentUrl\":\"https:\/\/www.colorflyprinting.com\/wp-content\/uploads\/2025\/05\/Main-04-5.jpg\",\"width\":750,\"height\":750},{\"@type\":\"BreadcrumbList\",\"@id\":\"https:\/\/www.colorflyprinting.com\/product\/100-pages-vintage-primary-school-composition-notebook-wide-ruled\/#breadcrumb\",\"itemListElement\":[{\"@type\":\"ListItem\",\"position\":1,\"name\":\"Home\",\"item\":\"https:\/\/www.colorflyprinting.com\/\"},{\"@type\":\"ListItem\",\"position\":2,\"name\":\"Product\",\"item\":\"https:\/\/www.colorflyprinting.com\/shop\/\"},{\"@type\":\"ListItem\",\"position\":3,\"name\":\"100 Pages Vintage Primary School Composition Notebook Wide Ruled\"}]},{\"@type\":\"WebSite\",\"@id\":\"https:\/\/www.colorflyprinting.com\/#website\",\"url\":\"https:\/\/www.colorflyprinting.com\/\",\"name\":\"Hefei Colorfly Stationery Co.,Ltd.\",\"description\":\"\",\"publisher\":{\"@id\":\"https:\/\/www.colorflyprinting.com\/#organization\"},\"potentialAction\":[{\"@type\":\"SearchAction\",\"target\":{\"@type\":\"EntryPoint\",\"urlTemplate\":\"https:\/\/www.colorflyprinting.com\/?s={search_term_string}\"},\"query-input\":{\"@type\":\"PropertyValueSpecification\",\"valueRequired\":true,\"valueName\":\"search_term_string\"}}],\"inLanguage\":\"es-CR\"},{\"@type\":\"Organization\",\"@id\":\"https:\/\/www.colorflyprinting.com\/#organization\",\"name\":\"Hefei Colorfly Stationery Co.,Ltd.\",\"url\":\"https:\/\/www.colorflyprinting.com\/\",\"logo\":{\"@type\":\"ImageObject\",\"inLanguage\":\"es-CR\",\"@id\":\"https:\/\/www.colorflyprinting.com\/#\/schema\/logo\/image\/\",\"url\":\"https:\/\/www.colorflyprinting.com\/wp-content\/uploads\/2025\/04\/d167665f943610681229e2f4307b9df.jpg\",\"contentUrl\":\"https:\/\/www.colorflyprinting.com\/wp-content\/uploads\/2025\/04\/d167665f943610681229e2f4307b9df.jpg\",\"width\":780,\"height\":780,\"caption\":\"Hefei Colorfly Stationery Co.,Ltd.\"},\"image\":{\"@id\":\"https:\/\/www.colorflyprinting.com\/#\/schema\/logo\/image\/\"}}]}<\/script>\n<!-- \/ Yoast SEO Premium plugin. -->","yoast_head_json":{"title":"100 Pages Wide Ruled Composition Notebook for School Bulk","description":"Bulk supply of 100 pages vintage wide ruled composition notebooks for primary school. Ideal for B2B buyers seeking quality, customization, and factory pricing.","robots":{"index":"index","follow":"follow","max-snippet":"max-snippet:-1","max-image-preview":"max-image-preview:large","max-video-preview":"max-video-preview:-1"},"canonical":"https:\/\/www.colorflyprinting.com\/es\/producto\/cuaderno-de-composicion-vintage-para-escuela-primaria-de-100-paginas-con-renglones-anchos\/","og_locale":"es_ES","og_type":"article","og_title":"100 Pages Vintage Primary School Composition Notebook Wide Ruled","og_description":"Bulk supply of 100 pages vintage wide ruled composition notebooks for primary school. Ideal for B2B buyers seeking quality, customization, and factory pricing.","og_url":"https:\/\/www.colorflyprinting.com\/es\/producto\/cuaderno-de-composicion-vintage-para-escuela-primaria-de-100-paginas-con-renglones-anchos\/","og_site_name":"colorflyprinting","article_modified_time":"2025-12-02T06:01:09+00:00","og_image":[{"width":750,"height":750,"url":"https:\/\/www.colorflyprinting.com\/wp-content\/uploads\/2025\/05\/Main-04-5.jpg","type":"image\/jpeg"}],"twitter_card":"summary_large_image","schema":{"@context":"https:\/\/schema.org","@graph":[{"@type":"WebPage","@id":"https:\/\/www.colorflyprinting.com\/product\/100-pages-vintage-primary-school-composition-notebook-wide-ruled\/","url":"https:\/\/www.colorflyprinting.com\/product\/100-pages-vintage-primary-school-composition-notebook-wide-ruled\/","name":"100 Pages Wide Ruled Composition Notebook for School Bulk","isPartOf":{"@id":"https:\/\/www.colorflyprinting.com\/#website"},"primaryImageOfPage":{"@id":"https:\/\/www.colorflyprinting.com\/product\/100-pages-vintage-primary-school-composition-notebook-wide-ruled\/#primaryimage"},"image":{"@id":"https:\/\/www.colorflyprinting.com\/product\/100-pages-vintage-primary-school-composition-notebook-wide-ruled\/#primaryimage"},"thumbnailUrl":"https:\/\/www.colorflyprinting.com\/wp-content\/uploads\/2025\/05\/Main-04-5.jpg","datePublished":"2025-05-14T06:23:17+00:00","dateModified":"2025-12-02T06:01:09+00:00","description":"Bulk supply of 100 pages vintage wide ruled composition notebooks for primary school. Ideal for B2B buyers seeking quality, customization, and factory pricing.","breadcrumb":{"@id":"https:\/\/www.colorflyprinting.com\/product\/100-pages-vintage-primary-school-composition-notebook-wide-ruled\/#breadcrumb"},"inLanguage":"es-CR","potentialAction":[{"@type":"ReadAction","target":["https:\/\/www.colorflyprinting.com\/product\/100-pages-vintage-primary-school-composition-notebook-wide-ruled\/"]}]},{"@type":"ImageObject","inLanguage":"es-CR","@id":"https:\/\/www.colorflyprinting.com\/product\/100-pages-vintage-primary-school-composition-notebook-wide-ruled\/#primaryimage","url":"https:\/\/www.colorflyprinting.com\/wp-content\/uploads\/2025\/05\/Main-04-5.jpg","contentUrl":"https:\/\/www.colorflyprinting.com\/wp-content\/uploads\/2025\/05\/Main-04-5.jpg","width":750,"height":750},{"@type":"BreadcrumbList","@id":"https:\/\/www.colorflyprinting.com\/product\/100-pages-vintage-primary-school-composition-notebook-wide-ruled\/#breadcrumb","itemListElement":[{"@type":"ListItem","position":1,"name":"Home","item":"https:\/\/www.colorflyprinting.com\/"},{"@type":"ListItem","position":2,"name":"Product","item":"https:\/\/www.colorflyprinting.com\/shop\/"},{"@type":"ListItem","position":3,"name":"100 Pages Vintage Primary School Composition Notebook Wide Ruled"}]},{"@type":"WebSite","@id":"https:\/\/www.colorflyprinting.com\/#website","url":"https:\/\/www.colorflyprinting.com\/","name":"Hefei Colorfly Stationery Co.,Ltd.","description":"","publisher":{"@id":"https:\/\/www.colorflyprinting.com\/#organization"},"potentialAction":[{"@type":"SearchAction","target":{"@type":"EntryPoint","urlTemplate":"https:\/\/www.colorflyprinting.com\/?s={search_term_string}"},"query-input":{"@type":"PropertyValueSpecification","valueRequired":true,"valueName":"search_term_string"}}],"inLanguage":"es-CR"},{"@type":"Organization","@id":"https:\/\/www.colorflyprinting.com\/#organization","name":"Hefei Colorfly Stationery Co.,Ltd.","url":"https:\/\/www.colorflyprinting.com\/","logo":{"@type":"ImageObject","inLanguage":"es-CR","@id":"https:\/\/www.colorflyprinting.com\/#\/schema\/logo\/image\/","url":"https:\/\/www.colorflyprinting.com\/wp-content\/uploads\/2025\/04\/d167665f943610681229e2f4307b9df.jpg","contentUrl":"https:\/\/www.colorflyprinting.com\/wp-content\/uploads\/2025\/04\/d167665f943610681229e2f4307b9df.jpg","width":780,"height":780,"caption":"Hefei Colorfly Stationery Co.,Ltd."},"image":{"@id":"https:\/\/www.colorflyprinting.com\/#\/schema\/logo\/image\/"}}]}},"_links":{"self":[{"href":"https:\/\/www.colorflyprinting.com\/es\/wp-json\/wp\/v2\/product\/14875","targetHints":{"allow":["GET"]}}],"collection":[{"href":"https:\/\/www.colorflyprinting.com\/es\/wp-json\/wp\/v2\/product"}],"about":[{"href":"https:\/\/www.colorflyprinting.com\/es\/wp-json\/wp\/v2\/types\/product"}],"replies":[{"embeddable":true,"href":"https:\/\/www.colorflyprinting.com\/es\/wp-json\/wp\/v2\/comments?post=14875"}],"wp:featuredmedia":[{"embeddable":true,"href":"https:\/\/www.colorflyprinting.com\/es\/wp-json\/wp\/v2\/media\/14881"}],"wp:attachment":[{"href":"https:\/\/www.colorflyprinting.com\/es\/wp-json\/wp\/v2\/media?parent=14875"}],"wp:term":[{"taxonomy":"product_brand","embeddable":true,"href":"https:\/\/www.colorflyprinting.com\/es\/wp-json\/wp\/v2\/product_brand?post=14875"},{"taxonomy":"product_cat","embeddable":true,"href":"https:\/\/www.colorflyprinting.com\/es\/wp-json\/wp\/v2\/product_cat?post=14875"},{"taxonomy":"product_tag","embeddable":true,"href":"https:\/\/www.colorflyprinting.com\/es\/wp-json\/wp\/v2\/product_tag?post=14875"}],"curies":[{"name":"wp","href":"https:\/\/api.w.org\/{rel}","templated":true}]}}