{"id":12828,"date":"2025-04-30T08:10:36","date_gmt":"2025-04-30T08:10:36","guid":{"rendered":"https:\/\/www.colorflyprinting.com\/?post_type=product&#038;p=12828"},"modified":"2025-09-26T01:13:37","modified_gmt":"2025-09-26T01:13:37","slug":"2025-hardcover-spiral-journal-notebook-school-supplies","status":"publish","type":"product","link":"https:\/\/www.colorflyprinting.com\/es\/producto\/cuaderno-espiral-de-tapa-dura-2025-utiles-escolares\/","title":{"rendered":"Cuaderno espiral de tapa dura 2025 \u2013 \u00datiles escolares"},"content":{"rendered":"<div class=\"J_module\">\n<div class=\"detail-decorate-json-renderer-container\">\n<div class=\"magic-1\">\n<div class=\"magic-2\">\n<div class=\"magic-3\">\n<h2><span class=\"magic-5\" data-spm-anchor-id=\"a2700.details-description.0.i2.7ec0OvrJOvrJFI\">Cuaderno espiral tem\u00e1tico 20\u00d726,7cm<\/span><\/h2>\n<div class=\"magic-4\">\n<div><\/div>\n<div><strong>*Cuadernos tem\u00e1ticos personalizados con encuadernaci\u00f3n en espiral<\/strong><\/div>\n<div><\/div>\n<div>*Cuaderno de 90 hojas\/150 hojas con separadores de temas<\/div>\n<\/div>\n<\/div>\n<\/div>\n<div>\n<table class=\"has-title is-zebra all magic-9\">\n<tbody>\n<tr>\n<td colspan=\"1\" rowspan=\"1\">\n<div class=\"magic-10\" data-spm-anchor-id=\"a2700.details-description.0.i1.7ec0OvrJOvrJFI\">Tama\u00f1o<\/div>\n<\/td>\n<td colspan=\"5\" rowspan=\"1\">\n<div class=\"magic-11\">\n<div data-spm-anchor-id=\"0.0.0.i3.59844f05Z16MVb\">20\u00d726,7 cm o personalizado para cuaderno espiral<\/div>\n<\/div>\n<\/td>\n<\/tr>\n<tr>\n<td colspan=\"1\" rowspan=\"1\">\n<div class=\"magic-10\">P\u00e1ginas<\/div>\n<\/td>\n<td colspan=\"5\" rowspan=\"1\">\n<div class=\"magic-11\">\n<div data-spm-anchor-id=\"0.0.0.i13.59844f05Z16MVb\">90\/150 hojas, etc. o personalizadas<\/div>\n<\/div>\n<\/td>\n<\/tr>\n<tr>\n<td colspan=\"1\" rowspan=\"1\">\n<div class=\"magic-10\">Vinculante<\/div>\n<\/td>\n<td colspan=\"5\" rowspan=\"1\">\n<div class=\"magic-11\">Encuadernaci\u00f3n en espiral doble<\/div>\n<\/td>\n<\/tr>\n<tr>\n<td colspan=\"1\" rowspan=\"1\">\n<div class=\"magic-10\">Embalaje<\/div>\n<\/td>\n<td colspan=\"5\" rowspan=\"1\">\n<div class=\"magic-11\">4 piezas\/bolsa retr\u00e1ctil + cajas de cart\u00f3n<\/div>\n<\/td>\n<\/tr>\n<tr>\n<td colspan=\"1\" rowspan=\"1\">\n<div class=\"magic-10\">Cantidad m\u00ednima de pedido<\/div>\n<\/td>\n<td colspan=\"5\" rowspan=\"1\">\n<div class=\"magic-16\">10000 piezas<\/div>\n<\/td>\n<\/tr>\n<\/tbody>\n<\/table>\n<p>&nbsp;<\/p>\n<\/div>\n<h2><span class=\"magic-5\" data-spm-anchor-id=\"a2700.details-description.0.i2.7ec0OvrJOvrJFI\">Caracter\u00edstica<\/span><\/h2>\n<div><span class=\"magic-25\">*Marca: Colorfly<\/span><\/div>\n<div>*Tipo de material: Cubierta de tablero de marfil<\/div>\n<div><span class=\"magic-25\">*Estilo: Escuelas\/oficina<\/span><\/div>\n<div><span class=\"magic-25\">*Dise\u00f1o: Dise\u00f1o personalizado disponible.<\/span><\/div>\n<div><span class=\"magic-26\"><span class=\"magic-25\">*Precio: Depende de la cantidad<\/span><\/span><\/div>\n<div><span class=\"magic-26\"><span class=\"magic-25\">* Mano de obra fina<\/span><\/span><\/div>\n<\/div>\n<\/div>\n<\/div>\n<div class=\"J_module\">\n<div class=\"icbu-pc-images magic-6\">\n<div>\n<div class=\"flex-layout-v\">\n<div class=\"flex-layout-h magic-6\"><\/div>\n<\/div>\n<\/div>\n<\/div>\n<\/div>","protected":false},"excerpt":{"rendered":"<p><strong>Cuaderno espiral 2025 de alta calidad con tapa dura y encuadernaci\u00f3n de alambre. \u00datil escolar ideal para escribir y llevar un diario. Resistente, elegante y disponible al por mayor a precios incre\u00edbles.<\/strong><\/p>\n<p><strong>Proveedor:<\/strong> Impresi\u00f3n a color<br \/>\n<strong>Nombre del art\u00edculo:<\/strong> Cuaderno con separadores de temas<br \/>\n<strong>Vinculante:<\/strong>Encuadernaci\u00f3n en espiral<br \/>\n<strong>Tama\u00f1o:<\/strong> Tama\u00f1o personalizado<br \/>\n<strong>Tipo:<\/strong>Cuaderno de asignaturas<br \/>\n<strong>Papel interior<\/strong>\uff1a55-120 g\/m\u00b2, etc.<br \/>\n<strong>Impresi\u00f3n:<\/strong>Impresi\u00f3n offset 4c<br \/>\n<strong>Hojas:<\/strong> 90 hojas\/150 hojas o personalizado<br \/>\n<strong>Embalaje:<\/strong> Embalaje regular (bolsa de opp y caja de cart\u00f3n) o seg\u00fan solicitud del cliente<br \/>\n<strong>Logo:<\/strong>Aceptar logotipo personalizado<br \/>\n<strong>Cantidad m\u00ednima de pedido:<\/strong> 10000 piezas<br \/>\n<strong>Fabricante de equipos originales:<\/strong> S\u00ed<br \/>\n<strong>Situaci\u00f3n<\/strong>:Oficina\/Escuela\/Hogar\/Regalo<\/p>\n<p>&nbsp;<\/p>\n<h2>Nuestro servicio<\/h2>\n<p>Venta directa del fabricante para mayores de 13 a\u00f1os<br \/>\nSoporte de servicio OEM<br \/>\nSoporte para paquetes personalizados<\/p>","protected":false},"featured_media":18817,"comment_status":"open","ping_status":"closed","template":"","meta":[],"product_brand":[],"product_cat":[449,392],"product_tag":[648,226,649],"class_list":{"0":"post-12828","1":"product","2":"type-product","3":"status-publish","4":"has-post-thumbnail","6":"product_cat-hardcover-notebook","7":"product_cat-spiral-notebook","8":"product_tag-hardcover-books-for-university","9":"product_tag-journal-notebook","10":"product_tag-subject-notebook","12":"first","13":"instock","14":"shipping-taxable","15":"product-type-simple"},"yoast_head":"<!-- This site is optimized with the Yoast SEO Premium plugin v23.9 (Yoast SEO v25.2) - https:\/\/yoast.com\/wordpress\/plugins\/seo\/ -->\n<title>2025 Hardcover Spiral Journal Notebook \u2013 School Supplies<\/title>\n<meta name=\"description\" content=\"High-quality 2025 spiral notebook with hardcover and wire binding. Perfect school supply for writing and journaling. Durable, stylish, and available in bulk at great prices.\" \/>\n<meta name=\"robots\" content=\"index, follow, max-snippet:-1, max-image-preview:large, max-video-preview:-1\" \/>\n<link rel=\"canonical\" href=\"https:\/\/www.colorflyprinting.com\/es\/producto\/cuaderno-espiral-de-tapa-dura-2025-utiles-escolares\/\" \/>\n<meta property=\"og:locale\" content=\"es_ES\" \/>\n<meta property=\"og:type\" content=\"article\" \/>\n<meta property=\"og:title\" content=\"2025 Hardcover Spiral Journal Notebook \u2013 School Supplies\" \/>\n<meta property=\"og:description\" content=\"High-quality 2025 spiral notebook with hardcover and wire binding. Perfect school supply for writing and journaling. Durable, stylish, and available in bulk at great prices.\" \/>\n<meta property=\"og:url\" content=\"https:\/\/www.colorflyprinting.com\/es\/producto\/cuaderno-espiral-de-tapa-dura-2025-utiles-escolares\/\" \/>\n<meta property=\"og:site_name\" content=\"colorflyprinting\" \/>\n<meta property=\"article:modified_time\" content=\"2025-09-26T01:13:37+00:00\" \/>\n<meta property=\"og:image\" content=\"https:\/\/www.colorflyprinting.com\/wp-content\/uploads\/2025\/04\/Main-04-47_\u526f\u672c.jpg\" \/>\n\t<meta property=\"og:image:width\" content=\"800\" \/>\n\t<meta property=\"og:image:height\" content=\"800\" \/>\n\t<meta property=\"og:image:type\" content=\"image\/jpeg\" \/>\n<meta name=\"twitter:card\" content=\"summary_large_image\" \/>\n<script type=\"application\/ld+json\" class=\"yoast-schema-graph\">{\"@context\":\"https:\/\/schema.org\",\"@graph\":[{\"@type\":\"WebPage\",\"@id\":\"https:\/\/www.colorflyprinting.com\/product\/2025-hardcover-spiral-journal-notebook-school-supplies\/\",\"url\":\"https:\/\/www.colorflyprinting.com\/product\/2025-hardcover-spiral-journal-notebook-school-supplies\/\",\"name\":\"2025 Hardcover Spiral Journal Notebook \u2013 School Supplies\",\"isPartOf\":{\"@id\":\"https:\/\/www.colorflyprinting.com\/#website\"},\"primaryImageOfPage\":{\"@id\":\"https:\/\/www.colorflyprinting.com\/product\/2025-hardcover-spiral-journal-notebook-school-supplies\/#primaryimage\"},\"image\":{\"@id\":\"https:\/\/www.colorflyprinting.com\/product\/2025-hardcover-spiral-journal-notebook-school-supplies\/#primaryimage\"},\"thumbnailUrl\":\"https:\/\/www.colorflyprinting.com\/wp-content\/uploads\/2025\/04\/Main-04-47_\u526f\u672c.jpg\",\"datePublished\":\"2025-04-30T08:10:36+00:00\",\"dateModified\":\"2025-09-26T01:13:37+00:00\",\"description\":\"High-quality 2025 spiral notebook with hardcover and wire binding. Perfect school supply for writing and journaling. Durable, stylish, and available in bulk at great prices.\",\"breadcrumb\":{\"@id\":\"https:\/\/www.colorflyprinting.com\/product\/2025-hardcover-spiral-journal-notebook-school-supplies\/#breadcrumb\"},\"inLanguage\":\"es-CR\",\"potentialAction\":[{\"@type\":\"ReadAction\",\"target\":[\"https:\/\/www.colorflyprinting.com\/product\/2025-hardcover-spiral-journal-notebook-school-supplies\/\"]}]},{\"@type\":\"ImageObject\",\"inLanguage\":\"es-CR\",\"@id\":\"https:\/\/www.colorflyprinting.com\/product\/2025-hardcover-spiral-journal-notebook-school-supplies\/#primaryimage\",\"url\":\"https:\/\/www.colorflyprinting.com\/wp-content\/uploads\/2025\/04\/Main-04-47_\u526f\u672c.jpg\",\"contentUrl\":\"https:\/\/www.colorflyprinting.com\/wp-content\/uploads\/2025\/04\/Main-04-47_\u526f\u672c.jpg\",\"width\":800,\"height\":800},{\"@type\":\"BreadcrumbList\",\"@id\":\"https:\/\/www.colorflyprinting.com\/product\/2025-hardcover-spiral-journal-notebook-school-supplies\/#breadcrumb\",\"itemListElement\":[{\"@type\":\"ListItem\",\"position\":1,\"name\":\"Home\",\"item\":\"https:\/\/www.colorflyprinting.com\/\"},{\"@type\":\"ListItem\",\"position\":2,\"name\":\"Product\",\"item\":\"https:\/\/www.colorflyprinting.com\/shop\/\"},{\"@type\":\"ListItem\",\"position\":3,\"name\":\"2025 Hardcover Spiral Journal Notebook \u2013 School Supplies\"}]},{\"@type\":\"WebSite\",\"@id\":\"https:\/\/www.colorflyprinting.com\/#website\",\"url\":\"https:\/\/www.colorflyprinting.com\/\",\"name\":\"Hefei Colorfly Stationery Co.,Ltd.\",\"description\":\"\",\"publisher\":{\"@id\":\"https:\/\/www.colorflyprinting.com\/#organization\"},\"potentialAction\":[{\"@type\":\"SearchAction\",\"target\":{\"@type\":\"EntryPoint\",\"urlTemplate\":\"https:\/\/www.colorflyprinting.com\/?s={search_term_string}\"},\"query-input\":{\"@type\":\"PropertyValueSpecification\",\"valueRequired\":true,\"valueName\":\"search_term_string\"}}],\"inLanguage\":\"es-CR\"},{\"@type\":\"Organization\",\"@id\":\"https:\/\/www.colorflyprinting.com\/#organization\",\"name\":\"Hefei Colorfly Stationery Co.,Ltd.\",\"url\":\"https:\/\/www.colorflyprinting.com\/\",\"logo\":{\"@type\":\"ImageObject\",\"inLanguage\":\"es-CR\",\"@id\":\"https:\/\/www.colorflyprinting.com\/#\/schema\/logo\/image\/\",\"url\":\"https:\/\/www.colorflyprinting.com\/wp-content\/uploads\/2025\/04\/d167665f943610681229e2f4307b9df.jpg\",\"contentUrl\":\"https:\/\/www.colorflyprinting.com\/wp-content\/uploads\/2025\/04\/d167665f943610681229e2f4307b9df.jpg\",\"width\":780,\"height\":780,\"caption\":\"Hefei Colorfly Stationery Co.,Ltd.\"},\"image\":{\"@id\":\"https:\/\/www.colorflyprinting.com\/#\/schema\/logo\/image\/\"}}]}<\/script>\n<!-- \/ Yoast SEO Premium plugin. -->","yoast_head_json":{"title":"2025 Hardcover Spiral Journal Notebook \u2013 School Supplies","description":"High-quality 2025 spiral notebook with hardcover and wire binding. Perfect school supply for writing and journaling. Durable, stylish, and available in bulk at great prices.","robots":{"index":"index","follow":"follow","max-snippet":"max-snippet:-1","max-image-preview":"max-image-preview:large","max-video-preview":"max-video-preview:-1"},"canonical":"https:\/\/www.colorflyprinting.com\/es\/producto\/cuaderno-espiral-de-tapa-dura-2025-utiles-escolares\/","og_locale":"es_ES","og_type":"article","og_title":"2025 Hardcover Spiral Journal Notebook \u2013 School Supplies","og_description":"High-quality 2025 spiral notebook with hardcover and wire binding. Perfect school supply for writing and journaling. Durable, stylish, and available in bulk at great prices.","og_url":"https:\/\/www.colorflyprinting.com\/es\/producto\/cuaderno-espiral-de-tapa-dura-2025-utiles-escolares\/","og_site_name":"colorflyprinting","article_modified_time":"2025-09-26T01:13:37+00:00","og_image":[{"width":800,"height":800,"url":"https:\/\/www.colorflyprinting.com\/wp-content\/uploads\/2025\/04\/Main-04-47_\u526f\u672c.jpg","type":"image\/jpeg"}],"twitter_card":"summary_large_image","schema":{"@context":"https:\/\/schema.org","@graph":[{"@type":"WebPage","@id":"https:\/\/www.colorflyprinting.com\/product\/2025-hardcover-spiral-journal-notebook-school-supplies\/","url":"https:\/\/www.colorflyprinting.com\/product\/2025-hardcover-spiral-journal-notebook-school-supplies\/","name":"2025 Hardcover Spiral Journal Notebook \u2013 School Supplies","isPartOf":{"@id":"https:\/\/www.colorflyprinting.com\/#website"},"primaryImageOfPage":{"@id":"https:\/\/www.colorflyprinting.com\/product\/2025-hardcover-spiral-journal-notebook-school-supplies\/#primaryimage"},"image":{"@id":"https:\/\/www.colorflyprinting.com\/product\/2025-hardcover-spiral-journal-notebook-school-supplies\/#primaryimage"},"thumbnailUrl":"https:\/\/www.colorflyprinting.com\/wp-content\/uploads\/2025\/04\/Main-04-47_\u526f\u672c.jpg","datePublished":"2025-04-30T08:10:36+00:00","dateModified":"2025-09-26T01:13:37+00:00","description":"High-quality 2025 spiral notebook with hardcover and wire binding. Perfect school supply for writing and journaling. Durable, stylish, and available in bulk at great prices.","breadcrumb":{"@id":"https:\/\/www.colorflyprinting.com\/product\/2025-hardcover-spiral-journal-notebook-school-supplies\/#breadcrumb"},"inLanguage":"es-CR","potentialAction":[{"@type":"ReadAction","target":["https:\/\/www.colorflyprinting.com\/product\/2025-hardcover-spiral-journal-notebook-school-supplies\/"]}]},{"@type":"ImageObject","inLanguage":"es-CR","@id":"https:\/\/www.colorflyprinting.com\/product\/2025-hardcover-spiral-journal-notebook-school-supplies\/#primaryimage","url":"https:\/\/www.colorflyprinting.com\/wp-content\/uploads\/2025\/04\/Main-04-47_\u526f\u672c.jpg","contentUrl":"https:\/\/www.colorflyprinting.com\/wp-content\/uploads\/2025\/04\/Main-04-47_\u526f\u672c.jpg","width":800,"height":800},{"@type":"BreadcrumbList","@id":"https:\/\/www.colorflyprinting.com\/product\/2025-hardcover-spiral-journal-notebook-school-supplies\/#breadcrumb","itemListElement":[{"@type":"ListItem","position":1,"name":"Home","item":"https:\/\/www.colorflyprinting.com\/"},{"@type":"ListItem","position":2,"name":"Product","item":"https:\/\/www.colorflyprinting.com\/shop\/"},{"@type":"ListItem","position":3,"name":"2025 Hardcover Spiral Journal Notebook \u2013 School Supplies"}]},{"@type":"WebSite","@id":"https:\/\/www.colorflyprinting.com\/#website","url":"https:\/\/www.colorflyprinting.com\/","name":"Hefei Colorfly Stationery Co.,Ltd.","description":"","publisher":{"@id":"https:\/\/www.colorflyprinting.com\/#organization"},"potentialAction":[{"@type":"SearchAction","target":{"@type":"EntryPoint","urlTemplate":"https:\/\/www.colorflyprinting.com\/?s={search_term_string}"},"query-input":{"@type":"PropertyValueSpecification","valueRequired":true,"valueName":"search_term_string"}}],"inLanguage":"es-CR"},{"@type":"Organization","@id":"https:\/\/www.colorflyprinting.com\/#organization","name":"Hefei Colorfly Stationery Co.,Ltd.","url":"https:\/\/www.colorflyprinting.com\/","logo":{"@type":"ImageObject","inLanguage":"es-CR","@id":"https:\/\/www.colorflyprinting.com\/#\/schema\/logo\/image\/","url":"https:\/\/www.colorflyprinting.com\/wp-content\/uploads\/2025\/04\/d167665f943610681229e2f4307b9df.jpg","contentUrl":"https:\/\/www.colorflyprinting.com\/wp-content\/uploads\/2025\/04\/d167665f943610681229e2f4307b9df.jpg","width":780,"height":780,"caption":"Hefei Colorfly Stationery Co.,Ltd."},"image":{"@id":"https:\/\/www.colorflyprinting.com\/#\/schema\/logo\/image\/"}}]}},"_links":{"self":[{"href":"https:\/\/www.colorflyprinting.com\/es\/wp-json\/wp\/v2\/product\/12828","targetHints":{"allow":["GET"]}}],"collection":[{"href":"https:\/\/www.colorflyprinting.com\/es\/wp-json\/wp\/v2\/product"}],"about":[{"href":"https:\/\/www.colorflyprinting.com\/es\/wp-json\/wp\/v2\/types\/product"}],"replies":[{"embeddable":true,"href":"https:\/\/www.colorflyprinting.com\/es\/wp-json\/wp\/v2\/comments?post=12828"}],"wp:featuredmedia":[{"embeddable":true,"href":"https:\/\/www.colorflyprinting.com\/es\/wp-json\/wp\/v2\/media\/18817"}],"wp:attachment":[{"href":"https:\/\/www.colorflyprinting.com\/es\/wp-json\/wp\/v2\/media?parent=12828"}],"wp:term":[{"taxonomy":"product_brand","embeddable":true,"href":"https:\/\/www.colorflyprinting.com\/es\/wp-json\/wp\/v2\/product_brand?post=12828"},{"taxonomy":"product_cat","embeddable":true,"href":"https:\/\/www.colorflyprinting.com\/es\/wp-json\/wp\/v2\/product_cat?post=12828"},{"taxonomy":"product_tag","embeddable":true,"href":"https:\/\/www.colorflyprinting.com\/es\/wp-json\/wp\/v2\/product_tag?post=12828"}],"curies":[{"name":"wp","href":"https:\/\/api.w.org\/{rel}","templated":true}]}}