{"id":12538,"date":"2025-04-29T07:52:34","date_gmt":"2025-04-29T07:52:34","guid":{"rendered":"https:\/\/www.colorflyprinting.com\/?post_type=product&#038;p=12538"},"modified":"2025-12-02T06:14:01","modified_gmt":"2025-12-02T06:14:01","slug":"africa-cahier-scolaire-notebook-200-pages-seyes-inner-printing","status":"publish","type":"product","link":"https:\/\/www.colorflyprinting.com\/es\/producto\/cuaderno-africa-cahier-scolaire-200-paginas-seyes-impresion-interior\/","title":{"rendered":"Cuaderno \u00c1frica Cahier Scolaire 200 p\u00e1ginas Impresi\u00f3n interior Seyes"},"content":{"rendered":"<table class=\"has-title is-zebra all magic-5\">\n<tbody>\n<tr>\n<td colspan=\"1\" rowspan=\"1\">\n<div class=\"magic-6\" data-spm-anchor-id=\"a2700.details.0.i83.7ddf5d88sV280Z\">Tama\u00f1o<\/div>\n<\/td>\n<td colspan=\"5\" rowspan=\"1\">\n<div class=\"magic-7\">\n<div data-spm-anchor-id=\"0.0.0.i3.59844f05Z16MVb\">165 x 215 cm (A5, A6, A7, etc. personalizado)<\/div>\n<\/div>\n<\/td>\n<\/tr>\n<tr>\n<td colspan=\"1\" rowspan=\"1\">\n<div class=\"magic-6\">Hojas<\/div>\n<\/td>\n<td colspan=\"5\" rowspan=\"1\">\n<div class=\"magic-7\">\n<div data-spm-anchor-id=\"0.0.0.i13.59844f05Z16MVb\">personalizado<\/div>\n<\/div>\n<\/td>\n<\/tr>\n<tr>\n<td colspan=\"1\" rowspan=\"1\">\n<div class=\"magic-6\">Vinculante<\/div>\n<\/td>\n<td colspan=\"5\" rowspan=\"1\">\n<div class=\"magic-7\">Encuadernaci\u00f3n con grapas<\/div>\n<\/td>\n<\/tr>\n<tr>\n<td colspan=\"1\" rowspan=\"1\">\n<div class=\"magic-6\">Embalaje<\/div>\n<\/td>\n<td colspan=\"5\" rowspan=\"1\">\n<div class=\"magic-7\">10 piezas\/bolsa de polipropileno<\/div>\n<\/td>\n<\/tr>\n<tr>\n<td colspan=\"1\" rowspan=\"1\">\n<div class=\"magic-6\">Cantidad m\u00ednima de pedido<\/div>\n<\/td>\n<td colspan=\"5\" rowspan=\"1\">\n<div class=\"magic-12\">10000 piezas<\/div>\n<\/td>\n<\/tr>\n<\/tbody>\n<\/table>","protected":false},"excerpt":{"rendered":"<p><strong>Cuadernos escolares Seyes de 200 p\u00e1ginas con renglones al por mayor para escuelas africanas. Tapa personalizada. Servicio OEM\/ODM disponible. Fabricante chino de cuadernos confiable.<\/strong><\/p>\n<p><strong>Proveedor:<\/strong> Impresi\u00f3n a color<br \/>\n<strong>Vinculante:<\/strong>Encuadernaci\u00f3n con grapas y grapado a caballo<br \/>\n<strong>Tama\u00f1o:<\/strong> A5, A6, A7, etc. personalizados<br \/>\n<strong>Tipo:<\/strong>Cuaderno de ejercicios de dise\u00f1o personalizado<br \/>\n<strong>Material de la cubierta<\/strong>\uff1aPapel de arte<br \/>\n<strong>Impresi\u00f3n:<\/strong>Impresi\u00f3n offset 4c<br \/>\n<strong>Hojas:<\/strong> 40 hojas<br \/>\n<strong>Embalaje:<\/strong> Embalaje regular (bolsa retr\u00e1ctil y caja de cart\u00f3n) o seg\u00fan solicitud del cliente.<br \/>\n<strong>Logo:<\/strong>Aceptar logotipo personalizado<br \/>\n<strong>Cantidad m\u00ednima de pedido:<\/strong> 10000 piezas<br \/>\n<strong>Fabricante de equipos originales:<\/strong> S\u00ed<\/p>\n<p>&nbsp;<\/p>\n<h2>Nuestro servicio<\/h2>\n<p>Venta directa del fabricante para mayores de 13 a\u00f1os<br \/>\nSoporte de servicio OEM<br \/>\nSoporte para paquetes personalizados<\/p>","protected":false},"featured_media":12543,"comment_status":"open","ping_status":"closed","template":"","meta":[],"product_brand":[],"product_cat":[449],"product_tag":[],"class_list":{"0":"post-12538","1":"product","2":"type-product","3":"status-publish","4":"has-post-thumbnail","6":"product_cat-hardcover-notebook","8":"first","9":"instock","10":"featured","11":"shipping-taxable","12":"product-type-simple"},"yoast_head":"<!-- This site is optimized with the Yoast SEO Premium plugin v23.9 (Yoast SEO v25.2) - https:\/\/yoast.com\/wordpress\/plugins\/seo\/ -->\n<title>Africa Cahier Scolaire Notebook 200 Pages Seyes Inner Printing<\/title>\n<meta name=\"description\" content=\"Wholesale 200-page Seyes ruled cahier scolaire notebooks for African schools. Custom cover, OEM\/ODM service available. Reliable China notebook manufacturer.\" \/>\n<meta name=\"robots\" content=\"index, follow, max-snippet:-1, max-image-preview:large, max-video-preview:-1\" \/>\n<link rel=\"canonical\" href=\"https:\/\/www.colorflyprinting.com\/es\/producto\/cuaderno-africa-cahier-scolaire-200-paginas-seyes-impresion-interior\/\" \/>\n<meta property=\"og:locale\" content=\"es_ES\" \/>\n<meta property=\"og:type\" content=\"article\" \/>\n<meta property=\"og:title\" content=\"Africa Cahier Scolaire Notebook 200 Pages Seyes Inner Printing\" \/>\n<meta property=\"og:description\" content=\"Wholesale 200-page Seyes ruled cahier scolaire notebooks for African schools. Custom cover, OEM\/ODM service available. Reliable China notebook manufacturer.\" \/>\n<meta property=\"og:url\" content=\"https:\/\/www.colorflyprinting.com\/es\/producto\/cuaderno-africa-cahier-scolaire-200-paginas-seyes-impresion-interior\/\" \/>\n<meta property=\"og:site_name\" content=\"colorflyprinting\" \/>\n<meta property=\"article:modified_time\" content=\"2025-12-02T06:14:01+00:00\" \/>\n<meta property=\"og:image\" content=\"https:\/\/www.colorflyprinting.com\/wp-content\/uploads\/2025\/04\/Main-01-32.jpg\" \/>\n\t<meta property=\"og:image:width\" content=\"800\" \/>\n\t<meta property=\"og:image:height\" content=\"800\" \/>\n\t<meta property=\"og:image:type\" content=\"image\/jpeg\" \/>\n<meta name=\"twitter:card\" content=\"summary_large_image\" \/>\n<script type=\"application\/ld+json\" class=\"yoast-schema-graph\">{\"@context\":\"https:\/\/schema.org\",\"@graph\":[{\"@type\":\"WebPage\",\"@id\":\"https:\/\/www.colorflyprinting.com\/product\/africa-cahier-scolaire-notebook-200-pages-seyes-inner-printing\/\",\"url\":\"https:\/\/www.colorflyprinting.com\/product\/africa-cahier-scolaire-notebook-200-pages-seyes-inner-printing\/\",\"name\":\"Africa Cahier Scolaire Notebook 200 Pages Seyes Inner Printing\",\"isPartOf\":{\"@id\":\"https:\/\/www.colorflyprinting.com\/#website\"},\"primaryImageOfPage\":{\"@id\":\"https:\/\/www.colorflyprinting.com\/product\/africa-cahier-scolaire-notebook-200-pages-seyes-inner-printing\/#primaryimage\"},\"image\":{\"@id\":\"https:\/\/www.colorflyprinting.com\/product\/africa-cahier-scolaire-notebook-200-pages-seyes-inner-printing\/#primaryimage\"},\"thumbnailUrl\":\"https:\/\/www.colorflyprinting.com\/wp-content\/uploads\/2025\/04\/Main-01-32.jpg\",\"datePublished\":\"2025-04-29T07:52:34+00:00\",\"dateModified\":\"2025-12-02T06:14:01+00:00\",\"description\":\"Wholesale 200-page Seyes ruled cahier scolaire notebooks for African schools. Custom cover, OEM\/ODM service available. Reliable China notebook manufacturer.\",\"breadcrumb\":{\"@id\":\"https:\/\/www.colorflyprinting.com\/product\/africa-cahier-scolaire-notebook-200-pages-seyes-inner-printing\/#breadcrumb\"},\"inLanguage\":\"es-CR\",\"potentialAction\":[{\"@type\":\"ReadAction\",\"target\":[\"https:\/\/www.colorflyprinting.com\/product\/africa-cahier-scolaire-notebook-200-pages-seyes-inner-printing\/\"]}]},{\"@type\":\"ImageObject\",\"inLanguage\":\"es-CR\",\"@id\":\"https:\/\/www.colorflyprinting.com\/product\/africa-cahier-scolaire-notebook-200-pages-seyes-inner-printing\/#primaryimage\",\"url\":\"https:\/\/www.colorflyprinting.com\/wp-content\/uploads\/2025\/04\/Main-01-32.jpg\",\"contentUrl\":\"https:\/\/www.colorflyprinting.com\/wp-content\/uploads\/2025\/04\/Main-01-32.jpg\",\"width\":800,\"height\":800},{\"@type\":\"BreadcrumbList\",\"@id\":\"https:\/\/www.colorflyprinting.com\/product\/africa-cahier-scolaire-notebook-200-pages-seyes-inner-printing\/#breadcrumb\",\"itemListElement\":[{\"@type\":\"ListItem\",\"position\":1,\"name\":\"Home\",\"item\":\"https:\/\/www.colorflyprinting.com\/\"},{\"@type\":\"ListItem\",\"position\":2,\"name\":\"Product\",\"item\":\"https:\/\/www.colorflyprinting.com\/shop\/\"},{\"@type\":\"ListItem\",\"position\":3,\"name\":\"Africa Cahier Scolaire Notebook 200 Pages Seyes Inner Printing\"}]},{\"@type\":\"WebSite\",\"@id\":\"https:\/\/www.colorflyprinting.com\/#website\",\"url\":\"https:\/\/www.colorflyprinting.com\/\",\"name\":\"Hefei Colorfly Stationery Co.,Ltd.\",\"description\":\"\",\"publisher\":{\"@id\":\"https:\/\/www.colorflyprinting.com\/#organization\"},\"potentialAction\":[{\"@type\":\"SearchAction\",\"target\":{\"@type\":\"EntryPoint\",\"urlTemplate\":\"https:\/\/www.colorflyprinting.com\/?s={search_term_string}\"},\"query-input\":{\"@type\":\"PropertyValueSpecification\",\"valueRequired\":true,\"valueName\":\"search_term_string\"}}],\"inLanguage\":\"es-CR\"},{\"@type\":\"Organization\",\"@id\":\"https:\/\/www.colorflyprinting.com\/#organization\",\"name\":\"Hefei Colorfly Stationery Co.,Ltd.\",\"url\":\"https:\/\/www.colorflyprinting.com\/\",\"logo\":{\"@type\":\"ImageObject\",\"inLanguage\":\"es-CR\",\"@id\":\"https:\/\/www.colorflyprinting.com\/#\/schema\/logo\/image\/\",\"url\":\"https:\/\/www.colorflyprinting.com\/wp-content\/uploads\/2025\/04\/d167665f943610681229e2f4307b9df.jpg\",\"contentUrl\":\"https:\/\/www.colorflyprinting.com\/wp-content\/uploads\/2025\/04\/d167665f943610681229e2f4307b9df.jpg\",\"width\":780,\"height\":780,\"caption\":\"Hefei Colorfly Stationery Co.,Ltd.\"},\"image\":{\"@id\":\"https:\/\/www.colorflyprinting.com\/#\/schema\/logo\/image\/\"}}]}<\/script>\n<!-- \/ Yoast SEO Premium plugin. -->","yoast_head_json":{"title":"Africa Cahier Scolaire Notebook 200 Pages Seyes Inner Printing","description":"Wholesale 200-page Seyes ruled cahier scolaire notebooks for African schools. Custom cover, OEM\/ODM service available. Reliable China notebook manufacturer.","robots":{"index":"index","follow":"follow","max-snippet":"max-snippet:-1","max-image-preview":"max-image-preview:large","max-video-preview":"max-video-preview:-1"},"canonical":"https:\/\/www.colorflyprinting.com\/es\/producto\/cuaderno-africa-cahier-scolaire-200-paginas-seyes-impresion-interior\/","og_locale":"es_ES","og_type":"article","og_title":"Africa Cahier Scolaire Notebook 200 Pages Seyes Inner Printing","og_description":"Wholesale 200-page Seyes ruled cahier scolaire notebooks for African schools. Custom cover, OEM\/ODM service available. Reliable China notebook manufacturer.","og_url":"https:\/\/www.colorflyprinting.com\/es\/producto\/cuaderno-africa-cahier-scolaire-200-paginas-seyes-impresion-interior\/","og_site_name":"colorflyprinting","article_modified_time":"2025-12-02T06:14:01+00:00","og_image":[{"width":800,"height":800,"url":"https:\/\/www.colorflyprinting.com\/wp-content\/uploads\/2025\/04\/Main-01-32.jpg","type":"image\/jpeg"}],"twitter_card":"summary_large_image","schema":{"@context":"https:\/\/schema.org","@graph":[{"@type":"WebPage","@id":"https:\/\/www.colorflyprinting.com\/product\/africa-cahier-scolaire-notebook-200-pages-seyes-inner-printing\/","url":"https:\/\/www.colorflyprinting.com\/product\/africa-cahier-scolaire-notebook-200-pages-seyes-inner-printing\/","name":"Africa Cahier Scolaire Notebook 200 Pages Seyes Inner Printing","isPartOf":{"@id":"https:\/\/www.colorflyprinting.com\/#website"},"primaryImageOfPage":{"@id":"https:\/\/www.colorflyprinting.com\/product\/africa-cahier-scolaire-notebook-200-pages-seyes-inner-printing\/#primaryimage"},"image":{"@id":"https:\/\/www.colorflyprinting.com\/product\/africa-cahier-scolaire-notebook-200-pages-seyes-inner-printing\/#primaryimage"},"thumbnailUrl":"https:\/\/www.colorflyprinting.com\/wp-content\/uploads\/2025\/04\/Main-01-32.jpg","datePublished":"2025-04-29T07:52:34+00:00","dateModified":"2025-12-02T06:14:01+00:00","description":"Wholesale 200-page Seyes ruled cahier scolaire notebooks for African schools. Custom cover, OEM\/ODM service available. Reliable China notebook manufacturer.","breadcrumb":{"@id":"https:\/\/www.colorflyprinting.com\/product\/africa-cahier-scolaire-notebook-200-pages-seyes-inner-printing\/#breadcrumb"},"inLanguage":"es-CR","potentialAction":[{"@type":"ReadAction","target":["https:\/\/www.colorflyprinting.com\/product\/africa-cahier-scolaire-notebook-200-pages-seyes-inner-printing\/"]}]},{"@type":"ImageObject","inLanguage":"es-CR","@id":"https:\/\/www.colorflyprinting.com\/product\/africa-cahier-scolaire-notebook-200-pages-seyes-inner-printing\/#primaryimage","url":"https:\/\/www.colorflyprinting.com\/wp-content\/uploads\/2025\/04\/Main-01-32.jpg","contentUrl":"https:\/\/www.colorflyprinting.com\/wp-content\/uploads\/2025\/04\/Main-01-32.jpg","width":800,"height":800},{"@type":"BreadcrumbList","@id":"https:\/\/www.colorflyprinting.com\/product\/africa-cahier-scolaire-notebook-200-pages-seyes-inner-printing\/#breadcrumb","itemListElement":[{"@type":"ListItem","position":1,"name":"Home","item":"https:\/\/www.colorflyprinting.com\/"},{"@type":"ListItem","position":2,"name":"Product","item":"https:\/\/www.colorflyprinting.com\/shop\/"},{"@type":"ListItem","position":3,"name":"Africa Cahier Scolaire Notebook 200 Pages Seyes Inner Printing"}]},{"@type":"WebSite","@id":"https:\/\/www.colorflyprinting.com\/#website","url":"https:\/\/www.colorflyprinting.com\/","name":"Hefei Colorfly Stationery Co.,Ltd.","description":"","publisher":{"@id":"https:\/\/www.colorflyprinting.com\/#organization"},"potentialAction":[{"@type":"SearchAction","target":{"@type":"EntryPoint","urlTemplate":"https:\/\/www.colorflyprinting.com\/?s={search_term_string}"},"query-input":{"@type":"PropertyValueSpecification","valueRequired":true,"valueName":"search_term_string"}}],"inLanguage":"es-CR"},{"@type":"Organization","@id":"https:\/\/www.colorflyprinting.com\/#organization","name":"Hefei Colorfly Stationery Co.,Ltd.","url":"https:\/\/www.colorflyprinting.com\/","logo":{"@type":"ImageObject","inLanguage":"es-CR","@id":"https:\/\/www.colorflyprinting.com\/#\/schema\/logo\/image\/","url":"https:\/\/www.colorflyprinting.com\/wp-content\/uploads\/2025\/04\/d167665f943610681229e2f4307b9df.jpg","contentUrl":"https:\/\/www.colorflyprinting.com\/wp-content\/uploads\/2025\/04\/d167665f943610681229e2f4307b9df.jpg","width":780,"height":780,"caption":"Hefei Colorfly Stationery Co.,Ltd."},"image":{"@id":"https:\/\/www.colorflyprinting.com\/#\/schema\/logo\/image\/"}}]}},"_links":{"self":[{"href":"https:\/\/www.colorflyprinting.com\/es\/wp-json\/wp\/v2\/product\/12538","targetHints":{"allow":["GET"]}}],"collection":[{"href":"https:\/\/www.colorflyprinting.com\/es\/wp-json\/wp\/v2\/product"}],"about":[{"href":"https:\/\/www.colorflyprinting.com\/es\/wp-json\/wp\/v2\/types\/product"}],"replies":[{"embeddable":true,"href":"https:\/\/www.colorflyprinting.com\/es\/wp-json\/wp\/v2\/comments?post=12538"}],"wp:featuredmedia":[{"embeddable":true,"href":"https:\/\/www.colorflyprinting.com\/es\/wp-json\/wp\/v2\/media\/12543"}],"wp:attachment":[{"href":"https:\/\/www.colorflyprinting.com\/es\/wp-json\/wp\/v2\/media?parent=12538"}],"wp:term":[{"taxonomy":"product_brand","embeddable":true,"href":"https:\/\/www.colorflyprinting.com\/es\/wp-json\/wp\/v2\/product_brand?post=12538"},{"taxonomy":"product_cat","embeddable":true,"href":"https:\/\/www.colorflyprinting.com\/es\/wp-json\/wp\/v2\/product_cat?post=12538"},{"taxonomy":"product_tag","embeddable":true,"href":"https:\/\/www.colorflyprinting.com\/es\/wp-json\/wp\/v2\/product_tag?post=12538"}],"curies":[{"name":"wp","href":"https:\/\/api.w.org\/{rel}","templated":true}]}}