{"id":12202,"date":"2025-09-23T09:47:05","date_gmt":"2025-09-23T09:47:05","guid":{"rendered":"https:\/\/www.colorflyprinting.com\/?post_type=product&#038;p=12202"},"modified":"2025-12-02T06:30:31","modified_gmt":"2025-12-02T06:30:31","slug":"wholesale-ghana-80-pages-exercise-book-students-notebook","status":"publish","type":"product","link":"https:\/\/www.colorflyprinting.com\/es\/producto\/cuaderno-de-ejercicios-para-estudiantes-de-ghana-80-paginas-venta-al-por-mayor\/","title":{"rendered":"Wholesale 80-Page Exercise Books for Schools | Custom Ghana Notebooks"},"content":{"rendered":"<table class=\"has-title all magic-2\">\n<tbody>\n<tr>\n<td colspan=\"1\" rowspan=\"1\">\n<div class=\"magic-3\"><span class=\"magic-4\" style=\"font-family: Arial;\" data-spm-anchor-id=\"a2700.details-description.0.i0.4088Vet2Vet22z\">Nombre del producto<\/span><\/div>\n<\/td>\n<td colspan=\"5\" rowspan=\"1\">\n<div class=\"magic-5\">\n<div data-spm-anchor-id=\"0.0.0.i3.59844f05Z16MVb\">Cuaderno de ejercicios con dise\u00f1o personalizado y grapado a caballo<\/div>\n<\/div>\n<\/td>\n<\/tr>\n<tr>\n<td colspan=\"1\" rowspan=\"1\">\n<div class=\"magic-3\"><span style=\"font-family: Arial;\">P\u00e1ginas<\/span><\/div>\n<\/td>\n<td colspan=\"5\" rowspan=\"1\">\n<div class=\"magic-5\">\n<div data-spm-anchor-id=\"0.0.0.i13.59844f05Z16MVb\">80 p\u00e1ginas o personalizadas<\/div>\n<\/div>\n<\/td>\n<\/tr>\n<tr>\n<td colspan=\"1\" rowspan=\"1\">\n<div class=\"magic-3\"><span class=\"magic-4\" style=\"font-family: Arial;\">Vinculante<\/span><\/div>\n<\/td>\n<td colspan=\"5\" rowspan=\"1\">\n<div class=\"magic-5\">Encuadernaci\u00f3n con grapas<\/div>\n<\/td>\n<\/tr>\n<tr>\n<td colspan=\"1\" rowspan=\"1\">\n<div class=\"magic-3\"><span class=\"magic-4\" style=\"font-family: Arial;\">Cantidad m\u00ednima de pedido<\/span><\/div>\n<\/td>\n<td colspan=\"5\" rowspan=\"1\">\n<div class=\"magic-5\">contenedor de 20 pies<\/div>\n<\/td>\n<\/tr>\n<tr>\n<td colspan=\"1\" rowspan=\"1\">\n<div class=\"magic-3\"><span class=\"magic-11\"><span class=\"magic-4\" style=\"font-family: Arial;\">Material de la cubierta\u00a0<\/span><\/span><\/div>\n<\/td>\n<td colspan=\"5\" rowspan=\"1\">\n<div class=\"magic-12\"><span class=\"magic-13\"><span class=\"magic-14\" data-spm-anchor-id=\"0.0.0.i17.659c4f05hpTzMY\">\u00a0<\/span><\/span><b class=\"magic-15\" data-spm-anchor-id=\"0.0.0.i2.659c4f05hpTzMY\">\/\u00a0<\/b><span class=\"magic-13\" data-spm-anchor-id=\"0.0.0.i2.659c4f05hpTzMY\">Tablero de marfil<\/span><span class=\"magic-16\">\u00a0\/<span data-spm-anchor-id=\"a2700.siteadmin.0.i5.5fb7ac40eucAmy\">\u00a0<\/span><\/span><span class=\"magic-17\" data-spm-anchor-id=\"0.0.0.i11.659c4f05hpTzMY\"><span class=\"magic-18\" data-spm-anchor-id=\"0.0.0.i5.659c4f05Mw08yR\"><span class=\"magic-19\">P\u00c1GINAS<\/span><\/span><\/span><b class=\"magic-15\" data-spm-anchor-id=\"0.0.0.i12.659c4f05hpTzMY\"><span data-spm-anchor-id=\"a2700.siteadmin.0.i4.5fb7ac40eucAmy\">\u00a0<\/span><\/b><span class=\"magic-16\" data-spm-anchor-id=\"a2700.siteadmin.0.i3.5fb7ac40eucAmy\">\/ Cart\u00f3n gris de 2 mm<\/span><\/div>\n<\/td>\n<\/tr>\n<tr>\n<td colspan=\"1\" rowspan=\"1\">\n<div class=\"magic-3\"><span class=\"magic-11\"><span class=\"magic-4\" style=\"font-family: Arial;\">Dise\u00f1o de portada<\/span><\/span><\/div>\n<\/td>\n<td colspan=\"5\" rowspan=\"1\">\n<div class=\"magic-12\"><span class=\"magic-16\">Acepta tu logotipo y dise\u00f1o con impresi\u00f3n a todo color.<\/span><\/div>\n<\/td>\n<\/tr>\n<tr>\n<td colspan=\"1\" rowspan=\"1\">\n<div class=\"magic-3\"><span class=\"magic-11\"><span class=\"magic-4\" style=\"font-family: Arial;\">Interior impreso<\/span><\/span><\/div>\n<\/td>\n<td colspan=\"5\" rowspan=\"1\">\n<div class=\"magic-12\"><span class=\"magic-17\" data-spm-anchor-id=\"0.0.0.i3.659c4f052ECamY\"><span data-spm-anchor-id=\"a2700.siteadmin.0.i5.1b1eac40c7SirH\">\u00a0<\/span><\/span><span class=\"magic-16\" data-spm-anchor-id=\"a2700.siteadmin.0.i4.1b1eac40c7SirH\">\/\u00a0<\/span><span class=\"magic-16\">\u00a0\/\u00a0<\/span><span class=\"magic-13\" data-spm-anchor-id=\"0.0.0.i1.659c4f05Mw08yR\">l\u00ednea \u00e1rabe<\/span><span class=\"magic-16\">\u00a0\/<\/span><span class=\"magic-17\"><span class=\"magic-26\" data-spm-anchor-id=\"a2700.siteadmin.0.i2.1b1eac40c7SirH\"><b>\u00a0<\/b><\/span><span class=\"magic-18\"><span data-spm-anchor-id=\"a2700.siteadmin.0.i9.5fb7ac40eucAmy\">Al cuadrado<\/span><span class=\"magic-27\" data-spm-anchor-id=\"0.0.0.i5.659c4f05Aw8tDS\">\u00a0<\/span><\/span><\/span><span class=\"magic-16\">\/ Doble l\u00ednea\/ 4 l\u00edneas en ingl\u00e9s<\/span><\/div>\n<\/td>\n<\/tr>\n<tr>\n<td colspan=\"1\" rowspan=\"1\">\n<div class=\"magic-3\"><span class=\"magic-11\"><span class=\"magic-4\" style=\"font-family: Arial;\">Uso<\/span><\/span><\/div>\n<\/td>\n<td colspan=\"5\" rowspan=\"1\">\n<div class=\"magic-12\"><span class=\"magic-16\">Escuela \/ Oficina \/ Regalo<\/span><\/div>\n<\/td>\n<\/tr>\n<tr>\n<td colspan=\"1\" rowspan=\"1\">\n<div class=\"magic-3\"><span class=\"magic-11\"><span class=\"magic-4\" style=\"font-family: Arial;\">Embalaje<\/span><\/span><\/div>\n<\/td>\n<td colspan=\"5\" rowspan=\"1\">\n<div class=\"magic-12\"><span class=\"magic-16\" data-spm-anchor-id=\"0.0.0.i15.59844f05Y46zmD\">Bolsa retr\u00e1ctil y caja de cart\u00f3n de exportaci\u00f3n est\u00e1ndar<\/span><\/div>\n<\/td>\n<\/tr>\n<tr>\n<td colspan=\"1\" rowspan=\"1\">\n<div class=\"magic-3\"><span class=\"magic-11\"><span class=\"magic-4\" style=\"font-family: Arial;\">C\u00f3digo HS<\/span><\/span><\/div>\n<\/td>\n<td colspan=\"3\" rowspan=\"1\">\n<div class=\"magic-12\">\n<div class=\"magic-28\" data-spm-anchor-id=\"0.0.0.i74.59844f05QhGJ25\">48202000<\/div>\n<\/div>\n<\/td>\n<\/tr>\n<tr>\n<td colspan=\"1\" rowspan=\"1\">\n<div class=\"magic-3\"><span class=\"magic-11\"><span class=\"magic-4\" style=\"font-family: Arial;\">Tiempo de Sameple<\/span><\/span><\/div>\n<\/td>\n<td colspan=\"5\" rowspan=\"1\">\n<div class=\"magic-12\"><span class=\"magic-16\">La muestra es gratuita y se la enviaremos solo un d\u00eda despu\u00e9s de confirmar las especificaciones.<\/span><\/div>\n<\/td>\n<\/tr>\n<tr>\n<td colspan=\"1\" rowspan=\"1\">\n<div class=\"magic-3\"><span class=\"magic-4\" style=\"font-family: Arial;\">Detalles de la entrega<\/span><\/div>\n<\/td>\n<td colspan=\"5\" rowspan=\"1\">\n<div class=\"magic-12\">Alrededor de 25 d\u00edas despu\u00e9s de recibir su dep\u00f3sito.<\/div>\n<\/td>\n<\/tr>\n<\/tbody>\n<\/table>","protected":false},"excerpt":{"rendered":"<p><strong>Cuadernos de ejercicios de 80 p\u00e1ginas al por mayor para estudiantes ghaneses. Cuadernos resistentes, perfectos para escribir, tomar apuntes y realizar tareas. Disponibles al por mayor a precios asequibles.<\/strong><\/p>\n<p><strong>Proveedor:<\/strong> Impresi\u00f3n a color<br \/>\n<strong>Vinculante:<\/strong>Encuadernaci\u00f3n con grapas y grapado a caballo<br \/>\n<strong>Tama\u00f1o:<\/strong> 18*24 cm o personalizado<br \/>\n<strong>Tipo:<\/strong>Cuaderno de ejercicios de Ghana<br \/>\n<strong>Material de la cubierta<\/strong>\uff1aPapel de arte\/pizarra blanca\/personalizado<br \/>\n<strong>Impresi\u00f3n:<\/strong>Impresi\u00f3n offset 4c<br \/>\n<strong>Hojas:<\/strong> 80 hojas<br \/>\n<strong>Embalaje:<\/strong> Embalaje regular (bolsa retr\u00e1ctil y caja de cart\u00f3n) o seg\u00fan solicitud del cliente.<br \/>\n<strong>Logo:<\/strong>Aceptar logotipo personalizado<br \/>\n<strong>Cantidad m\u00ednima de pedido:<\/strong> 10000 piezas<br \/>\n<strong>Fabricante de equipos originales:<\/strong> S\u00ed<\/p>\n<p>&nbsp;<\/p>\n<h2>Nuestro servicio<\/h2>\n<p>Venta directa del fabricante para mayores de 13 a\u00f1os<br \/>\nSoporte de servicio OEM<br \/>\nSoporte para paquetes personalizados<\/p>","protected":false},"featured_media":12203,"comment_status":"open","ping_status":"closed","template":"","meta":[],"product_brand":[],"product_cat":[21],"product_tag":[594,579],"class_list":{"0":"post-12202","1":"product","2":"type-product","3":"status-publish","4":"has-post-thumbnail","6":"product_cat-exercise-book","7":"product_tag-80-pages-exercise-book-for-students","8":"product_tag-ghana-exercise-book","10":"first","11":"instock","12":"featured","13":"shipping-taxable","14":"product-type-simple"},"yoast_head":"<!-- This site is optimized with the Yoast SEO Premium plugin v23.9 (Yoast SEO v25.2) - https:\/\/yoast.com\/wordpress\/plugins\/seo\/ -->\n<title>Wholesale Ghana 80 Pages Exercise Book Students Notebook<\/title>\n<meta name=\"description\" content=\"Wholesale 80-page exercise books for Ghana students. Durable notebooks perfect for writing, note-taking, and assignments. Available in bulk at affordable prices.\" \/>\n<meta name=\"robots\" content=\"index, follow, max-snippet:-1, max-image-preview:large, max-video-preview:-1\" \/>\n<link rel=\"canonical\" href=\"https:\/\/www.colorflyprinting.com\/es\/producto\/cuaderno-de-ejercicios-para-estudiantes-de-ghana-80-paginas-venta-al-por-mayor\/\" \/>\n<meta property=\"og:locale\" content=\"es_ES\" \/>\n<meta property=\"og:type\" content=\"article\" \/>\n<meta property=\"og:title\" content=\"Wholesale 80-Page Exercise Books for Schools | Custom Ghana Notebooks\" \/>\n<meta property=\"og:description\" content=\"Wholesale 80-page exercise books for Ghana students. Durable notebooks perfect for writing, note-taking, and assignments. Available in bulk at affordable prices.\" \/>\n<meta property=\"og:url\" content=\"https:\/\/www.colorflyprinting.com\/es\/producto\/cuaderno-de-ejercicios-para-estudiantes-de-ghana-80-paginas-venta-al-por-mayor\/\" \/>\n<meta property=\"og:site_name\" content=\"colorflyprinting\" \/>\n<meta property=\"article:modified_time\" content=\"2025-12-02T06:30:31+00:00\" \/>\n<meta property=\"og:image\" content=\"https:\/\/www.colorflyprinting.com\/wp-content\/uploads\/2025\/04\/Main-01-15.jpg\" \/>\n\t<meta property=\"og:image:width\" content=\"850\" \/>\n\t<meta property=\"og:image:height\" content=\"850\" \/>\n\t<meta property=\"og:image:type\" content=\"image\/jpeg\" \/>\n<meta name=\"twitter:card\" content=\"summary_large_image\" \/>\n<script type=\"application\/ld+json\" class=\"yoast-schema-graph\">{\"@context\":\"https:\/\/schema.org\",\"@graph\":[{\"@type\":\"WebPage\",\"@id\":\"https:\/\/www.colorflyprinting.com\/product\/wholesale-ghana-80-pages-exercise-book-students-notebook\/\",\"url\":\"https:\/\/www.colorflyprinting.com\/product\/wholesale-ghana-80-pages-exercise-book-students-notebook\/\",\"name\":\"Wholesale Ghana 80 Pages Exercise Book Students Notebook\",\"isPartOf\":{\"@id\":\"https:\/\/www.colorflyprinting.com\/#website\"},\"primaryImageOfPage\":{\"@id\":\"https:\/\/www.colorflyprinting.com\/product\/wholesale-ghana-80-pages-exercise-book-students-notebook\/#primaryimage\"},\"image\":{\"@id\":\"https:\/\/www.colorflyprinting.com\/product\/wholesale-ghana-80-pages-exercise-book-students-notebook\/#primaryimage\"},\"thumbnailUrl\":\"https:\/\/www.colorflyprinting.com\/wp-content\/uploads\/2025\/04\/Main-01-15.jpg\",\"datePublished\":\"2025-09-23T09:47:05+00:00\",\"dateModified\":\"2025-12-02T06:30:31+00:00\",\"description\":\"Wholesale 80-page exercise books for Ghana students. Durable notebooks perfect for writing, note-taking, and assignments. Available in bulk at affordable prices.\",\"breadcrumb\":{\"@id\":\"https:\/\/www.colorflyprinting.com\/product\/wholesale-ghana-80-pages-exercise-book-students-notebook\/#breadcrumb\"},\"inLanguage\":\"es-CR\",\"potentialAction\":[{\"@type\":\"ReadAction\",\"target\":[\"https:\/\/www.colorflyprinting.com\/product\/wholesale-ghana-80-pages-exercise-book-students-notebook\/\"]}]},{\"@type\":\"ImageObject\",\"inLanguage\":\"es-CR\",\"@id\":\"https:\/\/www.colorflyprinting.com\/product\/wholesale-ghana-80-pages-exercise-book-students-notebook\/#primaryimage\",\"url\":\"https:\/\/www.colorflyprinting.com\/wp-content\/uploads\/2025\/04\/Main-01-15.jpg\",\"contentUrl\":\"https:\/\/www.colorflyprinting.com\/wp-content\/uploads\/2025\/04\/Main-01-15.jpg\",\"width\":850,\"height\":850},{\"@type\":\"BreadcrumbList\",\"@id\":\"https:\/\/www.colorflyprinting.com\/product\/wholesale-ghana-80-pages-exercise-book-students-notebook\/#breadcrumb\",\"itemListElement\":[{\"@type\":\"ListItem\",\"position\":1,\"name\":\"Home\",\"item\":\"https:\/\/www.colorflyprinting.com\/\"},{\"@type\":\"ListItem\",\"position\":2,\"name\":\"Product\",\"item\":\"https:\/\/www.colorflyprinting.com\/shop\/\"},{\"@type\":\"ListItem\",\"position\":3,\"name\":\"Wholesale 80-Page Exercise Books for Schools | Custom Ghana Notebooks\"}]},{\"@type\":\"WebSite\",\"@id\":\"https:\/\/www.colorflyprinting.com\/#website\",\"url\":\"https:\/\/www.colorflyprinting.com\/\",\"name\":\"Hefei Colorfly Stationery Co.,Ltd.\",\"description\":\"\",\"publisher\":{\"@id\":\"https:\/\/www.colorflyprinting.com\/#organization\"},\"potentialAction\":[{\"@type\":\"SearchAction\",\"target\":{\"@type\":\"EntryPoint\",\"urlTemplate\":\"https:\/\/www.colorflyprinting.com\/?s={search_term_string}\"},\"query-input\":{\"@type\":\"PropertyValueSpecification\",\"valueRequired\":true,\"valueName\":\"search_term_string\"}}],\"inLanguage\":\"es-CR\"},{\"@type\":\"Organization\",\"@id\":\"https:\/\/www.colorflyprinting.com\/#organization\",\"name\":\"Hefei Colorfly Stationery Co.,Ltd.\",\"url\":\"https:\/\/www.colorflyprinting.com\/\",\"logo\":{\"@type\":\"ImageObject\",\"inLanguage\":\"es-CR\",\"@id\":\"https:\/\/www.colorflyprinting.com\/#\/schema\/logo\/image\/\",\"url\":\"https:\/\/www.colorflyprinting.com\/wp-content\/uploads\/2025\/04\/d167665f943610681229e2f4307b9df.jpg\",\"contentUrl\":\"https:\/\/www.colorflyprinting.com\/wp-content\/uploads\/2025\/04\/d167665f943610681229e2f4307b9df.jpg\",\"width\":780,\"height\":780,\"caption\":\"Hefei Colorfly Stationery Co.,Ltd.\"},\"image\":{\"@id\":\"https:\/\/www.colorflyprinting.com\/#\/schema\/logo\/image\/\"}}]}<\/script>\n<!-- \/ Yoast SEO Premium plugin. -->","yoast_head_json":{"title":"Wholesale Ghana 80 Pages Exercise Book Students Notebook","description":"Wholesale 80-page exercise books for Ghana students. Durable notebooks perfect for writing, note-taking, and assignments. Available in bulk at affordable prices.","robots":{"index":"index","follow":"follow","max-snippet":"max-snippet:-1","max-image-preview":"max-image-preview:large","max-video-preview":"max-video-preview:-1"},"canonical":"https:\/\/www.colorflyprinting.com\/es\/producto\/cuaderno-de-ejercicios-para-estudiantes-de-ghana-80-paginas-venta-al-por-mayor\/","og_locale":"es_ES","og_type":"article","og_title":"Wholesale 80-Page Exercise Books for Schools | Custom Ghana Notebooks","og_description":"Wholesale 80-page exercise books for Ghana students. Durable notebooks perfect for writing, note-taking, and assignments. Available in bulk at affordable prices.","og_url":"https:\/\/www.colorflyprinting.com\/es\/producto\/cuaderno-de-ejercicios-para-estudiantes-de-ghana-80-paginas-venta-al-por-mayor\/","og_site_name":"colorflyprinting","article_modified_time":"2025-12-02T06:30:31+00:00","og_image":[{"width":850,"height":850,"url":"https:\/\/www.colorflyprinting.com\/wp-content\/uploads\/2025\/04\/Main-01-15.jpg","type":"image\/jpeg"}],"twitter_card":"summary_large_image","schema":{"@context":"https:\/\/schema.org","@graph":[{"@type":"WebPage","@id":"https:\/\/www.colorflyprinting.com\/product\/wholesale-ghana-80-pages-exercise-book-students-notebook\/","url":"https:\/\/www.colorflyprinting.com\/product\/wholesale-ghana-80-pages-exercise-book-students-notebook\/","name":"Wholesale Ghana 80 Pages Exercise Book Students Notebook","isPartOf":{"@id":"https:\/\/www.colorflyprinting.com\/#website"},"primaryImageOfPage":{"@id":"https:\/\/www.colorflyprinting.com\/product\/wholesale-ghana-80-pages-exercise-book-students-notebook\/#primaryimage"},"image":{"@id":"https:\/\/www.colorflyprinting.com\/product\/wholesale-ghana-80-pages-exercise-book-students-notebook\/#primaryimage"},"thumbnailUrl":"https:\/\/www.colorflyprinting.com\/wp-content\/uploads\/2025\/04\/Main-01-15.jpg","datePublished":"2025-09-23T09:47:05+00:00","dateModified":"2025-12-02T06:30:31+00:00","description":"Wholesale 80-page exercise books for Ghana students. Durable notebooks perfect for writing, note-taking, and assignments. Available in bulk at affordable prices.","breadcrumb":{"@id":"https:\/\/www.colorflyprinting.com\/product\/wholesale-ghana-80-pages-exercise-book-students-notebook\/#breadcrumb"},"inLanguage":"es-CR","potentialAction":[{"@type":"ReadAction","target":["https:\/\/www.colorflyprinting.com\/product\/wholesale-ghana-80-pages-exercise-book-students-notebook\/"]}]},{"@type":"ImageObject","inLanguage":"es-CR","@id":"https:\/\/www.colorflyprinting.com\/product\/wholesale-ghana-80-pages-exercise-book-students-notebook\/#primaryimage","url":"https:\/\/www.colorflyprinting.com\/wp-content\/uploads\/2025\/04\/Main-01-15.jpg","contentUrl":"https:\/\/www.colorflyprinting.com\/wp-content\/uploads\/2025\/04\/Main-01-15.jpg","width":850,"height":850},{"@type":"BreadcrumbList","@id":"https:\/\/www.colorflyprinting.com\/product\/wholesale-ghana-80-pages-exercise-book-students-notebook\/#breadcrumb","itemListElement":[{"@type":"ListItem","position":1,"name":"Home","item":"https:\/\/www.colorflyprinting.com\/"},{"@type":"ListItem","position":2,"name":"Product","item":"https:\/\/www.colorflyprinting.com\/shop\/"},{"@type":"ListItem","position":3,"name":"Wholesale 80-Page Exercise Books for Schools | Custom Ghana Notebooks"}]},{"@type":"WebSite","@id":"https:\/\/www.colorflyprinting.com\/#website","url":"https:\/\/www.colorflyprinting.com\/","name":"Hefei Colorfly Stationery Co.,Ltd.","description":"","publisher":{"@id":"https:\/\/www.colorflyprinting.com\/#organization"},"potentialAction":[{"@type":"SearchAction","target":{"@type":"EntryPoint","urlTemplate":"https:\/\/www.colorflyprinting.com\/?s={search_term_string}"},"query-input":{"@type":"PropertyValueSpecification","valueRequired":true,"valueName":"search_term_string"}}],"inLanguage":"es-CR"},{"@type":"Organization","@id":"https:\/\/www.colorflyprinting.com\/#organization","name":"Hefei Colorfly Stationery Co.,Ltd.","url":"https:\/\/www.colorflyprinting.com\/","logo":{"@type":"ImageObject","inLanguage":"es-CR","@id":"https:\/\/www.colorflyprinting.com\/#\/schema\/logo\/image\/","url":"https:\/\/www.colorflyprinting.com\/wp-content\/uploads\/2025\/04\/d167665f943610681229e2f4307b9df.jpg","contentUrl":"https:\/\/www.colorflyprinting.com\/wp-content\/uploads\/2025\/04\/d167665f943610681229e2f4307b9df.jpg","width":780,"height":780,"caption":"Hefei Colorfly Stationery Co.,Ltd."},"image":{"@id":"https:\/\/www.colorflyprinting.com\/#\/schema\/logo\/image\/"}}]}},"_links":{"self":[{"href":"https:\/\/www.colorflyprinting.com\/es\/wp-json\/wp\/v2\/product\/12202","targetHints":{"allow":["GET"]}}],"collection":[{"href":"https:\/\/www.colorflyprinting.com\/es\/wp-json\/wp\/v2\/product"}],"about":[{"href":"https:\/\/www.colorflyprinting.com\/es\/wp-json\/wp\/v2\/types\/product"}],"replies":[{"embeddable":true,"href":"https:\/\/www.colorflyprinting.com\/es\/wp-json\/wp\/v2\/comments?post=12202"}],"wp:featuredmedia":[{"embeddable":true,"href":"https:\/\/www.colorflyprinting.com\/es\/wp-json\/wp\/v2\/media\/12203"}],"wp:attachment":[{"href":"https:\/\/www.colorflyprinting.com\/es\/wp-json\/wp\/v2\/media?parent=12202"}],"wp:term":[{"taxonomy":"product_brand","embeddable":true,"href":"https:\/\/www.colorflyprinting.com\/es\/wp-json\/wp\/v2\/product_brand?post=12202"},{"taxonomy":"product_cat","embeddable":true,"href":"https:\/\/www.colorflyprinting.com\/es\/wp-json\/wp\/v2\/product_cat?post=12202"},{"taxonomy":"product_tag","embeddable":true,"href":"https:\/\/www.colorflyprinting.com\/es\/wp-json\/wp\/v2\/product_tag?post=12202"}],"curies":[{"name":"wp","href":"https:\/\/api.w.org\/{rel}","templated":true}]}}