{"id":11508,"date":"2025-04-22T01:23:20","date_gmt":"2025-04-22T01:23:20","guid":{"rendered":"https:\/\/www.colorflyprinting.com\/?post_type=product&#038;p=11508"},"modified":"2025-04-29T01:39:32","modified_gmt":"2025-04-29T01:39:32","slug":"factory-price-french-line-exercise-book-lined-exercise-book-2021-french-line-exercise-book-for-students-writing","status":"publish","type":"product","link":"https:\/\/www.colorflyprinting.com\/es\/producto\/cuaderno-de-ejercicios-de-linea-francesa-a-precio-de-fabrica-cuaderno-de-ejercicios-rayado-2021-cuaderno-de-ejercicios-de-linea-francesa-para-estudiantes-que-escriben\/","title":{"rendered":"Precio de f\u00e1brica Cuaderno de ejercicios de l\u00ednea francesa Cuaderno de ejercicios rayado"},"content":{"rendered":"<div class=\"text\">\n<p>Descripci\u00f3n de productos<\/p>\n<p>Nombre del art\u00edculo: cuaderno<\/p>\n<p>Cubierta: PU<br \/>\nTama\u00f1o: 19\u00d724,7cm<\/p>\n<p>Encuadernaci\u00f3n: Encuadernaci\u00f3n perfecta (encuadernaci\u00f3n en espiral)<\/p>\n<p>P\u00e1ginas: 48\/96\/192 p\u00e1ginas<\/p>\n<p>Cantidad m\u00ednima de pedido: 5000<\/p>\n<p>Todas las especificaciones anteriores se pueden personalizar, puede disfrutar de nuestro servicio personalizado si cooperamos.<\/p>\n<p>&nbsp;<\/p>\n<p>Preguntas frecuentes<\/p>\n<p>1. Acerca del precio:<br \/>\nEl precio es negociable. Puede variar seg\u00fan la cantidad o el paquete. Al realizar su consulta, ind\u00edquenos la cantidad que desea.<\/p>\n<p>2. Acerca de la muestra:<br \/>\nPara el producto est\u00e1ndar que producimos todos los d\u00edas, la muestra es gratuita, pero el flete a\u00e9reo se cobra o nos paga el franqueo por adelantado, tenga en cuenta que; hacer nuevas muestras causar\u00e1 una tarifa de fabricaci\u00f3n de muestras, discutamos m\u00e1s por favor.<\/p>\n<p>3. Acerca de la cantidad m\u00ednima de pedido:<br \/>\nSi tenemos stock del producto en todo momento, el MOQ es peque\u00f1o; De lo contrario, el MOQ es 20000\/50,000\/100,000 piezas, etc., tambi\u00e9n los art\u00edculos mixtos pueden caber en un contenedor de 20 pies; Depende del tipo de producto y puede ser negociable, nos gustar\u00eda resolver su problema lo m\u00e1s posible.<\/p>\n<p>4. Acerca del OEM:<br \/>\nPoseemos una f\u00e1brica en China, nos gustar\u00eda ayudar a dise\u00f1ar el LOGOTIPO y el c\u00f3digo de barras del producto, siempre que la calidad del pedido cumpla con su MOQ.<\/p>\n<p>5. Acerca del paquete:<br \/>\nLa mayor\u00eda de los productos que fabricamos tienen un paquete est\u00e1ndar seg\u00fan la experiencia que obtuvimos en el mercado, pero siempre aceptamos las necesidades del cliente y brindamos sugerencias \u00fatiles como referencia.<\/p>\n<\/div>","protected":false},"excerpt":{"rendered":"<ul class=\"ptab-list clearfix\">\n<li>Origen del producto:\n<p>Anhui<\/li>\n<li>Marca:\n<p>Mosca de color<\/li>\n<li>N.\u00ba de art\u00edculo:\n<p>S-1222<\/li>\n<li>Puerto de env\u00edo:\n<p>wuhan\/shanghai\/qiandao\/yiwu<\/li>\n<li>Color:\n<p>color personalizado<\/li>\n<li>Plazo de entrega:\n<p>25-30 d\u00edas<\/li>\n<li>Pago:\n<p>30% TT como dep\u00f3sito, el pago del saldo a<\/li>\n<li>Cantidad m\u00ednima de pedido:\n<p>5000<\/li>\n<li>Tipo:\n<p>computadora port\u00e1til<\/li>\n<li>Tama\u00f1o:\n<p>A5<\/li>\n<li>Vinculante:\n<p>encuadernaci\u00f3n con grapas<\/li>\n<li>N\u00famero de p\u00e1ginas:\n<p>48p<\/li>\n<li>Impresi\u00f3n interior:\n<p>costumbre<\/li>\n<li>Impresi\u00f3n de portada:\n<p>color personalizado<\/li>\n<\/ul>","protected":false},"featured_media":11532,"comment_status":"open","ping_status":"closed","template":"","meta":[],"product_brand":[],"product_cat":[21,495],"product_tag":[362,430],"class_list":{"0":"post-11508","1":"product","2":"type-product","3":"status-publish","4":"has-post-thumbnail","6":"product_cat-exercise-book","7":"product_cat-soft-cover-exercise-book","8":"product_tag-bulk-composition-book","9":"product_tag-french-line-exercise-book-lined-exercise-book","11":"first","12":"instock","13":"shipping-taxable","14":"product-type-simple"},"yoast_head":"<!-- This site is optimized with the Yoast SEO Premium plugin v23.9 (Yoast SEO v25.2) - https:\/\/yoast.com\/wordpress\/plugins\/seo\/ -->\n<title>Factory Price French Line Exercise Book Lined Exercise Book<\/title>\n<meta name=\"description\" content=\"Affordable factory-priced French line exercise books with lined pages, perfect for writing, note-taking, and schoolwork. Durable and available in bulk for schools and offices.\" \/>\n<meta name=\"robots\" content=\"index, follow, max-snippet:-1, max-image-preview:large, max-video-preview:-1\" \/>\n<link rel=\"canonical\" href=\"https:\/\/www.colorflyprinting.com\/es\/producto\/cuaderno-de-ejercicios-de-linea-francesa-a-precio-de-fabrica-cuaderno-de-ejercicios-rayado-2021-cuaderno-de-ejercicios-de-linea-francesa-para-estudiantes-que-escriben\/\" \/>\n<meta property=\"og:locale\" content=\"es_ES\" \/>\n<meta property=\"og:type\" content=\"article\" \/>\n<meta property=\"og:title\" content=\"Factory Price French Line Exercise Book Lined Exercise Book\" \/>\n<meta property=\"og:description\" content=\"Affordable factory-priced French line exercise books with lined pages, perfect for writing, note-taking, and schoolwork. Durable and available in bulk for schools and offices.\" \/>\n<meta property=\"og:url\" content=\"https:\/\/www.colorflyprinting.com\/es\/producto\/cuaderno-de-ejercicios-de-linea-francesa-a-precio-de-fabrica-cuaderno-de-ejercicios-rayado-2021-cuaderno-de-ejercicios-de-linea-francesa-para-estudiantes-que-escriben\/\" \/>\n<meta property=\"og:site_name\" content=\"colorflyprinting\" \/>\n<meta property=\"article:modified_time\" content=\"2025-04-29T01:39:32+00:00\" \/>\n<meta property=\"og:image\" content=\"https:\/\/www.colorflyprinting.com\/wp-content\/uploads\/2025\/04\/8a4a7aa3283434aac4031ce119a1a6c1_medium-1.jpg\" \/>\n\t<meta property=\"og:image:width\" content=\"550\" \/>\n\t<meta property=\"og:image:height\" content=\"550\" \/>\n\t<meta property=\"og:image:type\" content=\"image\/jpeg\" \/>\n<meta name=\"twitter:card\" content=\"summary_large_image\" \/>\n<meta name=\"twitter:label1\" content=\"Est. reading time\" \/>\n\t<meta name=\"twitter:data1\" content=\"1 minuto\" \/>\n<script type=\"application\/ld+json\" class=\"yoast-schema-graph\">{\"@context\":\"https:\/\/schema.org\",\"@graph\":[{\"@type\":\"WebPage\",\"@id\":\"https:\/\/www.colorflyprinting.com\/product\/factory-price-french-line-exercise-book-lined-exercise-book-2021-french-line-exercise-book-for-students-writing\/\",\"url\":\"https:\/\/www.colorflyprinting.com\/product\/factory-price-french-line-exercise-book-lined-exercise-book-2021-french-line-exercise-book-for-students-writing\/\",\"name\":\"Factory Price French Line Exercise Book Lined Exercise Book\",\"isPartOf\":{\"@id\":\"https:\/\/www.colorflyprinting.com\/#website\"},\"primaryImageOfPage\":{\"@id\":\"https:\/\/www.colorflyprinting.com\/product\/factory-price-french-line-exercise-book-lined-exercise-book-2021-french-line-exercise-book-for-students-writing\/#primaryimage\"},\"image\":{\"@id\":\"https:\/\/www.colorflyprinting.com\/product\/factory-price-french-line-exercise-book-lined-exercise-book-2021-french-line-exercise-book-for-students-writing\/#primaryimage\"},\"thumbnailUrl\":\"https:\/\/www.colorflyprinting.com\/wp-content\/uploads\/2025\/04\/8a4a7aa3283434aac4031ce119a1a6c1_medium-1.jpg\",\"datePublished\":\"2025-04-22T01:23:20+00:00\",\"dateModified\":\"2025-04-29T01:39:32+00:00\",\"description\":\"Affordable factory-priced French line exercise books with lined pages, perfect for writing, note-taking, and schoolwork. Durable and available in bulk for schools and offices.\",\"breadcrumb\":{\"@id\":\"https:\/\/www.colorflyprinting.com\/product\/factory-price-french-line-exercise-book-lined-exercise-book-2021-french-line-exercise-book-for-students-writing\/#breadcrumb\"},\"inLanguage\":\"es-CR\",\"potentialAction\":[{\"@type\":\"ReadAction\",\"target\":[\"https:\/\/www.colorflyprinting.com\/product\/factory-price-french-line-exercise-book-lined-exercise-book-2021-french-line-exercise-book-for-students-writing\/\"]}]},{\"@type\":\"ImageObject\",\"inLanguage\":\"es-CR\",\"@id\":\"https:\/\/www.colorflyprinting.com\/product\/factory-price-french-line-exercise-book-lined-exercise-book-2021-french-line-exercise-book-for-students-writing\/#primaryimage\",\"url\":\"https:\/\/www.colorflyprinting.com\/wp-content\/uploads\/2025\/04\/8a4a7aa3283434aac4031ce119a1a6c1_medium-1.jpg\",\"contentUrl\":\"https:\/\/www.colorflyprinting.com\/wp-content\/uploads\/2025\/04\/8a4a7aa3283434aac4031ce119a1a6c1_medium-1.jpg\",\"width\":550,\"height\":550},{\"@type\":\"BreadcrumbList\",\"@id\":\"https:\/\/www.colorflyprinting.com\/product\/factory-price-french-line-exercise-book-lined-exercise-book-2021-french-line-exercise-book-for-students-writing\/#breadcrumb\",\"itemListElement\":[{\"@type\":\"ListItem\",\"position\":1,\"name\":\"Home\",\"item\":\"https:\/\/www.colorflyprinting.com\/\"},{\"@type\":\"ListItem\",\"position\":2,\"name\":\"Product\",\"item\":\"https:\/\/www.colorflyprinting.com\/shop\/\"},{\"@type\":\"ListItem\",\"position\":3,\"name\":\"Factory Price French Line Exercise Book Lined Exercise Book\"}]},{\"@type\":\"WebSite\",\"@id\":\"https:\/\/www.colorflyprinting.com\/#website\",\"url\":\"https:\/\/www.colorflyprinting.com\/\",\"name\":\"Hefei Colorfly Stationery Co.,Ltd.\",\"description\":\"\",\"publisher\":{\"@id\":\"https:\/\/www.colorflyprinting.com\/#organization\"},\"potentialAction\":[{\"@type\":\"SearchAction\",\"target\":{\"@type\":\"EntryPoint\",\"urlTemplate\":\"https:\/\/www.colorflyprinting.com\/?s={search_term_string}\"},\"query-input\":{\"@type\":\"PropertyValueSpecification\",\"valueRequired\":true,\"valueName\":\"search_term_string\"}}],\"inLanguage\":\"es-CR\"},{\"@type\":\"Organization\",\"@id\":\"https:\/\/www.colorflyprinting.com\/#organization\",\"name\":\"Hefei Colorfly Stationery Co.,Ltd.\",\"url\":\"https:\/\/www.colorflyprinting.com\/\",\"logo\":{\"@type\":\"ImageObject\",\"inLanguage\":\"es-CR\",\"@id\":\"https:\/\/www.colorflyprinting.com\/#\/schema\/logo\/image\/\",\"url\":\"https:\/\/www.colorflyprinting.com\/wp-content\/uploads\/2025\/04\/d167665f943610681229e2f4307b9df.jpg\",\"contentUrl\":\"https:\/\/www.colorflyprinting.com\/wp-content\/uploads\/2025\/04\/d167665f943610681229e2f4307b9df.jpg\",\"width\":780,\"height\":780,\"caption\":\"Hefei Colorfly Stationery Co.,Ltd.\"},\"image\":{\"@id\":\"https:\/\/www.colorflyprinting.com\/#\/schema\/logo\/image\/\"}}]}<\/script>\n<!-- \/ Yoast SEO Premium plugin. -->","yoast_head_json":{"title":"Factory Price French Line Exercise Book Lined Exercise Book","description":"Affordable factory-priced French line exercise books with lined pages, perfect for writing, note-taking, and schoolwork. Durable and available in bulk for schools and offices.","robots":{"index":"index","follow":"follow","max-snippet":"max-snippet:-1","max-image-preview":"max-image-preview:large","max-video-preview":"max-video-preview:-1"},"canonical":"https:\/\/www.colorflyprinting.com\/es\/producto\/cuaderno-de-ejercicios-de-linea-francesa-a-precio-de-fabrica-cuaderno-de-ejercicios-rayado-2021-cuaderno-de-ejercicios-de-linea-francesa-para-estudiantes-que-escriben\/","og_locale":"es_ES","og_type":"article","og_title":"Factory Price French Line Exercise Book Lined Exercise Book","og_description":"Affordable factory-priced French line exercise books with lined pages, perfect for writing, note-taking, and schoolwork. Durable and available in bulk for schools and offices.","og_url":"https:\/\/www.colorflyprinting.com\/es\/producto\/cuaderno-de-ejercicios-de-linea-francesa-a-precio-de-fabrica-cuaderno-de-ejercicios-rayado-2021-cuaderno-de-ejercicios-de-linea-francesa-para-estudiantes-que-escriben\/","og_site_name":"colorflyprinting","article_modified_time":"2025-04-29T01:39:32+00:00","og_image":[{"width":550,"height":550,"url":"https:\/\/www.colorflyprinting.com\/wp-content\/uploads\/2025\/04\/8a4a7aa3283434aac4031ce119a1a6c1_medium-1.jpg","type":"image\/jpeg"}],"twitter_card":"summary_large_image","twitter_misc":{"Est. reading time":"1 minuto"},"schema":{"@context":"https:\/\/schema.org","@graph":[{"@type":"WebPage","@id":"https:\/\/www.colorflyprinting.com\/product\/factory-price-french-line-exercise-book-lined-exercise-book-2021-french-line-exercise-book-for-students-writing\/","url":"https:\/\/www.colorflyprinting.com\/product\/factory-price-french-line-exercise-book-lined-exercise-book-2021-french-line-exercise-book-for-students-writing\/","name":"Factory Price French Line Exercise Book Lined Exercise Book","isPartOf":{"@id":"https:\/\/www.colorflyprinting.com\/#website"},"primaryImageOfPage":{"@id":"https:\/\/www.colorflyprinting.com\/product\/factory-price-french-line-exercise-book-lined-exercise-book-2021-french-line-exercise-book-for-students-writing\/#primaryimage"},"image":{"@id":"https:\/\/www.colorflyprinting.com\/product\/factory-price-french-line-exercise-book-lined-exercise-book-2021-french-line-exercise-book-for-students-writing\/#primaryimage"},"thumbnailUrl":"https:\/\/www.colorflyprinting.com\/wp-content\/uploads\/2025\/04\/8a4a7aa3283434aac4031ce119a1a6c1_medium-1.jpg","datePublished":"2025-04-22T01:23:20+00:00","dateModified":"2025-04-29T01:39:32+00:00","description":"Affordable factory-priced French line exercise books with lined pages, perfect for writing, note-taking, and schoolwork. Durable and available in bulk for schools and offices.","breadcrumb":{"@id":"https:\/\/www.colorflyprinting.com\/product\/factory-price-french-line-exercise-book-lined-exercise-book-2021-french-line-exercise-book-for-students-writing\/#breadcrumb"},"inLanguage":"es-CR","potentialAction":[{"@type":"ReadAction","target":["https:\/\/www.colorflyprinting.com\/product\/factory-price-french-line-exercise-book-lined-exercise-book-2021-french-line-exercise-book-for-students-writing\/"]}]},{"@type":"ImageObject","inLanguage":"es-CR","@id":"https:\/\/www.colorflyprinting.com\/product\/factory-price-french-line-exercise-book-lined-exercise-book-2021-french-line-exercise-book-for-students-writing\/#primaryimage","url":"https:\/\/www.colorflyprinting.com\/wp-content\/uploads\/2025\/04\/8a4a7aa3283434aac4031ce119a1a6c1_medium-1.jpg","contentUrl":"https:\/\/www.colorflyprinting.com\/wp-content\/uploads\/2025\/04\/8a4a7aa3283434aac4031ce119a1a6c1_medium-1.jpg","width":550,"height":550},{"@type":"BreadcrumbList","@id":"https:\/\/www.colorflyprinting.com\/product\/factory-price-french-line-exercise-book-lined-exercise-book-2021-french-line-exercise-book-for-students-writing\/#breadcrumb","itemListElement":[{"@type":"ListItem","position":1,"name":"Home","item":"https:\/\/www.colorflyprinting.com\/"},{"@type":"ListItem","position":2,"name":"Product","item":"https:\/\/www.colorflyprinting.com\/shop\/"},{"@type":"ListItem","position":3,"name":"Factory Price French Line Exercise Book Lined Exercise Book"}]},{"@type":"WebSite","@id":"https:\/\/www.colorflyprinting.com\/#website","url":"https:\/\/www.colorflyprinting.com\/","name":"Hefei Colorfly Stationery Co.,Ltd.","description":"","publisher":{"@id":"https:\/\/www.colorflyprinting.com\/#organization"},"potentialAction":[{"@type":"SearchAction","target":{"@type":"EntryPoint","urlTemplate":"https:\/\/www.colorflyprinting.com\/?s={search_term_string}"},"query-input":{"@type":"PropertyValueSpecification","valueRequired":true,"valueName":"search_term_string"}}],"inLanguage":"es-CR"},{"@type":"Organization","@id":"https:\/\/www.colorflyprinting.com\/#organization","name":"Hefei Colorfly Stationery Co.,Ltd.","url":"https:\/\/www.colorflyprinting.com\/","logo":{"@type":"ImageObject","inLanguage":"es-CR","@id":"https:\/\/www.colorflyprinting.com\/#\/schema\/logo\/image\/","url":"https:\/\/www.colorflyprinting.com\/wp-content\/uploads\/2025\/04\/d167665f943610681229e2f4307b9df.jpg","contentUrl":"https:\/\/www.colorflyprinting.com\/wp-content\/uploads\/2025\/04\/d167665f943610681229e2f4307b9df.jpg","width":780,"height":780,"caption":"Hefei Colorfly Stationery Co.,Ltd."},"image":{"@id":"https:\/\/www.colorflyprinting.com\/#\/schema\/logo\/image\/"}}]}},"_links":{"self":[{"href":"https:\/\/www.colorflyprinting.com\/es\/wp-json\/wp\/v2\/product\/11508","targetHints":{"allow":["GET"]}}],"collection":[{"href":"https:\/\/www.colorflyprinting.com\/es\/wp-json\/wp\/v2\/product"}],"about":[{"href":"https:\/\/www.colorflyprinting.com\/es\/wp-json\/wp\/v2\/types\/product"}],"replies":[{"embeddable":true,"href":"https:\/\/www.colorflyprinting.com\/es\/wp-json\/wp\/v2\/comments?post=11508"}],"wp:featuredmedia":[{"embeddable":true,"href":"https:\/\/www.colorflyprinting.com\/es\/wp-json\/wp\/v2\/media\/11532"}],"wp:attachment":[{"href":"https:\/\/www.colorflyprinting.com\/es\/wp-json\/wp\/v2\/media?parent=11508"}],"wp:term":[{"taxonomy":"product_brand","embeddable":true,"href":"https:\/\/www.colorflyprinting.com\/es\/wp-json\/wp\/v2\/product_brand?post=11508"},{"taxonomy":"product_cat","embeddable":true,"href":"https:\/\/www.colorflyprinting.com\/es\/wp-json\/wp\/v2\/product_cat?post=11508"},{"taxonomy":"product_tag","embeddable":true,"href":"https:\/\/www.colorflyprinting.com\/es\/wp-json\/wp\/v2\/product_tag?post=11508"}],"curies":[{"name":"wp","href":"https:\/\/api.w.org\/{rel}","templated":true}]}}