{"id":11461,"date":"2025-04-22T01:22:56","date_gmt":"2025-04-22T01:22:56","guid":{"rendered":"https:\/\/www.colorflyprinting.com\/?post_type=product&#038;p=11461"},"modified":"2025-06-28T04:19:19","modified_gmt":"2025-06-28T04:19:19","slug":"school-customizable-notebooks-hardcover-journal","status":"publish","type":"product","link":"https:\/\/www.colorflyprinting.com\/es\/producto\/cuadernos-escolares-personalizables-diario-de-tapa-dura\/","title":{"rendered":"Cuadernos escolares personalizables de tapa dura"},"content":{"rendered":"<div class=\"text\">\n<div class=\"table-responsive\">\n<table border=\"1\">\n<tbody>\n<tr>\n<td>\n<p>\n\t\t\t\t\t\tNombre del producto\n\t\t\t\t\t<\/p>\n<\/td>\n<td>\n<p>\n\t\t\t\t\t\tCuaderno de tapa dura con l\u00edneas \u00e1rabes&nbsp;\n\t\t\t\t\t<\/p>\n<\/td>\n<\/tr>\n<tr>\n<td>\n<p>\n\t\t\t\t\t\tHoja (p\u00e1gina)\n\t\t\t\t\t<\/p>\n<\/td>\n<td>\n<p>\n\t\t\t\t\t\t100 hojas \/ 80 hojas, etc.\n\t\t\t\t\t<\/p>\n<\/td>\n<\/tr>\n<tr>\n<td>\n<p>\n\t\t\t\t\t\tTama\u00f1o\n\t\t\t\t\t<\/p>\n<\/td>\n<td>\n<p>\n\t\t\t\t\t\t17 x 24 cm\n\t\t\t\t\t<\/p>\n<\/td>\n<\/tr>\n<tr>\n<td>\n<p>\n\t\t\t\t\t\tCubrir\n\t\t\t\t\t<\/p>\n<\/td>\n<td>\n<p>\n\t\t\t\t\t\tCart\u00f3n doble + laminado; dise\u00f1o personalizado disponible.\n\t\t\t\t\t<\/p>\n<\/td>\n<\/tr>\n<tr>\n<td>\n<p>\n\t\t\t\t\t\tVinculante\n\t\t\t\t\t<\/p>\n<\/td>\n<td>\n<p>\n\t\t\t\t\t\tEncuadernaci\u00f3n perfecta (encuadernaci\u00f3n cosida por secciones + encuadernaci\u00f3n con cola)\n\t\t\t\t\t<\/p>\n<\/td>\n<\/tr>\n<tr>\n<td>\n<p>\n\t\t\t\t\t\tImpresi\u00f3n interior\n\t\t\t\t\t<\/p>\n<\/td>\n<td>\n<p>\n\t\t\t\t\t\tl\u00ednea \u00e1rabe\n\t\t\t\t\t<\/p>\n<\/td>\n<\/tr>\n<tr>\n<td>\n<p>\n\t\t\t\t\t\tPapel interior GSM&nbsp; &nbsp; &nbsp; &nbsp; &nbsp; &nbsp; &nbsp; &nbsp; &nbsp;\n\t\t\t\t\t<\/p>\n<\/td>\n<td>\n<p>\n\t\t\t\t\t\t68 g\/m\u00b2\n\t\t\t\t\t<\/p>\n<\/td>\n<\/tr>\n<tr>\n<td>\n<p>\n\t\t\t\t\t\tUso\n\t\t\t\t\t<\/p>\n<\/td>\n<td>\n<p>\n\t\t\t\t\t\tEscuela \/ Oficina \/ etc.\n\t\t\t\t\t<\/p>\n<\/td>\n<\/tr>\n<tr>\n<td>\n<p>\n\t\t\t\t\t\tEmbalaje\n\t\t\t\t\t<\/p>\n<\/td>\n<td>\n<p>\n\t\t\t\t\t\t4 piezas\/encogimiento, 80 piezas\/caja\n\t\t\t\t\t<\/p>\n<\/td>\n<\/tr>\n<tr>\n<td>\n<p>\n\t\t\t\t\t\tPrecio&nbsp;\n\t\t\t\t\t<\/p>\n<\/td>\n<td>\n<p>\n\t\t\t\t\t\tEl buen precio se actualizar\u00e1 al recibir su consulta detallada.&nbsp; &nbsp; &nbsp; &nbsp; &nbsp; &nbsp; &nbsp; &nbsp; &nbsp; &nbsp; &nbsp;\n\t\t\t\t\t<\/p>\n<\/td>\n<\/tr>\n<\/tbody>\n<\/table>\n<\/div>\n<p><span style=\"color:#8ac4b6;\"><strong>Si desea realizar un pedido, por favor inf\u00f3rmenos:<\/strong><\/span> <\/p>\n<p>\n\t<span style=\"color:#8ac4b6;\"><strong>1. Tama\u00f1o: personalizado<\/strong><\/span>\n<\/p>\n<p>\n\t<span style=\"color:#8ac4b6;\"><strong>2. Material de la cubierta: ser\u00eda mejor que nos enviaras una foto como referencia.<\/strong><\/span><br \/>\n<span style=\"color:#8ac4b6;\"><strong> 3. En las p\u00e1ginas interiores, utiliza nuestro dise\u00f1o o crea tu propia obra de arte.<\/strong><\/span><br \/>\n<span style=\"color:#8ac4b6;\"><strong> 4. Si el texto es su propia obra de arte, \u00bfcu\u00e1ntas p\u00e1ginas interiores hay? Una hoja tiene dos p\u00e1ginas.<\/strong><\/span><br \/>\n<span style=\"color:#8ac4b6;\"><strong> 5. Dentro de toda la impresi\u00f3n en blanco y negro o impresi\u00f3n a color.<\/strong><\/span><br \/>\n<span style=\"color:#8ac4b6;\"><strong> 6. Encuadernaci\u00f3n: encuadernaci\u00f3n cosida, encuadernaci\u00f3n en espiral o por favor, av\u00edsenos.<\/strong><\/span><br \/>\n<span style=\"color:#8ac4b6;\"><strong> 7. Cantidad: por favor, av\u00edsenos.<\/strong><\/span><br \/>\n<span style=\"color:#8ac4b6;\"><strong> Confirme esto y podremos proporcionarle una cotizaci\u00f3n.<\/strong><\/span><br \/>\n<span style=\"color:#8ac4b6;\"><strong> Thanks and wait to privide you the most professional service \ud83d\ude42<\/strong><\/span>\n<\/p>\n<p>\n\t\n<\/p>\n<p>\n\t<strong><span style=\"color:#8AC4B6;\">Preguntas frecuentes:<\/span><\/strong>\n<\/p>\n<p>\n\t<span style=\"background-color:#8ac4b6;\">1. Nos gustar\u00eda saber el tiempo de muestra, el costo de la muestra y el tiempo de producci\u00f3n.&nbsp;<\/span><br \/>\n\u00a1Revise sus archivos y corrija errores sin costo alguno! Confiamos tanto en la cantidad de impresiones que ofrecemos pruebas gratuitas de 100%. El plazo de entrega de la muestra es de 3 d\u00edas h\u00e1biles. El plazo de producci\u00f3n es de 3 a 10 d\u00edas h\u00e1biles.\n<\/p>\n<p>\n\t<span style=\"background-color:#8ac4b6;\">2. \u00bfEs usted un fabricante o una empresa comercial? \u00bfCu\u00e1l es su gama de productos? \u00bfD\u00f3nde est\u00e1 su mercado?<\/span><br \/>\nSomos un fabricante especializado en diversas etiquetas autoadhesivas y productos de embalaje de gran calidad y precio competitivo con m\u00e1s de 7 a\u00f1os en el pa\u00eds; como diversas pegatinas, cajas de regalo, cat\u00e1logos, etiquetas y productos de embalaje; son principalmente famosos en todo el mundo, como EE. UU., Australia, Canad\u00e1, Europa, Medio Oriente, Sudeste de Asia, etc.\n<\/p>\n<p>\n\t<span style=\"background-color:#8ac4b6;\">3. \u00bfCu\u00e1l es tu calidad?<\/span><br \/>\nAqu\u00ed puede tener la seguridad de que su producto impreso quedar\u00e1 perfecto a la primera. Ofrecemos impresi\u00f3n de calidad superior, con el respaldo de nuestra garant\u00eda de calidad 100%. \u00a1No comprometa la calidad y vea la diferencia de Colorfly!<\/p>\n<p><span style=\"background-color:#8ac4b6;\">4. \u00bfCu\u00e1l es su servicio de atenci\u00f3n al cliente?<\/span><br \/>\n\u00bfTiene alguna pregunta o necesita ayuda para hacer un pedido? \u00a1Estamos aqu\u00ed para ayudarle! Nuestros especialistas en impresi\u00f3n le atienden de lunes a domingo, toda la semana.<br \/>\n<span style=\"background-color:#8ac4b6;\"><br \/>\n<\/span>\n<\/p>\n<p>\n\t<span style=\"background-color:#8ac4b6;\">5. \u00bfCu\u00e1l es su precio?<\/span><br \/>\nEn Colorfly nos enorgullecemos de ofrecer nuestra impresi\u00f3n de calidad superior al mejor precio. Esperamos que imprimir en Colorfly sea f\u00e1cil y perfecto.<\/p>\n<p><span style=\"background-color:#8ac4b6;\">6. \u00bfPor qu\u00e9 dijiste que tienes fuertes razones y que deber\u00edamos elegirte?<\/span><br \/>\nConfiamos en que, en cada proceso de fabricaci\u00f3n, podemos ofrecerle un producto perfecto. A continuaci\u00f3n, enumeramos algunos puntos y los comparamos con otras empresas de impresi\u00f3n.\n<\/p>\n<\/p><\/div>","protected":false},"excerpt":{"rendered":"<p>Cuadernos Caseboud de l\u00ednea \u00e1rabe, venta al por mayor, precio econ\u00f3mico<\/p>\n<ul class=\"ptab-list clearfix\">\n<li>\n<p>Marca:<\/p>\n<p><span>Mosca de color<\/span><\/li>\n<li>\n<p>N.\u00ba de art\u00edculo:<\/p>\n<p><span>CY-HN008<\/span><\/li>\n<li>\n<p>Cantidad m\u00ednima de pedido:<\/p>\n<p><span>contenedor de 20 pies<\/span><\/li>\n<li>\n<p>Tipo: <\/p>\n<p> <span>Cuaderno de tapa dura<\/span><\/li>\n<li>\n<p>Tama\u00f1o: <\/p>\n<p> <span>17x24m<\/span><\/li>\n<li>\n<p>Vinculante: <\/p>\n<p> <span>Encuadernaci\u00f3n perfecta<\/span><\/li>\n<li>\n<p>N\u00famero de p\u00e1ginas: <\/p>\n<p> <span>100 hojas\/80 hojas, etc.<\/span><\/li>\n<li>\n<p>Impresi\u00f3n interior: <\/p>\n<p> <span>l\u00ednea \u00e1rabe<\/span><\/li>\n<li>\n<p>Impresi\u00f3n de portada: <\/p>\n<p> <span>Impresi\u00f3n a 4 colores<\/span><\/li>\n<\/ul>","protected":false},"featured_media":11519,"comment_status":"open","ping_status":"closed","template":"","meta":[],"product_brand":[],"product_cat":[449],"product_tag":[466,468,467],"class_list":{"0":"post-11461","1":"product","2":"type-product","3":"status-publish","4":"has-post-thumbnail","6":"product_cat-hardcover-notebook","7":"product_tag-arabic-line-notebook","8":"product_tag-customizable-notebooks","9":"product_tag-school-hardcover-notebooks","11":"first","12":"instock","13":"shipping-taxable","14":"product-type-simple"},"yoast_head":"<!-- This site is optimized with the Yoast SEO Premium plugin v23.9 (Yoast SEO v25.2) - https:\/\/yoast.com\/wordpress\/plugins\/seo\/ -->\n<title>School Customizable Notebooks Hardcover Journal - colorflyprinting<\/title>\n<meta name=\"robots\" content=\"index, follow, max-snippet:-1, max-image-preview:large, max-video-preview:-1\" \/>\n<link rel=\"canonical\" href=\"https:\/\/www.colorflyprinting.com\/es\/producto\/cuadernos-escolares-personalizables-diario-de-tapa-dura\/\" \/>\n<meta property=\"og:locale\" content=\"es_ES\" \/>\n<meta property=\"og:type\" content=\"article\" \/>\n<meta property=\"og:title\" content=\"School Customizable Notebooks Hardcover Journal\" \/>\n<meta property=\"og:description\" content=\"Factory Wholesale Caseboud Notebook Arabic Line Notebooks Cheap Price                                                    Brand:Colorfly                                                   Item NO.:CY-HN008                                                                                                                   MOQ:20 foot container                                                                                                                  Type: Hardcover notebook                                 Size: 17x24m                                 Binding: Perfect binding                                 Number of pages: 100sheets\/80sheets etc                                 Inner printing: Arabic line                                 Cover printing: 4 colors printing\" \/>\n<meta property=\"og:url\" content=\"https:\/\/www.colorflyprinting.com\/es\/producto\/cuadernos-escolares-personalizables-diario-de-tapa-dura\/\" \/>\n<meta property=\"og:site_name\" content=\"colorflyprinting\" \/>\n<meta property=\"article:modified_time\" content=\"2025-06-28T04:19:19+00:00\" \/>\n<meta name=\"twitter:card\" content=\"summary_large_image\" \/>\n<meta name=\"twitter:label1\" content=\"Est. reading time\" \/>\n\t<meta name=\"twitter:data1\" content=\"2 minutos\" \/>\n<script type=\"application\/ld+json\" class=\"yoast-schema-graph\">{\"@context\":\"https:\/\/schema.org\",\"@graph\":[{\"@type\":\"WebPage\",\"@id\":\"https:\/\/www.colorflyprinting.com\/product\/school-customizable-notebooks-hardcover-journal\/\",\"url\":\"https:\/\/www.colorflyprinting.com\/product\/school-customizable-notebooks-hardcover-journal\/\",\"name\":\"School Customizable Notebooks Hardcover Journal - colorflyprinting\",\"isPartOf\":{\"@id\":\"https:\/\/www.colorflyprinting.com\/#website\"},\"primaryImageOfPage\":{\"@id\":\"https:\/\/www.colorflyprinting.com\/product\/school-customizable-notebooks-hardcover-journal\/#primaryimage\"},\"image\":{\"@id\":\"https:\/\/www.colorflyprinting.com\/product\/school-customizable-notebooks-hardcover-journal\/#primaryimage\"},\"thumbnailUrl\":\"https:\/\/www.colorflyprinting.com\/wp-content\/uploads\/2025\/04\/ca1406782162cb0aa7034d442d0e82dc_medium-1.jpg\",\"datePublished\":\"2025-04-22T01:22:56+00:00\",\"dateModified\":\"2025-06-28T04:19:19+00:00\",\"breadcrumb\":{\"@id\":\"https:\/\/www.colorflyprinting.com\/product\/school-customizable-notebooks-hardcover-journal\/#breadcrumb\"},\"inLanguage\":\"es-CR\",\"potentialAction\":[{\"@type\":\"ReadAction\",\"target\":[\"https:\/\/www.colorflyprinting.com\/product\/school-customizable-notebooks-hardcover-journal\/\"]}]},{\"@type\":\"ImageObject\",\"inLanguage\":\"es-CR\",\"@id\":\"https:\/\/www.colorflyprinting.com\/product\/school-customizable-notebooks-hardcover-journal\/#primaryimage\",\"url\":\"https:\/\/www.colorflyprinting.com\/wp-content\/uploads\/2025\/04\/ca1406782162cb0aa7034d442d0e82dc_medium-1.jpg\",\"contentUrl\":\"https:\/\/www.colorflyprinting.com\/wp-content\/uploads\/2025\/04\/ca1406782162cb0aa7034d442d0e82dc_medium-1.jpg\",\"width\":550,\"height\":550},{\"@type\":\"BreadcrumbList\",\"@id\":\"https:\/\/www.colorflyprinting.com\/product\/school-customizable-notebooks-hardcover-journal\/#breadcrumb\",\"itemListElement\":[{\"@type\":\"ListItem\",\"position\":1,\"name\":\"Home\",\"item\":\"https:\/\/www.colorflyprinting.com\/\"},{\"@type\":\"ListItem\",\"position\":2,\"name\":\"Product\",\"item\":\"https:\/\/www.colorflyprinting.com\/shop\/\"},{\"@type\":\"ListItem\",\"position\":3,\"name\":\"School Customizable Notebooks Hardcover Journal\"}]},{\"@type\":\"WebSite\",\"@id\":\"https:\/\/www.colorflyprinting.com\/#website\",\"url\":\"https:\/\/www.colorflyprinting.com\/\",\"name\":\"Hefei Colorfly Stationery Co.,Ltd.\",\"description\":\"\",\"publisher\":{\"@id\":\"https:\/\/www.colorflyprinting.com\/#organization\"},\"potentialAction\":[{\"@type\":\"SearchAction\",\"target\":{\"@type\":\"EntryPoint\",\"urlTemplate\":\"https:\/\/www.colorflyprinting.com\/?s={search_term_string}\"},\"query-input\":{\"@type\":\"PropertyValueSpecification\",\"valueRequired\":true,\"valueName\":\"search_term_string\"}}],\"inLanguage\":\"es-CR\"},{\"@type\":\"Organization\",\"@id\":\"https:\/\/www.colorflyprinting.com\/#organization\",\"name\":\"Hefei Colorfly Stationery Co.,Ltd.\",\"url\":\"https:\/\/www.colorflyprinting.com\/\",\"logo\":{\"@type\":\"ImageObject\",\"inLanguage\":\"es-CR\",\"@id\":\"https:\/\/www.colorflyprinting.com\/#\/schema\/logo\/image\/\",\"url\":\"https:\/\/www.colorflyprinting.com\/wp-content\/uploads\/2025\/04\/d167665f943610681229e2f4307b9df.jpg\",\"contentUrl\":\"https:\/\/www.colorflyprinting.com\/wp-content\/uploads\/2025\/04\/d167665f943610681229e2f4307b9df.jpg\",\"width\":780,\"height\":780,\"caption\":\"Hefei Colorfly Stationery Co.,Ltd.\"},\"image\":{\"@id\":\"https:\/\/www.colorflyprinting.com\/#\/schema\/logo\/image\/\"}}]}<\/script>\n<!-- \/ Yoast SEO Premium plugin. -->","yoast_head_json":{"title":"School Customizable Notebooks Hardcover Journal - colorflyprinting","robots":{"index":"index","follow":"follow","max-snippet":"max-snippet:-1","max-image-preview":"max-image-preview:large","max-video-preview":"max-video-preview:-1"},"canonical":"https:\/\/www.colorflyprinting.com\/es\/producto\/cuadernos-escolares-personalizables-diario-de-tapa-dura\/","og_locale":"es_ES","og_type":"article","og_title":"School Customizable Notebooks Hardcover Journal","og_description":"Factory Wholesale Caseboud Notebook Arabic Line Notebooks Cheap Price                                                    Brand:Colorfly                                                   Item NO.:CY-HN008                                                                                                                   MOQ:20 foot container                                                                                                                  Type: Hardcover notebook                                 Size: 17x24m                                 Binding: Perfect binding                                 Number of pages: 100sheets\/80sheets etc                                 Inner printing: Arabic line                                 Cover printing: 4 colors printing","og_url":"https:\/\/www.colorflyprinting.com\/es\/producto\/cuadernos-escolares-personalizables-diario-de-tapa-dura\/","og_site_name":"colorflyprinting","article_modified_time":"2025-06-28T04:19:19+00:00","twitter_card":"summary_large_image","twitter_misc":{"Est. reading time":"2 minutos"},"schema":{"@context":"https:\/\/schema.org","@graph":[{"@type":"WebPage","@id":"https:\/\/www.colorflyprinting.com\/product\/school-customizable-notebooks-hardcover-journal\/","url":"https:\/\/www.colorflyprinting.com\/product\/school-customizable-notebooks-hardcover-journal\/","name":"School Customizable Notebooks Hardcover Journal - colorflyprinting","isPartOf":{"@id":"https:\/\/www.colorflyprinting.com\/#website"},"primaryImageOfPage":{"@id":"https:\/\/www.colorflyprinting.com\/product\/school-customizable-notebooks-hardcover-journal\/#primaryimage"},"image":{"@id":"https:\/\/www.colorflyprinting.com\/product\/school-customizable-notebooks-hardcover-journal\/#primaryimage"},"thumbnailUrl":"https:\/\/www.colorflyprinting.com\/wp-content\/uploads\/2025\/04\/ca1406782162cb0aa7034d442d0e82dc_medium-1.jpg","datePublished":"2025-04-22T01:22:56+00:00","dateModified":"2025-06-28T04:19:19+00:00","breadcrumb":{"@id":"https:\/\/www.colorflyprinting.com\/product\/school-customizable-notebooks-hardcover-journal\/#breadcrumb"},"inLanguage":"es-CR","potentialAction":[{"@type":"ReadAction","target":["https:\/\/www.colorflyprinting.com\/product\/school-customizable-notebooks-hardcover-journal\/"]}]},{"@type":"ImageObject","inLanguage":"es-CR","@id":"https:\/\/www.colorflyprinting.com\/product\/school-customizable-notebooks-hardcover-journal\/#primaryimage","url":"https:\/\/www.colorflyprinting.com\/wp-content\/uploads\/2025\/04\/ca1406782162cb0aa7034d442d0e82dc_medium-1.jpg","contentUrl":"https:\/\/www.colorflyprinting.com\/wp-content\/uploads\/2025\/04\/ca1406782162cb0aa7034d442d0e82dc_medium-1.jpg","width":550,"height":550},{"@type":"BreadcrumbList","@id":"https:\/\/www.colorflyprinting.com\/product\/school-customizable-notebooks-hardcover-journal\/#breadcrumb","itemListElement":[{"@type":"ListItem","position":1,"name":"Home","item":"https:\/\/www.colorflyprinting.com\/"},{"@type":"ListItem","position":2,"name":"Product","item":"https:\/\/www.colorflyprinting.com\/shop\/"},{"@type":"ListItem","position":3,"name":"School Customizable Notebooks Hardcover Journal"}]},{"@type":"WebSite","@id":"https:\/\/www.colorflyprinting.com\/#website","url":"https:\/\/www.colorflyprinting.com\/","name":"Hefei Colorfly Stationery Co.,Ltd.","description":"","publisher":{"@id":"https:\/\/www.colorflyprinting.com\/#organization"},"potentialAction":[{"@type":"SearchAction","target":{"@type":"EntryPoint","urlTemplate":"https:\/\/www.colorflyprinting.com\/?s={search_term_string}"},"query-input":{"@type":"PropertyValueSpecification","valueRequired":true,"valueName":"search_term_string"}}],"inLanguage":"es-CR"},{"@type":"Organization","@id":"https:\/\/www.colorflyprinting.com\/#organization","name":"Hefei Colorfly Stationery Co.,Ltd.","url":"https:\/\/www.colorflyprinting.com\/","logo":{"@type":"ImageObject","inLanguage":"es-CR","@id":"https:\/\/www.colorflyprinting.com\/#\/schema\/logo\/image\/","url":"https:\/\/www.colorflyprinting.com\/wp-content\/uploads\/2025\/04\/d167665f943610681229e2f4307b9df.jpg","contentUrl":"https:\/\/www.colorflyprinting.com\/wp-content\/uploads\/2025\/04\/d167665f943610681229e2f4307b9df.jpg","width":780,"height":780,"caption":"Hefei Colorfly Stationery Co.,Ltd."},"image":{"@id":"https:\/\/www.colorflyprinting.com\/#\/schema\/logo\/image\/"}}]}},"_links":{"self":[{"href":"https:\/\/www.colorflyprinting.com\/es\/wp-json\/wp\/v2\/product\/11461","targetHints":{"allow":["GET"]}}],"collection":[{"href":"https:\/\/www.colorflyprinting.com\/es\/wp-json\/wp\/v2\/product"}],"about":[{"href":"https:\/\/www.colorflyprinting.com\/es\/wp-json\/wp\/v2\/types\/product"}],"replies":[{"embeddable":true,"href":"https:\/\/www.colorflyprinting.com\/es\/wp-json\/wp\/v2\/comments?post=11461"}],"wp:featuredmedia":[{"embeddable":true,"href":"https:\/\/www.colorflyprinting.com\/es\/wp-json\/wp\/v2\/media\/11519"}],"wp:attachment":[{"href":"https:\/\/www.colorflyprinting.com\/es\/wp-json\/wp\/v2\/media?parent=11461"}],"wp:term":[{"taxonomy":"product_brand","embeddable":true,"href":"https:\/\/www.colorflyprinting.com\/es\/wp-json\/wp\/v2\/product_brand?post=11461"},{"taxonomy":"product_cat","embeddable":true,"href":"https:\/\/www.colorflyprinting.com\/es\/wp-json\/wp\/v2\/product_cat?post=11461"},{"taxonomy":"product_tag","embeddable":true,"href":"https:\/\/www.colorflyprinting.com\/es\/wp-json\/wp\/v2\/product_tag?post=11461"}],"curies":[{"name":"wp","href":"https:\/\/api.w.org\/{rel}","templated":true}]}}