{"id":11459,"date":"2025-04-22T01:22:56","date_gmt":"2025-04-22T01:22:56","guid":{"rendered":"https:\/\/www.colorflyprinting.com\/?post_type=product&#038;p=11459"},"modified":"2025-09-02T05:03:45","modified_gmt":"2025-09-02T05:03:45","slug":"custom-288-pages-hardcover-note-books","status":"publish","type":"product","link":"https:\/\/www.colorflyprinting.com\/es\/producto\/cuadernos-de-notas-de-tapa-dura-personalizados-de-288-paginas\/","title":{"rendered":"Cuadernos de tapa dura personalizados de 288 p\u00e1ginas"},"content":{"rendered":"<div class=\"text\">\n<p>\n\t<strong>Cuaderno de tapa dura con rayas francesas de diferentes colores, 288 p\u00e1ginas<\/strong>\n<\/p>\n<p>\n\t<img decoding=\"async\" src=\"\/js\/htmledit\/kindeditor\/attached\/20200811\/20200811133738_56928.jpg\" alt=\"\">\n<\/p>\n<p>\n\tNombre del art\u00edculo: Cuaderno de tapa dura\n<\/p>\n<p>\n\tCubierta: Tapa dura\n<\/p>\n<p>\n\tTama\u00f1o: 17x22cm\n<\/p>\n<p>\n\tEncuadernaci\u00f3n: Encuadernaci\u00f3n perfecta (encuadernaci\u00f3n cosida + encuadernaci\u00f3n con pegamento)\n<\/p>\n<p>\n\tP\u00e1ginas: 288 p\u00e1ginas etc.&nbsp;\n<\/p>\n<p>\n\tImpresi\u00f3n de papel interior: l\u00ednea francesa\n<\/p>\n<p>\n\tMOQ: contenedor de 20 pies, se pueden hacer pedidos de art\u00edculos mixtos\n<\/p>\n<p>\n\tObservaci\u00f3n: Todas las especificaciones anteriores se pueden personalizar, puede disfrutar de nuestro servicio personalizado si cooperamos.\n<\/p>\n<p>\n\t<img decoding=\"async\" src=\"\/js\/htmledit\/kindeditor\/attached\/20200806\/20200806160055_84649.jpg\" alt=\"\">\n<\/p>\n<p>\n\t<strong>Exposici\u00f3n de la empresa Mostrar:<\/strong>\n<\/p>\n<p>\n\t<img decoding=\"async\" src=\"\/js\/htmledit\/kindeditor\/attached\/20200806\/20200806171628_73747.jpg\" alt=\"\">\n<\/p>\n<p>\n\t<strong>Preguntas frecuentes<\/strong>\n<\/p>\n<p>\n\t<span style=\"background-color:#8AC4B6;\"><strong>1. Acerca del precio:<\/strong><\/span>\n<\/p>\n<p>\n\tEl precio es negociable. Se puede modificar seg\u00fan la cantidad o el paquete.<br \/>\nCuando realice una consulta, ind\u00edquenos la cantidad que desea.\n<\/p>\n<p>\n\t<strong><span style=\"background-color:#8ac4b6;\">2. Acerca de la muestra:<\/span><\/strong>\n<\/p>\n<p>\n\tPara el producto est\u00e1ndar que producimos todos los d\u00edas, la muestra es gratuita, pero el flete a\u00e9reo se cobra o nos paga el franqueo por adelantado, tenga en cuenta que; hacer nuevas muestras causar\u00e1 una tarifa de fabricaci\u00f3n de muestras, discutamos m\u00e1s por favor.\n<\/p>\n<p>\n\t<span style=\"background-color:#8AC4B6;\"><strong>3. Acerca de la cantidad m\u00ednima de pedido:<\/strong><\/span>\n<\/p>\n<p>\n\tSi tenemos stock del producto en todo momento, el MOQ es peque\u00f1o; De lo contrario, el MOQ es 20000\/50,000\/100,000 piezas, etc., tambi\u00e9n los art\u00edculos mixtos pueden caber en un contenedor de 20 pies; Depende del tipo de producto y puede ser negociable, nos gustar\u00eda resolver su problema lo m\u00e1s posible.\n<\/p>\n<p>\n\t<span style=\"background-color:#8ac4b6;\"><strong>4. Acerca del OEM:<\/strong><\/span>\n<\/p>\n<p>\n\tPoseemos una f\u00e1brica en China, nos gustar\u00eda ayudar a dise\u00f1ar el LOGOTIPO y el c\u00f3digo de barras del producto, siempre que la calidad del pedido cumpla con su MOQ.\n<\/p>\n<p>\n\t<strong><span style=\"background-color:#8ac4b6;\">5. Acerca del paquete:<\/span><\/strong>\n<\/p>\n<p>\n\tLa mayor\u00eda de los productos que fabricamos tienen un paquete est\u00e1ndar seg\u00fan la experiencia que obtuvimos en el mercado, pero siempre aceptamos las necesidades del cliente y brindamos sugerencias \u00fatiles como referencia.\n<\/p>\n<p>\n\t\n<\/p>\n<p>\n\t\n<\/p>\n<p>\n\t\n<\/p>\n<p>\n\t\n<\/p>\n<\/p><\/div>","protected":false},"excerpt":{"rendered":"<p>Cuaderno de ejercicios de tapa dura de 288 p\u00e1ginas con l\u00edneas francesas para la escuela del mercado africano.<\/p>\n<ul class=\"ptab-list clearfix\">\n<li>\n<p>Origen del producto:<\/p>\n<p><span>Porcelana<\/span><\/li>\n<li>\n<p>Marca:<\/p>\n<p><span>Mosca de color<\/span><\/li>\n<li>\n<p>N.\u00ba de art\u00edculo:<\/p>\n<p><span>CY-1722288P02<\/span><\/li>\n<li>\n<p>Puerto de env\u00edo:<\/p>\n<p><span>Wuhu, Hefei, Nanjing, Shangh\u00e1i<\/span><\/li>\n<li>\n<p>Color:<\/p>\n<p><span>Totalmente a color<\/span><\/li>\n<li>\n<p>Cantidad m\u00ednima de pedido:<\/p>\n<p><span>contenedor de 20 pies<\/span><\/li>\n<li>\n<p>Tipo: <\/p>\n<p> <span>Cuaderno de tapa dura personalizado<\/span><\/li>\n<li>\n<p>Tama\u00f1o: <\/p>\n<p> <span>17 x 22 cm<\/span><\/li>\n<li>\n<p>Vinculante: <\/p>\n<p> <span>Encuadernaci\u00f3n perfecta<\/span><\/li>\n<li>\n<p>N\u00famero de p\u00e1ginas: <\/p>\n<p> <span>288 p\u00e1ginas, etc.<\/span><\/li>\n<li>\n<p>Impresi\u00f3n interior: <\/p>\n<p> <span>L\u00ednea francesa<\/span><\/li>\n<li>\n<p>Impresi\u00f3n de portada: <\/p>\n<p> <span>A todo color<\/span><\/li>\n<\/ul>","protected":false},"featured_media":11503,"comment_status":"open","ping_status":"closed","template":"","meta":[],"product_brand":[],"product_cat":[449],"product_tag":[463,458,462],"class_list":{"0":"post-11459","1":"product","2":"type-product","3":"status-publish","4":"has-post-thumbnail","6":"product_cat-hardcover-notebook","7":"product_tag-africa-hardcover-book","8":"product_tag-custom-hardcover-notebook","9":"product_tag-school-notebook","11":"first","12":"instock","13":"featured","14":"shipping-taxable","15":"product-type-simple"},"yoast_head":"<!-- This site is optimized with the Yoast SEO Premium plugin v23.9 (Yoast SEO v25.2) - https:\/\/yoast.com\/wordpress\/plugins\/seo\/ -->\n<title>Custom 288 Pages Hardcover Note Books - colorflyprinting<\/title>\n<meta name=\"robots\" content=\"index, follow, max-snippet:-1, max-image-preview:large, max-video-preview:-1\" \/>\n<link rel=\"canonical\" href=\"https:\/\/www.colorflyprinting.com\/es\/producto\/cuadernos-de-notas-de-tapa-dura-personalizados-de-288-paginas\/\" \/>\n<meta property=\"og:locale\" content=\"es_ES\" \/>\n<meta property=\"og:type\" content=\"article\" \/>\n<meta property=\"og:title\" content=\"Custom 288 Pages Hardcover Note Books\" \/>\n<meta property=\"og:description\" content=\"Africa market school 288pages hardcover notebook exercise book with french line                                   Product Origin:China                                                    Brand:Colorfly                                                   Item NO.:CY-1722288P02                                                   Shipping Port:wuhu,hefei, nanjing,shanghai                                                   Color:Fully Color                                                                                   MOQ:20 foot container                                                                                                                  Type: Custom hardcover notebook                                 Size: 17x22cm                                 Binding: Perfect binding                                 Number of pages: 288pages etc                                 Inner printing: French line                                 Cover printing: Full color\" \/>\n<meta property=\"og:url\" content=\"https:\/\/www.colorflyprinting.com\/es\/producto\/cuadernos-de-notas-de-tapa-dura-personalizados-de-288-paginas\/\" \/>\n<meta property=\"og:site_name\" content=\"colorflyprinting\" \/>\n<meta property=\"article:modified_time\" content=\"2025-09-02T05:03:45+00:00\" \/>\n<meta name=\"twitter:card\" content=\"summary_large_image\" \/>\n<meta name=\"twitter:label1\" content=\"Est. reading time\" \/>\n\t<meta name=\"twitter:data1\" content=\"1 minuto\" \/>\n<script type=\"application\/ld+json\" class=\"yoast-schema-graph\">{\"@context\":\"https:\/\/schema.org\",\"@graph\":[{\"@type\":\"WebPage\",\"@id\":\"https:\/\/www.colorflyprinting.com\/product\/custom-288-pages-hardcover-note-books\/\",\"url\":\"https:\/\/www.colorflyprinting.com\/product\/custom-288-pages-hardcover-note-books\/\",\"name\":\"Custom 288 Pages Hardcover Note Books - colorflyprinting\",\"isPartOf\":{\"@id\":\"https:\/\/www.colorflyprinting.com\/#website\"},\"primaryImageOfPage\":{\"@id\":\"https:\/\/www.colorflyprinting.com\/product\/custom-288-pages-hardcover-note-books\/#primaryimage\"},\"image\":{\"@id\":\"https:\/\/www.colorflyprinting.com\/product\/custom-288-pages-hardcover-note-books\/#primaryimage\"},\"thumbnailUrl\":\"https:\/\/www.colorflyprinting.com\/wp-content\/uploads\/2025\/04\/5727740011e49596868edc55ed2bf64c_medium-1.jpg\",\"datePublished\":\"2025-04-22T01:22:56+00:00\",\"dateModified\":\"2025-09-02T05:03:45+00:00\",\"breadcrumb\":{\"@id\":\"https:\/\/www.colorflyprinting.com\/product\/custom-288-pages-hardcover-note-books\/#breadcrumb\"},\"inLanguage\":\"es-CR\",\"potentialAction\":[{\"@type\":\"ReadAction\",\"target\":[\"https:\/\/www.colorflyprinting.com\/product\/custom-288-pages-hardcover-note-books\/\"]}]},{\"@type\":\"ImageObject\",\"inLanguage\":\"es-CR\",\"@id\":\"https:\/\/www.colorflyprinting.com\/product\/custom-288-pages-hardcover-note-books\/#primaryimage\",\"url\":\"https:\/\/www.colorflyprinting.com\/wp-content\/uploads\/2025\/04\/5727740011e49596868edc55ed2bf64c_medium-1.jpg\",\"contentUrl\":\"https:\/\/www.colorflyprinting.com\/wp-content\/uploads\/2025\/04\/5727740011e49596868edc55ed2bf64c_medium-1.jpg\",\"width\":550,\"height\":550},{\"@type\":\"BreadcrumbList\",\"@id\":\"https:\/\/www.colorflyprinting.com\/product\/custom-288-pages-hardcover-note-books\/#breadcrumb\",\"itemListElement\":[{\"@type\":\"ListItem\",\"position\":1,\"name\":\"Home\",\"item\":\"https:\/\/www.colorflyprinting.com\/\"},{\"@type\":\"ListItem\",\"position\":2,\"name\":\"Product\",\"item\":\"https:\/\/www.colorflyprinting.com\/shop\/\"},{\"@type\":\"ListItem\",\"position\":3,\"name\":\"Custom 288 Pages Hardcover Note Books\"}]},{\"@type\":\"WebSite\",\"@id\":\"https:\/\/www.colorflyprinting.com\/#website\",\"url\":\"https:\/\/www.colorflyprinting.com\/\",\"name\":\"Hefei Colorfly Stationery Co.,Ltd.\",\"description\":\"\",\"publisher\":{\"@id\":\"https:\/\/www.colorflyprinting.com\/#organization\"},\"potentialAction\":[{\"@type\":\"SearchAction\",\"target\":{\"@type\":\"EntryPoint\",\"urlTemplate\":\"https:\/\/www.colorflyprinting.com\/?s={search_term_string}\"},\"query-input\":{\"@type\":\"PropertyValueSpecification\",\"valueRequired\":true,\"valueName\":\"search_term_string\"}}],\"inLanguage\":\"es-CR\"},{\"@type\":\"Organization\",\"@id\":\"https:\/\/www.colorflyprinting.com\/#organization\",\"name\":\"Hefei Colorfly Stationery Co.,Ltd.\",\"url\":\"https:\/\/www.colorflyprinting.com\/\",\"logo\":{\"@type\":\"ImageObject\",\"inLanguage\":\"es-CR\",\"@id\":\"https:\/\/www.colorflyprinting.com\/#\/schema\/logo\/image\/\",\"url\":\"https:\/\/www.colorflyprinting.com\/wp-content\/uploads\/2025\/04\/d167665f943610681229e2f4307b9df.jpg\",\"contentUrl\":\"https:\/\/www.colorflyprinting.com\/wp-content\/uploads\/2025\/04\/d167665f943610681229e2f4307b9df.jpg\",\"width\":780,\"height\":780,\"caption\":\"Hefei Colorfly Stationery Co.,Ltd.\"},\"image\":{\"@id\":\"https:\/\/www.colorflyprinting.com\/#\/schema\/logo\/image\/\"}}]}<\/script>\n<!-- \/ Yoast SEO Premium plugin. -->","yoast_head_json":{"title":"Custom 288 Pages Hardcover Note Books - colorflyprinting","robots":{"index":"index","follow":"follow","max-snippet":"max-snippet:-1","max-image-preview":"max-image-preview:large","max-video-preview":"max-video-preview:-1"},"canonical":"https:\/\/www.colorflyprinting.com\/es\/producto\/cuadernos-de-notas-de-tapa-dura-personalizados-de-288-paginas\/","og_locale":"es_ES","og_type":"article","og_title":"Custom 288 Pages Hardcover Note Books","og_description":"Africa market school 288pages hardcover notebook exercise book with french line                                   Product Origin:China                                                    Brand:Colorfly                                                   Item NO.:CY-1722288P02                                                   Shipping Port:wuhu,hefei, nanjing,shanghai                                                   Color:Fully Color                                                                                   MOQ:20 foot container                                                                                                                  Type: Custom hardcover notebook                                 Size: 17x22cm                                 Binding: Perfect binding                                 Number of pages: 288pages etc                                 Inner printing: French line                                 Cover printing: Full color","og_url":"https:\/\/www.colorflyprinting.com\/es\/producto\/cuadernos-de-notas-de-tapa-dura-personalizados-de-288-paginas\/","og_site_name":"colorflyprinting","article_modified_time":"2025-09-02T05:03:45+00:00","twitter_card":"summary_large_image","twitter_misc":{"Est. reading time":"1 minuto"},"schema":{"@context":"https:\/\/schema.org","@graph":[{"@type":"WebPage","@id":"https:\/\/www.colorflyprinting.com\/product\/custom-288-pages-hardcover-note-books\/","url":"https:\/\/www.colorflyprinting.com\/product\/custom-288-pages-hardcover-note-books\/","name":"Custom 288 Pages Hardcover Note Books - colorflyprinting","isPartOf":{"@id":"https:\/\/www.colorflyprinting.com\/#website"},"primaryImageOfPage":{"@id":"https:\/\/www.colorflyprinting.com\/product\/custom-288-pages-hardcover-note-books\/#primaryimage"},"image":{"@id":"https:\/\/www.colorflyprinting.com\/product\/custom-288-pages-hardcover-note-books\/#primaryimage"},"thumbnailUrl":"https:\/\/www.colorflyprinting.com\/wp-content\/uploads\/2025\/04\/5727740011e49596868edc55ed2bf64c_medium-1.jpg","datePublished":"2025-04-22T01:22:56+00:00","dateModified":"2025-09-02T05:03:45+00:00","breadcrumb":{"@id":"https:\/\/www.colorflyprinting.com\/product\/custom-288-pages-hardcover-note-books\/#breadcrumb"},"inLanguage":"es-CR","potentialAction":[{"@type":"ReadAction","target":["https:\/\/www.colorflyprinting.com\/product\/custom-288-pages-hardcover-note-books\/"]}]},{"@type":"ImageObject","inLanguage":"es-CR","@id":"https:\/\/www.colorflyprinting.com\/product\/custom-288-pages-hardcover-note-books\/#primaryimage","url":"https:\/\/www.colorflyprinting.com\/wp-content\/uploads\/2025\/04\/5727740011e49596868edc55ed2bf64c_medium-1.jpg","contentUrl":"https:\/\/www.colorflyprinting.com\/wp-content\/uploads\/2025\/04\/5727740011e49596868edc55ed2bf64c_medium-1.jpg","width":550,"height":550},{"@type":"BreadcrumbList","@id":"https:\/\/www.colorflyprinting.com\/product\/custom-288-pages-hardcover-note-books\/#breadcrumb","itemListElement":[{"@type":"ListItem","position":1,"name":"Home","item":"https:\/\/www.colorflyprinting.com\/"},{"@type":"ListItem","position":2,"name":"Product","item":"https:\/\/www.colorflyprinting.com\/shop\/"},{"@type":"ListItem","position":3,"name":"Custom 288 Pages Hardcover Note Books"}]},{"@type":"WebSite","@id":"https:\/\/www.colorflyprinting.com\/#website","url":"https:\/\/www.colorflyprinting.com\/","name":"Hefei Colorfly Stationery Co.,Ltd.","description":"","publisher":{"@id":"https:\/\/www.colorflyprinting.com\/#organization"},"potentialAction":[{"@type":"SearchAction","target":{"@type":"EntryPoint","urlTemplate":"https:\/\/www.colorflyprinting.com\/?s={search_term_string}"},"query-input":{"@type":"PropertyValueSpecification","valueRequired":true,"valueName":"search_term_string"}}],"inLanguage":"es-CR"},{"@type":"Organization","@id":"https:\/\/www.colorflyprinting.com\/#organization","name":"Hefei Colorfly Stationery Co.,Ltd.","url":"https:\/\/www.colorflyprinting.com\/","logo":{"@type":"ImageObject","inLanguage":"es-CR","@id":"https:\/\/www.colorflyprinting.com\/#\/schema\/logo\/image\/","url":"https:\/\/www.colorflyprinting.com\/wp-content\/uploads\/2025\/04\/d167665f943610681229e2f4307b9df.jpg","contentUrl":"https:\/\/www.colorflyprinting.com\/wp-content\/uploads\/2025\/04\/d167665f943610681229e2f4307b9df.jpg","width":780,"height":780,"caption":"Hefei Colorfly Stationery Co.,Ltd."},"image":{"@id":"https:\/\/www.colorflyprinting.com\/#\/schema\/logo\/image\/"}}]}},"_links":{"self":[{"href":"https:\/\/www.colorflyprinting.com\/es\/wp-json\/wp\/v2\/product\/11459","targetHints":{"allow":["GET"]}}],"collection":[{"href":"https:\/\/www.colorflyprinting.com\/es\/wp-json\/wp\/v2\/product"}],"about":[{"href":"https:\/\/www.colorflyprinting.com\/es\/wp-json\/wp\/v2\/types\/product"}],"replies":[{"embeddable":true,"href":"https:\/\/www.colorflyprinting.com\/es\/wp-json\/wp\/v2\/comments?post=11459"}],"wp:featuredmedia":[{"embeddable":true,"href":"https:\/\/www.colorflyprinting.com\/es\/wp-json\/wp\/v2\/media\/11503"}],"wp:attachment":[{"href":"https:\/\/www.colorflyprinting.com\/es\/wp-json\/wp\/v2\/media?parent=11459"}],"wp:term":[{"taxonomy":"product_brand","embeddable":true,"href":"https:\/\/www.colorflyprinting.com\/es\/wp-json\/wp\/v2\/product_brand?post=11459"},{"taxonomy":"product_cat","embeddable":true,"href":"https:\/\/www.colorflyprinting.com\/es\/wp-json\/wp\/v2\/product_cat?post=11459"},{"taxonomy":"product_tag","embeddable":true,"href":"https:\/\/www.colorflyprinting.com\/es\/wp-json\/wp\/v2\/product_tag?post=11459"}],"curies":[{"name":"wp","href":"https:\/\/api.w.org\/{rel}","templated":true}]}}