{"id":11457,"date":"2025-04-22T01:22:56","date_gmt":"2025-04-22T01:22:56","guid":{"rendered":"https:\/\/www.colorflyprinting.com\/?post_type=product&#038;p=11457"},"modified":"2025-04-22T01:23:15","modified_gmt":"2025-04-22T01:23:15","slug":"factory-supplies-custom-hardcover-notebook","status":"publish","type":"product","link":"https:\/\/www.colorflyprinting.com\/es\/producto\/suministros-de-fabrica-cuaderno-de-tapa-dura-personalizado\/","title":{"rendered":"Suministros de f\u00e1brica Cuaderno de tapa dura personalizado"},"content":{"rendered":"<div class=\"text\">\n<p>\n\tCuaderno de tapa dura Cuadernos de registro y llegada\n<\/p>\n<p>\n\tNombre del art\u00edculo: Cuaderno de tapa dura\n<\/p>\n<p>\n\tCubierta: Tapa dura\n<\/p>\n<p>\n\tTama\u00f1o: tama\u00f1o A4 o personalizado\n<\/p>\n<p>\n\tEncuadernaci\u00f3n: Encuadernaci\u00f3n perfecta (encuadernaci\u00f3n cosida + encuadernaci\u00f3n con pegamento)\n<\/p>\n<p>\n\tP\u00e1ginas: Personalizadas seg\u00fan solicitud\n<\/p>\n<p>\n\tImpresi\u00f3n de papel interior: Interior personalizado\n<\/p>\n<p>\n\tMOQ: contenedor de 20 pies, se pueden hacer pedidos de art\u00edculos mixtos\n<\/p>\n<p>\n\tObservaci\u00f3n: Todas las especificaciones anteriores se pueden personalizar, puede disfrutar de nuestro servicio personalizado si cooperamos.\n<\/p>\n<p>\n\t\n<\/p>\n<p>\n\t<img decoding=\"async\" src=\"\/js\/htmledit\/kindeditor\/attached\/20200806\/20200806160055_84649.jpg\" alt=\"\">\n<\/p>\n<p>\n\tExposici\u00f3n de la empresa Mostrar:\n<\/p>\n<p>\n\t<img decoding=\"async\" src=\"\/js\/htmledit\/kindeditor\/attached\/20200806\/20200806171628_73747.jpg\" alt=\"\">\n<\/p>\n<p>\n\tPreguntas frecuentes\n<\/p>\n<p>\n\tP1. \u00bfEs usted una f\u00e1brica o una empresa comercial?\n<\/p>\n<div>\n\tSomos una f\u00e1brica y llevamos 7 a\u00f1os en esta industria.\n<\/div>\n<div>\n\t\n<\/div>\n<div>\n\tP2. \u00bfPodr\u00edas dise\u00f1arnos la portada?\n<\/div>\n<div>\n\tS\u00ed, contamos con un departamento de dise\u00f1o profesional con amplia experiencia en el mercado extranjero.\n<\/div>\n<div>\n\tSe podr\u00edan ofrecer muchas opciones de dise\u00f1o de cubierta para referencia del cliente.\n<\/div>\n<p>\n\t\n<\/p>\n<p>\n\tP3.\u00bfCu\u00e1l es su capacidad de producci\u00f3n?\n<\/p>\n<p>\n\tSeis l\u00edneas de producci\u00f3n totalmente autom\u00e1ticas para reducir costos y aumentar la productividad. Tambi\u00e9n atendemos el mercado nacional e internacional.\n<\/p>\n<p>\n\t\n<\/p>\n<div>\n\tP4. \u00bfCu\u00e1l es tu paquete habitual?<br \/>\nUna cierta cantidad de unidades se envolver\u00e1n en una bolsa retr\u00e1ctil y luego se colocar\u00e1n dentro de nuestra caja de cart\u00f3n.<\/p>\n<p>P5. \u00bfC\u00f3mo podemos confirmar la calidad y la exactitud del dise\u00f1o antes de realizar el pedido?<br \/>\nSe puede enviar una muestra gratuita para control de calidad. Los gastos de env\u00edo correr\u00e1n a cargo del comprador.<\/p>\n<p>P6. \u00bfC\u00f3mo deber\u00edamos pagarle?<br \/>\nPodr\u00edamos aceptar T\/T, L\/C o Western Union.<\/p>\n<p>P7. \u00bfCu\u00e1l es su puerto de env\u00edo en China?<br \/>\nNormalmente utilizamos el puerto de Wuhu. Tambi\u00e9n disponemos de otros puertos como Shangh\u00e1i, Nanjing, Hefei y Qingdao, seg\u00fan la demanda de los clientes.\n<\/div>\n<p>\n\t\n<\/p>\n<p>\n\t\n<\/p>\n<p>\n\t\n<\/p>\n<p>\n\t\n<\/p>\n<\/p><\/div>","protected":false},"excerpt":{"rendered":"<p>Libreta de tapa dura A4 personalizada, de bajo costo y de f\u00e1brica, disponible en colores verde y rojo.<\/p>\n<ul class=\"ptab-list clearfix\">\n<li>\n<p>Origen del producto:<\/p>\n<p><span>Porcelana<\/span><\/li>\n<li>\n<p>Marca:<\/p>\n<p><span>Mosca de color<\/span><\/li>\n<li>\n<p>N.\u00ba de art\u00edculo:<\/p>\n<p><span>CY-A402<\/span><\/li>\n<li>\n<p>Puerto de env\u00edo:<\/p>\n<p><span>Wuhu, Hefei, Nanjing, Shangh\u00e1i<\/span><\/li>\n<li>\n<p>Color:<\/p>\n<p><span>Totalmente a color<\/span><\/li>\n<li>\n<p>Cantidad m\u00ednima de pedido:<\/p>\n<p><span>contenedor de 20 pies<\/span><\/li>\n<li>\n<p>Tipo: <\/p>\n<p> <span>Cuaderno de registro<\/span><\/li>\n<li>\n<p>Tama\u00f1o: <\/p>\n<p> <span>21 x 29,7 cm<\/span><\/li>\n<li>\n<p>Vinculante: <\/p>\n<p> <span>Encuadernaci\u00f3n perfecta<\/span><\/li>\n<li>\n<p>N\u00famero de p\u00e1ginas: <\/p>\n<p> <span>200 p\u00e1ginas, etc.<\/span><\/li>\n<li>\n<p>Impresi\u00f3n interior: <\/p>\n<p> <span>L\u00ednea \u00fanica<\/span><\/li>\n<li>\n<p>Impresi\u00f3n de portada: <\/p>\n<p> <span>A todo color<\/span><\/li>\n<\/ul>","protected":false},"featured_media":11501,"comment_status":"open","ping_status":"closed","template":"","meta":[],"product_brand":[],"product_cat":[449],"product_tag":[457,458,456],"class_list":{"0":"post-11457","1":"product","2":"type-product","3":"status-publish","4":"has-post-thumbnail","6":"product_cat-hardcover-notebook","7":"product_tag-arrive-notebook","8":"product_tag-custom-hardcover-notebook","9":"product_tag-register-notebook","11":"first","12":"instock","13":"shipping-taxable","14":"product-type-simple"},"yoast_head":"<!-- This site is optimized with the Yoast SEO Premium plugin v23.9 (Yoast SEO v25.2) - https:\/\/yoast.com\/wordpress\/plugins\/seo\/ -->\n<title>Factory Supplies Custom Hardcover Notebook - colorflyprinting<\/title>\n<meta name=\"robots\" content=\"index, follow, max-snippet:-1, max-image-preview:large, max-video-preview:-1\" \/>\n<link rel=\"canonical\" href=\"https:\/\/www.colorflyprinting.com\/es\/producto\/suministros-de-fabrica-cuaderno-de-tapa-dura-personalizado\/\" \/>\n<meta property=\"og:locale\" content=\"es_ES\" \/>\n<meta property=\"og:type\" content=\"article\" \/>\n<meta property=\"og:title\" content=\"Factory Supplies Custom Hardcover Notebook\" \/>\n<meta property=\"og:description\" content=\"Cheap factory produing A4 hardcover notebook custom register book, arrive book with green, red color                                   Product Origin:China                                                    Brand:Colorfly                                                   Item NO.:CY-A402                                                   Shipping Port:wuhu,hefei, nanjing,shanghai                                                   Color:Fully Color                                                                                   MOQ:20 foot container                                                                                                                  Type: Record notebook                                 Size: 21X29.7cm                                 Binding: Perfect binding                                 Number of pages: 200pages etc                                 Inner printing: Single line                                 Cover printing: Full color\" \/>\n<meta property=\"og:url\" content=\"https:\/\/www.colorflyprinting.com\/es\/producto\/suministros-de-fabrica-cuaderno-de-tapa-dura-personalizado\/\" \/>\n<meta property=\"og:site_name\" content=\"colorflyprinting\" \/>\n<meta property=\"article:modified_time\" content=\"2025-04-22T01:23:15+00:00\" \/>\n<meta name=\"twitter:card\" content=\"summary_large_image\" \/>\n<meta name=\"twitter:label1\" content=\"Est. reading time\" \/>\n\t<meta name=\"twitter:data1\" content=\"1 minuto\" \/>\n<script type=\"application\/ld+json\" class=\"yoast-schema-graph\">{\"@context\":\"https:\/\/schema.org\",\"@graph\":[{\"@type\":\"WebPage\",\"@id\":\"https:\/\/www.colorflyprinting.com\/product\/factory-supplies-custom-hardcover-notebook\/\",\"url\":\"https:\/\/www.colorflyprinting.com\/product\/factory-supplies-custom-hardcover-notebook\/\",\"name\":\"Factory Supplies Custom Hardcover Notebook - colorflyprinting\",\"isPartOf\":{\"@id\":\"https:\/\/www.colorflyprinting.com\/#website\"},\"primaryImageOfPage\":{\"@id\":\"https:\/\/www.colorflyprinting.com\/product\/factory-supplies-custom-hardcover-notebook\/#primaryimage\"},\"image\":{\"@id\":\"https:\/\/www.colorflyprinting.com\/product\/factory-supplies-custom-hardcover-notebook\/#primaryimage\"},\"thumbnailUrl\":\"https:\/\/www.colorflyprinting.com\/wp-content\/uploads\/2025\/04\/840df18dcdc3677fb2d38d3d54d82da4_medium-1.jpg\",\"datePublished\":\"2025-04-22T01:22:56+00:00\",\"dateModified\":\"2025-04-22T01:23:15+00:00\",\"breadcrumb\":{\"@id\":\"https:\/\/www.colorflyprinting.com\/product\/factory-supplies-custom-hardcover-notebook\/#breadcrumb\"},\"inLanguage\":\"es-CR\",\"potentialAction\":[{\"@type\":\"ReadAction\",\"target\":[\"https:\/\/www.colorflyprinting.com\/product\/factory-supplies-custom-hardcover-notebook\/\"]}]},{\"@type\":\"ImageObject\",\"inLanguage\":\"es-CR\",\"@id\":\"https:\/\/www.colorflyprinting.com\/product\/factory-supplies-custom-hardcover-notebook\/#primaryimage\",\"url\":\"https:\/\/www.colorflyprinting.com\/wp-content\/uploads\/2025\/04\/840df18dcdc3677fb2d38d3d54d82da4_medium-1.jpg\",\"contentUrl\":\"https:\/\/www.colorflyprinting.com\/wp-content\/uploads\/2025\/04\/840df18dcdc3677fb2d38d3d54d82da4_medium-1.jpg\",\"width\":550,\"height\":550},{\"@type\":\"BreadcrumbList\",\"@id\":\"https:\/\/www.colorflyprinting.com\/product\/factory-supplies-custom-hardcover-notebook\/#breadcrumb\",\"itemListElement\":[{\"@type\":\"ListItem\",\"position\":1,\"name\":\"Home\",\"item\":\"https:\/\/www.colorflyprinting.com\/\"},{\"@type\":\"ListItem\",\"position\":2,\"name\":\"Product\",\"item\":\"https:\/\/www.colorflyprinting.com\/shop\/\"},{\"@type\":\"ListItem\",\"position\":3,\"name\":\"Factory Supplies Custom Hardcover Notebook\"}]},{\"@type\":\"WebSite\",\"@id\":\"https:\/\/www.colorflyprinting.com\/#website\",\"url\":\"https:\/\/www.colorflyprinting.com\/\",\"name\":\"Hefei Colorfly Stationery Co.,Ltd.\",\"description\":\"\",\"publisher\":{\"@id\":\"https:\/\/www.colorflyprinting.com\/#organization\"},\"potentialAction\":[{\"@type\":\"SearchAction\",\"target\":{\"@type\":\"EntryPoint\",\"urlTemplate\":\"https:\/\/www.colorflyprinting.com\/?s={search_term_string}\"},\"query-input\":{\"@type\":\"PropertyValueSpecification\",\"valueRequired\":true,\"valueName\":\"search_term_string\"}}],\"inLanguage\":\"es-CR\"},{\"@type\":\"Organization\",\"@id\":\"https:\/\/www.colorflyprinting.com\/#organization\",\"name\":\"Hefei Colorfly Stationery Co.,Ltd.\",\"url\":\"https:\/\/www.colorflyprinting.com\/\",\"logo\":{\"@type\":\"ImageObject\",\"inLanguage\":\"es-CR\",\"@id\":\"https:\/\/www.colorflyprinting.com\/#\/schema\/logo\/image\/\",\"url\":\"https:\/\/www.colorflyprinting.com\/wp-content\/uploads\/2025\/04\/d167665f943610681229e2f4307b9df.jpg\",\"contentUrl\":\"https:\/\/www.colorflyprinting.com\/wp-content\/uploads\/2025\/04\/d167665f943610681229e2f4307b9df.jpg\",\"width\":780,\"height\":780,\"caption\":\"Hefei Colorfly Stationery Co.,Ltd.\"},\"image\":{\"@id\":\"https:\/\/www.colorflyprinting.com\/#\/schema\/logo\/image\/\"}}]}<\/script>\n<!-- \/ Yoast SEO Premium plugin. -->","yoast_head_json":{"title":"Factory Supplies Custom Hardcover Notebook - colorflyprinting","robots":{"index":"index","follow":"follow","max-snippet":"max-snippet:-1","max-image-preview":"max-image-preview:large","max-video-preview":"max-video-preview:-1"},"canonical":"https:\/\/www.colorflyprinting.com\/es\/producto\/suministros-de-fabrica-cuaderno-de-tapa-dura-personalizado\/","og_locale":"es_ES","og_type":"article","og_title":"Factory Supplies Custom Hardcover Notebook","og_description":"Cheap factory produing A4 hardcover notebook custom register book, arrive book with green, red color                                   Product Origin:China                                                    Brand:Colorfly                                                   Item NO.:CY-A402                                                   Shipping Port:wuhu,hefei, nanjing,shanghai                                                   Color:Fully Color                                                                                   MOQ:20 foot container                                                                                                                  Type: Record notebook                                 Size: 21X29.7cm                                 Binding: Perfect binding                                 Number of pages: 200pages etc                                 Inner printing: Single line                                 Cover printing: Full color","og_url":"https:\/\/www.colorflyprinting.com\/es\/producto\/suministros-de-fabrica-cuaderno-de-tapa-dura-personalizado\/","og_site_name":"colorflyprinting","article_modified_time":"2025-04-22T01:23:15+00:00","twitter_card":"summary_large_image","twitter_misc":{"Est. reading time":"1 minuto"},"schema":{"@context":"https:\/\/schema.org","@graph":[{"@type":"WebPage","@id":"https:\/\/www.colorflyprinting.com\/product\/factory-supplies-custom-hardcover-notebook\/","url":"https:\/\/www.colorflyprinting.com\/product\/factory-supplies-custom-hardcover-notebook\/","name":"Factory Supplies Custom Hardcover Notebook - colorflyprinting","isPartOf":{"@id":"https:\/\/www.colorflyprinting.com\/#website"},"primaryImageOfPage":{"@id":"https:\/\/www.colorflyprinting.com\/product\/factory-supplies-custom-hardcover-notebook\/#primaryimage"},"image":{"@id":"https:\/\/www.colorflyprinting.com\/product\/factory-supplies-custom-hardcover-notebook\/#primaryimage"},"thumbnailUrl":"https:\/\/www.colorflyprinting.com\/wp-content\/uploads\/2025\/04\/840df18dcdc3677fb2d38d3d54d82da4_medium-1.jpg","datePublished":"2025-04-22T01:22:56+00:00","dateModified":"2025-04-22T01:23:15+00:00","breadcrumb":{"@id":"https:\/\/www.colorflyprinting.com\/product\/factory-supplies-custom-hardcover-notebook\/#breadcrumb"},"inLanguage":"es-CR","potentialAction":[{"@type":"ReadAction","target":["https:\/\/www.colorflyprinting.com\/product\/factory-supplies-custom-hardcover-notebook\/"]}]},{"@type":"ImageObject","inLanguage":"es-CR","@id":"https:\/\/www.colorflyprinting.com\/product\/factory-supplies-custom-hardcover-notebook\/#primaryimage","url":"https:\/\/www.colorflyprinting.com\/wp-content\/uploads\/2025\/04\/840df18dcdc3677fb2d38d3d54d82da4_medium-1.jpg","contentUrl":"https:\/\/www.colorflyprinting.com\/wp-content\/uploads\/2025\/04\/840df18dcdc3677fb2d38d3d54d82da4_medium-1.jpg","width":550,"height":550},{"@type":"BreadcrumbList","@id":"https:\/\/www.colorflyprinting.com\/product\/factory-supplies-custom-hardcover-notebook\/#breadcrumb","itemListElement":[{"@type":"ListItem","position":1,"name":"Home","item":"https:\/\/www.colorflyprinting.com\/"},{"@type":"ListItem","position":2,"name":"Product","item":"https:\/\/www.colorflyprinting.com\/shop\/"},{"@type":"ListItem","position":3,"name":"Factory Supplies Custom Hardcover Notebook"}]},{"@type":"WebSite","@id":"https:\/\/www.colorflyprinting.com\/#website","url":"https:\/\/www.colorflyprinting.com\/","name":"Hefei Colorfly Stationery Co.,Ltd.","description":"","publisher":{"@id":"https:\/\/www.colorflyprinting.com\/#organization"},"potentialAction":[{"@type":"SearchAction","target":{"@type":"EntryPoint","urlTemplate":"https:\/\/www.colorflyprinting.com\/?s={search_term_string}"},"query-input":{"@type":"PropertyValueSpecification","valueRequired":true,"valueName":"search_term_string"}}],"inLanguage":"es-CR"},{"@type":"Organization","@id":"https:\/\/www.colorflyprinting.com\/#organization","name":"Hefei Colorfly Stationery Co.,Ltd.","url":"https:\/\/www.colorflyprinting.com\/","logo":{"@type":"ImageObject","inLanguage":"es-CR","@id":"https:\/\/www.colorflyprinting.com\/#\/schema\/logo\/image\/","url":"https:\/\/www.colorflyprinting.com\/wp-content\/uploads\/2025\/04\/d167665f943610681229e2f4307b9df.jpg","contentUrl":"https:\/\/www.colorflyprinting.com\/wp-content\/uploads\/2025\/04\/d167665f943610681229e2f4307b9df.jpg","width":780,"height":780,"caption":"Hefei Colorfly Stationery Co.,Ltd."},"image":{"@id":"https:\/\/www.colorflyprinting.com\/#\/schema\/logo\/image\/"}}]}},"_links":{"self":[{"href":"https:\/\/www.colorflyprinting.com\/es\/wp-json\/wp\/v2\/product\/11457","targetHints":{"allow":["GET"]}}],"collection":[{"href":"https:\/\/www.colorflyprinting.com\/es\/wp-json\/wp\/v2\/product"}],"about":[{"href":"https:\/\/www.colorflyprinting.com\/es\/wp-json\/wp\/v2\/types\/product"}],"replies":[{"embeddable":true,"href":"https:\/\/www.colorflyprinting.com\/es\/wp-json\/wp\/v2\/comments?post=11457"}],"wp:featuredmedia":[{"embeddable":true,"href":"https:\/\/www.colorflyprinting.com\/es\/wp-json\/wp\/v2\/media\/11501"}],"wp:attachment":[{"href":"https:\/\/www.colorflyprinting.com\/es\/wp-json\/wp\/v2\/media?parent=11457"}],"wp:term":[{"taxonomy":"product_brand","embeddable":true,"href":"https:\/\/www.colorflyprinting.com\/es\/wp-json\/wp\/v2\/product_brand?post=11457"},{"taxonomy":"product_cat","embeddable":true,"href":"https:\/\/www.colorflyprinting.com\/es\/wp-json\/wp\/v2\/product_cat?post=11457"},{"taxonomy":"product_tag","embeddable":true,"href":"https:\/\/www.colorflyprinting.com\/es\/wp-json\/wp\/v2\/product_tag?post=11457"}],"curies":[{"name":"wp","href":"https:\/\/api.w.org\/{rel}","templated":true}]}}