{"id":11330,"date":"2025-04-22T01:21:46","date_gmt":"2025-04-22T01:21:46","guid":{"rendered":"https:\/\/www.colorflyprinting.com\/?post_type=product&#038;p=11330"},"modified":"2025-04-22T01:22:14","modified_gmt":"2025-04-22T01:22:14","slug":"cahiers-de-dessin-16-pages-32pages-for-madagascar-schools","status":"publish","type":"product","link":"https:\/\/www.colorflyprinting.com\/es\/producto\/cahiers-de-dessin-16-paginas-32-paginas-para-escuelas-de-madagascar\/","title":{"rendered":"Cahiers De Dessin 16 p\u00e1ginas \/ 32 p\u00e1ginas para las escuelas de Madagascar"},"content":{"rendered":"<div class=\"text\">\n<p style=\"text-indent:2em;\">\n\tCahiers de dessin 16 p\u00e1ginas \/ 32 p\u00e1ginas para las escuelas de Madagascar\n<\/p>\n<p style=\"text-indent:2em;\">\n<div class=\"table-responsive\">\n<table border=\"1\">\n<tbody>\n<tr>\n<td>\n\t\t\t\t\tTama\u00f1o&nbsp; &nbsp; &nbsp; &nbsp;\n\t\t\t\t<\/td>\n<td>\n\t\t\t\t\t17 x 22 cm\n\t\t\t\t<\/td>\n<td>\n\t\t\t\t\tVinculante&nbsp; &nbsp; &nbsp; &nbsp; &nbsp; &nbsp; &nbsp; &nbsp; &nbsp;&nbsp;\n\t\t\t\t<\/td>\n<td>\n\t\t\t\t\tpuntada de silla de montar&nbsp; &nbsp; &nbsp; &nbsp; &nbsp; &nbsp; &nbsp; &nbsp; &nbsp;&nbsp; &nbsp;\n\t\t\t\t<\/td>\n<\/tr>\n<tr>\n<td>\n\t\t\t\t\tCubrir\n\t\t\t\t<\/td>\n<td>\n\t\t\t\t\tPapel art\u00edstico de 180 g\/m\u00b2&nbsp; &nbsp; &nbsp;&nbsp;\n\t\t\t\t<\/td>\n<td>\n\t\t\t\t\tImpresi\u00f3n interior\n\t\t\t\t<\/td>\n<td>\n\t\t\t\t\tPlano\n\t\t\t\t<\/td>\n<\/tr>\n<tr>\n<td>\n\t\t\t\t\tP\u00e1ginas\n\t\t\t\t<\/td>\n<td>\n\t\t\t\t\t16 p\u00e1ginas \/ 32 p\u00e1ginas\n\t\t\t\t<\/td>\n<td>\n\t\t\t\t\tEmbalaje\n\t\t\t\t<\/td>\n<td>\n\t\t\t\t\tretr\u00e1ctiles y cartones\n\t\t\t\t<\/td>\n<\/tr>\n<\/tbody>\n<\/table>\n<\/div>\n<p style=\"text-indent:2em;\">\n\t<strong><span style=\"color:#8ac4b6;\">Hay diferentes p\u00e1ginas disponibles para el mercado de Madagascar:<\/span><\/strong>\n<\/p>\n<p style=\"text-indent:2em;\">\n\t<strong><span style=\"color:#8ac4b6;\">Cuaderno doble l\u00ednea 32 p\u00e1ginas<\/span><\/strong>\n<\/p>\n<p style=\"text-indent:2em;\">\n\t<strong><span style=\"color:#8ac4b6;\">Cuaderno de dibujo CP 16 p\u00e1ginas&nbsp;<\/span><\/strong>\n<\/p>\n<p style=\"text-indent:2em;\">\n\t<strong><span style=\"color:#8ac4b6;\">Cuaderno de dibujo CP 32 p\u00e1ginas&nbsp;<\/span><\/strong>\n<\/p>\n<p style=\"text-indent:2em;\">\n\t<strong><span style=\"color:#8ac4b6;\">Cuaderno de l\u00edneas 50 p\u00e1ginas<\/span><\/strong>\n<\/p>\n<p style=\"text-indent:2em;\">\n\t<strong><span style=\"color:#8ac4b6;\">Cuaderno CE&amp;CM 96 p\u00e1ginas&nbsp;<\/span><\/strong>\n<\/p>\n<p style=\"text-indent:2em;\">\n\t<strong><span style=\"color:#8ac4b6;\">Tambi\u00e9n puede obtener un servicio personalizado si tiene alguna demanda.&nbsp;<\/span><\/strong>\n<\/p>\n<p style=\"text-indent:2em;\">\n\t\n<\/p>\n<p style=\"text-indent:2em;\">\n\tEncuadernaci\u00f3n de cuadernos: grapado a caballo&nbsp;\n<\/p>\n<p>\n\t<img decoding=\"async\" src=\"\/js\/htmledit\/kindeditor\/attached\/20190909\/20190909113934_20246.jpg\" alt=\"\">\n<\/p>\n<p style=\"text-indent:2em;\">\n\tImpresi\u00f3n de papel interior: l\u00ednea francesa \/ l\u00ednea doble \/ simple&nbsp;\n<\/p>\n<p style=\"text-indent:2em;\">\n\t\n<\/p>\n<p style=\"text-indent:2em;\">\n\tPreguntas frecuentes\n<\/p>\n<p style=\"text-indent:2em;\">\n\t\n<\/p>\n<p style=\"text-indent:2em;\">\n\tP1: \u00bfEs usted una f\u00e1brica o una empresa comercial?\n<\/p>\n<p style=\"text-indent:2em;\">\n\tSomos el fabricante 100% especializado en la impresi\u00f3n y embalaje de cuadernos en espiral con m\u00e1s de 6 a\u00f1os de experiencia, con un taller de 35\u00a0000 m\u00b2. Contamos con un excelente equipo de 50 profesionales y m\u00e1s de 200 trabajadores cualificados.\n<\/p>\n<p style=\"text-indent:2em;\">\n\t\n<\/p>\n<p style=\"text-indent:2em;\">\n\tP2: \u00bfD\u00f3nde est\u00e1n ubicados? \u00bfC\u00f3mo puedo visitarlos?\n<\/p>\n<p style=\"text-indent:2em;\">\n\tNos encontramos en la ciudad de Hefei, provincia de Anhui, cerca de Shangh\u00e1i y Yiwu. \u00a1Le damos una c\u00e1lida bienvenida a visitar nuestra empresa!\n<\/p>\n<p style=\"text-indent:2em;\">\n\t\n<\/p>\n<p style=\"text-indent:2em;\">\n\tP3: \u00bfCu\u00e1ntos d\u00edas aproximadamente dura la producci\u00f3n en masa?\n<\/p>\n<p style=\"text-indent:2em;\">\n\tEl plazo de entrega para la producci\u00f3n en masa depende de la cantidad de sus pedidos, el acabado, etc., normalmente 10 d\u00edas h\u00e1biles son suficientes.\n<\/p>\n<p style=\"text-indent:2em;\">\n\t\n<\/p>\n<p style=\"text-indent:2em;\">\n\tP4: \u00bfPodemos tener nuestro logotipo o informaci\u00f3n de la empresa en el paquete?\n<\/p>\n<p style=\"text-indent:2em;\">\n\tClaro. Su logotipo puede aparecer en el cuaderno y el paquete si lo necesita.\n<\/p>\n<p style=\"text-indent:2em;\">\n\t\n<\/p>\n<p style=\"text-indent:2em;\">\n\t\n<\/p>\n<\/p><\/div>","protected":false},"excerpt":{"rendered":"<p>Libro de dibujo de tapa blanda para estudiantes de primaria con dise\u00f1o de Colorfly.<\/p>\n<ul class=\"ptab-list clearfix\">\n<li>\n<p>Marca:<\/p>\n<p><span>Mosca de color<\/span><\/li>\n<li>\n<p>N.\u00ba de art\u00edculo:<\/p>\n<p><span>CY-DB05<\/span><\/li>\n<li>\n<p>Puerto de env\u00edo:<\/p>\n<p><span>Llevar a la fuerza<\/span><\/li>\n<li>\n<p>Tipo: <\/p>\n<p> <span>Libro de ejercicios<\/span><\/li>\n<li>\n<p>Tama\u00f1o: <\/p>\n<p> <span>17 x 22 cm<\/span><\/li>\n<li>\n<p>Vinculante: <\/p>\n<p> <span>puntada de silla de montar<\/span><\/li>\n<li>\n<p>N\u00famero de p\u00e1ginas: <\/p>\n<p> <span>16\/32 p\u00e1ginas<\/span><\/li>\n<li>\n<p>Impresi\u00f3n interior: <\/p>\n<p> <span>\u00bf\u00bfPlano??<\/span><\/li>\n<li>\n<p>Impresi\u00f3n de portada: <\/p>\n<p> <span>A todo color<\/span><\/li>\n<\/ul>","protected":false},"featured_media":11391,"comment_status":"open","ping_status":"closed","template":"","meta":[],"product_brand":[],"product_cat":[320],"product_tag":[330,331,332],"class_list":{"0":"post-11330","1":"product","2":"type-product","3":"status-publish","4":"has-post-thumbnail","6":"product_cat-drawing-book","7":"product_tag-cahiers-de-dessin-16-pages","8":"product_tag-cahiers-de-dessin-32pages","9":"product_tag-drawing-book","11":"first","12":"instock","13":"shipping-taxable","14":"product-type-simple"},"yoast_head":"<!-- This site is optimized with the Yoast SEO Premium plugin v23.9 (Yoast SEO v25.2) - https:\/\/yoast.com\/wordpress\/plugins\/seo\/ -->\n<title>Cahiers De Dessin 16 Pages \/ 32pages For Madagascar Schools - colorflyprinting<\/title>\n<meta name=\"robots\" content=\"index, follow, max-snippet:-1, max-image-preview:large, max-video-preview:-1\" \/>\n<link rel=\"canonical\" href=\"https:\/\/www.colorflyprinting.com\/es\/producto\/cahiers-de-dessin-16-paginas-32-paginas-para-escuelas-de-madagascar\/\" \/>\n<meta property=\"og:locale\" content=\"es_ES\" \/>\n<meta property=\"og:type\" content=\"article\" \/>\n<meta property=\"og:title\" content=\"Cahiers De Dessin 16 Pages \/ 32pages For Madagascar Schools\" \/>\n<meta property=\"og:description\" content=\"Colorfly producing drawing book for primary school student soft cover                                                    Brand:Colorfly                                                   Item NO.:CY-DB05                                                   Shipping Port:Shanghai                                                                                                                                                                                  Type: Exercise book                                 Size: 17x22cm                                 Binding: Saddle stitch                                 Number of pages: 16\/32 pages                                 Inner printing: Plain??                                 Cover printing: Full color\" \/>\n<meta property=\"og:url\" content=\"https:\/\/www.colorflyprinting.com\/es\/producto\/cahiers-de-dessin-16-paginas-32-paginas-para-escuelas-de-madagascar\/\" \/>\n<meta property=\"og:site_name\" content=\"colorflyprinting\" \/>\n<meta property=\"article:modified_time\" content=\"2025-04-22T01:22:14+00:00\" \/>\n<meta name=\"twitter:card\" content=\"summary_large_image\" \/>\n<meta name=\"twitter:label1\" content=\"Est. reading time\" \/>\n\t<meta name=\"twitter:data1\" content=\"1 minuto\" \/>\n<script type=\"application\/ld+json\" class=\"yoast-schema-graph\">{\"@context\":\"https:\/\/schema.org\",\"@graph\":[{\"@type\":\"WebPage\",\"@id\":\"https:\/\/www.colorflyprinting.com\/product\/cahiers-de-dessin-16-pages-32pages-for-madagascar-schools\/\",\"url\":\"https:\/\/www.colorflyprinting.com\/product\/cahiers-de-dessin-16-pages-32pages-for-madagascar-schools\/\",\"name\":\"Cahiers De Dessin 16 Pages \/ 32pages For Madagascar Schools - colorflyprinting\",\"isPartOf\":{\"@id\":\"https:\/\/www.colorflyprinting.com\/#website\"},\"primaryImageOfPage\":{\"@id\":\"https:\/\/www.colorflyprinting.com\/product\/cahiers-de-dessin-16-pages-32pages-for-madagascar-schools\/#primaryimage\"},\"image\":{\"@id\":\"https:\/\/www.colorflyprinting.com\/product\/cahiers-de-dessin-16-pages-32pages-for-madagascar-schools\/#primaryimage\"},\"thumbnailUrl\":\"https:\/\/www.colorflyprinting.com\/wp-content\/uploads\/2025\/04\/015f90a63a5da32af67136fa08ab04d7_medium-1.jpg\",\"datePublished\":\"2025-04-22T01:21:46+00:00\",\"dateModified\":\"2025-04-22T01:22:14+00:00\",\"breadcrumb\":{\"@id\":\"https:\/\/www.colorflyprinting.com\/product\/cahiers-de-dessin-16-pages-32pages-for-madagascar-schools\/#breadcrumb\"},\"inLanguage\":\"es-CR\",\"potentialAction\":[{\"@type\":\"ReadAction\",\"target\":[\"https:\/\/www.colorflyprinting.com\/product\/cahiers-de-dessin-16-pages-32pages-for-madagascar-schools\/\"]}]},{\"@type\":\"ImageObject\",\"inLanguage\":\"es-CR\",\"@id\":\"https:\/\/www.colorflyprinting.com\/product\/cahiers-de-dessin-16-pages-32pages-for-madagascar-schools\/#primaryimage\",\"url\":\"https:\/\/www.colorflyprinting.com\/wp-content\/uploads\/2025\/04\/015f90a63a5da32af67136fa08ab04d7_medium-1.jpg\",\"contentUrl\":\"https:\/\/www.colorflyprinting.com\/wp-content\/uploads\/2025\/04\/015f90a63a5da32af67136fa08ab04d7_medium-1.jpg\",\"width\":550,\"height\":550},{\"@type\":\"BreadcrumbList\",\"@id\":\"https:\/\/www.colorflyprinting.com\/product\/cahiers-de-dessin-16-pages-32pages-for-madagascar-schools\/#breadcrumb\",\"itemListElement\":[{\"@type\":\"ListItem\",\"position\":1,\"name\":\"Home\",\"item\":\"https:\/\/www.colorflyprinting.com\/\"},{\"@type\":\"ListItem\",\"position\":2,\"name\":\"Product\",\"item\":\"https:\/\/www.colorflyprinting.com\/shop\/\"},{\"@type\":\"ListItem\",\"position\":3,\"name\":\"Cahiers De Dessin 16 Pages \/ 32pages For Madagascar Schools\"}]},{\"@type\":\"WebSite\",\"@id\":\"https:\/\/www.colorflyprinting.com\/#website\",\"url\":\"https:\/\/www.colorflyprinting.com\/\",\"name\":\"Hefei Colorfly Stationery Co.,Ltd.\",\"description\":\"\",\"publisher\":{\"@id\":\"https:\/\/www.colorflyprinting.com\/#organization\"},\"potentialAction\":[{\"@type\":\"SearchAction\",\"target\":{\"@type\":\"EntryPoint\",\"urlTemplate\":\"https:\/\/www.colorflyprinting.com\/?s={search_term_string}\"},\"query-input\":{\"@type\":\"PropertyValueSpecification\",\"valueRequired\":true,\"valueName\":\"search_term_string\"}}],\"inLanguage\":\"es-CR\"},{\"@type\":\"Organization\",\"@id\":\"https:\/\/www.colorflyprinting.com\/#organization\",\"name\":\"Hefei Colorfly Stationery Co.,Ltd.\",\"url\":\"https:\/\/www.colorflyprinting.com\/\",\"logo\":{\"@type\":\"ImageObject\",\"inLanguage\":\"es-CR\",\"@id\":\"https:\/\/www.colorflyprinting.com\/#\/schema\/logo\/image\/\",\"url\":\"https:\/\/www.colorflyprinting.com\/wp-content\/uploads\/2025\/04\/d167665f943610681229e2f4307b9df.jpg\",\"contentUrl\":\"https:\/\/www.colorflyprinting.com\/wp-content\/uploads\/2025\/04\/d167665f943610681229e2f4307b9df.jpg\",\"width\":780,\"height\":780,\"caption\":\"Hefei Colorfly Stationery Co.,Ltd.\"},\"image\":{\"@id\":\"https:\/\/www.colorflyprinting.com\/#\/schema\/logo\/image\/\"}}]}<\/script>\n<!-- \/ Yoast SEO Premium plugin. -->","yoast_head_json":{"title":"Cahiers De Dessin 16 Pages \/ 32pages For Madagascar Schools - colorflyprinting","robots":{"index":"index","follow":"follow","max-snippet":"max-snippet:-1","max-image-preview":"max-image-preview:large","max-video-preview":"max-video-preview:-1"},"canonical":"https:\/\/www.colorflyprinting.com\/es\/producto\/cahiers-de-dessin-16-paginas-32-paginas-para-escuelas-de-madagascar\/","og_locale":"es_ES","og_type":"article","og_title":"Cahiers De Dessin 16 Pages \/ 32pages For Madagascar Schools","og_description":"Colorfly producing drawing book for primary school student soft cover                                                    Brand:Colorfly                                                   Item NO.:CY-DB05                                                   Shipping Port:Shanghai                                                                                                                                                                                  Type: Exercise book                                 Size: 17x22cm                                 Binding: Saddle stitch                                 Number of pages: 16\/32 pages                                 Inner printing: Plain??                                 Cover printing: Full color","og_url":"https:\/\/www.colorflyprinting.com\/es\/producto\/cahiers-de-dessin-16-paginas-32-paginas-para-escuelas-de-madagascar\/","og_site_name":"colorflyprinting","article_modified_time":"2025-04-22T01:22:14+00:00","twitter_card":"summary_large_image","twitter_misc":{"Est. reading time":"1 minuto"},"schema":{"@context":"https:\/\/schema.org","@graph":[{"@type":"WebPage","@id":"https:\/\/www.colorflyprinting.com\/product\/cahiers-de-dessin-16-pages-32pages-for-madagascar-schools\/","url":"https:\/\/www.colorflyprinting.com\/product\/cahiers-de-dessin-16-pages-32pages-for-madagascar-schools\/","name":"Cahiers De Dessin 16 Pages \/ 32pages For Madagascar Schools - colorflyprinting","isPartOf":{"@id":"https:\/\/www.colorflyprinting.com\/#website"},"primaryImageOfPage":{"@id":"https:\/\/www.colorflyprinting.com\/product\/cahiers-de-dessin-16-pages-32pages-for-madagascar-schools\/#primaryimage"},"image":{"@id":"https:\/\/www.colorflyprinting.com\/product\/cahiers-de-dessin-16-pages-32pages-for-madagascar-schools\/#primaryimage"},"thumbnailUrl":"https:\/\/www.colorflyprinting.com\/wp-content\/uploads\/2025\/04\/015f90a63a5da32af67136fa08ab04d7_medium-1.jpg","datePublished":"2025-04-22T01:21:46+00:00","dateModified":"2025-04-22T01:22:14+00:00","breadcrumb":{"@id":"https:\/\/www.colorflyprinting.com\/product\/cahiers-de-dessin-16-pages-32pages-for-madagascar-schools\/#breadcrumb"},"inLanguage":"es-CR","potentialAction":[{"@type":"ReadAction","target":["https:\/\/www.colorflyprinting.com\/product\/cahiers-de-dessin-16-pages-32pages-for-madagascar-schools\/"]}]},{"@type":"ImageObject","inLanguage":"es-CR","@id":"https:\/\/www.colorflyprinting.com\/product\/cahiers-de-dessin-16-pages-32pages-for-madagascar-schools\/#primaryimage","url":"https:\/\/www.colorflyprinting.com\/wp-content\/uploads\/2025\/04\/015f90a63a5da32af67136fa08ab04d7_medium-1.jpg","contentUrl":"https:\/\/www.colorflyprinting.com\/wp-content\/uploads\/2025\/04\/015f90a63a5da32af67136fa08ab04d7_medium-1.jpg","width":550,"height":550},{"@type":"BreadcrumbList","@id":"https:\/\/www.colorflyprinting.com\/product\/cahiers-de-dessin-16-pages-32pages-for-madagascar-schools\/#breadcrumb","itemListElement":[{"@type":"ListItem","position":1,"name":"Home","item":"https:\/\/www.colorflyprinting.com\/"},{"@type":"ListItem","position":2,"name":"Product","item":"https:\/\/www.colorflyprinting.com\/shop\/"},{"@type":"ListItem","position":3,"name":"Cahiers De Dessin 16 Pages \/ 32pages For Madagascar Schools"}]},{"@type":"WebSite","@id":"https:\/\/www.colorflyprinting.com\/#website","url":"https:\/\/www.colorflyprinting.com\/","name":"Hefei Colorfly Stationery Co.,Ltd.","description":"","publisher":{"@id":"https:\/\/www.colorflyprinting.com\/#organization"},"potentialAction":[{"@type":"SearchAction","target":{"@type":"EntryPoint","urlTemplate":"https:\/\/www.colorflyprinting.com\/?s={search_term_string}"},"query-input":{"@type":"PropertyValueSpecification","valueRequired":true,"valueName":"search_term_string"}}],"inLanguage":"es-CR"},{"@type":"Organization","@id":"https:\/\/www.colorflyprinting.com\/#organization","name":"Hefei Colorfly Stationery Co.,Ltd.","url":"https:\/\/www.colorflyprinting.com\/","logo":{"@type":"ImageObject","inLanguage":"es-CR","@id":"https:\/\/www.colorflyprinting.com\/#\/schema\/logo\/image\/","url":"https:\/\/www.colorflyprinting.com\/wp-content\/uploads\/2025\/04\/d167665f943610681229e2f4307b9df.jpg","contentUrl":"https:\/\/www.colorflyprinting.com\/wp-content\/uploads\/2025\/04\/d167665f943610681229e2f4307b9df.jpg","width":780,"height":780,"caption":"Hefei Colorfly Stationery Co.,Ltd."},"image":{"@id":"https:\/\/www.colorflyprinting.com\/#\/schema\/logo\/image\/"}}]}},"_links":{"self":[{"href":"https:\/\/www.colorflyprinting.com\/es\/wp-json\/wp\/v2\/product\/11330","targetHints":{"allow":["GET"]}}],"collection":[{"href":"https:\/\/www.colorflyprinting.com\/es\/wp-json\/wp\/v2\/product"}],"about":[{"href":"https:\/\/www.colorflyprinting.com\/es\/wp-json\/wp\/v2\/types\/product"}],"replies":[{"embeddable":true,"href":"https:\/\/www.colorflyprinting.com\/es\/wp-json\/wp\/v2\/comments?post=11330"}],"wp:featuredmedia":[{"embeddable":true,"href":"https:\/\/www.colorflyprinting.com\/es\/wp-json\/wp\/v2\/media\/11391"}],"wp:attachment":[{"href":"https:\/\/www.colorflyprinting.com\/es\/wp-json\/wp\/v2\/media?parent=11330"}],"wp:term":[{"taxonomy":"product_brand","embeddable":true,"href":"https:\/\/www.colorflyprinting.com\/es\/wp-json\/wp\/v2\/product_brand?post=11330"},{"taxonomy":"product_cat","embeddable":true,"href":"https:\/\/www.colorflyprinting.com\/es\/wp-json\/wp\/v2\/product_cat?post=11330"},{"taxonomy":"product_tag","embeddable":true,"href":"https:\/\/www.colorflyprinting.com\/es\/wp-json\/wp\/v2\/product_tag?post=11330"}],"curies":[{"name":"wp","href":"https:\/\/api.w.org\/{rel}","templated":true}]}}