{"id":11132,"date":"2025-04-22T01:20:32","date_gmt":"2025-04-22T01:20:32","guid":{"rendered":"https:\/\/www.colorflyprinting.com\/?post_type=product&#038;p=11132"},"modified":"2025-04-22T01:20:52","modified_gmt":"2025-04-22T01:20:52","slug":"handmade-leather-journal-diary-notebook-notebook-gift-set-custom-logo-pu-leather-accept-customized-logo-eco-friendly-paper","status":"publish","type":"product","link":"https:\/\/www.colorflyprinting.com\/es\/producto\/diario-de-cuero-hecho-a-mano-cuaderno-set-de-regalo-logotipo-personalizado-cuero-sintetico-aceptamos-logotipo-personalizado-papel-ecologico\/","title":{"rendered":"Diario de cuero hecho a mano, cuaderno, juego de regalo, logotipo personalizado, cuero sint\u00e9tico, se acepta logotipo personalizado, papel ecol\u00f3gico."},"content":{"rendered":"<div class=\"text\">\n<p>\n\tDescripci\u00f3n de productos&nbsp;\n<\/p>\n<p>\n\tNombre del art\u00edculo: cuaderno de regalo&nbsp;\n<\/p>\n<p>\n\t&nbsp;Cubierta: PU<br \/>\nTama\u00f1o: 17x22cm&nbsp;\n<\/p>\n<p>\n\tEncuadernaci\u00f3n: Encuadernaci\u00f3n perfecta (encuadernaci\u00f3n cosida)&nbsp;\n<\/p>\n<p>\n\tP\u00e1ginas: 200 p\u00e1ginas, etc.&nbsp;\n<\/p>\n<p>\n\tImpresi\u00f3n de papel interior: l\u00ednea \u00fanica&nbsp;\n<\/p>\n<p>\n\tCantidad m\u00ednima de pedido: 500&nbsp;\n<\/p>\n<p>\n\tTodas las especificaciones anteriores se pueden personalizar, puede disfrutar de nuestro servicio personalizado si cooperamos.&nbsp;\n<\/p>\n<p>\n\t\n<\/p>\n<p>\n\t&nbsp;Preguntas frecuentes&nbsp;\n<\/p>\n<p>\n\t1. Acerca del precio:<br \/>\nEl precio es negociable. Puede variar seg\u00fan la cantidad o el paquete. Al realizar su consulta, ind\u00edquenos la cantidad que desea.&nbsp;\n<\/p>\n<p>\n\t2. Acerca de la muestra:<br \/>\nPara el producto est\u00e1ndar que producimos todos los d\u00edas, la muestra es gratuita, pero el flete a\u00e9reo se cobra o nos paga el franqueo por adelantado, tenga en cuenta que; hacer nuevas muestras causar\u00e1 una tarifa de fabricaci\u00f3n de muestras, discutamos m\u00e1s por favor.&nbsp;\n<\/p>\n<p>\n\t3. Acerca de la cantidad m\u00ednima de pedido:<br \/>\nSi tenemos stock del producto en todo momento, el MOQ es peque\u00f1o; De lo contrario, el MOQ es 20000\/50,000\/100,000 piezas, etc., tambi\u00e9n los art\u00edculos mixtos pueden caber en un contenedor de 20 pies; Depende del tipo de producto y puede ser negociable, nos gustar\u00eda resolver su problema lo m\u00e1s posible.&nbsp;\n<\/p>\n<p>\n\t4. Acerca del OEM:<br \/>\nPoseemos una f\u00e1brica en China, nos gustar\u00eda ayudar a dise\u00f1ar el LOGOTIPO y el c\u00f3digo de barras del producto, siempre que la calidad del pedido cumpla con su MOQ.&nbsp;\n<\/p>\n<p>\n\t5. Acerca del paquete:<br \/>\nLa mayor\u00eda de los productos que fabricamos tienen un paquete est\u00e1ndar seg\u00fan la experiencia que obtuvimos en el mercado, pero siempre aceptamos las necesidades del cliente y brindamos sugerencias \u00fatiles como referencia.\n<\/p>\n<\/p><\/div>","protected":false},"excerpt":{"rendered":"<ul class=\"ptab-list clearfix\">\n<li>\n<p>Origen del producto:<\/p>\n<p><span>Anhui<\/span><\/li>\n<li>\n<p>Marca:<\/p>\n<p><span>Mosca de color<\/span><\/li>\n<li>\n<p>N.\u00ba de art\u00edculo:<\/p>\n<p><span>G-1227<\/span><\/li>\n<li>\n<p>Puerto de env\u00edo:<\/p>\n<p><span>wuhan\/shanghai\/qiandao\/yiwu<\/span><\/li>\n<li>\n<p>Color:<\/p>\n<p><span>color personalizado<\/span><\/li>\n<li>\n<p>Plazo de entrega:<\/p>\n<p><span>25-30 d\u00edas<\/span><\/li>\n<li>\n<p>Cantidad m\u00ednima de pedido:<\/p>\n<p><span>100<\/span><\/li>\n<li>\n<p>Tipo: <\/p>\n<p> <span> computadora port\u00e1til<\/span><\/li>\n<li>\n<p>Tama\u00f1o: <\/p>\n<p> <span>A5<\/span><\/li>\n<li>\n<p>Vinculante: <\/p>\n<p> <span>encuadernaci\u00f3n cosida<\/span><\/li>\n<li>\n<p>N\u00famero de p\u00e1ginas: <\/p>\n<p> <span>200<\/span><\/li>\n<li>\n<p>Impresi\u00f3n interior: <\/p>\n<p> <span>costumbre<\/span><\/li>\n<li>\n<p>Impresi\u00f3n de portada: <\/p>\n<p> <span>4 colores<\/span><\/li>\n<\/ul>","protected":false},"featured_media":11191,"comment_status":"open","ping_status":"closed","template":"","meta":[],"product_brand":[],"product_cat":[127],"product_tag":[192,193,194],"class_list":{"0":"post-11132","1":"product","2":"type-product","3":"status-publish","4":"has-post-thumbnail","6":"product_cat-leather-notebook","7":"product_tag-diary-notebook-notebook-gift-set","8":"product_tag-notebook-gift-set","9":"product_tag-pu-leather-accept-customized-logo-eco-friendly-paper","11":"first","12":"instock","13":"shipping-taxable","14":"product-type-simple"},"yoast_head":"<!-- This site is optimized with the Yoast SEO Premium plugin v23.9 (Yoast SEO v25.2) - https:\/\/yoast.com\/wordpress\/plugins\/seo\/ -->\n<title>Handmade Leather Journal Diary Notebook Notebook Gift Set Custom Logo PU Leather Accept Customized Logo Eco- Friendly Paper - colorflyprinting<\/title>\n<meta name=\"robots\" content=\"index, follow, max-snippet:-1, max-image-preview:large, max-video-preview:-1\" \/>\n<link rel=\"canonical\" href=\"https:\/\/www.colorflyprinting.com\/es\/producto\/diario-de-cuero-hecho-a-mano-cuaderno-set-de-regalo-logotipo-personalizado-cuero-sintetico-aceptamos-logotipo-personalizado-papel-ecologico\/\" \/>\n<meta property=\"og:locale\" content=\"es_ES\" \/>\n<meta property=\"og:type\" content=\"article\" \/>\n<meta property=\"og:title\" content=\"Handmade Leather Journal Diary Notebook Notebook Gift Set Custom Logo PU Leather Accept Customized Logo Eco- Friendly Paper\" \/>\n<meta property=\"og:description\" content=\"Product Origin:anhui                                                    Brand:Colorfly                                                   Item NO.:G-1227                                                   Shipping Port:wuhan\/ shanghai \/qiandao \/yiwu                                                   Color:custom color                                                   Lead Time:25-30days                                                                   MOQ:100                                                                                                                  Type:  notebook                                 Size: A5                                 Binding: sew binding                                 Number of pages: 200                                 Inner printing: custom                                 Cover printing: 4 color\" \/>\n<meta property=\"og:url\" content=\"https:\/\/www.colorflyprinting.com\/es\/producto\/diario-de-cuero-hecho-a-mano-cuaderno-set-de-regalo-logotipo-personalizado-cuero-sintetico-aceptamos-logotipo-personalizado-papel-ecologico\/\" \/>\n<meta property=\"og:site_name\" content=\"colorflyprinting\" \/>\n<meta property=\"article:modified_time\" content=\"2025-04-22T01:20:52+00:00\" \/>\n<meta name=\"twitter:card\" content=\"summary_large_image\" \/>\n<meta name=\"twitter:label1\" content=\"Est. reading time\" \/>\n\t<meta name=\"twitter:data1\" content=\"1 minuto\" \/>\n<script type=\"application\/ld+json\" class=\"yoast-schema-graph\">{\"@context\":\"https:\/\/schema.org\",\"@graph\":[{\"@type\":\"WebPage\",\"@id\":\"https:\/\/www.colorflyprinting.com\/product\/handmade-leather-journal-diary-notebook-notebook-gift-set-custom-logo-pu-leather-accept-customized-logo-eco-friendly-paper\/\",\"url\":\"https:\/\/www.colorflyprinting.com\/product\/handmade-leather-journal-diary-notebook-notebook-gift-set-custom-logo-pu-leather-accept-customized-logo-eco-friendly-paper\/\",\"name\":\"Handmade Leather Journal Diary Notebook Notebook Gift Set Custom Logo PU Leather Accept Customized Logo Eco- Friendly Paper - colorflyprinting\",\"isPartOf\":{\"@id\":\"https:\/\/www.colorflyprinting.com\/#website\"},\"primaryImageOfPage\":{\"@id\":\"https:\/\/www.colorflyprinting.com\/product\/handmade-leather-journal-diary-notebook-notebook-gift-set-custom-logo-pu-leather-accept-customized-logo-eco-friendly-paper\/#primaryimage\"},\"image\":{\"@id\":\"https:\/\/www.colorflyprinting.com\/product\/handmade-leather-journal-diary-notebook-notebook-gift-set-custom-logo-pu-leather-accept-customized-logo-eco-friendly-paper\/#primaryimage\"},\"thumbnailUrl\":\"https:\/\/www.colorflyprinting.com\/wp-content\/uploads\/2025\/04\/c091e11b07a445c45086d37e92a11016_medium-1.jpg\",\"datePublished\":\"2025-04-22T01:20:32+00:00\",\"dateModified\":\"2025-04-22T01:20:52+00:00\",\"breadcrumb\":{\"@id\":\"https:\/\/www.colorflyprinting.com\/product\/handmade-leather-journal-diary-notebook-notebook-gift-set-custom-logo-pu-leather-accept-customized-logo-eco-friendly-paper\/#breadcrumb\"},\"inLanguage\":\"es-CR\",\"potentialAction\":[{\"@type\":\"ReadAction\",\"target\":[\"https:\/\/www.colorflyprinting.com\/product\/handmade-leather-journal-diary-notebook-notebook-gift-set-custom-logo-pu-leather-accept-customized-logo-eco-friendly-paper\/\"]}]},{\"@type\":\"ImageObject\",\"inLanguage\":\"es-CR\",\"@id\":\"https:\/\/www.colorflyprinting.com\/product\/handmade-leather-journal-diary-notebook-notebook-gift-set-custom-logo-pu-leather-accept-customized-logo-eco-friendly-paper\/#primaryimage\",\"url\":\"https:\/\/www.colorflyprinting.com\/wp-content\/uploads\/2025\/04\/c091e11b07a445c45086d37e92a11016_medium-1.jpg\",\"contentUrl\":\"https:\/\/www.colorflyprinting.com\/wp-content\/uploads\/2025\/04\/c091e11b07a445c45086d37e92a11016_medium-1.jpg\",\"width\":550,\"height\":550},{\"@type\":\"BreadcrumbList\",\"@id\":\"https:\/\/www.colorflyprinting.com\/product\/handmade-leather-journal-diary-notebook-notebook-gift-set-custom-logo-pu-leather-accept-customized-logo-eco-friendly-paper\/#breadcrumb\",\"itemListElement\":[{\"@type\":\"ListItem\",\"position\":1,\"name\":\"Home\",\"item\":\"https:\/\/www.colorflyprinting.com\/\"},{\"@type\":\"ListItem\",\"position\":2,\"name\":\"Product\",\"item\":\"https:\/\/www.colorflyprinting.com\/shop\/\"},{\"@type\":\"ListItem\",\"position\":3,\"name\":\"Handmade Leather Journal Diary Notebook Notebook Gift Set Custom Logo PU Leather Accept Customized Logo Eco- Friendly Paper\"}]},{\"@type\":\"WebSite\",\"@id\":\"https:\/\/www.colorflyprinting.com\/#website\",\"url\":\"https:\/\/www.colorflyprinting.com\/\",\"name\":\"Hefei Colorfly Stationery Co.,Ltd.\",\"description\":\"\",\"publisher\":{\"@id\":\"https:\/\/www.colorflyprinting.com\/#organization\"},\"potentialAction\":[{\"@type\":\"SearchAction\",\"target\":{\"@type\":\"EntryPoint\",\"urlTemplate\":\"https:\/\/www.colorflyprinting.com\/?s={search_term_string}\"},\"query-input\":{\"@type\":\"PropertyValueSpecification\",\"valueRequired\":true,\"valueName\":\"search_term_string\"}}],\"inLanguage\":\"es-CR\"},{\"@type\":\"Organization\",\"@id\":\"https:\/\/www.colorflyprinting.com\/#organization\",\"name\":\"Hefei Colorfly Stationery Co.,Ltd.\",\"url\":\"https:\/\/www.colorflyprinting.com\/\",\"logo\":{\"@type\":\"ImageObject\",\"inLanguage\":\"es-CR\",\"@id\":\"https:\/\/www.colorflyprinting.com\/#\/schema\/logo\/image\/\",\"url\":\"https:\/\/www.colorflyprinting.com\/wp-content\/uploads\/2025\/04\/d167665f943610681229e2f4307b9df.jpg\",\"contentUrl\":\"https:\/\/www.colorflyprinting.com\/wp-content\/uploads\/2025\/04\/d167665f943610681229e2f4307b9df.jpg\",\"width\":780,\"height\":780,\"caption\":\"Hefei Colorfly Stationery Co.,Ltd.\"},\"image\":{\"@id\":\"https:\/\/www.colorflyprinting.com\/#\/schema\/logo\/image\/\"}}]}<\/script>\n<!-- \/ Yoast SEO Premium plugin. -->","yoast_head_json":{"title":"Handmade Leather Journal Diary Notebook Notebook Gift Set Custom Logo PU Leather Accept Customized Logo Eco- Friendly Paper - colorflyprinting","robots":{"index":"index","follow":"follow","max-snippet":"max-snippet:-1","max-image-preview":"max-image-preview:large","max-video-preview":"max-video-preview:-1"},"canonical":"https:\/\/www.colorflyprinting.com\/es\/producto\/diario-de-cuero-hecho-a-mano-cuaderno-set-de-regalo-logotipo-personalizado-cuero-sintetico-aceptamos-logotipo-personalizado-papel-ecologico\/","og_locale":"es_ES","og_type":"article","og_title":"Handmade Leather Journal Diary Notebook Notebook Gift Set Custom Logo PU Leather Accept Customized Logo Eco- Friendly Paper","og_description":"Product Origin:anhui                                                    Brand:Colorfly                                                   Item NO.:G-1227                                                   Shipping Port:wuhan\/ shanghai \/qiandao \/yiwu                                                   Color:custom color                                                   Lead Time:25-30days                                                                   MOQ:100                                                                                                                  Type:  notebook                                 Size: A5                                 Binding: sew binding                                 Number of pages: 200                                 Inner printing: custom                                 Cover printing: 4 color","og_url":"https:\/\/www.colorflyprinting.com\/es\/producto\/diario-de-cuero-hecho-a-mano-cuaderno-set-de-regalo-logotipo-personalizado-cuero-sintetico-aceptamos-logotipo-personalizado-papel-ecologico\/","og_site_name":"colorflyprinting","article_modified_time":"2025-04-22T01:20:52+00:00","twitter_card":"summary_large_image","twitter_misc":{"Est. reading time":"1 minuto"},"schema":{"@context":"https:\/\/schema.org","@graph":[{"@type":"WebPage","@id":"https:\/\/www.colorflyprinting.com\/product\/handmade-leather-journal-diary-notebook-notebook-gift-set-custom-logo-pu-leather-accept-customized-logo-eco-friendly-paper\/","url":"https:\/\/www.colorflyprinting.com\/product\/handmade-leather-journal-diary-notebook-notebook-gift-set-custom-logo-pu-leather-accept-customized-logo-eco-friendly-paper\/","name":"Handmade Leather Journal Diary Notebook Notebook Gift Set Custom Logo PU Leather Accept Customized Logo Eco- Friendly Paper - colorflyprinting","isPartOf":{"@id":"https:\/\/www.colorflyprinting.com\/#website"},"primaryImageOfPage":{"@id":"https:\/\/www.colorflyprinting.com\/product\/handmade-leather-journal-diary-notebook-notebook-gift-set-custom-logo-pu-leather-accept-customized-logo-eco-friendly-paper\/#primaryimage"},"image":{"@id":"https:\/\/www.colorflyprinting.com\/product\/handmade-leather-journal-diary-notebook-notebook-gift-set-custom-logo-pu-leather-accept-customized-logo-eco-friendly-paper\/#primaryimage"},"thumbnailUrl":"https:\/\/www.colorflyprinting.com\/wp-content\/uploads\/2025\/04\/c091e11b07a445c45086d37e92a11016_medium-1.jpg","datePublished":"2025-04-22T01:20:32+00:00","dateModified":"2025-04-22T01:20:52+00:00","breadcrumb":{"@id":"https:\/\/www.colorflyprinting.com\/product\/handmade-leather-journal-diary-notebook-notebook-gift-set-custom-logo-pu-leather-accept-customized-logo-eco-friendly-paper\/#breadcrumb"},"inLanguage":"es-CR","potentialAction":[{"@type":"ReadAction","target":["https:\/\/www.colorflyprinting.com\/product\/handmade-leather-journal-diary-notebook-notebook-gift-set-custom-logo-pu-leather-accept-customized-logo-eco-friendly-paper\/"]}]},{"@type":"ImageObject","inLanguage":"es-CR","@id":"https:\/\/www.colorflyprinting.com\/product\/handmade-leather-journal-diary-notebook-notebook-gift-set-custom-logo-pu-leather-accept-customized-logo-eco-friendly-paper\/#primaryimage","url":"https:\/\/www.colorflyprinting.com\/wp-content\/uploads\/2025\/04\/c091e11b07a445c45086d37e92a11016_medium-1.jpg","contentUrl":"https:\/\/www.colorflyprinting.com\/wp-content\/uploads\/2025\/04\/c091e11b07a445c45086d37e92a11016_medium-1.jpg","width":550,"height":550},{"@type":"BreadcrumbList","@id":"https:\/\/www.colorflyprinting.com\/product\/handmade-leather-journal-diary-notebook-notebook-gift-set-custom-logo-pu-leather-accept-customized-logo-eco-friendly-paper\/#breadcrumb","itemListElement":[{"@type":"ListItem","position":1,"name":"Home","item":"https:\/\/www.colorflyprinting.com\/"},{"@type":"ListItem","position":2,"name":"Product","item":"https:\/\/www.colorflyprinting.com\/shop\/"},{"@type":"ListItem","position":3,"name":"Handmade Leather Journal Diary Notebook Notebook Gift Set Custom Logo PU Leather Accept Customized Logo Eco- Friendly Paper"}]},{"@type":"WebSite","@id":"https:\/\/www.colorflyprinting.com\/#website","url":"https:\/\/www.colorflyprinting.com\/","name":"Hefei Colorfly Stationery Co.,Ltd.","description":"","publisher":{"@id":"https:\/\/www.colorflyprinting.com\/#organization"},"potentialAction":[{"@type":"SearchAction","target":{"@type":"EntryPoint","urlTemplate":"https:\/\/www.colorflyprinting.com\/?s={search_term_string}"},"query-input":{"@type":"PropertyValueSpecification","valueRequired":true,"valueName":"search_term_string"}}],"inLanguage":"es-CR"},{"@type":"Organization","@id":"https:\/\/www.colorflyprinting.com\/#organization","name":"Hefei Colorfly Stationery Co.,Ltd.","url":"https:\/\/www.colorflyprinting.com\/","logo":{"@type":"ImageObject","inLanguage":"es-CR","@id":"https:\/\/www.colorflyprinting.com\/#\/schema\/logo\/image\/","url":"https:\/\/www.colorflyprinting.com\/wp-content\/uploads\/2025\/04\/d167665f943610681229e2f4307b9df.jpg","contentUrl":"https:\/\/www.colorflyprinting.com\/wp-content\/uploads\/2025\/04\/d167665f943610681229e2f4307b9df.jpg","width":780,"height":780,"caption":"Hefei Colorfly Stationery Co.,Ltd."},"image":{"@id":"https:\/\/www.colorflyprinting.com\/#\/schema\/logo\/image\/"}}]}},"_links":{"self":[{"href":"https:\/\/www.colorflyprinting.com\/es\/wp-json\/wp\/v2\/product\/11132","targetHints":{"allow":["GET"]}}],"collection":[{"href":"https:\/\/www.colorflyprinting.com\/es\/wp-json\/wp\/v2\/product"}],"about":[{"href":"https:\/\/www.colorflyprinting.com\/es\/wp-json\/wp\/v2\/types\/product"}],"replies":[{"embeddable":true,"href":"https:\/\/www.colorflyprinting.com\/es\/wp-json\/wp\/v2\/comments?post=11132"}],"wp:featuredmedia":[{"embeddable":true,"href":"https:\/\/www.colorflyprinting.com\/es\/wp-json\/wp\/v2\/media\/11191"}],"wp:attachment":[{"href":"https:\/\/www.colorflyprinting.com\/es\/wp-json\/wp\/v2\/media?parent=11132"}],"wp:term":[{"taxonomy":"product_brand","embeddable":true,"href":"https:\/\/www.colorflyprinting.com\/es\/wp-json\/wp\/v2\/product_brand?post=11132"},{"taxonomy":"product_cat","embeddable":true,"href":"https:\/\/www.colorflyprinting.com\/es\/wp-json\/wp\/v2\/product_cat?post=11132"},{"taxonomy":"product_tag","embeddable":true,"href":"https:\/\/www.colorflyprinting.com\/es\/wp-json\/wp\/v2\/product_tag?post=11132"}],"curies":[{"name":"wp","href":"https:\/\/api.w.org\/{rel}","templated":true}]}}