{"id":11091,"date":"2025-04-22T01:20:08","date_gmt":"2025-04-22T01:20:08","guid":{"rendered":"https:\/\/www.colorflyprinting.com\/?post_type=product&#038;p=11091"},"modified":"2025-09-02T05:07:22","modified_gmt":"2025-09-02T05:07:22","slug":"thick-leather-notebook-calendar-planner","status":"publish","type":"product","link":"https:\/\/www.colorflyprinting.com\/es\/producto\/agenda-de-cuero-grueso-con-calendario\/","title":{"rendered":"Cuaderno de cuero grueso con calendario y planificador"},"content":{"rendered":"<div class=\"text\">\n<p>\n\t<span style=\"font-size:18px;\">Art\u00edculo: Cuaderno calendario personalizado tama\u00f1o A5<\/span>\n<\/p>\n<p>\n\t<span style=\"font-size:18px;\">Tama\u00f1o: A5 (145 x 215 mm)<\/span>\n<\/p>\n<p>\n\t<span style=\"font-size:18px;\">Papel interior: papel offset de 70\/80 g\/m\u00b2<\/span>\n<\/p>\n<p>\n\t<span style=\"font-size:18px;\">Color: Morado \/ Rojo vino<\/span>\n<\/p>\n<p>\n\t<span style=\"font-size:18px;\">Cubierta: Cuero suave, impresi\u00f3n grabada.<\/span>\n<\/p>\n<p>\n\t<span style=\"font-size:18px;\">Encuadernaci\u00f3n: Encuadernaci\u00f3n perfecta, con cinta de 2 colores.<\/span>\n<\/p>\n<p>\n\t<span style=\"font-size:18px;\">Dise\u00f1o y contenido de bloques<\/span>\n<\/p>\n<p>\n\t<span style=\"font-size:18px;\"><img decoding=\"async\" src=\"\/js\/htmledit\/kindeditor\/attached\/20191028\/20191028140642_21657.jpg\" alt=\"\"><br \/>\n<\/span>\n<\/p>\n<p>\n\t\n<\/p>\n<p>\n\t<strong><span style=\"font-size:18px;\">Tallas<\/span><\/strong>\n<\/p>\n<p>\n\tLos tama\u00f1os m\u00e1s comunes son 15\u00d721 cm y 15,5\u00d721 cm. Son ideales para planificar el trabajo y el tiempo libre. El tama\u00f1o mediano permite llevar la agenda a las reuniones (ya que ocupa poco espacio y es muy espaciosa). Si pasa mucho tiempo en la oficina, puede que le resulten m\u00e1s adecuadas las agendas semanales grandes de 20\u00d726 cm o las libretas de 20,5\u00d727 cm. Las agendas regulares o con espiral de 33\u00d715 cm no ocupar\u00e1n mucho espacio en su escritorio. Los tama\u00f1os de 10\u00d716 cm y 10,5\u00d716 cm son ideales para quienes asisten a reuniones y viajes de negocios con frecuencia, ya que estas agendas caben f\u00e1cilmente en un bolso peque\u00f1o. Las libretas de 9\u00d713 cm y 8,5\u00d713 cm se pueden llevar incluso en el bolsillo.\n<\/p>\n<p>\n\t\n<\/p>\n<p>\n\t<strong><span style=\"font-size:18px;\">El contenido de un bloque est\u00e1ndar<\/span><\/strong>\n<\/p>\n<p>\n\tEl bloque est\u00e1ndar de un cuaderno calendario puede contener un mapa de su pa\u00eds (en la primera hoja), un mapa de Europa (en la \u00faltima hoja) y amplio material de referencia en las primeras p\u00e1ginas del bloque, como:\n<\/p>\n<ul>\n<li>\n\t\tDatos personales;\n\t<\/li>\n<li>\n\t\tCalendario de varios a\u00f1os;\n\t<\/li>\n<li>\n\t\tEscalas de temperatura y velocidad;\n\t<\/li>\n<li>\n\t\tn\u00fameros romanos;\n\t<\/li>\n<li>\n\t\tInformaci\u00f3n variada sobre los pa\u00edses;\n\t<\/li>\n<li>\n\t\tTablas de tallas de zapatos y ropa;\n\t<\/li>\n<li>\n\t\tAtlas mundial.\n\t<\/li>\n<\/ul>\n<p>\n\t\n<\/p>\n<p>\n\t\n<\/p>\n<p>\n\t\n<\/p>\n<\/p><\/div>","protected":false},"excerpt":{"rendered":"<p>Agendas y cuadernos personalizados tama\u00f1o A5 con idioma franc\u00e9s<\/p>\n<ul class=\"ptab-list clearfix\">\n<li>\n<p>Marca:<\/p>\n<p><span>Mosca de color<\/span><\/li>\n<li>\n<p>N.\u00ba de art\u00edculo:<\/p>\n<p><span>CY-LB002<\/span><\/li>\n<li>\n<p>Tipo: <\/p>\n<p> <span>Cuaderno de calendario<\/span><\/li>\n<li>\n<p>Tama\u00f1o: <\/p>\n<p> <span>A5<\/span><\/li>\n<li>\n<p>Vinculante: <\/p>\n<p> <span>Encuadernaci\u00f3n perfecta<\/span><\/li>\n<li>\n<p>N\u00famero de p\u00e1ginas: <\/p>\n<p> <span>Personalizado<\/span><\/li>\n<li>\n<p>Impresi\u00f3n interior: <\/p>\n<p> <span>Calendario<\/span><\/li>\n<li>\n<p>Impresi\u00f3n de portada: <\/p>\n<p> <span>Impresi\u00f3n a 4 colores<\/span><\/li>\n<\/ul>","protected":false},"featured_media":11124,"comment_status":"open","ping_status":"closed","template":"","meta":[],"product_brand":[],"product_cat":[127],"product_tag":[155,150,154],"class_list":{"0":"post-11091","1":"product","2":"type-product","3":"status-publish","4":"has-post-thumbnail","6":"product_cat-leather-notebook","7":"product_tag-monthly-planner-and-notebook","8":"product_tag-notebook-calendar-planner","9":"product_tag-notebook-with-calendar-pages","11":"first","12":"instock","13":"shipping-taxable","14":"product-type-simple"},"yoast_head":"<!-- This site is optimized with the Yoast SEO Premium plugin v23.9 (Yoast SEO v25.2) - https:\/\/yoast.com\/wordpress\/plugins\/seo\/ -->\n<title>Thick Leather Notebook Calendar Planner - colorflyprinting<\/title>\n<meta name=\"robots\" content=\"index, follow, max-snippet:-1, max-image-preview:large, max-video-preview:-1\" \/>\n<link rel=\"canonical\" href=\"https:\/\/www.colorflyprinting.com\/es\/producto\/agenda-de-cuero-grueso-con-calendario\/\" \/>\n<meta property=\"og:locale\" content=\"es_ES\" \/>\n<meta property=\"og:type\" content=\"article\" \/>\n<meta property=\"og:title\" content=\"Thick Leather Notebook Calendar Planner\" \/>\n<meta property=\"og:description\" content=\"Custom day planners and notebooks A5 size with French language                                                     Brand:Colorfly                                                   Item NO.:CY-LB002                                                                                                                                                                                                  Type: Calendar notebook                                 Size: A5                                 Binding: Perfect binding                                 Number of pages: Customized                                 Inner printing: Calendar                                 Cover printing: 4 colors printing\" \/>\n<meta property=\"og:url\" content=\"https:\/\/www.colorflyprinting.com\/es\/producto\/agenda-de-cuero-grueso-con-calendario\/\" \/>\n<meta property=\"og:site_name\" content=\"colorflyprinting\" \/>\n<meta property=\"article:modified_time\" content=\"2025-09-02T05:07:22+00:00\" \/>\n<meta name=\"twitter:card\" content=\"summary_large_image\" \/>\n<meta name=\"twitter:label1\" content=\"Est. reading time\" \/>\n\t<meta name=\"twitter:data1\" content=\"1 minuto\" \/>\n<script type=\"application\/ld+json\" class=\"yoast-schema-graph\">{\"@context\":\"https:\/\/schema.org\",\"@graph\":[{\"@type\":\"WebPage\",\"@id\":\"https:\/\/www.colorflyprinting.com\/product\/thick-leather-notebook-calendar-planner\/\",\"url\":\"https:\/\/www.colorflyprinting.com\/product\/thick-leather-notebook-calendar-planner\/\",\"name\":\"Thick Leather Notebook Calendar Planner - colorflyprinting\",\"isPartOf\":{\"@id\":\"https:\/\/www.colorflyprinting.com\/#website\"},\"primaryImageOfPage\":{\"@id\":\"https:\/\/www.colorflyprinting.com\/product\/thick-leather-notebook-calendar-planner\/#primaryimage\"},\"image\":{\"@id\":\"https:\/\/www.colorflyprinting.com\/product\/thick-leather-notebook-calendar-planner\/#primaryimage\"},\"thumbnailUrl\":\"https:\/\/www.colorflyprinting.com\/wp-content\/uploads\/2025\/04\/d3f42f81bbd735c32fa08b16e74fb47b_medium-1.jpg\",\"datePublished\":\"2025-04-22T01:20:08+00:00\",\"dateModified\":\"2025-09-02T05:07:22+00:00\",\"breadcrumb\":{\"@id\":\"https:\/\/www.colorflyprinting.com\/product\/thick-leather-notebook-calendar-planner\/#breadcrumb\"},\"inLanguage\":\"es-CR\",\"potentialAction\":[{\"@type\":\"ReadAction\",\"target\":[\"https:\/\/www.colorflyprinting.com\/product\/thick-leather-notebook-calendar-planner\/\"]}]},{\"@type\":\"ImageObject\",\"inLanguage\":\"es-CR\",\"@id\":\"https:\/\/www.colorflyprinting.com\/product\/thick-leather-notebook-calendar-planner\/#primaryimage\",\"url\":\"https:\/\/www.colorflyprinting.com\/wp-content\/uploads\/2025\/04\/d3f42f81bbd735c32fa08b16e74fb47b_medium-1.jpg\",\"contentUrl\":\"https:\/\/www.colorflyprinting.com\/wp-content\/uploads\/2025\/04\/d3f42f81bbd735c32fa08b16e74fb47b_medium-1.jpg\",\"width\":550,\"height\":550},{\"@type\":\"BreadcrumbList\",\"@id\":\"https:\/\/www.colorflyprinting.com\/product\/thick-leather-notebook-calendar-planner\/#breadcrumb\",\"itemListElement\":[{\"@type\":\"ListItem\",\"position\":1,\"name\":\"Home\",\"item\":\"https:\/\/www.colorflyprinting.com\/\"},{\"@type\":\"ListItem\",\"position\":2,\"name\":\"Product\",\"item\":\"https:\/\/www.colorflyprinting.com\/shop\/\"},{\"@type\":\"ListItem\",\"position\":3,\"name\":\"Thick Leather Notebook Calendar Planner\"}]},{\"@type\":\"WebSite\",\"@id\":\"https:\/\/www.colorflyprinting.com\/#website\",\"url\":\"https:\/\/www.colorflyprinting.com\/\",\"name\":\"Hefei Colorfly Stationery Co.,Ltd.\",\"description\":\"\",\"publisher\":{\"@id\":\"https:\/\/www.colorflyprinting.com\/#organization\"},\"potentialAction\":[{\"@type\":\"SearchAction\",\"target\":{\"@type\":\"EntryPoint\",\"urlTemplate\":\"https:\/\/www.colorflyprinting.com\/?s={search_term_string}\"},\"query-input\":{\"@type\":\"PropertyValueSpecification\",\"valueRequired\":true,\"valueName\":\"search_term_string\"}}],\"inLanguage\":\"es-CR\"},{\"@type\":\"Organization\",\"@id\":\"https:\/\/www.colorflyprinting.com\/#organization\",\"name\":\"Hefei Colorfly Stationery Co.,Ltd.\",\"url\":\"https:\/\/www.colorflyprinting.com\/\",\"logo\":{\"@type\":\"ImageObject\",\"inLanguage\":\"es-CR\",\"@id\":\"https:\/\/www.colorflyprinting.com\/#\/schema\/logo\/image\/\",\"url\":\"https:\/\/www.colorflyprinting.com\/wp-content\/uploads\/2025\/04\/d167665f943610681229e2f4307b9df.jpg\",\"contentUrl\":\"https:\/\/www.colorflyprinting.com\/wp-content\/uploads\/2025\/04\/d167665f943610681229e2f4307b9df.jpg\",\"width\":780,\"height\":780,\"caption\":\"Hefei Colorfly Stationery Co.,Ltd.\"},\"image\":{\"@id\":\"https:\/\/www.colorflyprinting.com\/#\/schema\/logo\/image\/\"}}]}<\/script>\n<!-- \/ Yoast SEO Premium plugin. -->","yoast_head_json":{"title":"Thick Leather Notebook Calendar Planner - colorflyprinting","robots":{"index":"index","follow":"follow","max-snippet":"max-snippet:-1","max-image-preview":"max-image-preview:large","max-video-preview":"max-video-preview:-1"},"canonical":"https:\/\/www.colorflyprinting.com\/es\/producto\/agenda-de-cuero-grueso-con-calendario\/","og_locale":"es_ES","og_type":"article","og_title":"Thick Leather Notebook Calendar Planner","og_description":"Custom day planners and notebooks A5 size with French language                                                     Brand:Colorfly                                                   Item NO.:CY-LB002                                                                                                                                                                                                  Type: Calendar notebook                                 Size: A5                                 Binding: Perfect binding                                 Number of pages: Customized                                 Inner printing: Calendar                                 Cover printing: 4 colors printing","og_url":"https:\/\/www.colorflyprinting.com\/es\/producto\/agenda-de-cuero-grueso-con-calendario\/","og_site_name":"colorflyprinting","article_modified_time":"2025-09-02T05:07:22+00:00","twitter_card":"summary_large_image","twitter_misc":{"Est. reading time":"1 minuto"},"schema":{"@context":"https:\/\/schema.org","@graph":[{"@type":"WebPage","@id":"https:\/\/www.colorflyprinting.com\/product\/thick-leather-notebook-calendar-planner\/","url":"https:\/\/www.colorflyprinting.com\/product\/thick-leather-notebook-calendar-planner\/","name":"Thick Leather Notebook Calendar Planner - colorflyprinting","isPartOf":{"@id":"https:\/\/www.colorflyprinting.com\/#website"},"primaryImageOfPage":{"@id":"https:\/\/www.colorflyprinting.com\/product\/thick-leather-notebook-calendar-planner\/#primaryimage"},"image":{"@id":"https:\/\/www.colorflyprinting.com\/product\/thick-leather-notebook-calendar-planner\/#primaryimage"},"thumbnailUrl":"https:\/\/www.colorflyprinting.com\/wp-content\/uploads\/2025\/04\/d3f42f81bbd735c32fa08b16e74fb47b_medium-1.jpg","datePublished":"2025-04-22T01:20:08+00:00","dateModified":"2025-09-02T05:07:22+00:00","breadcrumb":{"@id":"https:\/\/www.colorflyprinting.com\/product\/thick-leather-notebook-calendar-planner\/#breadcrumb"},"inLanguage":"es-CR","potentialAction":[{"@type":"ReadAction","target":["https:\/\/www.colorflyprinting.com\/product\/thick-leather-notebook-calendar-planner\/"]}]},{"@type":"ImageObject","inLanguage":"es-CR","@id":"https:\/\/www.colorflyprinting.com\/product\/thick-leather-notebook-calendar-planner\/#primaryimage","url":"https:\/\/www.colorflyprinting.com\/wp-content\/uploads\/2025\/04\/d3f42f81bbd735c32fa08b16e74fb47b_medium-1.jpg","contentUrl":"https:\/\/www.colorflyprinting.com\/wp-content\/uploads\/2025\/04\/d3f42f81bbd735c32fa08b16e74fb47b_medium-1.jpg","width":550,"height":550},{"@type":"BreadcrumbList","@id":"https:\/\/www.colorflyprinting.com\/product\/thick-leather-notebook-calendar-planner\/#breadcrumb","itemListElement":[{"@type":"ListItem","position":1,"name":"Home","item":"https:\/\/www.colorflyprinting.com\/"},{"@type":"ListItem","position":2,"name":"Product","item":"https:\/\/www.colorflyprinting.com\/shop\/"},{"@type":"ListItem","position":3,"name":"Thick Leather Notebook Calendar Planner"}]},{"@type":"WebSite","@id":"https:\/\/www.colorflyprinting.com\/#website","url":"https:\/\/www.colorflyprinting.com\/","name":"Hefei Colorfly Stationery Co.,Ltd.","description":"","publisher":{"@id":"https:\/\/www.colorflyprinting.com\/#organization"},"potentialAction":[{"@type":"SearchAction","target":{"@type":"EntryPoint","urlTemplate":"https:\/\/www.colorflyprinting.com\/?s={search_term_string}"},"query-input":{"@type":"PropertyValueSpecification","valueRequired":true,"valueName":"search_term_string"}}],"inLanguage":"es-CR"},{"@type":"Organization","@id":"https:\/\/www.colorflyprinting.com\/#organization","name":"Hefei Colorfly Stationery Co.,Ltd.","url":"https:\/\/www.colorflyprinting.com\/","logo":{"@type":"ImageObject","inLanguage":"es-CR","@id":"https:\/\/www.colorflyprinting.com\/#\/schema\/logo\/image\/","url":"https:\/\/www.colorflyprinting.com\/wp-content\/uploads\/2025\/04\/d167665f943610681229e2f4307b9df.jpg","contentUrl":"https:\/\/www.colorflyprinting.com\/wp-content\/uploads\/2025\/04\/d167665f943610681229e2f4307b9df.jpg","width":780,"height":780,"caption":"Hefei Colorfly Stationery Co.,Ltd."},"image":{"@id":"https:\/\/www.colorflyprinting.com\/#\/schema\/logo\/image\/"}}]}},"_links":{"self":[{"href":"https:\/\/www.colorflyprinting.com\/es\/wp-json\/wp\/v2\/product\/11091","targetHints":{"allow":["GET"]}}],"collection":[{"href":"https:\/\/www.colorflyprinting.com\/es\/wp-json\/wp\/v2\/product"}],"about":[{"href":"https:\/\/www.colorflyprinting.com\/es\/wp-json\/wp\/v2\/types\/product"}],"replies":[{"embeddable":true,"href":"https:\/\/www.colorflyprinting.com\/es\/wp-json\/wp\/v2\/comments?post=11091"}],"wp:featuredmedia":[{"embeddable":true,"href":"https:\/\/www.colorflyprinting.com\/es\/wp-json\/wp\/v2\/media\/11124"}],"wp:attachment":[{"href":"https:\/\/www.colorflyprinting.com\/es\/wp-json\/wp\/v2\/media?parent=11091"}],"wp:term":[{"taxonomy":"product_brand","embeddable":true,"href":"https:\/\/www.colorflyprinting.com\/es\/wp-json\/wp\/v2\/product_brand?post=11091"},{"taxonomy":"product_cat","embeddable":true,"href":"https:\/\/www.colorflyprinting.com\/es\/wp-json\/wp\/v2\/product_cat?post=11091"},{"taxonomy":"product_tag","embeddable":true,"href":"https:\/\/www.colorflyprinting.com\/es\/wp-json\/wp\/v2\/product_tag?post=11091"}],"curies":[{"name":"wp","href":"https:\/\/api.w.org\/{rel}","templated":true}]}}