{"id":11085,"date":"2025-04-22T01:20:07","date_gmt":"2025-04-22T01:20:07","guid":{"rendered":"https:\/\/www.colorflyprinting.com\/?post_type=product&#038;p=11085"},"modified":"2025-04-22T01:20:23","modified_gmt":"2025-04-22T01:20:23","slug":"custom-daily-agenda-notebook-2020-planner","status":"publish","type":"product","link":"https:\/\/www.colorflyprinting.com\/es\/producto\/agenda-diaria-personalizada-para-el-ano-2020\/","title":{"rendered":"Agenda diaria personalizada 2020"},"content":{"rendered":"<div class=\"text\">\n<p>\n\t<span style=\"font-size:18px;\">Art\u00edculo: Agenda diaria personalizada 2020<\/span>\n<\/p>\n<p>\n\t<span style=\"font-size:18px;\">Tama\u00f1o: 215x280 mm o personalizado<\/span>\n<\/p>\n<p>\n\t<span style=\"font-size:18px;\">Papel interior: papel offset de 70\/80 g\/m\u00b2<\/span>\n<\/p>\n<p>\n\t<span style=\"font-size:18px;\">Color: rojo vintage, marr\u00f3n, etc.<\/span>\n<\/p>\n<p>\n\t<span style=\"font-size:18px;\">Cubierta: Cuero suave, impresi\u00f3n grabada, logotipo estampado en oro, etc.<\/span>\n<\/p>\n<p>\n\t<span style=\"font-size:18px;\">Encuadernaci\u00f3n: Encuadernaci\u00f3n perfecta&nbsp;<\/span>\n<\/p>\n<p>\n\t<span style=\"font-size:18px;\"><img decoding=\"async\" src=\"\/js\/htmledit\/kindeditor\/attached\/20200331\/20200331093819_26299.jpg\" alt=\"\"><br \/>\n<\/span>\n<\/p>\n<p>\n\t\n<\/p>\n<p>\n\t<strong><span style=\"font-size:18px;\">Impresi\u00f3n de papel interior para cheques<\/span><\/strong>\n<\/p>\n<p>\n\t\n<\/p>\n<p>\n\t<img decoding=\"async\" src=\"\/js\/htmledit\/kindeditor\/attached\/20200331\/20200331093747_96349.jpg\" alt=\"\">\n<\/p>\n<p>\n\t<img decoding=\"async\" src=\"\/js\/htmledit\/kindeditor\/attached\/20200331\/20200331093852_26701.jpg\" alt=\"\">\n<\/p>\n<p>\n\t<strong><span style=\"font-size:18px;\">El contenido de un bloque est\u00e1ndar<\/span><\/strong>\n<\/p>\n<p>\n\tEl bloque est\u00e1ndar de un cuaderno calendario puede contener un mapa de su pa\u00eds (en la primera hoja), un mapa de Europa (en la \u00faltima hoja) y amplio material de referencia en las primeras p\u00e1ginas del bloque, como:\n<\/p>\n<ul>\n<li>\n\t\tDatos personales;\n\t<\/li>\n<li>\n\t\tCalendario de varios a\u00f1os;\n\t<\/li>\n<li>\n\t\tEscalas de temperatura y velocidad;\n\t<\/li>\n<li>\n\t\tn\u00fameros romanos;\n\t<\/li>\n<li>\n\t\tInformaci\u00f3n variada sobre los pa\u00edses;\n\t<\/li>\n<li>\n\t\tTablas de tallas de zapatos y ropa;\n\t<\/li>\n<li>\n\t\tAtlas mundial.\n\t<\/li>\n<\/ul>\n<p>\n\t\n<\/p>\n<p>\n\t\n<\/p>\n<p>\n\t\n<\/p>\n<\/p><\/div>","protected":false},"excerpt":{"rendered":"<p>Libreta vintage personalizada de cuero suave, al por mayor, color marr\u00f3n\/rojo vintage.<\/p>\n<ul class=\"ptab-list clearfix\">\n<li>\n<p>Marca:<\/p>\n<p><span>Mosca de color<\/span><\/li>\n<li>\n<p>N.\u00ba de art\u00edculo:<\/p>\n<p><span>CY-LB007<\/span><\/li>\n<li>\n<p>Tipo: <\/p>\n<p> <span>Cuaderno de agenda<\/span><\/li>\n<li>\n<p>Tama\u00f1o: <\/p>\n<p> <span>215 x 280 mm<\/span><\/li>\n<li>\n<p>Vinculante: <\/p>\n<p> <span>Encuadernaci\u00f3n perfecta<\/span><\/li>\n<li>\n<p>N\u00famero de p\u00e1ginas: <\/p>\n<p> <span>Personalizado<\/span><\/li>\n<li>\n<p>Impresi\u00f3n interior: <\/p>\n<p> <span>Calendario\/diario<\/span><\/li>\n<li>\n<p>Impresi\u00f3n de portada: <\/p>\n<p> <span>Impresi\u00f3n a 4 colores<\/span><\/li>\n<\/ul>","protected":false},"featured_media":11121,"comment_status":"open","ping_status":"closed","template":"","meta":[],"product_brand":[],"product_cat":[127],"product_tag":[138,136,137],"class_list":{"0":"post-11085","1":"product","2":"type-product","3":"status-publish","4":"has-post-thumbnail","6":"product_cat-leather-notebook","7":"product_tag-custom-daily-agenda-notebook-2020-planner","8":"product_tag-custom-vintage-agenda-notebook","9":"product_tag-leather-notebook-agenda","11":"first","12":"instock","13":"shipping-taxable","14":"product-type-simple"},"yoast_head":"<!-- This site is optimized with the Yoast SEO Premium plugin v23.9 (Yoast SEO v25.2) - https:\/\/yoast.com\/wordpress\/plugins\/seo\/ -->\n<title>Custom Daily Agenda Notebook 2020 Planner - colorflyprinting<\/title>\n<meta name=\"robots\" content=\"index, follow, max-snippet:-1, max-image-preview:large, max-video-preview:-1\" \/>\n<link rel=\"canonical\" href=\"https:\/\/www.colorflyprinting.com\/es\/producto\/agenda-diaria-personalizada-para-el-ano-2020\/\" \/>\n<meta property=\"og:locale\" content=\"es_ES\" \/>\n<meta property=\"og:type\" content=\"article\" \/>\n<meta property=\"og:title\" content=\"Custom Daily Agenda Notebook 2020 Planner\" \/>\n<meta property=\"og:description\" content=\"Custom vintage agenda notebook soft leather wholesale notebook with brown \/ vintage red color                                                     Brand:Colorfly                                                   Item NO.:CY-LB007                                                                                                                                                                                                  Type: Agenda notebook                                 Size: 215x280mm                                 Binding: Perfect binding                                 Number of pages: Customized                                 Inner printing: Calendar\/daily                                 Cover printing: 4 colors printing\" \/>\n<meta property=\"og:url\" content=\"https:\/\/www.colorflyprinting.com\/es\/producto\/agenda-diaria-personalizada-para-el-ano-2020\/\" \/>\n<meta property=\"og:site_name\" content=\"colorflyprinting\" \/>\n<meta property=\"article:modified_time\" content=\"2025-04-22T01:20:23+00:00\" \/>\n<meta name=\"twitter:card\" content=\"summary_large_image\" \/>\n<meta name=\"twitter:label1\" content=\"Est. reading time\" \/>\n\t<meta name=\"twitter:data1\" content=\"1 minuto\" \/>\n<script type=\"application\/ld+json\" class=\"yoast-schema-graph\">{\"@context\":\"https:\/\/schema.org\",\"@graph\":[{\"@type\":\"WebPage\",\"@id\":\"https:\/\/www.colorflyprinting.com\/product\/custom-daily-agenda-notebook-2020-planner\/\",\"url\":\"https:\/\/www.colorflyprinting.com\/product\/custom-daily-agenda-notebook-2020-planner\/\",\"name\":\"Custom Daily Agenda Notebook 2020 Planner - colorflyprinting\",\"isPartOf\":{\"@id\":\"https:\/\/www.colorflyprinting.com\/#website\"},\"primaryImageOfPage\":{\"@id\":\"https:\/\/www.colorflyprinting.com\/product\/custom-daily-agenda-notebook-2020-planner\/#primaryimage\"},\"image\":{\"@id\":\"https:\/\/www.colorflyprinting.com\/product\/custom-daily-agenda-notebook-2020-planner\/#primaryimage\"},\"thumbnailUrl\":\"https:\/\/www.colorflyprinting.com\/wp-content\/uploads\/2025\/04\/8510894cc1e48aef27bf0716f80c7c56_medium-1.jpg\",\"datePublished\":\"2025-04-22T01:20:07+00:00\",\"dateModified\":\"2025-04-22T01:20:23+00:00\",\"breadcrumb\":{\"@id\":\"https:\/\/www.colorflyprinting.com\/product\/custom-daily-agenda-notebook-2020-planner\/#breadcrumb\"},\"inLanguage\":\"es-CR\",\"potentialAction\":[{\"@type\":\"ReadAction\",\"target\":[\"https:\/\/www.colorflyprinting.com\/product\/custom-daily-agenda-notebook-2020-planner\/\"]}]},{\"@type\":\"ImageObject\",\"inLanguage\":\"es-CR\",\"@id\":\"https:\/\/www.colorflyprinting.com\/product\/custom-daily-agenda-notebook-2020-planner\/#primaryimage\",\"url\":\"https:\/\/www.colorflyprinting.com\/wp-content\/uploads\/2025\/04\/8510894cc1e48aef27bf0716f80c7c56_medium-1.jpg\",\"contentUrl\":\"https:\/\/www.colorflyprinting.com\/wp-content\/uploads\/2025\/04\/8510894cc1e48aef27bf0716f80c7c56_medium-1.jpg\",\"width\":550,\"height\":550},{\"@type\":\"BreadcrumbList\",\"@id\":\"https:\/\/www.colorflyprinting.com\/product\/custom-daily-agenda-notebook-2020-planner\/#breadcrumb\",\"itemListElement\":[{\"@type\":\"ListItem\",\"position\":1,\"name\":\"Home\",\"item\":\"https:\/\/www.colorflyprinting.com\/\"},{\"@type\":\"ListItem\",\"position\":2,\"name\":\"Product\",\"item\":\"https:\/\/www.colorflyprinting.com\/shop\/\"},{\"@type\":\"ListItem\",\"position\":3,\"name\":\"Custom Daily Agenda Notebook 2020 Planner\"}]},{\"@type\":\"WebSite\",\"@id\":\"https:\/\/www.colorflyprinting.com\/#website\",\"url\":\"https:\/\/www.colorflyprinting.com\/\",\"name\":\"Hefei Colorfly Stationery Co.,Ltd.\",\"description\":\"\",\"publisher\":{\"@id\":\"https:\/\/www.colorflyprinting.com\/#organization\"},\"potentialAction\":[{\"@type\":\"SearchAction\",\"target\":{\"@type\":\"EntryPoint\",\"urlTemplate\":\"https:\/\/www.colorflyprinting.com\/?s={search_term_string}\"},\"query-input\":{\"@type\":\"PropertyValueSpecification\",\"valueRequired\":true,\"valueName\":\"search_term_string\"}}],\"inLanguage\":\"es-CR\"},{\"@type\":\"Organization\",\"@id\":\"https:\/\/www.colorflyprinting.com\/#organization\",\"name\":\"Hefei Colorfly Stationery Co.,Ltd.\",\"url\":\"https:\/\/www.colorflyprinting.com\/\",\"logo\":{\"@type\":\"ImageObject\",\"inLanguage\":\"es-CR\",\"@id\":\"https:\/\/www.colorflyprinting.com\/#\/schema\/logo\/image\/\",\"url\":\"https:\/\/www.colorflyprinting.com\/wp-content\/uploads\/2025\/04\/d167665f943610681229e2f4307b9df.jpg\",\"contentUrl\":\"https:\/\/www.colorflyprinting.com\/wp-content\/uploads\/2025\/04\/d167665f943610681229e2f4307b9df.jpg\",\"width\":780,\"height\":780,\"caption\":\"Hefei Colorfly Stationery Co.,Ltd.\"},\"image\":{\"@id\":\"https:\/\/www.colorflyprinting.com\/#\/schema\/logo\/image\/\"}}]}<\/script>\n<!-- \/ Yoast SEO Premium plugin. -->","yoast_head_json":{"title":"Custom Daily Agenda Notebook 2020 Planner - colorflyprinting","robots":{"index":"index","follow":"follow","max-snippet":"max-snippet:-1","max-image-preview":"max-image-preview:large","max-video-preview":"max-video-preview:-1"},"canonical":"https:\/\/www.colorflyprinting.com\/es\/producto\/agenda-diaria-personalizada-para-el-ano-2020\/","og_locale":"es_ES","og_type":"article","og_title":"Custom Daily Agenda Notebook 2020 Planner","og_description":"Custom vintage agenda notebook soft leather wholesale notebook with brown \/ vintage red color                                                     Brand:Colorfly                                                   Item NO.:CY-LB007                                                                                                                                                                                                  Type: Agenda notebook                                 Size: 215x280mm                                 Binding: Perfect binding                                 Number of pages: Customized                                 Inner printing: Calendar\/daily                                 Cover printing: 4 colors printing","og_url":"https:\/\/www.colorflyprinting.com\/es\/producto\/agenda-diaria-personalizada-para-el-ano-2020\/","og_site_name":"colorflyprinting","article_modified_time":"2025-04-22T01:20:23+00:00","twitter_card":"summary_large_image","twitter_misc":{"Est. reading time":"1 minuto"},"schema":{"@context":"https:\/\/schema.org","@graph":[{"@type":"WebPage","@id":"https:\/\/www.colorflyprinting.com\/product\/custom-daily-agenda-notebook-2020-planner\/","url":"https:\/\/www.colorflyprinting.com\/product\/custom-daily-agenda-notebook-2020-planner\/","name":"Custom Daily Agenda Notebook 2020 Planner - colorflyprinting","isPartOf":{"@id":"https:\/\/www.colorflyprinting.com\/#website"},"primaryImageOfPage":{"@id":"https:\/\/www.colorflyprinting.com\/product\/custom-daily-agenda-notebook-2020-planner\/#primaryimage"},"image":{"@id":"https:\/\/www.colorflyprinting.com\/product\/custom-daily-agenda-notebook-2020-planner\/#primaryimage"},"thumbnailUrl":"https:\/\/www.colorflyprinting.com\/wp-content\/uploads\/2025\/04\/8510894cc1e48aef27bf0716f80c7c56_medium-1.jpg","datePublished":"2025-04-22T01:20:07+00:00","dateModified":"2025-04-22T01:20:23+00:00","breadcrumb":{"@id":"https:\/\/www.colorflyprinting.com\/product\/custom-daily-agenda-notebook-2020-planner\/#breadcrumb"},"inLanguage":"es-CR","potentialAction":[{"@type":"ReadAction","target":["https:\/\/www.colorflyprinting.com\/product\/custom-daily-agenda-notebook-2020-planner\/"]}]},{"@type":"ImageObject","inLanguage":"es-CR","@id":"https:\/\/www.colorflyprinting.com\/product\/custom-daily-agenda-notebook-2020-planner\/#primaryimage","url":"https:\/\/www.colorflyprinting.com\/wp-content\/uploads\/2025\/04\/8510894cc1e48aef27bf0716f80c7c56_medium-1.jpg","contentUrl":"https:\/\/www.colorflyprinting.com\/wp-content\/uploads\/2025\/04\/8510894cc1e48aef27bf0716f80c7c56_medium-1.jpg","width":550,"height":550},{"@type":"BreadcrumbList","@id":"https:\/\/www.colorflyprinting.com\/product\/custom-daily-agenda-notebook-2020-planner\/#breadcrumb","itemListElement":[{"@type":"ListItem","position":1,"name":"Home","item":"https:\/\/www.colorflyprinting.com\/"},{"@type":"ListItem","position":2,"name":"Product","item":"https:\/\/www.colorflyprinting.com\/shop\/"},{"@type":"ListItem","position":3,"name":"Custom Daily Agenda Notebook 2020 Planner"}]},{"@type":"WebSite","@id":"https:\/\/www.colorflyprinting.com\/#website","url":"https:\/\/www.colorflyprinting.com\/","name":"Hefei Colorfly Stationery Co.,Ltd.","description":"","publisher":{"@id":"https:\/\/www.colorflyprinting.com\/#organization"},"potentialAction":[{"@type":"SearchAction","target":{"@type":"EntryPoint","urlTemplate":"https:\/\/www.colorflyprinting.com\/?s={search_term_string}"},"query-input":{"@type":"PropertyValueSpecification","valueRequired":true,"valueName":"search_term_string"}}],"inLanguage":"es-CR"},{"@type":"Organization","@id":"https:\/\/www.colorflyprinting.com\/#organization","name":"Hefei Colorfly Stationery Co.,Ltd.","url":"https:\/\/www.colorflyprinting.com\/","logo":{"@type":"ImageObject","inLanguage":"es-CR","@id":"https:\/\/www.colorflyprinting.com\/#\/schema\/logo\/image\/","url":"https:\/\/www.colorflyprinting.com\/wp-content\/uploads\/2025\/04\/d167665f943610681229e2f4307b9df.jpg","contentUrl":"https:\/\/www.colorflyprinting.com\/wp-content\/uploads\/2025\/04\/d167665f943610681229e2f4307b9df.jpg","width":780,"height":780,"caption":"Hefei Colorfly Stationery Co.,Ltd."},"image":{"@id":"https:\/\/www.colorflyprinting.com\/#\/schema\/logo\/image\/"}}]}},"_links":{"self":[{"href":"https:\/\/www.colorflyprinting.com\/es\/wp-json\/wp\/v2\/product\/11085","targetHints":{"allow":["GET"]}}],"collection":[{"href":"https:\/\/www.colorflyprinting.com\/es\/wp-json\/wp\/v2\/product"}],"about":[{"href":"https:\/\/www.colorflyprinting.com\/es\/wp-json\/wp\/v2\/types\/product"}],"replies":[{"embeddable":true,"href":"https:\/\/www.colorflyprinting.com\/es\/wp-json\/wp\/v2\/comments?post=11085"}],"wp:featuredmedia":[{"embeddable":true,"href":"https:\/\/www.colorflyprinting.com\/es\/wp-json\/wp\/v2\/media\/11121"}],"wp:attachment":[{"href":"https:\/\/www.colorflyprinting.com\/es\/wp-json\/wp\/v2\/media?parent=11085"}],"wp:term":[{"taxonomy":"product_brand","embeddable":true,"href":"https:\/\/www.colorflyprinting.com\/es\/wp-json\/wp\/v2\/product_brand?post=11085"},{"taxonomy":"product_cat","embeddable":true,"href":"https:\/\/www.colorflyprinting.com\/es\/wp-json\/wp\/v2\/product_cat?post=11085"},{"taxonomy":"product_tag","embeddable":true,"href":"https:\/\/www.colorflyprinting.com\/es\/wp-json\/wp\/v2\/product_tag?post=11085"}],"curies":[{"name":"wp","href":"https:\/\/api.w.org\/{rel}","templated":true}]}}