{"id":9660,"date":"2025-04-17T22:08:46","date_gmt":"2025-04-17T22:08:46","guid":{"rendered":"https:\/\/cy.weboho.com\/?page_id=9660"},"modified":"2025-04-17T22:08:46","modified_gmt":"2025-04-17T22:08:46","slug":"faq","status":"publish","type":"page","link":"https:\/\/www.colorflyprinting.com\/es\/preguntas-frecuentes\/","title":{"rendered":"Preguntas frecuentes"},"content":{"rendered":"<p>1. \u00bfCu\u00e1l es el precio?<br \/>\nEl precio se decide por 7 factores: Material, Tama\u00f1o, Color, Acabado, Estructura, Cantidad y Accesorios.<\/p>\n<p>2. \u00bfQu\u00e9 pasa con las muestras?<br \/>\nPlazo de entrega de la muestra: 2 o 3 d\u00edas h\u00e1biles para muestras de maquetas blancas; 5 o 6 d\u00edas h\u00e1biles para muestras de color (dise\u00f1o personalizado) despu\u00e9s de la aprobaci\u00f3n de la obra de arte.<\/p>\n<p>Tarifa de instalaci\u00f3n de muestra:<br \/>\n1) Es gratis para todos los clientes habituales.<br \/>\n2) Para nuevos clientes, 100-200 USD para muestras de color, es totalmente reembolsable cuando se confirma el pedido.<br \/>\n3) Las muestras de maqueta en color blanco son gratuitas.<\/p>\n<p>3. \u00bfCu\u00e1ntos d\u00edas tarda el env\u00edo?<br \/>\nM\u00e9todos de env\u00edo y plazo de entrega:<br \/>\nPor Express: 3-5 d\u00edas laborables hasta su puerta (DHL, UPS, TNT, FedEx\u2026)<br \/>\nPor aire: 5-8 d\u00edas h\u00e1biles hasta su aeropuerto<br \/>\nPor mar: Indique su puerto de destino, nuestros transportistas confirmar\u00e1n los d\u00edas exactos y el siguiente plazo de entrega es para su referencia.<br \/>\nEuropa y Am\u00e9rica (25-35 d\u00edas), Asia (3-7 d\u00edas), Australia (16-25 d\u00edas)<\/p>\n<p>4. \u00bfCu\u00e1les son las condiciones de pago?<br \/>\nWestern Union, TT (Transferencia bancaria), L\/C<\/p>\n<p>5. \u00bfCu\u00e1les son las opciones de acabado de la superficie?<br \/>\nLaminaci\u00f3n mate\/brillante, recubrimiento UV, l\u00e1mina plateada, estampaci\u00f3n en caliente, UV localizado, flocado, grabado en bajo relieve, relieve, textura, recubrimiento acuoso, barnizado\u2026<\/p>\n<p>Satisfacer las necesidades de nuestros clientes y maximizar la eficiencia nos permite forjar una colaboraci\u00f3n a largo plazo con usted. Brindar el mejor servicio con sinceridad no es un acto, sino un h\u00e1bito. Estamos aqu\u00ed para atenderle. Le invitamos a personalizar su dise\u00f1o seg\u00fan sus medidas, materiales, logotipo, color, acabado y cantidad. Env\u00edenos las especificaciones por correo electr\u00f3nico.<\/p>","protected":false},"excerpt":{"rendered":"<p>1. \u00bfCu\u00e1l es el precio? El precio se determina seg\u00fan 7 factores: material, tama\u00f1o, color y acabado.<\/p>","protected":false},"author":1,"featured_media":0,"parent":0,"menu_order":0,"comment_status":"closed","ping_status":"closed","template":"","meta":{"footnotes":""},"class_list":["post-9660","page","type-page","status-publish","hentry"],"yoast_head":"<!-- This site is optimized with the Yoast SEO Premium plugin v23.9 (Yoast SEO v25.2) - https:\/\/yoast.com\/wordpress\/plugins\/seo\/ -->\n<title>FAQ - colorflyprinting<\/title>\n<meta name=\"robots\" content=\"index, follow, max-snippet:-1, max-image-preview:large, max-video-preview:-1\" \/>\n<link rel=\"canonical\" href=\"https:\/\/www.colorflyprinting.com\/es\/preguntas-frecuentes\/\" \/>\n<meta property=\"og:locale\" content=\"es_ES\" \/>\n<meta property=\"og:type\" content=\"article\" \/>\n<meta property=\"og:title\" content=\"FAQ\" \/>\n<meta property=\"og:description\" content=\"1. What is the price ? The price is decided by 7 factors: Material , Size, Color , Finishing ,\" \/>\n<meta property=\"og:url\" content=\"https:\/\/www.colorflyprinting.com\/es\/preguntas-frecuentes\/\" \/>\n<meta property=\"og:site_name\" content=\"colorflyprinting\" \/>\n<meta name=\"twitter:card\" content=\"summary_large_image\" \/>\n<meta name=\"twitter:label1\" content=\"Est. reading time\" \/>\n\t<meta name=\"twitter:data1\" content=\"1 minuto\" \/>\n<script type=\"application\/ld+json\" class=\"yoast-schema-graph\">{\"@context\":\"https:\/\/schema.org\",\"@graph\":[{\"@type\":\"WebPage\",\"@id\":\"https:\/\/www.colorflyprinting.com\/faq\/\",\"url\":\"https:\/\/www.colorflyprinting.com\/faq\/\",\"name\":\"FAQ - colorflyprinting\",\"isPartOf\":{\"@id\":\"https:\/\/www.colorflyprinting.com\/#website\"},\"datePublished\":\"2025-04-17T22:08:46+00:00\",\"breadcrumb\":{\"@id\":\"https:\/\/www.colorflyprinting.com\/faq\/#breadcrumb\"},\"inLanguage\":\"es-CR\",\"potentialAction\":[{\"@type\":\"ReadAction\",\"target\":[\"https:\/\/www.colorflyprinting.com\/faq\/\"]}]},{\"@type\":\"BreadcrumbList\",\"@id\":\"https:\/\/www.colorflyprinting.com\/faq\/#breadcrumb\",\"itemListElement\":[{\"@type\":\"ListItem\",\"position\":1,\"name\":\"Home\",\"item\":\"https:\/\/www.colorflyprinting.com\/\"},{\"@type\":\"ListItem\",\"position\":2,\"name\":\"FAQ\"}]},{\"@type\":\"WebSite\",\"@id\":\"https:\/\/www.colorflyprinting.com\/#website\",\"url\":\"https:\/\/www.colorflyprinting.com\/\",\"name\":\"Hefei Colorfly Stationery Co.,Ltd.\",\"description\":\"\",\"publisher\":{\"@id\":\"https:\/\/www.colorflyprinting.com\/#organization\"},\"potentialAction\":[{\"@type\":\"SearchAction\",\"target\":{\"@type\":\"EntryPoint\",\"urlTemplate\":\"https:\/\/www.colorflyprinting.com\/?s={search_term_string}\"},\"query-input\":{\"@type\":\"PropertyValueSpecification\",\"valueRequired\":true,\"valueName\":\"search_term_string\"}}],\"inLanguage\":\"es-CR\"},{\"@type\":\"Organization\",\"@id\":\"https:\/\/www.colorflyprinting.com\/#organization\",\"name\":\"Hefei Colorfly Stationery Co.,Ltd.\",\"url\":\"https:\/\/www.colorflyprinting.com\/\",\"logo\":{\"@type\":\"ImageObject\",\"inLanguage\":\"es-CR\",\"@id\":\"https:\/\/www.colorflyprinting.com\/#\/schema\/logo\/image\/\",\"url\":\"https:\/\/www.colorflyprinting.com\/wp-content\/uploads\/2025\/04\/d167665f943610681229e2f4307b9df.jpg\",\"contentUrl\":\"https:\/\/www.colorflyprinting.com\/wp-content\/uploads\/2025\/04\/d167665f943610681229e2f4307b9df.jpg\",\"width\":780,\"height\":780,\"caption\":\"Hefei Colorfly Stationery Co.,Ltd.\"},\"image\":{\"@id\":\"https:\/\/www.colorflyprinting.com\/#\/schema\/logo\/image\/\"}}]}<\/script>\n<!-- \/ Yoast SEO Premium plugin. -->","yoast_head_json":{"title":"FAQ - colorflyprinting","robots":{"index":"index","follow":"follow","max-snippet":"max-snippet:-1","max-image-preview":"max-image-preview:large","max-video-preview":"max-video-preview:-1"},"canonical":"https:\/\/www.colorflyprinting.com\/es\/preguntas-frecuentes\/","og_locale":"es_ES","og_type":"article","og_title":"FAQ","og_description":"1. What is the price ? The price is decided by 7 factors: Material , Size, Color , Finishing ,","og_url":"https:\/\/www.colorflyprinting.com\/es\/preguntas-frecuentes\/","og_site_name":"colorflyprinting","twitter_card":"summary_large_image","twitter_misc":{"Est. reading time":"1 minuto"},"schema":{"@context":"https:\/\/schema.org","@graph":[{"@type":"WebPage","@id":"https:\/\/www.colorflyprinting.com\/faq\/","url":"https:\/\/www.colorflyprinting.com\/faq\/","name":"FAQ - colorflyprinting","isPartOf":{"@id":"https:\/\/www.colorflyprinting.com\/#website"},"datePublished":"2025-04-17T22:08:46+00:00","breadcrumb":{"@id":"https:\/\/www.colorflyprinting.com\/faq\/#breadcrumb"},"inLanguage":"es-CR","potentialAction":[{"@type":"ReadAction","target":["https:\/\/www.colorflyprinting.com\/faq\/"]}]},{"@type":"BreadcrumbList","@id":"https:\/\/www.colorflyprinting.com\/faq\/#breadcrumb","itemListElement":[{"@type":"ListItem","position":1,"name":"Home","item":"https:\/\/www.colorflyprinting.com\/"},{"@type":"ListItem","position":2,"name":"FAQ"}]},{"@type":"WebSite","@id":"https:\/\/www.colorflyprinting.com\/#website","url":"https:\/\/www.colorflyprinting.com\/","name":"Hefei Colorfly Stationery Co.,Ltd.","description":"","publisher":{"@id":"https:\/\/www.colorflyprinting.com\/#organization"},"potentialAction":[{"@type":"SearchAction","target":{"@type":"EntryPoint","urlTemplate":"https:\/\/www.colorflyprinting.com\/?s={search_term_string}"},"query-input":{"@type":"PropertyValueSpecification","valueRequired":true,"valueName":"search_term_string"}}],"inLanguage":"es-CR"},{"@type":"Organization","@id":"https:\/\/www.colorflyprinting.com\/#organization","name":"Hefei Colorfly Stationery Co.,Ltd.","url":"https:\/\/www.colorflyprinting.com\/","logo":{"@type":"ImageObject","inLanguage":"es-CR","@id":"https:\/\/www.colorflyprinting.com\/#\/schema\/logo\/image\/","url":"https:\/\/www.colorflyprinting.com\/wp-content\/uploads\/2025\/04\/d167665f943610681229e2f4307b9df.jpg","contentUrl":"https:\/\/www.colorflyprinting.com\/wp-content\/uploads\/2025\/04\/d167665f943610681229e2f4307b9df.jpg","width":780,"height":780,"caption":"Hefei Colorfly Stationery Co.,Ltd."},"image":{"@id":"https:\/\/www.colorflyprinting.com\/#\/schema\/logo\/image\/"}}]}},"_links":{"self":[{"href":"https:\/\/www.colorflyprinting.com\/es\/wp-json\/wp\/v2\/pages\/9660","targetHints":{"allow":["GET"]}}],"collection":[{"href":"https:\/\/www.colorflyprinting.com\/es\/wp-json\/wp\/v2\/pages"}],"about":[{"href":"https:\/\/www.colorflyprinting.com\/es\/wp-json\/wp\/v2\/types\/page"}],"author":[{"embeddable":true,"href":"https:\/\/www.colorflyprinting.com\/es\/wp-json\/wp\/v2\/users\/1"}],"replies":[{"embeddable":true,"href":"https:\/\/www.colorflyprinting.com\/es\/wp-json\/wp\/v2\/comments?post=9660"}],"version-history":[{"count":0,"href":"https:\/\/www.colorflyprinting.com\/es\/wp-json\/wp\/v2\/pages\/9660\/revisions"}],"wp:attachment":[{"href":"https:\/\/www.colorflyprinting.com\/es\/wp-json\/wp\/v2\/media?parent=9660"}],"curies":[{"name":"wp","href":"https:\/\/api.w.org\/{rel}","templated":true}]}}