{"id":3,"date":"2025-02-24T03:14:36","date_gmt":"2025-02-24T03:14:36","guid":{"rendered":"https:\/\/cy.weboho.com\/?page_id=3"},"modified":"2025-04-17T22:07:28","modified_gmt":"2025-04-17T22:07:28","slug":"privacy-policy","status":"publish","type":"page","link":"https:\/\/www.colorflyprinting.com\/es\/politica-de-privacidad\/","title":{"rendered":"pol\u00edtica de privacidad"},"content":{"rendered":"<p>Nuestra pol\u00edtica de seguridad<\/p>\r\n<p>&nbsp;<\/p>\r\n<p>Como fabricante de libros con casi 6 a\u00f1os de trayectoria, Colorfly Printing se enorgullece de ser impresor, ya que ayudamos a crear productos de gran calidad. Sin embargo, hemos observado que algunos clientes nuevos tienen diferentes inquietudes al imprimir con nosotros por primera vez. A continuaci\u00f3n, se detalla nuestra pol\u00edtica de seguridad:<\/p>\r\n<p>&nbsp;<\/p>\r\n<p>\u2022 Colorfly Printing cuenta con un estricto sistema de gesti\u00f3n de datos inform\u00e1ticos, que protege la informaci\u00f3n de los clientes del uso no autorizado por parte de terceros.<\/p>\r\n<p>\u2022 Nunca compartiremos sus datos de contacto con otras personas sin su permiso.<\/p>\r\n<p>\u2022 Cualquier muestra que nos env\u00ede le ser\u00e1 devuelta si es necesario.<\/p>\r\n<p>\u2022 La cantidad final de entrega ser\u00e1 al menos 1% m\u00e1s que el pedido en caso de que se produzca alg\u00fan da\u00f1o durante el env\u00edo.<\/p>\r\n<p>\u2022 No le bombardearemos con correos electr\u00f3nicos ni con literatura electr\u00f3nica.<\/p>\r\n<p>\u2022 Todo el papel que utilizamos es reciclado.<\/p>\r\n<p>\u2022 La tinta que utilizamos es de primera calidad, elaborada con soja o aceite vegetal.<\/p>\r\n<p>&nbsp;<\/p>\r\n<p>Nuestra pol\u00edtica es brindar servicios de impresi\u00f3n de libros flexibles y de alta calidad a clientes de todo el mundo con entrega a tiempo y costos de f\u00e1brica competitivos.<\/p>","protected":false},"excerpt":{"rendered":"<p>Our\u00a0Security\u00a0Policy &nbsp; Being a book manufacturer with almost 6 years history, Colorfly Printing is proud of being a printer because<\/p>","protected":false},"author":1,"featured_media":0,"parent":0,"menu_order":0,"comment_status":"closed","ping_status":"open","template":"","meta":{"footnotes":""},"class_list":["post-3","page","type-page","status-publish","hentry"],"yoast_head":"<!-- This site is optimized with the Yoast SEO Premium plugin v23.9 (Yoast SEO v25.2) - https:\/\/yoast.com\/wordpress\/plugins\/seo\/ -->\n<title>Privacy Policy - colorflyprinting<\/title>\n<meta name=\"robots\" content=\"index, follow, max-snippet:-1, max-image-preview:large, max-video-preview:-1\" \/>\n<link rel=\"canonical\" href=\"https:\/\/www.colorflyprinting.com\/es\/politica-de-privacidad\/\" \/>\n<meta property=\"og:locale\" content=\"es_ES\" \/>\n<meta property=\"og:type\" content=\"article\" \/>\n<meta property=\"og:title\" content=\"Privacy Policy\" \/>\n<meta property=\"og:description\" content=\"Our\u00a0Security\u00a0Policy &nbsp; Being a book manufacturer with almost 6 years history, Colorfly Printing is proud of being a printer because\" \/>\n<meta property=\"og:url\" content=\"https:\/\/www.colorflyprinting.com\/es\/politica-de-privacidad\/\" \/>\n<meta property=\"og:site_name\" content=\"colorflyprinting\" \/>\n<meta property=\"article:modified_time\" content=\"2025-04-17T22:07:28+00:00\" \/>\n<meta name=\"twitter:card\" content=\"summary_large_image\" \/>\n<meta name=\"twitter:label1\" content=\"Est. reading time\" \/>\n\t<meta name=\"twitter:data1\" content=\"1 minuto\" \/>\n<script type=\"application\/ld+json\" class=\"yoast-schema-graph\">{\"@context\":\"https:\/\/schema.org\",\"@graph\":[{\"@type\":\"WebPage\",\"@id\":\"https:\/\/www.colorflyprinting.com\/privacy-policy\/\",\"url\":\"https:\/\/www.colorflyprinting.com\/privacy-policy\/\",\"name\":\"Privacy Policy - colorflyprinting\",\"isPartOf\":{\"@id\":\"https:\/\/www.colorflyprinting.com\/#website\"},\"datePublished\":\"2025-02-24T03:14:36+00:00\",\"dateModified\":\"2025-04-17T22:07:28+00:00\",\"breadcrumb\":{\"@id\":\"https:\/\/www.colorflyprinting.com\/privacy-policy\/#breadcrumb\"},\"inLanguage\":\"es-CR\",\"potentialAction\":[{\"@type\":\"ReadAction\",\"target\":[\"https:\/\/www.colorflyprinting.com\/privacy-policy\/\"]}]},{\"@type\":\"BreadcrumbList\",\"@id\":\"https:\/\/www.colorflyprinting.com\/privacy-policy\/#breadcrumb\",\"itemListElement\":[{\"@type\":\"ListItem\",\"position\":1,\"name\":\"Home\",\"item\":\"https:\/\/www.colorflyprinting.com\/\"},{\"@type\":\"ListItem\",\"position\":2,\"name\":\"Privacy Policy\"}]},{\"@type\":\"WebSite\",\"@id\":\"https:\/\/www.colorflyprinting.com\/#website\",\"url\":\"https:\/\/www.colorflyprinting.com\/\",\"name\":\"Hefei Colorfly Stationery Co.,Ltd.\",\"description\":\"\",\"publisher\":{\"@id\":\"https:\/\/www.colorflyprinting.com\/#organization\"},\"potentialAction\":[{\"@type\":\"SearchAction\",\"target\":{\"@type\":\"EntryPoint\",\"urlTemplate\":\"https:\/\/www.colorflyprinting.com\/?s={search_term_string}\"},\"query-input\":{\"@type\":\"PropertyValueSpecification\",\"valueRequired\":true,\"valueName\":\"search_term_string\"}}],\"inLanguage\":\"es-CR\"},{\"@type\":\"Organization\",\"@id\":\"https:\/\/www.colorflyprinting.com\/#organization\",\"name\":\"Hefei Colorfly Stationery Co.,Ltd.\",\"url\":\"https:\/\/www.colorflyprinting.com\/\",\"logo\":{\"@type\":\"ImageObject\",\"inLanguage\":\"es-CR\",\"@id\":\"https:\/\/www.colorflyprinting.com\/#\/schema\/logo\/image\/\",\"url\":\"https:\/\/www.colorflyprinting.com\/wp-content\/uploads\/2025\/04\/d167665f943610681229e2f4307b9df.jpg\",\"contentUrl\":\"https:\/\/www.colorflyprinting.com\/wp-content\/uploads\/2025\/04\/d167665f943610681229e2f4307b9df.jpg\",\"width\":780,\"height\":780,\"caption\":\"Hefei Colorfly Stationery Co.,Ltd.\"},\"image\":{\"@id\":\"https:\/\/www.colorflyprinting.com\/#\/schema\/logo\/image\/\"}}]}<\/script>\n<!-- \/ Yoast SEO Premium plugin. -->","yoast_head_json":{"title":"Privacy Policy - colorflyprinting","robots":{"index":"index","follow":"follow","max-snippet":"max-snippet:-1","max-image-preview":"max-image-preview:large","max-video-preview":"max-video-preview:-1"},"canonical":"https:\/\/www.colorflyprinting.com\/es\/politica-de-privacidad\/","og_locale":"es_ES","og_type":"article","og_title":"Privacy Policy","og_description":"Our\u00a0Security\u00a0Policy &nbsp; Being a book manufacturer with almost 6 years history, Colorfly Printing is proud of being a printer because","og_url":"https:\/\/www.colorflyprinting.com\/es\/politica-de-privacidad\/","og_site_name":"colorflyprinting","article_modified_time":"2025-04-17T22:07:28+00:00","twitter_card":"summary_large_image","twitter_misc":{"Est. reading time":"1 minuto"},"schema":{"@context":"https:\/\/schema.org","@graph":[{"@type":"WebPage","@id":"https:\/\/www.colorflyprinting.com\/privacy-policy\/","url":"https:\/\/www.colorflyprinting.com\/privacy-policy\/","name":"Privacy Policy - colorflyprinting","isPartOf":{"@id":"https:\/\/www.colorflyprinting.com\/#website"},"datePublished":"2025-02-24T03:14:36+00:00","dateModified":"2025-04-17T22:07:28+00:00","breadcrumb":{"@id":"https:\/\/www.colorflyprinting.com\/privacy-policy\/#breadcrumb"},"inLanguage":"es-CR","potentialAction":[{"@type":"ReadAction","target":["https:\/\/www.colorflyprinting.com\/privacy-policy\/"]}]},{"@type":"BreadcrumbList","@id":"https:\/\/www.colorflyprinting.com\/privacy-policy\/#breadcrumb","itemListElement":[{"@type":"ListItem","position":1,"name":"Home","item":"https:\/\/www.colorflyprinting.com\/"},{"@type":"ListItem","position":2,"name":"Privacy Policy"}]},{"@type":"WebSite","@id":"https:\/\/www.colorflyprinting.com\/#website","url":"https:\/\/www.colorflyprinting.com\/","name":"Hefei Colorfly Stationery Co.,Ltd.","description":"","publisher":{"@id":"https:\/\/www.colorflyprinting.com\/#organization"},"potentialAction":[{"@type":"SearchAction","target":{"@type":"EntryPoint","urlTemplate":"https:\/\/www.colorflyprinting.com\/?s={search_term_string}"},"query-input":{"@type":"PropertyValueSpecification","valueRequired":true,"valueName":"search_term_string"}}],"inLanguage":"es-CR"},{"@type":"Organization","@id":"https:\/\/www.colorflyprinting.com\/#organization","name":"Hefei Colorfly Stationery Co.,Ltd.","url":"https:\/\/www.colorflyprinting.com\/","logo":{"@type":"ImageObject","inLanguage":"es-CR","@id":"https:\/\/www.colorflyprinting.com\/#\/schema\/logo\/image\/","url":"https:\/\/www.colorflyprinting.com\/wp-content\/uploads\/2025\/04\/d167665f943610681229e2f4307b9df.jpg","contentUrl":"https:\/\/www.colorflyprinting.com\/wp-content\/uploads\/2025\/04\/d167665f943610681229e2f4307b9df.jpg","width":780,"height":780,"caption":"Hefei Colorfly Stationery Co.,Ltd."},"image":{"@id":"https:\/\/www.colorflyprinting.com\/#\/schema\/logo\/image\/"}}]}},"_links":{"self":[{"href":"https:\/\/www.colorflyprinting.com\/es\/wp-json\/wp\/v2\/pages\/3","targetHints":{"allow":["GET"]}}],"collection":[{"href":"https:\/\/www.colorflyprinting.com\/es\/wp-json\/wp\/v2\/pages"}],"about":[{"href":"https:\/\/www.colorflyprinting.com\/es\/wp-json\/wp\/v2\/types\/page"}],"author":[{"embeddable":true,"href":"https:\/\/www.colorflyprinting.com\/es\/wp-json\/wp\/v2\/users\/1"}],"replies":[{"embeddable":true,"href":"https:\/\/www.colorflyprinting.com\/es\/wp-json\/wp\/v2\/comments?post=3"}],"version-history":[{"count":0,"href":"https:\/\/www.colorflyprinting.com\/es\/wp-json\/wp\/v2\/pages\/3\/revisions"}],"wp:attachment":[{"href":"https:\/\/www.colorflyprinting.com\/es\/wp-json\/wp\/v2\/media?parent=3"}],"curies":[{"name":"wp","href":"https:\/\/api.w.org\/{rel}","templated":true}]}}