{"id":18780,"date":"2025-09-20T07:50:59","date_gmt":"2025-09-20T07:50:59","guid":{"rendered":"https:\/\/www.colorflyprinting.com\/?post_type=product&#038;p=18780"},"modified":"2025-09-20T07:51:02","modified_gmt":"2025-09-20T07:51:02","slug":"double-spiral-notebook-custom-printed-hardcover-for-corporate-gifts","status":"publish","type":"product","link":"https:\/\/www.colorflyprinting.com\/de\/produkt\/double-spiral-notebook-custom-printed-hardcover-for-corporate-gifts\/","title":{"rendered":"Double Spiral Notebook &#8211; Custom Printed Hardcover for Corporate Gifts"},"content":{"rendered":"<div class=\"J_module\">\n<h3 id=\"ali-anchor-AliMagic-5xuqwq\" class=\"magic-0\" data-section=\"AliMagic-5xuqwq\" data-section-title=\"Product Description\" data-spm-anchor-id=\"a2700.details-description.0.i0.6ebcBfVgBfVgYu\">Produktbeschreibung<\/h3>\n<\/div>\n<div class=\"J_module\">\n<div class=\"ife-detail-decorate-table\">\n<table class=\"has-title hight-light-first-column all magic-1\" style=\"height: 351px;\" width=\"900\">\n<tbody>\n<tr>\n<td colspan=\"1\" rowspan=\"1\">\n<div class=\"magic-2\">Produktname<\/div>\n<\/td>\n<td colspan=\"5\" rowspan=\"1\">\n<div class=\"magic-3\">\n<div data-spm-anchor-id=\"0.0.0.i3.59844f05Z16MVb\"><a href=\"https:\/\/www.colorflyprinting.com\/de\/guide-custom-logo-spiral-notebooks\/\">Spiralblock<\/a><\/div>\n<\/div>\n<\/td>\n<\/tr>\n<tr>\n<td colspan=\"1\" rowspan=\"1\">\n<div class=\"magic-2\">Seiten<\/div>\n<\/td>\n<td colspan=\"5\" rowspan=\"1\">\n<div class=\"magic-3\">\n<div data-spm-anchor-id=\"0.0.0.i13.59844f05Z16MVb\">200\/300 sheets \/ customized<\/div>\n<\/div>\n<\/td>\n<\/tr>\n<tr>\n<td colspan=\"1\" rowspan=\"1\">\n<div class=\"magic-2\">Gr\u00f6\u00dfe<\/div>\n<\/td>\n<td colspan=\"5\" rowspan=\"1\">\n<div class=\"magic-3\">A4 \/\u00a0<span class=\"magic-8\" data-spm-anchor-id=\"a2700.pc-decorate.0.i13.2a9833339Qv1tq\">A5<\/span>\u00a0\/\u00a0<b>21*29.7 cm<\/b>\u00a0\/\u00a0<span class=\"magic-8\" data-spm-anchor-id=\"a2700.siteadmin.0.i1.5a3aac40q3OITJ\">14*16cm<\/span>\u00a0\/16.5*21.5cm \/<b data-spm-anchor-id=\"a2700.siteadmin.0.i9.7dbcac40hV6uRY\">\u00a0<\/b><span data-spm-anchor-id=\"a2700.siteadmin.0.i9.7dbcac40hV6uRY\">18*24cm\u00a0<\/span>\/<b>individuell<\/b><\/div>\n<\/td>\n<\/tr>\n<tr>\n<td colspan=\"1\" rowspan=\"1\">\n<div class=\"magic-2\">Bezugsmaterial<\/div>\n<\/td>\n<td colspan=\"5\" rowspan=\"1\">\n<div class=\"magic-3\"><span data-spm-anchor-id=\"a2700.siteadmin.0.i3.2c2cac408m8z7C\">Offsetpapier<\/span>\/\u00a0<span data-spm-anchor-id=\"a2700.siteadmin.0.i5.3695ac409PucPs\"><span class=\"magic-8\" data-spm-anchor-id=\"a2700.siteadmin.0.i2.5a3aac40q3OITJ\">Elfenbeinkarton<\/span>\u00a0<\/span>\/ PP \/\u00a0<b>2mm Grey cardboard<\/b><\/div>\n<\/td>\n<\/tr>\n<tr>\n<td colspan=\"1\" rowspan=\"1\">\n<div class=\"magic-2\">Covergestaltung<\/div>\n<\/td>\n<td colspan=\"5\" rowspan=\"1\">\n<div class=\"magic-9\">Akzeptieren Sie Ihr Logo und Design mit Vollfarbdruck<\/div>\n<\/td>\n<\/tr>\n<tr>\n<td colspan=\"1\" rowspan=\"1\">\n<div class=\"magic-2\">Innen bedruckt<\/div>\n<\/td>\n<td colspan=\"5\" rowspan=\"1\">\n<div class=\"magic-9\"><span data-spm-anchor-id=\"a2700.pc-decorate.0.i6.2a9833339Qv1tq\">Lineatur (Einzellinie)<\/span>\u00a0\/\u00a0<span class=\"magic-8\" data-spm-anchor-id=\"a2700.siteadmin.0.i7.5090ac40bUufpA\">Franz\u00f6sische Linie<\/span>\u00a0\/\u00a0<b>Arabische Linie<\/b>\u00a0\/<b>\u00a0<\/b><span data-spm-anchor-id=\"a2700.siteadmin.0.i11.7dbcac40hV6uRY\">Kariert\u00a0<\/span>\/\u00a0<span data-spm-anchor-id=\"a2700.siteadmin.0.i6.2c2cac408m8z7C\">Doppellinie<\/span>\/ 4 Zeilen Englisch<\/div>\n<\/td>\n<\/tr>\n<tr>\n<td colspan=\"1\" rowspan=\"1\">\n<div class=\"magic-2\">Innenpapier GSM<\/div>\n<\/td>\n<td colspan=\"5\" rowspan=\"1\">\n<div class=\"magic-9\">55 \/\u00a0<b>60<\/b>\u00a0\/ 70 \/ 80 g\/m\u00b2<\/div>\n<\/td>\n<\/tr>\n<tr>\n<td colspan=\"1\" rowspan=\"1\">\n<div class=\"magic-2\">Verwendung<\/div>\n<\/td>\n<td colspan=\"5\" rowspan=\"1\">\n<div class=\"magic-9\">Schule \/ B\u00fcro \/ Geschenk<\/div>\n<\/td>\n<\/tr>\n<tr>\n<td colspan=\"1\" rowspan=\"1\">\n<div class=\"magic-2\">Verpackung<\/div>\n<\/td>\n<td colspan=\"5\" rowspan=\"1\">\n<div class=\"magic-9\">Schrumpfbeutel \/ Opp-Beutel &amp; Standard-Exportkarton<\/div>\n<\/td>\n<\/tr>\n<tr>\n<td colspan=\"1\" rowspan=\"1\">\n<div class=\"magic-2\">HS-Code<\/div>\n<\/td>\n<td colspan=\"5\" rowspan=\"1\">\n<div class=\"magic-9\">\n<div class=\"magic-14\" data-spm-anchor-id=\"0.0.0.i72.59844f058KU4GW\">48202000<\/div>\n<\/div>\n<\/td>\n<\/tr>\n<tr>\n<td colspan=\"1\" rowspan=\"1\">\n<div class=\"magic-2\">Beispielzeit<\/div>\n<\/td>\n<td colspan=\"5\" rowspan=\"1\">\n<div class=\"magic-9\">Das Muster ist kostenlos und wird Ihnen innerhalb eines Tages nach Best\u00e4tigung der Spezifikationen zugesandt.<\/div>\n<\/td>\n<\/tr>\n<tr>\n<td colspan=\"1\" rowspan=\"1\">\n<div class=\"magic-2\">Lieferdetails<\/div>\n<\/td>\n<td colspan=\"5\" rowspan=\"1\">\n<div class=\"magic-9\">Etwa 25 Tage nach Eingang Ihrer Anzahlung.<\/div>\n<\/td>\n<\/tr>\n<\/tbody>\n<\/table>\n<\/div>\n<\/div>\n<div class=\"J_module\">\n<div class=\"detail-decorate-json-renderer-container\">\n<div class=\"magic-15\">\n<div class=\"magic-16\">\n<div class=\"magic-17\">\n<div class=\"magic-18\"><b><\/b><b>NOTIZ<\/b>: Wir sind ein professioneller Hersteller von Notizb\u00fcchern und Schulheften.<\/p>\n<div>Hier steht Ihnen eine gro\u00dfe Auswahl an Notizb\u00fcchern zur Verf\u00fcgung.<br \/>\n<b>F\u00fcr alle oben genannten Spezifikationen akzeptieren wir individuelle Anpassungen.<\/b><\/div>\n<\/div>\n<\/div>\n<\/div>\n<\/div>\n<\/div>\n<\/div>","protected":false},"excerpt":{"rendered":"<p class=\"ds-markdown-paragraph\">Meet your next standout corporate gift: double-wire spiral notebooks with custom printed hardcovers. These aren&#8217;t your average notepads\u2014they&#8217;re built with 2mm grey cardboard covers, hold 200-300 sheets of smooth 60gsm paper, and open flat thanks to durable spiral binding.<\/p>\n<p class=\"ds-markdown-paragraph\">We print your logo or design in vibrant full color on the cover. Choose from ruled, squared, or even custom inner pages. Order 20,000+ units for just $0.35 each (prices drop to $0.33 for 30,000+). Free samples available to check quality firsthand.<\/p>","protected":false},"featured_media":18778,"comment_status":"open","ping_status":"closed","template":"","meta":[],"product_brand":[],"product_cat":[392],"product_tag":[822,823],"class_list":{"0":"post-18780","1":"product","2":"type-product","3":"status-publish","4":"has-post-thumbnail","6":"product_cat-spiral-notebook","7":"product_tag-double-spiral-notebooks","8":"product_tag-spiral-notebooks","10":"first","11":"instock","12":"shipping-taxable","13":"product-type-simple"},"yoast_head":"<!-- This site is optimized with the Yoast SEO Premium plugin v23.9 (Yoast SEO v25.2) - https:\/\/yoast.com\/wordpress\/plugins\/seo\/ -->\n<title>Double Spiral Notebooks - Custom Printed Corporate Gifts<\/title>\n<meta name=\"description\" content=\"Double spiral notebooks - custom printed hardcover corporate gifts. Bulk pricing from $0.33. MOQ 20,000pcs. Free samples. Get custom quote.\" \/>\n<meta name=\"robots\" content=\"index, follow, max-snippet:-1, max-image-preview:large, max-video-preview:-1\" \/>\n<link rel=\"canonical\" href=\"https:\/\/www.colorflyprinting.com\/de\/produkt\/double-spiral-notebook-custom-printed-hardcover-for-corporate-gifts\/\" \/>\n<meta property=\"og:locale\" content=\"de_DE\" \/>\n<meta property=\"og:type\" content=\"article\" \/>\n<meta property=\"og:title\" content=\"Double Spiral Notebook - Custom Printed Hardcover for Corporate Gifts\" \/>\n<meta property=\"og:description\" content=\"Double spiral notebooks - custom printed hardcover corporate gifts. Bulk pricing from $0.33. MOQ 20,000pcs. Free samples. Get custom quote.\" \/>\n<meta property=\"og:url\" content=\"https:\/\/www.colorflyprinting.com\/de\/produkt\/double-spiral-notebook-custom-printed-hardcover-for-corporate-gifts\/\" \/>\n<meta property=\"og:site_name\" content=\"colorflyprinting\" \/>\n<meta property=\"article:modified_time\" content=\"2025-09-20T07:51:02+00:00\" \/>\n<meta property=\"og:image\" content=\"https:\/\/www.colorflyprinting.com\/wp-content\/uploads\/2025\/09\/H49eab6b098ce4361b1d52ef03a813671b.jpg\" \/>\n\t<meta property=\"og:image:width\" content=\"800\" \/>\n\t<meta property=\"og:image:height\" content=\"800\" \/>\n\t<meta property=\"og:image:type\" content=\"image\/jpeg\" \/>\n<meta name=\"twitter:card\" content=\"summary_large_image\" \/>\n<meta name=\"twitter:label1\" content=\"Gesch\u00e4tzte Lesezeit\" \/>\n\t<meta name=\"twitter:data1\" content=\"1\u00a0Minute\" \/>\n<script type=\"application\/ld+json\" class=\"yoast-schema-graph\">{\"@context\":\"https:\/\/schema.org\",\"@graph\":[{\"@type\":\"WebPage\",\"@id\":\"https:\/\/www.colorflyprinting.com\/product\/double-spiral-notebook-custom-printed-hardcover-for-corporate-gifts\/\",\"url\":\"https:\/\/www.colorflyprinting.com\/product\/double-spiral-notebook-custom-printed-hardcover-for-corporate-gifts\/\",\"name\":\"Double Spiral Notebooks - Custom Printed Corporate Gifts\",\"isPartOf\":{\"@id\":\"https:\/\/www.colorflyprinting.com\/#website\"},\"primaryImageOfPage\":{\"@id\":\"https:\/\/www.colorflyprinting.com\/product\/double-spiral-notebook-custom-printed-hardcover-for-corporate-gifts\/#primaryimage\"},\"image\":{\"@id\":\"https:\/\/www.colorflyprinting.com\/product\/double-spiral-notebook-custom-printed-hardcover-for-corporate-gifts\/#primaryimage\"},\"thumbnailUrl\":\"https:\/\/www.colorflyprinting.com\/wp-content\/uploads\/2025\/09\/H49eab6b098ce4361b1d52ef03a813671b.jpg\",\"datePublished\":\"2025-09-20T07:50:59+00:00\",\"dateModified\":\"2025-09-20T07:51:02+00:00\",\"description\":\"Double spiral notebooks - custom printed hardcover corporate gifts. Bulk pricing from $0.33. MOQ 20,000pcs. Free samples. Get custom quote.\",\"breadcrumb\":{\"@id\":\"https:\/\/www.colorflyprinting.com\/product\/double-spiral-notebook-custom-printed-hardcover-for-corporate-gifts\/#breadcrumb\"},\"inLanguage\":\"de\",\"potentialAction\":[{\"@type\":\"ReadAction\",\"target\":[\"https:\/\/www.colorflyprinting.com\/product\/double-spiral-notebook-custom-printed-hardcover-for-corporate-gifts\/\"]}]},{\"@type\":\"ImageObject\",\"inLanguage\":\"de\",\"@id\":\"https:\/\/www.colorflyprinting.com\/product\/double-spiral-notebook-custom-printed-hardcover-for-corporate-gifts\/#primaryimage\",\"url\":\"https:\/\/www.colorflyprinting.com\/wp-content\/uploads\/2025\/09\/H49eab6b098ce4361b1d52ef03a813671b.jpg\",\"contentUrl\":\"https:\/\/www.colorflyprinting.com\/wp-content\/uploads\/2025\/09\/H49eab6b098ce4361b1d52ef03a813671b.jpg\",\"width\":800,\"height\":800},{\"@type\":\"BreadcrumbList\",\"@id\":\"https:\/\/www.colorflyprinting.com\/product\/double-spiral-notebook-custom-printed-hardcover-for-corporate-gifts\/#breadcrumb\",\"itemListElement\":[{\"@type\":\"ListItem\",\"position\":1,\"name\":\"Home\",\"item\":\"https:\/\/www.colorflyprinting.com\/\"},{\"@type\":\"ListItem\",\"position\":2,\"name\":\"Product\",\"item\":\"https:\/\/www.colorflyprinting.com\/shop\/\"},{\"@type\":\"ListItem\",\"position\":3,\"name\":\"Double Spiral Notebook &#8211; Custom Printed Hardcover for Corporate Gifts\"}]},{\"@type\":\"WebSite\",\"@id\":\"https:\/\/www.colorflyprinting.com\/#website\",\"url\":\"https:\/\/www.colorflyprinting.com\/\",\"name\":\"Hefei Colorfly Stationery Co.,Ltd.\",\"description\":\"\",\"publisher\":{\"@id\":\"https:\/\/www.colorflyprinting.com\/#organization\"},\"potentialAction\":[{\"@type\":\"SearchAction\",\"target\":{\"@type\":\"EntryPoint\",\"urlTemplate\":\"https:\/\/www.colorflyprinting.com\/?s={search_term_string}\"},\"query-input\":{\"@type\":\"PropertyValueSpecification\",\"valueRequired\":true,\"valueName\":\"search_term_string\"}}],\"inLanguage\":\"de\"},{\"@type\":\"Organization\",\"@id\":\"https:\/\/www.colorflyprinting.com\/#organization\",\"name\":\"Hefei Colorfly Stationery Co.,Ltd.\",\"url\":\"https:\/\/www.colorflyprinting.com\/\",\"logo\":{\"@type\":\"ImageObject\",\"inLanguage\":\"de\",\"@id\":\"https:\/\/www.colorflyprinting.com\/#\/schema\/logo\/image\/\",\"url\":\"https:\/\/www.colorflyprinting.com\/wp-content\/uploads\/2025\/04\/d167665f943610681229e2f4307b9df.jpg\",\"contentUrl\":\"https:\/\/www.colorflyprinting.com\/wp-content\/uploads\/2025\/04\/d167665f943610681229e2f4307b9df.jpg\",\"width\":780,\"height\":780,\"caption\":\"Hefei Colorfly Stationery Co.,Ltd.\"},\"image\":{\"@id\":\"https:\/\/www.colorflyprinting.com\/#\/schema\/logo\/image\/\"}}]}<\/script>\n<!-- \/ Yoast SEO Premium plugin. -->","yoast_head_json":{"title":"Double Spiral Notebooks - Custom Printed Corporate Gifts","description":"Double spiral notebooks - custom printed hardcover corporate gifts. Bulk pricing from $0.33. MOQ 20,000pcs. Free samples. Get custom quote.","robots":{"index":"index","follow":"follow","max-snippet":"max-snippet:-1","max-image-preview":"max-image-preview:large","max-video-preview":"max-video-preview:-1"},"canonical":"https:\/\/www.colorflyprinting.com\/de\/produkt\/double-spiral-notebook-custom-printed-hardcover-for-corporate-gifts\/","og_locale":"de_DE","og_type":"article","og_title":"Double Spiral Notebook - Custom Printed Hardcover for Corporate Gifts","og_description":"Double spiral notebooks - custom printed hardcover corporate gifts. Bulk pricing from $0.33. MOQ 20,000pcs. Free samples. Get custom quote.","og_url":"https:\/\/www.colorflyprinting.com\/de\/produkt\/double-spiral-notebook-custom-printed-hardcover-for-corporate-gifts\/","og_site_name":"colorflyprinting","article_modified_time":"2025-09-20T07:51:02+00:00","og_image":[{"width":800,"height":800,"url":"https:\/\/www.colorflyprinting.com\/wp-content\/uploads\/2025\/09\/H49eab6b098ce4361b1d52ef03a813671b.jpg","type":"image\/jpeg"}],"twitter_card":"summary_large_image","twitter_misc":{"Gesch\u00e4tzte Lesezeit":"1\u00a0Minute"},"schema":{"@context":"https:\/\/schema.org","@graph":[{"@type":"WebPage","@id":"https:\/\/www.colorflyprinting.com\/product\/double-spiral-notebook-custom-printed-hardcover-for-corporate-gifts\/","url":"https:\/\/www.colorflyprinting.com\/product\/double-spiral-notebook-custom-printed-hardcover-for-corporate-gifts\/","name":"Double Spiral Notebooks - Custom Printed Corporate Gifts","isPartOf":{"@id":"https:\/\/www.colorflyprinting.com\/#website"},"primaryImageOfPage":{"@id":"https:\/\/www.colorflyprinting.com\/product\/double-spiral-notebook-custom-printed-hardcover-for-corporate-gifts\/#primaryimage"},"image":{"@id":"https:\/\/www.colorflyprinting.com\/product\/double-spiral-notebook-custom-printed-hardcover-for-corporate-gifts\/#primaryimage"},"thumbnailUrl":"https:\/\/www.colorflyprinting.com\/wp-content\/uploads\/2025\/09\/H49eab6b098ce4361b1d52ef03a813671b.jpg","datePublished":"2025-09-20T07:50:59+00:00","dateModified":"2025-09-20T07:51:02+00:00","description":"Double spiral notebooks - custom printed hardcover corporate gifts. Bulk pricing from $0.33. MOQ 20,000pcs. Free samples. Get custom quote.","breadcrumb":{"@id":"https:\/\/www.colorflyprinting.com\/product\/double-spiral-notebook-custom-printed-hardcover-for-corporate-gifts\/#breadcrumb"},"inLanguage":"de","potentialAction":[{"@type":"ReadAction","target":["https:\/\/www.colorflyprinting.com\/product\/double-spiral-notebook-custom-printed-hardcover-for-corporate-gifts\/"]}]},{"@type":"ImageObject","inLanguage":"de","@id":"https:\/\/www.colorflyprinting.com\/product\/double-spiral-notebook-custom-printed-hardcover-for-corporate-gifts\/#primaryimage","url":"https:\/\/www.colorflyprinting.com\/wp-content\/uploads\/2025\/09\/H49eab6b098ce4361b1d52ef03a813671b.jpg","contentUrl":"https:\/\/www.colorflyprinting.com\/wp-content\/uploads\/2025\/09\/H49eab6b098ce4361b1d52ef03a813671b.jpg","width":800,"height":800},{"@type":"BreadcrumbList","@id":"https:\/\/www.colorflyprinting.com\/product\/double-spiral-notebook-custom-printed-hardcover-for-corporate-gifts\/#breadcrumb","itemListElement":[{"@type":"ListItem","position":1,"name":"Home","item":"https:\/\/www.colorflyprinting.com\/"},{"@type":"ListItem","position":2,"name":"Product","item":"https:\/\/www.colorflyprinting.com\/shop\/"},{"@type":"ListItem","position":3,"name":"Double Spiral Notebook &#8211; Custom Printed Hardcover for Corporate Gifts"}]},{"@type":"WebSite","@id":"https:\/\/www.colorflyprinting.com\/#website","url":"https:\/\/www.colorflyprinting.com\/","name":"Hefei Colorfly Stationery Co.,Ltd.","description":"","publisher":{"@id":"https:\/\/www.colorflyprinting.com\/#organization"},"potentialAction":[{"@type":"SearchAction","target":{"@type":"EntryPoint","urlTemplate":"https:\/\/www.colorflyprinting.com\/?s={search_term_string}"},"query-input":{"@type":"PropertyValueSpecification","valueRequired":true,"valueName":"search_term_string"}}],"inLanguage":"de"},{"@type":"Organization","@id":"https:\/\/www.colorflyprinting.com\/#organization","name":"Hefei Colorfly Stationery Co.,Ltd.","url":"https:\/\/www.colorflyprinting.com\/","logo":{"@type":"ImageObject","inLanguage":"de","@id":"https:\/\/www.colorflyprinting.com\/#\/schema\/logo\/image\/","url":"https:\/\/www.colorflyprinting.com\/wp-content\/uploads\/2025\/04\/d167665f943610681229e2f4307b9df.jpg","contentUrl":"https:\/\/www.colorflyprinting.com\/wp-content\/uploads\/2025\/04\/d167665f943610681229e2f4307b9df.jpg","width":780,"height":780,"caption":"Hefei Colorfly Stationery Co.,Ltd."},"image":{"@id":"https:\/\/www.colorflyprinting.com\/#\/schema\/logo\/image\/"}}]}},"_links":{"self":[{"href":"https:\/\/www.colorflyprinting.com\/de\/wp-json\/wp\/v2\/product\/18780","targetHints":{"allow":["GET"]}}],"collection":[{"href":"https:\/\/www.colorflyprinting.com\/de\/wp-json\/wp\/v2\/product"}],"about":[{"href":"https:\/\/www.colorflyprinting.com\/de\/wp-json\/wp\/v2\/types\/product"}],"replies":[{"embeddable":true,"href":"https:\/\/www.colorflyprinting.com\/de\/wp-json\/wp\/v2\/comments?post=18780"}],"wp:featuredmedia":[{"embeddable":true,"href":"https:\/\/www.colorflyprinting.com\/de\/wp-json\/wp\/v2\/media\/18778"}],"wp:attachment":[{"href":"https:\/\/www.colorflyprinting.com\/de\/wp-json\/wp\/v2\/media?parent=18780"}],"wp:term":[{"taxonomy":"product_brand","embeddable":true,"href":"https:\/\/www.colorflyprinting.com\/de\/wp-json\/wp\/v2\/product_brand?post=18780"},{"taxonomy":"product_cat","embeddable":true,"href":"https:\/\/www.colorflyprinting.com\/de\/wp-json\/wp\/v2\/product_cat?post=18780"},{"taxonomy":"product_tag","embeddable":true,"href":"https:\/\/www.colorflyprinting.com\/de\/wp-json\/wp\/v2\/product_tag?post=18780"}],"curies":[{"name":"wp","href":"https:\/\/api.w.org\/{rel}","templated":true}]}}