{"id":18741,"date":"2025-09-18T02:26:26","date_gmt":"2025-09-18T02:26:26","guid":{"rendered":"https:\/\/www.colorflyprinting.com\/?post_type=product&#038;p=18741"},"modified":"2025-09-21T00:00:23","modified_gmt":"2025-09-21T00:00:23","slug":"bulk-school-exercise-books-softcover-whiteboard-paper-notebooks-for-wholesale","status":"publish","type":"product","link":"https:\/\/www.colorflyprinting.com\/de\/produkt\/bulk-school-exercise-books-softcover-whiteboard-paper-notebooks-for-wholesale\/","title":{"rendered":"Bulk School Exercise Books &#8211; Softcover Whiteboard Paper Notebooks for Wholesale"},"content":{"rendered":"<h3 id=\"ali-anchor-AliMagic-523j3u\" class=\"magic-0\" data-section=\"AliMagic-523j3u\" data-section-title=\"Product Description\" data-spm-anchor-id=\"a2700.details-description.0.i0.47d1IBOYIBOYEN\">Produktbeschreibung<\/h3>\n<div class=\"ife-detail-decorate-table\">\n<table class=\"has-title hight-light-first-column all magic-1\" style=\"height: 360px;\" width=\"872\">\n<tbody>\n<tr>\n<td colspan=\"1\" rowspan=\"1\">\n<div class=\"magic-2\">Produktname<\/div>\n<\/td>\n<td colspan=\"5\" rowspan=\"1\">\n<div class=\"magic-3\">\n<div data-spm-anchor-id=\"0.0.0.i3.59844f05Z16MVb\">Heft<\/div>\n<\/div>\n<\/td>\n<\/tr>\n<tr>\n<td colspan=\"1\" rowspan=\"1\">\n<div class=\"magic-2\">Seiten<\/div>\n<\/td>\n<td colspan=\"5\" rowspan=\"1\">\n<div class=\"magic-3\">\n<div data-spm-anchor-id=\"0.0.0.i13.59844f05Z16MVb\">48 \/ 96 \/ 192 Seiten \/ Angepasst<\/div>\n<\/div>\n<\/td>\n<\/tr>\n<tr>\n<td colspan=\"1\" rowspan=\"1\">\n<div class=\"magic-2\">Gr\u00f6\u00dfe<\/div>\n<\/td>\n<td colspan=\"5\" rowspan=\"1\">\n<div class=\"magic-3\">A4 \/ A5 \/ 21*29,7 cm \/ 14,8*21 cm \/16,5*21,5 cm \/<b>\u00a017*20cm\u00a0<\/b>\/kundenspezifisch<\/div>\n<\/td>\n<\/tr>\n<tr>\n<td colspan=\"1\" rowspan=\"1\">\n<div class=\"magic-2\">Bezugsmaterial<\/div>\n<\/td>\n<td colspan=\"5\" rowspan=\"1\">\n<div class=\"magic-3\"><span data-spm-anchor-id=\"a2700.siteadmin.0.i3.91b5ac40HoOixP\">Kunstdruckpapier (Hochglanzpapier)<\/span>\u00a0\/\u00a0<b>Elfenbeinkarton\u00a0<\/b>\/ PP \/ 2mm Graukarton<\/div>\n<\/td>\n<\/tr>\n<tr>\n<td colspan=\"1\" rowspan=\"1\">\n<div class=\"magic-2\">Covergestaltung<\/div>\n<\/td>\n<td colspan=\"5\" rowspan=\"1\">\n<div class=\"magic-8\">Akzeptieren Sie Ihr Logo und Design mit Vollfarbdruck<\/div>\n<\/td>\n<\/tr>\n<tr>\n<td colspan=\"1\" rowspan=\"1\">\n<div class=\"magic-2\">Innen bedruckt<\/div>\n<\/td>\n<td colspan=\"5\" rowspan=\"1\">\n<div class=\"magic-8\">Lineatur ( Einzellinie ) \/\u00a0<span class=\"magic-11\" data-spm-anchor-id=\"a2700.siteadmin.0.i7.5090ac40bUufpA\">Franz\u00f6sische Linie<\/span>\u00a0\/ Arabische Linie \/\u00a0<b>Kariert\u00a0<\/b>\/ Doppelzeilig\/ 4-zeilig Englisch<\/div>\n<\/td>\n<\/tr>\n<tr>\n<td colspan=\"1\" rowspan=\"1\">\n<div class=\"magic-2\">Innenpapier GSM<\/div>\n<\/td>\n<td colspan=\"5\" rowspan=\"1\">\n<div class=\"magic-8\">55 \/\u00a0<b>60<\/b>\u00a0\/ 70 \/ 80 g\/m\u00b2<\/div>\n<\/td>\n<\/tr>\n<tr>\n<td colspan=\"1\" rowspan=\"1\">\n<div class=\"magic-2\">Verwendung<\/div>\n<\/td>\n<td colspan=\"5\" rowspan=\"1\">\n<div class=\"magic-8\">Schule \/ B\u00fcro \/ Geschenk<\/div>\n<\/td>\n<\/tr>\n<tr>\n<td colspan=\"1\" rowspan=\"1\">\n<div class=\"magic-2\">Verpackung<\/div>\n<\/td>\n<td colspan=\"5\" rowspan=\"1\">\n<div class=\"magic-8\">Schrumpfbeutel &amp; Standard-Exportkarton<\/div>\n<\/td>\n<\/tr>\n<tr>\n<td colspan=\"1\" rowspan=\"1\">\n<div class=\"magic-2\">HS-Code<\/div>\n<\/td>\n<td colspan=\"5\" rowspan=\"1\">\n<div class=\"magic-8\">\n<div class=\"magic-14\" data-spm-anchor-id=\"0.0.0.i72.59844f058KU4GW\">48202000<\/div>\n<\/div>\n<\/td>\n<\/tr>\n<tr>\n<td colspan=\"1\" rowspan=\"1\">\n<div class=\"magic-2\">Beispielzeit<\/div>\n<\/td>\n<td colspan=\"5\" rowspan=\"1\">\n<div class=\"magic-8\">Das Muster ist kostenlos und wird Ihnen innerhalb eines Tages nach Best\u00e4tigung der Spezifikationen zugesandt.<\/div>\n<\/td>\n<\/tr>\n<tr>\n<td colspan=\"1\" rowspan=\"1\">\n<div class=\"magic-2\">Lieferdetails<\/div>\n<\/td>\n<td colspan=\"5\" rowspan=\"1\">\n<div class=\"magic-8\">Etwa 25 Tage nach Eingang Ihrer Anzahlung.<\/div>\n<\/td>\n<\/tr>\n<\/tbody>\n<\/table>\n<\/div>\n<div class=\"detail-decorate-json-renderer-container\">\n<div class=\"magic-15\">\n<div class=\"magic-16\">\n<div class=\"magic-17\">\n<div class=\"magic-18\"><b><\/b><b>NOTIZ<\/b>: Wir sind ein professioneller Hersteller von Notizb\u00fcchern und Schulheften.<\/p>\n<div>Hier steht Ihnen eine gro\u00dfe Auswahl an Notizb\u00fcchern zur Verf\u00fcgung.<br \/>\n<b>F\u00fcr alle oben genannten Spezifikationen akzeptieren wir individuelle Anpassungen.<\/b><\/div>\n<\/div>\n<\/div>\n<\/div>\n<\/div>\n<\/div>","protected":false},"excerpt":{"rendered":"<p class=\"ds-markdown-paragraph\"><strong>Custom Softcover Exercise Books &#8211; Bulk Wholesale Manufacturer<\/strong><\/p>\n<p class=\"ds-markdown-paragraph\">Colorfly softcover exercise books deliver classroom-ready functionality with full customization flexibility. We specialize in 17*20cm staple-bound notebooks (multiple sizes available) featuring durable white board covers with optional art paper lamination. Choose from 60GSM interior pages in ruling, squared, or 4-line English formats.<\/p>\n<p class=\"ds-markdown-paragraph\">Key advantages for bulk buyers:<\/p>\n<ul>\n<li>\n<p class=\"ds-markdown-paragraph\">MOQ 30,000 units @ $0.12\/pc (scaling to $0.08 for 100,000+ units)<\/p>\n<\/li>\n<li>\n<p class=\"ds-markdown-paragraph\">Free sample program with 1-day processing<\/p>\n<\/li>\n<li>\n<p class=\"ds-markdown-paragraph\">Custom logo printing &amp; packaging available<\/p>\n<\/li>\n<li>\n<p class=\"ds-markdown-paragraph\">25-day production turnaround with export-ready carton packaging<\/p>\n<\/li>\n<\/ul>\n<p class=\"ds-markdown-paragraph\">Ideal for: Education suppliers, promotional gift companies, and corporate branding projects. All notebooks comply with international stationery standards (HS: 48202000).<\/p>\n<p class=\"ds-markdown-paragraph\">Let&#8217;s collaborate to create your branded exercise books &#8211; request samples with your specifications today.<\/p>","protected":false},"featured_media":18745,"comment_status":"open","ping_status":"closed","template":"","meta":[],"product_brand":[],"product_cat":[21],"product_tag":[815],"class_list":{"0":"post-18741","1":"product","2":"type-product","3":"status-publish","4":"has-post-thumbnail","6":"product_cat-exercise-book","7":"product_tag-softcover-exercise-books","9":"first","10":"instock","11":"shipping-taxable","12":"product-type-simple"},"yoast_head":"<!-- This site is optimized with the Yoast SEO Premium plugin v23.9 (Yoast SEO v25.2) - https:\/\/yoast.com\/wordpress\/plugins\/seo\/ -->\n<title>Softcover Exercise Books - Bulk Wholesale Manufacturer Pricing<\/title>\n<meta name=\"description\" content=\"Softcover Exercise Books - bulk wholesale manufacturer with pricing from $0.08. MOQ 30,000 units. Free samples &amp; custom logo printing. Request a quote today\" \/>\n<meta name=\"robots\" content=\"index, follow, max-snippet:-1, max-image-preview:large, max-video-preview:-1\" \/>\n<link rel=\"canonical\" href=\"https:\/\/www.colorflyprinting.com\/de\/produkt\/bulk-school-exercise-books-softcover-whiteboard-paper-notebooks-for-wholesale\/\" \/>\n<meta property=\"og:locale\" content=\"de_DE\" \/>\n<meta property=\"og:type\" content=\"article\" \/>\n<meta property=\"og:title\" content=\"Bulk School Exercise Books - Softcover Whiteboard Paper Notebooks for Wholesale\" \/>\n<meta property=\"og:description\" content=\"Softcover Exercise Books - bulk wholesale manufacturer with pricing from $0.08. MOQ 30,000 units. Free samples &amp; custom logo printing. Request a quote today\" \/>\n<meta property=\"og:url\" content=\"https:\/\/www.colorflyprinting.com\/de\/produkt\/bulk-school-exercise-books-softcover-whiteboard-paper-notebooks-for-wholesale\/\" \/>\n<meta property=\"og:site_name\" content=\"colorflyprinting\" \/>\n<meta property=\"article:modified_time\" content=\"2025-09-21T00:00:23+00:00\" \/>\n<meta property=\"og:image\" content=\"https:\/\/www.colorflyprinting.com\/wp-content\/uploads\/2025\/09\/Hd35d8162c0b249089ae072604e943f01S.jpg\" \/>\n\t<meta property=\"og:image:width\" content=\"850\" \/>\n\t<meta property=\"og:image:height\" content=\"850\" \/>\n\t<meta property=\"og:image:type\" content=\"image\/jpeg\" \/>\n<meta name=\"twitter:card\" content=\"summary_large_image\" \/>\n<meta name=\"twitter:label1\" content=\"Gesch\u00e4tzte Lesezeit\" \/>\n\t<meta name=\"twitter:data1\" content=\"1\u00a0Minute\" \/>\n<script type=\"application\/ld+json\" class=\"yoast-schema-graph\">{\"@context\":\"https:\/\/schema.org\",\"@graph\":[{\"@type\":\"WebPage\",\"@id\":\"https:\/\/www.colorflyprinting.com\/product\/bulk-school-exercise-books-softcover-whiteboard-paper-notebooks-for-wholesale\/\",\"url\":\"https:\/\/www.colorflyprinting.com\/product\/bulk-school-exercise-books-softcover-whiteboard-paper-notebooks-for-wholesale\/\",\"name\":\"Softcover Exercise Books - Bulk Wholesale Manufacturer Pricing\",\"isPartOf\":{\"@id\":\"https:\/\/www.colorflyprinting.com\/#website\"},\"primaryImageOfPage\":{\"@id\":\"https:\/\/www.colorflyprinting.com\/product\/bulk-school-exercise-books-softcover-whiteboard-paper-notebooks-for-wholesale\/#primaryimage\"},\"image\":{\"@id\":\"https:\/\/www.colorflyprinting.com\/product\/bulk-school-exercise-books-softcover-whiteboard-paper-notebooks-for-wholesale\/#primaryimage\"},\"thumbnailUrl\":\"https:\/\/www.colorflyprinting.com\/wp-content\/uploads\/2025\/09\/Hd35d8162c0b249089ae072604e943f01S.jpg\",\"datePublished\":\"2025-09-18T02:26:26+00:00\",\"dateModified\":\"2025-09-21T00:00:23+00:00\",\"description\":\"Softcover Exercise Books - bulk wholesale manufacturer with pricing from $0.08. MOQ 30,000 units. Free samples & custom logo printing. Request a quote today\",\"breadcrumb\":{\"@id\":\"https:\/\/www.colorflyprinting.com\/product\/bulk-school-exercise-books-softcover-whiteboard-paper-notebooks-for-wholesale\/#breadcrumb\"},\"inLanguage\":\"de\",\"potentialAction\":[{\"@type\":\"ReadAction\",\"target\":[\"https:\/\/www.colorflyprinting.com\/product\/bulk-school-exercise-books-softcover-whiteboard-paper-notebooks-for-wholesale\/\"]}]},{\"@type\":\"ImageObject\",\"inLanguage\":\"de\",\"@id\":\"https:\/\/www.colorflyprinting.com\/product\/bulk-school-exercise-books-softcover-whiteboard-paper-notebooks-for-wholesale\/#primaryimage\",\"url\":\"https:\/\/www.colorflyprinting.com\/wp-content\/uploads\/2025\/09\/Hd35d8162c0b249089ae072604e943f01S.jpg\",\"contentUrl\":\"https:\/\/www.colorflyprinting.com\/wp-content\/uploads\/2025\/09\/Hd35d8162c0b249089ae072604e943f01S.jpg\",\"width\":850,\"height\":850},{\"@type\":\"BreadcrumbList\",\"@id\":\"https:\/\/www.colorflyprinting.com\/product\/bulk-school-exercise-books-softcover-whiteboard-paper-notebooks-for-wholesale\/#breadcrumb\",\"itemListElement\":[{\"@type\":\"ListItem\",\"position\":1,\"name\":\"Home\",\"item\":\"https:\/\/www.colorflyprinting.com\/\"},{\"@type\":\"ListItem\",\"position\":2,\"name\":\"Product\",\"item\":\"https:\/\/www.colorflyprinting.com\/shop\/\"},{\"@type\":\"ListItem\",\"position\":3,\"name\":\"Bulk School Exercise Books &#8211; Softcover Whiteboard Paper Notebooks for Wholesale\"}]},{\"@type\":\"WebSite\",\"@id\":\"https:\/\/www.colorflyprinting.com\/#website\",\"url\":\"https:\/\/www.colorflyprinting.com\/\",\"name\":\"Hefei Colorfly Stationery Co.,Ltd.\",\"description\":\"\",\"publisher\":{\"@id\":\"https:\/\/www.colorflyprinting.com\/#organization\"},\"potentialAction\":[{\"@type\":\"SearchAction\",\"target\":{\"@type\":\"EntryPoint\",\"urlTemplate\":\"https:\/\/www.colorflyprinting.com\/?s={search_term_string}\"},\"query-input\":{\"@type\":\"PropertyValueSpecification\",\"valueRequired\":true,\"valueName\":\"search_term_string\"}}],\"inLanguage\":\"de\"},{\"@type\":\"Organization\",\"@id\":\"https:\/\/www.colorflyprinting.com\/#organization\",\"name\":\"Hefei Colorfly Stationery Co.,Ltd.\",\"url\":\"https:\/\/www.colorflyprinting.com\/\",\"logo\":{\"@type\":\"ImageObject\",\"inLanguage\":\"de\",\"@id\":\"https:\/\/www.colorflyprinting.com\/#\/schema\/logo\/image\/\",\"url\":\"https:\/\/www.colorflyprinting.com\/wp-content\/uploads\/2025\/04\/d167665f943610681229e2f4307b9df.jpg\",\"contentUrl\":\"https:\/\/www.colorflyprinting.com\/wp-content\/uploads\/2025\/04\/d167665f943610681229e2f4307b9df.jpg\",\"width\":780,\"height\":780,\"caption\":\"Hefei Colorfly Stationery Co.,Ltd.\"},\"image\":{\"@id\":\"https:\/\/www.colorflyprinting.com\/#\/schema\/logo\/image\/\"}}]}<\/script>\n<!-- \/ Yoast SEO Premium plugin. -->","yoast_head_json":{"title":"Softcover Exercise Books - Bulk Wholesale Manufacturer Pricing","description":"Softcover Exercise Books - bulk wholesale manufacturer with pricing from $0.08. MOQ 30,000 units. Free samples & custom logo printing. Request a quote today","robots":{"index":"index","follow":"follow","max-snippet":"max-snippet:-1","max-image-preview":"max-image-preview:large","max-video-preview":"max-video-preview:-1"},"canonical":"https:\/\/www.colorflyprinting.com\/de\/produkt\/bulk-school-exercise-books-softcover-whiteboard-paper-notebooks-for-wholesale\/","og_locale":"de_DE","og_type":"article","og_title":"Bulk School Exercise Books - Softcover Whiteboard Paper Notebooks for Wholesale","og_description":"Softcover Exercise Books - bulk wholesale manufacturer with pricing from $0.08. MOQ 30,000 units. Free samples & custom logo printing. Request a quote today","og_url":"https:\/\/www.colorflyprinting.com\/de\/produkt\/bulk-school-exercise-books-softcover-whiteboard-paper-notebooks-for-wholesale\/","og_site_name":"colorflyprinting","article_modified_time":"2025-09-21T00:00:23+00:00","og_image":[{"width":850,"height":850,"url":"https:\/\/www.colorflyprinting.com\/wp-content\/uploads\/2025\/09\/Hd35d8162c0b249089ae072604e943f01S.jpg","type":"image\/jpeg"}],"twitter_card":"summary_large_image","twitter_misc":{"Gesch\u00e4tzte Lesezeit":"1\u00a0Minute"},"schema":{"@context":"https:\/\/schema.org","@graph":[{"@type":"WebPage","@id":"https:\/\/www.colorflyprinting.com\/product\/bulk-school-exercise-books-softcover-whiteboard-paper-notebooks-for-wholesale\/","url":"https:\/\/www.colorflyprinting.com\/product\/bulk-school-exercise-books-softcover-whiteboard-paper-notebooks-for-wholesale\/","name":"Softcover Exercise Books - Bulk Wholesale Manufacturer Pricing","isPartOf":{"@id":"https:\/\/www.colorflyprinting.com\/#website"},"primaryImageOfPage":{"@id":"https:\/\/www.colorflyprinting.com\/product\/bulk-school-exercise-books-softcover-whiteboard-paper-notebooks-for-wholesale\/#primaryimage"},"image":{"@id":"https:\/\/www.colorflyprinting.com\/product\/bulk-school-exercise-books-softcover-whiteboard-paper-notebooks-for-wholesale\/#primaryimage"},"thumbnailUrl":"https:\/\/www.colorflyprinting.com\/wp-content\/uploads\/2025\/09\/Hd35d8162c0b249089ae072604e943f01S.jpg","datePublished":"2025-09-18T02:26:26+00:00","dateModified":"2025-09-21T00:00:23+00:00","description":"Softcover Exercise Books - bulk wholesale manufacturer with pricing from $0.08. MOQ 30,000 units. Free samples & custom logo printing. Request a quote today","breadcrumb":{"@id":"https:\/\/www.colorflyprinting.com\/product\/bulk-school-exercise-books-softcover-whiteboard-paper-notebooks-for-wholesale\/#breadcrumb"},"inLanguage":"de","potentialAction":[{"@type":"ReadAction","target":["https:\/\/www.colorflyprinting.com\/product\/bulk-school-exercise-books-softcover-whiteboard-paper-notebooks-for-wholesale\/"]}]},{"@type":"ImageObject","inLanguage":"de","@id":"https:\/\/www.colorflyprinting.com\/product\/bulk-school-exercise-books-softcover-whiteboard-paper-notebooks-for-wholesale\/#primaryimage","url":"https:\/\/www.colorflyprinting.com\/wp-content\/uploads\/2025\/09\/Hd35d8162c0b249089ae072604e943f01S.jpg","contentUrl":"https:\/\/www.colorflyprinting.com\/wp-content\/uploads\/2025\/09\/Hd35d8162c0b249089ae072604e943f01S.jpg","width":850,"height":850},{"@type":"BreadcrumbList","@id":"https:\/\/www.colorflyprinting.com\/product\/bulk-school-exercise-books-softcover-whiteboard-paper-notebooks-for-wholesale\/#breadcrumb","itemListElement":[{"@type":"ListItem","position":1,"name":"Home","item":"https:\/\/www.colorflyprinting.com\/"},{"@type":"ListItem","position":2,"name":"Product","item":"https:\/\/www.colorflyprinting.com\/shop\/"},{"@type":"ListItem","position":3,"name":"Bulk School Exercise Books &#8211; Softcover Whiteboard Paper Notebooks for Wholesale"}]},{"@type":"WebSite","@id":"https:\/\/www.colorflyprinting.com\/#website","url":"https:\/\/www.colorflyprinting.com\/","name":"Hefei Colorfly Stationery Co.,Ltd.","description":"","publisher":{"@id":"https:\/\/www.colorflyprinting.com\/#organization"},"potentialAction":[{"@type":"SearchAction","target":{"@type":"EntryPoint","urlTemplate":"https:\/\/www.colorflyprinting.com\/?s={search_term_string}"},"query-input":{"@type":"PropertyValueSpecification","valueRequired":true,"valueName":"search_term_string"}}],"inLanguage":"de"},{"@type":"Organization","@id":"https:\/\/www.colorflyprinting.com\/#organization","name":"Hefei Colorfly Stationery Co.,Ltd.","url":"https:\/\/www.colorflyprinting.com\/","logo":{"@type":"ImageObject","inLanguage":"de","@id":"https:\/\/www.colorflyprinting.com\/#\/schema\/logo\/image\/","url":"https:\/\/www.colorflyprinting.com\/wp-content\/uploads\/2025\/04\/d167665f943610681229e2f4307b9df.jpg","contentUrl":"https:\/\/www.colorflyprinting.com\/wp-content\/uploads\/2025\/04\/d167665f943610681229e2f4307b9df.jpg","width":780,"height":780,"caption":"Hefei Colorfly Stationery Co.,Ltd."},"image":{"@id":"https:\/\/www.colorflyprinting.com\/#\/schema\/logo\/image\/"}}]}},"_links":{"self":[{"href":"https:\/\/www.colorflyprinting.com\/de\/wp-json\/wp\/v2\/product\/18741","targetHints":{"allow":["GET"]}}],"collection":[{"href":"https:\/\/www.colorflyprinting.com\/de\/wp-json\/wp\/v2\/product"}],"about":[{"href":"https:\/\/www.colorflyprinting.com\/de\/wp-json\/wp\/v2\/types\/product"}],"replies":[{"embeddable":true,"href":"https:\/\/www.colorflyprinting.com\/de\/wp-json\/wp\/v2\/comments?post=18741"}],"wp:featuredmedia":[{"embeddable":true,"href":"https:\/\/www.colorflyprinting.com\/de\/wp-json\/wp\/v2\/media\/18745"}],"wp:attachment":[{"href":"https:\/\/www.colorflyprinting.com\/de\/wp-json\/wp\/v2\/media?parent=18741"}],"wp:term":[{"taxonomy":"product_brand","embeddable":true,"href":"https:\/\/www.colorflyprinting.com\/de\/wp-json\/wp\/v2\/product_brand?post=18741"},{"taxonomy":"product_cat","embeddable":true,"href":"https:\/\/www.colorflyprinting.com\/de\/wp-json\/wp\/v2\/product_cat?post=18741"},{"taxonomy":"product_tag","embeddable":true,"href":"https:\/\/www.colorflyprinting.com\/de\/wp-json\/wp\/v2\/product_tag?post=18741"}],"curies":[{"name":"wp","href":"https:\/\/api.w.org\/{rel}","templated":true}]}}