{"id":17877,"date":"2025-06-28T05:46:22","date_gmt":"2025-06-28T05:46:22","guid":{"rendered":"https:\/\/www.colorflyprinting.com\/?post_type=product&#038;p=17877"},"modified":"2025-11-28T01:25:10","modified_gmt":"2025-11-28T01:25:10","slug":"custom-school-exercise-books-wholesale-printed-notebooks-factory-direct","status":"publish","type":"product","link":"https:\/\/www.colorflyprinting.com\/de\/produkt\/custom-school-exercise-books-wholesale-printed-notebooks-factory-direct\/","title":{"rendered":"Custom School Exercise Books | Wholesale Printed Notebooks | Factory Direct"},"content":{"rendered":"<div class=\"J_module\">\n<div class=\"detail-decorate-json-renderer-container\">\n<div class=\"magic-1\">\n<div class=\"magic-2\">\n<div class=\"magic-3\">\n<div class=\"magic-4\">\n<p><b><span class=\"magic-5\"><span data-spm-anchor-id=\"a2700.details-description.0.i0.e8e29dCP9dCPO9\">Papua-Neuguinea \u00dcbungsheft<\/span><\/span><\/b><\/p>\n<div>*Schulheft mit Einzelzeile<\/div>\n<div>*17x22cm Sattelheftungs-\u00dcbungsheft f\u00fcr Sch\u00fcler<\/div>\n<\/div>\n<\/div>\n<\/div>\n<\/div>\n<\/div>\n<\/div>\n<div class=\"J_module\">\n<div class=\"ife-detail-decorate-table\">\n<table class=\"has-title is-zebra all magic-6\">\n<tbody>\n<tr>\n<td colspan=\"1\" rowspan=\"1\">\n<div class=\"magic-7\">\u00a0Gr\u00f6\u00dfe<\/div>\n<\/td>\n<td colspan=\"5\" rowspan=\"1\">\n<div class=\"magic-8\">\n<div data-spm-anchor-id=\"0.0.0.i3.59844f05Z16MVb\">17x22cm oder individuell f\u00fcr Hefte<\/div>\n<\/div>\n<\/td>\n<\/tr>\n<tr>\n<td colspan=\"1\" rowspan=\"1\">\n<div class=\"magic-7\">Seiten<\/div>\n<\/td>\n<td colspan=\"5\" rowspan=\"1\">\n<div class=\"magic-8\">\n<div data-spm-anchor-id=\"0.0.0.i13.59844f05Z16MVb\">32\/64\/96 Seiten oder individuell<\/div>\n<\/div>\n<\/td>\n<\/tr>\n<tr>\n<td colspan=\"1\" rowspan=\"1\">\n<div class=\"magic-7\">Bindung<\/div>\n<\/td>\n<td colspan=\"5\" rowspan=\"1\">\n<div class=\"magic-8\">Klammerheftung<\/div>\n<\/td>\n<\/tr>\n<tr>\n<td colspan=\"1\" rowspan=\"1\">\n<div class=\"magic-7\">Verpackung<\/div>\n<\/td>\n<td colspan=\"5\" rowspan=\"1\">\n<div class=\"magic-8\">Schrumpfbeutel + Kartons<\/div>\n<\/td>\n<\/tr>\n<tr>\n<td colspan=\"1\" rowspan=\"1\">\n<div class=\"magic-7\">Mindestbestellmenge<\/div>\n<\/td>\n<td colspan=\"5\" rowspan=\"1\">\n<div class=\"magic-13\">50000 St\u00fcck<\/div>\n<\/td>\n<\/tr>\n<\/tbody>\n<\/table>\n<\/div>\n<\/div>","protected":false},"excerpt":{"rendered":"<h3>\ud83d\udd25\u00a0<strong>Rainstorm-Proof Ink \u00b7 Fade-Free Printing!<\/strong><\/h3>\n<p class=\"ds-markdown-paragraph\"><strong>Factory Direct Custom Exercise Books<\/strong><br \/>\n\u2713\u00a0<strong>Full Printing<\/strong>: Covers + Inside Pages (School Crests\/Timetables)<br \/>\n\u2713\u00a0<strong>$0.18\/book<\/strong>\u00a0= Save 40% vs Local Suppliers<br \/>\n\u2713\u00a0<strong>15-Day Africa Shipping<\/strong>\u00a0| MOQ 50 Books<\/p>\n<p><img decoding=\"async\" src=\"https:\/\/www.colorflyprinting.com\/wp-content\/uploads\/2025\/06\/H60c0a7b3a66746d3906284e457d65664y.jpg_720x720q50-150x150.avif\" \/><img decoding=\"async\" src=\"https:\/\/www.colorflyprinting.com\/wp-content\/uploads\/2025\/06\/H63eb20f6663142ea84402a23014ebb9db.jpg_720x720q50-150x150.avif\" \/><img decoding=\"async\" src=\"https:\/\/www.colorflyprinting.com\/wp-content\/uploads\/2025\/06\/H95c0aedcf4054d47b731a47648e0b9e8J.jpg_720x720q50-150x150.avif\" \/><\/p>","protected":false},"featured_media":17883,"comment_status":"open","ping_status":"closed","template":"","meta":[],"product_brand":[],"product_cat":[21],"product_tag":[458,432],"class_list":{"0":"post-17877","1":"product","2":"type-product","3":"status-publish","4":"has-post-thumbnail","6":"product_cat-exercise-book","7":"product_tag-custom-hardcover-notebook","8":"product_tag-school-exercise-book","10":"first","11":"instock","12":"shipping-taxable","13":"product-type-simple"},"yoast_head":"<!-- This site is optimized with the Yoast SEO Premium plugin v23.9 (Yoast SEO v25.2) - https:\/\/yoast.com\/wordpress\/plugins\/seo\/ -->\n<title>Printed Exercise Books Wholesale | Custom School Supplies<\/title>\n<meta name=\"description\" content=\"Custom printed exercise books for schools: Cover\/inside printing &amp; eco-paper. Factory wholesale price $0.18\/unit. Free samples + MOQ 100. Global delivery.\" \/>\n<meta name=\"robots\" content=\"index, follow, max-snippet:-1, max-image-preview:large, max-video-preview:-1\" \/>\n<link rel=\"canonical\" href=\"https:\/\/www.colorflyprinting.com\/de\/produkt\/custom-school-exercise-books-wholesale-printed-notebooks-factory-direct\/\" \/>\n<meta property=\"og:locale\" content=\"de_DE\" \/>\n<meta property=\"og:type\" content=\"article\" \/>\n<meta property=\"og:title\" content=\"Custom School Exercise Books | Wholesale Printed Notebooks | Factory Direct\" \/>\n<meta property=\"og:description\" content=\"Custom printed exercise books for schools: Cover\/inside printing &amp; eco-paper. Factory wholesale price $0.18\/unit. Free samples + MOQ 100. Global delivery.\" \/>\n<meta property=\"og:url\" content=\"https:\/\/www.colorflyprinting.com\/de\/produkt\/custom-school-exercise-books-wholesale-printed-notebooks-factory-direct\/\" \/>\n<meta property=\"og:site_name\" content=\"colorflyprinting\" \/>\n<meta property=\"article:modified_time\" content=\"2025-11-28T01:25:10+00:00\" \/>\n<meta name=\"twitter:card\" content=\"summary_large_image\" \/>\n<script type=\"application\/ld+json\" class=\"yoast-schema-graph\">{\"@context\":\"https:\/\/schema.org\",\"@graph\":[{\"@type\":\"WebPage\",\"@id\":\"https:\/\/www.colorflyprinting.com\/product\/custom-school-exercise-books-wholesale-printed-notebooks-factory-direct\/\",\"url\":\"https:\/\/www.colorflyprinting.com\/product\/custom-school-exercise-books-wholesale-printed-notebooks-factory-direct\/\",\"name\":\"Printed Exercise Books Wholesale | Custom School Supplies\",\"isPartOf\":{\"@id\":\"https:\/\/www.colorflyprinting.com\/#website\"},\"primaryImageOfPage\":{\"@id\":\"https:\/\/www.colorflyprinting.com\/product\/custom-school-exercise-books-wholesale-printed-notebooks-factory-direct\/#primaryimage\"},\"image\":{\"@id\":\"https:\/\/www.colorflyprinting.com\/product\/custom-school-exercise-books-wholesale-printed-notebooks-factory-direct\/#primaryimage\"},\"thumbnailUrl\":\"https:\/\/www.colorflyprinting.com\/wp-content\/uploads\/2025\/06\/H47f08b58868a4c78acd7ab565407a6a7B.jpg_720x720q50.avif\",\"datePublished\":\"2025-06-28T05:46:22+00:00\",\"dateModified\":\"2025-11-28T01:25:10+00:00\",\"description\":\"Custom printed exercise books for schools: Cover\/inside printing & eco-paper. Factory wholesale price $0.18\/unit. Free samples + MOQ 100. Global delivery.\",\"breadcrumb\":{\"@id\":\"https:\/\/www.colorflyprinting.com\/product\/custom-school-exercise-books-wholesale-printed-notebooks-factory-direct\/#breadcrumb\"},\"inLanguage\":\"de\",\"potentialAction\":[{\"@type\":\"ReadAction\",\"target\":[\"https:\/\/www.colorflyprinting.com\/product\/custom-school-exercise-books-wholesale-printed-notebooks-factory-direct\/\"]}]},{\"@type\":\"ImageObject\",\"inLanguage\":\"de\",\"@id\":\"https:\/\/www.colorflyprinting.com\/product\/custom-school-exercise-books-wholesale-printed-notebooks-factory-direct\/#primaryimage\",\"url\":\"https:\/\/www.colorflyprinting.com\/wp-content\/uploads\/2025\/06\/H47f08b58868a4c78acd7ab565407a6a7B.jpg_720x720q50.avif\",\"contentUrl\":\"https:\/\/www.colorflyprinting.com\/wp-content\/uploads\/2025\/06\/H47f08b58868a4c78acd7ab565407a6a7B.jpg_720x720q50.avif\",\"width\":720,\"height\":720},{\"@type\":\"BreadcrumbList\",\"@id\":\"https:\/\/www.colorflyprinting.com\/product\/custom-school-exercise-books-wholesale-printed-notebooks-factory-direct\/#breadcrumb\",\"itemListElement\":[{\"@type\":\"ListItem\",\"position\":1,\"name\":\"Home\",\"item\":\"https:\/\/www.colorflyprinting.com\/\"},{\"@type\":\"ListItem\",\"position\":2,\"name\":\"Product\",\"item\":\"https:\/\/www.colorflyprinting.com\/shop\/\"},{\"@type\":\"ListItem\",\"position\":3,\"name\":\"Custom School Exercise Books | Wholesale Printed Notebooks | Factory Direct\"}]},{\"@type\":\"WebSite\",\"@id\":\"https:\/\/www.colorflyprinting.com\/#website\",\"url\":\"https:\/\/www.colorflyprinting.com\/\",\"name\":\"Hefei Colorfly Stationery Co.,Ltd.\",\"description\":\"\",\"publisher\":{\"@id\":\"https:\/\/www.colorflyprinting.com\/#organization\"},\"potentialAction\":[{\"@type\":\"SearchAction\",\"target\":{\"@type\":\"EntryPoint\",\"urlTemplate\":\"https:\/\/www.colorflyprinting.com\/?s={search_term_string}\"},\"query-input\":{\"@type\":\"PropertyValueSpecification\",\"valueRequired\":true,\"valueName\":\"search_term_string\"}}],\"inLanguage\":\"de\"},{\"@type\":\"Organization\",\"@id\":\"https:\/\/www.colorflyprinting.com\/#organization\",\"name\":\"Hefei Colorfly Stationery Co.,Ltd.\",\"url\":\"https:\/\/www.colorflyprinting.com\/\",\"logo\":{\"@type\":\"ImageObject\",\"inLanguage\":\"de\",\"@id\":\"https:\/\/www.colorflyprinting.com\/#\/schema\/logo\/image\/\",\"url\":\"https:\/\/www.colorflyprinting.com\/wp-content\/uploads\/2025\/04\/d167665f943610681229e2f4307b9df.jpg\",\"contentUrl\":\"https:\/\/www.colorflyprinting.com\/wp-content\/uploads\/2025\/04\/d167665f943610681229e2f4307b9df.jpg\",\"width\":780,\"height\":780,\"caption\":\"Hefei Colorfly Stationery Co.,Ltd.\"},\"image\":{\"@id\":\"https:\/\/www.colorflyprinting.com\/#\/schema\/logo\/image\/\"}}]}<\/script>\n<!-- \/ Yoast SEO Premium plugin. -->","yoast_head_json":{"title":"Printed Exercise Books Wholesale | Custom School Supplies","description":"Custom printed exercise books for schools: Cover\/inside printing & eco-paper. Factory wholesale price $0.18\/unit. Free samples + MOQ 100. Global delivery.","robots":{"index":"index","follow":"follow","max-snippet":"max-snippet:-1","max-image-preview":"max-image-preview:large","max-video-preview":"max-video-preview:-1"},"canonical":"https:\/\/www.colorflyprinting.com\/de\/produkt\/custom-school-exercise-books-wholesale-printed-notebooks-factory-direct\/","og_locale":"de_DE","og_type":"article","og_title":"Custom School Exercise Books | Wholesale Printed Notebooks | Factory Direct","og_description":"Custom printed exercise books for schools: Cover\/inside printing & eco-paper. Factory wholesale price $0.18\/unit. Free samples + MOQ 100. Global delivery.","og_url":"https:\/\/www.colorflyprinting.com\/de\/produkt\/custom-school-exercise-books-wholesale-printed-notebooks-factory-direct\/","og_site_name":"colorflyprinting","article_modified_time":"2025-11-28T01:25:10+00:00","twitter_card":"summary_large_image","schema":{"@context":"https:\/\/schema.org","@graph":[{"@type":"WebPage","@id":"https:\/\/www.colorflyprinting.com\/product\/custom-school-exercise-books-wholesale-printed-notebooks-factory-direct\/","url":"https:\/\/www.colorflyprinting.com\/product\/custom-school-exercise-books-wholesale-printed-notebooks-factory-direct\/","name":"Printed Exercise Books Wholesale | Custom School Supplies","isPartOf":{"@id":"https:\/\/www.colorflyprinting.com\/#website"},"primaryImageOfPage":{"@id":"https:\/\/www.colorflyprinting.com\/product\/custom-school-exercise-books-wholesale-printed-notebooks-factory-direct\/#primaryimage"},"image":{"@id":"https:\/\/www.colorflyprinting.com\/product\/custom-school-exercise-books-wholesale-printed-notebooks-factory-direct\/#primaryimage"},"thumbnailUrl":"https:\/\/www.colorflyprinting.com\/wp-content\/uploads\/2025\/06\/H47f08b58868a4c78acd7ab565407a6a7B.jpg_720x720q50.avif","datePublished":"2025-06-28T05:46:22+00:00","dateModified":"2025-11-28T01:25:10+00:00","description":"Custom printed exercise books for schools: Cover\/inside printing & eco-paper. Factory wholesale price $0.18\/unit. Free samples + MOQ 100. Global delivery.","breadcrumb":{"@id":"https:\/\/www.colorflyprinting.com\/product\/custom-school-exercise-books-wholesale-printed-notebooks-factory-direct\/#breadcrumb"},"inLanguage":"de","potentialAction":[{"@type":"ReadAction","target":["https:\/\/www.colorflyprinting.com\/product\/custom-school-exercise-books-wholesale-printed-notebooks-factory-direct\/"]}]},{"@type":"ImageObject","inLanguage":"de","@id":"https:\/\/www.colorflyprinting.com\/product\/custom-school-exercise-books-wholesale-printed-notebooks-factory-direct\/#primaryimage","url":"https:\/\/www.colorflyprinting.com\/wp-content\/uploads\/2025\/06\/H47f08b58868a4c78acd7ab565407a6a7B.jpg_720x720q50.avif","contentUrl":"https:\/\/www.colorflyprinting.com\/wp-content\/uploads\/2025\/06\/H47f08b58868a4c78acd7ab565407a6a7B.jpg_720x720q50.avif","width":720,"height":720},{"@type":"BreadcrumbList","@id":"https:\/\/www.colorflyprinting.com\/product\/custom-school-exercise-books-wholesale-printed-notebooks-factory-direct\/#breadcrumb","itemListElement":[{"@type":"ListItem","position":1,"name":"Home","item":"https:\/\/www.colorflyprinting.com\/"},{"@type":"ListItem","position":2,"name":"Product","item":"https:\/\/www.colorflyprinting.com\/shop\/"},{"@type":"ListItem","position":3,"name":"Custom School Exercise Books | Wholesale Printed Notebooks | Factory Direct"}]},{"@type":"WebSite","@id":"https:\/\/www.colorflyprinting.com\/#website","url":"https:\/\/www.colorflyprinting.com\/","name":"Hefei Colorfly Stationery Co.,Ltd.","description":"","publisher":{"@id":"https:\/\/www.colorflyprinting.com\/#organization"},"potentialAction":[{"@type":"SearchAction","target":{"@type":"EntryPoint","urlTemplate":"https:\/\/www.colorflyprinting.com\/?s={search_term_string}"},"query-input":{"@type":"PropertyValueSpecification","valueRequired":true,"valueName":"search_term_string"}}],"inLanguage":"de"},{"@type":"Organization","@id":"https:\/\/www.colorflyprinting.com\/#organization","name":"Hefei Colorfly Stationery Co.,Ltd.","url":"https:\/\/www.colorflyprinting.com\/","logo":{"@type":"ImageObject","inLanguage":"de","@id":"https:\/\/www.colorflyprinting.com\/#\/schema\/logo\/image\/","url":"https:\/\/www.colorflyprinting.com\/wp-content\/uploads\/2025\/04\/d167665f943610681229e2f4307b9df.jpg","contentUrl":"https:\/\/www.colorflyprinting.com\/wp-content\/uploads\/2025\/04\/d167665f943610681229e2f4307b9df.jpg","width":780,"height":780,"caption":"Hefei Colorfly Stationery Co.,Ltd."},"image":{"@id":"https:\/\/www.colorflyprinting.com\/#\/schema\/logo\/image\/"}}]}},"_links":{"self":[{"href":"https:\/\/www.colorflyprinting.com\/de\/wp-json\/wp\/v2\/product\/17877","targetHints":{"allow":["GET"]}}],"collection":[{"href":"https:\/\/www.colorflyprinting.com\/de\/wp-json\/wp\/v2\/product"}],"about":[{"href":"https:\/\/www.colorflyprinting.com\/de\/wp-json\/wp\/v2\/types\/product"}],"replies":[{"embeddable":true,"href":"https:\/\/www.colorflyprinting.com\/de\/wp-json\/wp\/v2\/comments?post=17877"}],"wp:featuredmedia":[{"embeddable":true,"href":"https:\/\/www.colorflyprinting.com\/de\/wp-json\/wp\/v2\/media\/17883"}],"wp:attachment":[{"href":"https:\/\/www.colorflyprinting.com\/de\/wp-json\/wp\/v2\/media?parent=17877"}],"wp:term":[{"taxonomy":"product_brand","embeddable":true,"href":"https:\/\/www.colorflyprinting.com\/de\/wp-json\/wp\/v2\/product_brand?post=17877"},{"taxonomy":"product_cat","embeddable":true,"href":"https:\/\/www.colorflyprinting.com\/de\/wp-json\/wp\/v2\/product_cat?post=17877"},{"taxonomy":"product_tag","embeddable":true,"href":"https:\/\/www.colorflyprinting.com\/de\/wp-json\/wp\/v2\/product_tag?post=17877"}],"curies":[{"name":"wp","href":"https:\/\/api.w.org\/{rel}","templated":true}]}}