{"id":16489,"date":"2025-05-27T09:38:08","date_gmt":"2025-05-27T09:38:08","guid":{"rendered":"https:\/\/www.colorflyprinting.com\/?post_type=product&#038;p=16489"},"modified":"2025-12-02T05:59:08","modified_gmt":"2025-12-02T05:59:08","slug":"bulk-a5-a6-pu-leather-cover-journal-custom-printing-notebook-hardcover","status":"publish","type":"product","link":"https:\/\/www.colorflyprinting.com\/de\/produkt\/bulk-a5-a6-pu-leather-cover-journal-custom-printing-notebook-hardcover\/","title":{"rendered":"Gro\u00df A5 A6 Pu Leder Abdeckung Journal Custom Druck Notebook Hardcover"},"content":{"rendered":"<table class=\"has-title hight-light-first-column all magic-5\">\n<tbody>\n<tr>\n<td colspan=\"1\" rowspan=\"1\">\n<div class=\"magic-6\" data-spm-anchor-id=\"a2700.details-description.0.i0.3833XrIwXrIwCe\">Produktname<\/div>\n<\/td>\n<td colspan=\"5\" rowspan=\"1\">\n<div class=\"magic-7\">\n<div data-spm-anchor-id=\"0.0.0.i3.59844f05Z16MVb\">Hardcover customize printing customized a5 pu leather hard cover journals custom logo planners and notebook with logo<\/div>\n<\/div>\n<\/td>\n<\/tr>\n<tr>\n<td colspan=\"1\" rowspan=\"1\">\n<div class=\"magic-6\">Seiten<\/div>\n<\/td>\n<td colspan=\"5\" rowspan=\"1\">\n<div class=\"magic-7\">\n<div data-spm-anchor-id=\"0.0.0.i13.59844f05Z16MVb\">\u00a0100 sheets(=200 pages) \/ customized<\/div>\n<\/div>\n<\/td>\n<\/tr>\n<tr>\n<td colspan=\"1\" rowspan=\"1\">\n<div class=\"magic-6\">\u00a0Gr\u00f6\u00dfe<\/div>\n<\/td>\n<td colspan=\"5\" rowspan=\"1\">\n<div class=\"magic-7\">\u00a0A5 21.5*14.7cm(=8.46in*5.78in) or customized size<\/div>\n<\/td>\n<\/tr>\n<tr>\n<td colspan=\"1\" rowspan=\"1\">\n<div class=\"magic-6\">Bezugsmaterial<\/div>\n<\/td>\n<td colspan=\"5\" rowspan=\"1\">\n<div class=\"magic-7\">\u00a0 Hardcover &amp; PU Leather<\/div>\n<\/td>\n<\/tr>\n<tr>\n<td colspan=\"1\" rowspan=\"1\">\n<div class=\"magic-6\">Covergestaltung<\/div>\n<\/td>\n<td colspan=\"5\" rowspan=\"1\">\n<div class=\"magic-12\">Accept your logo and\u00a0 multiple colors<\/div>\n<\/td>\n<\/tr>\n<tr>\n<td colspan=\"1\" rowspan=\"1\">\n<div class=\"magic-6\">Innen bedruckt<\/div>\n<\/td>\n<td colspan=\"5\" rowspan=\"1\">\n<div class=\"magic-12\"><b data-spm-anchor-id=\"a2700.pc-decorate.0.i11.753d3333ZB03mk\">\u00a0Dotted &amp;Lined &amp;Grid &amp; Blank &amp; Customized<\/b><\/div>\n<\/td>\n<\/tr>\n<tr>\n<td colspan=\"1\" rowspan=\"1\">\n<div class=\"magic-6\">Artwork:<\/div>\n<\/td>\n<td colspan=\"5\" rowspan=\"1\">\n<div class=\"magic-12\">Customized\u00a0 acceptable<b>\u00a0<\/b><\/div>\n<\/td>\n<\/tr>\n<tr>\n<td colspan=\"1\" rowspan=\"1\">\n<div class=\"magic-6\">Verwendung<\/div>\n<\/td>\n<td colspan=\"5\" rowspan=\"1\">\n<div class=\"magic-12\">Schule \/ B\u00fcro \/ Geschenk<\/div>\n<\/td>\n<\/tr>\n<tr>\n<td colspan=\"1\" rowspan=\"1\">\n<div class=\"magic-6\">Verpackung<\/div>\n<\/td>\n<td colspan=\"5\" rowspan=\"1\">\n<div class=\"magic-12\">\u00a0 1pc\/opp bag<\/div>\n<\/td>\n<\/tr>\n<tr>\n<td colspan=\"1\" rowspan=\"1\">\n<div class=\"magic-6\">HS-Code<\/div>\n<\/td>\n<td colspan=\"5\" rowspan=\"1\">\n<div class=\"magic-12\">\n<div class=\"magic-17\" data-spm-anchor-id=\"0.0.0.i72.59844f058KU4GW\">Eco-Friendly Paper<\/div>\n<\/div>\n<\/td>\n<\/tr>\n<tr>\n<td colspan=\"1\" rowspan=\"1\">\n<div class=\"magic-6\">Beispielzeit<\/div>\n<\/td>\n<td colspan=\"5\" rowspan=\"1\">\n<div class=\"magic-12\">Sample will sent to you just one day after confrim the specifications<\/div>\n<\/td>\n<\/tr>\n<tr>\n<td colspan=\"1\" rowspan=\"1\">\n<div class=\"magic-6\">Logo<\/div>\n<\/td>\n<td colspan=\"5\" rowspan=\"1\">\n<div class=\"magic-12\">UV Coating , Silver Foil, Spot UV , Embossing , Coating,etc.<\/div>\n<\/td>\n<\/tr>\n<tr>\n<td colspan=\"1\" rowspan=\"1\">\n<div class=\"magic-6\">Lieferdetails<\/div>\n<\/td>\n<td colspan=\"5\" rowspan=\"1\">\n<div class=\"magic-12\">Around 15 days after received your deposit.<\/div>\n<\/td>\n<\/tr>\n<\/tbody>\n<\/table>","protected":false},"excerpt":{"rendered":"<p>Dieses Vintage-Ringbuch mit PU-Ledereinband ist auf Langlebigkeit und Eleganz ausgelegt. Erh\u00e4ltlich in den Gr\u00f6\u00dfen A5 und A6, verf\u00fcgt es \u00fcber ein nachf\u00fcllbares Loseblatt-Design, das flexible Inhaltsaktualisierungen erm\u00f6glicht. Die PU-Lederoberfl\u00e4che verleiht ihm einen professionellen, hochwertigen Look \u2013 ideal f\u00fcr Gesch\u00e4ftstreffen, Planer, Tageb\u00fccher oder Kundengeschenke. Jedes Notizbuch unterst\u00fctzt den individuellen Logodruck und eignet sich daher perfekt f\u00fcr Markenbriefpapier. Ob Einzelh\u00e4ndler, Eink\u00e4ufer oder Veranstalter \u2013 dieses Hardcover-Journal bietet Funktionalit\u00e4t und Stil in gro\u00dfen Mengen. Mit anpassbaren Layouts und Cover-Designs passt es perfekt zu Ihrem individuellen Markenimage und Ihren Einsatzm\u00f6glichkeiten.<\/p>\n<ul>\n<li><strong>Anbieter:<\/strong> Farbfliegendruck<\/li>\n<li><strong data-start=\"538\" data-end=\"547\">Gr\u00f6\u00dfe:<\/strong> A5<\/li>\n<li><strong data-start=\"567\" data-end=\"586\">Bezugsmaterial:<\/strong> aus Leder, aus Stoff<\/li>\n<li><strong data-start=\"637\" data-end=\"647\">Seiten:<\/strong> 200 Seiten (anpassbar)<\/li>\n<li><strong data-start=\"689\" data-end=\"705\">Inneres Papier:<\/strong> 55\u201370 g\/m\u00b2 holzfreies Papier, ein- oder zweilinig<\/li>\n<li><strong data-start=\"764\" data-end=\"782\">Bindungsart:<\/strong> Thermobinden, Fadenheftung, N\u00e4hbinden<\/li>\n<li><strong data-start=\"826\" data-end=\"839\">Drucken:<\/strong> Individueller Logodruck auf Umschlag und Innenseiten m\u00f6glich<\/li>\n<li><strong data-start=\"897\" data-end=\"911\">Verpackung:<\/strong> Standard-Exportkartons oder nach Kundenwunsch<\/li>\n<li><strong data-start=\"965\" data-end=\"983\">Anpassung:<\/strong> OEM\/ODM-Support mit flexibler MOQ<\/li>\n<li><strong data-start=\"1022\" data-end=\"1039\">Anwendungen:<\/strong> Geeignet f\u00fcr Schulen, Hochschulen, \u00f6ffentliche Ausschreibungen, Bildungsanbieter<\/li>\n<\/ul>","protected":false},"featured_media":16491,"comment_status":"open","ping_status":"closed","template":"","meta":[],"product_brand":[],"product_cat":[127],"product_tag":[711,709,710],"class_list":{"0":"post-16489","1":"product","2":"type-product","3":"status-publish","4":"has-post-thumbnail","6":"product_cat-leather-notebook","7":"product_tag-bulk-a5-a6-notebooks","8":"product_tag-custom-printing-notebook-hardcover","9":"product_tag-leather-cover-journal","11":"first","12":"instock","13":"shipping-taxable","14":"product-type-simple"},"yoast_head":"<!-- This site is optimized with the Yoast SEO Premium plugin v23.9 (Yoast SEO v25.2) - https:\/\/yoast.com\/wordpress\/plugins\/seo\/ -->\n<title>Bulk Vintage PU Leather Ring Binder Notebooks A5\/A6 Size<\/title>\n<meta name=\"description\" content=\"Order A5\/A6 vintage PU leather ring binder notebooks in bulk. Loose-leaf, customizable with logo printing. Ideal for business, gifting, or office use.\" \/>\n<meta name=\"robots\" content=\"index, follow, max-snippet:-1, max-image-preview:large, max-video-preview:-1\" \/>\n<link rel=\"canonical\" href=\"https:\/\/www.colorflyprinting.com\/de\/produkt\/bulk-a5-a6-pu-leather-cover-journal-custom-printing-notebook-hardcover\/\" \/>\n<meta property=\"og:locale\" content=\"de_DE\" \/>\n<meta property=\"og:type\" content=\"article\" \/>\n<meta property=\"og:title\" content=\"Bulk A5 A6 Pu Leather Cover Journal Custom Printing Notebook Hardcover\" \/>\n<meta property=\"og:description\" content=\"Order A5\/A6 vintage PU leather ring binder notebooks in bulk. Loose-leaf, customizable with logo printing. Ideal for business, gifting, or office use.\" \/>\n<meta property=\"og:url\" content=\"https:\/\/www.colorflyprinting.com\/de\/produkt\/bulk-a5-a6-pu-leather-cover-journal-custom-printing-notebook-hardcover\/\" \/>\n<meta property=\"og:site_name\" content=\"colorflyprinting\" \/>\n<meta property=\"article:modified_time\" content=\"2025-12-02T05:59:08+00:00\" \/>\n<meta property=\"og:image\" content=\"https:\/\/www.colorflyprinting.com\/wp-content\/uploads\/2025\/05\/Main-06-17.jpg\" \/>\n\t<meta property=\"og:image:width\" content=\"750\" \/>\n\t<meta property=\"og:image:height\" content=\"750\" \/>\n\t<meta property=\"og:image:type\" content=\"image\/jpeg\" \/>\n<meta name=\"twitter:card\" content=\"summary_large_image\" \/>\n<meta name=\"twitter:label1\" content=\"Gesch\u00e4tzte Lesezeit\" \/>\n\t<meta name=\"twitter:data1\" content=\"1\u00a0Minute\" \/>\n<script type=\"application\/ld+json\" class=\"yoast-schema-graph\">{\"@context\":\"https:\/\/schema.org\",\"@graph\":[{\"@type\":\"WebPage\",\"@id\":\"https:\/\/www.colorflyprinting.com\/product\/bulk-a5-a6-pu-leather-cover-journal-custom-printing-notebook-hardcover\/\",\"url\":\"https:\/\/www.colorflyprinting.com\/product\/bulk-a5-a6-pu-leather-cover-journal-custom-printing-notebook-hardcover\/\",\"name\":\"Bulk Vintage PU Leather Ring Binder Notebooks A5\/A6 Size\",\"isPartOf\":{\"@id\":\"https:\/\/www.colorflyprinting.com\/#website\"},\"primaryImageOfPage\":{\"@id\":\"https:\/\/www.colorflyprinting.com\/product\/bulk-a5-a6-pu-leather-cover-journal-custom-printing-notebook-hardcover\/#primaryimage\"},\"image\":{\"@id\":\"https:\/\/www.colorflyprinting.com\/product\/bulk-a5-a6-pu-leather-cover-journal-custom-printing-notebook-hardcover\/#primaryimage\"},\"thumbnailUrl\":\"https:\/\/www.colorflyprinting.com\/wp-content\/uploads\/2025\/05\/Main-06-17.jpg\",\"datePublished\":\"2025-05-27T09:38:08+00:00\",\"dateModified\":\"2025-12-02T05:59:08+00:00\",\"description\":\"Order A5\/A6 vintage PU leather ring binder notebooks in bulk. Loose-leaf, customizable with logo printing. Ideal for business, gifting, or office use.\",\"breadcrumb\":{\"@id\":\"https:\/\/www.colorflyprinting.com\/product\/bulk-a5-a6-pu-leather-cover-journal-custom-printing-notebook-hardcover\/#breadcrumb\"},\"inLanguage\":\"de\",\"potentialAction\":[{\"@type\":\"ReadAction\",\"target\":[\"https:\/\/www.colorflyprinting.com\/product\/bulk-a5-a6-pu-leather-cover-journal-custom-printing-notebook-hardcover\/\"]}]},{\"@type\":\"ImageObject\",\"inLanguage\":\"de\",\"@id\":\"https:\/\/www.colorflyprinting.com\/product\/bulk-a5-a6-pu-leather-cover-journal-custom-printing-notebook-hardcover\/#primaryimage\",\"url\":\"https:\/\/www.colorflyprinting.com\/wp-content\/uploads\/2025\/05\/Main-06-17.jpg\",\"contentUrl\":\"https:\/\/www.colorflyprinting.com\/wp-content\/uploads\/2025\/05\/Main-06-17.jpg\",\"width\":750,\"height\":750},{\"@type\":\"BreadcrumbList\",\"@id\":\"https:\/\/www.colorflyprinting.com\/product\/bulk-a5-a6-pu-leather-cover-journal-custom-printing-notebook-hardcover\/#breadcrumb\",\"itemListElement\":[{\"@type\":\"ListItem\",\"position\":1,\"name\":\"Home\",\"item\":\"https:\/\/www.colorflyprinting.com\/\"},{\"@type\":\"ListItem\",\"position\":2,\"name\":\"Product\",\"item\":\"https:\/\/www.colorflyprinting.com\/shop\/\"},{\"@type\":\"ListItem\",\"position\":3,\"name\":\"Bulk A5 A6 Pu Leather Cover Journal Custom Printing Notebook Hardcover\"}]},{\"@type\":\"WebSite\",\"@id\":\"https:\/\/www.colorflyprinting.com\/#website\",\"url\":\"https:\/\/www.colorflyprinting.com\/\",\"name\":\"Hefei Colorfly Stationery Co.,Ltd.\",\"description\":\"\",\"publisher\":{\"@id\":\"https:\/\/www.colorflyprinting.com\/#organization\"},\"potentialAction\":[{\"@type\":\"SearchAction\",\"target\":{\"@type\":\"EntryPoint\",\"urlTemplate\":\"https:\/\/www.colorflyprinting.com\/?s={search_term_string}\"},\"query-input\":{\"@type\":\"PropertyValueSpecification\",\"valueRequired\":true,\"valueName\":\"search_term_string\"}}],\"inLanguage\":\"de\"},{\"@type\":\"Organization\",\"@id\":\"https:\/\/www.colorflyprinting.com\/#organization\",\"name\":\"Hefei Colorfly Stationery Co.,Ltd.\",\"url\":\"https:\/\/www.colorflyprinting.com\/\",\"logo\":{\"@type\":\"ImageObject\",\"inLanguage\":\"de\",\"@id\":\"https:\/\/www.colorflyprinting.com\/#\/schema\/logo\/image\/\",\"url\":\"https:\/\/www.colorflyprinting.com\/wp-content\/uploads\/2025\/04\/d167665f943610681229e2f4307b9df.jpg\",\"contentUrl\":\"https:\/\/www.colorflyprinting.com\/wp-content\/uploads\/2025\/04\/d167665f943610681229e2f4307b9df.jpg\",\"width\":780,\"height\":780,\"caption\":\"Hefei Colorfly Stationery Co.,Ltd.\"},\"image\":{\"@id\":\"https:\/\/www.colorflyprinting.com\/#\/schema\/logo\/image\/\"}}]}<\/script>\n<!-- \/ Yoast SEO Premium plugin. -->","yoast_head_json":{"title":"Bulk Vintage PU Leather Ring Binder Notebooks A5\/A6 Size","description":"Order A5\/A6 vintage PU leather ring binder notebooks in bulk. Loose-leaf, customizable with logo printing. Ideal for business, gifting, or office use.","robots":{"index":"index","follow":"follow","max-snippet":"max-snippet:-1","max-image-preview":"max-image-preview:large","max-video-preview":"max-video-preview:-1"},"canonical":"https:\/\/www.colorflyprinting.com\/de\/produkt\/bulk-a5-a6-pu-leather-cover-journal-custom-printing-notebook-hardcover\/","og_locale":"de_DE","og_type":"article","og_title":"Bulk A5 A6 Pu Leather Cover Journal Custom Printing Notebook Hardcover","og_description":"Order A5\/A6 vintage PU leather ring binder notebooks in bulk. Loose-leaf, customizable with logo printing. Ideal for business, gifting, or office use.","og_url":"https:\/\/www.colorflyprinting.com\/de\/produkt\/bulk-a5-a6-pu-leather-cover-journal-custom-printing-notebook-hardcover\/","og_site_name":"colorflyprinting","article_modified_time":"2025-12-02T05:59:08+00:00","og_image":[{"width":750,"height":750,"url":"https:\/\/www.colorflyprinting.com\/wp-content\/uploads\/2025\/05\/Main-06-17.jpg","type":"image\/jpeg"}],"twitter_card":"summary_large_image","twitter_misc":{"Gesch\u00e4tzte Lesezeit":"1\u00a0Minute"},"schema":{"@context":"https:\/\/schema.org","@graph":[{"@type":"WebPage","@id":"https:\/\/www.colorflyprinting.com\/product\/bulk-a5-a6-pu-leather-cover-journal-custom-printing-notebook-hardcover\/","url":"https:\/\/www.colorflyprinting.com\/product\/bulk-a5-a6-pu-leather-cover-journal-custom-printing-notebook-hardcover\/","name":"Bulk Vintage PU Leather Ring Binder Notebooks A5\/A6 Size","isPartOf":{"@id":"https:\/\/www.colorflyprinting.com\/#website"},"primaryImageOfPage":{"@id":"https:\/\/www.colorflyprinting.com\/product\/bulk-a5-a6-pu-leather-cover-journal-custom-printing-notebook-hardcover\/#primaryimage"},"image":{"@id":"https:\/\/www.colorflyprinting.com\/product\/bulk-a5-a6-pu-leather-cover-journal-custom-printing-notebook-hardcover\/#primaryimage"},"thumbnailUrl":"https:\/\/www.colorflyprinting.com\/wp-content\/uploads\/2025\/05\/Main-06-17.jpg","datePublished":"2025-05-27T09:38:08+00:00","dateModified":"2025-12-02T05:59:08+00:00","description":"Order A5\/A6 vintage PU leather ring binder notebooks in bulk. Loose-leaf, customizable with logo printing. Ideal for business, gifting, or office use.","breadcrumb":{"@id":"https:\/\/www.colorflyprinting.com\/product\/bulk-a5-a6-pu-leather-cover-journal-custom-printing-notebook-hardcover\/#breadcrumb"},"inLanguage":"de","potentialAction":[{"@type":"ReadAction","target":["https:\/\/www.colorflyprinting.com\/product\/bulk-a5-a6-pu-leather-cover-journal-custom-printing-notebook-hardcover\/"]}]},{"@type":"ImageObject","inLanguage":"de","@id":"https:\/\/www.colorflyprinting.com\/product\/bulk-a5-a6-pu-leather-cover-journal-custom-printing-notebook-hardcover\/#primaryimage","url":"https:\/\/www.colorflyprinting.com\/wp-content\/uploads\/2025\/05\/Main-06-17.jpg","contentUrl":"https:\/\/www.colorflyprinting.com\/wp-content\/uploads\/2025\/05\/Main-06-17.jpg","width":750,"height":750},{"@type":"BreadcrumbList","@id":"https:\/\/www.colorflyprinting.com\/product\/bulk-a5-a6-pu-leather-cover-journal-custom-printing-notebook-hardcover\/#breadcrumb","itemListElement":[{"@type":"ListItem","position":1,"name":"Home","item":"https:\/\/www.colorflyprinting.com\/"},{"@type":"ListItem","position":2,"name":"Product","item":"https:\/\/www.colorflyprinting.com\/shop\/"},{"@type":"ListItem","position":3,"name":"Bulk A5 A6 Pu Leather Cover Journal Custom Printing Notebook Hardcover"}]},{"@type":"WebSite","@id":"https:\/\/www.colorflyprinting.com\/#website","url":"https:\/\/www.colorflyprinting.com\/","name":"Hefei Colorfly Stationery Co.,Ltd.","description":"","publisher":{"@id":"https:\/\/www.colorflyprinting.com\/#organization"},"potentialAction":[{"@type":"SearchAction","target":{"@type":"EntryPoint","urlTemplate":"https:\/\/www.colorflyprinting.com\/?s={search_term_string}"},"query-input":{"@type":"PropertyValueSpecification","valueRequired":true,"valueName":"search_term_string"}}],"inLanguage":"de"},{"@type":"Organization","@id":"https:\/\/www.colorflyprinting.com\/#organization","name":"Hefei Colorfly Stationery Co.,Ltd.","url":"https:\/\/www.colorflyprinting.com\/","logo":{"@type":"ImageObject","inLanguage":"de","@id":"https:\/\/www.colorflyprinting.com\/#\/schema\/logo\/image\/","url":"https:\/\/www.colorflyprinting.com\/wp-content\/uploads\/2025\/04\/d167665f943610681229e2f4307b9df.jpg","contentUrl":"https:\/\/www.colorflyprinting.com\/wp-content\/uploads\/2025\/04\/d167665f943610681229e2f4307b9df.jpg","width":780,"height":780,"caption":"Hefei Colorfly Stationery Co.,Ltd."},"image":{"@id":"https:\/\/www.colorflyprinting.com\/#\/schema\/logo\/image\/"}}]}},"_links":{"self":[{"href":"https:\/\/www.colorflyprinting.com\/de\/wp-json\/wp\/v2\/product\/16489","targetHints":{"allow":["GET"]}}],"collection":[{"href":"https:\/\/www.colorflyprinting.com\/de\/wp-json\/wp\/v2\/product"}],"about":[{"href":"https:\/\/www.colorflyprinting.com\/de\/wp-json\/wp\/v2\/types\/product"}],"replies":[{"embeddable":true,"href":"https:\/\/www.colorflyprinting.com\/de\/wp-json\/wp\/v2\/comments?post=16489"}],"wp:featuredmedia":[{"embeddable":true,"href":"https:\/\/www.colorflyprinting.com\/de\/wp-json\/wp\/v2\/media\/16491"}],"wp:attachment":[{"href":"https:\/\/www.colorflyprinting.com\/de\/wp-json\/wp\/v2\/media?parent=16489"}],"wp:term":[{"taxonomy":"product_brand","embeddable":true,"href":"https:\/\/www.colorflyprinting.com\/de\/wp-json\/wp\/v2\/product_brand?post=16489"},{"taxonomy":"product_cat","embeddable":true,"href":"https:\/\/www.colorflyprinting.com\/de\/wp-json\/wp\/v2\/product_cat?post=16489"},{"taxonomy":"product_tag","embeddable":true,"href":"https:\/\/www.colorflyprinting.com\/de\/wp-json\/wp\/v2\/product_tag?post=16489"}],"curies":[{"name":"wp","href":"https:\/\/api.w.org\/{rel}","templated":true}]}}