{"id":15769,"date":"2025-05-22T07:47:29","date_gmt":"2025-05-22T07:47:29","guid":{"rendered":"https:\/\/www.colorflyprinting.com\/?post_type=product&#038;p=15769"},"modified":"2025-12-02T06:08:03","modified_gmt":"2025-12-02T06:08:03","slug":"a4-2-quire-hard-cover-counter-book-192-pages-notebook","status":"publish","type":"product","link":"https:\/\/www.colorflyprinting.com\/de\/produkt\/a4-2-lagiges-hardcover-thekenbuch-192-seiten-notizbuch\/","title":{"rendered":"A4 2-lagiges Hardcover-Z\u00e4hlbuch | 192 Seiten Notizbuch"},"content":{"rendered":"<table class=\"has-title all magic-2\">\n<tbody>\n<tr>\n<td colspan=\"1\" rowspan=\"1\">\n<div class=\"magic-3\" data-spm-anchor-id=\"a2700.details-description.0.i0.2ab4AQbxAQbxtB\"><span class=\"magic-4\" style=\"font-family: Arial;\">Produktname<\/span><\/div>\n<\/td>\n<td colspan=\"5\" rowspan=\"1\">\n<div class=\"magic-5\">\n<div data-spm-anchor-id=\"0.0.0.i3.59844f05Z16MVb\">A4\/A5 Thekenbuch mit individuellem Design<\/div>\n<\/div>\n<\/td>\n<\/tr>\n<tr>\n<td colspan=\"1\" rowspan=\"1\">\n<div class=\"magic-3\"><span style=\"font-family: Arial;\">Bl\u00e4tter<\/span><\/div>\n<\/td>\n<td colspan=\"5\" rowspan=\"1\">\n<div class=\"magic-5\">\n<div data-spm-anchor-id=\"0.0.0.i13.59844f05Z16MVb\">48\/96\/144\/192 Blatt oder individuell<\/div>\n<\/div>\n<\/td>\n<\/tr>\n<tr>\n<td colspan=\"1\" rowspan=\"1\">\n<div class=\"magic-3\"><span class=\"magic-4\" style=\"font-family: Arial;\">Bindung<\/span><\/div>\n<\/td>\n<td colspan=\"5\" rowspan=\"1\">\n<div class=\"magic-5\">Fadenheftung\/Klammerbindung\/Klebebindung<\/div>\n<\/td>\n<\/tr>\n<tr>\n<td colspan=\"1\" rowspan=\"1\">\n<div class=\"magic-3\"><span class=\"magic-4\" style=\"font-family: Arial;\">Mindestbestellmenge<\/span><\/div>\n<\/td>\n<td colspan=\"5\" rowspan=\"1\">\n<div class=\"magic-5\">20 Fu\u00df Container<\/div>\n<\/td>\n<\/tr>\n<tr>\n<td colspan=\"1\" rowspan=\"1\">\n<div class=\"magic-3\"><span class=\"magic-11\"><span class=\"magic-4\" style=\"font-family: Arial;\">Bezugsmaterial\u00a0<\/span><\/span><\/div>\n<\/td>\n<td colspan=\"5\" rowspan=\"1\">\n<div class=\"magic-12\"><span class=\"magic-13\"><span class=\"magic-14\" data-spm-anchor-id=\"0.0.0.i17.659c4f05hpTzMY\">\u00a0<\/span><\/span><b class=\"magic-15\" data-spm-anchor-id=\"0.0.0.i2.659c4f05hpTzMY\">\/\u00a0<\/b><span class=\"magic-13\" data-spm-anchor-id=\"0.0.0.i2.659c4f05hpTzMY\">Elfenbeinkarton<\/span><span class=\"magic-16\">\u00a0\/<span data-spm-anchor-id=\"a2700.siteadmin.0.i5.5fb7ac40eucAmy\">\u00a0<\/span><\/span><span class=\"magic-17\" data-spm-anchor-id=\"0.0.0.i11.659c4f05hpTzMY\"><span class=\"magic-18\" data-spm-anchor-id=\"0.0.0.i5.659c4f05Mw08yR\"><span class=\"magic-19\">PP<\/span><\/span><\/span><b class=\"magic-15\" data-spm-anchor-id=\"0.0.0.i12.659c4f05hpTzMY\"><span data-spm-anchor-id=\"a2700.siteadmin.0.i4.5fb7ac40eucAmy\">\u00a0<\/span><\/b><span class=\"magic-16\" data-spm-anchor-id=\"a2700.siteadmin.0.i3.5fb7ac40eucAmy\">\/ 2mm Graukarton<\/span><\/div>\n<\/td>\n<\/tr>\n<tr>\n<td colspan=\"1\" rowspan=\"1\">\n<div class=\"magic-3\"><span class=\"magic-11\"><span class=\"magic-4\" style=\"font-family: Arial;\">Covergestaltung<\/span><\/span><\/div>\n<\/td>\n<td colspan=\"5\" rowspan=\"1\">\n<div class=\"magic-12\"><span class=\"magic-16\">Akzeptieren Sie Ihr Logo und Design mit Vollfarbdruck<\/span><\/div>\n<\/td>\n<\/tr>\n<tr>\n<td colspan=\"1\" rowspan=\"1\">\n<div class=\"magic-3\"><span class=\"magic-11\"><span class=\"magic-4\" style=\"font-family: Arial;\">Innen bedruckt<\/span><\/span><\/div>\n<\/td>\n<td colspan=\"5\" rowspan=\"1\">\n<div class=\"magic-12\"><span class=\"magic-17\" data-spm-anchor-id=\"0.0.0.i3.659c4f052ECamY\"><span data-spm-anchor-id=\"a2700.siteadmin.0.i5.1b1eac40c7SirH\">\u00a0<\/span><\/span><span class=\"magic-16\" data-spm-anchor-id=\"a2700.siteadmin.0.i4.1b1eac40c7SirH\">\/\u00a0<\/span><span class=\"magic-16\">\u00a0\/\u00a0<\/span><span class=\"magic-13\" data-spm-anchor-id=\"0.0.0.i1.659c4f05Mw08yR\">Arabische Linie<\/span><span class=\"magic-16\">\u00a0\/<\/span><span class=\"magic-17\"><span class=\"magic-26\" data-spm-anchor-id=\"a2700.siteadmin.0.i2.1b1eac40c7SirH\"><b>\u00a0<\/b><\/span><span class=\"magic-18\"><span data-spm-anchor-id=\"a2700.siteadmin.0.i9.5fb7ac40eucAmy\">Kariert<\/span><span class=\"magic-27\" data-spm-anchor-id=\"0.0.0.i5.659c4f05Aw8tDS\">\u00a0<\/span><\/span><\/span><span class=\"magic-16\">\/ Doppelzeilig\/ 4-zeilig Englisch<\/span><\/div>\n<\/td>\n<\/tr>\n<tr>\n<td colspan=\"1\" rowspan=\"1\">\n<div class=\"magic-3\"><span class=\"magic-11\"><span class=\"magic-4\" style=\"font-family: Arial;\">Verwendung<\/span><\/span><\/div>\n<\/td>\n<td colspan=\"5\" rowspan=\"1\">\n<div class=\"magic-12\"><span class=\"magic-16\">Schule \/ B\u00fcro \/ Geschenk<\/span><\/div>\n<\/td>\n<\/tr>\n<tr>\n<td colspan=\"1\" rowspan=\"1\">\n<div class=\"magic-3\"><span class=\"magic-11\"><span class=\"magic-4\" style=\"font-family: Arial;\">Verpackung<\/span><\/span><\/div>\n<\/td>\n<td colspan=\"5\" rowspan=\"1\">\n<div class=\"magic-12\"><span class=\"magic-16\" data-spm-anchor-id=\"0.0.0.i15.59844f05Y46zmD\">Schrumpfbeutel &amp; Standard-Exportkarton<\/span><\/div>\n<\/td>\n<\/tr>\n<tr>\n<td colspan=\"1\" rowspan=\"1\">\n<div class=\"magic-3\"><span class=\"magic-11\"><span class=\"magic-4\" style=\"font-family: Arial;\">HS-Code<\/span><\/span><\/div>\n<\/td>\n<td colspan=\"3\" rowspan=\"1\">\n<div class=\"magic-12\">\n<div class=\"magic-28\" data-spm-anchor-id=\"0.0.0.i74.59844f05QhGJ25\">48202000<\/div>\n<\/div>\n<\/td>\n<\/tr>\n<tr>\n<td colspan=\"1\" rowspan=\"1\">\n<div class=\"magic-3\"><span class=\"magic-11\"><span class=\"magic-4\" style=\"font-family: Arial;\">Beispielzeit<\/span><\/span><\/div>\n<\/td>\n<td colspan=\"5\" rowspan=\"1\">\n<div class=\"magic-12\"><span class=\"magic-16\">Das Muster ist kostenlos und wird Ihnen innerhalb eines Tages nach Best\u00e4tigung der Spezifikationen zugesandt.<\/span><\/div>\n<\/td>\n<\/tr>\n<tr>\n<td colspan=\"1\" rowspan=\"1\">\n<div class=\"magic-3\"><span class=\"magic-4\" style=\"font-family: Arial;\">Lieferdetails<\/span><\/div>\n<\/td>\n<td colspan=\"5\" rowspan=\"1\">\n<div class=\"magic-12\">Etwa 25 Tage nach Eingang Ihrer Anzahlung.<\/div>\n<\/td>\n<\/tr>\n<\/tbody>\n<\/table>","protected":false},"excerpt":{"rendered":"<p data-start=\"451\" data-end=\"683\">Das <strong data-start=\"456\" data-end=\"483\">2-lagiges A4-Counterbook<\/strong> ist mit einem <strong data-start=\"503\" data-end=\"525\">strapazierf\u00e4higer Hardcover-Einband<\/strong> Und <strong data-start=\"530\" data-end=\"546\">Klebebandbindung<\/strong>, was eine starke Wirbels\u00e4ule und eine langfristige Nutzung gew\u00e4hrleistet. Mit <strong data-start=\"596\" data-end=\"628\">192 hochwertige linierte Seiten<\/strong>, es ist ideal f\u00fcr Schreibaufgaben in der Schule und im B\u00fcro.<\/p>\n<p data-start=\"685\" data-end=\"963\">Gebaut, um zu unterst\u00fctzen <strong data-start=\"702\" data-end=\"735\">Gro\u00dfbestellungen und Individualisierung<\/strong>Dieses Notizbuch kann mit Logos, Coverfarben und Lineaturen der Innenseiten personalisiert werden. Die robuste Bauweise und das professionelle Aussehen machen es perfekt f\u00fcr <strong data-start=\"880\" data-end=\"907\">Schreibwarenh\u00e4ndler<\/strong>, <strong data-start=\"909\" data-end=\"928\">B2B-Beschaffung<\/strong>, Und <strong data-start=\"934\" data-end=\"962\">Ausschreibungen f\u00fcr Bildungsbedarf<\/strong>.<\/p>\n<p data-start=\"965\" data-end=\"1144\">Als <strong data-start=\"970\" data-end=\"998\">Hersteller mit Sitz in China<\/strong>, wir bieten wettbewerbsf\u00e4hige Fabrikpreise, schnelle Lieferung und OEM-Dienstleistungen f\u00fcr Kunden in ganz <strong data-start=\"1097\" data-end=\"1143\">Afrika, Naher Osten und Lateinamerika<\/strong>.<\/p>\n<ul>\n<li><strong>Anbieter:<\/strong> Farbfliegendruck<\/li>\n<li><strong data-start=\"538\" data-end=\"547\">Gr\u00f6\u00dfe:<\/strong> A4 (210 \u00d7 297 mm)<\/li>\n<li><strong data-start=\"567\" data-end=\"586\">Bezugsmaterial:<\/strong> Karton<\/li>\n<li><strong data-start=\"637\" data-end=\"647\">Seiten:<\/strong> 192 \/ 288 \/ 360 Seiten (anpassbar)<\/li>\n<li><strong data-start=\"689\" data-end=\"705\">Inneres Papier:<\/strong> 55\u201370 g\/m\u00b2 holzfreies Papier, ein- oder zweilinig<\/li>\n<li><strong data-start=\"764\" data-end=\"782\">Bindungsart:<\/strong> Starkes R\u00fcckenband f\u00fcr zus\u00e4tzliche Haltbarkeit<\/li>\n<li><strong data-start=\"826\" data-end=\"839\">Drucken:<\/strong> Individueller Logodruck auf Umschlag und Innenseiten m\u00f6glich<\/li>\n<li><strong data-start=\"897\" data-end=\"911\">Verpackung:<\/strong> Standard-Exportkartons oder nach Kundenwunsch<\/li>\n<li><strong data-start=\"965\" data-end=\"983\">Anpassung:<\/strong> OEM\/ODM-Support mit flexibler MOQ<\/li>\n<li><strong data-start=\"1022\" data-end=\"1039\">Anwendungen:<\/strong> Geeignet f\u00fcr Schulen, Hochschulen, \u00f6ffentliche Ausschreibungen, Bildungsanbieter<\/li>\n<\/ul>","protected":false},"featured_media":15775,"comment_status":"open","ping_status":"closed","template":"","meta":[],"product_brand":[],"product_cat":[449],"product_tag":[695,697,696],"class_list":{"0":"post-15769","1":"product","2":"type-product","3":"status-publish","4":"has-post-thumbnail","6":"product_cat-hardcover-notebook","7":"product_tag-192-pages-notebook","8":"product_tag-a4-2-quire-notebook-for-school","9":"product_tag-hard-cover-counter-book","11":"first","12":"instock","13":"shipping-taxable","14":"product-type-simple"},"yoast_head":"<!-- This site is optimized with the Yoast SEO Premium plugin v23.9 (Yoast SEO v25.2) - https:\/\/yoast.com\/wordpress\/plugins\/seo\/ -->\n<title>A4 2 Quire Hard Cover Counter Book | 192 Pages Notebook<\/title>\n<meta name=\"description\" content=\"Order A4 2 Quire Counter Book with 192 pages, hard cover, and tape binding. Ideal for schools, offices, and wholesale buyers. Custom branding available.\" \/>\n<meta name=\"robots\" content=\"index, follow, max-snippet:-1, max-image-preview:large, max-video-preview:-1\" \/>\n<link rel=\"canonical\" href=\"https:\/\/www.colorflyprinting.com\/de\/produkt\/a4-2-lagiges-hardcover-thekenbuch-192-seiten-notizbuch\/\" \/>\n<meta property=\"og:locale\" content=\"de_DE\" \/>\n<meta property=\"og:type\" content=\"article\" \/>\n<meta property=\"og:title\" content=\"A4 2 Quire Hard Cover Counter Book | 192 Pages Notebook\" \/>\n<meta property=\"og:description\" content=\"Order A4 2 Quire Counter Book with 192 pages, hard cover, and tape binding. Ideal for schools, offices, and wholesale buyers. Custom branding available.\" \/>\n<meta property=\"og:url\" content=\"https:\/\/www.colorflyprinting.com\/de\/produkt\/a4-2-lagiges-hardcover-thekenbuch-192-seiten-notizbuch\/\" \/>\n<meta property=\"og:site_name\" content=\"colorflyprinting\" \/>\n<meta property=\"article:modified_time\" content=\"2025-12-02T06:08:03+00:00\" \/>\n<meta property=\"og:image\" content=\"https:\/\/www.colorflyprinting.com\/wp-content\/uploads\/2025\/05\/Main-01-14.jpg\" \/>\n\t<meta property=\"og:image:width\" content=\"1276\" \/>\n\t<meta property=\"og:image:height\" content=\"1276\" \/>\n\t<meta property=\"og:image:type\" content=\"image\/jpeg\" \/>\n<meta name=\"twitter:card\" content=\"summary_large_image\" \/>\n<script type=\"application\/ld+json\" class=\"yoast-schema-graph\">{\"@context\":\"https:\/\/schema.org\",\"@graph\":[{\"@type\":\"WebPage\",\"@id\":\"https:\/\/www.colorflyprinting.com\/product\/a4-2-quire-hard-cover-counter-book-192-pages-notebook\/\",\"url\":\"https:\/\/www.colorflyprinting.com\/product\/a4-2-quire-hard-cover-counter-book-192-pages-notebook\/\",\"name\":\"A4 2 Quire Hard Cover Counter Book | 192 Pages Notebook\",\"isPartOf\":{\"@id\":\"https:\/\/www.colorflyprinting.com\/#website\"},\"primaryImageOfPage\":{\"@id\":\"https:\/\/www.colorflyprinting.com\/product\/a4-2-quire-hard-cover-counter-book-192-pages-notebook\/#primaryimage\"},\"image\":{\"@id\":\"https:\/\/www.colorflyprinting.com\/product\/a4-2-quire-hard-cover-counter-book-192-pages-notebook\/#primaryimage\"},\"thumbnailUrl\":\"https:\/\/www.colorflyprinting.com\/wp-content\/uploads\/2025\/05\/Main-01-14.jpg\",\"datePublished\":\"2025-05-22T07:47:29+00:00\",\"dateModified\":\"2025-12-02T06:08:03+00:00\",\"description\":\"Order A4 2 Quire Counter Book with 192 pages, hard cover, and tape binding. Ideal for schools, offices, and wholesale buyers. Custom branding available.\",\"breadcrumb\":{\"@id\":\"https:\/\/www.colorflyprinting.com\/product\/a4-2-quire-hard-cover-counter-book-192-pages-notebook\/#breadcrumb\"},\"inLanguage\":\"de\",\"potentialAction\":[{\"@type\":\"ReadAction\",\"target\":[\"https:\/\/www.colorflyprinting.com\/product\/a4-2-quire-hard-cover-counter-book-192-pages-notebook\/\"]}]},{\"@type\":\"ImageObject\",\"inLanguage\":\"de\",\"@id\":\"https:\/\/www.colorflyprinting.com\/product\/a4-2-quire-hard-cover-counter-book-192-pages-notebook\/#primaryimage\",\"url\":\"https:\/\/www.colorflyprinting.com\/wp-content\/uploads\/2025\/05\/Main-01-14.jpg\",\"contentUrl\":\"https:\/\/www.colorflyprinting.com\/wp-content\/uploads\/2025\/05\/Main-01-14.jpg\",\"width\":1276,\"height\":1276},{\"@type\":\"BreadcrumbList\",\"@id\":\"https:\/\/www.colorflyprinting.com\/product\/a4-2-quire-hard-cover-counter-book-192-pages-notebook\/#breadcrumb\",\"itemListElement\":[{\"@type\":\"ListItem\",\"position\":1,\"name\":\"Home\",\"item\":\"https:\/\/www.colorflyprinting.com\/\"},{\"@type\":\"ListItem\",\"position\":2,\"name\":\"Product\",\"item\":\"https:\/\/www.colorflyprinting.com\/shop\/\"},{\"@type\":\"ListItem\",\"position\":3,\"name\":\"A4 2 Quire Hard Cover Counter Book | 192 Pages Notebook\"}]},{\"@type\":\"WebSite\",\"@id\":\"https:\/\/www.colorflyprinting.com\/#website\",\"url\":\"https:\/\/www.colorflyprinting.com\/\",\"name\":\"Hefei Colorfly Stationery Co.,Ltd.\",\"description\":\"\",\"publisher\":{\"@id\":\"https:\/\/www.colorflyprinting.com\/#organization\"},\"potentialAction\":[{\"@type\":\"SearchAction\",\"target\":{\"@type\":\"EntryPoint\",\"urlTemplate\":\"https:\/\/www.colorflyprinting.com\/?s={search_term_string}\"},\"query-input\":{\"@type\":\"PropertyValueSpecification\",\"valueRequired\":true,\"valueName\":\"search_term_string\"}}],\"inLanguage\":\"de\"},{\"@type\":\"Organization\",\"@id\":\"https:\/\/www.colorflyprinting.com\/#organization\",\"name\":\"Hefei Colorfly Stationery Co.,Ltd.\",\"url\":\"https:\/\/www.colorflyprinting.com\/\",\"logo\":{\"@type\":\"ImageObject\",\"inLanguage\":\"de\",\"@id\":\"https:\/\/www.colorflyprinting.com\/#\/schema\/logo\/image\/\",\"url\":\"https:\/\/www.colorflyprinting.com\/wp-content\/uploads\/2025\/04\/d167665f943610681229e2f4307b9df.jpg\",\"contentUrl\":\"https:\/\/www.colorflyprinting.com\/wp-content\/uploads\/2025\/04\/d167665f943610681229e2f4307b9df.jpg\",\"width\":780,\"height\":780,\"caption\":\"Hefei Colorfly Stationery Co.,Ltd.\"},\"image\":{\"@id\":\"https:\/\/www.colorflyprinting.com\/#\/schema\/logo\/image\/\"}}]}<\/script>\n<!-- \/ Yoast SEO Premium plugin. -->","yoast_head_json":{"title":"A4 2 Quire Hard Cover Counter Book | 192 Pages Notebook","description":"Order A4 2 Quire Counter Book with 192 pages, hard cover, and tape binding. Ideal for schools, offices, and wholesale buyers. Custom branding available.","robots":{"index":"index","follow":"follow","max-snippet":"max-snippet:-1","max-image-preview":"max-image-preview:large","max-video-preview":"max-video-preview:-1"},"canonical":"https:\/\/www.colorflyprinting.com\/de\/produkt\/a4-2-lagiges-hardcover-thekenbuch-192-seiten-notizbuch\/","og_locale":"de_DE","og_type":"article","og_title":"A4 2 Quire Hard Cover Counter Book | 192 Pages Notebook","og_description":"Order A4 2 Quire Counter Book with 192 pages, hard cover, and tape binding. Ideal for schools, offices, and wholesale buyers. Custom branding available.","og_url":"https:\/\/www.colorflyprinting.com\/de\/produkt\/a4-2-lagiges-hardcover-thekenbuch-192-seiten-notizbuch\/","og_site_name":"colorflyprinting","article_modified_time":"2025-12-02T06:08:03+00:00","og_image":[{"width":1276,"height":1276,"url":"https:\/\/www.colorflyprinting.com\/wp-content\/uploads\/2025\/05\/Main-01-14.jpg","type":"image\/jpeg"}],"twitter_card":"summary_large_image","schema":{"@context":"https:\/\/schema.org","@graph":[{"@type":"WebPage","@id":"https:\/\/www.colorflyprinting.com\/product\/a4-2-quire-hard-cover-counter-book-192-pages-notebook\/","url":"https:\/\/www.colorflyprinting.com\/product\/a4-2-quire-hard-cover-counter-book-192-pages-notebook\/","name":"A4 2 Quire Hard Cover Counter Book | 192 Pages Notebook","isPartOf":{"@id":"https:\/\/www.colorflyprinting.com\/#website"},"primaryImageOfPage":{"@id":"https:\/\/www.colorflyprinting.com\/product\/a4-2-quire-hard-cover-counter-book-192-pages-notebook\/#primaryimage"},"image":{"@id":"https:\/\/www.colorflyprinting.com\/product\/a4-2-quire-hard-cover-counter-book-192-pages-notebook\/#primaryimage"},"thumbnailUrl":"https:\/\/www.colorflyprinting.com\/wp-content\/uploads\/2025\/05\/Main-01-14.jpg","datePublished":"2025-05-22T07:47:29+00:00","dateModified":"2025-12-02T06:08:03+00:00","description":"Order A4 2 Quire Counter Book with 192 pages, hard cover, and tape binding. Ideal for schools, offices, and wholesale buyers. Custom branding available.","breadcrumb":{"@id":"https:\/\/www.colorflyprinting.com\/product\/a4-2-quire-hard-cover-counter-book-192-pages-notebook\/#breadcrumb"},"inLanguage":"de","potentialAction":[{"@type":"ReadAction","target":["https:\/\/www.colorflyprinting.com\/product\/a4-2-quire-hard-cover-counter-book-192-pages-notebook\/"]}]},{"@type":"ImageObject","inLanguage":"de","@id":"https:\/\/www.colorflyprinting.com\/product\/a4-2-quire-hard-cover-counter-book-192-pages-notebook\/#primaryimage","url":"https:\/\/www.colorflyprinting.com\/wp-content\/uploads\/2025\/05\/Main-01-14.jpg","contentUrl":"https:\/\/www.colorflyprinting.com\/wp-content\/uploads\/2025\/05\/Main-01-14.jpg","width":1276,"height":1276},{"@type":"BreadcrumbList","@id":"https:\/\/www.colorflyprinting.com\/product\/a4-2-quire-hard-cover-counter-book-192-pages-notebook\/#breadcrumb","itemListElement":[{"@type":"ListItem","position":1,"name":"Home","item":"https:\/\/www.colorflyprinting.com\/"},{"@type":"ListItem","position":2,"name":"Product","item":"https:\/\/www.colorflyprinting.com\/shop\/"},{"@type":"ListItem","position":3,"name":"A4 2 Quire Hard Cover Counter Book | 192 Pages Notebook"}]},{"@type":"WebSite","@id":"https:\/\/www.colorflyprinting.com\/#website","url":"https:\/\/www.colorflyprinting.com\/","name":"Hefei Colorfly Stationery Co.,Ltd.","description":"","publisher":{"@id":"https:\/\/www.colorflyprinting.com\/#organization"},"potentialAction":[{"@type":"SearchAction","target":{"@type":"EntryPoint","urlTemplate":"https:\/\/www.colorflyprinting.com\/?s={search_term_string}"},"query-input":{"@type":"PropertyValueSpecification","valueRequired":true,"valueName":"search_term_string"}}],"inLanguage":"de"},{"@type":"Organization","@id":"https:\/\/www.colorflyprinting.com\/#organization","name":"Hefei Colorfly Stationery Co.,Ltd.","url":"https:\/\/www.colorflyprinting.com\/","logo":{"@type":"ImageObject","inLanguage":"de","@id":"https:\/\/www.colorflyprinting.com\/#\/schema\/logo\/image\/","url":"https:\/\/www.colorflyprinting.com\/wp-content\/uploads\/2025\/04\/d167665f943610681229e2f4307b9df.jpg","contentUrl":"https:\/\/www.colorflyprinting.com\/wp-content\/uploads\/2025\/04\/d167665f943610681229e2f4307b9df.jpg","width":780,"height":780,"caption":"Hefei Colorfly Stationery Co.,Ltd."},"image":{"@id":"https:\/\/www.colorflyprinting.com\/#\/schema\/logo\/image\/"}}]}},"_links":{"self":[{"href":"https:\/\/www.colorflyprinting.com\/de\/wp-json\/wp\/v2\/product\/15769","targetHints":{"allow":["GET"]}}],"collection":[{"href":"https:\/\/www.colorflyprinting.com\/de\/wp-json\/wp\/v2\/product"}],"about":[{"href":"https:\/\/www.colorflyprinting.com\/de\/wp-json\/wp\/v2\/types\/product"}],"replies":[{"embeddable":true,"href":"https:\/\/www.colorflyprinting.com\/de\/wp-json\/wp\/v2\/comments?post=15769"}],"wp:featuredmedia":[{"embeddable":true,"href":"https:\/\/www.colorflyprinting.com\/de\/wp-json\/wp\/v2\/media\/15775"}],"wp:attachment":[{"href":"https:\/\/www.colorflyprinting.com\/de\/wp-json\/wp\/v2\/media?parent=15769"}],"wp:term":[{"taxonomy":"product_brand","embeddable":true,"href":"https:\/\/www.colorflyprinting.com\/de\/wp-json\/wp\/v2\/product_brand?post=15769"},{"taxonomy":"product_cat","embeddable":true,"href":"https:\/\/www.colorflyprinting.com\/de\/wp-json\/wp\/v2\/product_cat?post=15769"},{"taxonomy":"product_tag","embeddable":true,"href":"https:\/\/www.colorflyprinting.com\/de\/wp-json\/wp\/v2\/product_tag?post=15769"}],"curies":[{"name":"wp","href":"https:\/\/api.w.org\/{rel}","templated":true}]}}