{"id":15715,"date":"2025-05-22T06:48:22","date_gmt":"2025-05-22T06:48:22","guid":{"rendered":"https:\/\/www.colorflyprinting.com\/?post_type=product&#038;p=15715"},"modified":"2025-12-02T06:09:39","modified_gmt":"2025-12-02T06:09:39","slug":"custom-manuscript-book-2-quire-counter-notebook-a6-a5-a4","status":"publish","type":"product","link":"https:\/\/www.colorflyprinting.com\/de\/produkt\/benutzerdefinierte-manuskript-buch-2-lagen-zahler-notizbuch-a6-a5-a4\/","title":{"rendered":"Benutzerdefinierte Manuskript Buch 2 Quire Z\u00e4hler Notebook A6 A5 A4"},"content":{"rendered":"<div class=\"J_module\">\n<div id=\"ali-anchor-AliMagic-ez380s\" class=\"magic-0\" data-section=\"AliMagic-ez380s\" data-section-title=\"Product Description\" data-spm-anchor-id=\"a2700.details-description.0.i0.98e5wH1VwH1V8U\"><\/div>\n<\/div>\n<div class=\"J_module\">\n<div class=\"ife-detail-decorate-table\">\n<table class=\"all magic-1\">\n<tbody>\n<tr>\n<td>\n<div class=\"magic-2\">Produktpalette<\/div>\n<\/td>\n<td colspan=\"3\">\n<div class=\"magic-3\">Notizbuch, \u00dcbungsheft, Lederbuch, Nachf\u00fcllblock, Zeichenbuch, Fachheft, Lehrbuch, Zeitschrift, Schreibheft, Buchhaltungsbuch usw.<\/div>\n<\/td>\n<\/tr>\n<tr>\n<td>\n<div class=\"magic-2\">Produktname<\/div>\n<\/td>\n<td colspan=\"3\">\n<div class=\"magic-3\">Benutzerdefinierte Manuskript Buch 2 Quire Z\u00e4hler Notebook A6 A5 A4 Z\u00e4hler Buch<\/div>\n<\/td>\n<\/tr>\n<tr>\n<td>\n<div class=\"magic-2\">Produktgr\u00f6\u00dfe<\/div>\n<\/td>\n<td colspan=\"3\">\n<div class=\"magic-5\">A3 \/ A4 \/ A5 \/ A6 \/ B5 oder nach Kundenwunsch<\/div>\n<\/td>\n<\/tr>\n<tr>\n<td>\n<div class=\"magic-2\">Bezugsmaterial<\/div>\n<\/td>\n<td colspan=\"3\">\n<div class=\"magic-5\">Kunstdruckpapier, Hochglanzpapier, Elfenbeinkarton, Graukarton, wei\u00dfe R\u00fcckseite, Kraftpapier, PP-Umschlag, PVC-Umschlag usw.<\/div>\n<\/td>\n<\/tr>\n<tr>\n<td>\n<div class=\"magic-2\">Inneres Papiermaterial<\/div>\n<\/td>\n<td colspan=\"3\">\n<div class=\"magic-5\">Holzfreies Papier, Frischfaserpapier, Offsetpapier, Schreibpapier, Recyclingpapier, Zeitungspapier, Kraftpapier usw.<\/div>\n<\/td>\n<\/tr>\n<tr>\n<td>\n<div class=\"magic-2\">\u00a0Bindung<\/div>\n<\/td>\n<td colspan=\"3\">\n<div class=\"magic-3\">Klammerbindung, Klebebindung, Fadenbindung, Klebebindung, Wire-O-Bindung, Bandbindung usw.<\/div>\n<\/td>\n<\/tr>\n<tr>\n<td>\n<div class=\"magic-2\">Paket<\/div>\n<\/td>\n<td colspan=\"3\">\n<div class=\"magic-3\">Schrumpfbeutel \/ Karton oder nach Bedarf<\/div>\n<\/td>\n<\/tr>\n<tr>\n<td>\n<div class=\"magic-2\">Lieferung<\/div>\n<\/td>\n<td colspan=\"3\">\n<div class=\"magic-3\">Vorbehaltlich der Bestellmenge<\/div>\n<\/td>\n<\/tr>\n<tr>\n<td>\n<div class=\"magic-2\">Zitat<\/div>\n<\/td>\n<td colspan=\"3\">\n<div class=\"magic-3\">Basierend auf Material, Gr\u00f6\u00dfe, Menge, Druckfarbe und Verarbeitung usw.<\/div>\n<\/td>\n<\/tr>\n<\/tbody>\n<\/table>\n<\/div>\n<\/div>","protected":false},"excerpt":{"rendered":"<p data-start=\"517\" data-end=\"941\">Auf der Suche nach einem zuverl\u00e4ssigen <strong data-start=\"540\" data-end=\"566\">benutzerdefiniertes Manuskriptbuch<\/strong> Lieferant f\u00fcr Ihren Gro\u00dfkundenbedarf? Das 2-Quire-Thekennotizbuch, erh\u00e4ltlich in <strong data-start=\"649\" data-end=\"673\">Formate A6, A5 und A4<\/strong>ist eine beliebte Wahl f\u00fcr Schulen, B\u00fcros und Schreibwarenh\u00e4ndler in Afrika, dem Nahen Osten und dar\u00fcber hinaus. Dieses Notizbuch ist bekannt f\u00fcr seine robuste Bindung, die gleichm\u00e4\u00dfige Lineatur und das \u00fcbersichtliche Seitenlayout und eignet sich ideal f\u00fcr langfristige Schreib- und Dokumentationsaufgaben.<\/p>\n<p data-start=\"943\" data-end=\"1256\">Ob Sie auf der Suche nach <strong data-start=\"971\" data-end=\"999\">Bildungseinrichtungen<\/strong>, <strong data-start=\"1001\" data-end=\"1018\">Unternehmensnutzung<\/strong>, oder <strong data-start=\"1023\" data-end=\"1050\">Schreibwarenverteilung<\/strong>, A <strong data-start=\"1054\" data-end=\"1074\">2-lagiges Notizbuch<\/strong> bietet die ideale Balance zwischen Kapazit\u00e4t und Mobilit\u00e4t. W\u00e4hlen Sie aus verschiedenen Einbandmaterialien, Seitenzahlen und Anpassungsoptionen wie Logos, Farben und Innenlayouts.<\/p>\n<p data-start=\"1258\" data-end=\"1543\">Als Profi <strong data-start=\"1276\" data-end=\"1301\">Notebook-Hersteller<\/strong>Wir bieten flexible OEM\/ODM-L\u00f6sungen, wettbewerbsf\u00e4hige Gro\u00dfhandelspreise und schnelle Lieferzeiten. Unsere Notizb\u00fccher werden auf hochwertigem Papier gedruckt, das ein Ausbluten der Tinte verhindert und ein fl\u00fcssiges Schreiben erm\u00f6glicht. Daher sind sie ideal f\u00fcr Benutzer von Kugelschreibern und Bleistiften.<\/p>\n<p data-start=\"1545\" data-end=\"1738\">Wenn Sie planen zu importieren <strong data-start=\"1574\" data-end=\"1591\">Z\u00e4hlerb\u00fccher<\/strong> oder <strong data-start=\"1595\" data-end=\"1619\">Manuskript-Notizb\u00fccher<\/strong> Kontaktieren Sie uns noch heute f\u00fcr Gro\u00dfbestellungen. Wir bieten Ihnen Expertenrat, kostenlose Muster und individuelle Optionen, die auf die Anforderungen Ihres Marktes zugeschnitten sind.<\/p>\n<p data-start=\"1545\" data-end=\"1738\">\n<p data-start=\"1545\" data-end=\"1738\"><strong>Anbieter:<\/strong> Farbfliegendruck<br \/>\n<strong>Bindung:<\/strong>Kleben\/Heften\/N\u00e4hen<br \/>\n<strong>Gr\u00f6\u00dfe:<\/strong> A3 \/ A4 \/ A5 \/ A6 \/ B5 oder individuell<br \/>\n<strong>Typ:<\/strong>Hardcover-Thekenbuch<br \/>\n<strong>Bezugsmaterial<\/strong>\uff1aMa\u00dfanfertigungen m\u00f6glich<br \/>\n<strong>Drucken:<\/strong>4c Offsetdruck<br \/>\n<strong>Bl\u00e4tter:<\/strong> 32\/50\/100\/200\/288\/300 Blatt<br \/>\n<strong>Verpackung:<\/strong> Normale Verpackung (Schrumpfbeutel und Karton) oder auf Kundenwunsch<br \/>\n<strong>Logo:<\/strong>Akzeptieren Sie ein individuelles Logo<br \/>\n<strong>Mindestbestellmenge:<\/strong> 5000 St\u00fcck<br \/>\n<strong>OEM:<\/strong> Ja<\/p>","protected":false},"featured_media":15720,"comment_status":"open","ping_status":"closed","template":"","meta":[],"product_brand":[],"product_cat":[449],"product_tag":[684,350,685,683],"class_list":{"0":"post-15715","1":"product","2":"type-product","3":"status-publish","4":"has-post-thumbnail","6":"product_cat-hardcover-notebook","7":"product_tag-2-quire-counter-notebook","8":"product_tag-a4-counter-book","9":"product_tag-custom-manuscript-book","10":"product_tag-hardcover-counter-book","12":"first","13":"instock","14":"shipping-taxable","15":"product-type-simple"},"yoast_head":"<!-- This site is optimized with the Yoast SEO Premium plugin v23.9 (Yoast SEO v25.2) - https:\/\/yoast.com\/wordpress\/plugins\/seo\/ -->\n<title>Custom Manuscript Book | 2 Quire Counter Notebook A6 A4<\/title>\n<meta name=\"description\" content=\"Buy high-quality Custom Manuscript Books in 2 Quire format. Available in A6, A5, and A4 sizes. Perfect for school, office, or wholesale supply needs.\" \/>\n<meta name=\"robots\" content=\"index, follow, max-snippet:-1, max-image-preview:large, max-video-preview:-1\" \/>\n<link rel=\"canonical\" href=\"https:\/\/www.colorflyprinting.com\/de\/produkt\/benutzerdefinierte-manuskript-buch-2-lagen-zahler-notizbuch-a6-a5-a4\/\" \/>\n<meta property=\"og:locale\" content=\"de_DE\" \/>\n<meta property=\"og:type\" content=\"article\" \/>\n<meta property=\"og:title\" content=\"Custom Manuscript Book 2 Quire Counter Notebook A6 A5 A4\" \/>\n<meta property=\"og:description\" content=\"Buy high-quality Custom Manuscript Books in 2 Quire format. Available in A6, A5, and A4 sizes. Perfect for school, office, or wholesale supply needs.\" \/>\n<meta property=\"og:url\" content=\"https:\/\/www.colorflyprinting.com\/de\/produkt\/benutzerdefinierte-manuskript-buch-2-lagen-zahler-notizbuch-a6-a5-a4\/\" \/>\n<meta property=\"og:site_name\" content=\"colorflyprinting\" \/>\n<meta property=\"article:modified_time\" content=\"2025-12-02T06:09:39+00:00\" \/>\n<meta property=\"og:image\" content=\"https:\/\/www.colorflyprinting.com\/wp-content\/uploads\/2025\/05\/Main-07-4.jpg\" \/>\n\t<meta property=\"og:image:width\" content=\"700\" \/>\n\t<meta property=\"og:image:height\" content=\"700\" \/>\n\t<meta property=\"og:image:type\" content=\"image\/jpeg\" \/>\n<meta name=\"twitter:card\" content=\"summary_large_image\" \/>\n<meta name=\"twitter:label1\" content=\"Gesch\u00e4tzte Lesezeit\" \/>\n\t<meta name=\"twitter:data1\" content=\"1\u00a0Minute\" \/>\n<script type=\"application\/ld+json\" class=\"yoast-schema-graph\">{\"@context\":\"https:\/\/schema.org\",\"@graph\":[{\"@type\":\"WebPage\",\"@id\":\"https:\/\/www.colorflyprinting.com\/product\/custom-manuscript-book-2-quire-counter-notebook-a6-a5-a4\/\",\"url\":\"https:\/\/www.colorflyprinting.com\/product\/custom-manuscript-book-2-quire-counter-notebook-a6-a5-a4\/\",\"name\":\"Custom Manuscript Book | 2 Quire Counter Notebook A6 A4\",\"isPartOf\":{\"@id\":\"https:\/\/www.colorflyprinting.com\/#website\"},\"primaryImageOfPage\":{\"@id\":\"https:\/\/www.colorflyprinting.com\/product\/custom-manuscript-book-2-quire-counter-notebook-a6-a5-a4\/#primaryimage\"},\"image\":{\"@id\":\"https:\/\/www.colorflyprinting.com\/product\/custom-manuscript-book-2-quire-counter-notebook-a6-a5-a4\/#primaryimage\"},\"thumbnailUrl\":\"https:\/\/www.colorflyprinting.com\/wp-content\/uploads\/2025\/05\/Main-07-4.jpg\",\"datePublished\":\"2025-05-22T06:48:22+00:00\",\"dateModified\":\"2025-12-02T06:09:39+00:00\",\"description\":\"Buy high-quality Custom Manuscript Books in 2 Quire format. Available in A6, A5, and A4 sizes. Perfect for school, office, or wholesale supply needs.\",\"breadcrumb\":{\"@id\":\"https:\/\/www.colorflyprinting.com\/product\/custom-manuscript-book-2-quire-counter-notebook-a6-a5-a4\/#breadcrumb\"},\"inLanguage\":\"de\",\"potentialAction\":[{\"@type\":\"ReadAction\",\"target\":[\"https:\/\/www.colorflyprinting.com\/product\/custom-manuscript-book-2-quire-counter-notebook-a6-a5-a4\/\"]}]},{\"@type\":\"ImageObject\",\"inLanguage\":\"de\",\"@id\":\"https:\/\/www.colorflyprinting.com\/product\/custom-manuscript-book-2-quire-counter-notebook-a6-a5-a4\/#primaryimage\",\"url\":\"https:\/\/www.colorflyprinting.com\/wp-content\/uploads\/2025\/05\/Main-07-4.jpg\",\"contentUrl\":\"https:\/\/www.colorflyprinting.com\/wp-content\/uploads\/2025\/05\/Main-07-4.jpg\",\"width\":700,\"height\":700},{\"@type\":\"BreadcrumbList\",\"@id\":\"https:\/\/www.colorflyprinting.com\/product\/custom-manuscript-book-2-quire-counter-notebook-a6-a5-a4\/#breadcrumb\",\"itemListElement\":[{\"@type\":\"ListItem\",\"position\":1,\"name\":\"Home\",\"item\":\"https:\/\/www.colorflyprinting.com\/\"},{\"@type\":\"ListItem\",\"position\":2,\"name\":\"Product\",\"item\":\"https:\/\/www.colorflyprinting.com\/shop\/\"},{\"@type\":\"ListItem\",\"position\":3,\"name\":\"Custom Manuscript Book 2 Quire Counter Notebook A6 A5 A4\"}]},{\"@type\":\"WebSite\",\"@id\":\"https:\/\/www.colorflyprinting.com\/#website\",\"url\":\"https:\/\/www.colorflyprinting.com\/\",\"name\":\"Hefei Colorfly Stationery Co.,Ltd.\",\"description\":\"\",\"publisher\":{\"@id\":\"https:\/\/www.colorflyprinting.com\/#organization\"},\"potentialAction\":[{\"@type\":\"SearchAction\",\"target\":{\"@type\":\"EntryPoint\",\"urlTemplate\":\"https:\/\/www.colorflyprinting.com\/?s={search_term_string}\"},\"query-input\":{\"@type\":\"PropertyValueSpecification\",\"valueRequired\":true,\"valueName\":\"search_term_string\"}}],\"inLanguage\":\"de\"},{\"@type\":\"Organization\",\"@id\":\"https:\/\/www.colorflyprinting.com\/#organization\",\"name\":\"Hefei Colorfly Stationery Co.,Ltd.\",\"url\":\"https:\/\/www.colorflyprinting.com\/\",\"logo\":{\"@type\":\"ImageObject\",\"inLanguage\":\"de\",\"@id\":\"https:\/\/www.colorflyprinting.com\/#\/schema\/logo\/image\/\",\"url\":\"https:\/\/www.colorflyprinting.com\/wp-content\/uploads\/2025\/04\/d167665f943610681229e2f4307b9df.jpg\",\"contentUrl\":\"https:\/\/www.colorflyprinting.com\/wp-content\/uploads\/2025\/04\/d167665f943610681229e2f4307b9df.jpg\",\"width\":780,\"height\":780,\"caption\":\"Hefei Colorfly Stationery Co.,Ltd.\"},\"image\":{\"@id\":\"https:\/\/www.colorflyprinting.com\/#\/schema\/logo\/image\/\"}}]}<\/script>\n<!-- \/ Yoast SEO Premium plugin. -->","yoast_head_json":{"title":"Custom Manuscript Book | 2 Quire Counter Notebook A6 A4","description":"Buy high-quality Custom Manuscript Books in 2 Quire format. Available in A6, A5, and A4 sizes. Perfect for school, office, or wholesale supply needs.","robots":{"index":"index","follow":"follow","max-snippet":"max-snippet:-1","max-image-preview":"max-image-preview:large","max-video-preview":"max-video-preview:-1"},"canonical":"https:\/\/www.colorflyprinting.com\/de\/produkt\/benutzerdefinierte-manuskript-buch-2-lagen-zahler-notizbuch-a6-a5-a4\/","og_locale":"de_DE","og_type":"article","og_title":"Custom Manuscript Book 2 Quire Counter Notebook A6 A5 A4","og_description":"Buy high-quality Custom Manuscript Books in 2 Quire format. Available in A6, A5, and A4 sizes. Perfect for school, office, or wholesale supply needs.","og_url":"https:\/\/www.colorflyprinting.com\/de\/produkt\/benutzerdefinierte-manuskript-buch-2-lagen-zahler-notizbuch-a6-a5-a4\/","og_site_name":"colorflyprinting","article_modified_time":"2025-12-02T06:09:39+00:00","og_image":[{"width":700,"height":700,"url":"https:\/\/www.colorflyprinting.com\/wp-content\/uploads\/2025\/05\/Main-07-4.jpg","type":"image\/jpeg"}],"twitter_card":"summary_large_image","twitter_misc":{"Gesch\u00e4tzte Lesezeit":"1\u00a0Minute"},"schema":{"@context":"https:\/\/schema.org","@graph":[{"@type":"WebPage","@id":"https:\/\/www.colorflyprinting.com\/product\/custom-manuscript-book-2-quire-counter-notebook-a6-a5-a4\/","url":"https:\/\/www.colorflyprinting.com\/product\/custom-manuscript-book-2-quire-counter-notebook-a6-a5-a4\/","name":"Custom Manuscript Book | 2 Quire Counter Notebook A6 A4","isPartOf":{"@id":"https:\/\/www.colorflyprinting.com\/#website"},"primaryImageOfPage":{"@id":"https:\/\/www.colorflyprinting.com\/product\/custom-manuscript-book-2-quire-counter-notebook-a6-a5-a4\/#primaryimage"},"image":{"@id":"https:\/\/www.colorflyprinting.com\/product\/custom-manuscript-book-2-quire-counter-notebook-a6-a5-a4\/#primaryimage"},"thumbnailUrl":"https:\/\/www.colorflyprinting.com\/wp-content\/uploads\/2025\/05\/Main-07-4.jpg","datePublished":"2025-05-22T06:48:22+00:00","dateModified":"2025-12-02T06:09:39+00:00","description":"Buy high-quality Custom Manuscript Books in 2 Quire format. Available in A6, A5, and A4 sizes. Perfect for school, office, or wholesale supply needs.","breadcrumb":{"@id":"https:\/\/www.colorflyprinting.com\/product\/custom-manuscript-book-2-quire-counter-notebook-a6-a5-a4\/#breadcrumb"},"inLanguage":"de","potentialAction":[{"@type":"ReadAction","target":["https:\/\/www.colorflyprinting.com\/product\/custom-manuscript-book-2-quire-counter-notebook-a6-a5-a4\/"]}]},{"@type":"ImageObject","inLanguage":"de","@id":"https:\/\/www.colorflyprinting.com\/product\/custom-manuscript-book-2-quire-counter-notebook-a6-a5-a4\/#primaryimage","url":"https:\/\/www.colorflyprinting.com\/wp-content\/uploads\/2025\/05\/Main-07-4.jpg","contentUrl":"https:\/\/www.colorflyprinting.com\/wp-content\/uploads\/2025\/05\/Main-07-4.jpg","width":700,"height":700},{"@type":"BreadcrumbList","@id":"https:\/\/www.colorflyprinting.com\/product\/custom-manuscript-book-2-quire-counter-notebook-a6-a5-a4\/#breadcrumb","itemListElement":[{"@type":"ListItem","position":1,"name":"Home","item":"https:\/\/www.colorflyprinting.com\/"},{"@type":"ListItem","position":2,"name":"Product","item":"https:\/\/www.colorflyprinting.com\/shop\/"},{"@type":"ListItem","position":3,"name":"Custom Manuscript Book 2 Quire Counter Notebook A6 A5 A4"}]},{"@type":"WebSite","@id":"https:\/\/www.colorflyprinting.com\/#website","url":"https:\/\/www.colorflyprinting.com\/","name":"Hefei Colorfly Stationery Co.,Ltd.","description":"","publisher":{"@id":"https:\/\/www.colorflyprinting.com\/#organization"},"potentialAction":[{"@type":"SearchAction","target":{"@type":"EntryPoint","urlTemplate":"https:\/\/www.colorflyprinting.com\/?s={search_term_string}"},"query-input":{"@type":"PropertyValueSpecification","valueRequired":true,"valueName":"search_term_string"}}],"inLanguage":"de"},{"@type":"Organization","@id":"https:\/\/www.colorflyprinting.com\/#organization","name":"Hefei Colorfly Stationery Co.,Ltd.","url":"https:\/\/www.colorflyprinting.com\/","logo":{"@type":"ImageObject","inLanguage":"de","@id":"https:\/\/www.colorflyprinting.com\/#\/schema\/logo\/image\/","url":"https:\/\/www.colorflyprinting.com\/wp-content\/uploads\/2025\/04\/d167665f943610681229e2f4307b9df.jpg","contentUrl":"https:\/\/www.colorflyprinting.com\/wp-content\/uploads\/2025\/04\/d167665f943610681229e2f4307b9df.jpg","width":780,"height":780,"caption":"Hefei Colorfly Stationery Co.,Ltd."},"image":{"@id":"https:\/\/www.colorflyprinting.com\/#\/schema\/logo\/image\/"}}]}},"_links":{"self":[{"href":"https:\/\/www.colorflyprinting.com\/de\/wp-json\/wp\/v2\/product\/15715","targetHints":{"allow":["GET"]}}],"collection":[{"href":"https:\/\/www.colorflyprinting.com\/de\/wp-json\/wp\/v2\/product"}],"about":[{"href":"https:\/\/www.colorflyprinting.com\/de\/wp-json\/wp\/v2\/types\/product"}],"replies":[{"embeddable":true,"href":"https:\/\/www.colorflyprinting.com\/de\/wp-json\/wp\/v2\/comments?post=15715"}],"wp:featuredmedia":[{"embeddable":true,"href":"https:\/\/www.colorflyprinting.com\/de\/wp-json\/wp\/v2\/media\/15720"}],"wp:attachment":[{"href":"https:\/\/www.colorflyprinting.com\/de\/wp-json\/wp\/v2\/media?parent=15715"}],"wp:term":[{"taxonomy":"product_brand","embeddable":true,"href":"https:\/\/www.colorflyprinting.com\/de\/wp-json\/wp\/v2\/product_brand?post=15715"},{"taxonomy":"product_cat","embeddable":true,"href":"https:\/\/www.colorflyprinting.com\/de\/wp-json\/wp\/v2\/product_cat?post=15715"},{"taxonomy":"product_tag","embeddable":true,"href":"https:\/\/www.colorflyprinting.com\/de\/wp-json\/wp\/v2\/product_tag?post=15715"}],"curies":[{"name":"wp","href":"https:\/\/api.w.org\/{rel}","templated":true}]}}