{"id":13775,"date":"2025-05-06T09:06:51","date_gmt":"2025-05-06T09:06:51","guid":{"rendered":"https:\/\/www.colorflyprinting.com\/?post_type=product&#038;p=13775"},"modified":"2025-07-07T06:00:03","modified_gmt":"2025-07-07T06:00:03","slug":"2025-custom-spiral-planner-notebook-for-gift-promo-use","status":"publish","type":"product","link":"https:\/\/www.colorflyprinting.com\/de\/produkt\/2025-benutzerdefiniertes-spiralplaner-notizbuch-fur-werbegeschenke\/","title":{"rendered":"2025 Individuelles Spiralplaner-Notizbuch als Geschenk und Werbegeschenk"},"content":{"rendered":"<div class=\"J_module\">\n<div class=\"detail-decorate-json-renderer-container\">\n<div class=\"magic-1\">\n<div class=\"magic-2\">\n<div class=\"magic-3\">\n<h3 class=\"magic-4\"><b><span class=\"magic-5\"><span data-spm-anchor-id=\"a2700.details-description.0.i1.39b52sIO2sIOY7\">Betreff-Spiralnotizbuch<\/span><\/span><\/b><\/h3>\n<div><strong>*Recycelte Spiralnotizb\u00fccher mit festem Einband<\/strong><\/div>\n<div><strong>* Individuelle, g\u00fcnstige Spiralnotizb\u00fccher in gro\u00dfen Mengen<\/strong><\/div>\n<div><\/div>\n<\/div>\n<\/div>\n<\/div>\n<\/div>\n<\/div>\n<div class=\"J_module\">\n<div class=\"ife-detail-decorate-table\">\n<table class=\"has-title is-zebra all magic-6\">\n<tbody>\n<tr>\n<td colspan=\"1\" rowspan=\"1\">\n<div class=\"magic-7\" data-spm-anchor-id=\"a2700.details-description.0.i0.39b52sIO2sIOY7\">\u00a0Gr\u00f6\u00dfe<\/div>\n<\/td>\n<td colspan=\"5\" rowspan=\"1\">\n<div class=\"magic-8\">\n<div data-spm-anchor-id=\"0.0.0.i3.59844f05Z16MVb\">A4\/A5\/B5\/B6 oder individuell f\u00fcr Spiralnotizb\u00fccher<\/div>\n<\/div>\n<\/td>\n<\/tr>\n<tr>\n<td colspan=\"1\" rowspan=\"1\">\n<div class=\"magic-7\">Seiten<\/div>\n<\/td>\n<td colspan=\"5\" rowspan=\"1\">\n<div class=\"magic-8\">\n<div data-spm-anchor-id=\"0.0.0.i13.59844f05Z16MVb\">60\/80\/100\/120\/150 Bl\u00e4tter usw. oder individuell<\/div>\n<\/div>\n<\/td>\n<\/tr>\n<tr>\n<td colspan=\"1\" rowspan=\"1\">\n<div class=\"magic-7\">Bindung<\/div>\n<\/td>\n<td colspan=\"5\" rowspan=\"1\">\n<div class=\"magic-8\">Spiralbindung<\/div>\n<\/td>\n<\/tr>\n<tr>\n<td colspan=\"1\" rowspan=\"1\">\n<div class=\"magic-7\">Verpackung<\/div>\n<\/td>\n<td colspan=\"5\" rowspan=\"1\">\n<div class=\"magic-8\">Schrumpfbeutel + Kartons<\/div>\n<\/td>\n<\/tr>\n<tr>\n<td colspan=\"1\" rowspan=\"1\">\n<div class=\"magic-7\">Innenpapier<\/div>\n<\/td>\n<td colspan=\"5\" rowspan=\"1\">\n<div class=\"magic-13\">Einzeiliger Druck oder individuell<\/div>\n<\/td>\n<\/tr>\n<tr>\n<td colspan=\"1\" rowspan=\"1\">\n<div class=\"magic-7\">Mindestbestellmenge<\/div>\n<\/td>\n<td colspan=\"5\" rowspan=\"1\">\n<div class=\"magic-13\">10000 St\u00fcck<\/div>\n<\/td>\n<\/tr>\n<\/tbody>\n<\/table>\n<\/div>\n<\/div>","protected":false},"excerpt":{"rendered":"<p><strong>Personalisiertes Spiral-Notizbuch f\u00fcr 2025 mit individuellem Cover, Tagebuchseiten und geschenkfertigem Design. Ideal f\u00fcr Werbegeschenke oder den Einzelhandel. OEM- und Gro\u00dfbestellungen sind willkommen.<\/strong><\/p>\n<p><strong>Anbieter:<\/strong> Farbfliegendruck<br \/>\n<strong>Artikelname:<\/strong> Spiralblock<br \/>\n<strong>Bindung:<\/strong>Doppelte Spiralbindung<br \/>\n<strong>Gr\u00f6\u00dfe:<\/strong> A5\/A6\/A4\/B5<br \/>\n<strong>Typ:<\/strong>Spiralblock<br \/>\n<strong>Bezugsmaterial<\/strong>\uff1aElfenbeinbrett<br \/>\n<strong>Innenseiten:<\/strong>60\/80\/100\/120\/150 Blatt<br \/>\n<strong>Stil:<\/strong> Hardcover-Spiralnotizbuch<br \/>\n<strong>Verpackung:<\/strong> Schrumpfbeutel+Kartons oder auf Anfrage f\u00fcr 3-F\u00e4cher-Notizbuch<br \/>\n<strong>Logo:<\/strong>Akzeptieren Sie ein individuelles Logo<br \/>\n<strong>Mindestbestellmenge:<\/strong> 10000 St\u00fcck<br \/>\n<strong>OEM:<\/strong> Ja<br \/>\n<strong>Situation<\/strong>: Schulen\/B\u00fcro\/Schreibwarenladen\/Geschenk usw.<\/p>\n<p>&nbsp;<\/p>\n<h2>Unser Service<\/h2>\n<p>\u00dcber 13 Jahre Direktverkauf durch den Hersteller<br \/>\nOEM-Serviceunterst\u00fctzung<br \/>\nUnterst\u00fctzung f\u00fcr benutzerdefinierte Pakete<\/p>","protected":false},"featured_media":13781,"comment_status":"open","ping_status":"closed","template":"","meta":[],"product_brand":[],"product_cat":[449,392],"product_tag":[658,657,656],"class_list":{"0":"post-13775","1":"product","2":"type-product","3":"status-publish","4":"has-post-thumbnail","6":"product_cat-hardcover-notebook","7":"product_cat-spiral-notebook","8":"product_tag-hardcover-spiral-notebooks","9":"product_tag-spiral-planner-notebook","10":"product_tag-subject-spiral-notebook","12":"first","13":"instock","14":"featured","15":"shipping-taxable","16":"product-type-simple"},"yoast_head":"<!-- This site is optimized with the Yoast SEO Premium plugin v23.9 (Yoast SEO v25.2) - https:\/\/yoast.com\/wordpress\/plugins\/seo\/ -->\n<title>2025 Custom Spiral Planner Notebook for Gift &amp; Promo Use<\/title>\n<meta name=\"description\" content=\"Personalized 2025 spiral planner notebook with custom cover, diary pages &amp; gift-ready design. Ideal for corporate giveaways or retail. OEM &amp; bulk orders welcome.\" \/>\n<meta name=\"robots\" content=\"index, follow, max-snippet:-1, max-image-preview:large, max-video-preview:-1\" \/>\n<link rel=\"canonical\" href=\"https:\/\/www.colorflyprinting.com\/de\/produkt\/2025-benutzerdefiniertes-spiralplaner-notizbuch-fur-werbegeschenke\/\" \/>\n<meta property=\"og:locale\" content=\"de_DE\" \/>\n<meta property=\"og:type\" content=\"article\" \/>\n<meta property=\"og:title\" content=\"2025 Custom Spiral Planner Notebook for Gift &amp; Promo Use\" \/>\n<meta property=\"og:description\" content=\"Personalized 2025 spiral planner notebook with custom cover, diary pages &amp; gift-ready design. Ideal for corporate giveaways or retail. OEM &amp; bulk orders welcome.\" \/>\n<meta property=\"og:url\" content=\"https:\/\/www.colorflyprinting.com\/de\/produkt\/2025-benutzerdefiniertes-spiralplaner-notizbuch-fur-werbegeschenke\/\" \/>\n<meta property=\"og:site_name\" content=\"colorflyprinting\" \/>\n<meta property=\"article:modified_time\" content=\"2025-07-07T06:00:03+00:00\" \/>\n<meta property=\"og:image\" content=\"https:\/\/www.colorflyprinting.com\/wp-content\/uploads\/2025\/05\/Main-02-3.jpg\" \/>\n\t<meta property=\"og:image:width\" content=\"800\" \/>\n\t<meta property=\"og:image:height\" content=\"800\" \/>\n\t<meta property=\"og:image:type\" content=\"image\/jpeg\" \/>\n<meta name=\"twitter:card\" content=\"summary_large_image\" \/>\n<script type=\"application\/ld+json\" class=\"yoast-schema-graph\">{\"@context\":\"https:\/\/schema.org\",\"@graph\":[{\"@type\":\"WebPage\",\"@id\":\"https:\/\/www.colorflyprinting.com\/product\/2025-custom-spiral-planner-notebook-for-gift-promo-use\/\",\"url\":\"https:\/\/www.colorflyprinting.com\/product\/2025-custom-spiral-planner-notebook-for-gift-promo-use\/\",\"name\":\"2025 Custom Spiral Planner Notebook for Gift & Promo Use\",\"isPartOf\":{\"@id\":\"https:\/\/www.colorflyprinting.com\/#website\"},\"primaryImageOfPage\":{\"@id\":\"https:\/\/www.colorflyprinting.com\/product\/2025-custom-spiral-planner-notebook-for-gift-promo-use\/#primaryimage\"},\"image\":{\"@id\":\"https:\/\/www.colorflyprinting.com\/product\/2025-custom-spiral-planner-notebook-for-gift-promo-use\/#primaryimage\"},\"thumbnailUrl\":\"https:\/\/www.colorflyprinting.com\/wp-content\/uploads\/2025\/05\/Main-02-3.jpg\",\"datePublished\":\"2025-05-06T09:06:51+00:00\",\"dateModified\":\"2025-07-07T06:00:03+00:00\",\"description\":\"Personalized 2025 spiral planner notebook with custom cover, diary pages & gift-ready design. Ideal for corporate giveaways or retail. OEM & bulk orders welcome.\",\"breadcrumb\":{\"@id\":\"https:\/\/www.colorflyprinting.com\/product\/2025-custom-spiral-planner-notebook-for-gift-promo-use\/#breadcrumb\"},\"inLanguage\":\"de\",\"potentialAction\":[{\"@type\":\"ReadAction\",\"target\":[\"https:\/\/www.colorflyprinting.com\/product\/2025-custom-spiral-planner-notebook-for-gift-promo-use\/\"]}]},{\"@type\":\"ImageObject\",\"inLanguage\":\"de\",\"@id\":\"https:\/\/www.colorflyprinting.com\/product\/2025-custom-spiral-planner-notebook-for-gift-promo-use\/#primaryimage\",\"url\":\"https:\/\/www.colorflyprinting.com\/wp-content\/uploads\/2025\/05\/Main-02-3.jpg\",\"contentUrl\":\"https:\/\/www.colorflyprinting.com\/wp-content\/uploads\/2025\/05\/Main-02-3.jpg\",\"width\":800,\"height\":800},{\"@type\":\"BreadcrumbList\",\"@id\":\"https:\/\/www.colorflyprinting.com\/product\/2025-custom-spiral-planner-notebook-for-gift-promo-use\/#breadcrumb\",\"itemListElement\":[{\"@type\":\"ListItem\",\"position\":1,\"name\":\"Home\",\"item\":\"https:\/\/www.colorflyprinting.com\/\"},{\"@type\":\"ListItem\",\"position\":2,\"name\":\"Product\",\"item\":\"https:\/\/www.colorflyprinting.com\/shop\/\"},{\"@type\":\"ListItem\",\"position\":3,\"name\":\"2025 Custom Spiral Planner Notebook for Gift &#038; Promo Use\"}]},{\"@type\":\"WebSite\",\"@id\":\"https:\/\/www.colorflyprinting.com\/#website\",\"url\":\"https:\/\/www.colorflyprinting.com\/\",\"name\":\"Hefei Colorfly Stationery Co.,Ltd.\",\"description\":\"\",\"publisher\":{\"@id\":\"https:\/\/www.colorflyprinting.com\/#organization\"},\"potentialAction\":[{\"@type\":\"SearchAction\",\"target\":{\"@type\":\"EntryPoint\",\"urlTemplate\":\"https:\/\/www.colorflyprinting.com\/?s={search_term_string}\"},\"query-input\":{\"@type\":\"PropertyValueSpecification\",\"valueRequired\":true,\"valueName\":\"search_term_string\"}}],\"inLanguage\":\"de\"},{\"@type\":\"Organization\",\"@id\":\"https:\/\/www.colorflyprinting.com\/#organization\",\"name\":\"Hefei Colorfly Stationery Co.,Ltd.\",\"url\":\"https:\/\/www.colorflyprinting.com\/\",\"logo\":{\"@type\":\"ImageObject\",\"inLanguage\":\"de\",\"@id\":\"https:\/\/www.colorflyprinting.com\/#\/schema\/logo\/image\/\",\"url\":\"https:\/\/www.colorflyprinting.com\/wp-content\/uploads\/2025\/04\/d167665f943610681229e2f4307b9df.jpg\",\"contentUrl\":\"https:\/\/www.colorflyprinting.com\/wp-content\/uploads\/2025\/04\/d167665f943610681229e2f4307b9df.jpg\",\"width\":780,\"height\":780,\"caption\":\"Hefei Colorfly Stationery Co.,Ltd.\"},\"image\":{\"@id\":\"https:\/\/www.colorflyprinting.com\/#\/schema\/logo\/image\/\"}}]}<\/script>\n<!-- \/ Yoast SEO Premium plugin. -->","yoast_head_json":{"title":"2025 Custom Spiral Planner Notebook for Gift & Promo Use","description":"Personalized 2025 spiral planner notebook with custom cover, diary pages & gift-ready design. Ideal for corporate giveaways or retail. OEM & bulk orders welcome.","robots":{"index":"index","follow":"follow","max-snippet":"max-snippet:-1","max-image-preview":"max-image-preview:large","max-video-preview":"max-video-preview:-1"},"canonical":"https:\/\/www.colorflyprinting.com\/de\/produkt\/2025-benutzerdefiniertes-spiralplaner-notizbuch-fur-werbegeschenke\/","og_locale":"de_DE","og_type":"article","og_title":"2025 Custom Spiral Planner Notebook for Gift & Promo Use","og_description":"Personalized 2025 spiral planner notebook with custom cover, diary pages & gift-ready design. Ideal for corporate giveaways or retail. OEM & bulk orders welcome.","og_url":"https:\/\/www.colorflyprinting.com\/de\/produkt\/2025-benutzerdefiniertes-spiralplaner-notizbuch-fur-werbegeschenke\/","og_site_name":"colorflyprinting","article_modified_time":"2025-07-07T06:00:03+00:00","og_image":[{"width":800,"height":800,"url":"https:\/\/www.colorflyprinting.com\/wp-content\/uploads\/2025\/05\/Main-02-3.jpg","type":"image\/jpeg"}],"twitter_card":"summary_large_image","schema":{"@context":"https:\/\/schema.org","@graph":[{"@type":"WebPage","@id":"https:\/\/www.colorflyprinting.com\/product\/2025-custom-spiral-planner-notebook-for-gift-promo-use\/","url":"https:\/\/www.colorflyprinting.com\/product\/2025-custom-spiral-planner-notebook-for-gift-promo-use\/","name":"2025 Custom Spiral Planner Notebook for Gift & Promo Use","isPartOf":{"@id":"https:\/\/www.colorflyprinting.com\/#website"},"primaryImageOfPage":{"@id":"https:\/\/www.colorflyprinting.com\/product\/2025-custom-spiral-planner-notebook-for-gift-promo-use\/#primaryimage"},"image":{"@id":"https:\/\/www.colorflyprinting.com\/product\/2025-custom-spiral-planner-notebook-for-gift-promo-use\/#primaryimage"},"thumbnailUrl":"https:\/\/www.colorflyprinting.com\/wp-content\/uploads\/2025\/05\/Main-02-3.jpg","datePublished":"2025-05-06T09:06:51+00:00","dateModified":"2025-07-07T06:00:03+00:00","description":"Personalized 2025 spiral planner notebook with custom cover, diary pages & gift-ready design. Ideal for corporate giveaways or retail. OEM & bulk orders welcome.","breadcrumb":{"@id":"https:\/\/www.colorflyprinting.com\/product\/2025-custom-spiral-planner-notebook-for-gift-promo-use\/#breadcrumb"},"inLanguage":"de","potentialAction":[{"@type":"ReadAction","target":["https:\/\/www.colorflyprinting.com\/product\/2025-custom-spiral-planner-notebook-for-gift-promo-use\/"]}]},{"@type":"ImageObject","inLanguage":"de","@id":"https:\/\/www.colorflyprinting.com\/product\/2025-custom-spiral-planner-notebook-for-gift-promo-use\/#primaryimage","url":"https:\/\/www.colorflyprinting.com\/wp-content\/uploads\/2025\/05\/Main-02-3.jpg","contentUrl":"https:\/\/www.colorflyprinting.com\/wp-content\/uploads\/2025\/05\/Main-02-3.jpg","width":800,"height":800},{"@type":"BreadcrumbList","@id":"https:\/\/www.colorflyprinting.com\/product\/2025-custom-spiral-planner-notebook-for-gift-promo-use\/#breadcrumb","itemListElement":[{"@type":"ListItem","position":1,"name":"Home","item":"https:\/\/www.colorflyprinting.com\/"},{"@type":"ListItem","position":2,"name":"Product","item":"https:\/\/www.colorflyprinting.com\/shop\/"},{"@type":"ListItem","position":3,"name":"2025 Custom Spiral Planner Notebook for Gift &#038; Promo Use"}]},{"@type":"WebSite","@id":"https:\/\/www.colorflyprinting.com\/#website","url":"https:\/\/www.colorflyprinting.com\/","name":"Hefei Colorfly Stationery Co.,Ltd.","description":"","publisher":{"@id":"https:\/\/www.colorflyprinting.com\/#organization"},"potentialAction":[{"@type":"SearchAction","target":{"@type":"EntryPoint","urlTemplate":"https:\/\/www.colorflyprinting.com\/?s={search_term_string}"},"query-input":{"@type":"PropertyValueSpecification","valueRequired":true,"valueName":"search_term_string"}}],"inLanguage":"de"},{"@type":"Organization","@id":"https:\/\/www.colorflyprinting.com\/#organization","name":"Hefei Colorfly Stationery Co.,Ltd.","url":"https:\/\/www.colorflyprinting.com\/","logo":{"@type":"ImageObject","inLanguage":"de","@id":"https:\/\/www.colorflyprinting.com\/#\/schema\/logo\/image\/","url":"https:\/\/www.colorflyprinting.com\/wp-content\/uploads\/2025\/04\/d167665f943610681229e2f4307b9df.jpg","contentUrl":"https:\/\/www.colorflyprinting.com\/wp-content\/uploads\/2025\/04\/d167665f943610681229e2f4307b9df.jpg","width":780,"height":780,"caption":"Hefei Colorfly Stationery Co.,Ltd."},"image":{"@id":"https:\/\/www.colorflyprinting.com\/#\/schema\/logo\/image\/"}}]}},"_links":{"self":[{"href":"https:\/\/www.colorflyprinting.com\/de\/wp-json\/wp\/v2\/product\/13775","targetHints":{"allow":["GET"]}}],"collection":[{"href":"https:\/\/www.colorflyprinting.com\/de\/wp-json\/wp\/v2\/product"}],"about":[{"href":"https:\/\/www.colorflyprinting.com\/de\/wp-json\/wp\/v2\/types\/product"}],"replies":[{"embeddable":true,"href":"https:\/\/www.colorflyprinting.com\/de\/wp-json\/wp\/v2\/comments?post=13775"}],"wp:featuredmedia":[{"embeddable":true,"href":"https:\/\/www.colorflyprinting.com\/de\/wp-json\/wp\/v2\/media\/13781"}],"wp:attachment":[{"href":"https:\/\/www.colorflyprinting.com\/de\/wp-json\/wp\/v2\/media?parent=13775"}],"wp:term":[{"taxonomy":"product_brand","embeddable":true,"href":"https:\/\/www.colorflyprinting.com\/de\/wp-json\/wp\/v2\/product_brand?post=13775"},{"taxonomy":"product_cat","embeddable":true,"href":"https:\/\/www.colorflyprinting.com\/de\/wp-json\/wp\/v2\/product_cat?post=13775"},{"taxonomy":"product_tag","embeddable":true,"href":"https:\/\/www.colorflyprinting.com\/de\/wp-json\/wp\/v2\/product_tag?post=13775"}],"curies":[{"name":"wp","href":"https:\/\/api.w.org\/{rel}","templated":true}]}}