{"id":12679,"date":"2025-04-30T07:34:24","date_gmt":"2025-04-30T07:34:24","guid":{"rendered":"https:\/\/www.colorflyprinting.com\/?post_type=product&#038;p=12679"},"modified":"2025-05-12T05:36:32","modified_gmt":"2025-05-12T05:36:32","slug":"wholesale-custom-design-school-office-spiral-book","status":"publish","type":"product","link":"https:\/\/www.colorflyprinting.com\/de\/produkt\/groshandel-benutzerdefiniertes-design-schulburo-spiralbuch\/","title":{"rendered":"Gro\u00dfhandels-Spiralbuch f\u00fcr Schule\/B\u00fcro mit individuellem Design"},"content":{"rendered":"<table class=\"has-title is-zebra all magic-5\">\n<tbody>\n<tr>\n<td colspan=\"1\" rowspan=\"1\">\n<div class=\"magic-6\" data-spm-anchor-id=\"a2700.details-description.0.i0.66caI4EqI4EqT7\">Gr\u00f6\u00dfe<\/div>\n<\/td>\n<td colspan=\"5\" rowspan=\"1\">\n<div class=\"magic-7\">\n<div data-spm-anchor-id=\"0.0.0.i3.59844f05Z16MVb\">145*208cm (A5, A6, A7 usw. individuell)<\/div>\n<\/div>\n<\/td>\n<\/tr>\n<tr>\n<td colspan=\"1\" rowspan=\"1\">\n<div class=\"magic-6\">Bl\u00e4tter<\/div>\n<\/td>\n<td colspan=\"5\" rowspan=\"1\">\n<div class=\"magic-7\">\n<div data-spm-anchor-id=\"0.0.0.i13.59844f05Z16MVb\">80 Blatt oder individuell<\/div>\n<\/div>\n<\/td>\n<\/tr>\n<tr>\n<td colspan=\"1\" rowspan=\"1\">\n<div class=\"magic-6\">Bindung<\/div>\n<\/td>\n<td colspan=\"5\" rowspan=\"1\">\n<div class=\"magic-7\">Doppelspiralbindung<\/div>\n<\/td>\n<\/tr>\n<tr>\n<td colspan=\"1\" rowspan=\"1\">\n<div class=\"magic-6\">Verpackung<\/div>\n<\/td>\n<td colspan=\"5\" rowspan=\"1\">\n<div class=\"magic-7\">10 St\u00fcck\/Opp-Beutel<\/div>\n<\/td>\n<\/tr>\n<tr>\n<td colspan=\"1\" rowspan=\"1\">\n<div class=\"magic-6\">Mindestbestellmenge<\/div>\n<\/td>\n<td colspan=\"5\" rowspan=\"1\">\n<div class=\"magic-12\">10000 St\u00fcck<\/div>\n<\/td>\n<\/tr>\n<\/tbody>\n<\/table>","protected":false},"excerpt":{"rendered":"<p><strong>Gestalten Sie Ihre Spiralhefte individuell f\u00fcr Schule und B\u00fcro. Robuste und professionelle Notizb\u00fccher sind in gro\u00dfen Mengen zu Gro\u00dfhandelspreisen erh\u00e4ltlich. Ideal zum Schreiben, f\u00fcr Notizen und Besprechungen.<\/strong><\/p>\n<p><strong>Anbieter:<\/strong> Farbfliegendruck<br \/>\n<strong>Artikelname:<\/strong> Individuell gestaltetes Classmate-Spiralbuch im Gro\u00dfhandel<br \/>\n<strong>Bindung:<\/strong>Spiralbindung<br \/>\n<strong>Gr\u00f6\u00dfe:<\/strong> A5 oder benutzerdefiniert<br \/>\n<strong>Typ:<\/strong>Spiralbuch<br \/>\n<strong>Produktfarbe<\/strong>: Rot, Schwarz, Kaffee, Blau, Orange usw.<br \/>\n<strong>Drucken:<\/strong>4c Offsetdruck<br \/>\n<strong>Bl\u00e4tter:<\/strong> 80 Blatt oder individuell<br \/>\n<strong>Verpackung:<\/strong> 1 St\u00fcck\/Opp-Tasche + Kartons oder individuell nach Kundenwunsch<br \/>\n<strong>Logo:<\/strong>Akzeptieren Sie ein individuelles Logo<br \/>\n<strong>Mindestbestellmenge:<\/strong> 10000 St\u00fcck<br \/>\n<strong>OEM:<\/strong> Ja<br \/>\n<strong>Situation<\/strong>: B\u00fcro\/Schule\/Zuhause\/Geschenk<\/p>\n<p>&nbsp;<\/p>\n<h2>Unser Service<\/h2>\n<p>\u00dcber 13 Jahre Direktverkauf durch den Hersteller<br \/>\nOEM-Serviceunterst\u00fctzung<br \/>\nUnterst\u00fctzung f\u00fcr benutzerdefinierte Pakete<\/p>","protected":false},"featured_media":12684,"comment_status":"open","ping_status":"closed","template":"","meta":[],"product_brand":[],"product_cat":[392],"product_tag":[644,643],"class_list":{"0":"post-12679","1":"product","2":"type-product","3":"status-publish","4":"has-post-thumbnail","6":"product_cat-spiral-notebook","7":"product_tag-spiral-books-for-school-office","8":"product_tag-wholesale-custom-spiral-books-for-school-office","10":"first","11":"instock","12":"featured","13":"shipping-taxable","14":"product-type-simple"},"yoast_head":"<!-- This site is optimized with the Yoast SEO Premium plugin v23.9 (Yoast SEO v25.2) - https:\/\/yoast.com\/wordpress\/plugins\/seo\/ -->\n<title>Wholesale Custom Spiral Books for School &amp; Office - Colorflyprinting<\/title>\n<meta name=\"description\" content=\"Get custom design spiral books for school or office use. Durable and professional notebooks available in bulk at wholesale prices. Ideal for writing, notes, and meetings.\" \/>\n<meta name=\"robots\" content=\"index, follow, max-snippet:-1, max-image-preview:large, max-video-preview:-1\" \/>\n<link rel=\"canonical\" href=\"https:\/\/www.colorflyprinting.com\/de\/produkt\/groshandel-benutzerdefiniertes-design-schulburo-spiralbuch\/\" \/>\n<meta property=\"og:locale\" content=\"de_DE\" \/>\n<meta property=\"og:type\" content=\"article\" \/>\n<meta property=\"og:title\" content=\"Wholesale Custom Design School \/ Office Spiral Book\" \/>\n<meta property=\"og:description\" content=\"Get custom design spiral books for school or office use. Durable and professional notebooks available in bulk at wholesale prices. Ideal for writing, notes, and meetings.\" \/>\n<meta property=\"og:url\" content=\"https:\/\/www.colorflyprinting.com\/de\/produkt\/groshandel-benutzerdefiniertes-design-schulburo-spiralbuch\/\" \/>\n<meta property=\"og:site_name\" content=\"colorflyprinting\" \/>\n<meta property=\"article:modified_time\" content=\"2025-05-12T05:36:32+00:00\" \/>\n<meta property=\"og:image\" content=\"https:\/\/www.colorflyprinting.com\/wp-content\/uploads\/2025\/04\/Main-05-44.jpg\" \/>\n\t<meta property=\"og:image:width\" content=\"700\" \/>\n\t<meta property=\"og:image:height\" content=\"700\" \/>\n\t<meta property=\"og:image:type\" content=\"image\/jpeg\" \/>\n<meta name=\"twitter:card\" content=\"summary_large_image\" \/>\n<script type=\"application\/ld+json\" class=\"yoast-schema-graph\">{\"@context\":\"https:\/\/schema.org\",\"@graph\":[{\"@type\":\"WebPage\",\"@id\":\"https:\/\/www.colorflyprinting.com\/product\/wholesale-custom-design-school-office-spiral-book\/\",\"url\":\"https:\/\/www.colorflyprinting.com\/product\/wholesale-custom-design-school-office-spiral-book\/\",\"name\":\"Wholesale Custom Spiral Books for School & Office - Colorflyprinting\",\"isPartOf\":{\"@id\":\"https:\/\/www.colorflyprinting.com\/#website\"},\"primaryImageOfPage\":{\"@id\":\"https:\/\/www.colorflyprinting.com\/product\/wholesale-custom-design-school-office-spiral-book\/#primaryimage\"},\"image\":{\"@id\":\"https:\/\/www.colorflyprinting.com\/product\/wholesale-custom-design-school-office-spiral-book\/#primaryimage\"},\"thumbnailUrl\":\"https:\/\/www.colorflyprinting.com\/wp-content\/uploads\/2025\/04\/Main-05-44.jpg\",\"datePublished\":\"2025-04-30T07:34:24+00:00\",\"dateModified\":\"2025-05-12T05:36:32+00:00\",\"description\":\"Get custom design spiral books for school or office use. Durable and professional notebooks available in bulk at wholesale prices. Ideal for writing, notes, and meetings.\",\"breadcrumb\":{\"@id\":\"https:\/\/www.colorflyprinting.com\/product\/wholesale-custom-design-school-office-spiral-book\/#breadcrumb\"},\"inLanguage\":\"de\",\"potentialAction\":[{\"@type\":\"ReadAction\",\"target\":[\"https:\/\/www.colorflyprinting.com\/product\/wholesale-custom-design-school-office-spiral-book\/\"]}]},{\"@type\":\"ImageObject\",\"inLanguage\":\"de\",\"@id\":\"https:\/\/www.colorflyprinting.com\/product\/wholesale-custom-design-school-office-spiral-book\/#primaryimage\",\"url\":\"https:\/\/www.colorflyprinting.com\/wp-content\/uploads\/2025\/04\/Main-05-44.jpg\",\"contentUrl\":\"https:\/\/www.colorflyprinting.com\/wp-content\/uploads\/2025\/04\/Main-05-44.jpg\",\"width\":700,\"height\":700},{\"@type\":\"BreadcrumbList\",\"@id\":\"https:\/\/www.colorflyprinting.com\/product\/wholesale-custom-design-school-office-spiral-book\/#breadcrumb\",\"itemListElement\":[{\"@type\":\"ListItem\",\"position\":1,\"name\":\"Home\",\"item\":\"https:\/\/www.colorflyprinting.com\/\"},{\"@type\":\"ListItem\",\"position\":2,\"name\":\"Product\",\"item\":\"https:\/\/www.colorflyprinting.com\/shop\/\"},{\"@type\":\"ListItem\",\"position\":3,\"name\":\"Wholesale Custom Design School \/ Office Spiral Book\"}]},{\"@type\":\"WebSite\",\"@id\":\"https:\/\/www.colorflyprinting.com\/#website\",\"url\":\"https:\/\/www.colorflyprinting.com\/\",\"name\":\"Hefei Colorfly Stationery Co.,Ltd.\",\"description\":\"\",\"publisher\":{\"@id\":\"https:\/\/www.colorflyprinting.com\/#organization\"},\"potentialAction\":[{\"@type\":\"SearchAction\",\"target\":{\"@type\":\"EntryPoint\",\"urlTemplate\":\"https:\/\/www.colorflyprinting.com\/?s={search_term_string}\"},\"query-input\":{\"@type\":\"PropertyValueSpecification\",\"valueRequired\":true,\"valueName\":\"search_term_string\"}}],\"inLanguage\":\"de\"},{\"@type\":\"Organization\",\"@id\":\"https:\/\/www.colorflyprinting.com\/#organization\",\"name\":\"Hefei Colorfly Stationery Co.,Ltd.\",\"url\":\"https:\/\/www.colorflyprinting.com\/\",\"logo\":{\"@type\":\"ImageObject\",\"inLanguage\":\"de\",\"@id\":\"https:\/\/www.colorflyprinting.com\/#\/schema\/logo\/image\/\",\"url\":\"https:\/\/www.colorflyprinting.com\/wp-content\/uploads\/2025\/04\/d167665f943610681229e2f4307b9df.jpg\",\"contentUrl\":\"https:\/\/www.colorflyprinting.com\/wp-content\/uploads\/2025\/04\/d167665f943610681229e2f4307b9df.jpg\",\"width\":780,\"height\":780,\"caption\":\"Hefei Colorfly Stationery Co.,Ltd.\"},\"image\":{\"@id\":\"https:\/\/www.colorflyprinting.com\/#\/schema\/logo\/image\/\"}}]}<\/script>\n<!-- \/ Yoast SEO Premium plugin. -->","yoast_head_json":{"title":"Wholesale Custom Spiral Books for School & Office - Colorflyprinting","description":"Get custom design spiral books for school or office use. Durable and professional notebooks available in bulk at wholesale prices. Ideal for writing, notes, and meetings.","robots":{"index":"index","follow":"follow","max-snippet":"max-snippet:-1","max-image-preview":"max-image-preview:large","max-video-preview":"max-video-preview:-1"},"canonical":"https:\/\/www.colorflyprinting.com\/de\/produkt\/groshandel-benutzerdefiniertes-design-schulburo-spiralbuch\/","og_locale":"de_DE","og_type":"article","og_title":"Wholesale Custom Design School \/ Office Spiral Book","og_description":"Get custom design spiral books for school or office use. Durable and professional notebooks available in bulk at wholesale prices. Ideal for writing, notes, and meetings.","og_url":"https:\/\/www.colorflyprinting.com\/de\/produkt\/groshandel-benutzerdefiniertes-design-schulburo-spiralbuch\/","og_site_name":"colorflyprinting","article_modified_time":"2025-05-12T05:36:32+00:00","og_image":[{"width":700,"height":700,"url":"https:\/\/www.colorflyprinting.com\/wp-content\/uploads\/2025\/04\/Main-05-44.jpg","type":"image\/jpeg"}],"twitter_card":"summary_large_image","schema":{"@context":"https:\/\/schema.org","@graph":[{"@type":"WebPage","@id":"https:\/\/www.colorflyprinting.com\/product\/wholesale-custom-design-school-office-spiral-book\/","url":"https:\/\/www.colorflyprinting.com\/product\/wholesale-custom-design-school-office-spiral-book\/","name":"Wholesale Custom Spiral Books for School & Office - Colorflyprinting","isPartOf":{"@id":"https:\/\/www.colorflyprinting.com\/#website"},"primaryImageOfPage":{"@id":"https:\/\/www.colorflyprinting.com\/product\/wholesale-custom-design-school-office-spiral-book\/#primaryimage"},"image":{"@id":"https:\/\/www.colorflyprinting.com\/product\/wholesale-custom-design-school-office-spiral-book\/#primaryimage"},"thumbnailUrl":"https:\/\/www.colorflyprinting.com\/wp-content\/uploads\/2025\/04\/Main-05-44.jpg","datePublished":"2025-04-30T07:34:24+00:00","dateModified":"2025-05-12T05:36:32+00:00","description":"Get custom design spiral books for school or office use. Durable and professional notebooks available in bulk at wholesale prices. Ideal for writing, notes, and meetings.","breadcrumb":{"@id":"https:\/\/www.colorflyprinting.com\/product\/wholesale-custom-design-school-office-spiral-book\/#breadcrumb"},"inLanguage":"de","potentialAction":[{"@type":"ReadAction","target":["https:\/\/www.colorflyprinting.com\/product\/wholesale-custom-design-school-office-spiral-book\/"]}]},{"@type":"ImageObject","inLanguage":"de","@id":"https:\/\/www.colorflyprinting.com\/product\/wholesale-custom-design-school-office-spiral-book\/#primaryimage","url":"https:\/\/www.colorflyprinting.com\/wp-content\/uploads\/2025\/04\/Main-05-44.jpg","contentUrl":"https:\/\/www.colorflyprinting.com\/wp-content\/uploads\/2025\/04\/Main-05-44.jpg","width":700,"height":700},{"@type":"BreadcrumbList","@id":"https:\/\/www.colorflyprinting.com\/product\/wholesale-custom-design-school-office-spiral-book\/#breadcrumb","itemListElement":[{"@type":"ListItem","position":1,"name":"Home","item":"https:\/\/www.colorflyprinting.com\/"},{"@type":"ListItem","position":2,"name":"Product","item":"https:\/\/www.colorflyprinting.com\/shop\/"},{"@type":"ListItem","position":3,"name":"Wholesale Custom Design School \/ Office Spiral Book"}]},{"@type":"WebSite","@id":"https:\/\/www.colorflyprinting.com\/#website","url":"https:\/\/www.colorflyprinting.com\/","name":"Hefei Colorfly Stationery Co.,Ltd.","description":"","publisher":{"@id":"https:\/\/www.colorflyprinting.com\/#organization"},"potentialAction":[{"@type":"SearchAction","target":{"@type":"EntryPoint","urlTemplate":"https:\/\/www.colorflyprinting.com\/?s={search_term_string}"},"query-input":{"@type":"PropertyValueSpecification","valueRequired":true,"valueName":"search_term_string"}}],"inLanguage":"de"},{"@type":"Organization","@id":"https:\/\/www.colorflyprinting.com\/#organization","name":"Hefei Colorfly Stationery Co.,Ltd.","url":"https:\/\/www.colorflyprinting.com\/","logo":{"@type":"ImageObject","inLanguage":"de","@id":"https:\/\/www.colorflyprinting.com\/#\/schema\/logo\/image\/","url":"https:\/\/www.colorflyprinting.com\/wp-content\/uploads\/2025\/04\/d167665f943610681229e2f4307b9df.jpg","contentUrl":"https:\/\/www.colorflyprinting.com\/wp-content\/uploads\/2025\/04\/d167665f943610681229e2f4307b9df.jpg","width":780,"height":780,"caption":"Hefei Colorfly Stationery Co.,Ltd."},"image":{"@id":"https:\/\/www.colorflyprinting.com\/#\/schema\/logo\/image\/"}}]}},"_links":{"self":[{"href":"https:\/\/www.colorflyprinting.com\/de\/wp-json\/wp\/v2\/product\/12679","targetHints":{"allow":["GET"]}}],"collection":[{"href":"https:\/\/www.colorflyprinting.com\/de\/wp-json\/wp\/v2\/product"}],"about":[{"href":"https:\/\/www.colorflyprinting.com\/de\/wp-json\/wp\/v2\/types\/product"}],"replies":[{"embeddable":true,"href":"https:\/\/www.colorflyprinting.com\/de\/wp-json\/wp\/v2\/comments?post=12679"}],"wp:featuredmedia":[{"embeddable":true,"href":"https:\/\/www.colorflyprinting.com\/de\/wp-json\/wp\/v2\/media\/12684"}],"wp:attachment":[{"href":"https:\/\/www.colorflyprinting.com\/de\/wp-json\/wp\/v2\/media?parent=12679"}],"wp:term":[{"taxonomy":"product_brand","embeddable":true,"href":"https:\/\/www.colorflyprinting.com\/de\/wp-json\/wp\/v2\/product_brand?post=12679"},{"taxonomy":"product_cat","embeddable":true,"href":"https:\/\/www.colorflyprinting.com\/de\/wp-json\/wp\/v2\/product_cat?post=12679"},{"taxonomy":"product_tag","embeddable":true,"href":"https:\/\/www.colorflyprinting.com\/de\/wp-json\/wp\/v2\/product_tag?post=12679"}],"curies":[{"name":"wp","href":"https:\/\/api.w.org\/{rel}","templated":true}]}}