{"id":12656,"date":"2025-04-30T06:19:38","date_gmt":"2025-04-30T06:19:38","guid":{"rendered":"https:\/\/www.colorflyprinting.com\/?post_type=product&#038;p=12656"},"modified":"2025-10-28T09:21:31","modified_gmt":"2025-10-28T09:21:31","slug":"hard-cover-spiral-note-book-customised-notebook","status":"publish","type":"product","link":"https:\/\/www.colorflyprinting.com\/de\/produkt\/hardcover-spiralnotizbuch-individuelles-notizbuch\/","title":{"rendered":"Hardcover-Spiralnotizbuch, personalisiertes Notizbuch"},"content":{"rendered":"<table class=\"has-title all magic-1\">\n<tbody>\n<tr>\n<td colspan=\"1\" rowspan=\"1\">\n<div class=\"magic-2\"><span class=\"magic-3\" style=\"font-family: Arial;\" data-spm-anchor-id=\"a2700.details-description.0.i0.1188ArIyArIyDy\">Produktname<\/span><\/div>\n<\/td>\n<td colspan=\"5\" rowspan=\"1\">\n<div class=\"magic-4\">\n<div data-spm-anchor-id=\"0.0.0.i3.59844f05Z16MVb\">Gro\u00dfhandel individuell bedrucktes Logo-Schul-Spiralnotizbuch<\/div>\n<\/div>\n<\/td>\n<\/tr>\n<tr>\n<td colspan=\"1\" rowspan=\"1\">\n<div class=\"magic-2\"><span style=\"font-family: Arial;\">Seiten<\/span><\/div>\n<\/td>\n<td colspan=\"5\" rowspan=\"1\">\n<div class=\"magic-4\">\n<div data-spm-anchor-id=\"0.0.0.i13.59844f05Z16MVb\">100\/200\/400 Seiten oder individuell<\/div>\n<\/div>\n<\/td>\n<\/tr>\n<tr>\n<td colspan=\"1\" rowspan=\"1\">\n<div class=\"magic-2\"><span class=\"magic-3\" style=\"font-family: Arial;\">Bindung<\/span><\/div>\n<\/td>\n<td colspan=\"5\" rowspan=\"1\">\n<div class=\"magic-4\">Spiralbindung<\/div>\n<\/td>\n<\/tr>\n<tr>\n<td colspan=\"1\" rowspan=\"1\">\n<div class=\"magic-2\"><span class=\"magic-3\" style=\"font-family: Arial;\">Mindestbestellmenge<\/span><\/div>\n<\/td>\n<td colspan=\"5\" rowspan=\"1\">\n<div class=\"magic-4\">20 Fu\u00df Container<\/div>\n<\/td>\n<\/tr>\n<tr>\n<td colspan=\"1\" rowspan=\"1\">\n<div class=\"magic-2\"><span class=\"magic-10\"><span class=\"magic-3\" style=\"font-family: Arial;\">Bezugsmaterial\u00a0<\/span><\/span><\/div>\n<\/td>\n<td colspan=\"5\" rowspan=\"1\">\n<div class=\"magic-11\"><span class=\"magic-12\"><span class=\"magic-13\" data-spm-anchor-id=\"0.0.0.i17.659c4f05hpTzMY\"><span class=\"magic-6 magic-13\" data-spm-anchor-id=\"0.0.0.i10.659c4f05hpTzMY\">Kunstdruckpapier (Hochglanzpapier)<\/span>\u00a0<\/span><\/span><b class=\"magic-14\" data-spm-anchor-id=\"0.0.0.i2.659c4f05hpTzMY\">\/\u00a0<\/b><span class=\"magic-12\" data-spm-anchor-id=\"0.0.0.i2.659c4f05hpTzMY\">Elfenbeinkarton<\/span><span class=\"magic-15\">\u00a0\/<span data-spm-anchor-id=\"a2700.siteadmin.0.i5.5fb7ac40eucAmy\">\u00a0<\/span><\/span><span class=\"magic-16\" data-spm-anchor-id=\"0.0.0.i11.659c4f05hpTzMY\"><span class=\"magic-17\" data-spm-anchor-id=\"0.0.0.i5.659c4f05Mw08yR\"><span class=\"magic-18\">PP<\/span><\/span><\/span><b class=\"magic-14\" data-spm-anchor-id=\"0.0.0.i12.659c4f05hpTzMY\"><span data-spm-anchor-id=\"a2700.siteadmin.0.i4.5fb7ac40eucAmy\">\u00a0<\/span><\/b><span class=\"magic-15\" data-spm-anchor-id=\"a2700.siteadmin.0.i3.5fb7ac40eucAmy\">\/ 2mm Graukarton<\/span><\/div>\n<\/td>\n<\/tr>\n<tr>\n<td colspan=\"1\" rowspan=\"1\">\n<div class=\"magic-2\"><span class=\"magic-10\"><span class=\"magic-3\" style=\"font-family: Arial;\">Covergestaltung<\/span><\/span><\/div>\n<\/td>\n<td colspan=\"5\" rowspan=\"1\">\n<div class=\"magic-11\"><span class=\"magic-15\">Akzeptieren Sie Ihr Logo und Design mit Vollfarbdruck<\/span><\/div>\n<\/td>\n<\/tr>\n<tr>\n<td colspan=\"1\" rowspan=\"1\">\n<div class=\"magic-2\"><span class=\"magic-10\"><span class=\"magic-3\" style=\"font-family: Arial;\">Innen bedruckt<\/span><\/span><\/div>\n<\/td>\n<td colspan=\"5\" rowspan=\"1\">\n<div class=\"magic-11\"><span class=\"magic-16\" data-spm-anchor-id=\"0.0.0.i3.659c4f052ECamY\"><span data-spm-anchor-id=\"a2700.siteadmin.0.i5.1b1eac40c7SirH\"><span class=\"magic-6 magic-17\" data-spm-anchor-id=\"0.0.0.i4.659c4f05Aw8tDS\"><span class=\"magic-17\" data-spm-anchor-id=\"0.0.0.i2.659c4f052ECamY\"><span class=\"magic-18\">Lineatur (Einzellinie)<\/span><\/span><\/span>\u00a0<\/span><\/span><span class=\"magic-15\" data-spm-anchor-id=\"a2700.siteadmin.0.i4.1b1eac40c7SirH\">\/\u00a0<\/span><span class=\"magic-6 magic-12\" data-spm-anchor-id=\"0.0.0.i2.659c4f057mTM3v\">Franz\u00f6sische Linie<\/span><span class=\"magic-15\">\u00a0\/\u00a0<\/span><span class=\"magic-12\" data-spm-anchor-id=\"0.0.0.i1.659c4f05Mw08yR\">Arabische Linie<\/span><span class=\"magic-15\">\u00a0\/<\/span><span class=\"magic-16\"><span class=\"magic-25\" data-spm-anchor-id=\"a2700.siteadmin.0.i2.1b1eac40c7SirH\"><b>\u00a0<\/b><\/span><span class=\"magic-17\"><span data-spm-anchor-id=\"a2700.siteadmin.0.i9.5fb7ac40eucAmy\">Kariert<\/span><span class=\"magic-26\" data-spm-anchor-id=\"0.0.0.i5.659c4f05Aw8tDS\">\u00a0<\/span><\/span><\/span><span class=\"magic-15\">\/ Doppelzeilig\/ 4-zeilig Englisch<\/span><\/div>\n<\/td>\n<\/tr>\n<tr>\n<td colspan=\"1\" rowspan=\"1\">\n<div class=\"magic-2\"><span class=\"magic-10\"><span class=\"magic-3\" style=\"font-family: Arial;\">Verwendung<\/span><\/span><\/div>\n<\/td>\n<td colspan=\"5\" rowspan=\"1\">\n<div class=\"magic-11\"><span class=\"magic-15\">Schule \/ B\u00fcro \/ Geschenk<\/span><\/div>\n<\/td>\n<\/tr>\n<tr>\n<td colspan=\"1\" rowspan=\"1\">\n<div class=\"magic-2\"><span class=\"magic-10\"><span class=\"magic-3\" style=\"font-family: Arial;\">Verpackung<\/span><\/span><\/div>\n<\/td>\n<td colspan=\"5\" rowspan=\"1\">\n<div class=\"magic-11\"><span class=\"magic-15\" data-spm-anchor-id=\"0.0.0.i15.59844f05Y46zmD\">Schrumpfbeutel\/Opp-Beutel &amp; Standard-Exportkarton<\/span><\/div>\n<\/td>\n<\/tr>\n<tr>\n<td colspan=\"1\" rowspan=\"1\">\n<div class=\"magic-2\"><span class=\"magic-10\"><span class=\"magic-3\" style=\"font-family: Arial;\">HS-Code<\/span><\/span><\/div>\n<\/td>\n<td colspan=\"3\" rowspan=\"1\">\n<div class=\"magic-11\">\n<div class=\"magic-27\" data-spm-anchor-id=\"0.0.0.i74.59844f05QhGJ25\">48202000<\/div>\n<\/div>\n<\/td>\n<\/tr>\n<tr>\n<td colspan=\"1\" rowspan=\"1\">\n<div class=\"magic-2\"><span class=\"magic-10\"><span class=\"magic-3\" style=\"font-family: Arial;\">Beispielzeit<\/span><\/span><\/div>\n<\/td>\n<td colspan=\"5\" rowspan=\"1\">\n<div class=\"magic-11\"><span class=\"magic-15\">Das Muster ist kostenlos und wird Ihnen innerhalb eines Tages nach Best\u00e4tigung der Spezifikationen zugesandt.<\/span><\/div>\n<\/td>\n<\/tr>\n<tr>\n<td colspan=\"1\" rowspan=\"1\">\n<div class=\"magic-2\"><span class=\"magic-3\" style=\"font-family: Arial;\">Lieferdetails<\/span><\/div>\n<\/td>\n<td colspan=\"5\" rowspan=\"1\">\n<div class=\"magic-11\">Etwa 25 Tage nach Eingang Ihrer Anzahlung.<\/div>\n<\/td>\n<\/tr>\n<\/tbody>\n<\/table>","protected":false},"excerpt":{"rendered":"<p>Hochwertige Spiralnotizb\u00fccher mit Hardcover und individuellem Design. Perfekt f\u00fcr Schule, B\u00fcro oder den privaten Gebrauch. Langlebig, professionell und in gro\u00dfen Mengen zu g\u00fcnstigen Preisen erh\u00e4ltlich.<\/p>\n<p><strong>Anbieter:<\/strong> Farbfliegendruck<br \/>\n<strong>Artikelname:<\/strong> Spiralnotizbuch Schulnotizbuch<br \/>\n<strong>Bindung:<\/strong>Sattelheftung, Klammerheftung<br \/>\n<strong>Gr\u00f6\u00dfe:<\/strong> A5 oder benutzerdefiniert<br \/>\n<strong>Typ:<\/strong>Notizblock<br \/>\n<strong>Bezugsmaterial<\/strong>:Papier<br \/>\n<strong>Drucken:<\/strong>4c Offsetdruck<br \/>\n<strong>Bl\u00e4tter:<\/strong> 32\/50\/100\/200\/288\/300 Blatt<br \/>\n<strong>Verpackung:<\/strong> Normale Verpackung (Schrumpfbeutel und Karton) oder auf Kundenwunsch<br \/>\n<strong>Logo:<\/strong>Akzeptieren Sie ein individuelles Logo<br \/>\n<strong>Mindestbestellmenge:<\/strong> 10000 St\u00fcck<br \/>\n<strong>OEM:<\/strong> Ja<\/p>\n<p>&nbsp;<\/p>\n<h2>Unser Service<\/h2>\n<p>\u00dcber 13 Jahre Direktverkauf durch den Hersteller<br \/>\nOEM-Serviceunterst\u00fctzung<br \/>\nUnterst\u00fctzung f\u00fcr benutzerdefinierte Pakete<\/p>","protected":false},"featured_media":19017,"comment_status":"open","ping_status":"closed","template":"","meta":[],"product_brand":[],"product_cat":[449,392],"product_tag":[637,636],"class_list":{"0":"post-12656","1":"product","2":"type-product","3":"status-publish","4":"has-post-thumbnail","6":"product_cat-hardcover-notebook","7":"product_cat-spiral-notebook","8":"product_tag-customised-notebook","9":"product_tag-hard-cover-spiral-notebook","11":"first","12":"instock","13":"featured","14":"shipping-taxable","15":"product-type-simple"},"yoast_head":"<!-- This site is optimized with the Yoast SEO Premium plugin v23.9 (Yoast SEO v25.2) - https:\/\/yoast.com\/wordpress\/plugins\/seo\/ -->\n<title>Hard Cover Spiral Note Book Customised Notebook | Colorfly<\/title>\n<meta name=\"description\" content=\"High-quality hard cover spiral notebooks with custom designs. Perfect for school, office, or personal use. Durable, professional, and available in bulk at great prices.\" \/>\n<meta name=\"robots\" content=\"index, follow, max-snippet:-1, max-image-preview:large, max-video-preview:-1\" \/>\n<link rel=\"canonical\" href=\"https:\/\/www.colorflyprinting.com\/de\/produkt\/hardcover-spiralnotizbuch-individuelles-notizbuch\/\" \/>\n<meta property=\"og:locale\" content=\"de_DE\" \/>\n<meta property=\"og:type\" content=\"article\" \/>\n<meta property=\"og:title\" content=\"Hard Cover Spiral Note Book Customised Notebook\" \/>\n<meta property=\"og:description\" content=\"High-quality hard cover spiral notebooks with custom designs. Perfect for school, office, or personal use. Durable, professional, and available in bulk at great prices.\" \/>\n<meta property=\"og:url\" content=\"https:\/\/www.colorflyprinting.com\/de\/produkt\/hardcover-spiralnotizbuch-individuelles-notizbuch\/\" \/>\n<meta property=\"og:site_name\" content=\"colorflyprinting\" \/>\n<meta property=\"article:modified_time\" content=\"2025-10-28T09:21:31+00:00\" \/>\n<meta property=\"og:image\" content=\"https:\/\/www.colorflyprinting.com\/wp-content\/uploads\/2025\/04\/Main-01-41-300x300_\u526f\u672c.jpg\" \/>\n\t<meta property=\"og:image:width\" content=\"800\" \/>\n\t<meta property=\"og:image:height\" content=\"800\" \/>\n\t<meta property=\"og:image:type\" content=\"image\/jpeg\" \/>\n<meta name=\"twitter:card\" content=\"summary_large_image\" \/>\n<script type=\"application\/ld+json\" class=\"yoast-schema-graph\">{\"@context\":\"https:\/\/schema.org\",\"@graph\":[{\"@type\":\"WebPage\",\"@id\":\"https:\/\/www.colorflyprinting.com\/product\/hard-cover-spiral-note-book-customised-notebook\/\",\"url\":\"https:\/\/www.colorflyprinting.com\/product\/hard-cover-spiral-note-book-customised-notebook\/\",\"name\":\"Hard Cover Spiral Note Book Customised Notebook | Colorfly\",\"isPartOf\":{\"@id\":\"https:\/\/www.colorflyprinting.com\/#website\"},\"primaryImageOfPage\":{\"@id\":\"https:\/\/www.colorflyprinting.com\/product\/hard-cover-spiral-note-book-customised-notebook\/#primaryimage\"},\"image\":{\"@id\":\"https:\/\/www.colorflyprinting.com\/product\/hard-cover-spiral-note-book-customised-notebook\/#primaryimage\"},\"thumbnailUrl\":\"https:\/\/www.colorflyprinting.com\/wp-content\/uploads\/2025\/04\/Main-01-41-300x300_\u526f\u672c.jpg\",\"datePublished\":\"2025-04-30T06:19:38+00:00\",\"dateModified\":\"2025-10-28T09:21:31+00:00\",\"description\":\"High-quality hard cover spiral notebooks with custom designs. Perfect for school, office, or personal use. Durable, professional, and available in bulk at great prices.\",\"breadcrumb\":{\"@id\":\"https:\/\/www.colorflyprinting.com\/product\/hard-cover-spiral-note-book-customised-notebook\/#breadcrumb\"},\"inLanguage\":\"de\",\"potentialAction\":[{\"@type\":\"ReadAction\",\"target\":[\"https:\/\/www.colorflyprinting.com\/product\/hard-cover-spiral-note-book-customised-notebook\/\"]}]},{\"@type\":\"ImageObject\",\"inLanguage\":\"de\",\"@id\":\"https:\/\/www.colorflyprinting.com\/product\/hard-cover-spiral-note-book-customised-notebook\/#primaryimage\",\"url\":\"https:\/\/www.colorflyprinting.com\/wp-content\/uploads\/2025\/04\/Main-01-41-300x300_\u526f\u672c.jpg\",\"contentUrl\":\"https:\/\/www.colorflyprinting.com\/wp-content\/uploads\/2025\/04\/Main-01-41-300x300_\u526f\u672c.jpg\",\"width\":800,\"height\":800},{\"@type\":\"BreadcrumbList\",\"@id\":\"https:\/\/www.colorflyprinting.com\/product\/hard-cover-spiral-note-book-customised-notebook\/#breadcrumb\",\"itemListElement\":[{\"@type\":\"ListItem\",\"position\":1,\"name\":\"Home\",\"item\":\"https:\/\/www.colorflyprinting.com\/\"},{\"@type\":\"ListItem\",\"position\":2,\"name\":\"Product\",\"item\":\"https:\/\/www.colorflyprinting.com\/shop\/\"},{\"@type\":\"ListItem\",\"position\":3,\"name\":\"Hard Cover Spiral Note Book Customised Notebook\"}]},{\"@type\":\"WebSite\",\"@id\":\"https:\/\/www.colorflyprinting.com\/#website\",\"url\":\"https:\/\/www.colorflyprinting.com\/\",\"name\":\"Hefei Colorfly Stationery Co.,Ltd.\",\"description\":\"\",\"publisher\":{\"@id\":\"https:\/\/www.colorflyprinting.com\/#organization\"},\"potentialAction\":[{\"@type\":\"SearchAction\",\"target\":{\"@type\":\"EntryPoint\",\"urlTemplate\":\"https:\/\/www.colorflyprinting.com\/?s={search_term_string}\"},\"query-input\":{\"@type\":\"PropertyValueSpecification\",\"valueRequired\":true,\"valueName\":\"search_term_string\"}}],\"inLanguage\":\"de\"},{\"@type\":\"Organization\",\"@id\":\"https:\/\/www.colorflyprinting.com\/#organization\",\"name\":\"Hefei Colorfly Stationery Co.,Ltd.\",\"url\":\"https:\/\/www.colorflyprinting.com\/\",\"logo\":{\"@type\":\"ImageObject\",\"inLanguage\":\"de\",\"@id\":\"https:\/\/www.colorflyprinting.com\/#\/schema\/logo\/image\/\",\"url\":\"https:\/\/www.colorflyprinting.com\/wp-content\/uploads\/2025\/04\/d167665f943610681229e2f4307b9df.jpg\",\"contentUrl\":\"https:\/\/www.colorflyprinting.com\/wp-content\/uploads\/2025\/04\/d167665f943610681229e2f4307b9df.jpg\",\"width\":780,\"height\":780,\"caption\":\"Hefei Colorfly Stationery Co.,Ltd.\"},\"image\":{\"@id\":\"https:\/\/www.colorflyprinting.com\/#\/schema\/logo\/image\/\"}}]}<\/script>\n<!-- \/ Yoast SEO Premium plugin. -->","yoast_head_json":{"title":"Hard Cover Spiral Note Book Customised Notebook | Colorfly","description":"High-quality hard cover spiral notebooks with custom designs. Perfect for school, office, or personal use. Durable, professional, and available in bulk at great prices.","robots":{"index":"index","follow":"follow","max-snippet":"max-snippet:-1","max-image-preview":"max-image-preview:large","max-video-preview":"max-video-preview:-1"},"canonical":"https:\/\/www.colorflyprinting.com\/de\/produkt\/hardcover-spiralnotizbuch-individuelles-notizbuch\/","og_locale":"de_DE","og_type":"article","og_title":"Hard Cover Spiral Note Book Customised Notebook","og_description":"High-quality hard cover spiral notebooks with custom designs. Perfect for school, office, or personal use. Durable, professional, and available in bulk at great prices.","og_url":"https:\/\/www.colorflyprinting.com\/de\/produkt\/hardcover-spiralnotizbuch-individuelles-notizbuch\/","og_site_name":"colorflyprinting","article_modified_time":"2025-10-28T09:21:31+00:00","og_image":[{"width":800,"height":800,"url":"https:\/\/www.colorflyprinting.com\/wp-content\/uploads\/2025\/04\/Main-01-41-300x300_\u526f\u672c.jpg","type":"image\/jpeg"}],"twitter_card":"summary_large_image","schema":{"@context":"https:\/\/schema.org","@graph":[{"@type":"WebPage","@id":"https:\/\/www.colorflyprinting.com\/product\/hard-cover-spiral-note-book-customised-notebook\/","url":"https:\/\/www.colorflyprinting.com\/product\/hard-cover-spiral-note-book-customised-notebook\/","name":"Hard Cover Spiral Note Book Customised Notebook | Colorfly","isPartOf":{"@id":"https:\/\/www.colorflyprinting.com\/#website"},"primaryImageOfPage":{"@id":"https:\/\/www.colorflyprinting.com\/product\/hard-cover-spiral-note-book-customised-notebook\/#primaryimage"},"image":{"@id":"https:\/\/www.colorflyprinting.com\/product\/hard-cover-spiral-note-book-customised-notebook\/#primaryimage"},"thumbnailUrl":"https:\/\/www.colorflyprinting.com\/wp-content\/uploads\/2025\/04\/Main-01-41-300x300_\u526f\u672c.jpg","datePublished":"2025-04-30T06:19:38+00:00","dateModified":"2025-10-28T09:21:31+00:00","description":"High-quality hard cover spiral notebooks with custom designs. Perfect for school, office, or personal use. Durable, professional, and available in bulk at great prices.","breadcrumb":{"@id":"https:\/\/www.colorflyprinting.com\/product\/hard-cover-spiral-note-book-customised-notebook\/#breadcrumb"},"inLanguage":"de","potentialAction":[{"@type":"ReadAction","target":["https:\/\/www.colorflyprinting.com\/product\/hard-cover-spiral-note-book-customised-notebook\/"]}]},{"@type":"ImageObject","inLanguage":"de","@id":"https:\/\/www.colorflyprinting.com\/product\/hard-cover-spiral-note-book-customised-notebook\/#primaryimage","url":"https:\/\/www.colorflyprinting.com\/wp-content\/uploads\/2025\/04\/Main-01-41-300x300_\u526f\u672c.jpg","contentUrl":"https:\/\/www.colorflyprinting.com\/wp-content\/uploads\/2025\/04\/Main-01-41-300x300_\u526f\u672c.jpg","width":800,"height":800},{"@type":"BreadcrumbList","@id":"https:\/\/www.colorflyprinting.com\/product\/hard-cover-spiral-note-book-customised-notebook\/#breadcrumb","itemListElement":[{"@type":"ListItem","position":1,"name":"Home","item":"https:\/\/www.colorflyprinting.com\/"},{"@type":"ListItem","position":2,"name":"Product","item":"https:\/\/www.colorflyprinting.com\/shop\/"},{"@type":"ListItem","position":3,"name":"Hard Cover Spiral Note Book Customised Notebook"}]},{"@type":"WebSite","@id":"https:\/\/www.colorflyprinting.com\/#website","url":"https:\/\/www.colorflyprinting.com\/","name":"Hefei Colorfly Stationery Co.,Ltd.","description":"","publisher":{"@id":"https:\/\/www.colorflyprinting.com\/#organization"},"potentialAction":[{"@type":"SearchAction","target":{"@type":"EntryPoint","urlTemplate":"https:\/\/www.colorflyprinting.com\/?s={search_term_string}"},"query-input":{"@type":"PropertyValueSpecification","valueRequired":true,"valueName":"search_term_string"}}],"inLanguage":"de"},{"@type":"Organization","@id":"https:\/\/www.colorflyprinting.com\/#organization","name":"Hefei Colorfly Stationery Co.,Ltd.","url":"https:\/\/www.colorflyprinting.com\/","logo":{"@type":"ImageObject","inLanguage":"de","@id":"https:\/\/www.colorflyprinting.com\/#\/schema\/logo\/image\/","url":"https:\/\/www.colorflyprinting.com\/wp-content\/uploads\/2025\/04\/d167665f943610681229e2f4307b9df.jpg","contentUrl":"https:\/\/www.colorflyprinting.com\/wp-content\/uploads\/2025\/04\/d167665f943610681229e2f4307b9df.jpg","width":780,"height":780,"caption":"Hefei Colorfly Stationery Co.,Ltd."},"image":{"@id":"https:\/\/www.colorflyprinting.com\/#\/schema\/logo\/image\/"}}]}},"_links":{"self":[{"href":"https:\/\/www.colorflyprinting.com\/de\/wp-json\/wp\/v2\/product\/12656","targetHints":{"allow":["GET"]}}],"collection":[{"href":"https:\/\/www.colorflyprinting.com\/de\/wp-json\/wp\/v2\/product"}],"about":[{"href":"https:\/\/www.colorflyprinting.com\/de\/wp-json\/wp\/v2\/types\/product"}],"replies":[{"embeddable":true,"href":"https:\/\/www.colorflyprinting.com\/de\/wp-json\/wp\/v2\/comments?post=12656"}],"wp:featuredmedia":[{"embeddable":true,"href":"https:\/\/www.colorflyprinting.com\/de\/wp-json\/wp\/v2\/media\/19017"}],"wp:attachment":[{"href":"https:\/\/www.colorflyprinting.com\/de\/wp-json\/wp\/v2\/media?parent=12656"}],"wp:term":[{"taxonomy":"product_brand","embeddable":true,"href":"https:\/\/www.colorflyprinting.com\/de\/wp-json\/wp\/v2\/product_brand?post=12656"},{"taxonomy":"product_cat","embeddable":true,"href":"https:\/\/www.colorflyprinting.com\/de\/wp-json\/wp\/v2\/product_cat?post=12656"},{"taxonomy":"product_tag","embeddable":true,"href":"https:\/\/www.colorflyprinting.com\/de\/wp-json\/wp\/v2\/product_tag?post=12656"}],"curies":[{"name":"wp","href":"https:\/\/api.w.org\/{rel}","templated":true}]}}