{"id":12565,"date":"2025-04-29T08:26:36","date_gmt":"2025-04-29T08:26:36","guid":{"rendered":"https:\/\/www.colorflyprinting.com\/?post_type=product&#038;p=12565"},"modified":"2025-05-12T05:36:41","modified_gmt":"2025-05-12T05:36:41","slug":"school-supplies-80-leaves-custom-a6-notebook-for-students","status":"publish","type":"product","link":"https:\/\/www.colorflyprinting.com\/de\/produkt\/schulbedarf-80-blatter-benutzerdefiniertes-a6-notizbuch-fur-schuler\/","title":{"rendered":"Schulbedarf 80 Bl\u00e4tter Individuelles A6-Notizbuch f\u00fcr Sch\u00fcler"},"content":{"rendered":"<table class=\"has-title hight-light-first-column all magic-1\">\n<tbody>\n<tr>\n<td colspan=\"1\" rowspan=\"1\">\n<div class=\"magic-2\" data-spm-anchor-id=\"a2700.details-description.0.i0.4a2dz9u5z9u59P\">Produktname<\/div>\n<\/td>\n<td colspan=\"5\" rowspan=\"1\">\n<div class=\"magic-3\">\n<div data-spm-anchor-id=\"0.0.0.i3.59844f05Z16MVb\">Heft<\/div>\n<\/div>\n<\/td>\n<\/tr>\n<tr>\n<td colspan=\"1\" rowspan=\"1\">\n<div class=\"magic-2\">Seiten<\/div>\n<\/td>\n<td colspan=\"5\" rowspan=\"1\">\n<div class=\"magic-3\">\n<div data-spm-anchor-id=\"0.0.0.i13.59844f05Z16MVb\"><b data-spm-anchor-id=\"a2700.pc-decorate.0.i1.66d63333zSjSdQ\">40\/60\/80\/100\/120<\/b>\u00a0<span class=\"magic-8\" data-spm-anchor-id=\"a2700.siteadmin.0.i1.50343333qr8b5a\">Blatt<\/span><\/div>\n<\/div>\n<\/td>\n<\/tr>\n<tr>\n<td colspan=\"1\" rowspan=\"1\">\n<div class=\"magic-2\">Gr\u00f6\u00dfe<\/div>\n<\/td>\n<td colspan=\"5\" rowspan=\"1\">\n<div class=\"magic-3\">17*24cm<\/div>\n<\/td>\n<\/tr>\n<tr>\n<td colspan=\"1\" rowspan=\"1\">\n<div class=\"magic-2\">Bezugsmaterial<\/div>\n<\/td>\n<td colspan=\"5\" rowspan=\"1\">\n<div class=\"magic-3\"><span data-spm-anchor-id=\"a2700.siteadmin.0.i3.2c2cac408m8z7C\">Offsetpapier\u00a0<\/span>\/<b>\u00a0Kunst<\/b><span data-spm-anchor-id=\"a2700.siteadmin.0.i5.3695ac409PucPs\"><span class=\"magic-8\" data-spm-anchor-id=\"a2700.siteadmin.0.i2.5a3aac40q3OITJ\"><b data-spm-anchor-id=\"a2700.pc-decorate.0.i1.45363333UhJgUs\">\u00a0Papier<\/b><\/span>\u00a0<\/span>\/\u00a0<span class=\"magic-8\" data-spm-anchor-id=\"a2700.siteadmin.0.i4.5b02ac40xsPeql\">PP<\/span>\u00a0\/ 2mm Graukarton \/\u00a0<span data-spm-anchor-id=\"a2700.siteadmin.0.i7.5b02ac40xsPeql\">Karton\u00a0<\/span><span data-spm-anchor-id=\"a2700.siteadmin.0.i7.5b02ac40xsPeql\">\/ Kunstdruckpapier<\/span><\/div>\n<\/td>\n<\/tr>\n<tr>\n<td colspan=\"1\" rowspan=\"1\">\n<div class=\"magic-2\">Covergestaltung<\/div>\n<\/td>\n<td colspan=\"5\" rowspan=\"1\">\n<div class=\"magic-9\">Akzeptieren Sie Ihr Logo und Design mit Vollfarbdruck<\/div>\n<\/td>\n<\/tr>\n<tr>\n<td colspan=\"1\" rowspan=\"1\">\n<div class=\"magic-2\">Innen bedruckt<\/div>\n<\/td>\n<td colspan=\"5\" rowspan=\"1\">\n<div class=\"magic-9\"><span data-spm-anchor-id=\"a2700.siteadmin.0.i4.50343333qr8b5a\"><span class=\"magic-8\" data-spm-anchor-id=\"a2700.siteadmin.0.i6.1556ac40sKnrp4\">Lineatur (Einzellinie)<\/span>\u00a0<\/span>\/\u00a0<span class=\"magic-8\" data-spm-anchor-id=\"a2700.siteadmin.0.i7.5090ac40bUufpA\">Franz\u00f6sische Linie<\/span>\u00a0\/ Arabische Linie \/<b>\u00a0<\/b><span data-spm-anchor-id=\"a2700.siteadmin.0.i11.7dbcac40hV6uRY\"><span class=\"magic-8\" data-spm-anchor-id=\"a2700.siteadmin.0.i4.11caac40d9v56N\">Kariert<\/span>\u00a0<\/span>\/\u00a0<span data-spm-anchor-id=\"a2700.siteadmin.0.i6.2c2cac408m8z7C\">Doppellinie<\/span>\/\u00a0<b data-spm-anchor-id=\"a2700.siteadmin.0.i9.2417ac40ZnchN4\">Benutzerdefinierter Druck<\/b><\/div>\n<\/td>\n<\/tr>\n<tr>\n<td colspan=\"1\" rowspan=\"1\">\n<div class=\"magic-2\">Innenpapier GSM<\/div>\n<\/td>\n<td colspan=\"5\" rowspan=\"1\">\n<div class=\"magic-9\">55 \/\u00a0<b>60<\/b>\u00a0\/ 70 \/ 80 g\/m\u00b2<\/div>\n<\/td>\n<\/tr>\n<tr>\n<td colspan=\"1\" rowspan=\"1\">\n<div class=\"magic-2\">Verwendung<\/div>\n<\/td>\n<td colspan=\"5\" rowspan=\"1\">\n<div class=\"magic-9\">Schule \/ B\u00fcro \/ Geschenk<\/div>\n<\/td>\n<\/tr>\n<tr>\n<td colspan=\"1\" rowspan=\"1\">\n<div class=\"magic-2\">Verpackung<\/div>\n<\/td>\n<td colspan=\"5\" rowspan=\"1\">\n<div class=\"magic-9\">Schrumpfbeutel \/ Opp-Beutel &amp; Standard-Exportkarton<\/div>\n<\/td>\n<\/tr>\n<tr>\n<td colspan=\"1\" rowspan=\"1\">\n<div class=\"magic-2\">HS-Code<\/div>\n<\/td>\n<td colspan=\"5\" rowspan=\"1\">\n<div class=\"magic-9\">\n<div class=\"magic-14\" data-spm-anchor-id=\"0.0.0.i72.59844f058KU4GW\">48202000<\/div>\n<\/div>\n<\/td>\n<\/tr>\n<tr>\n<td colspan=\"1\" rowspan=\"1\">\n<div class=\"magic-2\">Beispielzeit<\/div>\n<\/td>\n<td colspan=\"5\" rowspan=\"1\">\n<div class=\"magic-9\">Das Muster ist kostenlos und wird Ihnen innerhalb eines Tages nach Best\u00e4tigung der Spezifikationen zugesandt.<\/div>\n<\/td>\n<\/tr>\n<tr>\n<td colspan=\"1\" rowspan=\"1\">\n<div class=\"magic-2\">Lieferdetails<\/div>\n<\/td>\n<td colspan=\"5\" rowspan=\"1\">\n<div class=\"magic-9\">Etwa 25 Tage nach Eingang Ihrer Anzahlung.<\/div>\n<\/td>\n<\/tr>\n<\/tbody>\n<\/table>","protected":false},"excerpt":{"rendered":"<p><strong>Holen Sie sich g\u00fcnstige, individuelle A6-Notizb\u00fccher mit 80 Bl\u00e4ttern, ideal f\u00fcr Sch\u00fcler. Perfekt f\u00fcr K\u00e4ufer von Schulbedarf und Gro\u00dfh\u00e4ndler. OEM\/ODM ab Werk in China erh\u00e4ltlich.<\/strong><\/p>\n<p><strong>Anbieter:<\/strong> Farbfliegendruck<br \/>\n<strong>Bindung:<\/strong>Sattelheftung, Klammerheftung<br \/>\n<strong>Gr\u00f6\u00dfe:<\/strong> 17*22 cm oder individuell<br \/>\n<strong>Typ:<\/strong>Heft<br \/>\n<strong>Bezugsmaterial<\/strong>\uff1aSoftcover<br \/>\n<strong>Drucken:<\/strong>4c Offsetdruck<br \/>\n<strong>Bl\u00e4tter:<\/strong> 40\/60\/80\/100\/120 Blatt<br \/>\n<strong>Verpackung:<\/strong> Normale Verpackung (Schrumpfbeutel und Karton) oder auf Kundenwunsch<br \/>\n<strong>Logo:<\/strong>Akzeptieren Sie ein individuelles Logo<br \/>\n<strong>Mindestbestellmenge:<\/strong> 10000 St\u00fcck<br \/>\n<strong>OEM:<\/strong> Ja<\/p>\n<p>&nbsp;<\/p>\n<p>&nbsp;<\/p>\n<h2>Unser Service<\/h2>\n<p>\u00dcber 13 Jahre Direktverkauf durch den Hersteller<br \/>\nOEM-Serviceunterst\u00fctzung<br \/>\nUnterst\u00fctzung f\u00fcr benutzerdefinierte Pakete<\/p>","protected":false},"featured_media":12566,"comment_status":"open","ping_status":"closed","template":"","meta":[],"product_brand":[],"product_cat":[21,542,495],"product_tag":[627,626],"class_list":{"0":"post-12565","1":"product","2":"type-product","3":"status-publish","4":"has-post-thumbnail","6":"product_cat-exercise-book","7":"product_cat-pp-cover-exercise-book","8":"product_cat-soft-cover-exercise-book","9":"product_tag-a6-notebook-for-students","10":"product_tag-school-supplies-80-leaves","12":"first","13":"instock","14":"featured","15":"shipping-taxable","16":"product-type-simple"},"yoast_head":"<!-- This site is optimized with the Yoast SEO Premium plugin v23.9 (Yoast SEO v25.2) - https:\/\/yoast.com\/wordpress\/plugins\/seo\/ -->\n<title>School Supplies 80 Leaves Custom A6 Notebook for Students<\/title>\n<meta name=\"description\" content=\"Get affordable custom A6 notebooks with 80 leaves, ideal for student use. Perfect for school supplies buyers and wholesalers. OEM\/ODM available from China factory.\" \/>\n<meta name=\"robots\" content=\"index, follow, max-snippet:-1, max-image-preview:large, max-video-preview:-1\" \/>\n<link rel=\"canonical\" href=\"https:\/\/www.colorflyprinting.com\/de\/produkt\/schulbedarf-80-blatter-benutzerdefiniertes-a6-notizbuch-fur-schuler\/\" \/>\n<meta property=\"og:locale\" content=\"de_DE\" \/>\n<meta property=\"og:type\" content=\"article\" \/>\n<meta property=\"og:title\" content=\"School Supplies 80 Leaves Custom A6 Notebook for Students\" \/>\n<meta property=\"og:description\" content=\"Get affordable custom A6 notebooks with 80 leaves, ideal for student use. Perfect for school supplies buyers and wholesalers. OEM\/ODM available from China factory.\" \/>\n<meta property=\"og:url\" content=\"https:\/\/www.colorflyprinting.com\/de\/produkt\/schulbedarf-80-blatter-benutzerdefiniertes-a6-notizbuch-fur-schuler\/\" \/>\n<meta property=\"og:site_name\" content=\"colorflyprinting\" \/>\n<meta property=\"article:modified_time\" content=\"2025-05-12T05:36:41+00:00\" \/>\n<meta property=\"og:image\" content=\"https:\/\/www.colorflyprinting.com\/wp-content\/uploads\/2025\/04\/Main-04-35.jpg\" \/>\n\t<meta property=\"og:image:width\" content=\"800\" \/>\n\t<meta property=\"og:image:height\" content=\"800\" \/>\n\t<meta property=\"og:image:type\" content=\"image\/jpeg\" \/>\n<meta name=\"twitter:card\" content=\"summary_large_image\" \/>\n<script type=\"application\/ld+json\" class=\"yoast-schema-graph\">{\"@context\":\"https:\/\/schema.org\",\"@graph\":[{\"@type\":\"WebPage\",\"@id\":\"https:\/\/www.colorflyprinting.com\/product\/school-supplies-80-leaves-custom-a6-notebook-for-students\/\",\"url\":\"https:\/\/www.colorflyprinting.com\/product\/school-supplies-80-leaves-custom-a6-notebook-for-students\/\",\"name\":\"School Supplies 80 Leaves Custom A6 Notebook for Students\",\"isPartOf\":{\"@id\":\"https:\/\/www.colorflyprinting.com\/#website\"},\"primaryImageOfPage\":{\"@id\":\"https:\/\/www.colorflyprinting.com\/product\/school-supplies-80-leaves-custom-a6-notebook-for-students\/#primaryimage\"},\"image\":{\"@id\":\"https:\/\/www.colorflyprinting.com\/product\/school-supplies-80-leaves-custom-a6-notebook-for-students\/#primaryimage\"},\"thumbnailUrl\":\"https:\/\/www.colorflyprinting.com\/wp-content\/uploads\/2025\/04\/Main-04-35.jpg\",\"datePublished\":\"2025-04-29T08:26:36+00:00\",\"dateModified\":\"2025-05-12T05:36:41+00:00\",\"description\":\"Get affordable custom A6 notebooks with 80 leaves, ideal for student use. Perfect for school supplies buyers and wholesalers. OEM\/ODM available from China factory.\",\"breadcrumb\":{\"@id\":\"https:\/\/www.colorflyprinting.com\/product\/school-supplies-80-leaves-custom-a6-notebook-for-students\/#breadcrumb\"},\"inLanguage\":\"de\",\"potentialAction\":[{\"@type\":\"ReadAction\",\"target\":[\"https:\/\/www.colorflyprinting.com\/product\/school-supplies-80-leaves-custom-a6-notebook-for-students\/\"]}]},{\"@type\":\"ImageObject\",\"inLanguage\":\"de\",\"@id\":\"https:\/\/www.colorflyprinting.com\/product\/school-supplies-80-leaves-custom-a6-notebook-for-students\/#primaryimage\",\"url\":\"https:\/\/www.colorflyprinting.com\/wp-content\/uploads\/2025\/04\/Main-04-35.jpg\",\"contentUrl\":\"https:\/\/www.colorflyprinting.com\/wp-content\/uploads\/2025\/04\/Main-04-35.jpg\",\"width\":800,\"height\":800},{\"@type\":\"BreadcrumbList\",\"@id\":\"https:\/\/www.colorflyprinting.com\/product\/school-supplies-80-leaves-custom-a6-notebook-for-students\/#breadcrumb\",\"itemListElement\":[{\"@type\":\"ListItem\",\"position\":1,\"name\":\"Home\",\"item\":\"https:\/\/www.colorflyprinting.com\/\"},{\"@type\":\"ListItem\",\"position\":2,\"name\":\"Product\",\"item\":\"https:\/\/www.colorflyprinting.com\/shop\/\"},{\"@type\":\"ListItem\",\"position\":3,\"name\":\"School Supplies 80 Leaves Custom A6 Notebook for Students\"}]},{\"@type\":\"WebSite\",\"@id\":\"https:\/\/www.colorflyprinting.com\/#website\",\"url\":\"https:\/\/www.colorflyprinting.com\/\",\"name\":\"Hefei Colorfly Stationery Co.,Ltd.\",\"description\":\"\",\"publisher\":{\"@id\":\"https:\/\/www.colorflyprinting.com\/#organization\"},\"potentialAction\":[{\"@type\":\"SearchAction\",\"target\":{\"@type\":\"EntryPoint\",\"urlTemplate\":\"https:\/\/www.colorflyprinting.com\/?s={search_term_string}\"},\"query-input\":{\"@type\":\"PropertyValueSpecification\",\"valueRequired\":true,\"valueName\":\"search_term_string\"}}],\"inLanguage\":\"de\"},{\"@type\":\"Organization\",\"@id\":\"https:\/\/www.colorflyprinting.com\/#organization\",\"name\":\"Hefei Colorfly Stationery Co.,Ltd.\",\"url\":\"https:\/\/www.colorflyprinting.com\/\",\"logo\":{\"@type\":\"ImageObject\",\"inLanguage\":\"de\",\"@id\":\"https:\/\/www.colorflyprinting.com\/#\/schema\/logo\/image\/\",\"url\":\"https:\/\/www.colorflyprinting.com\/wp-content\/uploads\/2025\/04\/d167665f943610681229e2f4307b9df.jpg\",\"contentUrl\":\"https:\/\/www.colorflyprinting.com\/wp-content\/uploads\/2025\/04\/d167665f943610681229e2f4307b9df.jpg\",\"width\":780,\"height\":780,\"caption\":\"Hefei Colorfly Stationery Co.,Ltd.\"},\"image\":{\"@id\":\"https:\/\/www.colorflyprinting.com\/#\/schema\/logo\/image\/\"}}]}<\/script>\n<!-- \/ Yoast SEO Premium plugin. -->","yoast_head_json":{"title":"School Supplies 80 Leaves Custom A6 Notebook for Students","description":"Get affordable custom A6 notebooks with 80 leaves, ideal for student use. Perfect for school supplies buyers and wholesalers. OEM\/ODM available from China factory.","robots":{"index":"index","follow":"follow","max-snippet":"max-snippet:-1","max-image-preview":"max-image-preview:large","max-video-preview":"max-video-preview:-1"},"canonical":"https:\/\/www.colorflyprinting.com\/de\/produkt\/schulbedarf-80-blatter-benutzerdefiniertes-a6-notizbuch-fur-schuler\/","og_locale":"de_DE","og_type":"article","og_title":"School Supplies 80 Leaves Custom A6 Notebook for Students","og_description":"Get affordable custom A6 notebooks with 80 leaves, ideal for student use. Perfect for school supplies buyers and wholesalers. OEM\/ODM available from China factory.","og_url":"https:\/\/www.colorflyprinting.com\/de\/produkt\/schulbedarf-80-blatter-benutzerdefiniertes-a6-notizbuch-fur-schuler\/","og_site_name":"colorflyprinting","article_modified_time":"2025-05-12T05:36:41+00:00","og_image":[{"width":800,"height":800,"url":"https:\/\/www.colorflyprinting.com\/wp-content\/uploads\/2025\/04\/Main-04-35.jpg","type":"image\/jpeg"}],"twitter_card":"summary_large_image","schema":{"@context":"https:\/\/schema.org","@graph":[{"@type":"WebPage","@id":"https:\/\/www.colorflyprinting.com\/product\/school-supplies-80-leaves-custom-a6-notebook-for-students\/","url":"https:\/\/www.colorflyprinting.com\/product\/school-supplies-80-leaves-custom-a6-notebook-for-students\/","name":"School Supplies 80 Leaves Custom A6 Notebook for Students","isPartOf":{"@id":"https:\/\/www.colorflyprinting.com\/#website"},"primaryImageOfPage":{"@id":"https:\/\/www.colorflyprinting.com\/product\/school-supplies-80-leaves-custom-a6-notebook-for-students\/#primaryimage"},"image":{"@id":"https:\/\/www.colorflyprinting.com\/product\/school-supplies-80-leaves-custom-a6-notebook-for-students\/#primaryimage"},"thumbnailUrl":"https:\/\/www.colorflyprinting.com\/wp-content\/uploads\/2025\/04\/Main-04-35.jpg","datePublished":"2025-04-29T08:26:36+00:00","dateModified":"2025-05-12T05:36:41+00:00","description":"Get affordable custom A6 notebooks with 80 leaves, ideal for student use. Perfect for school supplies buyers and wholesalers. OEM\/ODM available from China factory.","breadcrumb":{"@id":"https:\/\/www.colorflyprinting.com\/product\/school-supplies-80-leaves-custom-a6-notebook-for-students\/#breadcrumb"},"inLanguage":"de","potentialAction":[{"@type":"ReadAction","target":["https:\/\/www.colorflyprinting.com\/product\/school-supplies-80-leaves-custom-a6-notebook-for-students\/"]}]},{"@type":"ImageObject","inLanguage":"de","@id":"https:\/\/www.colorflyprinting.com\/product\/school-supplies-80-leaves-custom-a6-notebook-for-students\/#primaryimage","url":"https:\/\/www.colorflyprinting.com\/wp-content\/uploads\/2025\/04\/Main-04-35.jpg","contentUrl":"https:\/\/www.colorflyprinting.com\/wp-content\/uploads\/2025\/04\/Main-04-35.jpg","width":800,"height":800},{"@type":"BreadcrumbList","@id":"https:\/\/www.colorflyprinting.com\/product\/school-supplies-80-leaves-custom-a6-notebook-for-students\/#breadcrumb","itemListElement":[{"@type":"ListItem","position":1,"name":"Home","item":"https:\/\/www.colorflyprinting.com\/"},{"@type":"ListItem","position":2,"name":"Product","item":"https:\/\/www.colorflyprinting.com\/shop\/"},{"@type":"ListItem","position":3,"name":"School Supplies 80 Leaves Custom A6 Notebook for Students"}]},{"@type":"WebSite","@id":"https:\/\/www.colorflyprinting.com\/#website","url":"https:\/\/www.colorflyprinting.com\/","name":"Hefei Colorfly Stationery Co.,Ltd.","description":"","publisher":{"@id":"https:\/\/www.colorflyprinting.com\/#organization"},"potentialAction":[{"@type":"SearchAction","target":{"@type":"EntryPoint","urlTemplate":"https:\/\/www.colorflyprinting.com\/?s={search_term_string}"},"query-input":{"@type":"PropertyValueSpecification","valueRequired":true,"valueName":"search_term_string"}}],"inLanguage":"de"},{"@type":"Organization","@id":"https:\/\/www.colorflyprinting.com\/#organization","name":"Hefei Colorfly Stationery Co.,Ltd.","url":"https:\/\/www.colorflyprinting.com\/","logo":{"@type":"ImageObject","inLanguage":"de","@id":"https:\/\/www.colorflyprinting.com\/#\/schema\/logo\/image\/","url":"https:\/\/www.colorflyprinting.com\/wp-content\/uploads\/2025\/04\/d167665f943610681229e2f4307b9df.jpg","contentUrl":"https:\/\/www.colorflyprinting.com\/wp-content\/uploads\/2025\/04\/d167665f943610681229e2f4307b9df.jpg","width":780,"height":780,"caption":"Hefei Colorfly Stationery Co.,Ltd."},"image":{"@id":"https:\/\/www.colorflyprinting.com\/#\/schema\/logo\/image\/"}}]}},"_links":{"self":[{"href":"https:\/\/www.colorflyprinting.com\/de\/wp-json\/wp\/v2\/product\/12565","targetHints":{"allow":["GET"]}}],"collection":[{"href":"https:\/\/www.colorflyprinting.com\/de\/wp-json\/wp\/v2\/product"}],"about":[{"href":"https:\/\/www.colorflyprinting.com\/de\/wp-json\/wp\/v2\/types\/product"}],"replies":[{"embeddable":true,"href":"https:\/\/www.colorflyprinting.com\/de\/wp-json\/wp\/v2\/comments?post=12565"}],"wp:featuredmedia":[{"embeddable":true,"href":"https:\/\/www.colorflyprinting.com\/de\/wp-json\/wp\/v2\/media\/12566"}],"wp:attachment":[{"href":"https:\/\/www.colorflyprinting.com\/de\/wp-json\/wp\/v2\/media?parent=12565"}],"wp:term":[{"taxonomy":"product_brand","embeddable":true,"href":"https:\/\/www.colorflyprinting.com\/de\/wp-json\/wp\/v2\/product_brand?post=12565"},{"taxonomy":"product_cat","embeddable":true,"href":"https:\/\/www.colorflyprinting.com\/de\/wp-json\/wp\/v2\/product_cat?post=12565"},{"taxonomy":"product_tag","embeddable":true,"href":"https:\/\/www.colorflyprinting.com\/de\/wp-json\/wp\/v2\/product_tag?post=12565"}],"curies":[{"name":"wp","href":"https:\/\/api.w.org\/{rel}","templated":true}]}}