{"id":12508,"date":"2025-04-29T07:05:39","date_gmt":"2025-04-29T07:05:39","guid":{"rendered":"https:\/\/www.colorflyprinting.com\/?post_type=product&#038;p=12508"},"modified":"2025-05-12T05:37:08","modified_gmt":"2025-05-12T05:37:08","slug":"cahier-notebook-school-double-line-17x22cm-exercise-book","status":"publish","type":"product","link":"https:\/\/www.colorflyprinting.com\/de\/produkt\/cahier-notizbuch-schule-doppellinig-17x22cm-heft\/","title":{"rendered":"Cahier Notizbuch Schule Doppelliniert 17x22cm Heft"},"content":{"rendered":"<p><b><span class=\"magic-5\"><span data-spm-anchor-id=\"a2700.details-description.0.i0.715bJM2SJM2SBQ\">Heft<\/span><\/span><\/b><\/p>\n<div>*Heftgebundenes individuelles Schulheft<\/div>\n<div>*Softcover Cahier Heft 32 Seiten Doppelliniert<\/div>\n<div><\/div>\n<div><\/div>\n<div>\n<p><strong><span class=\"magic-5\" data-spm-anchor-id=\"a2700.details-description.0.i1.715bJM2SJM2SBQ\">Merkmal von Schulheften<\/span><\/strong><\/p>\n<div><span class=\"magic-9\">*Marke: Colorfly<\/span><\/div>\n<div>*Materialtyp: Kunstdruckpapier<\/div>\n<div><span class=\"magic-9\">*Stil: Schulen, Schreibwarenladen usw.<\/span><\/div>\n<div><span class=\"magic-9\">*Design: Farbiges Cover oder individuelles Design verf\u00fcgbar<\/span><\/div>\n<div><span class=\"magic-10\"><span class=\"magic-9\">*Preis: Abh\u00e4ngig von der Menge<\/span><\/span><\/div>\n<div><span class=\"magic-10\"><span class=\"magic-9\">* Feine Verarbeitung<\/span><\/span><\/div>\n<div><\/div>\n<\/div>\n<div><\/div>\n<div>\n<table class=\"has-title is-zebra all magic-16\">\n<tbody>\n<tr>\n<td colspan=\"1\" rowspan=\"1\">\n<div class=\"magic-17\" data-spm-anchor-id=\"a2700.details-description.0.i2.715bJM2SJM2SBQ\">Gr\u00f6\u00dfe<\/div>\n<\/td>\n<td colspan=\"5\" rowspan=\"1\">\n<div class=\"magic-18\">\n<div data-spm-anchor-id=\"0.0.0.i3.59844f05Z16MVb\">17 x 22 cm oder individuell f\u00fcr Cahier-Buch<\/div>\n<\/div>\n<\/td>\n<\/tr>\n<tr>\n<td colspan=\"1\" rowspan=\"1\">\n<div class=\"magic-17\">Seiten<\/div>\n<\/td>\n<td colspan=\"5\" rowspan=\"1\">\n<div class=\"magic-18\">\n<div data-spm-anchor-id=\"0.0.0.i13.59844f05Z16MVb\">32 Seiten usw. oder individuell<\/div>\n<\/div>\n<\/td>\n<\/tr>\n<tr>\n<td colspan=\"1\" rowspan=\"1\">\n<div class=\"magic-17\">Bindung<\/div>\n<\/td>\n<td colspan=\"5\" rowspan=\"1\">\n<div class=\"magic-18\">Klammerheftung<\/div>\n<\/td>\n<\/tr>\n<tr>\n<td colspan=\"1\" rowspan=\"1\">\n<div class=\"magic-17\">Verpackung<\/div>\n<\/td>\n<td colspan=\"5\" rowspan=\"1\">\n<div class=\"magic-18\">Schrumpfbeutel + Kartons<\/div>\n<\/td>\n<\/tr>\n<tr>\n<td colspan=\"1\" rowspan=\"1\">\n<div class=\"magic-17\">Innenpapier<\/div>\n<\/td>\n<td colspan=\"5\" rowspan=\"1\">\n<div class=\"magic-23\">Doppelzeilendruck<\/div>\n<\/td>\n<\/tr>\n<tr>\n<td colspan=\"1\" rowspan=\"1\">\n<div class=\"magic-17\">Mindestbestellmenge<\/div>\n<\/td>\n<td colspan=\"5\" rowspan=\"1\">\n<div class=\"magic-23\">20 Fu\u00df-Container, verhandelbar<\/div>\n<\/td>\n<\/tr>\n<\/tbody>\n<\/table>\n<\/div>","protected":false},"excerpt":{"rendered":"<p><strong>Kaufen Sie Schulhefte mit Doppellinierung im Format 17 x 22 cm. Gro\u00dfbestellung, OEM-Druck und schnelle Lieferung f\u00fcr Bildungsh\u00e4ndler.<\/strong><\/p>\n<p><strong>Anbieter:<\/strong> Farbfliegendruck<br \/>\n<strong>Bindung:<\/strong>Sattelheftung, Klammerheftung<br \/>\n<strong>Gr\u00f6\u00dfe:<\/strong> 17*22 cm oder individuell<br \/>\n<strong>Typ:<\/strong>Notizblock<br \/>\n<strong>Bezugsmaterial<\/strong>:PP-Kunststoff<br \/>\n<strong>Drucken:<\/strong>4c Offsetdruck<br \/>\n<strong>Bl\u00e4tter:<\/strong> 32 Seiten oder benutzerdefiniert<br \/>\n<strong>Verpackung:<\/strong> Normale Verpackung (Schrumpfbeutel und Karton) oder auf Kundenwunsch<br \/>\n<strong>Logo:<\/strong>Akzeptieren Sie ein individuelles Logo<br \/>\n<strong>Mindestbestellmenge:<\/strong> 10000 St\u00fcck<br \/>\n<strong>OEM:<\/strong> Ja<\/p>\n<h2 class=\"id-mb-6 id-text-[20px] id-font-bold id-text-[#222]\" data-spm-anchor-id=\"a2700.details.0.i78.534f39e2365d9C\">Anpassungsoptionen<\/h2>\n<div class=\"id-flex id-flex-col id-gap-2 id-text-[16px] id-mb-6\">\n<div><span class=\"id-mr-1\">Individuelles Logo<\/span><span class=\"id-text-[#767676]\"> (Mindestbestellmenge: 10.000 St\u00fcck)<\/span><\/div>\n<div><span class=\"id-mr-1\">Kundenspezifische Verpackungen<\/span><span class=\"id-text-[#767676]\"> (Mindestbestellmenge: 10.000 St\u00fcck)<\/span><\/div>\n<div><span class=\"id-mr-1\">Grafische Anpassung<\/span><span class=\"id-text-[#767676]\"> (Mindestbestellmenge: 10.000 St\u00fcck)<\/span><\/div>\n<div><\/div>\n<div><\/div>\n<\/div>\n<h2>Unser Service<\/h2>\n<p>\u00dcber 13 Jahre Direktverkauf durch den Hersteller<br \/>\nOEM-Serviceunterst\u00fctzung<br \/>\nUnterst\u00fctzung f\u00fcr benutzerdefinierte Pakete<\/p>","protected":false},"featured_media":12513,"comment_status":"open","ping_status":"closed","template":"","meta":[],"product_brand":[],"product_cat":[21,542],"product_tag":[547,616],"class_list":{"0":"post-12508","1":"product","2":"type-product","3":"status-publish","4":"has-post-thumbnail","6":"product_cat-exercise-book","7":"product_cat-pp-cover-exercise-book","8":"product_tag-cahier-notebook","9":"product_tag-double-line-17x22cm-exercise-book","11":"first","12":"instock","13":"featured","14":"shipping-taxable","15":"product-type-simple"},"yoast_head":"<!-- This site is optimized with the Yoast SEO Premium plugin v23.9 (Yoast SEO v25.2) - https:\/\/yoast.com\/wordpress\/plugins\/seo\/ -->\n<title>Cahier Notebook School Double Line 17x22cm Exercise Book<\/title>\n<meta name=\"description\" content=\"Shop school cahier notebooks with double lines, 17x22cm size. Bulk supply, OEM printing, and fast delivery for educational distributors.\" \/>\n<meta name=\"robots\" content=\"index, follow, max-snippet:-1, max-image-preview:large, max-video-preview:-1\" \/>\n<link rel=\"canonical\" href=\"https:\/\/www.colorflyprinting.com\/de\/produkt\/cahier-notizbuch-schule-doppellinig-17x22cm-heft\/\" \/>\n<meta property=\"og:locale\" content=\"de_DE\" \/>\n<meta property=\"og:type\" content=\"article\" \/>\n<meta property=\"og:title\" content=\"Cahier Notebook School Double Line 17x22cm Exercise Book\" \/>\n<meta property=\"og:description\" content=\"Shop school cahier notebooks with double lines, 17x22cm size. Bulk supply, OEM printing, and fast delivery for educational distributors.\" \/>\n<meta property=\"og:url\" content=\"https:\/\/www.colorflyprinting.com\/de\/produkt\/cahier-notizbuch-schule-doppellinig-17x22cm-heft\/\" \/>\n<meta property=\"og:site_name\" content=\"colorflyprinting\" \/>\n<meta property=\"article:modified_time\" content=\"2025-05-12T05:37:08+00:00\" \/>\n<meta property=\"og:image\" content=\"https:\/\/www.colorflyprinting.com\/wp-content\/uploads\/2025\/04\/Main-01-28.jpg\" \/>\n\t<meta property=\"og:image:width\" content=\"750\" \/>\n\t<meta property=\"og:image:height\" content=\"750\" \/>\n\t<meta property=\"og:image:type\" content=\"image\/jpeg\" \/>\n<meta name=\"twitter:card\" content=\"summary_large_image\" \/>\n<script type=\"application\/ld+json\" class=\"yoast-schema-graph\">{\"@context\":\"https:\/\/schema.org\",\"@graph\":[{\"@type\":\"WebPage\",\"@id\":\"https:\/\/www.colorflyprinting.com\/product\/cahier-notebook-school-double-line-17x22cm-exercise-book\/\",\"url\":\"https:\/\/www.colorflyprinting.com\/product\/cahier-notebook-school-double-line-17x22cm-exercise-book\/\",\"name\":\"Cahier Notebook School Double Line 17x22cm Exercise Book\",\"isPartOf\":{\"@id\":\"https:\/\/www.colorflyprinting.com\/#website\"},\"primaryImageOfPage\":{\"@id\":\"https:\/\/www.colorflyprinting.com\/product\/cahier-notebook-school-double-line-17x22cm-exercise-book\/#primaryimage\"},\"image\":{\"@id\":\"https:\/\/www.colorflyprinting.com\/product\/cahier-notebook-school-double-line-17x22cm-exercise-book\/#primaryimage\"},\"thumbnailUrl\":\"https:\/\/www.colorflyprinting.com\/wp-content\/uploads\/2025\/04\/Main-01-28.jpg\",\"datePublished\":\"2025-04-29T07:05:39+00:00\",\"dateModified\":\"2025-05-12T05:37:08+00:00\",\"description\":\"Shop school cahier notebooks with double lines, 17x22cm size. Bulk supply, OEM printing, and fast delivery for educational distributors.\",\"breadcrumb\":{\"@id\":\"https:\/\/www.colorflyprinting.com\/product\/cahier-notebook-school-double-line-17x22cm-exercise-book\/#breadcrumb\"},\"inLanguage\":\"de\",\"potentialAction\":[{\"@type\":\"ReadAction\",\"target\":[\"https:\/\/www.colorflyprinting.com\/product\/cahier-notebook-school-double-line-17x22cm-exercise-book\/\"]}]},{\"@type\":\"ImageObject\",\"inLanguage\":\"de\",\"@id\":\"https:\/\/www.colorflyprinting.com\/product\/cahier-notebook-school-double-line-17x22cm-exercise-book\/#primaryimage\",\"url\":\"https:\/\/www.colorflyprinting.com\/wp-content\/uploads\/2025\/04\/Main-01-28.jpg\",\"contentUrl\":\"https:\/\/www.colorflyprinting.com\/wp-content\/uploads\/2025\/04\/Main-01-28.jpg\",\"width\":750,\"height\":750},{\"@type\":\"BreadcrumbList\",\"@id\":\"https:\/\/www.colorflyprinting.com\/product\/cahier-notebook-school-double-line-17x22cm-exercise-book\/#breadcrumb\",\"itemListElement\":[{\"@type\":\"ListItem\",\"position\":1,\"name\":\"Home\",\"item\":\"https:\/\/www.colorflyprinting.com\/\"},{\"@type\":\"ListItem\",\"position\":2,\"name\":\"Product\",\"item\":\"https:\/\/www.colorflyprinting.com\/shop\/\"},{\"@type\":\"ListItem\",\"position\":3,\"name\":\"Cahier Notebook School Double Line 17x22cm Exercise Book\"}]},{\"@type\":\"WebSite\",\"@id\":\"https:\/\/www.colorflyprinting.com\/#website\",\"url\":\"https:\/\/www.colorflyprinting.com\/\",\"name\":\"Hefei Colorfly Stationery Co.,Ltd.\",\"description\":\"\",\"publisher\":{\"@id\":\"https:\/\/www.colorflyprinting.com\/#organization\"},\"potentialAction\":[{\"@type\":\"SearchAction\",\"target\":{\"@type\":\"EntryPoint\",\"urlTemplate\":\"https:\/\/www.colorflyprinting.com\/?s={search_term_string}\"},\"query-input\":{\"@type\":\"PropertyValueSpecification\",\"valueRequired\":true,\"valueName\":\"search_term_string\"}}],\"inLanguage\":\"de\"},{\"@type\":\"Organization\",\"@id\":\"https:\/\/www.colorflyprinting.com\/#organization\",\"name\":\"Hefei Colorfly Stationery Co.,Ltd.\",\"url\":\"https:\/\/www.colorflyprinting.com\/\",\"logo\":{\"@type\":\"ImageObject\",\"inLanguage\":\"de\",\"@id\":\"https:\/\/www.colorflyprinting.com\/#\/schema\/logo\/image\/\",\"url\":\"https:\/\/www.colorflyprinting.com\/wp-content\/uploads\/2025\/04\/d167665f943610681229e2f4307b9df.jpg\",\"contentUrl\":\"https:\/\/www.colorflyprinting.com\/wp-content\/uploads\/2025\/04\/d167665f943610681229e2f4307b9df.jpg\",\"width\":780,\"height\":780,\"caption\":\"Hefei Colorfly Stationery Co.,Ltd.\"},\"image\":{\"@id\":\"https:\/\/www.colorflyprinting.com\/#\/schema\/logo\/image\/\"}}]}<\/script>\n<!-- \/ Yoast SEO Premium plugin. -->","yoast_head_json":{"title":"Cahier Notebook School Double Line 17x22cm Exercise Book","description":"Shop school cahier notebooks with double lines, 17x22cm size. Bulk supply, OEM printing, and fast delivery for educational distributors.","robots":{"index":"index","follow":"follow","max-snippet":"max-snippet:-1","max-image-preview":"max-image-preview:large","max-video-preview":"max-video-preview:-1"},"canonical":"https:\/\/www.colorflyprinting.com\/de\/produkt\/cahier-notizbuch-schule-doppellinig-17x22cm-heft\/","og_locale":"de_DE","og_type":"article","og_title":"Cahier Notebook School Double Line 17x22cm Exercise Book","og_description":"Shop school cahier notebooks with double lines, 17x22cm size. Bulk supply, OEM printing, and fast delivery for educational distributors.","og_url":"https:\/\/www.colorflyprinting.com\/de\/produkt\/cahier-notizbuch-schule-doppellinig-17x22cm-heft\/","og_site_name":"colorflyprinting","article_modified_time":"2025-05-12T05:37:08+00:00","og_image":[{"width":750,"height":750,"url":"https:\/\/www.colorflyprinting.com\/wp-content\/uploads\/2025\/04\/Main-01-28.jpg","type":"image\/jpeg"}],"twitter_card":"summary_large_image","schema":{"@context":"https:\/\/schema.org","@graph":[{"@type":"WebPage","@id":"https:\/\/www.colorflyprinting.com\/product\/cahier-notebook-school-double-line-17x22cm-exercise-book\/","url":"https:\/\/www.colorflyprinting.com\/product\/cahier-notebook-school-double-line-17x22cm-exercise-book\/","name":"Cahier Notebook School Double Line 17x22cm Exercise Book","isPartOf":{"@id":"https:\/\/www.colorflyprinting.com\/#website"},"primaryImageOfPage":{"@id":"https:\/\/www.colorflyprinting.com\/product\/cahier-notebook-school-double-line-17x22cm-exercise-book\/#primaryimage"},"image":{"@id":"https:\/\/www.colorflyprinting.com\/product\/cahier-notebook-school-double-line-17x22cm-exercise-book\/#primaryimage"},"thumbnailUrl":"https:\/\/www.colorflyprinting.com\/wp-content\/uploads\/2025\/04\/Main-01-28.jpg","datePublished":"2025-04-29T07:05:39+00:00","dateModified":"2025-05-12T05:37:08+00:00","description":"Shop school cahier notebooks with double lines, 17x22cm size. Bulk supply, OEM printing, and fast delivery for educational distributors.","breadcrumb":{"@id":"https:\/\/www.colorflyprinting.com\/product\/cahier-notebook-school-double-line-17x22cm-exercise-book\/#breadcrumb"},"inLanguage":"de","potentialAction":[{"@type":"ReadAction","target":["https:\/\/www.colorflyprinting.com\/product\/cahier-notebook-school-double-line-17x22cm-exercise-book\/"]}]},{"@type":"ImageObject","inLanguage":"de","@id":"https:\/\/www.colorflyprinting.com\/product\/cahier-notebook-school-double-line-17x22cm-exercise-book\/#primaryimage","url":"https:\/\/www.colorflyprinting.com\/wp-content\/uploads\/2025\/04\/Main-01-28.jpg","contentUrl":"https:\/\/www.colorflyprinting.com\/wp-content\/uploads\/2025\/04\/Main-01-28.jpg","width":750,"height":750},{"@type":"BreadcrumbList","@id":"https:\/\/www.colorflyprinting.com\/product\/cahier-notebook-school-double-line-17x22cm-exercise-book\/#breadcrumb","itemListElement":[{"@type":"ListItem","position":1,"name":"Home","item":"https:\/\/www.colorflyprinting.com\/"},{"@type":"ListItem","position":2,"name":"Product","item":"https:\/\/www.colorflyprinting.com\/shop\/"},{"@type":"ListItem","position":3,"name":"Cahier Notebook School Double Line 17x22cm Exercise Book"}]},{"@type":"WebSite","@id":"https:\/\/www.colorflyprinting.com\/#website","url":"https:\/\/www.colorflyprinting.com\/","name":"Hefei Colorfly Stationery Co.,Ltd.","description":"","publisher":{"@id":"https:\/\/www.colorflyprinting.com\/#organization"},"potentialAction":[{"@type":"SearchAction","target":{"@type":"EntryPoint","urlTemplate":"https:\/\/www.colorflyprinting.com\/?s={search_term_string}"},"query-input":{"@type":"PropertyValueSpecification","valueRequired":true,"valueName":"search_term_string"}}],"inLanguage":"de"},{"@type":"Organization","@id":"https:\/\/www.colorflyprinting.com\/#organization","name":"Hefei Colorfly Stationery Co.,Ltd.","url":"https:\/\/www.colorflyprinting.com\/","logo":{"@type":"ImageObject","inLanguage":"de","@id":"https:\/\/www.colorflyprinting.com\/#\/schema\/logo\/image\/","url":"https:\/\/www.colorflyprinting.com\/wp-content\/uploads\/2025\/04\/d167665f943610681229e2f4307b9df.jpg","contentUrl":"https:\/\/www.colorflyprinting.com\/wp-content\/uploads\/2025\/04\/d167665f943610681229e2f4307b9df.jpg","width":780,"height":780,"caption":"Hefei Colorfly Stationery Co.,Ltd."},"image":{"@id":"https:\/\/www.colorflyprinting.com\/#\/schema\/logo\/image\/"}}]}},"_links":{"self":[{"href":"https:\/\/www.colorflyprinting.com\/de\/wp-json\/wp\/v2\/product\/12508","targetHints":{"allow":["GET"]}}],"collection":[{"href":"https:\/\/www.colorflyprinting.com\/de\/wp-json\/wp\/v2\/product"}],"about":[{"href":"https:\/\/www.colorflyprinting.com\/de\/wp-json\/wp\/v2\/types\/product"}],"replies":[{"embeddable":true,"href":"https:\/\/www.colorflyprinting.com\/de\/wp-json\/wp\/v2\/comments?post=12508"}],"wp:featuredmedia":[{"embeddable":true,"href":"https:\/\/www.colorflyprinting.com\/de\/wp-json\/wp\/v2\/media\/12513"}],"wp:attachment":[{"href":"https:\/\/www.colorflyprinting.com\/de\/wp-json\/wp\/v2\/media?parent=12508"}],"wp:term":[{"taxonomy":"product_brand","embeddable":true,"href":"https:\/\/www.colorflyprinting.com\/de\/wp-json\/wp\/v2\/product_brand?post=12508"},{"taxonomy":"product_cat","embeddable":true,"href":"https:\/\/www.colorflyprinting.com\/de\/wp-json\/wp\/v2\/product_cat?post=12508"},{"taxonomy":"product_tag","embeddable":true,"href":"https:\/\/www.colorflyprinting.com\/de\/wp-json\/wp\/v2\/product_tag?post=12508"}],"curies":[{"name":"wp","href":"https:\/\/api.w.org\/{rel}","templated":true}]}}