{"id":12453,"date":"2025-04-29T03:00:31","date_gmt":"2025-04-29T03:00:31","guid":{"rendered":"https:\/\/www.colorflyprinting.com\/?post_type=product&#038;p=12453"},"modified":"2025-05-12T05:37:45","modified_gmt":"2025-05-12T05:37:45","slug":"stationary-supplies-petit-format-a5-line-exercise-copybook","status":"publish","type":"product","link":"https:\/\/www.colorflyprinting.com\/de\/produkt\/schreibwaren-kleinformat-a5-lineatur-ubungsheft\/","title":{"rendered":"Schreibwarenbedarf Petit Format A5 Line \u00dcbungsheft"},"content":{"rendered":"<div class=\"detail-decorate-json-renderer-container\">\n<div class=\"magic-1\">\n<div class=\"magic-2\">\n<div class=\"magic-3\">\n<div class=\"magic-4\">\n<p><b><span class=\"magic-5\"><span data-spm-anchor-id=\"a2700.details-description.0.i0.938aV7rgV7rge1\">Schulheft<\/span><\/span><\/b><\/p>\n<div><strong>*Format 17*22 cm<\/strong><\/div>\n<div><strong>*60 g\/m\u00b2 holzfreies Papier Seyes<\/strong><\/div>\n<div><\/div>\n<\/div>\n<\/div>\n<\/div>\n<\/div>\n<\/div>\n<div class=\"ife-detail-decorate-table\">\n<table class=\"has-title is-zebra all magic-6\">\n<tbody>\n<tr>\n<td colspan=\"1\" rowspan=\"1\">\n<div class=\"magic-7\">\u00a0Gr\u00f6\u00dfe<\/div>\n<\/td>\n<td colspan=\"5\" rowspan=\"1\">\n<div class=\"magic-8\">\n<div data-spm-anchor-id=\"0.0.0.i3.59844f05Z16MVb\">17*22CM<\/div>\n<\/div>\n<\/td>\n<\/tr>\n<tr>\n<td colspan=\"1\" rowspan=\"1\">\n<div class=\"magic-7\">\u00a0Seiten<\/div>\n<\/td>\n<td colspan=\"5\" rowspan=\"1\">\n<div class=\"magic-8\">\n<div data-spm-anchor-id=\"0.0.0.i13.59844f05Z16MVb\">24 \/ 32 \/ 50 \/ 100 \/ 200 \/ 300 Seiten<\/div>\n<\/div>\n<\/td>\n<\/tr>\n<tr>\n<td colspan=\"1\" rowspan=\"1\">\n<div class=\"magic-7\">\u00a0Bindung<\/div>\n<\/td>\n<td colspan=\"5\" rowspan=\"1\">\n<div class=\"magic-8\">Hefterbindung \/ Klebebindung \/ Deckenbindung<\/div>\n<\/td>\n<\/tr>\n<tr>\n<td colspan=\"1\" rowspan=\"1\">\n<div class=\"magic-7\">\u00a0Verpackung<\/div>\n<\/td>\n<td colspan=\"5\" rowspan=\"1\">\n<div class=\"magic-8\">Schrumpffolie und Standard-Exportkarton<\/div>\n<\/td>\n<\/tr>\n<tr>\n<td colspan=\"1\" rowspan=\"1\">\n<div class=\"magic-7\">\u00a0Mindestbestellmenge<\/div>\n<\/td>\n<td colspan=\"5\" rowspan=\"1\">\n<div class=\"magic-13\" data-spm-anchor-id=\"a2700.details-description.0.i2.938aV7rgV7rge1\">10000 St\u00fcck pro Artikel<\/div>\n<\/td>\n<\/tr>\n<\/tbody>\n<\/table>\n<p><img loading=\"lazy\" decoding=\"async\" class=\"alignnone size-medium wp-image-12461\" src=\"https:\/\/www.colorflyprinting.com\/wp-content\/uploads\/2025\/04\/Detail-26-400x300.jpg\" alt=\"\" width=\"400\" height=\"300\" srcset=\"https:\/\/www.colorflyprinting.com\/wp-content\/uploads\/2025\/04\/Detail-26-400x300.jpg 400w, https:\/\/www.colorflyprinting.com\/wp-content\/uploads\/2025\/04\/Detail-26-768x575.jpg 768w, https:\/\/www.colorflyprinting.com\/wp-content\/uploads\/2025\/04\/Detail-26-16x12.jpg 16w, https:\/\/www.colorflyprinting.com\/wp-content\/uploads\/2025\/04\/Detail-26-430x322.jpg 430w, https:\/\/www.colorflyprinting.com\/wp-content\/uploads\/2025\/04\/Detail-26-700x524.jpg 700w, https:\/\/www.colorflyprinting.com\/wp-content\/uploads\/2025\/04\/Detail-26-150x112.jpg 150w, https:\/\/www.colorflyprinting.com\/wp-content\/uploads\/2025\/04\/Detail-26.jpg 800w\" sizes=\"auto, (max-width: 400px) 100vw, 400px\" \/> <img loading=\"lazy\" decoding=\"async\" class=\"alignnone size-medium wp-image-12462\" src=\"https:\/\/www.colorflyprinting.com\/wp-content\/uploads\/2025\/04\/Detail-19-300x300.jpg\" alt=\"\" width=\"300\" height=\"300\" srcset=\"https:\/\/www.colorflyprinting.com\/wp-content\/uploads\/2025\/04\/Detail-19-300x300.jpg 300w, https:\/\/www.colorflyprinting.com\/wp-content\/uploads\/2025\/04\/Detail-19-150x150.jpg 150w, https:\/\/www.colorflyprinting.com\/wp-content\/uploads\/2025\/04\/Detail-19-768x768.jpg 768w, https:\/\/www.colorflyprinting.com\/wp-content\/uploads\/2025\/04\/Detail-19-12x12.jpg 12w, https:\/\/www.colorflyprinting.com\/wp-content\/uploads\/2025\/04\/Detail-19-430x430.jpg 430w, https:\/\/www.colorflyprinting.com\/wp-content\/uploads\/2025\/04\/Detail-19-700x700.jpg 700w, https:\/\/www.colorflyprinting.com\/wp-content\/uploads\/2025\/04\/Detail-19.jpg 800w\" sizes=\"auto, (max-width: 300px) 100vw, 300px\" \/><\/p>\n<\/div>","protected":false},"excerpt":{"rendered":"<p><strong>Holen Sie sich hochwertiges Schreibwarenzubeh\u00f6r mit den \u00dcbungsheften der Petit Format A5-Reihe. Ideal f\u00fcr Schule und B\u00fcro. Gro\u00dfbestellungen, OEM\/ODM-Service, Fabrikpreis aus China.<\/strong><\/p>\n<p><strong>Anbieter:<\/strong> Farbfliegendruck<br \/>\n<strong>Bindung:<\/strong>Sattelheftung, Klammerheftung<br \/>\n<strong>Gr\u00f6\u00dfe:<\/strong> 17*22 cm oder individuell<br \/>\n<strong>Bindung:<\/strong>Kabellose Klebebindung<br \/>\n<strong>Bezugsmaterial<\/strong>\uff1aElfenbeinkarton \/ Glanzpapier<br \/>\n<strong>Drucken:<\/strong>4c Offsetdruck<br \/>\n<strong>Bl\u00e4tter:<\/strong> 80 Blatt<br \/>\n<strong>Verpackung:<\/strong> Normale Verpackung (Schrumpfbeutel und Karton) oder auf Kundenwunsch<br \/>\n<strong>Logo:<\/strong>Akzeptieren Sie ein individuelles Logo<br \/>\n<strong>Mindestbestellmenge:<\/strong> 10000 St\u00fcck<br \/>\n<strong>OEM:<\/strong> Ja<\/p>\n<p>&nbsp;<\/p>\n<h2>Unser Service<\/h2>\n<p>\u00dcber 13 Jahre Direktverkauf durch den Hersteller<br \/>\nOEM-Serviceunterst\u00fctzung<br \/>\nUnterst\u00fctzung f\u00fcr benutzerdefinierte Pakete<\/p>","protected":false},"featured_media":12455,"comment_status":"open","ping_status":"closed","template":"","meta":[],"product_brand":[],"product_cat":[21,495],"product_tag":[606,607],"class_list":{"0":"post-12453","1":"product","2":"type-product","3":"status-publish","4":"has-post-thumbnail","6":"product_cat-exercise-book","7":"product_cat-soft-cover-exercise-book","8":"product_tag-a5-line-exercise-copybook","9":"product_tag-stationary-supplies-notebooks","11":"first","12":"instock","13":"featured","14":"shipping-taxable","15":"product-type-simple"},"yoast_head":"<!-- This site is optimized with the Yoast SEO Premium plugin v23.9 (Yoast SEO v25.2) - https:\/\/yoast.com\/wordpress\/plugins\/seo\/ -->\n<title>Petit Format A5 Line Exercise Copybooks Wholesale<\/title>\n<meta name=\"description\" content=\"Get premium stationary supplies with Petit Format A5 line exercise copybooks. Ideal for schools and offices. Bulk orders, OEM\/ODM service, factory price from China.\" \/>\n<meta name=\"robots\" content=\"index, follow, max-snippet:-1, max-image-preview:large, max-video-preview:-1\" \/>\n<link rel=\"canonical\" href=\"https:\/\/www.colorflyprinting.com\/de\/produkt\/schreibwaren-kleinformat-a5-lineatur-ubungsheft\/\" \/>\n<meta property=\"og:locale\" content=\"de_DE\" \/>\n<meta property=\"og:type\" content=\"article\" \/>\n<meta property=\"og:title\" content=\"Stationary Supplies Petit Format A5 Line Exercise Copybook\" \/>\n<meta property=\"og:description\" content=\"Get premium stationary supplies with Petit Format A5 line exercise copybooks. Ideal for schools and offices. Bulk orders, OEM\/ODM service, factory price from China.\" \/>\n<meta property=\"og:url\" content=\"https:\/\/www.colorflyprinting.com\/de\/produkt\/schreibwaren-kleinformat-a5-lineatur-ubungsheft\/\" \/>\n<meta property=\"og:site_name\" content=\"colorflyprinting\" \/>\n<meta property=\"article:modified_time\" content=\"2025-05-12T05:37:45+00:00\" \/>\n<meta property=\"og:image\" content=\"https:\/\/www.colorflyprinting.com\/wp-content\/uploads\/2025\/04\/Main-05-21.jpg\" \/>\n\t<meta property=\"og:image:width\" content=\"800\" \/>\n\t<meta property=\"og:image:height\" content=\"800\" \/>\n\t<meta property=\"og:image:type\" content=\"image\/jpeg\" \/>\n<meta name=\"twitter:card\" content=\"summary_large_image\" \/>\n<script type=\"application\/ld+json\" class=\"yoast-schema-graph\">{\"@context\":\"https:\/\/schema.org\",\"@graph\":[{\"@type\":\"WebPage\",\"@id\":\"https:\/\/www.colorflyprinting.com\/product\/stationary-supplies-petit-format-a5-line-exercise-copybook\/\",\"url\":\"https:\/\/www.colorflyprinting.com\/product\/stationary-supplies-petit-format-a5-line-exercise-copybook\/\",\"name\":\"Petit Format A5 Line Exercise Copybooks Wholesale\",\"isPartOf\":{\"@id\":\"https:\/\/www.colorflyprinting.com\/#website\"},\"primaryImageOfPage\":{\"@id\":\"https:\/\/www.colorflyprinting.com\/product\/stationary-supplies-petit-format-a5-line-exercise-copybook\/#primaryimage\"},\"image\":{\"@id\":\"https:\/\/www.colorflyprinting.com\/product\/stationary-supplies-petit-format-a5-line-exercise-copybook\/#primaryimage\"},\"thumbnailUrl\":\"https:\/\/www.colorflyprinting.com\/wp-content\/uploads\/2025\/04\/Main-05-21.jpg\",\"datePublished\":\"2025-04-29T03:00:31+00:00\",\"dateModified\":\"2025-05-12T05:37:45+00:00\",\"description\":\"Get premium stationary supplies with Petit Format A5 line exercise copybooks. Ideal for schools and offices. Bulk orders, OEM\/ODM service, factory price from China.\",\"breadcrumb\":{\"@id\":\"https:\/\/www.colorflyprinting.com\/product\/stationary-supplies-petit-format-a5-line-exercise-copybook\/#breadcrumb\"},\"inLanguage\":\"de\",\"potentialAction\":[{\"@type\":\"ReadAction\",\"target\":[\"https:\/\/www.colorflyprinting.com\/product\/stationary-supplies-petit-format-a5-line-exercise-copybook\/\"]}]},{\"@type\":\"ImageObject\",\"inLanguage\":\"de\",\"@id\":\"https:\/\/www.colorflyprinting.com\/product\/stationary-supplies-petit-format-a5-line-exercise-copybook\/#primaryimage\",\"url\":\"https:\/\/www.colorflyprinting.com\/wp-content\/uploads\/2025\/04\/Main-05-21.jpg\",\"contentUrl\":\"https:\/\/www.colorflyprinting.com\/wp-content\/uploads\/2025\/04\/Main-05-21.jpg\",\"width\":800,\"height\":800},{\"@type\":\"BreadcrumbList\",\"@id\":\"https:\/\/www.colorflyprinting.com\/product\/stationary-supplies-petit-format-a5-line-exercise-copybook\/#breadcrumb\",\"itemListElement\":[{\"@type\":\"ListItem\",\"position\":1,\"name\":\"Home\",\"item\":\"https:\/\/www.colorflyprinting.com\/\"},{\"@type\":\"ListItem\",\"position\":2,\"name\":\"Product\",\"item\":\"https:\/\/www.colorflyprinting.com\/shop\/\"},{\"@type\":\"ListItem\",\"position\":3,\"name\":\"Stationary Supplies Petit Format A5 Line Exercise Copybook\"}]},{\"@type\":\"WebSite\",\"@id\":\"https:\/\/www.colorflyprinting.com\/#website\",\"url\":\"https:\/\/www.colorflyprinting.com\/\",\"name\":\"Hefei Colorfly Stationery Co.,Ltd.\",\"description\":\"\",\"publisher\":{\"@id\":\"https:\/\/www.colorflyprinting.com\/#organization\"},\"potentialAction\":[{\"@type\":\"SearchAction\",\"target\":{\"@type\":\"EntryPoint\",\"urlTemplate\":\"https:\/\/www.colorflyprinting.com\/?s={search_term_string}\"},\"query-input\":{\"@type\":\"PropertyValueSpecification\",\"valueRequired\":true,\"valueName\":\"search_term_string\"}}],\"inLanguage\":\"de\"},{\"@type\":\"Organization\",\"@id\":\"https:\/\/www.colorflyprinting.com\/#organization\",\"name\":\"Hefei Colorfly Stationery Co.,Ltd.\",\"url\":\"https:\/\/www.colorflyprinting.com\/\",\"logo\":{\"@type\":\"ImageObject\",\"inLanguage\":\"de\",\"@id\":\"https:\/\/www.colorflyprinting.com\/#\/schema\/logo\/image\/\",\"url\":\"https:\/\/www.colorflyprinting.com\/wp-content\/uploads\/2025\/04\/d167665f943610681229e2f4307b9df.jpg\",\"contentUrl\":\"https:\/\/www.colorflyprinting.com\/wp-content\/uploads\/2025\/04\/d167665f943610681229e2f4307b9df.jpg\",\"width\":780,\"height\":780,\"caption\":\"Hefei Colorfly Stationery Co.,Ltd.\"},\"image\":{\"@id\":\"https:\/\/www.colorflyprinting.com\/#\/schema\/logo\/image\/\"}}]}<\/script>\n<!-- \/ Yoast SEO Premium plugin. -->","yoast_head_json":{"title":"Petit Format A5 Line Exercise Copybooks Wholesale","description":"Get premium stationary supplies with Petit Format A5 line exercise copybooks. Ideal for schools and offices. Bulk orders, OEM\/ODM service, factory price from China.","robots":{"index":"index","follow":"follow","max-snippet":"max-snippet:-1","max-image-preview":"max-image-preview:large","max-video-preview":"max-video-preview:-1"},"canonical":"https:\/\/www.colorflyprinting.com\/de\/produkt\/schreibwaren-kleinformat-a5-lineatur-ubungsheft\/","og_locale":"de_DE","og_type":"article","og_title":"Stationary Supplies Petit Format A5 Line Exercise Copybook","og_description":"Get premium stationary supplies with Petit Format A5 line exercise copybooks. Ideal for schools and offices. Bulk orders, OEM\/ODM service, factory price from China.","og_url":"https:\/\/www.colorflyprinting.com\/de\/produkt\/schreibwaren-kleinformat-a5-lineatur-ubungsheft\/","og_site_name":"colorflyprinting","article_modified_time":"2025-05-12T05:37:45+00:00","og_image":[{"width":800,"height":800,"url":"https:\/\/www.colorflyprinting.com\/wp-content\/uploads\/2025\/04\/Main-05-21.jpg","type":"image\/jpeg"}],"twitter_card":"summary_large_image","schema":{"@context":"https:\/\/schema.org","@graph":[{"@type":"WebPage","@id":"https:\/\/www.colorflyprinting.com\/product\/stationary-supplies-petit-format-a5-line-exercise-copybook\/","url":"https:\/\/www.colorflyprinting.com\/product\/stationary-supplies-petit-format-a5-line-exercise-copybook\/","name":"Petit Format A5 Line Exercise Copybooks Wholesale","isPartOf":{"@id":"https:\/\/www.colorflyprinting.com\/#website"},"primaryImageOfPage":{"@id":"https:\/\/www.colorflyprinting.com\/product\/stationary-supplies-petit-format-a5-line-exercise-copybook\/#primaryimage"},"image":{"@id":"https:\/\/www.colorflyprinting.com\/product\/stationary-supplies-petit-format-a5-line-exercise-copybook\/#primaryimage"},"thumbnailUrl":"https:\/\/www.colorflyprinting.com\/wp-content\/uploads\/2025\/04\/Main-05-21.jpg","datePublished":"2025-04-29T03:00:31+00:00","dateModified":"2025-05-12T05:37:45+00:00","description":"Get premium stationary supplies with Petit Format A5 line exercise copybooks. Ideal for schools and offices. Bulk orders, OEM\/ODM service, factory price from China.","breadcrumb":{"@id":"https:\/\/www.colorflyprinting.com\/product\/stationary-supplies-petit-format-a5-line-exercise-copybook\/#breadcrumb"},"inLanguage":"de","potentialAction":[{"@type":"ReadAction","target":["https:\/\/www.colorflyprinting.com\/product\/stationary-supplies-petit-format-a5-line-exercise-copybook\/"]}]},{"@type":"ImageObject","inLanguage":"de","@id":"https:\/\/www.colorflyprinting.com\/product\/stationary-supplies-petit-format-a5-line-exercise-copybook\/#primaryimage","url":"https:\/\/www.colorflyprinting.com\/wp-content\/uploads\/2025\/04\/Main-05-21.jpg","contentUrl":"https:\/\/www.colorflyprinting.com\/wp-content\/uploads\/2025\/04\/Main-05-21.jpg","width":800,"height":800},{"@type":"BreadcrumbList","@id":"https:\/\/www.colorflyprinting.com\/product\/stationary-supplies-petit-format-a5-line-exercise-copybook\/#breadcrumb","itemListElement":[{"@type":"ListItem","position":1,"name":"Home","item":"https:\/\/www.colorflyprinting.com\/"},{"@type":"ListItem","position":2,"name":"Product","item":"https:\/\/www.colorflyprinting.com\/shop\/"},{"@type":"ListItem","position":3,"name":"Stationary Supplies Petit Format A5 Line Exercise Copybook"}]},{"@type":"WebSite","@id":"https:\/\/www.colorflyprinting.com\/#website","url":"https:\/\/www.colorflyprinting.com\/","name":"Hefei Colorfly Stationery Co.,Ltd.","description":"","publisher":{"@id":"https:\/\/www.colorflyprinting.com\/#organization"},"potentialAction":[{"@type":"SearchAction","target":{"@type":"EntryPoint","urlTemplate":"https:\/\/www.colorflyprinting.com\/?s={search_term_string}"},"query-input":{"@type":"PropertyValueSpecification","valueRequired":true,"valueName":"search_term_string"}}],"inLanguage":"de"},{"@type":"Organization","@id":"https:\/\/www.colorflyprinting.com\/#organization","name":"Hefei Colorfly Stationery Co.,Ltd.","url":"https:\/\/www.colorflyprinting.com\/","logo":{"@type":"ImageObject","inLanguage":"de","@id":"https:\/\/www.colorflyprinting.com\/#\/schema\/logo\/image\/","url":"https:\/\/www.colorflyprinting.com\/wp-content\/uploads\/2025\/04\/d167665f943610681229e2f4307b9df.jpg","contentUrl":"https:\/\/www.colorflyprinting.com\/wp-content\/uploads\/2025\/04\/d167665f943610681229e2f4307b9df.jpg","width":780,"height":780,"caption":"Hefei Colorfly Stationery Co.,Ltd."},"image":{"@id":"https:\/\/www.colorflyprinting.com\/#\/schema\/logo\/image\/"}}]}},"_links":{"self":[{"href":"https:\/\/www.colorflyprinting.com\/de\/wp-json\/wp\/v2\/product\/12453","targetHints":{"allow":["GET"]}}],"collection":[{"href":"https:\/\/www.colorflyprinting.com\/de\/wp-json\/wp\/v2\/product"}],"about":[{"href":"https:\/\/www.colorflyprinting.com\/de\/wp-json\/wp\/v2\/types\/product"}],"replies":[{"embeddable":true,"href":"https:\/\/www.colorflyprinting.com\/de\/wp-json\/wp\/v2\/comments?post=12453"}],"wp:featuredmedia":[{"embeddable":true,"href":"https:\/\/www.colorflyprinting.com\/de\/wp-json\/wp\/v2\/media\/12455"}],"wp:attachment":[{"href":"https:\/\/www.colorflyprinting.com\/de\/wp-json\/wp\/v2\/media?parent=12453"}],"wp:term":[{"taxonomy":"product_brand","embeddable":true,"href":"https:\/\/www.colorflyprinting.com\/de\/wp-json\/wp\/v2\/product_brand?post=12453"},{"taxonomy":"product_cat","embeddable":true,"href":"https:\/\/www.colorflyprinting.com\/de\/wp-json\/wp\/v2\/product_cat?post=12453"},{"taxonomy":"product_tag","embeddable":true,"href":"https:\/\/www.colorflyprinting.com\/de\/wp-json\/wp\/v2\/product_tag?post=12453"}],"curies":[{"name":"wp","href":"https:\/\/api.w.org\/{rel}","templated":true}]}}